{"id":5586,"date":"2024-12-12T02:17:16","date_gmt":"2024-12-12T02:17:16","guid":{"rendered":"https:\/\/www.hongtaivalve.com\/?page_id=5586"},"modified":"2025-03-15T07:41:04","modified_gmt":"2025-03-15T07:41:04","slug":"comments-from-our-customers","status":"publish","type":"page","link":"https:\/\/www.hongtaivalve.com\/es\/comments-from-our-customers\/","title":{"rendered":"COMENTARIOS"},"content":{"rendered":"<div data-elementor-type=\"wp-page\" data-elementor-id=\"5586\" class=\"elementor elementor-5586\" data-elementor-post-type=\"page\">\n\t\t\t\t\t\t<section class=\"elementor-section elementor-top-section elementor-element elementor-element-62508c13 elementor-section-content-middle elementor-section-boxed elementor-section-height-default elementor-section-height-default\" data-id=\"62508c13\" data-element_type=\"section\" data-settings=\"{&quot;background_background&quot;:&quot;classic&quot;}\">\n\t\t\t\t\t\t<div class=\"elementor-container elementor-column-gap-no\">\n\t\t\t\t\t<div class=\"elementor-column elementor-col-50 elementor-top-column elementor-element elementor-element-5acb3450\" data-id=\"5acb3450\" data-element_type=\"column\">\n\t\t\t<div class=\"elementor-widget-wrap elementor-element-populated\">\n\t\t\t\t\t\t<div class=\"elementor-element elementor-element-38314228 elementor-widget elementor-widget-heading\" data-id=\"38314228\" data-element_type=\"widget\" data-widget_type=\"heading.default\">\n\t\t\t\t<div class=\"elementor-widget-container\">\n\t\t\t\t\t<h2 class=\"elementor-heading-title elementor-size-default\">Clientes del sudeste asi\u00e1tico<\/h2>\t\t\t\t<\/div>\n\t\t\t\t<\/div>\n\t\t\t\t<div class=\"elementor-element elementor-element-387277e8 elementor-widget elementor-widget-text-editor\" data-id=\"387277e8\" data-element_type=\"widget\" data-widget_type=\"text-editor.default\">\n\t\t\t\t<div class=\"elementor-widget-container\">\n\t\t\t\t\t\t\t\t\t<p>Como cliente del mercado del sudeste asi\u00e1tico, damos gran importancia a la calidad y fiabilidad del producto.  Hongta) ha suministrado constantemente v\u00e1lvulas y accesorios de tuber\u00eda de acero inoxidable de alta calidad que satisfacen nuestras necesidades. Cada entrega es puntual y exacta, y la precisi\u00f3n y durabilidad de los productos rinden de forma excelente en nuestro uso real.<\/p>\t\t\t\t\t\t\t\t<\/div>\n\t\t\t\t<\/div>\n\t\t\t\t\t<\/div>\n\t\t<\/div>\n\t\t\t\t<div class=\"elementor-column elementor-col-50 elementor-top-column elementor-element elementor-element-6a1f300b\" data-id=\"6a1f300b\" data-element_type=\"column\">\n\t\t\t<div class=\"elementor-widget-wrap elementor-element-populated\">\n\t\t\t\t\t\t<div class=\"elementor-element elementor-element-5ffadb3f elementor-widget elementor-widget-image\" data-id=\"5ffadb3f\" data-element_type=\"widget\" data-widget_type=\"image.default\">\n\t\t\t\t<div class=\"elementor-widget-container\">\n\t\t\t\t\t\t\t\t\t\t\t\t\t\t\t<img fetchpriority=\"high\" decoding=\"async\" width=\"940\" height=\"705\" src=\"https:\/\/www.hongtaivalve.com\/wp-content\/uploads\/2024\/12\/502757ddd16187cd527e4734cba2283-1024x768.jpg\" class=\"attachment-large size-large wp-image-5598\" alt=\"\" srcset=\"https:\/\/www.hongtaivalve.com\/wp-content\/uploads\/2024\/12\/502757ddd16187cd527e4734cba2283-1024x768.jpg 1024w, https:\/\/www.hongtaivalve.com\/wp-content\/uploads\/2024\/12\/502757ddd16187cd527e4734cba2283-300x225.jpg 300w, https:\/\/www.hongtaivalve.com\/wp-content\/uploads\/2024\/12\/502757ddd16187cd527e4734cba2283-768x576.jpg 768w, https:\/\/www.hongtaivalve.com\/wp-content\/uploads\/2024\/12\/502757ddd16187cd527e4734cba2283-1536x1152.jpg 1536w\" sizes=\"(max-width: 940px) 100vw, 940px\" \/>\t\t\t\t\t\t\t\t\t\t\t\t\t\t\t<\/div>\n\t\t\t\t<\/div>\n\t\t\t\t\t<\/div>\n\t\t<\/div>\n\t\t\t\t\t<\/div>\n\t\t<\/section>\n\t\t\t\t<section class=\"elementor-section elementor-top-section elementor-element elementor-element-5e56a21 elementor-section-content-middle elementor-reverse-mobile elementor-section-boxed elementor-section-height-default elementor-section-height-default\" data-id=\"5e56a21\" data-element_type=\"section\" data-settings=\"{&quot;background_background&quot;:&quot;classic&quot;}\">\n\t\t\t\t\t\t<div class=\"elementor-container elementor-column-gap-no\">\n\t\t\t\t\t<div class=\"elementor-column elementor-col-50 elementor-top-column elementor-element elementor-element-391e2edb\" data-id=\"391e2edb\" data-element_type=\"column\">\n\t\t\t<div class=\"elementor-widget-wrap elementor-element-populated\">\n\t\t\t\t\t\t<div class=\"elementor-element elementor-element-2a6b106a elementor-widget elementor-widget-image\" data-id=\"2a6b106a\" data-element_type=\"widget\" data-widget_type=\"image.default\">\n\t\t\t\t<div class=\"elementor-widget-container\">\n\t\t\t\t\t\t\t\t\t\t\t\t\t\t\t<img decoding=\"async\" width=\"800\" height=\"600\" src=\"https:\/\/www.hongtaivalve.com\/wp-content\/uploads\/2024\/12\/7141c5b3e5c0bfb7b0b5381c656b4b3.jpg\" class=\"attachment-large size-large wp-image-5595\" alt=\"\" srcset=\"https:\/\/www.hongtaivalve.com\/wp-content\/uploads\/2024\/12\/7141c5b3e5c0bfb7b0b5381c656b4b3.jpg 800w, https:\/\/www.hongtaivalve.com\/wp-content\/uploads\/2024\/12\/7141c5b3e5c0bfb7b0b5381c656b4b3-300x225.jpg 300w, https:\/\/www.hongtaivalve.com\/wp-content\/uploads\/2024\/12\/7141c5b3e5c0bfb7b0b5381c656b4b3-768x576.jpg 768w, https:\/\/www.hongtaivalve.com\/wp-content\/uploads\/2024\/12\/7141c5b3e5c0bfb7b0b5381c656b4b3-16x12.jpg 16w\" sizes=\"(max-width: 800px) 100vw, 800px\" \/>\t\t\t\t\t\t\t\t\t\t\t\t\t\t\t<\/div>\n\t\t\t\t<\/div>\n\t\t\t\t\t<\/div>\n\t\t<\/div>\n\t\t\t\t<div class=\"elementor-column elementor-col-50 elementor-top-column elementor-element elementor-element-57ba08a2\" data-id=\"57ba08a2\" data-element_type=\"column\">\n\t\t\t<div class=\"elementor-widget-wrap elementor-element-populated\">\n\t\t\t\t\t\t<div class=\"elementor-element elementor-element-619188bd elementor-widget elementor-widget-heading\" data-id=\"619188bd\" data-element_type=\"widget\" data-widget_type=\"heading.default\">\n\t\t\t\t<div class=\"elementor-widget-container\">\n\t\t\t\t\t<h2 class=\"elementor-heading-title elementor-size-default\">Clientes de EE.UU.<\/h2>\t\t\t\t<\/div>\n\t\t\t\t<\/div>\n\t\t\t\t<div class=\"elementor-element elementor-element-49011ffa elementor-widget elementor-widget-text-editor\" data-id=\"49011ffa\" data-element_type=\"widget\" data-widget_type=\"text-editor.default\">\n\t\t\t\t<div class=\"elementor-widget-container\">\n\t\t\t\t\t\t\t\t\t<p>Somos un fabricante especializado en equipos de extracci\u00f3n de acero inoxidable, y llevamos varios a\u00f1os trabajando con Hongtai. Han sido un proveedor esencial de componentes de acero inoxidable de alta calidad para nuestras necesidades de producci\u00f3n. Hongtai nos proporciona tubos rectos de acero inoxidable, abrazaderas, juntas y una amplia gama de tanques de extracci\u00f3n personalizados no est\u00e1ndar, todos ellos fundamentales para el rendimiento y la fiabilidad de nuestros equipos.<\/p>\t\t\t\t\t\t\t\t<\/div>\n\t\t\t\t<\/div>\n\t\t\t\t\t<\/div>\n\t\t<\/div>\n\t\t\t\t\t<\/div>\n\t\t<\/section>\n\t\t\t\t<section class=\"elementor-section elementor-top-section elementor-element elementor-element-3f36650b elementor-section-content-middle elementor-section-boxed elementor-section-height-default elementor-section-height-default\" data-id=\"3f36650b\" data-element_type=\"section\" data-settings=\"{&quot;background_background&quot;:&quot;classic&quot;}\">\n\t\t\t\t\t\t<div class=\"elementor-container elementor-column-gap-no\">\n\t\t\t\t\t<div class=\"elementor-column elementor-col-50 elementor-top-column elementor-element elementor-element-208a353\" data-id=\"208a353\" data-element_type=\"column\">\n\t\t\t<div class=\"elementor-widget-wrap elementor-element-populated\">\n\t\t\t\t\t\t<div class=\"elementor-element elementor-element-683c8fd1 elementor-widget elementor-widget-heading\" data-id=\"683c8fd1\" data-element_type=\"widget\" data-widget_type=\"heading.default\">\n\t\t\t\t<div class=\"elementor-widget-container\">\n\t\t\t\t\t<h2 class=\"elementor-heading-title elementor-size-default\">Corea Clientes<\/h2>\t\t\t\t<\/div>\n\t\t\t\t<\/div>\n\t\t\t\t<div class=\"elementor-element elementor-element-5192a680 elementor-widget elementor-widget-text-editor\" data-id=\"5192a680\" data-element_type=\"widget\" data-widget_type=\"text-editor.default\">\n\t\t\t\t<div class=\"elementor-widget-container\">\n\t\t\t\t\t\t\t\t\t<p>Somos un distribuidor con sede en Corea del Sur, y nuestro negocio se basa en componentes de control de fluidos de alta calidad. Llevamos bastante tiempo trabajando con Hongtai, que siempre nos ha proporcionado productos de primera categor\u00eda. Nuestra colaboraci\u00f3n incluye el suministro de v\u00e1lvulas de mariposa sanitarias de acero inoxidable que cumplen las normas industriales coreanas, cruciales para la calidad y seguridad de los sistemas que suministramos a nuestros clientes.<\/p>\t\t\t\t\t\t\t\t<\/div>\n\t\t\t\t<\/div>\n\t\t\t\t\t<\/div>\n\t\t<\/div>\n\t\t\t\t<div class=\"elementor-column elementor-col-50 elementor-top-column elementor-element elementor-element-13d0dab3\" data-id=\"13d0dab3\" data-element_type=\"column\">\n\t\t\t<div class=\"elementor-widget-wrap elementor-element-populated\">\n\t\t\t\t\t\t<div class=\"elementor-element elementor-element-6a0866b4 elementor-widget elementor-widget-image\" data-id=\"6a0866b4\" data-element_type=\"widget\" data-widget_type=\"image.default\">\n\t\t\t\t<div class=\"elementor-widget-container\">\n\t\t\t\t\t\t\t\t\t\t\t\t\t\t\t<img decoding=\"async\" width=\"940\" height=\"705\" src=\"https:\/\/www.hongtaivalve.com\/wp-content\/uploads\/2024\/12\/d2e7508095111b25a83d766136fa1f7-1024x768.jpg\" class=\"attachment-large size-large wp-image-5596\" alt=\"\" srcset=\"https:\/\/www.hongtaivalve.com\/wp-content\/uploads\/2024\/12\/d2e7508095111b25a83d766136fa1f7-1024x768.jpg 1024w, https:\/\/www.hongtaivalve.com\/wp-content\/uploads\/2024\/12\/d2e7508095111b25a83d766136fa1f7-300x225.jpg 300w, https:\/\/www.hongtaivalve.com\/wp-content\/uploads\/2024\/12\/d2e7508095111b25a83d766136fa1f7-768x576.jpg 768w, https:\/\/www.hongtaivalve.com\/wp-content\/uploads\/2024\/12\/d2e7508095111b25a83d766136fa1f7-16x12.jpg 16w, https:\/\/www.hongtaivalve.com\/wp-content\/uploads\/2024\/12\/d2e7508095111b25a83d766136fa1f7-800x600.jpg 800w, https:\/\/www.hongtaivalve.com\/wp-content\/uploads\/2024\/12\/d2e7508095111b25a83d766136fa1f7.jpg 1440w\" sizes=\"(max-width: 940px) 100vw, 940px\" \/>\t\t\t\t\t\t\t\t\t\t\t\t\t\t\t<\/div>\n\t\t\t\t<\/div>\n\t\t\t\t\t<\/div>\n\t\t<\/div>\n\t\t\t\t\t<\/div>\n\t\t<\/section>\n\t\t\t\t<section class=\"elementor-section elementor-top-section elementor-element elementor-element-4be588d6 elementor-section-content-middle elementor-reverse-tablet elementor-reverse-mobile elementor-section-boxed elementor-section-height-default elementor-section-height-default\" data-id=\"4be588d6\" data-element_type=\"section\" data-settings=\"{&quot;background_background&quot;:&quot;classic&quot;}\">\n\t\t\t\t\t\t<div class=\"elementor-container elementor-column-gap-no\">\n\t\t\t\t\t<div class=\"elementor-column elementor-col-100 elementor-top-column elementor-element elementor-element-75f8a321\" data-id=\"75f8a321\" data-element_type=\"column\">\n\t\t\t<div class=\"elementor-widget-wrap elementor-element-populated\">\n\t\t\t\t\t\t<div class=\"elementor-element elementor-element-23bedaed elementor-widget elementor-widget-heading\" data-id=\"23bedaed\" data-element_type=\"widget\" data-widget_type=\"heading.default\">\n\t\t\t\t<div class=\"elementor-widget-container\">\n\t\t\t\t\t<h3 class=\"elementor-heading-title elementor-size-default\">Desbloquee su soluci\u00f3n <\/h3>\t\t\t\t<\/div>\n\t\t\t\t<\/div>\n\t\t\t\t<div class=\"elementor-element elementor-element-5ef46b56 elementor-widget elementor-widget-text-editor\" data-id=\"5ef46b56\" data-element_type=\"widget\" data-widget_type=\"text-editor.default\">\n\t\t\t\t<div class=\"elementor-widget-container\">\n\t\t\t\t\t\t\t\t\t<p>Estamos a su disposici\u00f3n para cualquier consulta, asistencia o informaci\u00f3n que necesite sobre nuestros productos.<\/p>\t\t\t\t\t\t\t\t<\/div>\n\t\t\t\t<\/div>\n\t\t\t\t<div class=\"elementor-element elementor-element-7a02dfc3 elementor-mobile-align-center elementor-align-center elementor-widget elementor-widget-button\" data-id=\"7a02dfc3\" data-element_type=\"widget\" data-widget_type=\"button.default\">\n\t\t\t\t<div class=\"elementor-widget-container\">\n\t\t\t\t\t\t\t\t\t<div class=\"elementor-button-wrapper\">\n\t\t\t\t\t<a class=\"elementor-button elementor-button-link elementor-size-sm\" href=\"#\">\n\t\t\t\t\t\t<span class=\"elementor-button-content-wrapper\">\n\t\t\t\t\t\t\t\t\t<span class=\"elementor-button-text\">P\u00f3ngase en contacto con nosotros<\/span>\n\t\t\t\t\t<\/span>\n\t\t\t\t\t<\/a>\n\t\t\t\t<\/div>\n\t\t\t\t\t\t\t\t<\/div>\n\t\t\t\t<\/div>\n\t\t\t\t\t<\/div>\n\t\t<\/div>\n\t\t\t\t\t<\/div>\n\t\t<\/section>\n\t\t\t\t<\/div>","protected":false},"excerpt":{"rendered":"<p>Southeast Asian customers As a customer in the Southeast Asian market, we place great importance on product quality and reliability.\u00a0 Hongta) has consistently provided high-quality stainless steel valves and pipe fittings that meet our needs. Every delivery is on time &hellip; <a href=\"https:\/\/www.hongtaivalve.com\/es\/comments-from-our-customers\/\">Readmore<\/a><\/p>","protected":false},"author":1,"featured_media":0,"parent":0,"menu_order":0,"comment_status":"closed","ping_status":"closed","template":"","meta":{"footnotes":""},"class_list":["post-5586","page","type-page","status-publish","hentry"],"yoast_head":"<!-- This site is optimized with the Yoast SEO plugin v24.6 - https:\/\/yoast.com\/wordpress\/plugins\/seo\/ -->\n<title>HongTai - Customer Reviews on Our Valves and Pipe Fittings<\/title>\n<meta name=\"description\" content=\"Read customer reviews on HongTai\u2019s valves, pipe fittings, and sanitary solutions. Trusted worldwide for quality and reliability.\" \/>\n<meta name=\"robots\" content=\"index, follow, max-snippet:-1, max-image-preview:large, max-video-preview:-1\" \/>\n<link rel=\"canonical\" href=\"https:\/\/www.hongtaivalve.com\/es\/comments-from-our-customers\/\" \/>\n<meta property=\"og:locale\" content=\"es_ES\" \/>\n<meta property=\"og:type\" content=\"article\" \/>\n<meta property=\"og:title\" content=\"HongTai - Customer Reviews on Our Valves and Pipe Fittings\" \/>\n<meta property=\"og:description\" content=\"Read customer reviews on HongTai\u2019s valves, pipe fittings, and sanitary solutions. Trusted worldwide for quality and reliability.\" \/>\n<meta property=\"og:url\" content=\"https:\/\/www.hongtaivalve.com\/es\/comments-from-our-customers\/\" \/>\n<meta property=\"og:site_name\" content=\"Wenzhou HongTai Fluid Equipment Co.Ltd\" \/>\n<meta property=\"article:modified_time\" content=\"2025-03-15T07:41:04+00:00\" \/>\n<meta property=\"og:image\" content=\"https:\/\/www.hongtaivalve.com\/wp-content\/uploads\/2024\/12\/502757ddd16187cd527e4734cba2283-scaled.jpg\" \/>\n\t<meta property=\"og:image:width\" content=\"2560\" \/>\n\t<meta property=\"og:image:height\" content=\"1920\" \/>\n\t<meta property=\"og:image:type\" content=\"image\/jpeg\" \/>\n<meta name=\"twitter:card\" content=\"summary_large_image\" \/>\n<meta name=\"twitter:label1\" content=\"Tiempo de lectura\" \/>\n\t<meta name=\"twitter:data1\" content=\"2 minutos\" \/>\n<script type=\"application\/ld+json\" class=\"yoast-schema-graph\">{\"@context\":\"https:\/\/schema.org\",\"@graph\":[{\"@type\":\"WebPage\",\"@id\":\"https:\/\/www.hongtaivalve.com\/comments-from-our-customers\/\",\"url\":\"https:\/\/www.hongtaivalve.com\/comments-from-our-customers\/\",\"name\":\"HongTai - Customer Reviews on Our Valves and Pipe Fittings\",\"isPartOf\":{\"@id\":\"https:\/\/www.hongtaivalve.com\/#website\"},\"primaryImageOfPage\":{\"@id\":\"https:\/\/www.hongtaivalve.com\/comments-from-our-customers\/#primaryimage\"},\"image\":{\"@id\":\"https:\/\/www.hongtaivalve.com\/comments-from-our-customers\/#primaryimage\"},\"thumbnailUrl\":\"https:\/\/www.hongtaivalve.com\/wp-content\/uploads\/2024\/12\/502757ddd16187cd527e4734cba2283-1024x768.jpg\",\"datePublished\":\"2024-12-12T02:17:16+00:00\",\"dateModified\":\"2025-03-15T07:41:04+00:00\",\"description\":\"Read customer reviews on HongTai\u2019s valves, pipe fittings, and sanitary solutions. Trusted worldwide for quality and reliability.\",\"breadcrumb\":{\"@id\":\"https:\/\/www.hongtaivalve.com\/comments-from-our-customers\/#breadcrumb\"},\"inLanguage\":\"es\",\"potentialAction\":[{\"@type\":\"ReadAction\",\"target\":[\"https:\/\/www.hongtaivalve.com\/comments-from-our-customers\/\"]}]},{\"@type\":\"ImageObject\",\"inLanguage\":\"es\",\"@id\":\"https:\/\/www.hongtaivalve.com\/comments-from-our-customers\/#primaryimage\",\"url\":\"https:\/\/www.hongtaivalve.com\/wp-content\/uploads\/2024\/12\/502757ddd16187cd527e4734cba2283-1024x768.jpg\",\"contentUrl\":\"https:\/\/www.hongtaivalve.com\/wp-content\/uploads\/2024\/12\/502757ddd16187cd527e4734cba2283-1024x768.jpg\"},{\"@type\":\"BreadcrumbList\",\"@id\":\"https:\/\/www.hongtaivalve.com\/comments-from-our-customers\/#breadcrumb\",\"itemListElement\":[{\"@type\":\"ListItem\",\"position\":1,\"name\":\"\u9996\u9875\",\"item\":\"https:\/\/www.hongtaivalve.com\/\"},{\"@type\":\"ListItem\",\"position\":2,\"name\":\"COMMENTS\"}]},{\"@type\":\"WebSite\",\"@id\":\"https:\/\/www.hongtaivalve.com\/#website\",\"url\":\"https:\/\/www.hongtaivalve.com\/\",\"name\":\"Wenzhou HongTai Fluid Equipment Co.Ltd\",\"description\":\"\",\"potentialAction\":[{\"@type\":\"SearchAction\",\"target\":{\"@type\":\"EntryPoint\",\"urlTemplate\":\"https:\/\/www.hongtaivalve.com\/?s={search_term_string}\"},\"query-input\":{\"@type\":\"PropertyValueSpecification\",\"valueRequired\":true,\"valueName\":\"search_term_string\"}}],\"inLanguage\":\"es\"}]}<\/script>\n<!-- \/ Yoast SEO plugin. -->","yoast_head_json":{"title":"HongTai - Customer Reviews on Our Valves and Pipe Fittings","description":"Read customer reviews on HongTai\u2019s valves, pipe fittings, and sanitary solutions. Trusted worldwide for quality and reliability.","robots":{"index":"index","follow":"follow","max-snippet":"max-snippet:-1","max-image-preview":"max-image-preview:large","max-video-preview":"max-video-preview:-1"},"canonical":"https:\/\/www.hongtaivalve.com\/es\/comments-from-our-customers\/","og_locale":"es_ES","og_type":"article","og_title":"HongTai - Customer Reviews on Our Valves and Pipe Fittings","og_description":"Read customer reviews on HongTai\u2019s valves, pipe fittings, and sanitary solutions. Trusted worldwide for quality and reliability.","og_url":"https:\/\/www.hongtaivalve.com\/es\/comments-from-our-customers\/","og_site_name":"Wenzhou HongTai Fluid Equipment Co.Ltd","article_modified_time":"2025-03-15T07:41:04+00:00","og_image":[{"width":2560,"height":1920,"url":"https:\/\/www.hongtaivalve.com\/wp-content\/uploads\/2024\/12\/502757ddd16187cd527e4734cba2283-scaled.jpg","type":"image\/jpeg"}],"twitter_card":"summary_large_image","twitter_misc":{"Tiempo de lectura":"2 minutos"},"schema":{"@context":"https:\/\/schema.org","@graph":[{"@type":"WebPage","@id":"https:\/\/www.hongtaivalve.com\/comments-from-our-customers\/","url":"https:\/\/www.hongtaivalve.com\/comments-from-our-customers\/","name":"HongTai - Customer Reviews on Our Valves and Pipe Fittings","isPartOf":{"@id":"https:\/\/www.hongtaivalve.com\/#website"},"primaryImageOfPage":{"@id":"https:\/\/www.hongtaivalve.com\/comments-from-our-customers\/#primaryimage"},"image":{"@id":"https:\/\/www.hongtaivalve.com\/comments-from-our-customers\/#primaryimage"},"thumbnailUrl":"https:\/\/www.hongtaivalve.com\/wp-content\/uploads\/2024\/12\/502757ddd16187cd527e4734cba2283-1024x768.jpg","datePublished":"2024-12-12T02:17:16+00:00","dateModified":"2025-03-15T07:41:04+00:00","description":"Read customer reviews on HongTai\u2019s valves, pipe fittings, and sanitary solutions. Trusted worldwide for quality and reliability.","breadcrumb":{"@id":"https:\/\/www.hongtaivalve.com\/comments-from-our-customers\/#breadcrumb"},"inLanguage":"es","potentialAction":[{"@type":"ReadAction","target":["https:\/\/www.hongtaivalve.com\/comments-from-our-customers\/"]}]},{"@type":"ImageObject","inLanguage":"es","@id":"https:\/\/www.hongtaivalve.com\/comments-from-our-customers\/#primaryimage","url":"https:\/\/www.hongtaivalve.com\/wp-content\/uploads\/2024\/12\/502757ddd16187cd527e4734cba2283-1024x768.jpg","contentUrl":"https:\/\/www.hongtaivalve.com\/wp-content\/uploads\/2024\/12\/502757ddd16187cd527e4734cba2283-1024x768.jpg"},{"@type":"BreadcrumbList","@id":"https:\/\/www.hongtaivalve.com\/comments-from-our-customers\/#breadcrumb","itemListElement":[{"@type":"ListItem","position":1,"name":"\u9996\u9875","item":"https:\/\/www.hongtaivalve.com\/"},{"@type":"ListItem","position":2,"name":"COMMENTS"}]},{"@type":"WebSite","@id":"https:\/\/www.hongtaivalve.com\/#website","url":"https:\/\/www.hongtaivalve.com\/","name":"Wenzhou HongTai Fluid Equipment Co.Ltd","description":"","potentialAction":[{"@type":"SearchAction","target":{"@type":"EntryPoint","urlTemplate":"https:\/\/www.hongtaivalve.com\/?s={search_term_string}"},"query-input":{"@type":"PropertyValueSpecification","valueRequired":true,"valueName":"search_term_string"}}],"inLanguage":"es"}]}},"_links":{"self":[{"href":"https:\/\/www.hongtaivalve.com\/es\/wp-json\/wp\/v2\/pages\/5586","targetHints":{"allow":["GET"]}}],"collection":[{"href":"https:\/\/www.hongtaivalve.com\/es\/wp-json\/wp\/v2\/pages"}],"about":[{"href":"https:\/\/www.hongtaivalve.com\/es\/wp-json\/wp\/v2\/types\/page"}],"author":[{"embeddable":true,"href":"https:\/\/www.hongtaivalve.com\/es\/wp-json\/wp\/v2\/users\/1"}],"replies":[{"embeddable":true,"href":"https:\/\/www.hongtaivalve.com\/es\/wp-json\/wp\/v2\/comments?post=5586"}],"version-history":[{"count":26,"href":"https:\/\/www.hongtaivalve.com\/es\/wp-json\/wp\/v2\/pages\/5586\/revisions"}],"predecessor-version":[{"id":6458,"href":"https:\/\/www.hongtaivalve.com\/es\/wp-json\/wp\/v2\/pages\/5586\/revisions\/6458"}],"wp:attachment":[{"href":"https:\/\/www.hongtaivalve.com\/es\/wp-json\/wp\/v2\/media?parent=5586"}],"curies":[{"name":"wp","href":"https:\/\/api.w.org\/{rel}","templated":true}]}}