{"id":4687,"date":"2024-03-21T08:41:05","date_gmt":"2024-03-21T08:41:05","guid":{"rendered":"http:\/\/www.hongtaivalve.com\/?post_type=product&#038;p=4687"},"modified":"2024-12-26T07:24:47","modified_gmt":"2024-12-26T07:24:47","slug":"pneumatic-ball-valve","status":"publish","type":"product","link":"https:\/\/www.hongtaivalve.com\/es\/producto\/pneumatic-ball-valve\/","title":{"rendered":"V\u00e1lvula de bola neum\u00e1tica Hongtaivalve-tama\u00f1o dn15-dn150-HTV-BV017"},"content":{"rendered":"<p>&nbsp;<\/p>\n<h2><span style=\"color: #ff0000;\">Instrucciones de embalaje del producto\uff1a<\/span><\/h2>\n<p>Cada producto se embala primero individualmente en una bolsa de espuma y luego se coloca cuidadosamente en una caja de cart\u00f3n designada. Por \u00faltimo, se paletiza o se embala en una caja de madera de exportaci\u00f3n. Todo el proceso de embalaje se ejecuta rigurosamente para evitar cualquier da\u00f1o durante el transporte.<\/p>\n<p><a href=\"http:\/\/www.hongtaivalve.com\/wp-content\/uploads\/2024\/03\/20240321164040.png\"><img fetchpriority=\"high\" decoding=\"async\" class=\"alignnone size-full wp-image-4689\" src=\"http:\/\/www.hongtaivalve.com\/wp-content\/uploads\/2024\/03\/20240321164040.png\" alt=\"\" width=\"986\" height=\"727\" srcset=\"https:\/\/www.hongtaivalve.com\/wp-content\/uploads\/2024\/03\/20240321164040.png 986w, https:\/\/www.hongtaivalve.com\/wp-content\/uploads\/2024\/03\/20240321164040-800x590.png 800w, https:\/\/www.hongtaivalve.com\/wp-content\/uploads\/2024\/03\/20240321164040-300x221.png 300w, https:\/\/www.hongtaivalve.com\/wp-content\/uploads\/2024\/03\/20240321164040-768x566.png 768w\" sizes=\"(max-width: 986px) 100vw, 986px\" \/><\/a><\/p>\n<p><strong>Qui\u00e9nes somos<\/strong><\/p>\n<p>En HongTai, nos especializamos en v\u00e1lvulas sanitarias de alta calidad y accesorios de tuber\u00eda de acero inoxidable, sirviendo a industrias clave como la farmac\u00e9utica, procesamiento de alimentos y productos qu\u00edmicos. Fabricados con acero inoxidable 304, 316 y 316L de primera calidad, nuestros productos ofrecen una excelente resistencia a la corrosi\u00f3n y se elaboran utilizando t\u00e9cnicas de fabricaci\u00f3n avanzadas como corte por l\u00e1ser y soldadura de precisi\u00f3n. Dise\u00f1adas para la higiene y la integridad de los fluidos, las v\u00e1lvulas de HongTai son la opci\u00f3n ideal para las industrias que requieren una limpieza \u00f3ptima y un rendimiento duradero.<\/p>\n<p><a href=\"https:\/\/www.hongtaivalve.com\/wp-content\/uploads\/2024\/12\/2efad8255a88820383829ce2a75fcb9-1.jpg\"><img decoding=\"async\" class=\"wp-image-5949 aligncenter\" src=\"https:\/\/www.hongtaivalve.com\/wp-content\/uploads\/2024\/12\/2efad8255a88820383829ce2a75fcb9-1.jpg\" alt=\"\" width=\"511\" height=\"331\" srcset=\"https:\/\/www.hongtaivalve.com\/wp-content\/uploads\/2024\/12\/2efad8255a88820383829ce2a75fcb9-1.jpg 985w, https:\/\/www.hongtaivalve.com\/wp-content\/uploads\/2024\/12\/2efad8255a88820383829ce2a75fcb9-1-300x194.jpg 300w, https:\/\/www.hongtaivalve.com\/wp-content\/uploads\/2024\/12\/2efad8255a88820383829ce2a75fcb9-1-768x497.jpg 768w, https:\/\/www.hongtaivalve.com\/wp-content\/uploads\/2024\/12\/2efad8255a88820383829ce2a75fcb9-1-18x12.jpg 18w, https:\/\/www.hongtaivalve.com\/wp-content\/uploads\/2024\/12\/2efad8255a88820383829ce2a75fcb9-1-800x518.jpg 800w\" sizes=\"(max-width: 511px) 100vw, 511px\" \/><\/a><\/p>\n<p><strong>Por qu\u00e9 elegirnos<\/strong><\/p>\n<p><strong>Garant\u00eda de calidad:<\/strong>\u00a0Mantenemos un estricto control de todas las fases de producci\u00f3n, desde las materias primas hasta los productos acabados, garantizando el cumplimiento de la norma ISO9001 y las certificaciones internacionales, incluidas las normas 3A, DIN e ISO.<\/p>\n<p><strong>Experiencia en el sector:<\/strong>\u00a0D\u00e9cadas de experiencia en soluciones para industrias cr\u00edticas como la alimentaria, la de bebidas y la farmac\u00e9utica.<\/p>\n<p><strong>Tecnolog\u00eda avanzada:<\/strong>\u00a0Nuestras instalaciones de \u00faltima generaci\u00f3n, que incluyen tornos CNC y herramientas de precisi\u00f3n actualizados peri\u00f3dicamente, garantizan una gran precisi\u00f3n superficial y tolerancias ajustadas para cada producto.<\/p>\n<p><strong>100% Inspecci\u00f3n:<\/strong>\u00a0Todos los productos se someten a rigurosas pruebas, incluida la detecci\u00f3n de fugas en v\u00e1lvulas y tama\u00f1os, para garantizar una calidad impecable antes de salir de nuestras instalaciones.<\/p>\n<p><strong>Alcance mundial:<\/strong>\u00a0Empresas de todo el mundo conf\u00edan en nuestra calidad constante y nuestras entregas puntuales.<\/p>\n<p>Elija HongTai por su inigualable fiabilidad, rendimiento e innovaci\u00f3n en soluciones de valvuler\u00eda y accesorios de tuber\u00edas.<\/p>\n<p>&nbsp;<\/p>\n<p><strong>P\u00f3ngase en contacto con nosotros<\/strong><br \/>\nPara m\u00e1s informaci\u00f3n o para hablar de sus necesidades, p\u00f3ngase en contacto con nosotros:<br \/>\nCorreo electr\u00f3nico: ht@htcdf.com<br \/>\nwhatsapp: (86)18875809195<br \/>\nTambi\u00e9n puede visitar nuestra\u00a0<a href=\"https:\/\/www.hongtaivalve.com\/es\/contact-us\/\">Contacte con nosotros<\/a>\u00a0para m\u00e1s formas de ponerse en contacto.<\/p>\n<p>&nbsp;<\/p>","protected":false},"excerpt":{"rendered":"<p>Asiento de la v\u00e1lvula: PTFE encapsulado.<\/p>\n<p>V\u00e1lvula de bola sanitaria de 3 piezas con extremos tri-clamp \/ tri-clamp y asiento de PTFE encapsulado, que se utiliza ampliamente en el procesamiento de alimentos y bebidas, elaboraci\u00f3n de cerveza, refiner\u00eda de petr\u00f3leo, cosm\u00e9tica, farmac\u00e9utica e industrias qu\u00edmicas para controlar el flujo medio. El dise\u00f1o del asiento de PTFE encapsulado sin residuos la convierte en una elecci\u00f3n \u00f3ptima para las necesidades sanitarias.<br \/>\nLos cuerpos y las tapas de las v\u00e1lvulas se funden delicadamente con materiales CF8, CF3M o 2205; o se forjan con F316L. En caso de condiciones de trabajo espec\u00edficas, tambi\u00e9n se aplicar\u00e1n materiales especiales, como HC\/Ti.<br \/>\nEl actuador neum\u00e1tico horizontal es un actuador que gira el recorrido angular del eje de salida. Puede montarse en diversas v\u00e1lvulas de apertura y cierre rotativos, como v\u00e1lvulas de mariposa y v\u00e1lvulas de bola. Los actuadores horizontales pueden configurarse con diversas opciones funcionales:<br \/>\n1) Actuador b\u00e1sico<br \/>\n2) Actuador + unidad de control inteligente<br \/>\n3) Actuador + retroalimentaci\u00f3n de posici\u00f3n<br \/>\n4) Actuador + Localizador inteligente<br \/>\n5) Actuador + sensor de posici\u00f3n<br \/>\nEspecificaciones t\u00e9cnicas<br \/>\nEspecificaci\u00f3n del tama\u00f1o del orificio: 20 mm - 400 mm<br \/>\nPar (N.M): 5.NM a 2000 N.M<br \/>\n\u00c1ngulo de rotaci\u00f3n: 90\u00b0 (est\u00e1ndar) 180\u00b0 (selecci\u00f3n) 120\u00b0 (selecci\u00f3n)<br \/>\nEstructura del pist\u00f3n: cremallera (est\u00e1ndar) horquilla (selecci\u00f3n)<br \/>\nAjuste de la carrera: El pist\u00f3n tiene un rango ajustable de \u00b14\u00b0 en ambos extremos<br \/>\nPresi\u00f3n de la fuente de aire: m\u00e1ximo -8bar, m\u00ednimo -2Bar<br \/>\nTemperatura est\u00e1ndar: -20 \u00b0C ~ +80 \u00b0C<br \/>\nTipo de baja temperatura: -40 \u00b0 C ~ +80 \u00b0 C<br \/>\nTipo de alta temperatura: -15 \u00b0 C ~ +150 \u00b0 C<br \/>\nMaterial: aleaci\u00f3n de aluminio, acero inoxidable<br \/>\nColor: natural, blanco, azul, rojo, tambi\u00e9n se puede configurar seg\u00fan los requisitos del cliente<br \/>\nNorma de instalaci\u00f3n: ISO 5211, apto para instalaci\u00f3n interior o exterior.<\/p>","protected":false},"featured_media":4688,"comment_status":"open","ping_status":"closed","template":"","meta":[],"product_brand":[],"product_cat":[103],"product_tag":[],"class_list":{"0":"post-4687","1":"product","2":"type-product","3":"status-publish","4":"has-post-thumbnail","6":"product_cat-ball-valve","8":"first","9":"instock","10":"shipping-taxable","11":"product-type-simple"},"yoast_head":"<!-- This site is optimized with the Yoast SEO plugin v24.6 - https:\/\/yoast.com\/wordpress\/plugins\/seo\/ -->\n<title>Hongtaivalve-pneumatic ball valve-size dn15-dn150-HTV-BV017 - Wenzhou HongTai Fluid Equipment Co.Ltd<\/title>\n<meta name=\"robots\" content=\"index, follow, max-snippet:-1, max-image-preview:large, max-video-preview:-1\" \/>\n<link rel=\"canonical\" href=\"https:\/\/www.hongtaivalve.com\/es\/producto\/pneumatic-ball-valve\/\" \/>\n<meta property=\"og:locale\" content=\"es_ES\" \/>\n<meta property=\"og:type\" content=\"article\" \/>\n<meta property=\"og:title\" content=\"Hongtaivalve-pneumatic ball valve-size dn15-dn150-HTV-BV017 - Wenzhou HongTai Fluid Equipment Co.Ltd\" \/>\n<meta property=\"og:description\" content=\"Valve seat: Encapsulated PTFE.  sanitary 3-pc ball valve with tri-clamp \/ tri-clamp ends and Encapsulated PTFE seat, which is extensively used in food &amp; beverage processing, brewing, oil refinery, cosmetic, pharmaceutical, and chemical industries to control medium flow. The Encapsulated PTFE seat design with no residue makes it an optimum choice for sanitary needs. Valve bodies and caps are delicately cast by CF8,CF3M or 2205 materials; or forged by F316L.In case of specific working conditions,special materials,such as HC\/Ti,will also be applied. The horizontal pneumatic actuator is an actuator that rotates the angular travel of the output shaft. It can be mounted to various rotary opening and closing valves such as butterfly valves and ball valves. Horizontal actuators can be configured with a variety of functional options: 1) Basic actuator 2) Actuator + intelligent control unit 3) Actuator + position feedback 4) Actuator + Smart Locator 5) Actuator + position sensor Technical specifications Bore size specification: 20mm - 400mm Torque (N.M): 5.NM to 2000 N.M Rotation angle: 90\u00b0 (standard) 180\u00b0 (selection) 120\u00b0 (selection) Piston structure: rack (standard) fork (selection) Stroke adjustment: The piston has an adjustable range of \u00b14\u00b0 at both ends Air source pressure: maximum -8bar, minimum -2Bar Standard temperature: -20 \u00b0 C ~ +80 \u00b0 C Low temperature type: -40 \u00b0 C ~ +80 \u00b0 C High temperature type: -15 \u00b0 C ~ +150 \u00b0 C Material: aluminum alloy, stainless steel Color: natural, white, blue, red, can also be configured according to customer requirements Installation standard: ISO 5211, suitable for indoor or outdoor installation\" \/>\n<meta property=\"og:url\" content=\"https:\/\/www.hongtaivalve.com\/es\/producto\/pneumatic-ball-valve\/\" \/>\n<meta property=\"og:site_name\" content=\"Wenzhou HongTai Fluid Equipment Co.Ltd\" \/>\n<meta property=\"article:modified_time\" content=\"2024-12-26T07:24:47+00:00\" \/>\n<meta property=\"og:image\" content=\"https:\/\/www.hongtaivalve.com\/wp-content\/uploads\/2024\/03\/IMG_9139.jpg\" \/>\n\t<meta property=\"og:image:width\" content=\"1200\" \/>\n\t<meta property=\"og:image:height\" content=\"800\" \/>\n\t<meta property=\"og:image:type\" content=\"image\/jpeg\" \/>\n<meta name=\"twitter:card\" content=\"summary_large_image\" \/>\n<meta name=\"twitter:label1\" content=\"Tiempo de lectura\" \/>\n\t<meta name=\"twitter:data1\" content=\"3 minutos\" \/>\n<script type=\"application\/ld+json\" class=\"yoast-schema-graph\">{\"@context\":\"https:\/\/schema.org\",\"@graph\":[{\"@type\":\"WebPage\",\"@id\":\"https:\/\/www.hongtaivalve.com\/product\/pneumatic-ball-valve\/\",\"url\":\"https:\/\/www.hongtaivalve.com\/product\/pneumatic-ball-valve\/\",\"name\":\"Hongtaivalve-pneumatic ball valve-size dn15-dn150-HTV-BV017 - Wenzhou HongTai Fluid Equipment Co.Ltd\",\"isPartOf\":{\"@id\":\"https:\/\/www.hongtaivalve.com\/#website\"},\"primaryImageOfPage\":{\"@id\":\"https:\/\/www.hongtaivalve.com\/product\/pneumatic-ball-valve\/#primaryimage\"},\"image\":{\"@id\":\"https:\/\/www.hongtaivalve.com\/product\/pneumatic-ball-valve\/#primaryimage\"},\"thumbnailUrl\":\"https:\/\/www.hongtaivalve.com\/wp-content\/uploads\/2024\/03\/IMG_9139.jpg\",\"datePublished\":\"2024-03-21T08:41:05+00:00\",\"dateModified\":\"2024-12-26T07:24:47+00:00\",\"breadcrumb\":{\"@id\":\"https:\/\/www.hongtaivalve.com\/product\/pneumatic-ball-valve\/#breadcrumb\"},\"inLanguage\":\"es\",\"potentialAction\":[{\"@type\":\"ReadAction\",\"target\":[\"https:\/\/www.hongtaivalve.com\/product\/pneumatic-ball-valve\/\"]}]},{\"@type\":\"ImageObject\",\"inLanguage\":\"es\",\"@id\":\"https:\/\/www.hongtaivalve.com\/product\/pneumatic-ball-valve\/#primaryimage\",\"url\":\"https:\/\/www.hongtaivalve.com\/wp-content\/uploads\/2024\/03\/IMG_9139.jpg\",\"contentUrl\":\"https:\/\/www.hongtaivalve.com\/wp-content\/uploads\/2024\/03\/IMG_9139.jpg\",\"width\":1200,\"height\":800},{\"@type\":\"BreadcrumbList\",\"@id\":\"https:\/\/www.hongtaivalve.com\/product\/pneumatic-ball-valve\/#breadcrumb\",\"itemListElement\":[{\"@type\":\"ListItem\",\"position\":1,\"name\":\"\u9996\u9875\",\"item\":\"https:\/\/www.hongtaivalve.com\/\"},{\"@type\":\"ListItem\",\"position\":2,\"name\":\"Product\",\"item\":\"https:\/\/www.hongtaivalve.com\/product\/\"},{\"@type\":\"ListItem\",\"position\":3,\"name\":\"Hongtaivalve-pneumatic ball valve-size dn15-dn150-HTV-BV017\"}]},{\"@type\":\"WebSite\",\"@id\":\"https:\/\/www.hongtaivalve.com\/#website\",\"url\":\"https:\/\/www.hongtaivalve.com\/\",\"name\":\"Wenzhou HongTai Fluid Equipment Co.Ltd\",\"description\":\"\",\"potentialAction\":[{\"@type\":\"SearchAction\",\"target\":{\"@type\":\"EntryPoint\",\"urlTemplate\":\"https:\/\/www.hongtaivalve.com\/?s={search_term_string}\"},\"query-input\":{\"@type\":\"PropertyValueSpecification\",\"valueRequired\":true,\"valueName\":\"search_term_string\"}}],\"inLanguage\":\"es\"}]}<\/script>\n<!-- \/ Yoast SEO plugin. -->","yoast_head_json":{"title":"Hongtaivalve-pneumatic ball valve-size dn15-dn150-HTV-BV017 - Wenzhou HongTai Fluid Equipment Co.Ltd","robots":{"index":"index","follow":"follow","max-snippet":"max-snippet:-1","max-image-preview":"max-image-preview:large","max-video-preview":"max-video-preview:-1"},"canonical":"https:\/\/www.hongtaivalve.com\/es\/producto\/pneumatic-ball-valve\/","og_locale":"es_ES","og_type":"article","og_title":"Hongtaivalve-pneumatic ball valve-size dn15-dn150-HTV-BV017 - Wenzhou HongTai Fluid Equipment Co.Ltd","og_description":"Valve seat: Encapsulated PTFE.  sanitary 3-pc ball valve with tri-clamp \/ tri-clamp ends and Encapsulated PTFE seat, which is extensively used in food &amp; beverage processing, brewing, oil refinery, cosmetic, pharmaceutical, and chemical industries to control medium flow. The Encapsulated PTFE seat design with no residue makes it an optimum choice for sanitary needs. Valve bodies and caps are delicately cast by CF8,CF3M or 2205 materials; or forged by F316L.In case of specific working conditions,special materials,such as HC\/Ti,will also be applied. The horizontal pneumatic actuator is an actuator that rotates the angular travel of the output shaft. It can be mounted to various rotary opening and closing valves such as butterfly valves and ball valves. Horizontal actuators can be configured with a variety of functional options: 1) Basic actuator 2) Actuator + intelligent control unit 3) Actuator + position feedback 4) Actuator + Smart Locator 5) Actuator + position sensor Technical specifications Bore size specification: 20mm - 400mm Torque (N.M): 5.NM to 2000 N.M Rotation angle: 90\u00b0 (standard) 180\u00b0 (selection) 120\u00b0 (selection) Piston structure: rack (standard) fork (selection) Stroke adjustment: The piston has an adjustable range of \u00b14\u00b0 at both ends Air source pressure: maximum -8bar, minimum -2Bar Standard temperature: -20 \u00b0 C ~ +80 \u00b0 C Low temperature type: -40 \u00b0 C ~ +80 \u00b0 C High temperature type: -15 \u00b0 C ~ +150 \u00b0 C Material: aluminum alloy, stainless steel Color: natural, white, blue, red, can also be configured according to customer requirements Installation standard: ISO 5211, suitable for indoor or outdoor installation","og_url":"https:\/\/www.hongtaivalve.com\/es\/producto\/pneumatic-ball-valve\/","og_site_name":"Wenzhou HongTai Fluid Equipment Co.Ltd","article_modified_time":"2024-12-26T07:24:47+00:00","og_image":[{"width":1200,"height":800,"url":"https:\/\/www.hongtaivalve.com\/wp-content\/uploads\/2024\/03\/IMG_9139.jpg","type":"image\/jpeg"}],"twitter_card":"summary_large_image","twitter_misc":{"Tiempo de lectura":"3 minutos"},"schema":{"@context":"https:\/\/schema.org","@graph":[{"@type":"WebPage","@id":"https:\/\/www.hongtaivalve.com\/product\/pneumatic-ball-valve\/","url":"https:\/\/www.hongtaivalve.com\/product\/pneumatic-ball-valve\/","name":"Hongtaivalve-pneumatic ball valve-size dn15-dn150-HTV-BV017 - Wenzhou HongTai Fluid Equipment Co.Ltd","isPartOf":{"@id":"https:\/\/www.hongtaivalve.com\/#website"},"primaryImageOfPage":{"@id":"https:\/\/www.hongtaivalve.com\/product\/pneumatic-ball-valve\/#primaryimage"},"image":{"@id":"https:\/\/www.hongtaivalve.com\/product\/pneumatic-ball-valve\/#primaryimage"},"thumbnailUrl":"https:\/\/www.hongtaivalve.com\/wp-content\/uploads\/2024\/03\/IMG_9139.jpg","datePublished":"2024-03-21T08:41:05+00:00","dateModified":"2024-12-26T07:24:47+00:00","breadcrumb":{"@id":"https:\/\/www.hongtaivalve.com\/product\/pneumatic-ball-valve\/#breadcrumb"},"inLanguage":"es","potentialAction":[{"@type":"ReadAction","target":["https:\/\/www.hongtaivalve.com\/product\/pneumatic-ball-valve\/"]}]},{"@type":"ImageObject","inLanguage":"es","@id":"https:\/\/www.hongtaivalve.com\/product\/pneumatic-ball-valve\/#primaryimage","url":"https:\/\/www.hongtaivalve.com\/wp-content\/uploads\/2024\/03\/IMG_9139.jpg","contentUrl":"https:\/\/www.hongtaivalve.com\/wp-content\/uploads\/2024\/03\/IMG_9139.jpg","width":1200,"height":800},{"@type":"BreadcrumbList","@id":"https:\/\/www.hongtaivalve.com\/product\/pneumatic-ball-valve\/#breadcrumb","itemListElement":[{"@type":"ListItem","position":1,"name":"\u9996\u9875","item":"https:\/\/www.hongtaivalve.com\/"},{"@type":"ListItem","position":2,"name":"Product","item":"https:\/\/www.hongtaivalve.com\/product\/"},{"@type":"ListItem","position":3,"name":"Hongtaivalve-pneumatic ball valve-size dn15-dn150-HTV-BV017"}]},{"@type":"WebSite","@id":"https:\/\/www.hongtaivalve.com\/#website","url":"https:\/\/www.hongtaivalve.com\/","name":"Wenzhou HongTai Fluid Equipment Co.Ltd","description":"","potentialAction":[{"@type":"SearchAction","target":{"@type":"EntryPoint","urlTemplate":"https:\/\/www.hongtaivalve.com\/?s={search_term_string}"},"query-input":{"@type":"PropertyValueSpecification","valueRequired":true,"valueName":"search_term_string"}}],"inLanguage":"es"}]}},"_links":{"self":[{"href":"https:\/\/www.hongtaivalve.com\/es\/wp-json\/wp\/v2\/product\/4687","targetHints":{"allow":["GET"]}}],"collection":[{"href":"https:\/\/www.hongtaivalve.com\/es\/wp-json\/wp\/v2\/product"}],"about":[{"href":"https:\/\/www.hongtaivalve.com\/es\/wp-json\/wp\/v2\/types\/product"}],"replies":[{"embeddable":true,"href":"https:\/\/www.hongtaivalve.com\/es\/wp-json\/wp\/v2\/comments?post=4687"}],"wp:featuredmedia":[{"embeddable":true,"href":"https:\/\/www.hongtaivalve.com\/es\/wp-json\/wp\/v2\/media\/4688"}],"wp:attachment":[{"href":"https:\/\/www.hongtaivalve.com\/es\/wp-json\/wp\/v2\/media?parent=4687"}],"wp:term":[{"taxonomy":"product_brand","embeddable":true,"href":"https:\/\/www.hongtaivalve.com\/es\/wp-json\/wp\/v2\/product_brand?post=4687"},{"taxonomy":"product_cat","embeddable":true,"href":"https:\/\/www.hongtaivalve.com\/es\/wp-json\/wp\/v2\/product_cat?post=4687"},{"taxonomy":"product_tag","embeddable":true,"href":"https:\/\/www.hongtaivalve.com\/es\/wp-json\/wp\/v2\/product_tag?post=4687"}],"curies":[{"name":"wp","href":"https:\/\/api.w.org\/{rel}","templated":true}]}}