{"id":4754,"date":"2024-03-22T05:38:02","date_gmt":"2024-03-22T05:38:02","guid":{"rendered":"http:\/\/www.hongtaivalve.com\/?post_type=product&#038;p=4754"},"modified":"2024-12-26T07:43:39","modified_gmt":"2024-12-26T07:43:39","slug":"sanitary-straight-tri-clamp-full-port-ball-valve","status":"publish","type":"product","link":"https:\/\/www.hongtaivalve.com\/es\/producto\/sanitary-straight-tri-clamp-full-port-ball-valve\/","title":{"rendered":"Hongtaivalve-V\u00e1lvula de bola sanitaria recta tri-clamp de puerto completo-tama\u00f1o dn15-dn150-HTV-BV014"},"content":{"rendered":"<p>Material: AISI304 AISI316L<\/p>\n<p>Especificaci\u00f3n: DN25-150&amp;1\u2033-6\u2033<br \/>\nNormas: ISO, DIN, 3A, SMS, etc.<br \/>\nConexi\u00f3n: Soldada, Abrazadera, Roscada, Bridada<br \/>\nPrincipio de funcionamiento: funcionamiento manual o funcionamiento del dispositivo de accionamiento<br \/>\nAplicaciones: L\u00e1cteos, bebidas, alimentaci\u00f3n, cerveza, farmacia, biotecnolog\u00eda, cosm\u00e9tica, etc.<br \/>\nAsiento de v\u00e1lvula: PTFE semiencapsulado.<br \/>\nV\u00e1lvula de bola sanitaria con extremos tri-clamp \/ tri-clamp, que se utiliza ampliamente en el procesamiento de alimentos y bebidas, cervecer\u00eda, refiner\u00eda de petr\u00f3leo, cosm\u00e9tica, farmac\u00e9utica e industrias qu\u00edmicas para controlar el flujo medio. El dise\u00f1o de puerto completo con restricci\u00f3n cero la convierte en una opci\u00f3n \u00f3ptima para l\u00edquidos viscosos y con part\u00edculas.<\/p>\n<h2><span style=\"color: #ff0000;\">Instrucciones de embalaje del producto\uff1a<\/span><\/h2>\n<p>Cada producto se embala primero individualmente en una bolsa de espuma y luego se coloca cuidadosamente en una caja de cart\u00f3n designada. Por \u00faltimo, se paletiza o se embala en una caja de madera de exportaci\u00f3n. Todo el proceso de embalaje se ejecuta rigurosamente para evitar cualquier da\u00f1o durante el transporte.<\/p>\n<p><strong>Qui\u00e9nes somos<\/strong><\/p>\n<p>En HongTai, nos especializamos en v\u00e1lvulas sanitarias de alta calidad y accesorios de tuber\u00eda de acero inoxidable, sirviendo a industrias clave como la farmac\u00e9utica, procesamiento de alimentos y productos qu\u00edmicos. Fabricados con acero inoxidable 304, 316 y 316L de primera calidad, nuestros productos ofrecen una excelente resistencia a la corrosi\u00f3n y se elaboran utilizando t\u00e9cnicas de fabricaci\u00f3n avanzadas como corte por l\u00e1ser y soldadura de precisi\u00f3n. Dise\u00f1adas para la higiene y la integridad de los fluidos, las v\u00e1lvulas de HongTai son la opci\u00f3n ideal para las industrias que requieren una limpieza \u00f3ptima y un rendimiento duradero.<\/p>\n<p><a href=\"https:\/\/www.hongtaivalve.com\/wp-content\/uploads\/2024\/12\/2efad8255a88820383829ce2a75fcb9.jpg\"><img fetchpriority=\"high\" decoding=\"async\" class=\"wp-image-5948 aligncenter\" src=\"https:\/\/www.hongtaivalve.com\/wp-content\/uploads\/2024\/12\/2efad8255a88820383829ce2a75fcb9.jpg\" alt=\"\" width=\"613\" height=\"397\" srcset=\"https:\/\/www.hongtaivalve.com\/wp-content\/uploads\/2024\/12\/2efad8255a88820383829ce2a75fcb9.jpg 985w, https:\/\/www.hongtaivalve.com\/wp-content\/uploads\/2024\/12\/2efad8255a88820383829ce2a75fcb9-300x194.jpg 300w, https:\/\/www.hongtaivalve.com\/wp-content\/uploads\/2024\/12\/2efad8255a88820383829ce2a75fcb9-768x497.jpg 768w, https:\/\/www.hongtaivalve.com\/wp-content\/uploads\/2024\/12\/2efad8255a88820383829ce2a75fcb9-18x12.jpg 18w, https:\/\/www.hongtaivalve.com\/wp-content\/uploads\/2024\/12\/2efad8255a88820383829ce2a75fcb9-800x518.jpg 800w\" sizes=\"(max-width: 613px) 100vw, 613px\" \/><\/a><\/p>\n<p><strong>Por qu\u00e9 elegirnos<\/strong><\/p>\n<p><strong>Garant\u00eda de calidad:<\/strong>\u00a0Mantenemos un estricto control de todas las fases de producci\u00f3n, desde las materias primas hasta los productos acabados, garantizando el cumplimiento de la norma ISO9001 y las certificaciones internacionales, incluidas las normas 3A, DIN e ISO.<\/p>\n<p><strong>Experiencia en el sector:<\/strong>\u00a0D\u00e9cadas de experiencia en soluciones para industrias cr\u00edticas como la alimentaria, la de bebidas y la farmac\u00e9utica.<\/p>\n<p><strong>Tecnolog\u00eda avanzada:<\/strong>\u00a0Nuestras instalaciones de \u00faltima generaci\u00f3n, que incluyen tornos CNC y herramientas de precisi\u00f3n actualizados peri\u00f3dicamente, garantizan una gran precisi\u00f3n superficial y tolerancias ajustadas para cada producto.<\/p>\n<p><strong>100% Inspecci\u00f3n:<\/strong>\u00a0Todos los productos se someten a rigurosas pruebas, incluida la detecci\u00f3n de fugas en v\u00e1lvulas y tama\u00f1os, para garantizar una calidad impecable antes de salir de nuestras instalaciones.<\/p>\n<p><strong>Alcance mundial:<\/strong>\u00a0Empresas de todo el mundo conf\u00edan en nuestra calidad constante y nuestras entregas puntuales.<\/p>\n<p>Elija HongTai por su inigualable fiabilidad, rendimiento e innovaci\u00f3n en soluciones de valvuler\u00eda y accesorios de tuber\u00edas.<\/p>\n<p>&nbsp;<\/p>\n<p><strong>P\u00f3ngase en contacto con nosotros<\/strong><br \/>\nPara m\u00e1s informaci\u00f3n o para hablar de sus necesidades, p\u00f3ngase en contacto con nosotros:<br \/>\nCorreo electr\u00f3nico: ht@htcdf.com<br \/>\nwhatsapp: (86)18875809195<br \/>\nTambi\u00e9n puede visitar nuestra\u00a0<a href=\"https:\/\/www.hongtaivalve.com\/es\/contact-us\/\" target=\"_blank\" rel=\"noopener\">Contacte con nosotros<\/a>\u00a0para m\u00e1s formas de ponerse en contacto.<\/p>\n<p>&nbsp;<\/p>","protected":false},"excerpt":{"rendered":"<p>Material: AISI304 AISI316L Specification: DN25-150&amp;1&#8243;-6&#8243; Standard: ISO, DIN, 3A, SMS etc Connection: Welded, Clamped, Threaded, Flanged Working Principal: Manual operation or driving device operation Application: Dairy, Beverage, Food, Beer, Pharmacy, Biotechnology, Cosmetic etc Valve seat: Semi Encapsulated PTFE. Sanitary ball &hellip; <a href=\"https:\/\/www.hongtaivalve.com\/es\/producto\/sanitary-straight-tri-clamp-full-port-ball-valve\/\">Readmore<\/a><\/p>","protected":false},"featured_media":4704,"comment_status":"open","ping_status":"closed","template":"","meta":[],"product_brand":[],"product_cat":[103],"product_tag":[],"class_list":{"0":"post-4754","1":"product","2":"type-product","3":"status-publish","4":"has-post-thumbnail","6":"product_cat-ball-valve","8":"first","9":"instock","10":"shipping-taxable","11":"product-type-simple"},"yoast_head":"<!-- This site is optimized with the Yoast SEO plugin v24.6 - https:\/\/yoast.com\/wordpress\/plugins\/seo\/ -->\n<title>Hongtaivalve-Sanitary straight tri-clamp full port ball valve-size dn15-dn150-HTV-BV014 - Wenzhou HongTai Fluid Equipment Co.Ltd<\/title>\n<meta name=\"robots\" content=\"index, follow, max-snippet:-1, max-image-preview:large, max-video-preview:-1\" \/>\n<link rel=\"canonical\" href=\"https:\/\/www.hongtaivalve.com\/es\/producto\/sanitary-straight-tri-clamp-full-port-ball-valve\/\" \/>\n<meta property=\"og:locale\" content=\"es_ES\" \/>\n<meta property=\"og:type\" content=\"article\" \/>\n<meta property=\"og:title\" content=\"Hongtaivalve-Sanitary straight tri-clamp full port ball valve-size dn15-dn150-HTV-BV014 - Wenzhou HongTai Fluid Equipment Co.Ltd\" \/>\n<meta property=\"og:description\" content=\"Material: AISI304 AISI316L Specification: DN25-150&amp;1&#8243;-6&#8243; Standard: ISO, DIN, 3A, SMS etc Connection: Welded, Clamped, Threaded, Flanged Working Principal: Manual operation or driving device operation Application: Dairy, Beverage, Food, Beer, Pharmacy, Biotechnology, Cosmetic etc Valve seat: Semi Encapsulated PTFE. Sanitary ball &hellip; Readmore\" \/>\n<meta property=\"og:url\" content=\"https:\/\/www.hongtaivalve.com\/es\/producto\/sanitary-straight-tri-clamp-full-port-ball-valve\/\" \/>\n<meta property=\"og:site_name\" content=\"Wenzhou HongTai Fluid Equipment Co.Ltd\" \/>\n<meta property=\"article:modified_time\" content=\"2024-12-26T07:43:39+00:00\" \/>\n<meta property=\"og:image\" content=\"https:\/\/www.hongtaivalve.com\/wp-content\/uploads\/2024\/03\/\u6d2a\u6cf0\u6d41\u4f53\u4ea7\u54c1\u56fe-82.jpg\" \/>\n\t<meta property=\"og:image:width\" content=\"1200\" \/>\n\t<meta property=\"og:image:height\" content=\"800\" \/>\n\t<meta property=\"og:image:type\" content=\"image\/jpeg\" \/>\n<meta name=\"twitter:card\" content=\"summary_large_image\" \/>\n<meta name=\"twitter:label1\" content=\"Tiempo de lectura\" \/>\n\t<meta name=\"twitter:data1\" content=\"2 minutos\" \/>\n<script type=\"application\/ld+json\" class=\"yoast-schema-graph\">{\"@context\":\"https:\/\/schema.org\",\"@graph\":[{\"@type\":\"WebPage\",\"@id\":\"https:\/\/www.hongtaivalve.com\/product\/sanitary-straight-tri-clamp-full-port-ball-valve\/\",\"url\":\"https:\/\/www.hongtaivalve.com\/product\/sanitary-straight-tri-clamp-full-port-ball-valve\/\",\"name\":\"Hongtaivalve-Sanitary straight tri-clamp full port ball valve-size dn15-dn150-HTV-BV014 - Wenzhou HongTai Fluid Equipment Co.Ltd\",\"isPartOf\":{\"@id\":\"https:\/\/www.hongtaivalve.com\/#website\"},\"primaryImageOfPage\":{\"@id\":\"https:\/\/www.hongtaivalve.com\/product\/sanitary-straight-tri-clamp-full-port-ball-valve\/#primaryimage\"},\"image\":{\"@id\":\"https:\/\/www.hongtaivalve.com\/product\/sanitary-straight-tri-clamp-full-port-ball-valve\/#primaryimage\"},\"thumbnailUrl\":\"https:\/\/www.hongtaivalve.com\/wp-content\/uploads\/2024\/03\/\u6d2a\u6cf0\u6d41\u4f53\u4ea7\u54c1\u56fe-82.jpg\",\"datePublished\":\"2024-03-22T05:38:02+00:00\",\"dateModified\":\"2024-12-26T07:43:39+00:00\",\"breadcrumb\":{\"@id\":\"https:\/\/www.hongtaivalve.com\/product\/sanitary-straight-tri-clamp-full-port-ball-valve\/#breadcrumb\"},\"inLanguage\":\"es\",\"potentialAction\":[{\"@type\":\"ReadAction\",\"target\":[\"https:\/\/www.hongtaivalve.com\/product\/sanitary-straight-tri-clamp-full-port-ball-valve\/\"]}]},{\"@type\":\"ImageObject\",\"inLanguage\":\"es\",\"@id\":\"https:\/\/www.hongtaivalve.com\/product\/sanitary-straight-tri-clamp-full-port-ball-valve\/#primaryimage\",\"url\":\"https:\/\/www.hongtaivalve.com\/wp-content\/uploads\/2024\/03\/\u6d2a\u6cf0\u6d41\u4f53\u4ea7\u54c1\u56fe-82.jpg\",\"contentUrl\":\"https:\/\/www.hongtaivalve.com\/wp-content\/uploads\/2024\/03\/\u6d2a\u6cf0\u6d41\u4f53\u4ea7\u54c1\u56fe-82.jpg\",\"width\":1200,\"height\":800},{\"@type\":\"BreadcrumbList\",\"@id\":\"https:\/\/www.hongtaivalve.com\/product\/sanitary-straight-tri-clamp-full-port-ball-valve\/#breadcrumb\",\"itemListElement\":[{\"@type\":\"ListItem\",\"position\":1,\"name\":\"\u9996\u9875\",\"item\":\"https:\/\/www.hongtaivalve.com\/\"},{\"@type\":\"ListItem\",\"position\":2,\"name\":\"Product\",\"item\":\"https:\/\/www.hongtaivalve.com\/product\/\"},{\"@type\":\"ListItem\",\"position\":3,\"name\":\"Hongtaivalve-Sanitary straight tri-clamp full port ball valve-size dn15-dn150-HTV-BV014\"}]},{\"@type\":\"WebSite\",\"@id\":\"https:\/\/www.hongtaivalve.com\/#website\",\"url\":\"https:\/\/www.hongtaivalve.com\/\",\"name\":\"Wenzhou HongTai Fluid Equipment Co.Ltd\",\"description\":\"\",\"potentialAction\":[{\"@type\":\"SearchAction\",\"target\":{\"@type\":\"EntryPoint\",\"urlTemplate\":\"https:\/\/www.hongtaivalve.com\/?s={search_term_string}\"},\"query-input\":{\"@type\":\"PropertyValueSpecification\",\"valueRequired\":true,\"valueName\":\"search_term_string\"}}],\"inLanguage\":\"es\"}]}<\/script>\n<!-- \/ Yoast SEO plugin. -->","yoast_head_json":{"title":"Hongtaivalve-Sanitary straight tri-clamp full port ball valve-size dn15-dn150-HTV-BV014 - Wenzhou HongTai Fluid Equipment Co.Ltd","robots":{"index":"index","follow":"follow","max-snippet":"max-snippet:-1","max-image-preview":"max-image-preview:large","max-video-preview":"max-video-preview:-1"},"canonical":"https:\/\/www.hongtaivalve.com\/es\/producto\/sanitary-straight-tri-clamp-full-port-ball-valve\/","og_locale":"es_ES","og_type":"article","og_title":"Hongtaivalve-Sanitary straight tri-clamp full port ball valve-size dn15-dn150-HTV-BV014 - Wenzhou HongTai Fluid Equipment Co.Ltd","og_description":"Material: AISI304 AISI316L Specification: DN25-150&amp;1&#8243;-6&#8243; Standard: ISO, DIN, 3A, SMS etc Connection: Welded, Clamped, Threaded, Flanged Working Principal: Manual operation or driving device operation Application: Dairy, Beverage, Food, Beer, Pharmacy, Biotechnology, Cosmetic etc Valve seat: Semi Encapsulated PTFE. Sanitary ball &hellip; Readmore","og_url":"https:\/\/www.hongtaivalve.com\/es\/producto\/sanitary-straight-tri-clamp-full-port-ball-valve\/","og_site_name":"Wenzhou HongTai Fluid Equipment Co.Ltd","article_modified_time":"2024-12-26T07:43:39+00:00","og_image":[{"width":1200,"height":800,"url":"https:\/\/www.hongtaivalve.com\/wp-content\/uploads\/2024\/03\/\u6d2a\u6cf0\u6d41\u4f53\u4ea7\u54c1\u56fe-82.jpg","type":"image\/jpeg"}],"twitter_card":"summary_large_image","twitter_misc":{"Tiempo de lectura":"2 minutos"},"schema":{"@context":"https:\/\/schema.org","@graph":[{"@type":"WebPage","@id":"https:\/\/www.hongtaivalve.com\/product\/sanitary-straight-tri-clamp-full-port-ball-valve\/","url":"https:\/\/www.hongtaivalve.com\/product\/sanitary-straight-tri-clamp-full-port-ball-valve\/","name":"Hongtaivalve-Sanitary straight tri-clamp full port ball valve-size dn15-dn150-HTV-BV014 - Wenzhou HongTai Fluid Equipment Co.Ltd","isPartOf":{"@id":"https:\/\/www.hongtaivalve.com\/#website"},"primaryImageOfPage":{"@id":"https:\/\/www.hongtaivalve.com\/product\/sanitary-straight-tri-clamp-full-port-ball-valve\/#primaryimage"},"image":{"@id":"https:\/\/www.hongtaivalve.com\/product\/sanitary-straight-tri-clamp-full-port-ball-valve\/#primaryimage"},"thumbnailUrl":"https:\/\/www.hongtaivalve.com\/wp-content\/uploads\/2024\/03\/\u6d2a\u6cf0\u6d41\u4f53\u4ea7\u54c1\u56fe-82.jpg","datePublished":"2024-03-22T05:38:02+00:00","dateModified":"2024-12-26T07:43:39+00:00","breadcrumb":{"@id":"https:\/\/www.hongtaivalve.com\/product\/sanitary-straight-tri-clamp-full-port-ball-valve\/#breadcrumb"},"inLanguage":"es","potentialAction":[{"@type":"ReadAction","target":["https:\/\/www.hongtaivalve.com\/product\/sanitary-straight-tri-clamp-full-port-ball-valve\/"]}]},{"@type":"ImageObject","inLanguage":"es","@id":"https:\/\/www.hongtaivalve.com\/product\/sanitary-straight-tri-clamp-full-port-ball-valve\/#primaryimage","url":"https:\/\/www.hongtaivalve.com\/wp-content\/uploads\/2024\/03\/\u6d2a\u6cf0\u6d41\u4f53\u4ea7\u54c1\u56fe-82.jpg","contentUrl":"https:\/\/www.hongtaivalve.com\/wp-content\/uploads\/2024\/03\/\u6d2a\u6cf0\u6d41\u4f53\u4ea7\u54c1\u56fe-82.jpg","width":1200,"height":800},{"@type":"BreadcrumbList","@id":"https:\/\/www.hongtaivalve.com\/product\/sanitary-straight-tri-clamp-full-port-ball-valve\/#breadcrumb","itemListElement":[{"@type":"ListItem","position":1,"name":"\u9996\u9875","item":"https:\/\/www.hongtaivalve.com\/"},{"@type":"ListItem","position":2,"name":"Product","item":"https:\/\/www.hongtaivalve.com\/product\/"},{"@type":"ListItem","position":3,"name":"Hongtaivalve-Sanitary straight tri-clamp full port ball valve-size dn15-dn150-HTV-BV014"}]},{"@type":"WebSite","@id":"https:\/\/www.hongtaivalve.com\/#website","url":"https:\/\/www.hongtaivalve.com\/","name":"Wenzhou HongTai Fluid Equipment Co.Ltd","description":"","potentialAction":[{"@type":"SearchAction","target":{"@type":"EntryPoint","urlTemplate":"https:\/\/www.hongtaivalve.com\/?s={search_term_string}"},"query-input":{"@type":"PropertyValueSpecification","valueRequired":true,"valueName":"search_term_string"}}],"inLanguage":"es"}]}},"_links":{"self":[{"href":"https:\/\/www.hongtaivalve.com\/es\/wp-json\/wp\/v2\/product\/4754","targetHints":{"allow":["GET"]}}],"collection":[{"href":"https:\/\/www.hongtaivalve.com\/es\/wp-json\/wp\/v2\/product"}],"about":[{"href":"https:\/\/www.hongtaivalve.com\/es\/wp-json\/wp\/v2\/types\/product"}],"replies":[{"embeddable":true,"href":"https:\/\/www.hongtaivalve.com\/es\/wp-json\/wp\/v2\/comments?post=4754"}],"wp:featuredmedia":[{"embeddable":true,"href":"https:\/\/www.hongtaivalve.com\/es\/wp-json\/wp\/v2\/media\/4704"}],"wp:attachment":[{"href":"https:\/\/www.hongtaivalve.com\/es\/wp-json\/wp\/v2\/media?parent=4754"}],"wp:term":[{"taxonomy":"product_brand","embeddable":true,"href":"https:\/\/www.hongtaivalve.com\/es\/wp-json\/wp\/v2\/product_brand?post=4754"},{"taxonomy":"product_cat","embeddable":true,"href":"https:\/\/www.hongtaivalve.com\/es\/wp-json\/wp\/v2\/product_cat?post=4754"},{"taxonomy":"product_tag","embeddable":true,"href":"https:\/\/www.hongtaivalve.com\/es\/wp-json\/wp\/v2\/product_tag?post=4754"}],"curies":[{"name":"wp","href":"https:\/\/api.w.org\/{rel}","templated":true}]}}