{"id":4777,"date":"2024-03-22T08:37:15","date_gmt":"2024-03-22T08:37:15","guid":{"rendered":"http:\/\/www.hongtaivalve.com\/?post_type=product&#038;p=4777"},"modified":"2024-12-27T08:34:18","modified_gmt":"2024-12-27T08:34:18","slug":"tri-clamp-short-ferrule-with-long-12-7mm","status":"publish","type":"product","link":"https:\/\/www.hongtaivalve.com\/es\/producto\/tri-clamp-short-ferrule-with-long-12-7mm\/","title":{"rendered":"HongTaivalve-Tri-clamp f\u00e9rula corta con largo 12.7mmsize dn15-dn150-HTV-TCSF001"},"content":{"rendered":"<p>Los racores tri-clamp de acero inoxidable son el estilo m\u00e1s popular de equipo de l\u00ednea de proceso utilizado en las industrias alimentaria, de bebidas y farmac\u00e9utica. Estos racores crean r\u00e1pidamente una conexi\u00f3n estanca que facilita el montaje, el mantenimiento rutinario y la inspecci\u00f3n.<\/p>\n<p>Las conexiones Tri-Clamp requieren una junta y una abrazadera para completar un sellado a prueba de fugas.<br \/>\nDisponibles en aleaciones de acero inoxidable 304 y 316L y fabricadas de conformidad con las normas 3A u otras. Informes de ensayo de materiales (MTR) disponibles previa solicitud.<\/p>\n<h2><span style=\"color: #ff0000;\">Instrucciones de embalaje del producto\uff1a<\/span><\/h2>\n<p>Cada producto se embala primero individualmente en una bolsa de espuma y luego se coloca cuidadosamente en una caja de cart\u00f3n designada. Por \u00faltimo, se paletiza o se embala en una caja de madera de exportaci\u00f3n. Todo el proceso de embalaje se ejecuta rigurosamente para evitar cualquier da\u00f1o durante el transporte.<\/p>\n<p><a href=\"https:\/\/www.hongtaivalve.com\/wp-content\/uploads\/2024\/03\/\u6d2a\u6cf0\u6d41\u4f53\u4ea7\u54c1\u56fe-49.jpg\"><img fetchpriority=\"high\" decoding=\"async\" class=\"alignnone size-full wp-image-4778\" src=\"https:\/\/www.hongtaivalve.com\/wp-content\/uploads\/2024\/03\/\u6d2a\u6cf0\u6d41\u4f53\u4ea7\u54c1\u56fe-49.jpg\" alt=\"\" width=\"1500\" height=\"1500\" srcset=\"https:\/\/www.hongtaivalve.com\/wp-content\/uploads\/2024\/03\/\u6d2a\u6cf0\u6d41\u4f53\u4ea7\u54c1\u56fe-49.jpg 1500w, https:\/\/www.hongtaivalve.com\/wp-content\/uploads\/2024\/03\/\u6d2a\u6cf0\u6d41\u4f53\u4ea7\u54c1\u56fe-49-800x800.jpg 800w, https:\/\/www.hongtaivalve.com\/wp-content\/uploads\/2024\/03\/\u6d2a\u6cf0\u6d41\u4f53\u4ea7\u54c1\u56fe-49-100x100.jpg 100w, https:\/\/www.hongtaivalve.com\/wp-content\/uploads\/2024\/03\/\u6d2a\u6cf0\u6d41\u4f53\u4ea7\u54c1\u56fe-49-300x300.jpg 300w, https:\/\/www.hongtaivalve.com\/wp-content\/uploads\/2024\/03\/\u6d2a\u6cf0\u6d41\u4f53\u4ea7\u54c1\u56fe-49-1024x1024.jpg 1024w, https:\/\/www.hongtaivalve.com\/wp-content\/uploads\/2024\/03\/\u6d2a\u6cf0\u6d41\u4f53\u4ea7\u54c1\u56fe-49-150x150.jpg 150w, https:\/\/www.hongtaivalve.com\/wp-content\/uploads\/2024\/03\/\u6d2a\u6cf0\u6d41\u4f53\u4ea7\u54c1\u56fe-49-768x768.jpg 768w\" sizes=\"(max-width: 1500px) 100vw, 1500px\" \/><\/a><\/p>\n<p><strong>Qui\u00e9nes somos<\/strong><\/p>\n<p>En HongTai, nos especializamos en v\u00e1lvulas sanitarias de alta calidad y accesorios de tuber\u00eda de acero inoxidable, sirviendo a industrias clave como la farmac\u00e9utica, procesamiento de alimentos y productos qu\u00edmicos. Fabricados con acero inoxidable 304, 316 y 316L de primera calidad, nuestros productos ofrecen una excelente resistencia a la corrosi\u00f3n y se elaboran utilizando t\u00e9cnicas de fabricaci\u00f3n avanzadas como corte por l\u00e1ser y soldadura de precisi\u00f3n. Dise\u00f1adas para la higiene y la integridad de los fluidos, las v\u00e1lvulas de HongTai son la opci\u00f3n ideal para las industrias que requieren una limpieza \u00f3ptima y un rendimiento duradero.<\/p>\n<p><a href=\"https:\/\/www.hongtaivalve.com\/wp-content\/uploads\/2024\/12\/2efad8255a88820383829ce2a75fcb9.jpg\"><img decoding=\"async\" class=\"wp-image-5948 aligncenter\" src=\"https:\/\/www.hongtaivalve.com\/wp-content\/uploads\/2024\/12\/2efad8255a88820383829ce2a75fcb9.jpg\" alt=\"\" width=\"607\" height=\"393\" srcset=\"https:\/\/www.hongtaivalve.com\/wp-content\/uploads\/2024\/12\/2efad8255a88820383829ce2a75fcb9.jpg 985w, https:\/\/www.hongtaivalve.com\/wp-content\/uploads\/2024\/12\/2efad8255a88820383829ce2a75fcb9-300x194.jpg 300w, https:\/\/www.hongtaivalve.com\/wp-content\/uploads\/2024\/12\/2efad8255a88820383829ce2a75fcb9-768x497.jpg 768w, https:\/\/www.hongtaivalve.com\/wp-content\/uploads\/2024\/12\/2efad8255a88820383829ce2a75fcb9-18x12.jpg 18w, https:\/\/www.hongtaivalve.com\/wp-content\/uploads\/2024\/12\/2efad8255a88820383829ce2a75fcb9-800x518.jpg 800w\" sizes=\"(max-width: 607px) 100vw, 607px\" \/><\/a><\/p>\n<p><strong>Por qu\u00e9 elegirnos<\/strong><\/p>\n<p><strong>Garant\u00eda de calidad:<\/strong>\u00a0Mantenemos un estricto control de todas las fases de producci\u00f3n, desde las materias primas hasta los productos acabados, garantizando el cumplimiento de la norma ISO9001 y las certificaciones internacionales, incluidas las normas 3A, DIN e ISO.<\/p>\n<p><strong>Experiencia en el sector:<\/strong>\u00a0D\u00e9cadas de experiencia en soluciones para industrias cr\u00edticas como la alimentaria, la de bebidas y la farmac\u00e9utica.<\/p>\n<p><strong>Tecnolog\u00eda avanzada:<\/strong>\u00a0Nuestras instalaciones de \u00faltima generaci\u00f3n, que incluyen tornos CNC y herramientas de precisi\u00f3n actualizados peri\u00f3dicamente, garantizan una gran precisi\u00f3n superficial y tolerancias ajustadas para cada producto.<\/p>\n<p><strong>100% Inspecci\u00f3n:<\/strong>\u00a0Todos los productos se someten a rigurosas pruebas, incluida la detecci\u00f3n de fugas en v\u00e1lvulas y tama\u00f1os, para garantizar una calidad impecable antes de salir de nuestras instalaciones.<\/p>\n<p><strong>Alcance mundial:<\/strong>\u00a0Empresas de todo el mundo conf\u00edan en nuestra calidad constante y nuestras entregas puntuales.<\/p>\n<p>Elija HongTai por su inigualable fiabilidad, rendimiento e innovaci\u00f3n en soluciones de valvuler\u00eda y accesorios de tuber\u00edas.<\/p>\n<p>&nbsp;<\/p>\n<p><strong>P\u00f3ngase en contacto con nosotros<\/strong><br \/>\nPara m\u00e1s informaci\u00f3n o para hablar de sus necesidades, p\u00f3ngase en contacto con nosotros:<br \/>\nCorreo electr\u00f3nico: ht@htcdf.com<br \/>\nwhatsapp: (86)18875809195<br \/>\nTambi\u00e9n puede visitar nuestra\u00a0<a href=\"https:\/\/www.hongtaivalve.com\/es\/contact-us\/\" target=\"_blank\" rel=\"noopener\">Contacte con nosotros<\/a>\u00a0para m\u00e1s formas de ponerse en contacto.<\/p>","protected":false},"excerpt":{"rendered":"<p>Stainless steel tri-clamp fittings are the most popular style of process line equipment used within the food, beverage, and pharmaceutical industries. These fittings quickly create a leak-proof connection to allow for easy assembly, routine maintenance and inspection. Tri-Clamp connections require &hellip; <a href=\"https:\/\/www.hongtaivalve.com\/es\/producto\/tri-clamp-short-ferrule-with-long-12-7mm\/\">Readmore<\/a><\/p>","protected":false},"featured_media":4778,"comment_status":"open","ping_status":"closed","template":"","meta":[],"product_brand":[],"product_cat":[106],"product_tag":[],"class_list":{"0":"post-4777","1":"product","2":"type-product","3":"status-publish","4":"has-post-thumbnail","6":"product_cat-tri-clamp-fittings","8":"first","9":"instock","10":"shipping-taxable","11":"product-type-simple"},"yoast_head":"<!-- This site is optimized with the Yoast SEO plugin v24.6 - https:\/\/yoast.com\/wordpress\/plugins\/seo\/ -->\n<title>HongTaivalve-Tri-clamp short ferrule with long 12.7mmsize dn15-dn150-HTV-TCSF001 - Wenzhou HongTai Fluid Equipment Co.Ltd<\/title>\n<meta name=\"robots\" content=\"index, follow, max-snippet:-1, max-image-preview:large, max-video-preview:-1\" \/>\n<link rel=\"canonical\" href=\"https:\/\/www.hongtaivalve.com\/es\/producto\/tri-clamp-short-ferrule-with-long-12-7mm\/\" \/>\n<meta property=\"og:locale\" content=\"es_ES\" \/>\n<meta property=\"og:type\" content=\"article\" \/>\n<meta property=\"og:title\" content=\"HongTaivalve-Tri-clamp short ferrule with long 12.7mmsize dn15-dn150-HTV-TCSF001 - Wenzhou HongTai Fluid Equipment Co.Ltd\" \/>\n<meta property=\"og:description\" content=\"Stainless steel tri-clamp fittings are the most popular style of process line equipment used within the food, beverage, and pharmaceutical industries. These fittings quickly create a leak-proof connection to allow for easy assembly, routine maintenance and inspection. Tri-Clamp connections require &hellip; Readmore\" \/>\n<meta property=\"og:url\" content=\"https:\/\/www.hongtaivalve.com\/es\/producto\/tri-clamp-short-ferrule-with-long-12-7mm\/\" \/>\n<meta property=\"og:site_name\" content=\"Wenzhou HongTai Fluid Equipment Co.Ltd\" \/>\n<meta property=\"article:modified_time\" content=\"2024-12-27T08:34:18+00:00\" \/>\n<meta property=\"og:image\" content=\"https:\/\/www.hongtaivalve.com\/wp-content\/uploads\/2024\/03\/\u6d2a\u6cf0\u6d41\u4f53\u4ea7\u54c1\u56fe-49.jpg\" \/>\n\t<meta property=\"og:image:width\" content=\"1500\" \/>\n\t<meta property=\"og:image:height\" content=\"1500\" \/>\n\t<meta property=\"og:image:type\" content=\"image\/jpeg\" \/>\n<meta name=\"twitter:card\" content=\"summary_large_image\" \/>\n<meta name=\"twitter:label1\" content=\"Tiempo de lectura\" \/>\n\t<meta name=\"twitter:data1\" content=\"2 minutos\" \/>\n<script type=\"application\/ld+json\" class=\"yoast-schema-graph\">{\"@context\":\"https:\/\/schema.org\",\"@graph\":[{\"@type\":\"WebPage\",\"@id\":\"https:\/\/www.hongtaivalve.com\/product\/tri-clamp-short-ferrule-with-long-12-7mm\/\",\"url\":\"https:\/\/www.hongtaivalve.com\/product\/tri-clamp-short-ferrule-with-long-12-7mm\/\",\"name\":\"HongTaivalve-Tri-clamp short ferrule with long 12.7mmsize dn15-dn150-HTV-TCSF001 - Wenzhou HongTai Fluid Equipment Co.Ltd\",\"isPartOf\":{\"@id\":\"https:\/\/www.hongtaivalve.com\/#website\"},\"primaryImageOfPage\":{\"@id\":\"https:\/\/www.hongtaivalve.com\/product\/tri-clamp-short-ferrule-with-long-12-7mm\/#primaryimage\"},\"image\":{\"@id\":\"https:\/\/www.hongtaivalve.com\/product\/tri-clamp-short-ferrule-with-long-12-7mm\/#primaryimage\"},\"thumbnailUrl\":\"https:\/\/www.hongtaivalve.com\/wp-content\/uploads\/2024\/03\/\u6d2a\u6cf0\u6d41\u4f53\u4ea7\u54c1\u56fe-49.jpg\",\"datePublished\":\"2024-03-22T08:37:15+00:00\",\"dateModified\":\"2024-12-27T08:34:18+00:00\",\"breadcrumb\":{\"@id\":\"https:\/\/www.hongtaivalve.com\/product\/tri-clamp-short-ferrule-with-long-12-7mm\/#breadcrumb\"},\"inLanguage\":\"es\",\"potentialAction\":[{\"@type\":\"ReadAction\",\"target\":[\"https:\/\/www.hongtaivalve.com\/product\/tri-clamp-short-ferrule-with-long-12-7mm\/\"]}]},{\"@type\":\"ImageObject\",\"inLanguage\":\"es\",\"@id\":\"https:\/\/www.hongtaivalve.com\/product\/tri-clamp-short-ferrule-with-long-12-7mm\/#primaryimage\",\"url\":\"https:\/\/www.hongtaivalve.com\/wp-content\/uploads\/2024\/03\/\u6d2a\u6cf0\u6d41\u4f53\u4ea7\u54c1\u56fe-49.jpg\",\"contentUrl\":\"https:\/\/www.hongtaivalve.com\/wp-content\/uploads\/2024\/03\/\u6d2a\u6cf0\u6d41\u4f53\u4ea7\u54c1\u56fe-49.jpg\",\"width\":1500,\"height\":1500},{\"@type\":\"BreadcrumbList\",\"@id\":\"https:\/\/www.hongtaivalve.com\/product\/tri-clamp-short-ferrule-with-long-12-7mm\/#breadcrumb\",\"itemListElement\":[{\"@type\":\"ListItem\",\"position\":1,\"name\":\"\u9996\u9875\",\"item\":\"https:\/\/www.hongtaivalve.com\/\"},{\"@type\":\"ListItem\",\"position\":2,\"name\":\"Product\",\"item\":\"https:\/\/www.hongtaivalve.com\/product\/\"},{\"@type\":\"ListItem\",\"position\":3,\"name\":\"HongTaivalve-Tri-clamp short ferrule with long 12.7mmsize dn15-dn150-HTV-TCSF001\"}]},{\"@type\":\"WebSite\",\"@id\":\"https:\/\/www.hongtaivalve.com\/#website\",\"url\":\"https:\/\/www.hongtaivalve.com\/\",\"name\":\"Wenzhou HongTai Fluid Equipment Co.Ltd\",\"description\":\"\",\"potentialAction\":[{\"@type\":\"SearchAction\",\"target\":{\"@type\":\"EntryPoint\",\"urlTemplate\":\"https:\/\/www.hongtaivalve.com\/?s={search_term_string}\"},\"query-input\":{\"@type\":\"PropertyValueSpecification\",\"valueRequired\":true,\"valueName\":\"search_term_string\"}}],\"inLanguage\":\"es\"}]}<\/script>\n<!-- \/ Yoast SEO plugin. -->","yoast_head_json":{"title":"HongTaivalve-Tri-clamp short ferrule with long 12.7mmsize dn15-dn150-HTV-TCSF001 - Wenzhou HongTai Fluid Equipment Co.Ltd","robots":{"index":"index","follow":"follow","max-snippet":"max-snippet:-1","max-image-preview":"max-image-preview:large","max-video-preview":"max-video-preview:-1"},"canonical":"https:\/\/www.hongtaivalve.com\/es\/producto\/tri-clamp-short-ferrule-with-long-12-7mm\/","og_locale":"es_ES","og_type":"article","og_title":"HongTaivalve-Tri-clamp short ferrule with long 12.7mmsize dn15-dn150-HTV-TCSF001 - Wenzhou HongTai Fluid Equipment Co.Ltd","og_description":"Stainless steel tri-clamp fittings are the most popular style of process line equipment used within the food, beverage, and pharmaceutical industries. These fittings quickly create a leak-proof connection to allow for easy assembly, routine maintenance and inspection. Tri-Clamp connections require &hellip; Readmore","og_url":"https:\/\/www.hongtaivalve.com\/es\/producto\/tri-clamp-short-ferrule-with-long-12-7mm\/","og_site_name":"Wenzhou HongTai Fluid Equipment Co.Ltd","article_modified_time":"2024-12-27T08:34:18+00:00","og_image":[{"width":1500,"height":1500,"url":"https:\/\/www.hongtaivalve.com\/wp-content\/uploads\/2024\/03\/\u6d2a\u6cf0\u6d41\u4f53\u4ea7\u54c1\u56fe-49.jpg","type":"image\/jpeg"}],"twitter_card":"summary_large_image","twitter_misc":{"Tiempo de lectura":"2 minutos"},"schema":{"@context":"https:\/\/schema.org","@graph":[{"@type":"WebPage","@id":"https:\/\/www.hongtaivalve.com\/product\/tri-clamp-short-ferrule-with-long-12-7mm\/","url":"https:\/\/www.hongtaivalve.com\/product\/tri-clamp-short-ferrule-with-long-12-7mm\/","name":"HongTaivalve-Tri-clamp short ferrule with long 12.7mmsize dn15-dn150-HTV-TCSF001 - Wenzhou HongTai Fluid Equipment Co.Ltd","isPartOf":{"@id":"https:\/\/www.hongtaivalve.com\/#website"},"primaryImageOfPage":{"@id":"https:\/\/www.hongtaivalve.com\/product\/tri-clamp-short-ferrule-with-long-12-7mm\/#primaryimage"},"image":{"@id":"https:\/\/www.hongtaivalve.com\/product\/tri-clamp-short-ferrule-with-long-12-7mm\/#primaryimage"},"thumbnailUrl":"https:\/\/www.hongtaivalve.com\/wp-content\/uploads\/2024\/03\/\u6d2a\u6cf0\u6d41\u4f53\u4ea7\u54c1\u56fe-49.jpg","datePublished":"2024-03-22T08:37:15+00:00","dateModified":"2024-12-27T08:34:18+00:00","breadcrumb":{"@id":"https:\/\/www.hongtaivalve.com\/product\/tri-clamp-short-ferrule-with-long-12-7mm\/#breadcrumb"},"inLanguage":"es","potentialAction":[{"@type":"ReadAction","target":["https:\/\/www.hongtaivalve.com\/product\/tri-clamp-short-ferrule-with-long-12-7mm\/"]}]},{"@type":"ImageObject","inLanguage":"es","@id":"https:\/\/www.hongtaivalve.com\/product\/tri-clamp-short-ferrule-with-long-12-7mm\/#primaryimage","url":"https:\/\/www.hongtaivalve.com\/wp-content\/uploads\/2024\/03\/\u6d2a\u6cf0\u6d41\u4f53\u4ea7\u54c1\u56fe-49.jpg","contentUrl":"https:\/\/www.hongtaivalve.com\/wp-content\/uploads\/2024\/03\/\u6d2a\u6cf0\u6d41\u4f53\u4ea7\u54c1\u56fe-49.jpg","width":1500,"height":1500},{"@type":"BreadcrumbList","@id":"https:\/\/www.hongtaivalve.com\/product\/tri-clamp-short-ferrule-with-long-12-7mm\/#breadcrumb","itemListElement":[{"@type":"ListItem","position":1,"name":"\u9996\u9875","item":"https:\/\/www.hongtaivalve.com\/"},{"@type":"ListItem","position":2,"name":"Product","item":"https:\/\/www.hongtaivalve.com\/product\/"},{"@type":"ListItem","position":3,"name":"HongTaivalve-Tri-clamp short ferrule with long 12.7mmsize dn15-dn150-HTV-TCSF001"}]},{"@type":"WebSite","@id":"https:\/\/www.hongtaivalve.com\/#website","url":"https:\/\/www.hongtaivalve.com\/","name":"Wenzhou HongTai Fluid Equipment Co.Ltd","description":"","potentialAction":[{"@type":"SearchAction","target":{"@type":"EntryPoint","urlTemplate":"https:\/\/www.hongtaivalve.com\/?s={search_term_string}"},"query-input":{"@type":"PropertyValueSpecification","valueRequired":true,"valueName":"search_term_string"}}],"inLanguage":"es"}]}},"_links":{"self":[{"href":"https:\/\/www.hongtaivalve.com\/es\/wp-json\/wp\/v2\/product\/4777","targetHints":{"allow":["GET"]}}],"collection":[{"href":"https:\/\/www.hongtaivalve.com\/es\/wp-json\/wp\/v2\/product"}],"about":[{"href":"https:\/\/www.hongtaivalve.com\/es\/wp-json\/wp\/v2\/types\/product"}],"replies":[{"embeddable":true,"href":"https:\/\/www.hongtaivalve.com\/es\/wp-json\/wp\/v2\/comments?post=4777"}],"wp:featuredmedia":[{"embeddable":true,"href":"https:\/\/www.hongtaivalve.com\/es\/wp-json\/wp\/v2\/media\/4778"}],"wp:attachment":[{"href":"https:\/\/www.hongtaivalve.com\/es\/wp-json\/wp\/v2\/media?parent=4777"}],"wp:term":[{"taxonomy":"product_brand","embeddable":true,"href":"https:\/\/www.hongtaivalve.com\/es\/wp-json\/wp\/v2\/product_brand?post=4777"},{"taxonomy":"product_cat","embeddable":true,"href":"https:\/\/www.hongtaivalve.com\/es\/wp-json\/wp\/v2\/product_cat?post=4777"},{"taxonomy":"product_tag","embeddable":true,"href":"https:\/\/www.hongtaivalve.com\/es\/wp-json\/wp\/v2\/product_tag?post=4777"}],"curies":[{"name":"wp","href":"https:\/\/api.w.org\/{rel}","templated":true}]}}