{"id":4790,"date":"2024-03-23T06:10:55","date_gmt":"2024-03-23T06:10:55","guid":{"rendered":"http:\/\/www.hongtaivalve.com\/?post_type=product&#038;p=4790"},"modified":"2024-03-23T06:10:55","modified_gmt":"2024-03-23T06:10:55","slug":"stainless-steel-sanitary-triclamp-spool-2","status":"publish","type":"product","link":"https:\/\/www.hongtaivalve.com\/es\/producto\/stainless-steel-sanitary-triclamp-spool-2\/","title":{"rendered":"Carrete triclamp sanitario de acero inoxidable"},"content":{"rendered":"<p>Los carretes de acero inoxidable sanitario son longitudes prefabricadas de tubo<br \/>\ncon extremos de accesorios Tri Clamp a\u00f1adidos para mayor comodidad. Cuando se combinan con otros accesorios, abrazaderas y juntas Tri Clamp, las bobinas sanitarias pueden construir una l\u00ednea de proceso sin necesidad de soldadura y fabricaci\u00f3n in situ, y con un ahorro de tiempo considerable. Los carretes Tri Clamp tambi\u00e9n tienen la ventaja a\u00f1adida de ser menos permanentes que los tubos soldados, y pueden desmontarse, trasladarse o volver a montarse f\u00e1cilmente con una configuraci\u00f3n diferente. La versatilidad y el ahorro de costes de los tubos prefabricados en carrete los convierten en una soluci\u00f3n popular para las necesidades de tuber\u00edas.<\/p>","protected":false},"excerpt":{"rendered":"<p>Sanitary stainless steel spools are prefabricated lengths of tubing with Tri Clamp fitting ends added for convenience. When combined with other Tri Clamp fittings, clamps, and gaskets, sanitary spools can build a process line without the need for on-site welding &hellip; <a href=\"https:\/\/www.hongtaivalve.com\/es\/producto\/stainless-steel-sanitary-triclamp-spool-2\/\">Readmore<\/a><\/p>","protected":false},"featured_media":4785,"comment_status":"open","ping_status":"closed","template":"","meta":[],"product_brand":[],"product_cat":[107],"product_tag":[],"class_list":{"0":"post-4790","1":"product","2":"type-product","3":"status-publish","4":"has-post-thumbnail","6":"product_cat-extractions-tank-accessories","8":"first","9":"instock","10":"shipping-taxable","11":"product-type-simple"},"yoast_head":"<!-- This site is optimized with the Yoast SEO plugin v24.6 - https:\/\/yoast.com\/wordpress\/plugins\/seo\/ -->\n<title>Stainless steel Sanitary triclamp spool - Wenzhou HongTai Fluid Equipment Co.Ltd<\/title>\n<meta name=\"robots\" content=\"index, follow, max-snippet:-1, max-image-preview:large, max-video-preview:-1\" \/>\n<link rel=\"canonical\" href=\"https:\/\/www.hongtaivalve.com\/es\/producto\/stainless-steel-sanitary-triclamp-spool-2\/\" \/>\n<meta property=\"og:locale\" content=\"es_ES\" \/>\n<meta property=\"og:type\" content=\"article\" \/>\n<meta property=\"og:title\" content=\"Stainless steel Sanitary triclamp spool - Wenzhou HongTai Fluid Equipment Co.Ltd\" \/>\n<meta property=\"og:description\" content=\"Sanitary stainless steel spools are prefabricated lengths of tubing with Tri Clamp fitting ends added for convenience. When combined with other Tri Clamp fittings, clamps, and gaskets, sanitary spools can build a process line without the need for on-site welding &hellip; Readmore\" \/>\n<meta property=\"og:url\" content=\"https:\/\/www.hongtaivalve.com\/es\/producto\/stainless-steel-sanitary-triclamp-spool-2\/\" \/>\n<meta property=\"og:site_name\" content=\"Wenzhou HongTai Fluid Equipment Co.Ltd\" \/>\n<meta property=\"og:image\" content=\"https:\/\/www.hongtaivalve.com\/wp-content\/uploads\/2024\/03\/\u6d2a\u6cf0\u6d41\u4f53\u4ea7\u54c1\u56fe-68.jpg\" \/>\n\t<meta property=\"og:image:width\" content=\"1500\" \/>\n\t<meta property=\"og:image:height\" content=\"1500\" \/>\n\t<meta property=\"og:image:type\" content=\"image\/jpeg\" \/>\n<meta name=\"twitter:card\" content=\"summary_large_image\" \/>\n<script type=\"application\/ld+json\" class=\"yoast-schema-graph\">{\"@context\":\"https:\/\/schema.org\",\"@graph\":[{\"@type\":\"WebPage\",\"@id\":\"https:\/\/www.hongtaivalve.com\/product\/stainless-steel-sanitary-triclamp-spool-2\/\",\"url\":\"https:\/\/www.hongtaivalve.com\/product\/stainless-steel-sanitary-triclamp-spool-2\/\",\"name\":\"Stainless steel Sanitary triclamp spool - Wenzhou HongTai Fluid Equipment Co.Ltd\",\"isPartOf\":{\"@id\":\"https:\/\/www.hongtaivalve.com\/#website\"},\"primaryImageOfPage\":{\"@id\":\"https:\/\/www.hongtaivalve.com\/product\/stainless-steel-sanitary-triclamp-spool-2\/#primaryimage\"},\"image\":{\"@id\":\"https:\/\/www.hongtaivalve.com\/product\/stainless-steel-sanitary-triclamp-spool-2\/#primaryimage\"},\"thumbnailUrl\":\"https:\/\/www.hongtaivalve.com\/wp-content\/uploads\/2024\/03\/\u6d2a\u6cf0\u6d41\u4f53\u4ea7\u54c1\u56fe-68.jpg\",\"datePublished\":\"2024-03-23T06:10:55+00:00\",\"breadcrumb\":{\"@id\":\"https:\/\/www.hongtaivalve.com\/product\/stainless-steel-sanitary-triclamp-spool-2\/#breadcrumb\"},\"inLanguage\":\"es\",\"potentialAction\":[{\"@type\":\"ReadAction\",\"target\":[\"https:\/\/www.hongtaivalve.com\/product\/stainless-steel-sanitary-triclamp-spool-2\/\"]}]},{\"@type\":\"ImageObject\",\"inLanguage\":\"es\",\"@id\":\"https:\/\/www.hongtaivalve.com\/product\/stainless-steel-sanitary-triclamp-spool-2\/#primaryimage\",\"url\":\"https:\/\/www.hongtaivalve.com\/wp-content\/uploads\/2024\/03\/\u6d2a\u6cf0\u6d41\u4f53\u4ea7\u54c1\u56fe-68.jpg\",\"contentUrl\":\"https:\/\/www.hongtaivalve.com\/wp-content\/uploads\/2024\/03\/\u6d2a\u6cf0\u6d41\u4f53\u4ea7\u54c1\u56fe-68.jpg\",\"width\":1500,\"height\":1500},{\"@type\":\"BreadcrumbList\",\"@id\":\"https:\/\/www.hongtaivalve.com\/product\/stainless-steel-sanitary-triclamp-spool-2\/#breadcrumb\",\"itemListElement\":[{\"@type\":\"ListItem\",\"position\":1,\"name\":\"\u9996\u9875\",\"item\":\"https:\/\/www.hongtaivalve.com\/\"},{\"@type\":\"ListItem\",\"position\":2,\"name\":\"Product\",\"item\":\"https:\/\/www.hongtaivalve.com\/product\/\"},{\"@type\":\"ListItem\",\"position\":3,\"name\":\"Stainless steel Sanitary triclamp spool\"}]},{\"@type\":\"WebSite\",\"@id\":\"https:\/\/www.hongtaivalve.com\/#website\",\"url\":\"https:\/\/www.hongtaivalve.com\/\",\"name\":\"Wenzhou HongTai Fluid Equipment Co.Ltd\",\"description\":\"\",\"potentialAction\":[{\"@type\":\"SearchAction\",\"target\":{\"@type\":\"EntryPoint\",\"urlTemplate\":\"https:\/\/www.hongtaivalve.com\/?s={search_term_string}\"},\"query-input\":{\"@type\":\"PropertyValueSpecification\",\"valueRequired\":true,\"valueName\":\"search_term_string\"}}],\"inLanguage\":\"es\"}]}<\/script>\n<!-- \/ Yoast SEO plugin. -->","yoast_head_json":{"title":"Stainless steel Sanitary triclamp spool - Wenzhou HongTai Fluid Equipment Co.Ltd","robots":{"index":"index","follow":"follow","max-snippet":"max-snippet:-1","max-image-preview":"max-image-preview:large","max-video-preview":"max-video-preview:-1"},"canonical":"https:\/\/www.hongtaivalve.com\/es\/producto\/stainless-steel-sanitary-triclamp-spool-2\/","og_locale":"es_ES","og_type":"article","og_title":"Stainless steel Sanitary triclamp spool - Wenzhou HongTai Fluid Equipment Co.Ltd","og_description":"Sanitary stainless steel spools are prefabricated lengths of tubing with Tri Clamp fitting ends added for convenience. When combined with other Tri Clamp fittings, clamps, and gaskets, sanitary spools can build a process line without the need for on-site welding &hellip; Readmore","og_url":"https:\/\/www.hongtaivalve.com\/es\/producto\/stainless-steel-sanitary-triclamp-spool-2\/","og_site_name":"Wenzhou HongTai Fluid Equipment Co.Ltd","og_image":[{"width":1500,"height":1500,"url":"https:\/\/www.hongtaivalve.com\/wp-content\/uploads\/2024\/03\/\u6d2a\u6cf0\u6d41\u4f53\u4ea7\u54c1\u56fe-68.jpg","type":"image\/jpeg"}],"twitter_card":"summary_large_image","schema":{"@context":"https:\/\/schema.org","@graph":[{"@type":"WebPage","@id":"https:\/\/www.hongtaivalve.com\/product\/stainless-steel-sanitary-triclamp-spool-2\/","url":"https:\/\/www.hongtaivalve.com\/product\/stainless-steel-sanitary-triclamp-spool-2\/","name":"Stainless steel Sanitary triclamp spool - Wenzhou HongTai Fluid Equipment Co.Ltd","isPartOf":{"@id":"https:\/\/www.hongtaivalve.com\/#website"},"primaryImageOfPage":{"@id":"https:\/\/www.hongtaivalve.com\/product\/stainless-steel-sanitary-triclamp-spool-2\/#primaryimage"},"image":{"@id":"https:\/\/www.hongtaivalve.com\/product\/stainless-steel-sanitary-triclamp-spool-2\/#primaryimage"},"thumbnailUrl":"https:\/\/www.hongtaivalve.com\/wp-content\/uploads\/2024\/03\/\u6d2a\u6cf0\u6d41\u4f53\u4ea7\u54c1\u56fe-68.jpg","datePublished":"2024-03-23T06:10:55+00:00","breadcrumb":{"@id":"https:\/\/www.hongtaivalve.com\/product\/stainless-steel-sanitary-triclamp-spool-2\/#breadcrumb"},"inLanguage":"es","potentialAction":[{"@type":"ReadAction","target":["https:\/\/www.hongtaivalve.com\/product\/stainless-steel-sanitary-triclamp-spool-2\/"]}]},{"@type":"ImageObject","inLanguage":"es","@id":"https:\/\/www.hongtaivalve.com\/product\/stainless-steel-sanitary-triclamp-spool-2\/#primaryimage","url":"https:\/\/www.hongtaivalve.com\/wp-content\/uploads\/2024\/03\/\u6d2a\u6cf0\u6d41\u4f53\u4ea7\u54c1\u56fe-68.jpg","contentUrl":"https:\/\/www.hongtaivalve.com\/wp-content\/uploads\/2024\/03\/\u6d2a\u6cf0\u6d41\u4f53\u4ea7\u54c1\u56fe-68.jpg","width":1500,"height":1500},{"@type":"BreadcrumbList","@id":"https:\/\/www.hongtaivalve.com\/product\/stainless-steel-sanitary-triclamp-spool-2\/#breadcrumb","itemListElement":[{"@type":"ListItem","position":1,"name":"\u9996\u9875","item":"https:\/\/www.hongtaivalve.com\/"},{"@type":"ListItem","position":2,"name":"Product","item":"https:\/\/www.hongtaivalve.com\/product\/"},{"@type":"ListItem","position":3,"name":"Stainless steel Sanitary triclamp spool"}]},{"@type":"WebSite","@id":"https:\/\/www.hongtaivalve.com\/#website","url":"https:\/\/www.hongtaivalve.com\/","name":"Wenzhou HongTai Fluid Equipment Co.Ltd","description":"","potentialAction":[{"@type":"SearchAction","target":{"@type":"EntryPoint","urlTemplate":"https:\/\/www.hongtaivalve.com\/?s={search_term_string}"},"query-input":{"@type":"PropertyValueSpecification","valueRequired":true,"valueName":"search_term_string"}}],"inLanguage":"es"}]}},"_links":{"self":[{"href":"https:\/\/www.hongtaivalve.com\/es\/wp-json\/wp\/v2\/product\/4790","targetHints":{"allow":["GET"]}}],"collection":[{"href":"https:\/\/www.hongtaivalve.com\/es\/wp-json\/wp\/v2\/product"}],"about":[{"href":"https:\/\/www.hongtaivalve.com\/es\/wp-json\/wp\/v2\/types\/product"}],"replies":[{"embeddable":true,"href":"https:\/\/www.hongtaivalve.com\/es\/wp-json\/wp\/v2\/comments?post=4790"}],"wp:featuredmedia":[{"embeddable":true,"href":"https:\/\/www.hongtaivalve.com\/es\/wp-json\/wp\/v2\/media\/4785"}],"wp:attachment":[{"href":"https:\/\/www.hongtaivalve.com\/es\/wp-json\/wp\/v2\/media?parent=4790"}],"wp:term":[{"taxonomy":"product_brand","embeddable":true,"href":"https:\/\/www.hongtaivalve.com\/es\/wp-json\/wp\/v2\/product_brand?post=4790"},{"taxonomy":"product_cat","embeddable":true,"href":"https:\/\/www.hongtaivalve.com\/es\/wp-json\/wp\/v2\/product_cat?post=4790"},{"taxonomy":"product_tag","embeddable":true,"href":"https:\/\/www.hongtaivalve.com\/es\/wp-json\/wp\/v2\/product_tag?post=4790"}],"curies":[{"name":"wp","href":"https:\/\/api.w.org\/{rel}","templated":true}]}}