{"id":4867,"date":"2024-04-02T03:03:11","date_gmt":"2024-04-02T03:03:11","guid":{"rendered":"http:\/\/www.hongtaivalve.com\/?post_type=product&#038;p=4867"},"modified":"2024-12-26T08:12:20","modified_gmt":"2024-12-26T08:12:20","slug":"sanitary-triclamp-ptfe-gasket","status":"publish","type":"product","link":"https:\/\/www.hongtaivalve.com\/es\/producto\/sanitary-triclamp-ptfe-gasket\/","title":{"rendered":"Hongtaivalve-Sanitaria triclamp PTFE junta-tama\u00f1o dn15-dn150-HTV-TPG001"},"content":{"rendered":"<p>&nbsp;<\/p>\n<p>En <strong>Triclamp sanitario Junta de PTFE<\/strong> est\u00e1n dise\u00f1adas para un sellado fiable en industrias exigentes como la alimentaria, la de bebidas, la farmac\u00e9utica y la qu\u00edmica.  Estas juntas garantizan una excelente durabilidad, resistencia qu\u00edmica y cumplimiento de las normas de higiene.<\/p>\n<p><strong>Caracter\u00edsticas principales<\/strong>:<\/p>\n<ul>\n<li><strong>Tallas<\/strong>: DN15-DN150, adecuado para diversos sistemas de tuber\u00edas.<\/li>\n<li><strong>Materiales<\/strong>: EPDM<\/li>\n<li><strong>Aplicaciones<\/strong>: Ideal para tuber\u00edas sanitarias en las industrias alimentaria, de bebidas, farmac\u00e9utica y qu\u00edmica.<\/li>\n<li><strong>Durabilidad<\/strong>: Resistente a las altas temperaturas, los productos qu\u00edmicos y el desgaste, lo que garantiza un uso duradero.<\/li>\n<\/ul>\n<p><strong>\u00bfPor qu\u00e9 elegir nuestras juntas sanitarias?<\/strong><\/p>\n<ol>\n<li><strong>Sellado excepcional<\/strong>: Garantiza un funcionamiento sin fugas en aplicaciones de alta presi\u00f3n y alta temperatura.<\/li>\n<li><strong>Conformidad<\/strong>: Cumple las estrictas normas de higiene y seguridad para uso alimentario y farmac\u00e9utico.<\/li>\n<li><strong>Versatilidad<\/strong>: Compatible con diversos tama\u00f1os de tuber\u00edas y sistemas, ofrece soluciones a medida.<\/li>\n<li><strong>Calidad de confianza<\/strong>: Fabricado por uno de los principales fabricantes de juntas, lo que garantiza fiabilidad y precisi\u00f3n.<\/li>\n<\/ol>\n<p>Tanto si necesita juntas para entornos de producci\u00f3n exigentes como para industrias con altos niveles de higiene, nuestros productos ofrecen un rendimiento \u00f3ptimo y tranquilidad.<\/p>\n<h2><span style=\"color: #ff0000;\">Instrucciones de embalaje del producto\uff1a<\/span><\/h2>\n<p>Cada producto se embala primero individualmente en una bolsa de espuma y luego se coloca cuidadosamente en una caja de cart\u00f3n designada. Por \u00faltimo, se paletiza o se embala en una caja de madera de exportaci\u00f3n. Todo el proceso de embalaje se ejecuta rigurosamente para evitar cualquier da\u00f1o durante el transporte.<\/p>\n<p><a href=\"http:\/\/www.hongtaivalve.com\/wp-content\/uploads\/2024\/04\/\u6d2a\u6cf0\u6d41\u4f53\u4ea7\u54c1\u56fe-35.jpg\"><img fetchpriority=\"high\" decoding=\"async\" class=\"alignnone size-full wp-image-4868\" src=\"http:\/\/www.hongtaivalve.com\/wp-content\/uploads\/2024\/04\/\u6d2a\u6cf0\u6d41\u4f53\u4ea7\u54c1\u56fe-35.jpg\" alt=\"\" width=\"1500\" height=\"1500\" srcset=\"https:\/\/www.hongtaivalve.com\/wp-content\/uploads\/2024\/04\/\u6d2a\u6cf0\u6d41\u4f53\u4ea7\u54c1\u56fe-35.jpg 1500w, https:\/\/www.hongtaivalve.com\/wp-content\/uploads\/2024\/04\/\u6d2a\u6cf0\u6d41\u4f53\u4ea7\u54c1\u56fe-35-800x800.jpg 800w, https:\/\/www.hongtaivalve.com\/wp-content\/uploads\/2024\/04\/\u6d2a\u6cf0\u6d41\u4f53\u4ea7\u54c1\u56fe-35-100x100.jpg 100w, https:\/\/www.hongtaivalve.com\/wp-content\/uploads\/2024\/04\/\u6d2a\u6cf0\u6d41\u4f53\u4ea7\u54c1\u56fe-35-300x300.jpg 300w, https:\/\/www.hongtaivalve.com\/wp-content\/uploads\/2024\/04\/\u6d2a\u6cf0\u6d41\u4f53\u4ea7\u54c1\u56fe-35-1024x1024.jpg 1024w, https:\/\/www.hongtaivalve.com\/wp-content\/uploads\/2024\/04\/\u6d2a\u6cf0\u6d41\u4f53\u4ea7\u54c1\u56fe-35-150x150.jpg 150w, https:\/\/www.hongtaivalve.com\/wp-content\/uploads\/2024\/04\/\u6d2a\u6cf0\u6d41\u4f53\u4ea7\u54c1\u56fe-35-768x768.jpg 768w\" sizes=\"(max-width: 1500px) 100vw, 1500px\" \/><\/a><\/p>\n<p><strong>Qui\u00e9nes somos<\/strong><\/p>\n<p>En HongTai, nos especializamos en v\u00e1lvulas sanitarias de alta calidad y accesorios de tuber\u00eda de acero inoxidable, sirviendo a industrias clave como la farmac\u00e9utica, procesamiento de alimentos y productos qu\u00edmicos. Fabricados con acero inoxidable 304, 316 y 316L de primera calidad, nuestros productos ofrecen una excelente resistencia a la corrosi\u00f3n y se elaboran utilizando t\u00e9cnicas de fabricaci\u00f3n avanzadas como corte por l\u00e1ser y soldadura de precisi\u00f3n. Dise\u00f1adas para la higiene y la integridad de los fluidos, las v\u00e1lvulas de HongTai son la opci\u00f3n ideal para las industrias que requieren una limpieza \u00f3ptima y un rendimiento duradero.<\/p>\n<p><a href=\"https:\/\/www.hongtaivalve.com\/wp-content\/uploads\/2024\/12\/2efad8255a88820383829ce2a75fcb9.jpg\"><img decoding=\"async\" class=\"wp-image-5948 aligncenter\" src=\"https:\/\/www.hongtaivalve.com\/wp-content\/uploads\/2024\/12\/2efad8255a88820383829ce2a75fcb9.jpg\" alt=\"\" width=\"664\" height=\"430\" srcset=\"https:\/\/www.hongtaivalve.com\/wp-content\/uploads\/2024\/12\/2efad8255a88820383829ce2a75fcb9.jpg 985w, https:\/\/www.hongtaivalve.com\/wp-content\/uploads\/2024\/12\/2efad8255a88820383829ce2a75fcb9-300x194.jpg 300w, https:\/\/www.hongtaivalve.com\/wp-content\/uploads\/2024\/12\/2efad8255a88820383829ce2a75fcb9-768x497.jpg 768w, https:\/\/www.hongtaivalve.com\/wp-content\/uploads\/2024\/12\/2efad8255a88820383829ce2a75fcb9-18x12.jpg 18w, https:\/\/www.hongtaivalve.com\/wp-content\/uploads\/2024\/12\/2efad8255a88820383829ce2a75fcb9-800x518.jpg 800w\" sizes=\"(max-width: 664px) 100vw, 664px\" \/><\/a><\/p>\n<p><strong>Por qu\u00e9 elegirnos<\/strong><\/p>\n<p><strong>Garant\u00eda de calidad:<\/strong>\u00a0Mantenemos un estricto control de todas las fases de producci\u00f3n, desde las materias primas hasta los productos acabados, garantizando el cumplimiento de la norma ISO9001 y las certificaciones internacionales, incluidas las normas 3A, DIN e ISO.<\/p>\n<p><strong>Experiencia en el sector:<\/strong>\u00a0D\u00e9cadas de experiencia en soluciones para industrias cr\u00edticas como la alimentaria, la de bebidas y la farmac\u00e9utica.<\/p>\n<p><strong>Tecnolog\u00eda avanzada:<\/strong>\u00a0Nuestras instalaciones de \u00faltima generaci\u00f3n, que incluyen tornos CNC y herramientas de precisi\u00f3n actualizados peri\u00f3dicamente, garantizan una gran precisi\u00f3n superficial y tolerancias ajustadas para cada producto.<\/p>\n<p><strong>100% Inspecci\u00f3n:<\/strong>\u00a0Todos los productos se someten a rigurosas pruebas, incluida la detecci\u00f3n de fugas en v\u00e1lvulas y tama\u00f1os, para garantizar una calidad impecable antes de salir de nuestras instalaciones.<\/p>\n<p><strong>Alcance mundial:<\/strong>\u00a0Empresas de todo el mundo conf\u00edan en nuestra calidad constante y nuestras entregas puntuales.<\/p>\n<p>Elija HongTai por su inigualable fiabilidad, rendimiento e innovaci\u00f3n en soluciones de valvuler\u00eda y accesorios de tuber\u00edas.<\/p>\n<p>&nbsp;<\/p>\n<p><strong>P\u00f3ngase en contacto con nosotros<\/strong><br \/>\nPara m\u00e1s informaci\u00f3n o para hablar de sus necesidades, p\u00f3ngase en contacto con nosotros:<br \/>\nCorreo electr\u00f3nico: ht@htcdf.com<br \/>\nwhatsapp: (86)18875809195<br \/>\nTambi\u00e9n puede visitar nuestra\u00a0<a href=\"https:\/\/www.hongtaivalve.com\/es\/contact-us\/\" target=\"_blank\" rel=\"noopener\">Contacte con nosotros<\/a>\u00a0para m\u00e1s formas de ponerse en contacto.<\/p>","protected":false},"excerpt":{"rendered":"<p>Resistencia a la corrosi\u00f3n. La junta de PTFE es inerte a la mayor\u00eda de los productos qu\u00edmicos y disolventes, y puede soportar \u00e1cidos y \u00e1lcalis fuertes, agua regia y diversos disolventes org\u00e1nicos.<br \/>\nResistencia a altas temperaturas. La junta de PTFE puede trabajar durante mucho tiempo a temperaturas de -196 \u00b0 C a +250 \u00b0 C.<br \/>\nBajo coeficiente de fricci\u00f3n Las juntas de Ptfe tienen el coeficiente de fricci\u00f3n m\u00e1s bajo de todos los materiales s\u00f3lidos conocidos, lo que las hace ideales para la lubricaci\u00f3n sin aceite.<br \/>\nAislamiento el\u00e9ctrico . La junta de Ptfe tiene un excelente aislamiento el\u00e9ctrico y es adecuada para la industria el\u00e9ctrica.<br \/>\nAutolubricaci\u00f3n. La junta de PTFE tiene una alta tensi\u00f3n superficial, buena autolubricaci\u00f3n y no se pega a nada.<br \/>\nEstabilidad qu\u00edmica . La junta de PTFE tiene una fuerte resistencia a la corrosi\u00f3n qu\u00edmica, y s\u00f3lo unos pocos elementos como el metal alcalino fundido y el fl\u00faor elemental a alta temperatura y alta presi\u00f3n pueden actuar sobre ella.<br \/>\nDebido a estas caracter\u00edsticas, las juntas de PTFE se utilizan ampliamente en la industria qu\u00edmica , petrolera , farmac\u00e9utica , alimentaria y otras industrias, y es conocido como el \"rey de pl\u00e1stico\".<\/p>\n<p>Tama\u00f1os de 1\/2\u2033 a 12\u2033.<\/p>\n<p>Crea un sello a prueba de fugas entre las bridas tri-clamp<\/p>\n<p>Tambi\u00e9n ofrecemos juntas Tri-Clamp con bridas en funci\u00f3n de sus necesidades.<\/p>","protected":false},"featured_media":4868,"comment_status":"open","ping_status":"closed","template":"","meta":[],"product_brand":[],"product_cat":[15,109],"product_tag":[],"class_list":{"0":"post-4867","1":"product","2":"type-product","3":"status-publish","4":"has-post-thumbnail","6":"product_cat-butterfly-valve-2","7":"product_cat-gaskets-seals","9":"first","10":"instock","11":"shipping-taxable","12":"product-type-simple"},"yoast_head":"<!-- This site is optimized with the Yoast SEO plugin v24.6 - https:\/\/yoast.com\/wordpress\/plugins\/seo\/ -->\n<title>Hongtaivalve-Sanitary triclamp PTFE gasket-size dn15-dn150-HTV-TPG001 - Wenzhou HongTai Fluid Equipment Co.Ltd<\/title>\n<meta name=\"robots\" content=\"index, follow, max-snippet:-1, max-image-preview:large, max-video-preview:-1\" \/>\n<link rel=\"canonical\" href=\"https:\/\/www.hongtaivalve.com\/es\/producto\/sanitary-triclamp-ptfe-gasket\/\" \/>\n<meta property=\"og:locale\" content=\"es_ES\" \/>\n<meta property=\"og:type\" content=\"article\" \/>\n<meta property=\"og:title\" content=\"Hongtaivalve-Sanitary triclamp PTFE gasket-size dn15-dn150-HTV-TPG001 - Wenzhou HongTai Fluid Equipment Co.Ltd\" \/>\n<meta property=\"og:description\" content=\"Corrosion resistance. The PTFE gasket is inert to most chemicals and solvents, and can withstand strong acids and alkalis, aqua regia and various organic solvents. High temperature resistance. The PTFE gasket can work for a long time at temperatures from -196 \u00b0 C to +250 \u00b0 C. Low friction coefficient .Ptfe gaskets have the lowest friction coefficient of any known solid material, making them ideal for oil-free lubrication. Electrical insulation . Ptfe gasket has excellent electrical insulation and is suitable for electrical industry. Self-lubricity. The PTFE gasket has high surface tension, good self-lubrication, and does not stick to anything. Chemical stability . The PTFE gasket has strong chemical corrosion resistance, and only a few elements such as molten alkali metal and elemental fluorine under high temperature and high pressure can act on it. Because of these characteristics, PTFE gaskets are widely used in chemical industry , petroleum , pharmaceutical , food\u00a0 and other industries, and is known as the &quot;plastic king&quot;.  Sizes from 1\/2\u2033 up to 12\u2033  Creates a leak-proof seal between tri-clamp flanges  We also offer Flanged Tri-Clamp Gaskets base on your requirements\" \/>\n<meta property=\"og:url\" content=\"https:\/\/www.hongtaivalve.com\/es\/producto\/sanitary-triclamp-ptfe-gasket\/\" \/>\n<meta property=\"og:site_name\" content=\"Wenzhou HongTai Fluid Equipment Co.Ltd\" \/>\n<meta property=\"article:modified_time\" content=\"2024-12-26T08:12:20+00:00\" \/>\n<meta property=\"og:image\" content=\"https:\/\/www.hongtaivalve.com\/wp-content\/uploads\/2024\/04\/\u6d2a\u6cf0\u6d41\u4f53\u4ea7\u54c1\u56fe-35.jpg\" \/>\n\t<meta property=\"og:image:width\" content=\"1500\" \/>\n\t<meta property=\"og:image:height\" content=\"1500\" \/>\n\t<meta property=\"og:image:type\" content=\"image\/jpeg\" \/>\n<meta name=\"twitter:card\" content=\"summary_large_image\" \/>\n<meta name=\"twitter:label1\" content=\"Tiempo de lectura\" \/>\n\t<meta name=\"twitter:data1\" content=\"3 minutos\" \/>\n<script type=\"application\/ld+json\" class=\"yoast-schema-graph\">{\"@context\":\"https:\/\/schema.org\",\"@graph\":[{\"@type\":\"WebPage\",\"@id\":\"https:\/\/www.hongtaivalve.com\/product\/sanitary-triclamp-ptfe-gasket\/\",\"url\":\"https:\/\/www.hongtaivalve.com\/product\/sanitary-triclamp-ptfe-gasket\/\",\"name\":\"Hongtaivalve-Sanitary triclamp PTFE gasket-size dn15-dn150-HTV-TPG001 - Wenzhou HongTai Fluid Equipment Co.Ltd\",\"isPartOf\":{\"@id\":\"https:\/\/www.hongtaivalve.com\/#website\"},\"primaryImageOfPage\":{\"@id\":\"https:\/\/www.hongtaivalve.com\/product\/sanitary-triclamp-ptfe-gasket\/#primaryimage\"},\"image\":{\"@id\":\"https:\/\/www.hongtaivalve.com\/product\/sanitary-triclamp-ptfe-gasket\/#primaryimage\"},\"thumbnailUrl\":\"https:\/\/www.hongtaivalve.com\/wp-content\/uploads\/2024\/04\/\u6d2a\u6cf0\u6d41\u4f53\u4ea7\u54c1\u56fe-35.jpg\",\"datePublished\":\"2024-04-02T03:03:11+00:00\",\"dateModified\":\"2024-12-26T08:12:20+00:00\",\"breadcrumb\":{\"@id\":\"https:\/\/www.hongtaivalve.com\/product\/sanitary-triclamp-ptfe-gasket\/#breadcrumb\"},\"inLanguage\":\"es\",\"potentialAction\":[{\"@type\":\"ReadAction\",\"target\":[\"https:\/\/www.hongtaivalve.com\/product\/sanitary-triclamp-ptfe-gasket\/\"]}]},{\"@type\":\"ImageObject\",\"inLanguage\":\"es\",\"@id\":\"https:\/\/www.hongtaivalve.com\/product\/sanitary-triclamp-ptfe-gasket\/#primaryimage\",\"url\":\"https:\/\/www.hongtaivalve.com\/wp-content\/uploads\/2024\/04\/\u6d2a\u6cf0\u6d41\u4f53\u4ea7\u54c1\u56fe-35.jpg\",\"contentUrl\":\"https:\/\/www.hongtaivalve.com\/wp-content\/uploads\/2024\/04\/\u6d2a\u6cf0\u6d41\u4f53\u4ea7\u54c1\u56fe-35.jpg\",\"width\":1500,\"height\":1500},{\"@type\":\"BreadcrumbList\",\"@id\":\"https:\/\/www.hongtaivalve.com\/product\/sanitary-triclamp-ptfe-gasket\/#breadcrumb\",\"itemListElement\":[{\"@type\":\"ListItem\",\"position\":1,\"name\":\"\u9996\u9875\",\"item\":\"https:\/\/www.hongtaivalve.com\/\"},{\"@type\":\"ListItem\",\"position\":2,\"name\":\"Product\",\"item\":\"https:\/\/www.hongtaivalve.com\/product\/\"},{\"@type\":\"ListItem\",\"position\":3,\"name\":\"Hongtaivalve-Sanitary triclamp PTFE gasket-size dn15-dn150-HTV-TPG001\"}]},{\"@type\":\"WebSite\",\"@id\":\"https:\/\/www.hongtaivalve.com\/#website\",\"url\":\"https:\/\/www.hongtaivalve.com\/\",\"name\":\"Wenzhou HongTai Fluid Equipment Co.Ltd\",\"description\":\"\",\"potentialAction\":[{\"@type\":\"SearchAction\",\"target\":{\"@type\":\"EntryPoint\",\"urlTemplate\":\"https:\/\/www.hongtaivalve.com\/?s={search_term_string}\"},\"query-input\":{\"@type\":\"PropertyValueSpecification\",\"valueRequired\":true,\"valueName\":\"search_term_string\"}}],\"inLanguage\":\"es\"}]}<\/script>\n<!-- \/ Yoast SEO plugin. -->","yoast_head_json":{"title":"Hongtaivalve-Sanitary triclamp PTFE gasket-size dn15-dn150-HTV-TPG001 - Wenzhou HongTai Fluid Equipment Co.Ltd","robots":{"index":"index","follow":"follow","max-snippet":"max-snippet:-1","max-image-preview":"max-image-preview:large","max-video-preview":"max-video-preview:-1"},"canonical":"https:\/\/www.hongtaivalve.com\/es\/producto\/sanitary-triclamp-ptfe-gasket\/","og_locale":"es_ES","og_type":"article","og_title":"Hongtaivalve-Sanitary triclamp PTFE gasket-size dn15-dn150-HTV-TPG001 - Wenzhou HongTai Fluid Equipment Co.Ltd","og_description":"Corrosion resistance. The PTFE gasket is inert to most chemicals and solvents, and can withstand strong acids and alkalis, aqua regia and various organic solvents. High temperature resistance. The PTFE gasket can work for a long time at temperatures from -196 \u00b0 C to +250 \u00b0 C. Low friction coefficient .Ptfe gaskets have the lowest friction coefficient of any known solid material, making them ideal for oil-free lubrication. Electrical insulation . Ptfe gasket has excellent electrical insulation and is suitable for electrical industry. Self-lubricity. The PTFE gasket has high surface tension, good self-lubrication, and does not stick to anything. Chemical stability . The PTFE gasket has strong chemical corrosion resistance, and only a few elements such as molten alkali metal and elemental fluorine under high temperature and high pressure can act on it. Because of these characteristics, PTFE gaskets are widely used in chemical industry , petroleum , pharmaceutical , food\u00a0 and other industries, and is known as the \"plastic king\".  Sizes from 1\/2\u2033 up to 12\u2033  Creates a leak-proof seal between tri-clamp flanges  We also offer Flanged Tri-Clamp Gaskets base on your requirements","og_url":"https:\/\/www.hongtaivalve.com\/es\/producto\/sanitary-triclamp-ptfe-gasket\/","og_site_name":"Wenzhou HongTai Fluid Equipment Co.Ltd","article_modified_time":"2024-12-26T08:12:20+00:00","og_image":[{"width":1500,"height":1500,"url":"https:\/\/www.hongtaivalve.com\/wp-content\/uploads\/2024\/04\/\u6d2a\u6cf0\u6d41\u4f53\u4ea7\u54c1\u56fe-35.jpg","type":"image\/jpeg"}],"twitter_card":"summary_large_image","twitter_misc":{"Tiempo de lectura":"3 minutos"},"schema":{"@context":"https:\/\/schema.org","@graph":[{"@type":"WebPage","@id":"https:\/\/www.hongtaivalve.com\/product\/sanitary-triclamp-ptfe-gasket\/","url":"https:\/\/www.hongtaivalve.com\/product\/sanitary-triclamp-ptfe-gasket\/","name":"Hongtaivalve-Sanitary triclamp PTFE gasket-size dn15-dn150-HTV-TPG001 - Wenzhou HongTai Fluid Equipment Co.Ltd","isPartOf":{"@id":"https:\/\/www.hongtaivalve.com\/#website"},"primaryImageOfPage":{"@id":"https:\/\/www.hongtaivalve.com\/product\/sanitary-triclamp-ptfe-gasket\/#primaryimage"},"image":{"@id":"https:\/\/www.hongtaivalve.com\/product\/sanitary-triclamp-ptfe-gasket\/#primaryimage"},"thumbnailUrl":"https:\/\/www.hongtaivalve.com\/wp-content\/uploads\/2024\/04\/\u6d2a\u6cf0\u6d41\u4f53\u4ea7\u54c1\u56fe-35.jpg","datePublished":"2024-04-02T03:03:11+00:00","dateModified":"2024-12-26T08:12:20+00:00","breadcrumb":{"@id":"https:\/\/www.hongtaivalve.com\/product\/sanitary-triclamp-ptfe-gasket\/#breadcrumb"},"inLanguage":"es","potentialAction":[{"@type":"ReadAction","target":["https:\/\/www.hongtaivalve.com\/product\/sanitary-triclamp-ptfe-gasket\/"]}]},{"@type":"ImageObject","inLanguage":"es","@id":"https:\/\/www.hongtaivalve.com\/product\/sanitary-triclamp-ptfe-gasket\/#primaryimage","url":"https:\/\/www.hongtaivalve.com\/wp-content\/uploads\/2024\/04\/\u6d2a\u6cf0\u6d41\u4f53\u4ea7\u54c1\u56fe-35.jpg","contentUrl":"https:\/\/www.hongtaivalve.com\/wp-content\/uploads\/2024\/04\/\u6d2a\u6cf0\u6d41\u4f53\u4ea7\u54c1\u56fe-35.jpg","width":1500,"height":1500},{"@type":"BreadcrumbList","@id":"https:\/\/www.hongtaivalve.com\/product\/sanitary-triclamp-ptfe-gasket\/#breadcrumb","itemListElement":[{"@type":"ListItem","position":1,"name":"\u9996\u9875","item":"https:\/\/www.hongtaivalve.com\/"},{"@type":"ListItem","position":2,"name":"Product","item":"https:\/\/www.hongtaivalve.com\/product\/"},{"@type":"ListItem","position":3,"name":"Hongtaivalve-Sanitary triclamp PTFE gasket-size dn15-dn150-HTV-TPG001"}]},{"@type":"WebSite","@id":"https:\/\/www.hongtaivalve.com\/#website","url":"https:\/\/www.hongtaivalve.com\/","name":"Wenzhou HongTai Fluid Equipment Co.Ltd","description":"","potentialAction":[{"@type":"SearchAction","target":{"@type":"EntryPoint","urlTemplate":"https:\/\/www.hongtaivalve.com\/?s={search_term_string}"},"query-input":{"@type":"PropertyValueSpecification","valueRequired":true,"valueName":"search_term_string"}}],"inLanguage":"es"}]}},"_links":{"self":[{"href":"https:\/\/www.hongtaivalve.com\/es\/wp-json\/wp\/v2\/product\/4867","targetHints":{"allow":["GET"]}}],"collection":[{"href":"https:\/\/www.hongtaivalve.com\/es\/wp-json\/wp\/v2\/product"}],"about":[{"href":"https:\/\/www.hongtaivalve.com\/es\/wp-json\/wp\/v2\/types\/product"}],"replies":[{"embeddable":true,"href":"https:\/\/www.hongtaivalve.com\/es\/wp-json\/wp\/v2\/comments?post=4867"}],"wp:featuredmedia":[{"embeddable":true,"href":"https:\/\/www.hongtaivalve.com\/es\/wp-json\/wp\/v2\/media\/4868"}],"wp:attachment":[{"href":"https:\/\/www.hongtaivalve.com\/es\/wp-json\/wp\/v2\/media?parent=4867"}],"wp:term":[{"taxonomy":"product_brand","embeddable":true,"href":"https:\/\/www.hongtaivalve.com\/es\/wp-json\/wp\/v2\/product_brand?post=4867"},{"taxonomy":"product_cat","embeddable":true,"href":"https:\/\/www.hongtaivalve.com\/es\/wp-json\/wp\/v2\/product_cat?post=4867"},{"taxonomy":"product_tag","embeddable":true,"href":"https:\/\/www.hongtaivalve.com\/es\/wp-json\/wp\/v2\/product_tag?post=4867"}],"curies":[{"name":"wp","href":"https:\/\/api.w.org\/{rel}","templated":true}]}}