{"id":4918,"date":"2024-04-11T05:35:55","date_gmt":"2024-04-11T05:35:55","guid":{"rendered":"http:\/\/www.hongtaivalve.com\/?post_type=product&#038;p=4918"},"modified":"2024-12-27T02:00:57","modified_gmt":"2024-12-27T02:00:57","slug":"sanitary-ellipse-tank-oval-pressure-inward-opening-manhole-cover","status":"publish","type":"product","link":"https:\/\/www.hongtaivalve.com\/es\/producto\/sanitary-ellipse-tank-oval-pressure-inward-opening-manhole-cover\/","title":{"rendered":"HongTaivalve-Sanitaria elipse tanque oval presi\u00f3n apertura hacia adentro tapa de registro-tama\u00f1o dn15-dn150-HTV-ET001"},"content":{"rendered":"<h2><span style=\"color: #ff0000;\">Instrucciones de embalaje del producto\uff1a<\/span><\/h2>\n<p>Cada producto se embala primero individualmente en una bolsa de espuma y luego se coloca cuidadosamente en una caja de cart\u00f3n designada. Por \u00faltimo, se paletiza o se embala en una caja de madera de exportaci\u00f3n. Todo el proceso de embalaje se ejecuta rigurosamente para evitar cualquier da\u00f1o durante el transporte.<\/p>\n<p><a href=\"http:\/\/www.hongtaivalve.com\/wp-content\/uploads\/2024\/04\/IMG_9423.jpg\"><img fetchpriority=\"high\" decoding=\"async\" class=\"alignnone size-full wp-image-4919\" src=\"http:\/\/www.hongtaivalve.com\/wp-content\/uploads\/2024\/04\/IMG_9423.jpg\" alt=\"\" width=\"1024\" height=\"768\" srcset=\"https:\/\/www.hongtaivalve.com\/wp-content\/uploads\/2024\/04\/IMG_9423.jpg 1024w, https:\/\/www.hongtaivalve.com\/wp-content\/uploads\/2024\/04\/IMG_9423-800x600.jpg 800w, https:\/\/www.hongtaivalve.com\/wp-content\/uploads\/2024\/04\/IMG_9423-300x225.jpg 300w, https:\/\/www.hongtaivalve.com\/wp-content\/uploads\/2024\/04\/IMG_9423-768x576.jpg 768w\" sizes=\"(max-width: 1024px) 100vw, 1024px\" \/><\/a><\/p>\n<p><strong>Qui\u00e9nes somos<\/strong><\/p>\n<p>En HongTai, nos especializamos en v\u00e1lvulas sanitarias de alta calidad y accesorios de tuber\u00eda de acero inoxidable, sirviendo a industrias clave como la farmac\u00e9utica, procesamiento de alimentos y productos qu\u00edmicos. Fabricados con acero inoxidable 304, 316 y 316L de primera calidad, nuestros productos ofrecen una excelente resistencia a la corrosi\u00f3n y se elaboran utilizando t\u00e9cnicas de fabricaci\u00f3n avanzadas como corte por l\u00e1ser y soldadura de precisi\u00f3n. Dise\u00f1adas para la higiene y la integridad de los fluidos, las v\u00e1lvulas de HongTai son la opci\u00f3n ideal para las industrias que requieren una limpieza \u00f3ptima y un rendimiento duradero.<\/p>\n<p><a href=\"https:\/\/www.hongtaivalve.com\/wp-content\/uploads\/2024\/12\/2efad8255a88820383829ce2a75fcb9.jpg\"><img decoding=\"async\" class=\"wp-image-5948 aligncenter\" src=\"https:\/\/www.hongtaivalve.com\/wp-content\/uploads\/2024\/12\/2efad8255a88820383829ce2a75fcb9.jpg\" alt=\"\" width=\"607\" height=\"393\" srcset=\"https:\/\/www.hongtaivalve.com\/wp-content\/uploads\/2024\/12\/2efad8255a88820383829ce2a75fcb9.jpg 985w, https:\/\/www.hongtaivalve.com\/wp-content\/uploads\/2024\/12\/2efad8255a88820383829ce2a75fcb9-300x194.jpg 300w, https:\/\/www.hongtaivalve.com\/wp-content\/uploads\/2024\/12\/2efad8255a88820383829ce2a75fcb9-768x497.jpg 768w, https:\/\/www.hongtaivalve.com\/wp-content\/uploads\/2024\/12\/2efad8255a88820383829ce2a75fcb9-18x12.jpg 18w, https:\/\/www.hongtaivalve.com\/wp-content\/uploads\/2024\/12\/2efad8255a88820383829ce2a75fcb9-800x518.jpg 800w\" sizes=\"(max-width: 607px) 100vw, 607px\" \/><\/a><\/p>\n<p><strong>Por qu\u00e9 elegirnos<\/strong><\/p>\n<p><strong>Garant\u00eda de calidad:<\/strong>\u00a0Mantenemos un estricto control de todas las fases de producci\u00f3n, desde las materias primas hasta los productos acabados, garantizando el cumplimiento de la norma ISO9001 y las certificaciones internacionales, incluidas las normas 3A, DIN e ISO.<\/p>\n<p><strong>Experiencia en el sector:<\/strong>\u00a0D\u00e9cadas de experiencia en soluciones para industrias cr\u00edticas como la alimentaria, la de bebidas y la farmac\u00e9utica.<\/p>\n<p><strong>Tecnolog\u00eda avanzada:<\/strong>\u00a0Nuestras instalaciones de \u00faltima generaci\u00f3n, que incluyen tornos CNC y herramientas de precisi\u00f3n actualizados peri\u00f3dicamente, garantizan una gran precisi\u00f3n superficial y tolerancias ajustadas para cada producto.<\/p>\n<p><strong>100% Inspecci\u00f3n:<\/strong>\u00a0Todos los productos se someten a rigurosas pruebas, incluida la detecci\u00f3n de fugas en v\u00e1lvulas y tama\u00f1os, para garantizar una calidad impecable antes de salir de nuestras instalaciones.<\/p>\n<p><strong>Alcance mundial:<\/strong>\u00a0Empresas de todo el mundo conf\u00edan en nuestra calidad constante y nuestras entregas puntuales.<\/p>\n<p>Elija HongTai por su inigualable fiabilidad, rendimiento e innovaci\u00f3n en soluciones de valvuler\u00eda y accesorios de tuber\u00edas.<\/p>\n<p>&nbsp;<\/p>\n<p><strong>P\u00f3ngase en contacto con nosotros<\/strong><br \/>\nPara m\u00e1s informaci\u00f3n o para hablar de sus necesidades, p\u00f3ngase en contacto con nosotros:<br \/>\nCorreo electr\u00f3nico: ht@htcdf.com<br \/>\nwhatsapp: (86)18875809195<br \/>\nTambi\u00e9n puede visitar nuestra\u00a0<a href=\"https:\/\/www.hongtaivalve.com\/es\/contact-us\/\" target=\"_blank\" rel=\"noopener\">Contacte con nosotros<\/a>\u00a0para m\u00e1s formas de ponerse en contacto.<\/p>\n<p>&nbsp;<\/p>\n<p>&nbsp;<\/p>","protected":false},"excerpt":{"rendered":"<p>Las arquetas de acero inoxidable incluyen arquetas a presi\u00f3n y arquetas no presurizadas, de las cuales las arquetas no presurizadas para tanques pueden proporcionar SS304 o SS316. Se utilizan principalmente en equipos de tanques tales como tanques de almacenamiento atmosf\u00e9rico y tanques de mezcla para comprobar el nivel de l\u00edquido, manteniendo el control del aire en la parte superior del tanque - la boca de inspecci\u00f3n est\u00e1 sellada y evita el intercambio de aire. La boca de hombre suele instalarse en la parte superior del tanque, y su tama\u00f1o depende de la condici\u00f3n aplicada: las m\u00e1s grandes facilitan la adici\u00f3n de s\u00f3lidos, o las m\u00e1s peque\u00f1as para la adici\u00f3n de l\u00edquidos o polvos.<br \/>\nLa presi\u00f3n de la boca de inspecci\u00f3n depende del grosor de la pared del material de acero inoxidable y del grosor del anillo de brida, podemos proporcionar bocas de inspecci\u00f3n redondas, cuadradas y ovaladas. De acuerdo con las diferentes necesidades de los clientes, podemos personalizar la boca de inspecci\u00f3n de vidrio, con la boca de inspecci\u00f3n de la v\u00e1lvula de respiraci\u00f3n, la superficie puede ser arenado o pulido espejo.<\/p>\n<p>Las arquetas de cristal son muy pr\u00e1cticas para observar los materiales de los tanques. Tambi\u00e9n podemos instalar bocas de inspecci\u00f3n con luz, que son un poco m\u00e1s caras que otras bocas de inspecci\u00f3n, que son adecuadas para la instalaci\u00f3n de tapas de tanques atmosf\u00e9ricos. Las funciones se dividen en totalmente cerradas, de tipo espejo de cristal observable y de tipo espejo de cristal observable con luz.<\/p>\n<ul>\n<li>Especificaciones de los pozos ovalados: 320 x 440 mm, 350 x 450 mm, 410 x 510 mm<\/li>\n<\/ul>","protected":false},"featured_media":4920,"comment_status":"open","ping_status":"closed","template":"","meta":[],"product_brand":[],"product_cat":[107],"product_tag":[],"class_list":{"0":"post-4918","1":"product","2":"type-product","3":"status-publish","4":"has-post-thumbnail","6":"product_cat-extractions-tank-accessories","8":"first","9":"instock","10":"shipping-taxable","11":"product-type-simple"},"yoast_head":"<!-- This site is optimized with the Yoast SEO plugin v24.6 - https:\/\/yoast.com\/wordpress\/plugins\/seo\/ -->\n<title>HongTaivalve-Sanitary ellipse tank oval pressure inward opening manhole cover-size dn15-dn150-HTV-ET001 - Wenzhou HongTai Fluid Equipment Co.Ltd<\/title>\n<meta name=\"robots\" content=\"index, follow, max-snippet:-1, max-image-preview:large, max-video-preview:-1\" \/>\n<link rel=\"canonical\" href=\"https:\/\/www.hongtaivalve.com\/es\/producto\/sanitary-ellipse-tank-oval-pressure-inward-opening-manhole-cover\/\" \/>\n<meta property=\"og:locale\" content=\"es_ES\" \/>\n<meta property=\"og:type\" content=\"article\" \/>\n<meta property=\"og:title\" content=\"HongTaivalve-Sanitary ellipse tank oval pressure inward opening manhole cover-size dn15-dn150-HTV-ET001 - Wenzhou HongTai Fluid Equipment Co.Ltd\" \/>\n<meta property=\"og:description\" content=\"Stainless steel manholes include pressure manholes and non-pressurized manholes, of which the non-pressurized tank manholes can provide SS304 or SS316. They are mainly used in tank equipment such as atmospheric storage tanks and mixing tanks to check the liquid level, while maintaining control of the air at the top of the tank - the manhole is sealed and prevents air exchange. The manhole is usually installed on the top of the tank, and its size depends on the condition applied: larger ones facilitate the addition of solids, or smaller ones for the addition of liquids or powders. Manhole pressure depends on the thickness of the wall of the stainless steel material and the thickness of the flange ring, we can provide round manholes, square manholes and oval manholes. According to different customer needs, we can customize the glass manhole, with breathing valve manhole, the surface can be sandblasted or mirror polishing  Glass manholes are very convenient for observing tank materials. We can also install manholes with lights, which are slightly more expensive than other manholes, which are suitable for the installation of atmospheric tank tops. The functions are divided into fully enclosed, observable glass mirror type and observable glass mirror type with light.   Oval manhole specifications: 320 x 440mm, 350 x 450mm, 410 x 510mm\" \/>\n<meta property=\"og:url\" content=\"https:\/\/www.hongtaivalve.com\/es\/producto\/sanitary-ellipse-tank-oval-pressure-inward-opening-manhole-cover\/\" \/>\n<meta property=\"og:site_name\" content=\"Wenzhou HongTai Fluid Equipment Co.Ltd\" \/>\n<meta property=\"article:modified_time\" content=\"2024-12-27T02:00:57+00:00\" \/>\n<meta property=\"og:image\" content=\"https:\/\/www.hongtaivalve.com\/wp-content\/uploads\/2024\/04\/IMG_9425.jpg\" \/>\n\t<meta property=\"og:image:width\" content=\"1024\" \/>\n\t<meta property=\"og:image:height\" content=\"768\" \/>\n\t<meta property=\"og:image:type\" content=\"image\/jpeg\" \/>\n<meta name=\"twitter:card\" content=\"summary_large_image\" \/>\n<meta name=\"twitter:label1\" content=\"Tiempo de lectura\" \/>\n\t<meta name=\"twitter:data1\" content=\"3 minutos\" \/>\n<script type=\"application\/ld+json\" class=\"yoast-schema-graph\">{\"@context\":\"https:\/\/schema.org\",\"@graph\":[{\"@type\":\"WebPage\",\"@id\":\"https:\/\/www.hongtaivalve.com\/product\/sanitary-ellipse-tank-oval-pressure-inward-opening-manhole-cover\/\",\"url\":\"https:\/\/www.hongtaivalve.com\/product\/sanitary-ellipse-tank-oval-pressure-inward-opening-manhole-cover\/\",\"name\":\"HongTaivalve-Sanitary ellipse tank oval pressure inward opening manhole cover-size dn15-dn150-HTV-ET001 - Wenzhou HongTai Fluid Equipment Co.Ltd\",\"isPartOf\":{\"@id\":\"https:\/\/www.hongtaivalve.com\/#website\"},\"primaryImageOfPage\":{\"@id\":\"https:\/\/www.hongtaivalve.com\/product\/sanitary-ellipse-tank-oval-pressure-inward-opening-manhole-cover\/#primaryimage\"},\"image\":{\"@id\":\"https:\/\/www.hongtaivalve.com\/product\/sanitary-ellipse-tank-oval-pressure-inward-opening-manhole-cover\/#primaryimage\"},\"thumbnailUrl\":\"https:\/\/www.hongtaivalve.com\/wp-content\/uploads\/2024\/04\/IMG_9425.jpg\",\"datePublished\":\"2024-04-11T05:35:55+00:00\",\"dateModified\":\"2024-12-27T02:00:57+00:00\",\"breadcrumb\":{\"@id\":\"https:\/\/www.hongtaivalve.com\/product\/sanitary-ellipse-tank-oval-pressure-inward-opening-manhole-cover\/#breadcrumb\"},\"inLanguage\":\"es\",\"potentialAction\":[{\"@type\":\"ReadAction\",\"target\":[\"https:\/\/www.hongtaivalve.com\/product\/sanitary-ellipse-tank-oval-pressure-inward-opening-manhole-cover\/\"]}]},{\"@type\":\"ImageObject\",\"inLanguage\":\"es\",\"@id\":\"https:\/\/www.hongtaivalve.com\/product\/sanitary-ellipse-tank-oval-pressure-inward-opening-manhole-cover\/#primaryimage\",\"url\":\"https:\/\/www.hongtaivalve.com\/wp-content\/uploads\/2024\/04\/IMG_9425.jpg\",\"contentUrl\":\"https:\/\/www.hongtaivalve.com\/wp-content\/uploads\/2024\/04\/IMG_9425.jpg\",\"width\":1024,\"height\":768},{\"@type\":\"BreadcrumbList\",\"@id\":\"https:\/\/www.hongtaivalve.com\/product\/sanitary-ellipse-tank-oval-pressure-inward-opening-manhole-cover\/#breadcrumb\",\"itemListElement\":[{\"@type\":\"ListItem\",\"position\":1,\"name\":\"\u9996\u9875\",\"item\":\"https:\/\/www.hongtaivalve.com\/\"},{\"@type\":\"ListItem\",\"position\":2,\"name\":\"Product\",\"item\":\"https:\/\/www.hongtaivalve.com\/product\/\"},{\"@type\":\"ListItem\",\"position\":3,\"name\":\"HongTaivalve-Sanitary ellipse tank oval pressure inward opening manhole cover-size dn15-dn150-HTV-ET001\"}]},{\"@type\":\"WebSite\",\"@id\":\"https:\/\/www.hongtaivalve.com\/#website\",\"url\":\"https:\/\/www.hongtaivalve.com\/\",\"name\":\"Wenzhou HongTai Fluid Equipment Co.Ltd\",\"description\":\"\",\"potentialAction\":[{\"@type\":\"SearchAction\",\"target\":{\"@type\":\"EntryPoint\",\"urlTemplate\":\"https:\/\/www.hongtaivalve.com\/?s={search_term_string}\"},\"query-input\":{\"@type\":\"PropertyValueSpecification\",\"valueRequired\":true,\"valueName\":\"search_term_string\"}}],\"inLanguage\":\"es\"}]}<\/script>\n<!-- \/ Yoast SEO plugin. -->","yoast_head_json":{"title":"HongTaivalve-Sanitary ellipse tank oval pressure inward opening manhole cover-size dn15-dn150-HTV-ET001 - Wenzhou HongTai Fluid Equipment Co.Ltd","robots":{"index":"index","follow":"follow","max-snippet":"max-snippet:-1","max-image-preview":"max-image-preview:large","max-video-preview":"max-video-preview:-1"},"canonical":"https:\/\/www.hongtaivalve.com\/es\/producto\/sanitary-ellipse-tank-oval-pressure-inward-opening-manhole-cover\/","og_locale":"es_ES","og_type":"article","og_title":"HongTaivalve-Sanitary ellipse tank oval pressure inward opening manhole cover-size dn15-dn150-HTV-ET001 - Wenzhou HongTai Fluid Equipment Co.Ltd","og_description":"Stainless steel manholes include pressure manholes and non-pressurized manholes, of which the non-pressurized tank manholes can provide SS304 or SS316. They are mainly used in tank equipment such as atmospheric storage tanks and mixing tanks to check the liquid level, while maintaining control of the air at the top of the tank - the manhole is sealed and prevents air exchange. The manhole is usually installed on the top of the tank, and its size depends on the condition applied: larger ones facilitate the addition of solids, or smaller ones for the addition of liquids or powders. Manhole pressure depends on the thickness of the wall of the stainless steel material and the thickness of the flange ring, we can provide round manholes, square manholes and oval manholes. According to different customer needs, we can customize the glass manhole, with breathing valve manhole, the surface can be sandblasted or mirror polishing  Glass manholes are very convenient for observing tank materials. We can also install manholes with lights, which are slightly more expensive than other manholes, which are suitable for the installation of atmospheric tank tops. The functions are divided into fully enclosed, observable glass mirror type and observable glass mirror type with light.   Oval manhole specifications: 320 x 440mm, 350 x 450mm, 410 x 510mm","og_url":"https:\/\/www.hongtaivalve.com\/es\/producto\/sanitary-ellipse-tank-oval-pressure-inward-opening-manhole-cover\/","og_site_name":"Wenzhou HongTai Fluid Equipment Co.Ltd","article_modified_time":"2024-12-27T02:00:57+00:00","og_image":[{"width":1024,"height":768,"url":"https:\/\/www.hongtaivalve.com\/wp-content\/uploads\/2024\/04\/IMG_9425.jpg","type":"image\/jpeg"}],"twitter_card":"summary_large_image","twitter_misc":{"Tiempo de lectura":"3 minutos"},"schema":{"@context":"https:\/\/schema.org","@graph":[{"@type":"WebPage","@id":"https:\/\/www.hongtaivalve.com\/product\/sanitary-ellipse-tank-oval-pressure-inward-opening-manhole-cover\/","url":"https:\/\/www.hongtaivalve.com\/product\/sanitary-ellipse-tank-oval-pressure-inward-opening-manhole-cover\/","name":"HongTaivalve-Sanitary ellipse tank oval pressure inward opening manhole cover-size dn15-dn150-HTV-ET001 - Wenzhou HongTai Fluid Equipment Co.Ltd","isPartOf":{"@id":"https:\/\/www.hongtaivalve.com\/#website"},"primaryImageOfPage":{"@id":"https:\/\/www.hongtaivalve.com\/product\/sanitary-ellipse-tank-oval-pressure-inward-opening-manhole-cover\/#primaryimage"},"image":{"@id":"https:\/\/www.hongtaivalve.com\/product\/sanitary-ellipse-tank-oval-pressure-inward-opening-manhole-cover\/#primaryimage"},"thumbnailUrl":"https:\/\/www.hongtaivalve.com\/wp-content\/uploads\/2024\/04\/IMG_9425.jpg","datePublished":"2024-04-11T05:35:55+00:00","dateModified":"2024-12-27T02:00:57+00:00","breadcrumb":{"@id":"https:\/\/www.hongtaivalve.com\/product\/sanitary-ellipse-tank-oval-pressure-inward-opening-manhole-cover\/#breadcrumb"},"inLanguage":"es","potentialAction":[{"@type":"ReadAction","target":["https:\/\/www.hongtaivalve.com\/product\/sanitary-ellipse-tank-oval-pressure-inward-opening-manhole-cover\/"]}]},{"@type":"ImageObject","inLanguage":"es","@id":"https:\/\/www.hongtaivalve.com\/product\/sanitary-ellipse-tank-oval-pressure-inward-opening-manhole-cover\/#primaryimage","url":"https:\/\/www.hongtaivalve.com\/wp-content\/uploads\/2024\/04\/IMG_9425.jpg","contentUrl":"https:\/\/www.hongtaivalve.com\/wp-content\/uploads\/2024\/04\/IMG_9425.jpg","width":1024,"height":768},{"@type":"BreadcrumbList","@id":"https:\/\/www.hongtaivalve.com\/product\/sanitary-ellipse-tank-oval-pressure-inward-opening-manhole-cover\/#breadcrumb","itemListElement":[{"@type":"ListItem","position":1,"name":"\u9996\u9875","item":"https:\/\/www.hongtaivalve.com\/"},{"@type":"ListItem","position":2,"name":"Product","item":"https:\/\/www.hongtaivalve.com\/product\/"},{"@type":"ListItem","position":3,"name":"HongTaivalve-Sanitary ellipse tank oval pressure inward opening manhole cover-size dn15-dn150-HTV-ET001"}]},{"@type":"WebSite","@id":"https:\/\/www.hongtaivalve.com\/#website","url":"https:\/\/www.hongtaivalve.com\/","name":"Wenzhou HongTai Fluid Equipment Co.Ltd","description":"","potentialAction":[{"@type":"SearchAction","target":{"@type":"EntryPoint","urlTemplate":"https:\/\/www.hongtaivalve.com\/?s={search_term_string}"},"query-input":{"@type":"PropertyValueSpecification","valueRequired":true,"valueName":"search_term_string"}}],"inLanguage":"es"}]}},"_links":{"self":[{"href":"https:\/\/www.hongtaivalve.com\/es\/wp-json\/wp\/v2\/product\/4918","targetHints":{"allow":["GET"]}}],"collection":[{"href":"https:\/\/www.hongtaivalve.com\/es\/wp-json\/wp\/v2\/product"}],"about":[{"href":"https:\/\/www.hongtaivalve.com\/es\/wp-json\/wp\/v2\/types\/product"}],"replies":[{"embeddable":true,"href":"https:\/\/www.hongtaivalve.com\/es\/wp-json\/wp\/v2\/comments?post=4918"}],"wp:featuredmedia":[{"embeddable":true,"href":"https:\/\/www.hongtaivalve.com\/es\/wp-json\/wp\/v2\/media\/4920"}],"wp:attachment":[{"href":"https:\/\/www.hongtaivalve.com\/es\/wp-json\/wp\/v2\/media?parent=4918"}],"wp:term":[{"taxonomy":"product_brand","embeddable":true,"href":"https:\/\/www.hongtaivalve.com\/es\/wp-json\/wp\/v2\/product_brand?post=4918"},{"taxonomy":"product_cat","embeddable":true,"href":"https:\/\/www.hongtaivalve.com\/es\/wp-json\/wp\/v2\/product_cat?post=4918"},{"taxonomy":"product_tag","embeddable":true,"href":"https:\/\/www.hongtaivalve.com\/es\/wp-json\/wp\/v2\/product_tag?post=4918"}],"curies":[{"name":"wp","href":"https:\/\/api.w.org\/{rel}","templated":true}]}}