{"id":4922,"date":"2024-04-11T09:05:31","date_gmt":"2024-04-11T09:05:31","guid":{"rendered":"http:\/\/www.hongtaivalve.com\/?post_type=product&#038;p=4922"},"modified":"2024-12-27T05:55:04","modified_gmt":"2024-12-27T05:55:04","slug":"sanitary-cip-rotary-spray-ball","status":"publish","type":"product","link":"https:\/\/www.hongtaivalve.com\/es\/producto\/sanitary-cip-rotary-spray-ball\/","title":{"rendered":"HongTaivalve-Sanitaria CIP bola de pulverizaci\u00f3n rotativa de tama\u00f1o dn15-dn150-HTV-SB006"},"content":{"rendered":"<p><strong>Aplicaci\u00f3n<\/strong><br \/>\nBola de limpieza giratoria: es una boquilla giratoria, utiliza un agente de limpieza para limpiar el tanque y spray.because el equipo es menor en la baja presi\u00f3n, es un sustituto eficaz de la bola de pulverizaci\u00f3n tradicional. Doble rodamiento de bolas con cabezal giratorio, lo que hace que la serie de bolas de limpieza es aplicable a todos los tipos de grado sanitario e industrial claras \u00e1reas de aplicaci\u00f3n, incluyendo la limpieza de tanques, reactores y contenedores todos los suministros sanitarios e industriales.<br \/>\nBola de limpieza fija: bola de pulverizaci\u00f3n fija utilizada en la industria alimentaria y de bebidas para limpiar el dep\u00f3sito. Bola de pulverizaci\u00f3n fija utilizada para tareas de limpieza inferiores.<\/p>\n<p><strong>Datos t\u00e9cnicos<\/strong><br \/>\nPeso: en funci\u00f3n de las especificaciones concretas<br \/>\nLubricaci\u00f3n: autolubricaci\u00f3n a trav\u00e9s del l\u00edquido limpiador Presi\u00f3n de trabajo:1-3 Bar<br \/>\nTemperatura m\u00e1xima de funcionamiento: 95\u2103<br \/>\nTemperatura ambiente m\u00e1xima: 140\u2103<br \/>\nRadio mojado: Max\u0417M<br \/>\nRadio de limpieza por pulverizaci\u00f3n: el radio m\u00e1ximo efectivo es de 2 m<br \/>\nInterfaz:soldadura, r\u00e1pida y roscada<\/p>\n<p><strong>Norma de dise\u00f1o<\/strong><br \/>\nHongtai producci\u00f3n de limpieza de bolas dentadas est\u00e1n en l\u00ednea con DIN, 3A, SMS, ISO\/lDF y otras normas de producci\u00f3n.<\/p>\n<h2><span style=\"color: #ff0000;\">Instrucciones de embalaje del producto\uff1a<\/span><\/h2>\n<p>Cada producto se embala primero individualmente en una bolsa de espuma y luego se coloca cuidadosamente en una caja de cart\u00f3n designada. Por \u00faltimo, se paletiza o se embala en una caja de madera de exportaci\u00f3n. Todo el proceso de embalaje se ejecuta rigurosamente para evitar cualquier da\u00f1o durante el transporte.<\/p>\n<p><a href=\"http:\/\/www.hongtaivalve.com\/wp-content\/uploads\/2024\/04\/IMG_9506.jpg\"><img fetchpriority=\"high\" decoding=\"async\" class=\"alignnone size-full wp-image-4927\" src=\"http:\/\/www.hongtaivalve.com\/wp-content\/uploads\/2024\/04\/IMG_9506.jpg\" alt=\"\" width=\"1024\" height=\"768\" srcset=\"https:\/\/www.hongtaivalve.com\/wp-content\/uploads\/2024\/04\/IMG_9506.jpg 1024w, https:\/\/www.hongtaivalve.com\/wp-content\/uploads\/2024\/04\/IMG_9506-800x600.jpg 800w, https:\/\/www.hongtaivalve.com\/wp-content\/uploads\/2024\/04\/IMG_9506-300x225.jpg 300w, https:\/\/www.hongtaivalve.com\/wp-content\/uploads\/2024\/04\/IMG_9506-768x576.jpg 768w\" sizes=\"(max-width: 1024px) 100vw, 1024px\" \/><\/a><\/p>\n<p><strong>Qui\u00e9nes somos<\/strong><\/p>\n<p>En HongTai, nos especializamos en v\u00e1lvulas sanitarias de alta calidad y accesorios de tuber\u00eda de acero inoxidable, sirviendo a industrias clave como la farmac\u00e9utica, procesamiento de alimentos y productos qu\u00edmicos. Fabricados con acero inoxidable 304, 316 y 316L de primera calidad, nuestros productos ofrecen una excelente resistencia a la corrosi\u00f3n y se elaboran utilizando t\u00e9cnicas de fabricaci\u00f3n avanzadas como corte por l\u00e1ser y soldadura de precisi\u00f3n. Dise\u00f1adas para la higiene y la integridad de los fluidos, las v\u00e1lvulas de HongTai son la opci\u00f3n ideal para las industrias que requieren una limpieza \u00f3ptima y un rendimiento duradero.<\/p>\n<p><a href=\"https:\/\/www.hongtaivalve.com\/wp-content\/uploads\/2024\/12\/2efad8255a88820383829ce2a75fcb9.jpg\"><img decoding=\"async\" class=\"wp-image-5948 aligncenter\" src=\"https:\/\/www.hongtaivalve.com\/wp-content\/uploads\/2024\/12\/2efad8255a88820383829ce2a75fcb9.jpg\" alt=\"\" width=\"555\" height=\"359\" srcset=\"https:\/\/www.hongtaivalve.com\/wp-content\/uploads\/2024\/12\/2efad8255a88820383829ce2a75fcb9.jpg 985w, https:\/\/www.hongtaivalve.com\/wp-content\/uploads\/2024\/12\/2efad8255a88820383829ce2a75fcb9-300x194.jpg 300w, https:\/\/www.hongtaivalve.com\/wp-content\/uploads\/2024\/12\/2efad8255a88820383829ce2a75fcb9-768x497.jpg 768w, https:\/\/www.hongtaivalve.com\/wp-content\/uploads\/2024\/12\/2efad8255a88820383829ce2a75fcb9-18x12.jpg 18w, https:\/\/www.hongtaivalve.com\/wp-content\/uploads\/2024\/12\/2efad8255a88820383829ce2a75fcb9-800x518.jpg 800w\" sizes=\"(max-width: 555px) 100vw, 555px\" \/><\/a><\/p>\n<p><strong>Por qu\u00e9 elegirnos<\/strong><\/p>\n<p><strong>Garant\u00eda de calidad:<\/strong>\u00a0Mantenemos un estricto control de todas las fases de producci\u00f3n, desde las materias primas hasta los productos acabados, garantizando el cumplimiento de la norma ISO9001 y las certificaciones internacionales, incluidas las normas 3A, DIN e ISO.<\/p>\n<p><strong>Experiencia en el sector:<\/strong>\u00a0D\u00e9cadas de experiencia en soluciones para industrias cr\u00edticas como la alimentaria, la de bebidas y la farmac\u00e9utica.<\/p>\n<p><strong>Tecnolog\u00eda avanzada:<\/strong>\u00a0Nuestras instalaciones de \u00faltima generaci\u00f3n, que incluyen tornos CNC y herramientas de precisi\u00f3n actualizados peri\u00f3dicamente, garantizan una gran precisi\u00f3n superficial y tolerancias ajustadas para cada producto.<\/p>\n<p><strong>100% Inspecci\u00f3n:<\/strong>\u00a0Todos los productos se someten a rigurosas pruebas, incluida la detecci\u00f3n de fugas en v\u00e1lvulas y tama\u00f1os, para garantizar una calidad impecable antes de salir de nuestras instalaciones.<\/p>\n<p><strong>Alcance mundial:<\/strong>\u00a0Empresas de todo el mundo conf\u00edan en nuestra calidad constante y nuestras entregas puntuales.<\/p>\n<p>Elija HongTai por su inigualable fiabilidad, rendimiento e innovaci\u00f3n en soluciones de valvuler\u00eda y accesorios de tuber\u00edas.<\/p>\n<p>&nbsp;<\/p>\n<p><strong>P\u00f3ngase en contacto con nosotros<\/strong><br \/>\nPara m\u00e1s informaci\u00f3n o para hablar de sus necesidades, p\u00f3ngase en contacto con nosotros:<br \/>\nCorreo electr\u00f3nico: ht@htcdf.com<br \/>\nwhatsapp: (86)18875809195<br \/>\nTambi\u00e9n puede visitar nuestra\u00a0<a href=\"https:\/\/www.hongtaivalve.com\/es\/contact-us\/\" target=\"_blank\" rel=\"noopener\">Contacte con nosotros<\/a>\u00a0para m\u00e1s formas de ponerse en contacto.<\/p>\n<p>&nbsp;<\/p>","protected":false},"excerpt":{"rendered":"<p>Las bolas de pulverizaci\u00f3n se utilizan en la industria de bebidas para la limpieza interna de latas y tuber\u00edas. Los fermentadores o tanques de agitaci\u00f3n se pueden rociar internamente con agua y\/o productos qu\u00edmicos, formando una pel\u00edcula residual en las paredes del recipiente, limpiando los residuos y desinfectando secundariamente el tanque. La bola de rociado CIP no s\u00f3lo es m\u00e1s r\u00e1pida, sino tambi\u00e9n m\u00e1s segura para los trabajadores, ya que no requiere fregado manual ni contacto con limpiadores.<\/p>\n<p>Girar vs. Fijar\/bloquear<br \/>\nAl igual que los brazos giratorios de los ventiladores el\u00e9ctricos, las bolas de pulverizaci\u00f3n giratorias ofrecen ventajas de limpieza frente a los sistemas CIP fijos o de pasador. Una bola de pulverizaci\u00f3n giratoria pulverizar\u00e1 a mayor distancia y con mayor fuerza que una bola de pulverizaci\u00f3n fija, y puede producir un efecto similar al fregado y proporcionar una mejor cobertura. Una bola de pulverizaci\u00f3n fija puede no proporcionar suficiente impacto, o si se bloquea alguna esquina, especialmente en un cubo de maceraci\u00f3n o una olla de cocci\u00f3n, a menudo se crea un \"punto muerto\" que debe limpiarse manualmente.<br \/>\nAdem\u00e1s, la bola de limpieza rotativa utiliza menos l\u00edquido de lavado a baja presi\u00f3n, por lo que es una alternativa eficaz a la bola de rociado fija tradicional. El uso de rodamientos de bolas dobles en el cabezal giratorio hace que la serie de bolas de limpieza modificadas sea adecuada para todas las aplicaciones de limpieza sanitaria e industrial.<\/p>\n<p>Tama\u00f1o:DN15,DN20,DN25,DN32,DN40,DN50,DN65 1\/2\u2033-2 1\/2\u2033.<\/p>","protected":false},"featured_media":4925,"comment_status":"open","ping_status":"closed","template":"","meta":[],"product_brand":[],"product_cat":[107],"product_tag":[],"class_list":{"0":"post-4922","1":"product","2":"type-product","3":"status-publish","4":"has-post-thumbnail","6":"product_cat-extractions-tank-accessories","8":"first","9":"instock","10":"shipping-taxable","11":"product-type-simple"},"yoast_head":"<!-- This site is optimized with the Yoast SEO plugin v24.6 - https:\/\/yoast.com\/wordpress\/plugins\/seo\/ -->\n<title>HongTaivalve-Sanitary CIP rotary spray ball-size dn15-dn150-HTV-SB006 - Wenzhou HongTai Fluid Equipment Co.Ltd<\/title>\n<meta name=\"robots\" content=\"index, follow, max-snippet:-1, max-image-preview:large, max-video-preview:-1\" \/>\n<link rel=\"canonical\" href=\"https:\/\/www.hongtaivalve.com\/es\/producto\/sanitary-cip-rotary-spray-ball\/\" \/>\n<meta property=\"og:locale\" content=\"es_ES\" \/>\n<meta property=\"og:type\" content=\"article\" \/>\n<meta property=\"og:title\" content=\"HongTaivalve-Sanitary CIP rotary spray ball-size dn15-dn150-HTV-SB006 - Wenzhou HongTai Fluid Equipment Co.Ltd\" \/>\n<meta property=\"og:description\" content=\"Spray balls are used in the beverage industry for internal cleaning of cans and pipes. Fermenters or stirring tanks can be showered internally with water and\/or chemicals, forming a residual film on the walls of the container, cleaning the residue and secondary disinfection of the tank. The CIP spray ball is not only faster, but also safer for workers because it does not require manual scrubbing and contact with cleaners.  Rotate vs. Fasten\/latch Just like the rotating arms of electric fans, rotating spray balls offer cleaning advantages over fixed or pin CIP systems. A rotating spray ball will spray distance and force better than a fixed spray ball, and can produce a scrub-like effect and provide better coverage. A fixed spray ball may not provide enough impact, or if any corners happen to be blocked, especially in a mashing bucket or brew pot, it often creates a &quot;dead spot&quot; that needs to be manually cleaned. In addition, the rotary cleaning ball uses less washing liquid at low pressure, so it is an effective alternative to the traditional fixed spray ball. The use of double ball bearings in the rotating head makes the modified cleaning ball series suitable for all sanitary and industrial cleaning applications  Size:DN15,DN20,DN25,DN32,DN40,DN50,DN65\u00a0 \u00a01\/2&quot;-2 1\/2&quot;\" \/>\n<meta property=\"og:url\" content=\"https:\/\/www.hongtaivalve.com\/es\/producto\/sanitary-cip-rotary-spray-ball\/\" \/>\n<meta property=\"og:site_name\" content=\"Wenzhou HongTai Fluid Equipment Co.Ltd\" \/>\n<meta property=\"article:modified_time\" content=\"2024-12-27T05:55:04+00:00\" \/>\n<meta property=\"og:image\" content=\"https:\/\/www.hongtaivalve.com\/wp-content\/uploads\/2024\/04\/IMG_9503.jpg\" \/>\n\t<meta property=\"og:image:width\" content=\"1024\" \/>\n\t<meta property=\"og:image:height\" content=\"768\" \/>\n\t<meta property=\"og:image:type\" content=\"image\/jpeg\" \/>\n<meta name=\"twitter:card\" content=\"summary_large_image\" \/>\n<meta name=\"twitter:label1\" content=\"Tiempo de lectura\" \/>\n\t<meta name=\"twitter:data1\" content=\"3 minutos\" \/>\n<script type=\"application\/ld+json\" class=\"yoast-schema-graph\">{\"@context\":\"https:\/\/schema.org\",\"@graph\":[{\"@type\":\"WebPage\",\"@id\":\"https:\/\/www.hongtaivalve.com\/product\/sanitary-cip-rotary-spray-ball\/\",\"url\":\"https:\/\/www.hongtaivalve.com\/product\/sanitary-cip-rotary-spray-ball\/\",\"name\":\"HongTaivalve-Sanitary CIP rotary spray ball-size dn15-dn150-HTV-SB006 - Wenzhou HongTai Fluid Equipment Co.Ltd\",\"isPartOf\":{\"@id\":\"https:\/\/www.hongtaivalve.com\/#website\"},\"primaryImageOfPage\":{\"@id\":\"https:\/\/www.hongtaivalve.com\/product\/sanitary-cip-rotary-spray-ball\/#primaryimage\"},\"image\":{\"@id\":\"https:\/\/www.hongtaivalve.com\/product\/sanitary-cip-rotary-spray-ball\/#primaryimage\"},\"thumbnailUrl\":\"https:\/\/www.hongtaivalve.com\/wp-content\/uploads\/2024\/04\/IMG_9503.jpg\",\"datePublished\":\"2024-04-11T09:05:31+00:00\",\"dateModified\":\"2024-12-27T05:55:04+00:00\",\"breadcrumb\":{\"@id\":\"https:\/\/www.hongtaivalve.com\/product\/sanitary-cip-rotary-spray-ball\/#breadcrumb\"},\"inLanguage\":\"es\",\"potentialAction\":[{\"@type\":\"ReadAction\",\"target\":[\"https:\/\/www.hongtaivalve.com\/product\/sanitary-cip-rotary-spray-ball\/\"]}]},{\"@type\":\"ImageObject\",\"inLanguage\":\"es\",\"@id\":\"https:\/\/www.hongtaivalve.com\/product\/sanitary-cip-rotary-spray-ball\/#primaryimage\",\"url\":\"https:\/\/www.hongtaivalve.com\/wp-content\/uploads\/2024\/04\/IMG_9503.jpg\",\"contentUrl\":\"https:\/\/www.hongtaivalve.com\/wp-content\/uploads\/2024\/04\/IMG_9503.jpg\",\"width\":1024,\"height\":768},{\"@type\":\"BreadcrumbList\",\"@id\":\"https:\/\/www.hongtaivalve.com\/product\/sanitary-cip-rotary-spray-ball\/#breadcrumb\",\"itemListElement\":[{\"@type\":\"ListItem\",\"position\":1,\"name\":\"\u9996\u9875\",\"item\":\"https:\/\/www.hongtaivalve.com\/\"},{\"@type\":\"ListItem\",\"position\":2,\"name\":\"Product\",\"item\":\"https:\/\/www.hongtaivalve.com\/product\/\"},{\"@type\":\"ListItem\",\"position\":3,\"name\":\"HongTaivalve-Sanitary CIP rotary spray ball-size dn15-dn150-HTV-SB006\"}]},{\"@type\":\"WebSite\",\"@id\":\"https:\/\/www.hongtaivalve.com\/#website\",\"url\":\"https:\/\/www.hongtaivalve.com\/\",\"name\":\"Wenzhou HongTai Fluid Equipment Co.Ltd\",\"description\":\"\",\"potentialAction\":[{\"@type\":\"SearchAction\",\"target\":{\"@type\":\"EntryPoint\",\"urlTemplate\":\"https:\/\/www.hongtaivalve.com\/?s={search_term_string}\"},\"query-input\":{\"@type\":\"PropertyValueSpecification\",\"valueRequired\":true,\"valueName\":\"search_term_string\"}}],\"inLanguage\":\"es\"}]}<\/script>\n<!-- \/ Yoast SEO plugin. -->","yoast_head_json":{"title":"HongTaivalve-Sanitary CIP rotary spray ball-size dn15-dn150-HTV-SB006 - Wenzhou HongTai Fluid Equipment Co.Ltd","robots":{"index":"index","follow":"follow","max-snippet":"max-snippet:-1","max-image-preview":"max-image-preview:large","max-video-preview":"max-video-preview:-1"},"canonical":"https:\/\/www.hongtaivalve.com\/es\/producto\/sanitary-cip-rotary-spray-ball\/","og_locale":"es_ES","og_type":"article","og_title":"HongTaivalve-Sanitary CIP rotary spray ball-size dn15-dn150-HTV-SB006 - Wenzhou HongTai Fluid Equipment Co.Ltd","og_description":"Spray balls are used in the beverage industry for internal cleaning of cans and pipes. Fermenters or stirring tanks can be showered internally with water and\/or chemicals, forming a residual film on the walls of the container, cleaning the residue and secondary disinfection of the tank. The CIP spray ball is not only faster, but also safer for workers because it does not require manual scrubbing and contact with cleaners.  Rotate vs. Fasten\/latch Just like the rotating arms of electric fans, rotating spray balls offer cleaning advantages over fixed or pin CIP systems. A rotating spray ball will spray distance and force better than a fixed spray ball, and can produce a scrub-like effect and provide better coverage. A fixed spray ball may not provide enough impact, or if any corners happen to be blocked, especially in a mashing bucket or brew pot, it often creates a \"dead spot\" that needs to be manually cleaned. In addition, the rotary cleaning ball uses less washing liquid at low pressure, so it is an effective alternative to the traditional fixed spray ball. The use of double ball bearings in the rotating head makes the modified cleaning ball series suitable for all sanitary and industrial cleaning applications  Size:DN15,DN20,DN25,DN32,DN40,DN50,DN65\u00a0 \u00a01\/2\"-2 1\/2\"","og_url":"https:\/\/www.hongtaivalve.com\/es\/producto\/sanitary-cip-rotary-spray-ball\/","og_site_name":"Wenzhou HongTai Fluid Equipment Co.Ltd","article_modified_time":"2024-12-27T05:55:04+00:00","og_image":[{"width":1024,"height":768,"url":"https:\/\/www.hongtaivalve.com\/wp-content\/uploads\/2024\/04\/IMG_9503.jpg","type":"image\/jpeg"}],"twitter_card":"summary_large_image","twitter_misc":{"Tiempo de lectura":"3 minutos"},"schema":{"@context":"https:\/\/schema.org","@graph":[{"@type":"WebPage","@id":"https:\/\/www.hongtaivalve.com\/product\/sanitary-cip-rotary-spray-ball\/","url":"https:\/\/www.hongtaivalve.com\/product\/sanitary-cip-rotary-spray-ball\/","name":"HongTaivalve-Sanitary CIP rotary spray ball-size dn15-dn150-HTV-SB006 - Wenzhou HongTai Fluid Equipment Co.Ltd","isPartOf":{"@id":"https:\/\/www.hongtaivalve.com\/#website"},"primaryImageOfPage":{"@id":"https:\/\/www.hongtaivalve.com\/product\/sanitary-cip-rotary-spray-ball\/#primaryimage"},"image":{"@id":"https:\/\/www.hongtaivalve.com\/product\/sanitary-cip-rotary-spray-ball\/#primaryimage"},"thumbnailUrl":"https:\/\/www.hongtaivalve.com\/wp-content\/uploads\/2024\/04\/IMG_9503.jpg","datePublished":"2024-04-11T09:05:31+00:00","dateModified":"2024-12-27T05:55:04+00:00","breadcrumb":{"@id":"https:\/\/www.hongtaivalve.com\/product\/sanitary-cip-rotary-spray-ball\/#breadcrumb"},"inLanguage":"es","potentialAction":[{"@type":"ReadAction","target":["https:\/\/www.hongtaivalve.com\/product\/sanitary-cip-rotary-spray-ball\/"]}]},{"@type":"ImageObject","inLanguage":"es","@id":"https:\/\/www.hongtaivalve.com\/product\/sanitary-cip-rotary-spray-ball\/#primaryimage","url":"https:\/\/www.hongtaivalve.com\/wp-content\/uploads\/2024\/04\/IMG_9503.jpg","contentUrl":"https:\/\/www.hongtaivalve.com\/wp-content\/uploads\/2024\/04\/IMG_9503.jpg","width":1024,"height":768},{"@type":"BreadcrumbList","@id":"https:\/\/www.hongtaivalve.com\/product\/sanitary-cip-rotary-spray-ball\/#breadcrumb","itemListElement":[{"@type":"ListItem","position":1,"name":"\u9996\u9875","item":"https:\/\/www.hongtaivalve.com\/"},{"@type":"ListItem","position":2,"name":"Product","item":"https:\/\/www.hongtaivalve.com\/product\/"},{"@type":"ListItem","position":3,"name":"HongTaivalve-Sanitary CIP rotary spray ball-size dn15-dn150-HTV-SB006"}]},{"@type":"WebSite","@id":"https:\/\/www.hongtaivalve.com\/#website","url":"https:\/\/www.hongtaivalve.com\/","name":"Wenzhou HongTai Fluid Equipment Co.Ltd","description":"","potentialAction":[{"@type":"SearchAction","target":{"@type":"EntryPoint","urlTemplate":"https:\/\/www.hongtaivalve.com\/?s={search_term_string}"},"query-input":{"@type":"PropertyValueSpecification","valueRequired":true,"valueName":"search_term_string"}}],"inLanguage":"es"}]}},"_links":{"self":[{"href":"https:\/\/www.hongtaivalve.com\/es\/wp-json\/wp\/v2\/product\/4922","targetHints":{"allow":["GET"]}}],"collection":[{"href":"https:\/\/www.hongtaivalve.com\/es\/wp-json\/wp\/v2\/product"}],"about":[{"href":"https:\/\/www.hongtaivalve.com\/es\/wp-json\/wp\/v2\/types\/product"}],"replies":[{"embeddable":true,"href":"https:\/\/www.hongtaivalve.com\/es\/wp-json\/wp\/v2\/comments?post=4922"}],"wp:featuredmedia":[{"embeddable":true,"href":"https:\/\/www.hongtaivalve.com\/es\/wp-json\/wp\/v2\/media\/4925"}],"wp:attachment":[{"href":"https:\/\/www.hongtaivalve.com\/es\/wp-json\/wp\/v2\/media?parent=4922"}],"wp:term":[{"taxonomy":"product_brand","embeddable":true,"href":"https:\/\/www.hongtaivalve.com\/es\/wp-json\/wp\/v2\/product_brand?post=4922"},{"taxonomy":"product_cat","embeddable":true,"href":"https:\/\/www.hongtaivalve.com\/es\/wp-json\/wp\/v2\/product_cat?post=4922"},{"taxonomy":"product_tag","embeddable":true,"href":"https:\/\/www.hongtaivalve.com\/es\/wp-json\/wp\/v2\/product_tag?post=4922"}],"curies":[{"name":"wp","href":"https:\/\/api.w.org\/{rel}","templated":true}]}}