{"id":4935,"date":"2024-04-12T09:03:10","date_gmt":"2024-04-12T09:03:10","guid":{"rendered":"http:\/\/www.hongtaivalve.com\/?post_type=product&#038;p=4935"},"modified":"2024-12-12T06:28:36","modified_gmt":"2024-12-12T06:28:36","slug":"pneumatic-three-pieces-triclamp-ball-vlave","status":"publish","type":"product","link":"https:\/\/www.hongtaivalve.com\/es\/producto\/pneumatic-three-pieces-triclamp-ball-vlave\/","title":{"rendered":"Hongtaivalve-Pneum\u00e1tico tres piezas triclamp bola vlave-tama\u00f1o 19mm-102mm-HTV-BV013"},"content":{"rendered":"<p>Tama\u00f1os disponibles de 1\/2\u2033 a 6\u2033 (1\/2\u2033, 3\/4\u2033, 1\", 1 1\/2\u2033, 2\u2033, 2 1\/2\u2033, 3\u2033, 4\u20336\u2033).<\/p>\n<p>DN15 a DN100 (DN15, DN20, DN25, DN40, DN50, DN65, DN80, DN100,DN150)<\/p>\n<p>El cuerpo de la v\u00e1lvula puede ser de AISI 304 o AISI 316.<\/p>\n<p>Asiento de la v\u00e1lvula: PTFE encapsulado.<\/p>\n<p>V\u00e1lvula de bola sanitaria de 3 piezas con extremos tri-clamp \/ tri-clamp y asiento de PTFE encapsulado, que se utiliza ampliamente en el procesamiento de alimentos y bebidas, elaboraci\u00f3n de cerveza, refiner\u00eda de petr\u00f3leo, cosm\u00e9tica, farmac\u00e9utica e industrias qu\u00edmicas para controlar el flujo medio. El dise\u00f1o del asiento de PTFE encapsulado sin residuos la convierte en una elecci\u00f3n \u00f3ptima para las necesidades sanitarias.<br \/>\nLos cuerpos y las tapas de las v\u00e1lvulas se funden delicadamente con materiales CF8, CF3M o 2205; o se forjan con F316L. En caso de condiciones de trabajo espec\u00edficas, tambi\u00e9n se aplicar\u00e1n materiales especiales, como HC\/Ti.<br \/>\nEl actuador neum\u00e1tico horizontal es un actuador que gira el recorrido angular del eje de salida. Puede montarse en diversas v\u00e1lvulas de apertura y cierre rotativos, como v\u00e1lvulas de mariposa y v\u00e1lvulas de bola. Los actuadores horizontales pueden configurarse con diversas opciones funcionales:<br \/>\n1) Actuador b\u00e1sico<br \/>\n2) Actuador + unidad de control inteligente<br \/>\n3) Actuador + retroalimentaci\u00f3n de posici\u00f3n<br \/>\n4) Actuador + Localizador inteligente<br \/>\n5) Actuador + sensor de posici\u00f3n<br \/>\nEspecificaciones t\u00e9cnicas<br \/>\nEspecificaci\u00f3n del tama\u00f1o del orificio: 20 mm - 400 mm<br \/>\nPar (N.M): 5.NM a 2000 N.M<br \/>\n\u00c1ngulo de rotaci\u00f3n: 90\u00b0 (est\u00e1ndar) 180\u00b0 (selecci\u00f3n) 120\u00b0 (selecci\u00f3n)<br \/>\nEstructura del pist\u00f3n: cremallera (est\u00e1ndar) horquilla (selecci\u00f3n)<br \/>\nAjuste de la carrera: El pist\u00f3n tiene un rango ajustable de \u00b14\u00b0 en ambos extremos<br \/>\nPresi\u00f3n de la fuente de aire: m\u00e1ximo -8bar, m\u00ednimo -2Bar<br \/>\nTemperatura est\u00e1ndar: -20 \u00b0C ~ +80 \u00b0C<br \/>\nTipo de baja temperatura: -40 \u00b0 C ~ +80 \u00b0 C<br \/>\nTipo de alta temperatura: -15 \u00b0 C ~ +150 \u00b0 C<br \/>\nMaterial: aleaci\u00f3n de aluminio, acero inoxidable<br \/>\nColor: natural, blanco, azul, rojo, tambi\u00e9n se puede configurar seg\u00fan los requisitos del cliente<br \/>\nNorma de instalaci\u00f3n: ISO 5211, apto para instalaci\u00f3n interior o exterior.<\/p>","protected":false},"excerpt":{"rendered":"<p>Sizes are available from 1\/2\u2033 to 6\u2033 (1\/2\u2033, 3\/4\u2033, 1\u201d, 1 1\/2\u2033, 2\u2033, 2 1\/2\u2033, 3\u2033, 4\u20336&#8243;) DN15 to DN100 (DN15, DN20, DN25, DN40, DN50, DN65, DN80, DN100,DN150) Valve body can be AISI 304 or AISI 316. Valve seat: Encapsulated &hellip; <a href=\"https:\/\/www.hongtaivalve.com\/es\/producto\/pneumatic-three-pieces-triclamp-ball-vlave\/\">Readmore<\/a><\/p>","protected":false},"featured_media":4690,"comment_status":"open","ping_status":"closed","template":"","meta":[],"product_brand":[],"product_cat":[103],"product_tag":[],"class_list":{"0":"post-4935","1":"product","2":"type-product","3":"status-publish","4":"has-post-thumbnail","6":"product_cat-ball-valve","8":"first","9":"instock","10":"shipping-taxable","11":"product-type-simple"},"yoast_head":"<!-- This site is optimized with the Yoast SEO plugin v24.6 - https:\/\/yoast.com\/wordpress\/plugins\/seo\/ -->\n<title>Hongtaivalve-Pneumatic three-pieces triclamp ball vlave-size 19mm-102mm-HTV-BV013 - Wenzhou HongTai Fluid Equipment Co.Ltd<\/title>\n<meta name=\"robots\" content=\"index, follow, max-snippet:-1, max-image-preview:large, max-video-preview:-1\" \/>\n<link rel=\"canonical\" href=\"https:\/\/www.hongtaivalve.com\/es\/producto\/pneumatic-three-pieces-triclamp-ball-vlave\/\" \/>\n<meta property=\"og:locale\" content=\"es_ES\" \/>\n<meta property=\"og:type\" content=\"article\" \/>\n<meta property=\"og:title\" content=\"Hongtaivalve-Pneumatic three-pieces triclamp ball vlave-size 19mm-102mm-HTV-BV013 - Wenzhou HongTai Fluid Equipment Co.Ltd\" \/>\n<meta property=\"og:description\" content=\"Sizes are available from 1\/2\u2033 to 6\u2033 (1\/2\u2033, 3\/4\u2033, 1\u201d, 1 1\/2\u2033, 2\u2033, 2 1\/2\u2033, 3\u2033, 4\u20336&#8243;) DN15 to DN100 (DN15, DN20, DN25, DN40, DN50, DN65, DN80, DN100,DN150) Valve body can be AISI 304 or AISI 316. Valve seat: Encapsulated &hellip; Readmore\" \/>\n<meta property=\"og:url\" content=\"https:\/\/www.hongtaivalve.com\/es\/producto\/pneumatic-three-pieces-triclamp-ball-vlave\/\" \/>\n<meta property=\"og:site_name\" content=\"Wenzhou HongTai Fluid Equipment Co.Ltd\" \/>\n<meta property=\"article:modified_time\" content=\"2024-12-12T06:28:36+00:00\" \/>\n<meta property=\"og:image\" content=\"https:\/\/www.hongtaivalve.com\/wp-content\/uploads\/2024\/03\/IMG_9141.jpg\" \/>\n\t<meta property=\"og:image:width\" content=\"1200\" \/>\n\t<meta property=\"og:image:height\" content=\"800\" \/>\n\t<meta property=\"og:image:type\" content=\"image\/jpeg\" \/>\n<meta name=\"twitter:card\" content=\"summary_large_image\" \/>\n<meta name=\"twitter:label1\" content=\"Tiempo de lectura\" \/>\n\t<meta name=\"twitter:data1\" content=\"1 minuto\" \/>\n<script type=\"application\/ld+json\" class=\"yoast-schema-graph\">{\"@context\":\"https:\/\/schema.org\",\"@graph\":[{\"@type\":\"WebPage\",\"@id\":\"https:\/\/www.hongtaivalve.com\/product\/pneumatic-three-pieces-triclamp-ball-vlave\/\",\"url\":\"https:\/\/www.hongtaivalve.com\/product\/pneumatic-three-pieces-triclamp-ball-vlave\/\",\"name\":\"Hongtaivalve-Pneumatic three-pieces triclamp ball vlave-size 19mm-102mm-HTV-BV013 - Wenzhou HongTai Fluid Equipment Co.Ltd\",\"isPartOf\":{\"@id\":\"https:\/\/www.hongtaivalve.com\/#website\"},\"primaryImageOfPage\":{\"@id\":\"https:\/\/www.hongtaivalve.com\/product\/pneumatic-three-pieces-triclamp-ball-vlave\/#primaryimage\"},\"image\":{\"@id\":\"https:\/\/www.hongtaivalve.com\/product\/pneumatic-three-pieces-triclamp-ball-vlave\/#primaryimage\"},\"thumbnailUrl\":\"https:\/\/www.hongtaivalve.com\/wp-content\/uploads\/2024\/03\/IMG_9141.jpg\",\"datePublished\":\"2024-04-12T09:03:10+00:00\",\"dateModified\":\"2024-12-12T06:28:36+00:00\",\"breadcrumb\":{\"@id\":\"https:\/\/www.hongtaivalve.com\/product\/pneumatic-three-pieces-triclamp-ball-vlave\/#breadcrumb\"},\"inLanguage\":\"es\",\"potentialAction\":[{\"@type\":\"ReadAction\",\"target\":[\"https:\/\/www.hongtaivalve.com\/product\/pneumatic-three-pieces-triclamp-ball-vlave\/\"]}]},{\"@type\":\"ImageObject\",\"inLanguage\":\"es\",\"@id\":\"https:\/\/www.hongtaivalve.com\/product\/pneumatic-three-pieces-triclamp-ball-vlave\/#primaryimage\",\"url\":\"https:\/\/www.hongtaivalve.com\/wp-content\/uploads\/2024\/03\/IMG_9141.jpg\",\"contentUrl\":\"https:\/\/www.hongtaivalve.com\/wp-content\/uploads\/2024\/03\/IMG_9141.jpg\",\"width\":1200,\"height\":800},{\"@type\":\"BreadcrumbList\",\"@id\":\"https:\/\/www.hongtaivalve.com\/product\/pneumatic-three-pieces-triclamp-ball-vlave\/#breadcrumb\",\"itemListElement\":[{\"@type\":\"ListItem\",\"position\":1,\"name\":\"\u9996\u9875\",\"item\":\"https:\/\/www.hongtaivalve.com\/\"},{\"@type\":\"ListItem\",\"position\":2,\"name\":\"Product\",\"item\":\"https:\/\/www.hongtaivalve.com\/product\/\"},{\"@type\":\"ListItem\",\"position\":3,\"name\":\"Hongtaivalve-Pneumatic three-pieces triclamp ball vlave-size 19mm-102mm-HTV-BV013\"}]},{\"@type\":\"WebSite\",\"@id\":\"https:\/\/www.hongtaivalve.com\/#website\",\"url\":\"https:\/\/www.hongtaivalve.com\/\",\"name\":\"Wenzhou HongTai Fluid Equipment Co.Ltd\",\"description\":\"\",\"potentialAction\":[{\"@type\":\"SearchAction\",\"target\":{\"@type\":\"EntryPoint\",\"urlTemplate\":\"https:\/\/www.hongtaivalve.com\/?s={search_term_string}\"},\"query-input\":{\"@type\":\"PropertyValueSpecification\",\"valueRequired\":true,\"valueName\":\"search_term_string\"}}],\"inLanguage\":\"es\"}]}<\/script>\n<!-- \/ Yoast SEO plugin. -->","yoast_head_json":{"title":"Hongtaivalve-Pneumatic three-pieces triclamp ball vlave-size 19mm-102mm-HTV-BV013 - Wenzhou HongTai Fluid Equipment Co.Ltd","robots":{"index":"index","follow":"follow","max-snippet":"max-snippet:-1","max-image-preview":"max-image-preview:large","max-video-preview":"max-video-preview:-1"},"canonical":"https:\/\/www.hongtaivalve.com\/es\/producto\/pneumatic-three-pieces-triclamp-ball-vlave\/","og_locale":"es_ES","og_type":"article","og_title":"Hongtaivalve-Pneumatic three-pieces triclamp ball vlave-size 19mm-102mm-HTV-BV013 - Wenzhou HongTai Fluid Equipment Co.Ltd","og_description":"Sizes are available from 1\/2\u2033 to 6\u2033 (1\/2\u2033, 3\/4\u2033, 1\u201d, 1 1\/2\u2033, 2\u2033, 2 1\/2\u2033, 3\u2033, 4\u20336&#8243;) DN15 to DN100 (DN15, DN20, DN25, DN40, DN50, DN65, DN80, DN100,DN150) Valve body can be AISI 304 or AISI 316. Valve seat: Encapsulated &hellip; Readmore","og_url":"https:\/\/www.hongtaivalve.com\/es\/producto\/pneumatic-three-pieces-triclamp-ball-vlave\/","og_site_name":"Wenzhou HongTai Fluid Equipment Co.Ltd","article_modified_time":"2024-12-12T06:28:36+00:00","og_image":[{"width":1200,"height":800,"url":"https:\/\/www.hongtaivalve.com\/wp-content\/uploads\/2024\/03\/IMG_9141.jpg","type":"image\/jpeg"}],"twitter_card":"summary_large_image","twitter_misc":{"Tiempo de lectura":"1 minuto"},"schema":{"@context":"https:\/\/schema.org","@graph":[{"@type":"WebPage","@id":"https:\/\/www.hongtaivalve.com\/product\/pneumatic-three-pieces-triclamp-ball-vlave\/","url":"https:\/\/www.hongtaivalve.com\/product\/pneumatic-three-pieces-triclamp-ball-vlave\/","name":"Hongtaivalve-Pneumatic three-pieces triclamp ball vlave-size 19mm-102mm-HTV-BV013 - Wenzhou HongTai Fluid Equipment Co.Ltd","isPartOf":{"@id":"https:\/\/www.hongtaivalve.com\/#website"},"primaryImageOfPage":{"@id":"https:\/\/www.hongtaivalve.com\/product\/pneumatic-three-pieces-triclamp-ball-vlave\/#primaryimage"},"image":{"@id":"https:\/\/www.hongtaivalve.com\/product\/pneumatic-three-pieces-triclamp-ball-vlave\/#primaryimage"},"thumbnailUrl":"https:\/\/www.hongtaivalve.com\/wp-content\/uploads\/2024\/03\/IMG_9141.jpg","datePublished":"2024-04-12T09:03:10+00:00","dateModified":"2024-12-12T06:28:36+00:00","breadcrumb":{"@id":"https:\/\/www.hongtaivalve.com\/product\/pneumatic-three-pieces-triclamp-ball-vlave\/#breadcrumb"},"inLanguage":"es","potentialAction":[{"@type":"ReadAction","target":["https:\/\/www.hongtaivalve.com\/product\/pneumatic-three-pieces-triclamp-ball-vlave\/"]}]},{"@type":"ImageObject","inLanguage":"es","@id":"https:\/\/www.hongtaivalve.com\/product\/pneumatic-three-pieces-triclamp-ball-vlave\/#primaryimage","url":"https:\/\/www.hongtaivalve.com\/wp-content\/uploads\/2024\/03\/IMG_9141.jpg","contentUrl":"https:\/\/www.hongtaivalve.com\/wp-content\/uploads\/2024\/03\/IMG_9141.jpg","width":1200,"height":800},{"@type":"BreadcrumbList","@id":"https:\/\/www.hongtaivalve.com\/product\/pneumatic-three-pieces-triclamp-ball-vlave\/#breadcrumb","itemListElement":[{"@type":"ListItem","position":1,"name":"\u9996\u9875","item":"https:\/\/www.hongtaivalve.com\/"},{"@type":"ListItem","position":2,"name":"Product","item":"https:\/\/www.hongtaivalve.com\/product\/"},{"@type":"ListItem","position":3,"name":"Hongtaivalve-Pneumatic three-pieces triclamp ball vlave-size 19mm-102mm-HTV-BV013"}]},{"@type":"WebSite","@id":"https:\/\/www.hongtaivalve.com\/#website","url":"https:\/\/www.hongtaivalve.com\/","name":"Wenzhou HongTai Fluid Equipment Co.Ltd","description":"","potentialAction":[{"@type":"SearchAction","target":{"@type":"EntryPoint","urlTemplate":"https:\/\/www.hongtaivalve.com\/?s={search_term_string}"},"query-input":{"@type":"PropertyValueSpecification","valueRequired":true,"valueName":"search_term_string"}}],"inLanguage":"es"}]}},"_links":{"self":[{"href":"https:\/\/www.hongtaivalve.com\/es\/wp-json\/wp\/v2\/product\/4935","targetHints":{"allow":["GET"]}}],"collection":[{"href":"https:\/\/www.hongtaivalve.com\/es\/wp-json\/wp\/v2\/product"}],"about":[{"href":"https:\/\/www.hongtaivalve.com\/es\/wp-json\/wp\/v2\/types\/product"}],"replies":[{"embeddable":true,"href":"https:\/\/www.hongtaivalve.com\/es\/wp-json\/wp\/v2\/comments?post=4935"}],"wp:featuredmedia":[{"embeddable":true,"href":"https:\/\/www.hongtaivalve.com\/es\/wp-json\/wp\/v2\/media\/4690"}],"wp:attachment":[{"href":"https:\/\/www.hongtaivalve.com\/es\/wp-json\/wp\/v2\/media?parent=4935"}],"wp:term":[{"taxonomy":"product_brand","embeddable":true,"href":"https:\/\/www.hongtaivalve.com\/es\/wp-json\/wp\/v2\/product_brand?post=4935"},{"taxonomy":"product_cat","embeddable":true,"href":"https:\/\/www.hongtaivalve.com\/es\/wp-json\/wp\/v2\/product_cat?post=4935"},{"taxonomy":"product_tag","embeddable":true,"href":"https:\/\/www.hongtaivalve.com\/es\/wp-json\/wp\/v2\/product_tag?post=4935"}],"curies":[{"name":"wp","href":"https:\/\/api.w.org\/{rel}","templated":true}]}}