{"id":4957,"date":"2024-04-13T08:16:28","date_gmt":"2024-04-13T08:16:28","guid":{"rendered":"http:\/\/www.hongtaivalve.com\/?post_type=product&#038;p=4957"},"modified":"2024-12-27T02:31:23","modified_gmt":"2024-12-27T02:31:23","slug":"stainless-steel-sanitary-triclamp-6inch-x-6-inch-with-weld-base-collection-tank","status":"publish","type":"product","link":"https:\/\/www.hongtaivalve.com\/es\/producto\/stainless-steel-sanitary-triclamp-6inch-x-6-inch-with-weld-base-collection-tank\/","title":{"rendered":"HongTaivalve-Acero inoxidable Sanitaria triclamp 6inch X 6 pulgadas con base de soldadura recogida tanque-tama\u00f1o dn15-dn150-HTV-CT001"},"content":{"rendered":"<h2><span style=\"color: #ff0000;\">Instrucciones de embalaje del producto\uff1a<\/span><\/h2>\n<p>Cada producto se embala primero individualmente en una bolsa de espuma y luego se coloca cuidadosamente en una caja de cart\u00f3n designada. Por \u00faltimo, se paletiza o se embala en una caja de madera de exportaci\u00f3n. Todo el proceso de embalaje se ejecuta rigurosamente para evitar cualquier da\u00f1o durante el transporte.<\/p>\n<p><a href=\"http:\/\/www.hongtaivalve.com\/wp-content\/uploads\/2024\/04\/IMG_9319.jpg\"><img fetchpriority=\"high\" decoding=\"async\" class=\"alignnone size-full wp-image-4958\" src=\"http:\/\/www.hongtaivalve.com\/wp-content\/uploads\/2024\/04\/IMG_9319.jpg\" alt=\"\" width=\"1024\" height=\"768\" srcset=\"https:\/\/www.hongtaivalve.com\/wp-content\/uploads\/2024\/04\/IMG_9319.jpg 1024w, https:\/\/www.hongtaivalve.com\/wp-content\/uploads\/2024\/04\/IMG_9319-800x600.jpg 800w, https:\/\/www.hongtaivalve.com\/wp-content\/uploads\/2024\/04\/IMG_9319-300x225.jpg 300w, https:\/\/www.hongtaivalve.com\/wp-content\/uploads\/2024\/04\/IMG_9319-768x576.jpg 768w\" sizes=\"(max-width: 1024px) 100vw, 1024px\" \/><\/a><\/p>\n<p>Los carretes de acero inoxidable sanitario son longitudes prefabricadas de tubo<br \/>\ncon extremos de accesorios Tri Clamp a\u00f1adidos para mayor comodidad. Cuando se combinan con otros accesorios, abrazaderas y juntas Tri Clamp, las bobinas sanitarias pueden construir una l\u00ednea de proceso sin necesidad de soldadura y fabricaci\u00f3n in situ, y con un ahorro de tiempo considerable. Los carretes Tri Clamp tambi\u00e9n tienen la ventaja a\u00f1adida de ser menos permanentes que los tubos soldados, y pueden desmontarse, trasladarse o volver a montarse f\u00e1cilmente con una configuraci\u00f3n diferente. La versatilidad y el ahorro de costes de los tubos prefabricados en carrete los convierten en una soluci\u00f3n popular para las necesidades de tuber\u00edas.<\/p>\n<p><strong>Qui\u00e9nes somos<\/strong><\/p>\n<p>En HongTai, nos especializamos en v\u00e1lvulas sanitarias de alta calidad y accesorios de tuber\u00eda de acero inoxidable, sirviendo a industrias clave como la farmac\u00e9utica, procesamiento de alimentos y productos qu\u00edmicos. Fabricados con acero inoxidable 304, 316 y 316L de primera calidad, nuestros productos ofrecen una excelente resistencia a la corrosi\u00f3n y se elaboran utilizando t\u00e9cnicas de fabricaci\u00f3n avanzadas como corte por l\u00e1ser y soldadura de precisi\u00f3n. Dise\u00f1adas para la higiene y la integridad de los fluidos, las v\u00e1lvulas de HongTai son la opci\u00f3n ideal para las industrias que requieren una limpieza \u00f3ptima y un rendimiento duradero.<\/p>\n<p><a href=\"https:\/\/www.hongtaivalve.com\/wp-content\/uploads\/2024\/12\/2efad8255a88820383829ce2a75fcb9.jpg\"><img decoding=\"async\" class=\"wp-image-5948 aligncenter\" src=\"https:\/\/www.hongtaivalve.com\/wp-content\/uploads\/2024\/12\/2efad8255a88820383829ce2a75fcb9.jpg\" alt=\"\" width=\"559\" height=\"362\" srcset=\"https:\/\/www.hongtaivalve.com\/wp-content\/uploads\/2024\/12\/2efad8255a88820383829ce2a75fcb9.jpg 985w, https:\/\/www.hongtaivalve.com\/wp-content\/uploads\/2024\/12\/2efad8255a88820383829ce2a75fcb9-300x194.jpg 300w, https:\/\/www.hongtaivalve.com\/wp-content\/uploads\/2024\/12\/2efad8255a88820383829ce2a75fcb9-768x497.jpg 768w, https:\/\/www.hongtaivalve.com\/wp-content\/uploads\/2024\/12\/2efad8255a88820383829ce2a75fcb9-18x12.jpg 18w, https:\/\/www.hongtaivalve.com\/wp-content\/uploads\/2024\/12\/2efad8255a88820383829ce2a75fcb9-800x518.jpg 800w\" sizes=\"(max-width: 559px) 100vw, 559px\" \/><\/a><\/p>\n<p><strong>Por qu\u00e9 elegirnos<\/strong><\/p>\n<p><strong>Garant\u00eda de calidad:<\/strong>\u00a0Mantenemos un estricto control de todas las fases de producci\u00f3n, desde las materias primas hasta los productos acabados, garantizando el cumplimiento de la norma ISO9001 y las certificaciones internacionales, incluidas las normas 3A, DIN e ISO.<\/p>\n<p><strong>Experiencia en el sector:<\/strong>\u00a0D\u00e9cadas de experiencia en soluciones para industrias cr\u00edticas como la alimentaria, la de bebidas y la farmac\u00e9utica.<\/p>\n<p><strong>Tecnolog\u00eda avanzada:<\/strong>\u00a0Nuestras instalaciones de \u00faltima generaci\u00f3n, que incluyen tornos CNC y herramientas de precisi\u00f3n actualizados peri\u00f3dicamente, garantizan una gran precisi\u00f3n superficial y tolerancias ajustadas para cada producto.<\/p>\n<p><strong>100% Inspecci\u00f3n:<\/strong>\u00a0Todos los productos se someten a rigurosas pruebas, incluida la detecci\u00f3n de fugas en v\u00e1lvulas y tama\u00f1os, para garantizar una calidad impecable antes de salir de nuestras instalaciones.<\/p>\n<p><strong>Alcance mundial:<\/strong>\u00a0Empresas de todo el mundo conf\u00edan en nuestra calidad constante y nuestras entregas puntuales.<\/p>\n<p>Elija HongTai por su inigualable fiabilidad, rendimiento e innovaci\u00f3n en soluciones de valvuler\u00eda y accesorios de tuber\u00edas.<\/p>\n<p>&nbsp;<\/p>\n<p><strong>P\u00f3ngase en contacto con nosotros<\/strong><br \/>\nPara m\u00e1s informaci\u00f3n o para hablar de sus necesidades, p\u00f3ngase en contacto con nosotros:<br \/>\nCorreo electr\u00f3nico: ht@htcdf.com<br \/>\nwhatsapp: (86)18875809195<br \/>\nTambi\u00e9n puede visitar nuestra\u00a0<a href=\"https:\/\/www.hongtaivalve.com\/es\/contact-us\/\" target=\"_blank\" rel=\"noopener\">Contacte con nosotros<\/a>\u00a0para m\u00e1s formas de ponerse en contacto.<\/p>\n<p>&nbsp;<\/p>","protected":false},"excerpt":{"rendered":"<p>La extracci\u00f3n con disolventes es el proceso de difusi\u00f3n de un disolvente en c\u00e9lulas oleaginosas que da lugar a una soluci\u00f3n mixta de aceite y disolvente. Es uno de los m\u00e9todos m\u00e1s populares para separar aceites y grasas de materiales oleaginosos, en comparaci\u00f3n con otros procesos mec\u00e1nicos (como expellers, prensas hidr\u00e1ulicas, etc.), principalmente debido al alto porcentaje de aceite recuperado, que puede llegar a 99%+, frente a los 85%+ de otros m\u00e9todos. Los disolventes m\u00e1s comunes son el butano, el hexano y el pentano, entre otros, cada uno de los cuales es preferido por varios factores: econom\u00eda comercial, bajo punto de ebullici\u00f3n y, en el caso del producto de consumo, un impacto no t\u00f3xico. La destilaci\u00f3n de la mezcla de aceite resultante permite recuperar los hidrocarburos alcanos (su \"hex\/pero\/propano\") para reutilizarlos con un coste m\u00ednimo.Tanques de recogida de disolventeEl tanque de extracci\u00f3n\/recogida recoge el aceite extra\u00eddo y el disolvente al final del proceso. Cuanto mayor sea el recipiente, m\u00e1s recortes (materia vegetal en bruto) podr\u00e1 procesar a la vez. No es raro que un recipiente de recogida grande sea el dep\u00f3sito de varias columnas de material, siempre que tenga volumen suficiente para contener el volumen de disolvente inicial. Una vez en el recipiente de recogida, el disolvente se calienta hasta que se convierte en una forma gaseosa que puede extraerse con una bomba de recuperaci\u00f3n como la Haskel que llevamos. El aceite extra\u00eddo (\"gota\") puede verterse entonces en un recipiente externo para purgarlo de nuevo al vac\u00edo si es necesario.<\/p>\n<p>Los tanques de recogida se pueden utilizar para procesos sanitarios, extracci\u00f3n con disolventes y equipos de laboratorio. De tanque de acero inoxidable, evaporadores, v\u00e1lvulas, accesorios, bombas, hearters, enfriadores, equipos y cristaler\u00eda, lo tenemos disponible.<\/p>\n<p><a href=\"http:\/\/www.hongtaivalve.com\/wp-content\/uploads\/2024\/04\/collection-tank.png\"><img decoding=\"async\" class=\"alignnone size-full wp-image-4962\" src=\"http:\/\/www.hongtaivalve.com\/wp-content\/uploads\/2024\/04\/collection-tank.png\" alt=\"\" width=\"989\" height=\"224\" srcset=\"https:\/\/www.hongtaivalve.com\/wp-content\/uploads\/2024\/04\/collection-tank.png 989w, https:\/\/www.hongtaivalve.com\/wp-content\/uploads\/2024\/04\/collection-tank-800x181.png 800w, https:\/\/www.hongtaivalve.com\/wp-content\/uploads\/2024\/04\/collection-tank-300x68.png 300w, https:\/\/www.hongtaivalve.com\/wp-content\/uploads\/2024\/04\/collection-tank-768x174.png 768w\" sizes=\"(max-width: 989px) 100vw, 989px\" \/><\/a><\/p>","protected":false},"featured_media":4961,"comment_status":"open","ping_status":"closed","template":"","meta":[],"product_brand":[],"product_cat":[107],"product_tag":[],"class_list":{"0":"post-4957","1":"product","2":"type-product","3":"status-publish","4":"has-post-thumbnail","6":"product_cat-extractions-tank-accessories","8":"first","9":"instock","10":"shipping-taxable","11":"product-type-simple"},"yoast_head":"<!-- This site is optimized with the Yoast SEO plugin v24.6 - https:\/\/yoast.com\/wordpress\/plugins\/seo\/ -->\n<title>HongTaivalve-Stainless steel Sanitary triclamp 6inch X 6 inch with weld base collection tank-size dn15-dn150-HTV-CT001 - Wenzhou HongTai Fluid Equipment Co.Ltd<\/title>\n<meta name=\"robots\" content=\"index, follow, max-snippet:-1, max-image-preview:large, max-video-preview:-1\" \/>\n<link rel=\"canonical\" href=\"https:\/\/www.hongtaivalve.com\/es\/producto\/stainless-steel-sanitary-triclamp-6inch-x-6-inch-with-weld-base-collection-tank\/\" \/>\n<meta property=\"og:locale\" content=\"es_ES\" \/>\n<meta property=\"og:type\" content=\"article\" \/>\n<meta property=\"og:title\" content=\"HongTaivalve-Stainless steel Sanitary triclamp 6inch X 6 inch with weld base collection tank-size dn15-dn150-HTV-CT001 - Wenzhou HongTai Fluid Equipment Co.Ltd\" \/>\n<meta property=\"og:description\" content=\"Solvent extraction is the process of diffusing a solvent into oil-bearing cells resulting in a mixed solution of oil and solvent. It is one of the most popular methods of separating oils and fats from oil-bearing materials as opposed to other mechanical processes (such as expellers, hydraulic press, etc...) primarily due to the high percentage of oil recovered which can range upwards of 99%+ as opposed to the 85%+ of other methods. The common solvents of choice range from butane, hexane, and pentane among a handful of others, each of which is favored because of several factors: commercial economics, a low boiling point, and in the case of consumption grade product, a non-toxic impact. Distillation of the resulting oil mixture allows recovery of the alkane hydrocarbons (your &quot;hex\/but\/propane&quot;) to be reused at minimal costs.Solvent Collection TanksThe extraction\/collection tank collects the extracted oil and solvent at the end of the process. The larger the vessel the more trim (raw plant matter) you can process at once. It is not uncommon for a large collection vessel to be the repository of multiple material columns, provided it has enough volume to hold the volume of solvent initially. Once in the collection vessel, the solvent is warmed until it reverts to a gaseous form which can then be removed with a recovery pump such as the Haskel we carry. The extracted oil (&quot;drop off&quot;) can then be poured into an external container for further vacuum purge if necessary.  Collection tanks could be used for santiary processing,solvent extraction,and laboratory equipments. From stainless steel tank,evaporators,valves,fittings,pumps,hearters,chillers,equipments and glassware,we have it available.\" \/>\n<meta property=\"og:url\" content=\"https:\/\/www.hongtaivalve.com\/es\/producto\/stainless-steel-sanitary-triclamp-6inch-x-6-inch-with-weld-base-collection-tank\/\" \/>\n<meta property=\"og:site_name\" content=\"Wenzhou HongTai Fluid Equipment Co.Ltd\" \/>\n<meta property=\"article:modified_time\" content=\"2024-12-27T02:31:23+00:00\" \/>\n<meta property=\"og:image\" content=\"https:\/\/www.hongtaivalve.com\/wp-content\/uploads\/2024\/04\/IMG_9323.jpg\" \/>\n\t<meta property=\"og:image:width\" content=\"1024\" \/>\n\t<meta property=\"og:image:height\" content=\"768\" \/>\n\t<meta property=\"og:image:type\" content=\"image\/jpeg\" \/>\n<meta name=\"twitter:card\" content=\"summary_large_image\" \/>\n<meta name=\"twitter:label1\" content=\"Tiempo de lectura\" \/>\n\t<meta name=\"twitter:data1\" content=\"3 minutos\" \/>\n<script type=\"application\/ld+json\" class=\"yoast-schema-graph\">{\"@context\":\"https:\/\/schema.org\",\"@graph\":[{\"@type\":\"WebPage\",\"@id\":\"https:\/\/www.hongtaivalve.com\/product\/stainless-steel-sanitary-triclamp-6inch-x-6-inch-with-weld-base-collection-tank\/\",\"url\":\"https:\/\/www.hongtaivalve.com\/product\/stainless-steel-sanitary-triclamp-6inch-x-6-inch-with-weld-base-collection-tank\/\",\"name\":\"HongTaivalve-Stainless steel Sanitary triclamp 6inch X 6 inch with weld base collection tank-size dn15-dn150-HTV-CT001 - Wenzhou HongTai Fluid Equipment Co.Ltd\",\"isPartOf\":{\"@id\":\"https:\/\/www.hongtaivalve.com\/#website\"},\"primaryImageOfPage\":{\"@id\":\"https:\/\/www.hongtaivalve.com\/product\/stainless-steel-sanitary-triclamp-6inch-x-6-inch-with-weld-base-collection-tank\/#primaryimage\"},\"image\":{\"@id\":\"https:\/\/www.hongtaivalve.com\/product\/stainless-steel-sanitary-triclamp-6inch-x-6-inch-with-weld-base-collection-tank\/#primaryimage\"},\"thumbnailUrl\":\"https:\/\/www.hongtaivalve.com\/wp-content\/uploads\/2024\/04\/IMG_9323.jpg\",\"datePublished\":\"2024-04-13T08:16:28+00:00\",\"dateModified\":\"2024-12-27T02:31:23+00:00\",\"breadcrumb\":{\"@id\":\"https:\/\/www.hongtaivalve.com\/product\/stainless-steel-sanitary-triclamp-6inch-x-6-inch-with-weld-base-collection-tank\/#breadcrumb\"},\"inLanguage\":\"es\",\"potentialAction\":[{\"@type\":\"ReadAction\",\"target\":[\"https:\/\/www.hongtaivalve.com\/product\/stainless-steel-sanitary-triclamp-6inch-x-6-inch-with-weld-base-collection-tank\/\"]}]},{\"@type\":\"ImageObject\",\"inLanguage\":\"es\",\"@id\":\"https:\/\/www.hongtaivalve.com\/product\/stainless-steel-sanitary-triclamp-6inch-x-6-inch-with-weld-base-collection-tank\/#primaryimage\",\"url\":\"https:\/\/www.hongtaivalve.com\/wp-content\/uploads\/2024\/04\/IMG_9323.jpg\",\"contentUrl\":\"https:\/\/www.hongtaivalve.com\/wp-content\/uploads\/2024\/04\/IMG_9323.jpg\",\"width\":1024,\"height\":768},{\"@type\":\"BreadcrumbList\",\"@id\":\"https:\/\/www.hongtaivalve.com\/product\/stainless-steel-sanitary-triclamp-6inch-x-6-inch-with-weld-base-collection-tank\/#breadcrumb\",\"itemListElement\":[{\"@type\":\"ListItem\",\"position\":1,\"name\":\"\u9996\u9875\",\"item\":\"https:\/\/www.hongtaivalve.com\/\"},{\"@type\":\"ListItem\",\"position\":2,\"name\":\"Product\",\"item\":\"https:\/\/www.hongtaivalve.com\/product\/\"},{\"@type\":\"ListItem\",\"position\":3,\"name\":\"HongTaivalve-Stainless steel Sanitary triclamp 6inch X 6 inch with weld base collection tank-size dn15-dn150-HTV-CT001\"}]},{\"@type\":\"WebSite\",\"@id\":\"https:\/\/www.hongtaivalve.com\/#website\",\"url\":\"https:\/\/www.hongtaivalve.com\/\",\"name\":\"Wenzhou HongTai Fluid Equipment Co.Ltd\",\"description\":\"\",\"potentialAction\":[{\"@type\":\"SearchAction\",\"target\":{\"@type\":\"EntryPoint\",\"urlTemplate\":\"https:\/\/www.hongtaivalve.com\/?s={search_term_string}\"},\"query-input\":{\"@type\":\"PropertyValueSpecification\",\"valueRequired\":true,\"valueName\":\"search_term_string\"}}],\"inLanguage\":\"es\"}]}<\/script>\n<!-- \/ Yoast SEO plugin. -->","yoast_head_json":{"title":"HongTaivalve-Stainless steel Sanitary triclamp 6inch X 6 inch with weld base collection tank-size dn15-dn150-HTV-CT001 - Wenzhou HongTai Fluid Equipment Co.Ltd","robots":{"index":"index","follow":"follow","max-snippet":"max-snippet:-1","max-image-preview":"max-image-preview:large","max-video-preview":"max-video-preview:-1"},"canonical":"https:\/\/www.hongtaivalve.com\/es\/producto\/stainless-steel-sanitary-triclamp-6inch-x-6-inch-with-weld-base-collection-tank\/","og_locale":"es_ES","og_type":"article","og_title":"HongTaivalve-Stainless steel Sanitary triclamp 6inch X 6 inch with weld base collection tank-size dn15-dn150-HTV-CT001 - Wenzhou HongTai Fluid Equipment Co.Ltd","og_description":"Solvent extraction is the process of diffusing a solvent into oil-bearing cells resulting in a mixed solution of oil and solvent. It is one of the most popular methods of separating oils and fats from oil-bearing materials as opposed to other mechanical processes (such as expellers, hydraulic press, etc...) primarily due to the high percentage of oil recovered which can range upwards of 99%+ as opposed to the 85%+ of other methods. The common solvents of choice range from butane, hexane, and pentane among a handful of others, each of which is favored because of several factors: commercial economics, a low boiling point, and in the case of consumption grade product, a non-toxic impact. Distillation of the resulting oil mixture allows recovery of the alkane hydrocarbons (your \"hex\/but\/propane\") to be reused at minimal costs.Solvent Collection TanksThe extraction\/collection tank collects the extracted oil and solvent at the end of the process. The larger the vessel the more trim (raw plant matter) you can process at once. It is not uncommon for a large collection vessel to be the repository of multiple material columns, provided it has enough volume to hold the volume of solvent initially. Once in the collection vessel, the solvent is warmed until it reverts to a gaseous form which can then be removed with a recovery pump such as the Haskel we carry. The extracted oil (\"drop off\") can then be poured into an external container for further vacuum purge if necessary.  Collection tanks could be used for santiary processing,solvent extraction,and laboratory equipments. From stainless steel tank,evaporators,valves,fittings,pumps,hearters,chillers,equipments and glassware,we have it available.","og_url":"https:\/\/www.hongtaivalve.com\/es\/producto\/stainless-steel-sanitary-triclamp-6inch-x-6-inch-with-weld-base-collection-tank\/","og_site_name":"Wenzhou HongTai Fluid Equipment Co.Ltd","article_modified_time":"2024-12-27T02:31:23+00:00","og_image":[{"width":1024,"height":768,"url":"https:\/\/www.hongtaivalve.com\/wp-content\/uploads\/2024\/04\/IMG_9323.jpg","type":"image\/jpeg"}],"twitter_card":"summary_large_image","twitter_misc":{"Tiempo de lectura":"3 minutos"},"schema":{"@context":"https:\/\/schema.org","@graph":[{"@type":"WebPage","@id":"https:\/\/www.hongtaivalve.com\/product\/stainless-steel-sanitary-triclamp-6inch-x-6-inch-with-weld-base-collection-tank\/","url":"https:\/\/www.hongtaivalve.com\/product\/stainless-steel-sanitary-triclamp-6inch-x-6-inch-with-weld-base-collection-tank\/","name":"HongTaivalve-Stainless steel Sanitary triclamp 6inch X 6 inch with weld base collection tank-size dn15-dn150-HTV-CT001 - Wenzhou HongTai Fluid Equipment Co.Ltd","isPartOf":{"@id":"https:\/\/www.hongtaivalve.com\/#website"},"primaryImageOfPage":{"@id":"https:\/\/www.hongtaivalve.com\/product\/stainless-steel-sanitary-triclamp-6inch-x-6-inch-with-weld-base-collection-tank\/#primaryimage"},"image":{"@id":"https:\/\/www.hongtaivalve.com\/product\/stainless-steel-sanitary-triclamp-6inch-x-6-inch-with-weld-base-collection-tank\/#primaryimage"},"thumbnailUrl":"https:\/\/www.hongtaivalve.com\/wp-content\/uploads\/2024\/04\/IMG_9323.jpg","datePublished":"2024-04-13T08:16:28+00:00","dateModified":"2024-12-27T02:31:23+00:00","breadcrumb":{"@id":"https:\/\/www.hongtaivalve.com\/product\/stainless-steel-sanitary-triclamp-6inch-x-6-inch-with-weld-base-collection-tank\/#breadcrumb"},"inLanguage":"es","potentialAction":[{"@type":"ReadAction","target":["https:\/\/www.hongtaivalve.com\/product\/stainless-steel-sanitary-triclamp-6inch-x-6-inch-with-weld-base-collection-tank\/"]}]},{"@type":"ImageObject","inLanguage":"es","@id":"https:\/\/www.hongtaivalve.com\/product\/stainless-steel-sanitary-triclamp-6inch-x-6-inch-with-weld-base-collection-tank\/#primaryimage","url":"https:\/\/www.hongtaivalve.com\/wp-content\/uploads\/2024\/04\/IMG_9323.jpg","contentUrl":"https:\/\/www.hongtaivalve.com\/wp-content\/uploads\/2024\/04\/IMG_9323.jpg","width":1024,"height":768},{"@type":"BreadcrumbList","@id":"https:\/\/www.hongtaivalve.com\/product\/stainless-steel-sanitary-triclamp-6inch-x-6-inch-with-weld-base-collection-tank\/#breadcrumb","itemListElement":[{"@type":"ListItem","position":1,"name":"\u9996\u9875","item":"https:\/\/www.hongtaivalve.com\/"},{"@type":"ListItem","position":2,"name":"Product","item":"https:\/\/www.hongtaivalve.com\/product\/"},{"@type":"ListItem","position":3,"name":"HongTaivalve-Stainless steel Sanitary triclamp 6inch X 6 inch with weld base collection tank-size dn15-dn150-HTV-CT001"}]},{"@type":"WebSite","@id":"https:\/\/www.hongtaivalve.com\/#website","url":"https:\/\/www.hongtaivalve.com\/","name":"Wenzhou HongTai Fluid Equipment Co.Ltd","description":"","potentialAction":[{"@type":"SearchAction","target":{"@type":"EntryPoint","urlTemplate":"https:\/\/www.hongtaivalve.com\/?s={search_term_string}"},"query-input":{"@type":"PropertyValueSpecification","valueRequired":true,"valueName":"search_term_string"}}],"inLanguage":"es"}]}},"_links":{"self":[{"href":"https:\/\/www.hongtaivalve.com\/es\/wp-json\/wp\/v2\/product\/4957","targetHints":{"allow":["GET"]}}],"collection":[{"href":"https:\/\/www.hongtaivalve.com\/es\/wp-json\/wp\/v2\/product"}],"about":[{"href":"https:\/\/www.hongtaivalve.com\/es\/wp-json\/wp\/v2\/types\/product"}],"replies":[{"embeddable":true,"href":"https:\/\/www.hongtaivalve.com\/es\/wp-json\/wp\/v2\/comments?post=4957"}],"wp:featuredmedia":[{"embeddable":true,"href":"https:\/\/www.hongtaivalve.com\/es\/wp-json\/wp\/v2\/media\/4961"}],"wp:attachment":[{"href":"https:\/\/www.hongtaivalve.com\/es\/wp-json\/wp\/v2\/media?parent=4957"}],"wp:term":[{"taxonomy":"product_brand","embeddable":true,"href":"https:\/\/www.hongtaivalve.com\/es\/wp-json\/wp\/v2\/product_brand?post=4957"},{"taxonomy":"product_cat","embeddable":true,"href":"https:\/\/www.hongtaivalve.com\/es\/wp-json\/wp\/v2\/product_cat?post=4957"},{"taxonomy":"product_tag","embeddable":true,"href":"https:\/\/www.hongtaivalve.com\/es\/wp-json\/wp\/v2\/product_tag?post=4957"}],"curies":[{"name":"wp","href":"https:\/\/api.w.org\/{rel}","templated":true}]}}