{"id":5004,"date":"2024-04-17T05:46:53","date_gmt":"2024-04-17T05:46:53","guid":{"rendered":"http:\/\/www.hongtaivalve.com\/?post_type=product&#038;p=5004"},"modified":"2024-12-27T06:09:48","modified_gmt":"2024-12-27T06:09:48","slug":"sanitary-y-shape-elbow-strainer-pipe-filter","status":"publish","type":"product","link":"https:\/\/www.hongtaivalve.com\/es\/producto\/sanitary-y-shape-elbow-strainer-pipe-filter\/","title":{"rendered":"HongTaivalve-Sanitaria forma de Y codo filtro de tuber\u00eda de tama\u00f1o dn15-dn150-HTV-YSP001"},"content":{"rendered":"<h2><span style=\"color: #ff0000;\">Instrucciones de embalaje del producto\uff1a<\/span><\/h2>\n<p>Cada producto se embala primero individualmente en una bolsa de espuma y luego se coloca cuidadosamente en una caja de cart\u00f3n designada. Por \u00faltimo, se paletiza o se embala en una caja de madera de exportaci\u00f3n. Todo el proceso de embalaje se ejecuta rigurosamente para evitar cualquier da\u00f1o durante el transporte.<\/p>\n<p><a href=\"http:\/\/www.hongtaivalve.com\/wp-content\/uploads\/2024\/04\/IMG_9353.jpg\"><img fetchpriority=\"high\" decoding=\"async\" class=\"alignnone size-full wp-image-5008\" src=\"http:\/\/www.hongtaivalve.com\/wp-content\/uploads\/2024\/04\/IMG_9353.jpg\" alt=\"\" width=\"1024\" height=\"768\" srcset=\"https:\/\/www.hongtaivalve.com\/wp-content\/uploads\/2024\/04\/IMG_9353.jpg 1024w, https:\/\/www.hongtaivalve.com\/wp-content\/uploads\/2024\/04\/IMG_9353-800x600.jpg 800w, https:\/\/www.hongtaivalve.com\/wp-content\/uploads\/2024\/04\/IMG_9353-300x225.jpg 300w, https:\/\/www.hongtaivalve.com\/wp-content\/uploads\/2024\/04\/IMG_9353-768x576.jpg 768w\" sizes=\"(max-width: 1024px) 100vw, 1024px\" \/><\/a><\/p>\n<p><strong>Qui\u00e9nes somos<\/strong><\/p>\n<p>En HongTai, nos especializamos en v\u00e1lvulas sanitarias de alta calidad y accesorios de tuber\u00eda de acero inoxidable, sirviendo a industrias clave como la farmac\u00e9utica, procesamiento de alimentos y productos qu\u00edmicos. Fabricados con acero inoxidable 304, 316 y 316L de primera calidad, nuestros productos ofrecen una excelente resistencia a la corrosi\u00f3n y se elaboran utilizando t\u00e9cnicas de fabricaci\u00f3n avanzadas como corte por l\u00e1ser y soldadura de precisi\u00f3n. Dise\u00f1adas para la higiene y la integridad de los fluidos, las v\u00e1lvulas de HongTai son la opci\u00f3n ideal para las industrias que requieren una limpieza \u00f3ptima y un rendimiento duradero.<\/p>\n<p><a href=\"https:\/\/www.hongtaivalve.com\/wp-content\/uploads\/2024\/12\/2efad8255a88820383829ce2a75fcb9.jpg\"><img decoding=\"async\" class=\"wp-image-5948 aligncenter\" src=\"https:\/\/www.hongtaivalve.com\/wp-content\/uploads\/2024\/12\/2efad8255a88820383829ce2a75fcb9.jpg\" alt=\"\" width=\"627\" height=\"406\" srcset=\"https:\/\/www.hongtaivalve.com\/wp-content\/uploads\/2024\/12\/2efad8255a88820383829ce2a75fcb9.jpg 985w, https:\/\/www.hongtaivalve.com\/wp-content\/uploads\/2024\/12\/2efad8255a88820383829ce2a75fcb9-300x194.jpg 300w, https:\/\/www.hongtaivalve.com\/wp-content\/uploads\/2024\/12\/2efad8255a88820383829ce2a75fcb9-768x497.jpg 768w, https:\/\/www.hongtaivalve.com\/wp-content\/uploads\/2024\/12\/2efad8255a88820383829ce2a75fcb9-18x12.jpg 18w, https:\/\/www.hongtaivalve.com\/wp-content\/uploads\/2024\/12\/2efad8255a88820383829ce2a75fcb9-800x518.jpg 800w\" sizes=\"(max-width: 627px) 100vw, 627px\" \/><\/a><\/p>\n<p><strong>Por qu\u00e9 elegirnos<\/strong><\/p>\n<p><strong>Garant\u00eda de calidad:<\/strong>\u00a0Mantenemos un estricto control de todas las fases de producci\u00f3n, desde las materias primas hasta los productos acabados, garantizando el cumplimiento de la norma ISO9001 y las certificaciones internacionales, incluidas las normas 3A, DIN e ISO.<\/p>\n<p><strong>Experiencia en el sector:<\/strong>\u00a0D\u00e9cadas de experiencia en soluciones para industrias cr\u00edticas como la alimentaria, la de bebidas y la farmac\u00e9utica.<\/p>\n<p><strong>Tecnolog\u00eda avanzada:<\/strong>\u00a0Nuestras instalaciones de \u00faltima generaci\u00f3n, que incluyen tornos CNC y herramientas de precisi\u00f3n actualizados peri\u00f3dicamente, garantizan una gran precisi\u00f3n superficial y tolerancias ajustadas para cada producto.<\/p>\n<p><strong>100% Inspecci\u00f3n:<\/strong>\u00a0Todos los productos se someten a rigurosas pruebas, incluida la detecci\u00f3n de fugas en v\u00e1lvulas y tama\u00f1os, para garantizar una calidad impecable antes de salir de nuestras instalaciones.<\/p>\n<p><strong>Alcance mundial:<\/strong>\u00a0Empresas de todo el mundo conf\u00edan en nuestra calidad constante y nuestras entregas puntuales.<\/p>\n<p>Elija HongTai por su inigualable fiabilidad, rendimiento e innovaci\u00f3n en soluciones de valvuler\u00eda y accesorios de tuber\u00edas.<\/p>\n<p>&nbsp;<\/p>\n<p><strong>P\u00f3ngase en contacto con nosotros<\/strong><br \/>\nPara m\u00e1s informaci\u00f3n o para hablar de sus necesidades, p\u00f3ngase en contacto con nosotros:<br \/>\nCorreo electr\u00f3nico: ht@htcdf.com<br \/>\nwhatsapp: (86)18875809195<br \/>\nTambi\u00e9n puede visitar nuestra\u00a0<a href=\"https:\/\/www.hongtaivalve.com\/es\/contact-us\/\" target=\"_blank\" rel=\"noopener\">Contacte con nosotros<\/a>\u00a0para m\u00e1s formas de ponerse en contacto.<\/p>","protected":false},"excerpt":{"rendered":"<p>Principalmente dividido en filtro de tuber\u00eda recta, filtro tipo Y, con filtro de tuber\u00eda de \u00e1ngulo recto El filtro de tuber\u00eda sanitaria puede ser utilizado en medicina, industria qu\u00edmica, electr\u00f3nica, bebidas, vino, tratamiento bioqu\u00edmico del agua, protecci\u00f3n del medio ambiente y otros equipos industriales El filtro de tuber\u00eda higi\u00e9nica puede filtrar part\u00edculas l\u00edquidas y bacterias por encima de 0,45um, tiene las ventajas de alta precisi\u00f3n de filtraci\u00f3n, velocidad de transici\u00f3n r\u00e1pida, menos adsorci\u00f3n, sin desprendimiento del medio, resistencia a la corrosi\u00f3n de \u00e1cidos y \u00e1lcalis, alta resistencia, f\u00e1cil operaci\u00f3n, etc. Ha sido ampliamente utilizado en medicina, industria qu\u00edmica, electr\u00f3nica, bebidas, vino, tratamiento bioqu\u00edmico del agua, protecci\u00f3n del medio ambiente y otros equipos necesarios.<\/p>\n<p>Los filtros sanitarios se utilizan para filtrar s\u00f3lidos de procesos fluidos. La malla est\u00e1 dise\u00f1ada para ser lo suficientemente porosa como para no obstruirse con demasiada facilidad, pero a\u00fan as\u00ed puede evitar que los s\u00f3lidos grandes pasen a trav\u00e9s, el tama\u00f1o de la malla depende del material del medio, por lo general podemos producir especificaciones de malla de 1000 mallas a 10 mallas. Tenemos dos estilos diferentes de filtros (filtro en l\u00ednea y filtro de entrada lateral), cada uno con caracter\u00edsticas \u00fanicas que los hacen adecuados para una variedad de situaciones estresantes. Se recomienda colocar el filtro despu\u00e9s de la bomba, ya que la inhalaci\u00f3n puede da\u00f1ar el n\u00facleo del filtro. Adem\u00e1s, es muy importante evitar fugas del filtro en la soldadura, y a veces se producen fugas donde se aprieta la tuerca, por lo que nuestros productos se someten a una estricta prueba de fugas, la presi\u00f3n de prueba es de unos 10 bares.<\/p>\n<p>SIZE:DN25-DN150,1\u2033-6\u2033<br \/>\nConectar: Triclamp,Roscar,Soldar.<br \/>\nMaterial:sus304 o sus316L<br \/>\nTamiz filtrante :10mesh -1000mesh<br \/>\nDi\u00e1metro del orificio de la pantalla: de 0,5 mm a 3 mm.<\/p>\n<p><a href=\"http:\/\/www.hongtaivalve.com\/wp-content\/uploads\/2024\/04\/elbow-filter.png\"><img decoding=\"async\" class=\"alignnone size-full wp-image-5009\" src=\"http:\/\/www.hongtaivalve.com\/wp-content\/uploads\/2024\/04\/elbow-filter.png\" alt=\"\" width=\"990\" height=\"224\" srcset=\"https:\/\/www.hongtaivalve.com\/wp-content\/uploads\/2024\/04\/elbow-filter.png 990w, https:\/\/www.hongtaivalve.com\/wp-content\/uploads\/2024\/04\/elbow-filter-800x181.png 800w, https:\/\/www.hongtaivalve.com\/wp-content\/uploads\/2024\/04\/elbow-filter-300x68.png 300w, https:\/\/www.hongtaivalve.com\/wp-content\/uploads\/2024\/04\/elbow-filter-768x174.png 768w\" sizes=\"(max-width: 990px) 100vw, 990px\" \/><\/a><\/p>","protected":false},"featured_media":5008,"comment_status":"open","ping_status":"closed","template":"","meta":[],"product_brand":[],"product_cat":[111],"product_tag":[],"class_list":{"0":"post-5004","1":"product","2":"type-product","3":"status-publish","4":"has-post-thumbnail","6":"product_cat-filter-strainer","8":"first","9":"instock","10":"shipping-taxable","11":"product-type-simple"},"yoast_head":"<!-- This site is optimized with the Yoast SEO plugin v24.6 - https:\/\/yoast.com\/wordpress\/plugins\/seo\/ -->\n<title>HongTaivalve-Sanitary Y shape elbow strainer pipe filter-size dn15-dn150-HTV-YSP001 - Wenzhou HongTai Fluid Equipment Co.Ltd<\/title>\n<meta name=\"robots\" content=\"index, follow, max-snippet:-1, max-image-preview:large, max-video-preview:-1\" \/>\n<link rel=\"canonical\" href=\"https:\/\/www.hongtaivalve.com\/es\/producto\/sanitary-y-shape-elbow-strainer-pipe-filter\/\" \/>\n<meta property=\"og:locale\" content=\"es_ES\" \/>\n<meta property=\"og:type\" content=\"article\" \/>\n<meta property=\"og:title\" content=\"HongTaivalve-Sanitary Y shape elbow strainer pipe filter-size dn15-dn150-HTV-YSP001 - Wenzhou HongTai Fluid Equipment Co.Ltd\" \/>\n<meta property=\"og:description\" content=\"Mainly divided into straight pipe filter, Y type filter, with right angle pipe filter Sanitary pipe filter can be Used in medicine, chemical industry, electronics, beverage, wine, biochemical water treatment, environmental protection and other industrial equipment Hygiene pipe filter can filter out liquid particles and bacteria above 0.45um, has the advantages of high filtration accuracy, fast transition speed, less adsorption, no medium shedding, acid and alkali corrosion resistance, high resistance, easy operation, etc. It has been widely used in medicine, chemical industry, electronics, beverage, wine, biochemical water treatment, environmental protection and other necessary equipment.  Sanitary filters are used to filter solids from fluid processes. The mesh is designed to be porous enough not to clog too easily, but still can prevent large solids from passing through, the size of the mesh depends on the medium material, usually we can produce mesh specifications from 1000 mesh to 10 mesh. We carry two different styles of filters (inline filter and side inlet filter), each with unique features that make them suitable for a variety of stressful situations. It is recommended to place the filter after the pump, as inhalation may damage the filter core. In addition, it is very important to prevent leakage of the filter at the weld, and sometimes leakage will occur where the nut is tightened, so our products will undergo a strict leak test, the test pressure is about 10 bars.  SIZE:DN25-DN150,1&quot;-6&quot; Connect: Triclamp,Thread,Weld. Material:sus304 or sus316L Filter screen :10mesh -1000mesh Screen hole dia.:0.5mm to 3mm.\" \/>\n<meta property=\"og:url\" content=\"https:\/\/www.hongtaivalve.com\/es\/producto\/sanitary-y-shape-elbow-strainer-pipe-filter\/\" \/>\n<meta property=\"og:site_name\" content=\"Wenzhou HongTai Fluid Equipment Co.Ltd\" \/>\n<meta property=\"article:modified_time\" content=\"2024-12-27T06:09:48+00:00\" \/>\n<meta property=\"og:image\" content=\"https:\/\/www.hongtaivalve.com\/wp-content\/uploads\/2024\/04\/IMG_9353.jpg\" \/>\n\t<meta property=\"og:image:width\" content=\"1024\" \/>\n\t<meta property=\"og:image:height\" content=\"768\" \/>\n\t<meta property=\"og:image:type\" content=\"image\/jpeg\" \/>\n<meta name=\"twitter:card\" content=\"summary_large_image\" \/>\n<meta name=\"twitter:label1\" content=\"Tiempo de lectura\" \/>\n\t<meta name=\"twitter:data1\" content=\"3 minutos\" \/>\n<script type=\"application\/ld+json\" class=\"yoast-schema-graph\">{\"@context\":\"https:\/\/schema.org\",\"@graph\":[{\"@type\":\"WebPage\",\"@id\":\"https:\/\/www.hongtaivalve.com\/product\/sanitary-y-shape-elbow-strainer-pipe-filter\/\",\"url\":\"https:\/\/www.hongtaivalve.com\/product\/sanitary-y-shape-elbow-strainer-pipe-filter\/\",\"name\":\"HongTaivalve-Sanitary Y shape elbow strainer pipe filter-size dn15-dn150-HTV-YSP001 - Wenzhou HongTai Fluid Equipment Co.Ltd\",\"isPartOf\":{\"@id\":\"https:\/\/www.hongtaivalve.com\/#website\"},\"primaryImageOfPage\":{\"@id\":\"https:\/\/www.hongtaivalve.com\/product\/sanitary-y-shape-elbow-strainer-pipe-filter\/#primaryimage\"},\"image\":{\"@id\":\"https:\/\/www.hongtaivalve.com\/product\/sanitary-y-shape-elbow-strainer-pipe-filter\/#primaryimage\"},\"thumbnailUrl\":\"https:\/\/www.hongtaivalve.com\/wp-content\/uploads\/2024\/04\/IMG_9353.jpg\",\"datePublished\":\"2024-04-17T05:46:53+00:00\",\"dateModified\":\"2024-12-27T06:09:48+00:00\",\"breadcrumb\":{\"@id\":\"https:\/\/www.hongtaivalve.com\/product\/sanitary-y-shape-elbow-strainer-pipe-filter\/#breadcrumb\"},\"inLanguage\":\"es\",\"potentialAction\":[{\"@type\":\"ReadAction\",\"target\":[\"https:\/\/www.hongtaivalve.com\/product\/sanitary-y-shape-elbow-strainer-pipe-filter\/\"]}]},{\"@type\":\"ImageObject\",\"inLanguage\":\"es\",\"@id\":\"https:\/\/www.hongtaivalve.com\/product\/sanitary-y-shape-elbow-strainer-pipe-filter\/#primaryimage\",\"url\":\"https:\/\/www.hongtaivalve.com\/wp-content\/uploads\/2024\/04\/IMG_9353.jpg\",\"contentUrl\":\"https:\/\/www.hongtaivalve.com\/wp-content\/uploads\/2024\/04\/IMG_9353.jpg\",\"width\":1024,\"height\":768},{\"@type\":\"BreadcrumbList\",\"@id\":\"https:\/\/www.hongtaivalve.com\/product\/sanitary-y-shape-elbow-strainer-pipe-filter\/#breadcrumb\",\"itemListElement\":[{\"@type\":\"ListItem\",\"position\":1,\"name\":\"\u9996\u9875\",\"item\":\"https:\/\/www.hongtaivalve.com\/\"},{\"@type\":\"ListItem\",\"position\":2,\"name\":\"Product\",\"item\":\"https:\/\/www.hongtaivalve.com\/product\/\"},{\"@type\":\"ListItem\",\"position\":3,\"name\":\"HongTaivalve-Sanitary Y shape elbow strainer pipe filter-size dn15-dn150-HTV-YSP001\"}]},{\"@type\":\"WebSite\",\"@id\":\"https:\/\/www.hongtaivalve.com\/#website\",\"url\":\"https:\/\/www.hongtaivalve.com\/\",\"name\":\"Wenzhou HongTai Fluid Equipment Co.Ltd\",\"description\":\"\",\"potentialAction\":[{\"@type\":\"SearchAction\",\"target\":{\"@type\":\"EntryPoint\",\"urlTemplate\":\"https:\/\/www.hongtaivalve.com\/?s={search_term_string}\"},\"query-input\":{\"@type\":\"PropertyValueSpecification\",\"valueRequired\":true,\"valueName\":\"search_term_string\"}}],\"inLanguage\":\"es\"}]}<\/script>\n<!-- \/ Yoast SEO plugin. -->","yoast_head_json":{"title":"HongTaivalve-Sanitary Y shape elbow strainer pipe filter-size dn15-dn150-HTV-YSP001 - Wenzhou HongTai Fluid Equipment Co.Ltd","robots":{"index":"index","follow":"follow","max-snippet":"max-snippet:-1","max-image-preview":"max-image-preview:large","max-video-preview":"max-video-preview:-1"},"canonical":"https:\/\/www.hongtaivalve.com\/es\/producto\/sanitary-y-shape-elbow-strainer-pipe-filter\/","og_locale":"es_ES","og_type":"article","og_title":"HongTaivalve-Sanitary Y shape elbow strainer pipe filter-size dn15-dn150-HTV-YSP001 - Wenzhou HongTai Fluid Equipment Co.Ltd","og_description":"Mainly divided into straight pipe filter, Y type filter, with right angle pipe filter Sanitary pipe filter can be Used in medicine, chemical industry, electronics, beverage, wine, biochemical water treatment, environmental protection and other industrial equipment Hygiene pipe filter can filter out liquid particles and bacteria above 0.45um, has the advantages of high filtration accuracy, fast transition speed, less adsorption, no medium shedding, acid and alkali corrosion resistance, high resistance, easy operation, etc. It has been widely used in medicine, chemical industry, electronics, beverage, wine, biochemical water treatment, environmental protection and other necessary equipment.  Sanitary filters are used to filter solids from fluid processes. The mesh is designed to be porous enough not to clog too easily, but still can prevent large solids from passing through, the size of the mesh depends on the medium material, usually we can produce mesh specifications from 1000 mesh to 10 mesh. We carry two different styles of filters (inline filter and side inlet filter), each with unique features that make them suitable for a variety of stressful situations. It is recommended to place the filter after the pump, as inhalation may damage the filter core. In addition, it is very important to prevent leakage of the filter at the weld, and sometimes leakage will occur where the nut is tightened, so our products will undergo a strict leak test, the test pressure is about 10 bars.  SIZE:DN25-DN150,1\"-6\" Connect: Triclamp,Thread,Weld. Material:sus304 or sus316L Filter screen :10mesh -1000mesh Screen hole dia.:0.5mm to 3mm.","og_url":"https:\/\/www.hongtaivalve.com\/es\/producto\/sanitary-y-shape-elbow-strainer-pipe-filter\/","og_site_name":"Wenzhou HongTai Fluid Equipment Co.Ltd","article_modified_time":"2024-12-27T06:09:48+00:00","og_image":[{"width":1024,"height":768,"url":"https:\/\/www.hongtaivalve.com\/wp-content\/uploads\/2024\/04\/IMG_9353.jpg","type":"image\/jpeg"}],"twitter_card":"summary_large_image","twitter_misc":{"Tiempo de lectura":"3 minutos"},"schema":{"@context":"https:\/\/schema.org","@graph":[{"@type":"WebPage","@id":"https:\/\/www.hongtaivalve.com\/product\/sanitary-y-shape-elbow-strainer-pipe-filter\/","url":"https:\/\/www.hongtaivalve.com\/product\/sanitary-y-shape-elbow-strainer-pipe-filter\/","name":"HongTaivalve-Sanitary Y shape elbow strainer pipe filter-size dn15-dn150-HTV-YSP001 - Wenzhou HongTai Fluid Equipment Co.Ltd","isPartOf":{"@id":"https:\/\/www.hongtaivalve.com\/#website"},"primaryImageOfPage":{"@id":"https:\/\/www.hongtaivalve.com\/product\/sanitary-y-shape-elbow-strainer-pipe-filter\/#primaryimage"},"image":{"@id":"https:\/\/www.hongtaivalve.com\/product\/sanitary-y-shape-elbow-strainer-pipe-filter\/#primaryimage"},"thumbnailUrl":"https:\/\/www.hongtaivalve.com\/wp-content\/uploads\/2024\/04\/IMG_9353.jpg","datePublished":"2024-04-17T05:46:53+00:00","dateModified":"2024-12-27T06:09:48+00:00","breadcrumb":{"@id":"https:\/\/www.hongtaivalve.com\/product\/sanitary-y-shape-elbow-strainer-pipe-filter\/#breadcrumb"},"inLanguage":"es","potentialAction":[{"@type":"ReadAction","target":["https:\/\/www.hongtaivalve.com\/product\/sanitary-y-shape-elbow-strainer-pipe-filter\/"]}]},{"@type":"ImageObject","inLanguage":"es","@id":"https:\/\/www.hongtaivalve.com\/product\/sanitary-y-shape-elbow-strainer-pipe-filter\/#primaryimage","url":"https:\/\/www.hongtaivalve.com\/wp-content\/uploads\/2024\/04\/IMG_9353.jpg","contentUrl":"https:\/\/www.hongtaivalve.com\/wp-content\/uploads\/2024\/04\/IMG_9353.jpg","width":1024,"height":768},{"@type":"BreadcrumbList","@id":"https:\/\/www.hongtaivalve.com\/product\/sanitary-y-shape-elbow-strainer-pipe-filter\/#breadcrumb","itemListElement":[{"@type":"ListItem","position":1,"name":"\u9996\u9875","item":"https:\/\/www.hongtaivalve.com\/"},{"@type":"ListItem","position":2,"name":"Product","item":"https:\/\/www.hongtaivalve.com\/product\/"},{"@type":"ListItem","position":3,"name":"HongTaivalve-Sanitary Y shape elbow strainer pipe filter-size dn15-dn150-HTV-YSP001"}]},{"@type":"WebSite","@id":"https:\/\/www.hongtaivalve.com\/#website","url":"https:\/\/www.hongtaivalve.com\/","name":"Wenzhou HongTai Fluid Equipment Co.Ltd","description":"","potentialAction":[{"@type":"SearchAction","target":{"@type":"EntryPoint","urlTemplate":"https:\/\/www.hongtaivalve.com\/?s={search_term_string}"},"query-input":{"@type":"PropertyValueSpecification","valueRequired":true,"valueName":"search_term_string"}}],"inLanguage":"es"}]}},"_links":{"self":[{"href":"https:\/\/www.hongtaivalve.com\/es\/wp-json\/wp\/v2\/product\/5004","targetHints":{"allow":["GET"]}}],"collection":[{"href":"https:\/\/www.hongtaivalve.com\/es\/wp-json\/wp\/v2\/product"}],"about":[{"href":"https:\/\/www.hongtaivalve.com\/es\/wp-json\/wp\/v2\/types\/product"}],"replies":[{"embeddable":true,"href":"https:\/\/www.hongtaivalve.com\/es\/wp-json\/wp\/v2\/comments?post=5004"}],"wp:featuredmedia":[{"embeddable":true,"href":"https:\/\/www.hongtaivalve.com\/es\/wp-json\/wp\/v2\/media\/5008"}],"wp:attachment":[{"href":"https:\/\/www.hongtaivalve.com\/es\/wp-json\/wp\/v2\/media?parent=5004"}],"wp:term":[{"taxonomy":"product_brand","embeddable":true,"href":"https:\/\/www.hongtaivalve.com\/es\/wp-json\/wp\/v2\/product_brand?post=5004"},{"taxonomy":"product_cat","embeddable":true,"href":"https:\/\/www.hongtaivalve.com\/es\/wp-json\/wp\/v2\/product_cat?post=5004"},{"taxonomy":"product_tag","embeddable":true,"href":"https:\/\/www.hongtaivalve.com\/es\/wp-json\/wp\/v2\/product_tag?post=5004"}],"curies":[{"name":"wp","href":"https:\/\/api.w.org\/{rel}","templated":true}]}}