{"id":5044,"date":"2024-04-18T07:09:10","date_gmt":"2024-04-18T07:09:10","guid":{"rendered":"http:\/\/www.hongtaivalve.com\/?post_type=product&#038;p=5044"},"modified":"2024-12-27T07:21:36","modified_gmt":"2024-12-27T07:21:36","slug":"sanitary-korea-embedded-ptfe-length-pipe-support-clamp","status":"publish","type":"product","link":"https:\/\/www.hongtaivalve.com\/es\/producto\/sanitary-korea-embedded-ptfe-length-pipe-support-clamp\/","title":{"rendered":"HongTaivalve-Sanitaria corea incrustado PTFE longitud abrazadera de soporte de tuber\u00eda-tama\u00f1o dn15-dn150-HTV-LPSC001"},"content":{"rendered":"<p>La abrazadera sanitaria de acero inoxidable para tuber\u00edas es un dispositivo de soporte y fijaci\u00f3n utilizado en sistemas de tuber\u00edas, con las siguientes caracter\u00edsticas y escenarios de aplicaci\u00f3n:<br \/>\nCaracter\u00edsticas:<br \/>\nVentaja del material: El uso de material de acero inoxidable, para asegurar su buena resistencia a la corrosi\u00f3n y resistencia al calor, puede mantener excelentes propiedades f\u00edsicas y mec\u00e1nicas en una variedad de entornos.<br \/>\nAmplia aplicaci\u00f3n: Es adecuado para muchas industrias como la l\u00e1ctea, alimentaria, de bebidas, farmac\u00e9utica y cosm\u00e9tica, demostrando sus propiedades duraderas.<br \/>\nF\u00e1cil instalaci\u00f3n: dise\u00f1o de abrazadera de instalaci\u00f3n r\u00e1pida, de modo que el trabajo de conexi\u00f3n se puede completar sin herramientas, mejorar la comodidad de funcionamiento.<br \/>\nEscenario de aplicaci\u00f3n:<br \/>\nEquipo mec\u00e1nico y qu\u00edmico: se utiliza para conectar todas las mangueras de goma, mangueras de pl\u00e1stico de nailon, mangueras de tela, mangueras y otras interfaces para garantizar que la conexi\u00f3n sea estanca y sellada.<br \/>\nApoyo y fijaci\u00f3n de la tuber\u00eda: apoyan el trazado y el funcionamiento de la tuber\u00eda, reducen la carga de la tuber\u00eda y garantizan la racionalidad y eficacia del sistema de tuber\u00edas.<br \/>\nEn resumen, la abrazadera sanitaria de acero inoxidable para tuber\u00edas no s\u00f3lo es ampliamente utilizada en muchas industrias debido a la superioridad de su material, sino tambi\u00e9n a su conveniente dise\u00f1o de instalaci\u00f3n y potentes funciones que la convierten en una parte indispensable del sistema de tuber\u00edas.<\/p>\n<p>La abrazadera de tubo de acero inoxidable tambi\u00e9n se llama abrazadera de tubo, soporte de tubo, aro de tubo y tarjeta de tubo. Se utiliza principalmente para el soporte de tuber\u00edas y fijaci\u00f3n de tuber\u00edas. El acero inoxidable 304 tiene las caracter\u00edsticas de prevenci\u00f3n de la oxidaci\u00f3n, resistencia a los \u00e1cidos y resistencia a los \u00e1lcalis. El soporte de tuber\u00eda de acero inoxidable se utiliza como un tipo de piezas para el soporte de tuber\u00edas a\u00e9reas en el suelo, que se puede dividir en soporte fijo, soporte deslizante, soporte de gu\u00eda, soporte rodante y as\u00ed sucesivamente. El soporte de tuber\u00eda de acero inoxidable es ampliamente utilizado en: industria qu\u00edmica, alimentos y bebidas, productos l\u00e1cteos, bebidas de la industria farmac\u00e9utica y as\u00ed sucesivamente.<\/p>\n<p>El soporte de tuber\u00eda de acero inoxidable se compone principalmente de dos placas semicirculares de acero inoxidable, dos tornillos y tuercas, una junta (generalmente roja) y un tubo de acero de soporte.  Soporte de tuber\u00eda de acero inoxidable tiene una alta resistencia, resistencia a la corrosi\u00f3n fuerte, buena flexibilidad, excelente resistencia a las vibraciones y resistencia s\u00edsmica, fragilidad a baja temperatura, el transporte de agua puede garantizar la pureza de la calidad del agua, y duradero y puede ser reciclado como materiales decorativos. Tuber\u00eda de acero inoxidable tiene m\u00e1s ventajas, especialmente en el espesor de pared de s\u00f3lo 0,6 ~ 1,2 mm de pared delgada tuber\u00eda de acero inoxidable en la parte superior del sistema de agua potable, sistema de agua caliente, la salud prestar m\u00e1s atenci\u00f3n al sistema de drenaje, con seguridad y fiable, la salud y la protecci\u00f3n del medio ambiente, las caracter\u00edsticas econ\u00f3micas y pr\u00e1cticas.<\/p>\n<p>El soporte de tuber\u00edas de acero inoxidable se puede utilizar en muchos lugares con el tendido de tuber\u00edas, tambi\u00e9n conocido como soporte de tuber\u00edas, departamento de tuber\u00edas y as\u00ed sucesivamente. Como componentes de soporte de tuber\u00edas, los soportes de tuber\u00edas se dividen en tipos fijos y m\u00f3viles de acuerdo con el rendimiento operativo y los requisitos de dise\u00f1o de tuber\u00edas. Los lugares donde se establecen puntos fijos se convierten en soportes fijos, y tales soportes de tuber\u00edas no pueden generar desplazamiento relativo con las tuber\u00edas. Al mismo tiempo, la deformaci\u00f3n por flexi\u00f3n del soporte fijo de tuber\u00edas despu\u00e9s de ser sometido a una fuerza debe ser menor que la del compensador de tuber\u00edas, ya que el soporte de tuber\u00edas debe tener suficiente rigidez. En los lugares donde se coloca el soporte intermedio se utilizan soportes de tuber\u00edas m\u00f3viles, y las tuber\u00edas y los soportes de tuber\u00edas permiten un desplazamiento relativo. Las tuber\u00edas no est\u00e1n limitadas por la deformaci\u00f3n t\u00e9rmica. Los m\u00e9todos de conexi\u00f3n de los soportes de tuber\u00edas de acero inoxidable son diversos, y los tipos comunes de accesorios de tuber\u00edas incluyen compresi\u00f3n, sujeci\u00f3n, conexi\u00f3n r\u00e1pida, empuje, empuje roscado, soldadura por encastre, conexi\u00f3n por brida de conexi\u00f3n r\u00e1pida, conexi\u00f3n por soldadura y m\u00e9todos de conexi\u00f3n en serie h\u00edbridos que combinan la soldadura y la conexi\u00f3n tradicional. Estos m\u00e9todos de conexi\u00f3n difieren en sus principios b\u00e1sicos, y sus campos de aplicaci\u00f3n tambi\u00e9n ser\u00e1n diferentes, pero la mayor\u00eda de ellos son c\u00f3modos de instalar y fiables y seguros. Los anillos de sellado o juntas utilizados para la conexi\u00f3n est\u00e1n hechos principalmente de caucho de silicona, caucho de nitrilo y EPDM que cumplen con los requisitos de las normas nacionales e industriales, aliviando la carga de los usuarios. Se ha demostrado por las pr\u00e1cticas de ingenier\u00eda en el pa\u00eds y en el extranjero que es uno de los mejores tubos de rendimiento integral para el suministro de agua y sistemas de drenaje, un nuevo tipo de tuber\u00eda de ahorro de energ\u00eda y respetuosa con el medio ambiente, y tambi\u00e9n una tuber\u00eda con competitividad. Est\u00e1 llamada a desempe\u00f1ar un papel insustituible en la mejora de la calidad del agua y de las condiciones de vida de la poblaci\u00f3n.<\/p>\n<h2><span style=\"color: #ff0000;\">Instrucciones de embalaje del producto\uff1a<\/span><\/h2>\n<p>Cada producto se embala primero individualmente en una bolsa de espuma y luego se coloca cuidadosamente en una caja de cart\u00f3n designada. Por \u00faltimo, se paletiza o se embala en una caja de madera de exportaci\u00f3n. Todo el proceso de embalaje se ejecuta rigurosamente para evitar cualquier da\u00f1o durante el transporte.<\/p>\n<p><a href=\"http:\/\/www.hongtaivalve.com\/wp-content\/uploads\/2024\/04\/IMG_9215.jpg\"><img fetchpriority=\"high\" decoding=\"async\" class=\"alignnone size-full wp-image-5045\" src=\"http:\/\/www.hongtaivalve.com\/wp-content\/uploads\/2024\/04\/IMG_9215.jpg\" alt=\"\" width=\"1024\" height=\"768\" srcset=\"https:\/\/www.hongtaivalve.com\/wp-content\/uploads\/2024\/04\/IMG_9215.jpg 1024w, https:\/\/www.hongtaivalve.com\/wp-content\/uploads\/2024\/04\/IMG_9215-800x600.jpg 800w, https:\/\/www.hongtaivalve.com\/wp-content\/uploads\/2024\/04\/IMG_9215-300x225.jpg 300w, https:\/\/www.hongtaivalve.com\/wp-content\/uploads\/2024\/04\/IMG_9215-768x576.jpg 768w\" sizes=\"(max-width: 1024px) 100vw, 1024px\" \/><\/a> <a href=\"http:\/\/www.hongtaivalve.com\/wp-content\/uploads\/2024\/04\/IMG_9216.jpg\"><img decoding=\"async\" class=\"alignnone size-full wp-image-5046\" src=\"http:\/\/www.hongtaivalve.com\/wp-content\/uploads\/2024\/04\/IMG_9216.jpg\" alt=\"\" width=\"1024\" height=\"768\" srcset=\"https:\/\/www.hongtaivalve.com\/wp-content\/uploads\/2024\/04\/IMG_9216.jpg 1024w, https:\/\/www.hongtaivalve.com\/wp-content\/uploads\/2024\/04\/IMG_9216-800x600.jpg 800w, https:\/\/www.hongtaivalve.com\/wp-content\/uploads\/2024\/04\/IMG_9216-300x225.jpg 300w, https:\/\/www.hongtaivalve.com\/wp-content\/uploads\/2024\/04\/IMG_9216-768x576.jpg 768w\" sizes=\"(max-width: 1024px) 100vw, 1024px\" \/><\/a> <a href=\"http:\/\/www.hongtaivalve.com\/wp-content\/uploads\/2024\/04\/IMG_9219.jpg\"><img decoding=\"async\" class=\"alignnone size-full wp-image-5047\" src=\"http:\/\/www.hongtaivalve.com\/wp-content\/uploads\/2024\/04\/IMG_9219.jpg\" alt=\"\" width=\"1024\" height=\"768\" srcset=\"https:\/\/www.hongtaivalve.com\/wp-content\/uploads\/2024\/04\/IMG_9219.jpg 1024w, https:\/\/www.hongtaivalve.com\/wp-content\/uploads\/2024\/04\/IMG_9219-800x600.jpg 800w, https:\/\/www.hongtaivalve.com\/wp-content\/uploads\/2024\/04\/IMG_9219-300x225.jpg 300w, https:\/\/www.hongtaivalve.com\/wp-content\/uploads\/2024\/04\/IMG_9219-768x576.jpg 768w\" sizes=\"(max-width: 1024px) 100vw, 1024px\" \/><\/a><\/p>\n<p><strong>Qui\u00e9nes somos<\/strong><\/p>\n<p>En HongTai, nos especializamos en v\u00e1lvulas sanitarias de alta calidad y accesorios de tuber\u00eda de acero inoxidable, sirviendo a industrias clave como la farmac\u00e9utica, procesamiento de alimentos y productos qu\u00edmicos. Fabricados con acero inoxidable 304, 316 y 316L de primera calidad, nuestros productos ofrecen una excelente resistencia a la corrosi\u00f3n y se elaboran utilizando t\u00e9cnicas de fabricaci\u00f3n avanzadas como corte por l\u00e1ser y soldadura de precisi\u00f3n. Dise\u00f1adas para la higiene y la integridad de los fluidos, las v\u00e1lvulas de HongTai son la opci\u00f3n ideal para las industrias que requieren una limpieza \u00f3ptima y un rendimiento duradero.<\/p>\n<p><a href=\"https:\/\/www.hongtaivalve.com\/wp-content\/uploads\/2024\/12\/2efad8255a88820383829ce2a75fcb9.jpg\"><img loading=\"lazy\" decoding=\"async\" class=\"wp-image-5948 aligncenter\" src=\"https:\/\/www.hongtaivalve.com\/wp-content\/uploads\/2024\/12\/2efad8255a88820383829ce2a75fcb9.jpg\" alt=\"\" width=\"553\" height=\"358\" srcset=\"https:\/\/www.hongtaivalve.com\/wp-content\/uploads\/2024\/12\/2efad8255a88820383829ce2a75fcb9.jpg 985w, https:\/\/www.hongtaivalve.com\/wp-content\/uploads\/2024\/12\/2efad8255a88820383829ce2a75fcb9-300x194.jpg 300w, https:\/\/www.hongtaivalve.com\/wp-content\/uploads\/2024\/12\/2efad8255a88820383829ce2a75fcb9-768x497.jpg 768w, https:\/\/www.hongtaivalve.com\/wp-content\/uploads\/2024\/12\/2efad8255a88820383829ce2a75fcb9-18x12.jpg 18w, https:\/\/www.hongtaivalve.com\/wp-content\/uploads\/2024\/12\/2efad8255a88820383829ce2a75fcb9-800x518.jpg 800w\" sizes=\"(max-width: 553px) 100vw, 553px\" \/><\/a><\/p>\n<p><strong>Por qu\u00e9 elegirnos<\/strong><\/p>\n<p><strong>Garant\u00eda de calidad:<\/strong>\u00a0Mantenemos un estricto control de todas las fases de producci\u00f3n, desde las materias primas hasta los productos acabados, garantizando el cumplimiento de la norma ISO9001 y las certificaciones internacionales, incluidas las normas 3A, DIN e ISO.<\/p>\n<p><strong>Experiencia en el sector:<\/strong>\u00a0D\u00e9cadas de experiencia en soluciones para industrias cr\u00edticas como la alimentaria, la de bebidas y la farmac\u00e9utica.<\/p>\n<p><strong>Tecnolog\u00eda avanzada:<\/strong>\u00a0Nuestras instalaciones de \u00faltima generaci\u00f3n, que incluyen tornos CNC y herramientas de precisi\u00f3n actualizados peri\u00f3dicamente, garantizan una gran precisi\u00f3n superficial y tolerancias ajustadas para cada producto.<\/p>\n<p><strong>100% Inspecci\u00f3n:<\/strong>\u00a0Todos los productos se someten a rigurosas pruebas, incluida la detecci\u00f3n de fugas en v\u00e1lvulas y tama\u00f1os, para garantizar una calidad impecable antes de salir de nuestras instalaciones.<\/p>\n<p><strong>Alcance mundial:<\/strong>\u00a0Empresas de todo el mundo conf\u00edan en nuestra calidad constante y nuestras entregas puntuales.<\/p>\n<p>Elija HongTai por su inigualable fiabilidad, rendimiento e innovaci\u00f3n en soluciones de valvuler\u00eda y accesorios de tuber\u00edas.<\/p>\n<p>&nbsp;<\/p>\n<p><strong>P\u00f3ngase en contacto con nosotros<\/strong><br \/>\nPara m\u00e1s informaci\u00f3n o para hablar de sus necesidades, p\u00f3ngase en contacto con nosotros:<br \/>\nCorreo electr\u00f3nico: ht@htcdf.com<br \/>\nwhatsapp: (86)18875809195<br \/>\nTambi\u00e9n puede visitar nuestra\u00a0<a href=\"https:\/\/www.hongtaivalve.com\/es\/contact-us\/\" target=\"_blank\" rel=\"noopener\">Contacte con nosotros<\/a>\u00a0para m\u00e1s formas de ponerse en contacto.<\/p>\n<p>&nbsp;<\/p>","protected":false},"excerpt":{"rendered":"<table>\n<tbody>\n<tr>\n<td width=\"207\"><strong><b>N\u00ba de modelo<\/b><\/strong><\/td>\n<td width=\"217\">HT-PHD002<\/td>\n<td width=\"214\"><\/td>\n<td width=\"348\"><\/td>\n<\/tr>\n<tr>\n<td><strong><b>Presi\u00f3n m\u00e1xima de trabajo<\/b><\/strong><\/td>\n<td>1,0mpa\/10Bars<\/td>\n<td><strong><b>Extremo de conexi\u00f3n<\/b><\/strong><\/td>\n<td>Fijaci\u00f3n con tornillo de pinza<\/td>\n<\/tr>\n<tr>\n<td><strong><b>Temperatura m\u00e1xima de trabajo<\/b><\/strong><\/td>\n<td>120\u00b0C<\/td>\n<td><strong><b>Operaci\u00f3n<\/b><\/strong><\/td>\n<td>Por Manual,<\/td>\n<\/tr>\n<tr>\n<td><strong><b>Material del cuerpo<\/b><\/strong><\/td>\n<td>SS316L,SS304,SS201<\/td>\n<td><strong><b>Material de sellado<\/b><\/strong><\/td>\n<td>Silicona, EPDM, Viton, PTFE o NBR<\/td>\n<\/tr>\n<tr>\n<td><strong><b>Acabado de la superficie interior<\/b><\/strong><\/td>\n<td>Ra 0,5<\/td>\n<td><strong><b>Acabado exterior de la superficie: <\/b><\/strong><\/td>\n<td>Ra 0,8<\/td>\n<\/tr>\n<tr>\n<td><strong><b>Especificaci\u00f3n<\/b><\/strong><\/td>\n<td>1\/2&#8243;-12&#8243;<\/td>\n<td><strong><b>Certificaci\u00f3n<\/b><\/strong><\/td>\n<td>Informe de materias primas\/informe de calidad del producto acabado<\/td>\n<\/tr>\n<tr>\n<td><strong><b>C\u00d3DIGO SA<\/b><\/strong><\/td>\n<td>7307290000<\/td>\n<td><strong><b>Acabado<\/b><\/strong><\/td>\n<td>Pulido espejo o pulido mate<\/td>\n<\/tr>\n<tr>\n<td><strong><b>T\u00e9cnica de la materia prima<\/b><\/strong><\/td>\n<td>Forja o fundici\u00f3n<\/td>\n<td><strong><b>M\u00e1quina procesadora<\/b><\/strong><\/td>\n<td>M\u00e1quina CNC Mazak LG<\/td>\n<\/tr>\n<tr>\n<td><strong><b>Norma de dise\u00f1o<\/b><\/strong><\/td>\n<td>3A o DIN,SMS,ISO\/IDF<\/td>\n<td><strong><b>Aplicaci\u00f3n<\/b><\/strong><\/td>\n<td>Uso industrial de alimentos o bebidas<\/td>\n<\/tr>\n<tr>\n<td><strong><b>Paquete de transporte<\/b><\/strong><\/td>\n<td>Pl\u00e1stico espumado+Caja de madera<\/td>\n<td><strong><b>Origen<\/b><\/strong><\/td>\n<td>Wenzhou (China)<\/td>\n<\/tr>\n<\/tbody>\n<\/table>","protected":false},"featured_media":5045,"comment_status":"open","ping_status":"closed","template":"","meta":[],"product_brand":[],"product_cat":[110],"product_tag":[],"class_list":{"0":"post-5044","1":"product","2":"type-product","3":"status-publish","4":"has-post-thumbnail","6":"product_cat-pipe-tube-fittings","8":"first","9":"instock","10":"shipping-taxable","11":"product-type-simple"},"yoast_head":"<!-- This site is optimized with the Yoast SEO plugin v24.6 - https:\/\/yoast.com\/wordpress\/plugins\/seo\/ -->\n<title>HongTaivalve-Sanitary korea embedded PTFE length pipe support clamp-size dn15-dn150-HTV-LPSC001 - Wenzhou HongTai Fluid Equipment Co.Ltd<\/title>\n<meta name=\"robots\" content=\"index, follow, max-snippet:-1, max-image-preview:large, max-video-preview:-1\" \/>\n<link rel=\"canonical\" href=\"https:\/\/www.hongtaivalve.com\/es\/producto\/sanitary-korea-embedded-ptfe-length-pipe-support-clamp\/\" \/>\n<meta property=\"og:locale\" content=\"es_ES\" \/>\n<meta property=\"og:type\" content=\"article\" \/>\n<meta property=\"og:title\" content=\"HongTaivalve-Sanitary korea embedded PTFE length pipe support clamp-size dn15-dn150-HTV-LPSC001 - Wenzhou HongTai Fluid Equipment Co.Ltd\" \/>\n<meta property=\"og:description\" content=\"Model No. HT-PHD002     Max Working Pressure 1.0mpa\/10Bars Connection End Clamp screw fixation   Max Working Temperature 120\u00b0C Operation By Manual,   Body Material SS316L,SS304,SS201 Sealing Material Silicone, EPDM, Viton, PTFE, or NBR   Inner Surface finish Ra 0.5 External Surface finish:  Ra 0.8   Specification 1\/2&quot;-12&quot; Certification Raw material report\/finished quality report   HS CODE 7307290000 Finish Mirror polish or Matt polish   Raw Material technique Forging or Casting Processing Machine LG Mazak CNC Machine   Design Standard 3A or DIN,SMS,ISO\/IDF Application Food or Beverage industrial Usage   Transport Package Foamed Plastic+Wooden case Origin Wenzhou China\" \/>\n<meta property=\"og:url\" content=\"https:\/\/www.hongtaivalve.com\/es\/producto\/sanitary-korea-embedded-ptfe-length-pipe-support-clamp\/\" \/>\n<meta property=\"og:site_name\" content=\"Wenzhou HongTai Fluid Equipment Co.Ltd\" \/>\n<meta property=\"article:modified_time\" content=\"2024-12-27T07:21:36+00:00\" \/>\n<meta property=\"og:image\" content=\"https:\/\/www.hongtaivalve.com\/wp-content\/uploads\/2024\/04\/IMG_9215.jpg\" \/>\n\t<meta property=\"og:image:width\" content=\"1024\" \/>\n\t<meta property=\"og:image:height\" content=\"768\" \/>\n\t<meta property=\"og:image:type\" content=\"image\/jpeg\" \/>\n<meta name=\"twitter:card\" content=\"summary_large_image\" \/>\n<meta name=\"twitter:label1\" content=\"Tiempo de lectura\" \/>\n\t<meta name=\"twitter:data1\" content=\"7 minutos\" \/>\n<script type=\"application\/ld+json\" class=\"yoast-schema-graph\">{\"@context\":\"https:\/\/schema.org\",\"@graph\":[{\"@type\":\"WebPage\",\"@id\":\"https:\/\/www.hongtaivalve.com\/product\/sanitary-korea-embedded-ptfe-length-pipe-support-clamp\/\",\"url\":\"https:\/\/www.hongtaivalve.com\/product\/sanitary-korea-embedded-ptfe-length-pipe-support-clamp\/\",\"name\":\"HongTaivalve-Sanitary korea embedded PTFE length pipe support clamp-size dn15-dn150-HTV-LPSC001 - Wenzhou HongTai Fluid Equipment Co.Ltd\",\"isPartOf\":{\"@id\":\"https:\/\/www.hongtaivalve.com\/#website\"},\"primaryImageOfPage\":{\"@id\":\"https:\/\/www.hongtaivalve.com\/product\/sanitary-korea-embedded-ptfe-length-pipe-support-clamp\/#primaryimage\"},\"image\":{\"@id\":\"https:\/\/www.hongtaivalve.com\/product\/sanitary-korea-embedded-ptfe-length-pipe-support-clamp\/#primaryimage\"},\"thumbnailUrl\":\"https:\/\/www.hongtaivalve.com\/wp-content\/uploads\/2024\/04\/IMG_9215.jpg\",\"datePublished\":\"2024-04-18T07:09:10+00:00\",\"dateModified\":\"2024-12-27T07:21:36+00:00\",\"breadcrumb\":{\"@id\":\"https:\/\/www.hongtaivalve.com\/product\/sanitary-korea-embedded-ptfe-length-pipe-support-clamp\/#breadcrumb\"},\"inLanguage\":\"es\",\"potentialAction\":[{\"@type\":\"ReadAction\",\"target\":[\"https:\/\/www.hongtaivalve.com\/product\/sanitary-korea-embedded-ptfe-length-pipe-support-clamp\/\"]}]},{\"@type\":\"ImageObject\",\"inLanguage\":\"es\",\"@id\":\"https:\/\/www.hongtaivalve.com\/product\/sanitary-korea-embedded-ptfe-length-pipe-support-clamp\/#primaryimage\",\"url\":\"https:\/\/www.hongtaivalve.com\/wp-content\/uploads\/2024\/04\/IMG_9215.jpg\",\"contentUrl\":\"https:\/\/www.hongtaivalve.com\/wp-content\/uploads\/2024\/04\/IMG_9215.jpg\",\"width\":1024,\"height\":768},{\"@type\":\"BreadcrumbList\",\"@id\":\"https:\/\/www.hongtaivalve.com\/product\/sanitary-korea-embedded-ptfe-length-pipe-support-clamp\/#breadcrumb\",\"itemListElement\":[{\"@type\":\"ListItem\",\"position\":1,\"name\":\"\u9996\u9875\",\"item\":\"https:\/\/www.hongtaivalve.com\/\"},{\"@type\":\"ListItem\",\"position\":2,\"name\":\"Product\",\"item\":\"https:\/\/www.hongtaivalve.com\/product\/\"},{\"@type\":\"ListItem\",\"position\":3,\"name\":\"HongTaivalve-Sanitary korea embedded PTFE length pipe support clamp-size dn15-dn150-HTV-LPSC001\"}]},{\"@type\":\"WebSite\",\"@id\":\"https:\/\/www.hongtaivalve.com\/#website\",\"url\":\"https:\/\/www.hongtaivalve.com\/\",\"name\":\"Wenzhou HongTai Fluid Equipment Co.Ltd\",\"description\":\"\",\"potentialAction\":[{\"@type\":\"SearchAction\",\"target\":{\"@type\":\"EntryPoint\",\"urlTemplate\":\"https:\/\/www.hongtaivalve.com\/?s={search_term_string}\"},\"query-input\":{\"@type\":\"PropertyValueSpecification\",\"valueRequired\":true,\"valueName\":\"search_term_string\"}}],\"inLanguage\":\"es\"}]}<\/script>\n<!-- \/ Yoast SEO plugin. -->","yoast_head_json":{"title":"HongTaivalve-Sanitary korea embedded PTFE length pipe support clamp-size dn15-dn150-HTV-LPSC001 - Wenzhou HongTai Fluid Equipment Co.Ltd","robots":{"index":"index","follow":"follow","max-snippet":"max-snippet:-1","max-image-preview":"max-image-preview:large","max-video-preview":"max-video-preview:-1"},"canonical":"https:\/\/www.hongtaivalve.com\/es\/producto\/sanitary-korea-embedded-ptfe-length-pipe-support-clamp\/","og_locale":"es_ES","og_type":"article","og_title":"HongTaivalve-Sanitary korea embedded PTFE length pipe support clamp-size dn15-dn150-HTV-LPSC001 - Wenzhou HongTai Fluid Equipment Co.Ltd","og_description":"Model No. HT-PHD002     Max Working Pressure 1.0mpa\/10Bars Connection End Clamp screw fixation   Max Working Temperature 120\u00b0C Operation By Manual,   Body Material SS316L,SS304,SS201 Sealing Material Silicone, EPDM, Viton, PTFE, or NBR   Inner Surface finish Ra 0.5 External Surface finish:  Ra 0.8   Specification 1\/2\"-12\" Certification Raw material report\/finished quality report   HS CODE 7307290000 Finish Mirror polish or Matt polish   Raw Material technique Forging or Casting Processing Machine LG Mazak CNC Machine   Design Standard 3A or DIN,SMS,ISO\/IDF Application Food or Beverage industrial Usage   Transport Package Foamed Plastic+Wooden case Origin Wenzhou China","og_url":"https:\/\/www.hongtaivalve.com\/es\/producto\/sanitary-korea-embedded-ptfe-length-pipe-support-clamp\/","og_site_name":"Wenzhou HongTai Fluid Equipment Co.Ltd","article_modified_time":"2024-12-27T07:21:36+00:00","og_image":[{"width":1024,"height":768,"url":"https:\/\/www.hongtaivalve.com\/wp-content\/uploads\/2024\/04\/IMG_9215.jpg","type":"image\/jpeg"}],"twitter_card":"summary_large_image","twitter_misc":{"Tiempo de lectura":"7 minutos"},"schema":{"@context":"https:\/\/schema.org","@graph":[{"@type":"WebPage","@id":"https:\/\/www.hongtaivalve.com\/product\/sanitary-korea-embedded-ptfe-length-pipe-support-clamp\/","url":"https:\/\/www.hongtaivalve.com\/product\/sanitary-korea-embedded-ptfe-length-pipe-support-clamp\/","name":"HongTaivalve-Sanitary korea embedded PTFE length pipe support clamp-size dn15-dn150-HTV-LPSC001 - Wenzhou HongTai Fluid Equipment Co.Ltd","isPartOf":{"@id":"https:\/\/www.hongtaivalve.com\/#website"},"primaryImageOfPage":{"@id":"https:\/\/www.hongtaivalve.com\/product\/sanitary-korea-embedded-ptfe-length-pipe-support-clamp\/#primaryimage"},"image":{"@id":"https:\/\/www.hongtaivalve.com\/product\/sanitary-korea-embedded-ptfe-length-pipe-support-clamp\/#primaryimage"},"thumbnailUrl":"https:\/\/www.hongtaivalve.com\/wp-content\/uploads\/2024\/04\/IMG_9215.jpg","datePublished":"2024-04-18T07:09:10+00:00","dateModified":"2024-12-27T07:21:36+00:00","breadcrumb":{"@id":"https:\/\/www.hongtaivalve.com\/product\/sanitary-korea-embedded-ptfe-length-pipe-support-clamp\/#breadcrumb"},"inLanguage":"es","potentialAction":[{"@type":"ReadAction","target":["https:\/\/www.hongtaivalve.com\/product\/sanitary-korea-embedded-ptfe-length-pipe-support-clamp\/"]}]},{"@type":"ImageObject","inLanguage":"es","@id":"https:\/\/www.hongtaivalve.com\/product\/sanitary-korea-embedded-ptfe-length-pipe-support-clamp\/#primaryimage","url":"https:\/\/www.hongtaivalve.com\/wp-content\/uploads\/2024\/04\/IMG_9215.jpg","contentUrl":"https:\/\/www.hongtaivalve.com\/wp-content\/uploads\/2024\/04\/IMG_9215.jpg","width":1024,"height":768},{"@type":"BreadcrumbList","@id":"https:\/\/www.hongtaivalve.com\/product\/sanitary-korea-embedded-ptfe-length-pipe-support-clamp\/#breadcrumb","itemListElement":[{"@type":"ListItem","position":1,"name":"\u9996\u9875","item":"https:\/\/www.hongtaivalve.com\/"},{"@type":"ListItem","position":2,"name":"Product","item":"https:\/\/www.hongtaivalve.com\/product\/"},{"@type":"ListItem","position":3,"name":"HongTaivalve-Sanitary korea embedded PTFE length pipe support clamp-size dn15-dn150-HTV-LPSC001"}]},{"@type":"WebSite","@id":"https:\/\/www.hongtaivalve.com\/#website","url":"https:\/\/www.hongtaivalve.com\/","name":"Wenzhou HongTai Fluid Equipment Co.Ltd","description":"","potentialAction":[{"@type":"SearchAction","target":{"@type":"EntryPoint","urlTemplate":"https:\/\/www.hongtaivalve.com\/?s={search_term_string}"},"query-input":{"@type":"PropertyValueSpecification","valueRequired":true,"valueName":"search_term_string"}}],"inLanguage":"es"}]}},"_links":{"self":[{"href":"https:\/\/www.hongtaivalve.com\/es\/wp-json\/wp\/v2\/product\/5044","targetHints":{"allow":["GET"]}}],"collection":[{"href":"https:\/\/www.hongtaivalve.com\/es\/wp-json\/wp\/v2\/product"}],"about":[{"href":"https:\/\/www.hongtaivalve.com\/es\/wp-json\/wp\/v2\/types\/product"}],"replies":[{"embeddable":true,"href":"https:\/\/www.hongtaivalve.com\/es\/wp-json\/wp\/v2\/comments?post=5044"}],"wp:featuredmedia":[{"embeddable":true,"href":"https:\/\/www.hongtaivalve.com\/es\/wp-json\/wp\/v2\/media\/5045"}],"wp:attachment":[{"href":"https:\/\/www.hongtaivalve.com\/es\/wp-json\/wp\/v2\/media?parent=5044"}],"wp:term":[{"taxonomy":"product_brand","embeddable":true,"href":"https:\/\/www.hongtaivalve.com\/es\/wp-json\/wp\/v2\/product_brand?post=5044"},{"taxonomy":"product_cat","embeddable":true,"href":"https:\/\/www.hongtaivalve.com\/es\/wp-json\/wp\/v2\/product_cat?post=5044"},{"taxonomy":"product_tag","embeddable":true,"href":"https:\/\/www.hongtaivalve.com\/es\/wp-json\/wp\/v2\/product_tag?post=5044"}],"curies":[{"name":"wp","href":"https:\/\/api.w.org\/{rel}","templated":true}]}}