{"id":5065,"date":"2024-04-20T13:04:10","date_gmt":"2024-04-20T13:04:10","guid":{"rendered":"http:\/\/www.hongtaivalve.com\/?post_type=product&#038;p=5065"},"modified":"2024-12-27T02:37:26","modified_gmt":"2024-12-27T02:37:26","slug":"stainless-steel-sanitary-triclamp-plat-end-cap-with-ferrule-port","status":"publish","type":"product","link":"https:\/\/www.hongtaivalve.com\/es\/producto\/stainless-steel-sanitary-triclamp-plat-end-cap-with-ferrule-port\/","title":{"rendered":"HongTaivalve-Acero inoxidable Sanitaria triclamp Plat tapa con f\u00e9rula puerto-tama\u00f1o dn15-dn150-HTV-TP001"},"content":{"rendered":"<p>La extracci\u00f3n con disolventes es el proceso de difusi\u00f3n de un disolvente en c\u00e9lulas oleaginosas que da lugar a una soluci\u00f3n mixta de aceite y disolvente. Es uno de los m\u00e9todos m\u00e1s populares para separar aceites y grasas de materiales oleaginosos, en comparaci\u00f3n con otros procesos mec\u00e1nicos (como expellers, prensas hidr\u00e1ulicas, etc.), principalmente debido al alto porcentaje de aceite recuperado, que puede llegar a 99%+, frente a los 85%+ de otros m\u00e9todos. Los disolventes m\u00e1s comunes son el butano, el hexano y el pentano, entre otros, cada uno de los cuales es preferido por varios factores: econom\u00eda comercial, bajo punto de ebullici\u00f3n y, en el caso del producto de consumo, un impacto no t\u00f3xico. La destilaci\u00f3n de la mezcla de aceite resultante permite recuperar los hidrocarburos alcanos (su \"hex\/pero\/propano\") para reutilizarlos con un coste m\u00ednimo.Tanques de recogida de disolventeEl tanque de extracci\u00f3n\/recogida recoge el aceite extra\u00eddo y el disolvente al final del proceso. Cuanto mayor sea el recipiente, m\u00e1s recortes (materia vegetal en bruto) podr\u00e1 procesar a la vez. No es raro que un recipiente de recogida grande sea el dep\u00f3sito de varias columnas de material, siempre que tenga volumen suficiente para contener el volumen de disolvente inicial. Una vez en el recipiente de recogida, el disolvente se calienta hasta que se convierte en una forma gaseosa que puede extraerse con una bomba de recuperaci\u00f3n como la Haskel que llevamos. El aceite extra\u00eddo (\"gota\") puede verterse entonces en un recipiente externo para purgarlo de nuevo al vac\u00edo si es necesario.<\/p>\n<p>Los tanques de recogida se pueden utilizar para procesos sanitarios, extracci\u00f3n con disolventes y equipos de laboratorio. De tanque de acero inoxidable, evaporadores, v\u00e1lvulas, accesorios, bombas, hearters, enfriadores, equipos y cristaler\u00eda, lo tenemos disponible.<\/p>\n<h2><span style=\"color: #ff0000;\">Instrucciones de embalaje del producto\uff1a<\/span><\/h2>\n<p>Cada producto se embala primero individualmente en una bolsa de espuma y luego se coloca cuidadosamente en una caja de cart\u00f3n designada. Por \u00faltimo, se paletiza o se embala en una caja de madera de exportaci\u00f3n. Todo el proceso de embalaje se ejecuta rigurosamente para evitar cualquier da\u00f1o durante el transporte.<\/p>\n<p><a href=\"http:\/\/www.hongtaivalve.com\/wp-content\/uploads\/2024\/04\/IMG_9314.jpg\"><img fetchpriority=\"high\" decoding=\"async\" class=\"alignnone size-full wp-image-5066\" src=\"http:\/\/www.hongtaivalve.com\/wp-content\/uploads\/2024\/04\/IMG_9314.jpg\" alt=\"\" width=\"1024\" height=\"768\" srcset=\"https:\/\/www.hongtaivalve.com\/wp-content\/uploads\/2024\/04\/IMG_9314.jpg 1024w, https:\/\/www.hongtaivalve.com\/wp-content\/uploads\/2024\/04\/IMG_9314-800x600.jpg 800w, https:\/\/www.hongtaivalve.com\/wp-content\/uploads\/2024\/04\/IMG_9314-300x225.jpg 300w, https:\/\/www.hongtaivalve.com\/wp-content\/uploads\/2024\/04\/IMG_9314-768x576.jpg 768w\" sizes=\"(max-width: 1024px) 100vw, 1024px\" \/><\/a> <a href=\"http:\/\/www.hongtaivalve.com\/wp-content\/uploads\/2024\/04\/IMG_9316.jpg\"><img decoding=\"async\" class=\"alignnone size-full wp-image-5067\" src=\"http:\/\/www.hongtaivalve.com\/wp-content\/uploads\/2024\/04\/IMG_9316.jpg\" alt=\"\" width=\"1024\" height=\"768\" srcset=\"https:\/\/www.hongtaivalve.com\/wp-content\/uploads\/2024\/04\/IMG_9316.jpg 1024w, https:\/\/www.hongtaivalve.com\/wp-content\/uploads\/2024\/04\/IMG_9316-800x600.jpg 800w, https:\/\/www.hongtaivalve.com\/wp-content\/uploads\/2024\/04\/IMG_9316-300x225.jpg 300w, https:\/\/www.hongtaivalve.com\/wp-content\/uploads\/2024\/04\/IMG_9316-768x576.jpg 768w\" sizes=\"(max-width: 1024px) 100vw, 1024px\" \/><\/a> <a href=\"http:\/\/www.hongtaivalve.com\/wp-content\/uploads\/2024\/04\/IMG_9318.jpg\"><img decoding=\"async\" class=\"alignnone size-full wp-image-5068\" src=\"http:\/\/www.hongtaivalve.com\/wp-content\/uploads\/2024\/04\/IMG_9318.jpg\" alt=\"\" width=\"1024\" height=\"768\" srcset=\"https:\/\/www.hongtaivalve.com\/wp-content\/uploads\/2024\/04\/IMG_9318.jpg 1024w, https:\/\/www.hongtaivalve.com\/wp-content\/uploads\/2024\/04\/IMG_9318-800x600.jpg 800w, https:\/\/www.hongtaivalve.com\/wp-content\/uploads\/2024\/04\/IMG_9318-300x225.jpg 300w, https:\/\/www.hongtaivalve.com\/wp-content\/uploads\/2024\/04\/IMG_9318-768x576.jpg 768w\" sizes=\"(max-width: 1024px) 100vw, 1024px\" \/><\/a><\/p>\n<p>&nbsp;<\/p>\n<p><strong>Qui\u00e9nes somos<\/strong><\/p>\n<p>En HongTai, nos especializamos en v\u00e1lvulas sanitarias de alta calidad y accesorios de tuber\u00eda de acero inoxidable, sirviendo a industrias clave como la farmac\u00e9utica, procesamiento de alimentos y productos qu\u00edmicos. Fabricados con acero inoxidable 304, 316 y 316L de primera calidad, nuestros productos ofrecen una excelente resistencia a la corrosi\u00f3n y se elaboran utilizando t\u00e9cnicas de fabricaci\u00f3n avanzadas como corte por l\u00e1ser y soldadura de precisi\u00f3n. Dise\u00f1adas para la higiene y la integridad de los fluidos, las v\u00e1lvulas de HongTai son la opci\u00f3n ideal para las industrias que requieren una limpieza \u00f3ptima y un rendimiento duradero.<\/p>\n<p><a href=\"https:\/\/www.hongtaivalve.com\/wp-content\/uploads\/2024\/12\/2efad8255a88820383829ce2a75fcb9.jpg\"><img loading=\"lazy\" decoding=\"async\" class=\"wp-image-5948 aligncenter\" src=\"https:\/\/www.hongtaivalve.com\/wp-content\/uploads\/2024\/12\/2efad8255a88820383829ce2a75fcb9.jpg\" alt=\"\" width=\"552\" height=\"358\" srcset=\"https:\/\/www.hongtaivalve.com\/wp-content\/uploads\/2024\/12\/2efad8255a88820383829ce2a75fcb9.jpg 985w, https:\/\/www.hongtaivalve.com\/wp-content\/uploads\/2024\/12\/2efad8255a88820383829ce2a75fcb9-300x194.jpg 300w, https:\/\/www.hongtaivalve.com\/wp-content\/uploads\/2024\/12\/2efad8255a88820383829ce2a75fcb9-768x497.jpg 768w, https:\/\/www.hongtaivalve.com\/wp-content\/uploads\/2024\/12\/2efad8255a88820383829ce2a75fcb9-18x12.jpg 18w, https:\/\/www.hongtaivalve.com\/wp-content\/uploads\/2024\/12\/2efad8255a88820383829ce2a75fcb9-800x518.jpg 800w\" sizes=\"(max-width: 552px) 100vw, 552px\" \/><\/a><\/p>\n<p><strong>Por qu\u00e9 elegirnos<\/strong><\/p>\n<p><strong>Garant\u00eda de calidad:<\/strong>\u00a0Mantenemos un estricto control de todas las fases de producci\u00f3n, desde las materias primas hasta los productos acabados, garantizando el cumplimiento de la norma ISO9001 y las certificaciones internacionales, incluidas las normas 3A, DIN e ISO.<\/p>\n<p><strong>Experiencia en el sector:<\/strong>\u00a0D\u00e9cadas de experiencia en soluciones para industrias cr\u00edticas como la alimentaria, la de bebidas y la farmac\u00e9utica.<\/p>\n<p><strong>Tecnolog\u00eda avanzada:<\/strong>\u00a0Nuestras instalaciones de \u00faltima generaci\u00f3n, que incluyen tornos CNC y herramientas de precisi\u00f3n actualizados peri\u00f3dicamente, garantizan una gran precisi\u00f3n superficial y tolerancias ajustadas para cada producto.<\/p>\n<p><strong>100% Inspecci\u00f3n:<\/strong>\u00a0Todos los productos se someten a rigurosas pruebas, incluida la detecci\u00f3n de fugas en v\u00e1lvulas y tama\u00f1os, para garantizar una calidad impecable antes de salir de nuestras instalaciones.<\/p>\n<p><strong>Alcance mundial:<\/strong>\u00a0Empresas de todo el mundo conf\u00edan en nuestra calidad constante y nuestras entregas puntuales.<\/p>\n<p>Elija HongTai por su inigualable fiabilidad, rendimiento e innovaci\u00f3n en soluciones de valvuler\u00eda y accesorios de tuber\u00edas.<\/p>\n<p>&nbsp;<\/p>\n<p><strong>P\u00f3ngase en contacto con nosotros<\/strong><br \/>\nPara m\u00e1s informaci\u00f3n o para hablar de sus necesidades, p\u00f3ngase en contacto con nosotros:<br \/>\nCorreo electr\u00f3nico: ht@htcdf.com<br \/>\nwhatsapp: (86)18875809195<br \/>\nTambi\u00e9n puede visitar nuestra\u00a0<a href=\"https:\/\/www.hongtaivalve.com\/es\/contact-us\/\" target=\"_blank\" rel=\"noopener\">Contacte con nosotros<\/a>\u00a0para m\u00e1s formas de ponerse en contacto.<\/p>","protected":false},"excerpt":{"rendered":"<table>\n<tbody>\n<tr>\n<td width=\"207\"><strong><b>N\u00ba de modelo<\/b><\/strong><\/td>\n<td width=\"217\">HT-ECP001<\/td>\n<td width=\"214\"><\/td>\n<td width=\"348\"><\/td>\n<\/tr>\n<tr>\n<td><strong><b>Presi\u00f3n m\u00e1xima de trabajo<\/b><\/strong><\/td>\n<td>1,5mpa\/15Bars<\/td>\n<td><strong><b>Extremo de conexi\u00f3n<\/b><\/strong><\/td>\n<td>Triclamp\/Soldadura\/Hilo\/Brida<\/td>\n<\/tr>\n<tr>\n<td><strong><b>Temperatura m\u00e1xima de trabajo<\/b><\/strong><\/td>\n<td>150\u00b0C<\/td>\n<td><strong><b>Operaci\u00f3n<\/b><\/strong><\/td>\n<td>Manual,Neum\u00e1tica,El\u00e9ctrica<\/td>\n<\/tr>\n<tr>\n<td><strong><b>Material del cuerpo<\/b><\/strong><\/td>\n<td>SS316L,SS304<\/td>\n<td><strong><b>Material de sellado<\/b><\/strong><\/td>\n<td>Silicona, EPDM, Viton, PTFE o NBR<\/td>\n<\/tr>\n<tr>\n<td><strong><b>Acabado de la superficie interior<\/b><\/strong><\/td>\n<td>Ra 0,5<\/td>\n<td><strong><b>Acabado exterior de la superficie: <\/b><\/strong><\/td>\n<td>Ra 0,8<\/td>\n<\/tr>\n<tr>\n<td><strong><b>Especificaci\u00f3n<\/b><\/strong><\/td>\n<td>1\/2&#8243;-12&#8243;<\/td>\n<td><strong><b>Certificaci\u00f3n<\/b><\/strong><\/td>\n<td>Informe de materias primas\/informe de calidad del producto acabado<\/td>\n<\/tr>\n<tr>\n<td><strong><b>C\u00d3DIGO SA<\/b><\/strong><\/td>\n<td>8434900000<\/td>\n<td><strong><b>Acabado<\/b><\/strong><\/td>\n<td>Pulido espejo o pulido mate<\/td>\n<\/tr>\n<tr>\n<td><strong><b>T\u00e9cnica de la materia prima<\/b><\/strong><\/td>\n<td>Forja o fundici\u00f3n<\/td>\n<td><strong><b>M\u00e1quina procesadora<\/b><\/strong><\/td>\n<td>M\u00e1quina CNC Mazak LG<\/td>\n<\/tr>\n<tr>\n<td><strong><b>Norma de dise\u00f1o<\/b><\/strong><\/td>\n<td>3A o DIN,SMS,ISO\/IDF<\/td>\n<td><strong><b>Aplicaci\u00f3n<\/b><\/strong><\/td>\n<td>Uso industrial de alimentos o bebidas<\/td>\n<\/tr>\n<tr>\n<td><strong><b>Paquete de transporte<\/b><\/strong><\/td>\n<td>Pl\u00e1stico espumado+Caja de madera<\/td>\n<td><strong><b>Origen<\/b><\/strong><\/td>\n<td>Wenzhou (China)<\/td>\n<\/tr>\n<\/tbody>\n<\/table>\n<p>&nbsp;<\/p>\n<p>&nbsp;<\/p>","protected":false},"featured_media":5068,"comment_status":"open","ping_status":"closed","template":"","meta":[],"product_brand":[],"product_cat":[107],"product_tag":[],"class_list":{"0":"post-5065","1":"product","2":"type-product","3":"status-publish","4":"has-post-thumbnail","6":"product_cat-extractions-tank-accessories","8":"first","9":"instock","10":"shipping-taxable","11":"product-type-simple"},"yoast_head":"<!-- This site is optimized with the Yoast SEO plugin v24.6 - https:\/\/yoast.com\/wordpress\/plugins\/seo\/ -->\n<title>HongTaivalve-Stainless steel Sanitary triclamp Plat end cap with ferrule port-size dn15-dn150-HTV-TP001 - Wenzhou HongTai Fluid Equipment Co.Ltd<\/title>\n<meta name=\"robots\" content=\"index, follow, max-snippet:-1, max-image-preview:large, max-video-preview:-1\" \/>\n<link rel=\"canonical\" href=\"https:\/\/www.hongtaivalve.com\/es\/producto\/stainless-steel-sanitary-triclamp-plat-end-cap-with-ferrule-port\/\" \/>\n<meta property=\"og:locale\" content=\"es_ES\" \/>\n<meta property=\"og:type\" content=\"article\" \/>\n<meta property=\"og:title\" content=\"HongTaivalve-Stainless steel Sanitary triclamp Plat end cap with ferrule port-size dn15-dn150-HTV-TP001 - Wenzhou HongTai Fluid Equipment Co.Ltd\" \/>\n<meta property=\"og:description\" content=\"Model No. HT-ECP001     Max Working Pressure 1.5mpa\/15Bars Connection End Triclamp\/Weld\/Thread\/Flange   Max Working Temperature 150\u00b0C Operation By Manual,Pneumatic,Electric   Body Material SS316L,SS304 Sealing Material Silicone, EPDM, Viton, PTFE, or NBR   Inner Surface finish Ra 0.5 External Surface finish:  Ra 0.8   Specification 1\/2&quot;-12&quot; Certification Raw material report\/finished quality report   HS CODE 8434900000 Finish Mirror polish or Matt polish   Raw Material technique Forging or Casting Processing Machine LG Mazak CNC Machine   Design Standard 3A or DIN,SMS,ISO\/IDF Application Food or Beverage industrial Usage   Transport Package Foamed Plastic+Wooden case Origin Wenzhou China    &nbsp;  &nbsp;\" \/>\n<meta property=\"og:url\" content=\"https:\/\/www.hongtaivalve.com\/es\/producto\/stainless-steel-sanitary-triclamp-plat-end-cap-with-ferrule-port\/\" \/>\n<meta property=\"og:site_name\" content=\"Wenzhou HongTai Fluid Equipment Co.Ltd\" \/>\n<meta property=\"article:modified_time\" content=\"2024-12-27T02:37:26+00:00\" \/>\n<meta property=\"og:image\" content=\"https:\/\/www.hongtaivalve.com\/wp-content\/uploads\/2024\/04\/IMG_9318.jpg\" \/>\n\t<meta property=\"og:image:width\" content=\"1024\" \/>\n\t<meta property=\"og:image:height\" content=\"768\" \/>\n\t<meta property=\"og:image:type\" content=\"image\/jpeg\" \/>\n<meta name=\"twitter:card\" content=\"summary_large_image\" \/>\n<meta name=\"twitter:label1\" content=\"Tiempo de lectura\" \/>\n\t<meta name=\"twitter:data1\" content=\"4 minutos\" \/>\n<script type=\"application\/ld+json\" class=\"yoast-schema-graph\">{\"@context\":\"https:\/\/schema.org\",\"@graph\":[{\"@type\":\"WebPage\",\"@id\":\"https:\/\/www.hongtaivalve.com\/product\/stainless-steel-sanitary-triclamp-plat-end-cap-with-ferrule-port\/\",\"url\":\"https:\/\/www.hongtaivalve.com\/product\/stainless-steel-sanitary-triclamp-plat-end-cap-with-ferrule-port\/\",\"name\":\"HongTaivalve-Stainless steel Sanitary triclamp Plat end cap with ferrule port-size dn15-dn150-HTV-TP001 - Wenzhou HongTai Fluid Equipment Co.Ltd\",\"isPartOf\":{\"@id\":\"https:\/\/www.hongtaivalve.com\/#website\"},\"primaryImageOfPage\":{\"@id\":\"https:\/\/www.hongtaivalve.com\/product\/stainless-steel-sanitary-triclamp-plat-end-cap-with-ferrule-port\/#primaryimage\"},\"image\":{\"@id\":\"https:\/\/www.hongtaivalve.com\/product\/stainless-steel-sanitary-triclamp-plat-end-cap-with-ferrule-port\/#primaryimage\"},\"thumbnailUrl\":\"https:\/\/www.hongtaivalve.com\/wp-content\/uploads\/2024\/04\/IMG_9318.jpg\",\"datePublished\":\"2024-04-20T13:04:10+00:00\",\"dateModified\":\"2024-12-27T02:37:26+00:00\",\"breadcrumb\":{\"@id\":\"https:\/\/www.hongtaivalve.com\/product\/stainless-steel-sanitary-triclamp-plat-end-cap-with-ferrule-port\/#breadcrumb\"},\"inLanguage\":\"es\",\"potentialAction\":[{\"@type\":\"ReadAction\",\"target\":[\"https:\/\/www.hongtaivalve.com\/product\/stainless-steel-sanitary-triclamp-plat-end-cap-with-ferrule-port\/\"]}]},{\"@type\":\"ImageObject\",\"inLanguage\":\"es\",\"@id\":\"https:\/\/www.hongtaivalve.com\/product\/stainless-steel-sanitary-triclamp-plat-end-cap-with-ferrule-port\/#primaryimage\",\"url\":\"https:\/\/www.hongtaivalve.com\/wp-content\/uploads\/2024\/04\/IMG_9318.jpg\",\"contentUrl\":\"https:\/\/www.hongtaivalve.com\/wp-content\/uploads\/2024\/04\/IMG_9318.jpg\",\"width\":1024,\"height\":768},{\"@type\":\"BreadcrumbList\",\"@id\":\"https:\/\/www.hongtaivalve.com\/product\/stainless-steel-sanitary-triclamp-plat-end-cap-with-ferrule-port\/#breadcrumb\",\"itemListElement\":[{\"@type\":\"ListItem\",\"position\":1,\"name\":\"\u9996\u9875\",\"item\":\"https:\/\/www.hongtaivalve.com\/\"},{\"@type\":\"ListItem\",\"position\":2,\"name\":\"Product\",\"item\":\"https:\/\/www.hongtaivalve.com\/product\/\"},{\"@type\":\"ListItem\",\"position\":3,\"name\":\"HongTaivalve-Stainless steel Sanitary triclamp Plat end cap with ferrule port-size dn15-dn150-HTV-TP001\"}]},{\"@type\":\"WebSite\",\"@id\":\"https:\/\/www.hongtaivalve.com\/#website\",\"url\":\"https:\/\/www.hongtaivalve.com\/\",\"name\":\"Wenzhou HongTai Fluid Equipment Co.Ltd\",\"description\":\"\",\"potentialAction\":[{\"@type\":\"SearchAction\",\"target\":{\"@type\":\"EntryPoint\",\"urlTemplate\":\"https:\/\/www.hongtaivalve.com\/?s={search_term_string}\"},\"query-input\":{\"@type\":\"PropertyValueSpecification\",\"valueRequired\":true,\"valueName\":\"search_term_string\"}}],\"inLanguage\":\"es\"}]}<\/script>\n<!-- \/ Yoast SEO plugin. -->","yoast_head_json":{"title":"HongTaivalve-Stainless steel Sanitary triclamp Plat end cap with ferrule port-size dn15-dn150-HTV-TP001 - Wenzhou HongTai Fluid Equipment Co.Ltd","robots":{"index":"index","follow":"follow","max-snippet":"max-snippet:-1","max-image-preview":"max-image-preview:large","max-video-preview":"max-video-preview:-1"},"canonical":"https:\/\/www.hongtaivalve.com\/es\/producto\/stainless-steel-sanitary-triclamp-plat-end-cap-with-ferrule-port\/","og_locale":"es_ES","og_type":"article","og_title":"HongTaivalve-Stainless steel Sanitary triclamp Plat end cap with ferrule port-size dn15-dn150-HTV-TP001 - Wenzhou HongTai Fluid Equipment Co.Ltd","og_description":"Model No. HT-ECP001     Max Working Pressure 1.5mpa\/15Bars Connection End Triclamp\/Weld\/Thread\/Flange   Max Working Temperature 150\u00b0C Operation By Manual,Pneumatic,Electric   Body Material SS316L,SS304 Sealing Material Silicone, EPDM, Viton, PTFE, or NBR   Inner Surface finish Ra 0.5 External Surface finish:  Ra 0.8   Specification 1\/2\"-12\" Certification Raw material report\/finished quality report   HS CODE 8434900000 Finish Mirror polish or Matt polish   Raw Material technique Forging or Casting Processing Machine LG Mazak CNC Machine   Design Standard 3A or DIN,SMS,ISO\/IDF Application Food or Beverage industrial Usage   Transport Package Foamed Plastic+Wooden case Origin Wenzhou China    &nbsp;  &nbsp;","og_url":"https:\/\/www.hongtaivalve.com\/es\/producto\/stainless-steel-sanitary-triclamp-plat-end-cap-with-ferrule-port\/","og_site_name":"Wenzhou HongTai Fluid Equipment Co.Ltd","article_modified_time":"2024-12-27T02:37:26+00:00","og_image":[{"width":1024,"height":768,"url":"https:\/\/www.hongtaivalve.com\/wp-content\/uploads\/2024\/04\/IMG_9318.jpg","type":"image\/jpeg"}],"twitter_card":"summary_large_image","twitter_misc":{"Tiempo de lectura":"4 minutos"},"schema":{"@context":"https:\/\/schema.org","@graph":[{"@type":"WebPage","@id":"https:\/\/www.hongtaivalve.com\/product\/stainless-steel-sanitary-triclamp-plat-end-cap-with-ferrule-port\/","url":"https:\/\/www.hongtaivalve.com\/product\/stainless-steel-sanitary-triclamp-plat-end-cap-with-ferrule-port\/","name":"HongTaivalve-Stainless steel Sanitary triclamp Plat end cap with ferrule port-size dn15-dn150-HTV-TP001 - Wenzhou HongTai Fluid Equipment Co.Ltd","isPartOf":{"@id":"https:\/\/www.hongtaivalve.com\/#website"},"primaryImageOfPage":{"@id":"https:\/\/www.hongtaivalve.com\/product\/stainless-steel-sanitary-triclamp-plat-end-cap-with-ferrule-port\/#primaryimage"},"image":{"@id":"https:\/\/www.hongtaivalve.com\/product\/stainless-steel-sanitary-triclamp-plat-end-cap-with-ferrule-port\/#primaryimage"},"thumbnailUrl":"https:\/\/www.hongtaivalve.com\/wp-content\/uploads\/2024\/04\/IMG_9318.jpg","datePublished":"2024-04-20T13:04:10+00:00","dateModified":"2024-12-27T02:37:26+00:00","breadcrumb":{"@id":"https:\/\/www.hongtaivalve.com\/product\/stainless-steel-sanitary-triclamp-plat-end-cap-with-ferrule-port\/#breadcrumb"},"inLanguage":"es","potentialAction":[{"@type":"ReadAction","target":["https:\/\/www.hongtaivalve.com\/product\/stainless-steel-sanitary-triclamp-plat-end-cap-with-ferrule-port\/"]}]},{"@type":"ImageObject","inLanguage":"es","@id":"https:\/\/www.hongtaivalve.com\/product\/stainless-steel-sanitary-triclamp-plat-end-cap-with-ferrule-port\/#primaryimage","url":"https:\/\/www.hongtaivalve.com\/wp-content\/uploads\/2024\/04\/IMG_9318.jpg","contentUrl":"https:\/\/www.hongtaivalve.com\/wp-content\/uploads\/2024\/04\/IMG_9318.jpg","width":1024,"height":768},{"@type":"BreadcrumbList","@id":"https:\/\/www.hongtaivalve.com\/product\/stainless-steel-sanitary-triclamp-plat-end-cap-with-ferrule-port\/#breadcrumb","itemListElement":[{"@type":"ListItem","position":1,"name":"\u9996\u9875","item":"https:\/\/www.hongtaivalve.com\/"},{"@type":"ListItem","position":2,"name":"Product","item":"https:\/\/www.hongtaivalve.com\/product\/"},{"@type":"ListItem","position":3,"name":"HongTaivalve-Stainless steel Sanitary triclamp Plat end cap with ferrule port-size dn15-dn150-HTV-TP001"}]},{"@type":"WebSite","@id":"https:\/\/www.hongtaivalve.com\/#website","url":"https:\/\/www.hongtaivalve.com\/","name":"Wenzhou HongTai Fluid Equipment Co.Ltd","description":"","potentialAction":[{"@type":"SearchAction","target":{"@type":"EntryPoint","urlTemplate":"https:\/\/www.hongtaivalve.com\/?s={search_term_string}"},"query-input":{"@type":"PropertyValueSpecification","valueRequired":true,"valueName":"search_term_string"}}],"inLanguage":"es"}]}},"_links":{"self":[{"href":"https:\/\/www.hongtaivalve.com\/es\/wp-json\/wp\/v2\/product\/5065","targetHints":{"allow":["GET"]}}],"collection":[{"href":"https:\/\/www.hongtaivalve.com\/es\/wp-json\/wp\/v2\/product"}],"about":[{"href":"https:\/\/www.hongtaivalve.com\/es\/wp-json\/wp\/v2\/types\/product"}],"replies":[{"embeddable":true,"href":"https:\/\/www.hongtaivalve.com\/es\/wp-json\/wp\/v2\/comments?post=5065"}],"wp:featuredmedia":[{"embeddable":true,"href":"https:\/\/www.hongtaivalve.com\/es\/wp-json\/wp\/v2\/media\/5068"}],"wp:attachment":[{"href":"https:\/\/www.hongtaivalve.com\/es\/wp-json\/wp\/v2\/media?parent=5065"}],"wp:term":[{"taxonomy":"product_brand","embeddable":true,"href":"https:\/\/www.hongtaivalve.com\/es\/wp-json\/wp\/v2\/product_brand?post=5065"},{"taxonomy":"product_cat","embeddable":true,"href":"https:\/\/www.hongtaivalve.com\/es\/wp-json\/wp\/v2\/product_cat?post=5065"},{"taxonomy":"product_tag","embeddable":true,"href":"https:\/\/www.hongtaivalve.com\/es\/wp-json\/wp\/v2\/product_tag?post=5065"}],"curies":[{"name":"wp","href":"https:\/\/api.w.org\/{rel}","templated":true}]}}