{"id":5086,"date":"2024-04-21T05:57:28","date_gmt":"2024-04-21T05:57:28","guid":{"rendered":"http:\/\/www.hongtaivalve.com\/?post_type=product&#038;p=5086"},"modified":"2024-12-26T07:46:35","modified_gmt":"2024-12-26T07:46:35","slug":"pneumatic-actuator-sanitary-straight-triclamp-full-bore-ball-vlave","status":"publish","type":"product","link":"https:\/\/www.hongtaivalve.com\/es\/producto\/pneumatic-actuator-sanitary-straight-triclamp-full-bore-ball-vlave\/","title":{"rendered":"Hongtaivalve-Actuador neum\u00e1tico Sanitaria recta triclamp v\u00e1lvula de bola de paso total-tama\u00f1o \u03a619-102-HTV-bv012"},"content":{"rendered":"<p>Tama\u00f1os disponibles de 1\/2\u2033 a 6\u2033 (1\/2\u2033, 3\/4\u2033, 1\", 1 1\/2\u2033, 2\u2033, 2 1\/2\u2033, 3\u2033, 4\u20336\u2033).<\/p>\n<p>DN15 a DN100 (DN15, DN20, DN25, DN40, DN50, DN65, DN80, DN100,DN150)<\/p>\n<p>El cuerpo de la v\u00e1lvula puede ser de AISI 304 o AISI 316.<\/p>\n<p>Asiento de la v\u00e1lvula: PTFE encapsulado.<\/p>\n<p>V\u00e1lvula de bola sanitaria de 3 piezas con extremos tri-clamp \/ tri-clamp y asiento de PTFE encapsulado, que se utiliza ampliamente en el procesamiento de alimentos y bebidas, elaboraci\u00f3n de cerveza, refiner\u00eda de petr\u00f3leo, cosm\u00e9tica, farmac\u00e9utica e industrias qu\u00edmicas para controlar el flujo medio. El dise\u00f1o del asiento de PTFE encapsulado sin residuos la convierte en una elecci\u00f3n \u00f3ptima para las necesidades sanitarias.<br \/>\nLos cuerpos y las tapas de las v\u00e1lvulas se funden delicadamente con materiales CF8, CF3M o 2205; o se forjan con F316L. En caso de condiciones de trabajo espec\u00edficas, tambi\u00e9n se aplicar\u00e1n materiales especiales, como HC\/Ti.<br \/>\nEl actuador neum\u00e1tico horizontal es un actuador que gira el recorrido angular del eje de salida. Puede montarse en diversas v\u00e1lvulas de apertura y cierre rotativos, como v\u00e1lvulas de mariposa y v\u00e1lvulas de bola. Los actuadores horizontales pueden configurarse con diversas opciones funcionales:<br \/>\n1) Actuador b\u00e1sico<br \/>\n2) Actuador + unidad de control inteligente<br \/>\n3) Actuador + retroalimentaci\u00f3n de posici\u00f3n<br \/>\n4) Actuador + Localizador inteligente<br \/>\n5) Actuador + sensor de posici\u00f3n<br \/>\nEspecificaciones t\u00e9cnicas<br \/>\nEspecificaci\u00f3n del tama\u00f1o del orificio: 20 mm - 400 mm<br \/>\nPar (N.M): 5.NM a 2000 N.M<br \/>\n\u00c1ngulo de rotaci\u00f3n: 90\u00b0 (est\u00e1ndar) 180\u00b0 (selecci\u00f3n) 120\u00b0 (selecci\u00f3n)<br \/>\nEstructura del pist\u00f3n: cremallera (est\u00e1ndar) horquilla (selecci\u00f3n)<br \/>\nAjuste de la carrera: El pist\u00f3n tiene un rango ajustable de \u00b14\u00b0 en ambos extremos<br \/>\nPresi\u00f3n de la fuente de aire: m\u00e1ximo -8bar, m\u00ednimo -2Bar<br \/>\nTemperatura est\u00e1ndar: -20 \u00b0C ~ +80 \u00b0C<br \/>\nTipo de baja temperatura: -40 \u00b0 C ~ +80 \u00b0 C<br \/>\nTipo de alta temperatura: -15 \u00b0 C ~ +150 \u00b0 C<br \/>\nMaterial: aleaci\u00f3n de aluminio, acero inoxidable<br \/>\nColor: natural, blanco, azul, rojo, tambi\u00e9n se puede configurar seg\u00fan los requisitos del cliente<br \/>\nNorma de instalaci\u00f3n: ISO 5211, apto para instalaci\u00f3n interior o exterior.<\/p>\n<p>La v\u00e1lvula de bola sanitaria neum\u00e1tica es un tipo de v\u00e1lvula de bola controlada por un dispositivo neum\u00e1tico, que se utiliza principalmente en la industria alimentaria, de bebidas, farmac\u00e9utica y otras industrias con altos requisitos de higiene. En comparaci\u00f3n con la v\u00e1lvula de bola manual tradicional, la v\u00e1lvula de bola sanitaria neum\u00e1tica tiene una mayor automatizaci\u00f3n y un mejor rendimiento higi\u00e9nico. Alto rendimiento higi\u00e9nico La v\u00e1lvula de bola sanitaria neum\u00e1tica est\u00e1 hecha de material de acero inoxidable, la superficie interna es lisa y sin costuras, no hay \u00e1ngulo muerto y c\u00f3ncavo y convexo, lo que puede prevenir eficazmente la reproducci\u00f3n de bacterias y la contaminaci\u00f3n. Al mismo tiempo, la estructura de sellado de la v\u00e1lvula de bola tambi\u00e9n est\u00e1 especialmente dise\u00f1ada, lo que puede evitar eficazmente las fugas y la contaminaci\u00f3n.<\/p>\n<p>Capacidad de control El sistema de control de la v\u00e1lvula de bola sanitaria neum\u00e1tica adopta el dispositivo neum\u00e1tico, que puede realizar el control y la regulaci\u00f3n. Al controlar la apertura y el cierre del dispositivo neum\u00e1tico, la apertura y el flujo de la v\u00e1lvula se pueden controlar para satisfacer los requisitos de diferentes producciones.<\/p>\n<p>Velocidad de respuesta r\u00e1pida El sistema de control de la v\u00e1lvula de bola sanitaria neum\u00e1tica tiene una velocidad de respuesta r\u00e1pida, que puede completar la acci\u00f3n de apertura o cierre en poco tiempo. Esto hace que la v\u00e1lvula de bola sanitaria neum\u00e1tica se adapte mejor a la operaci\u00f3n de alta velocidad de la l\u00ednea de producci\u00f3n y mejore la eficiencia de la producci\u00f3n.<\/p>\n<p>F\u00e1cil mantenimiento y limpieza La estructura de la v\u00e1lvula de bola sanitaria neum\u00e1tica es sencilla y f\u00e1cil de desmontar y limpiar. El dise\u00f1o especial hace que las piezas internas de la v\u00e1lvula puedan sustituirse r\u00e1pidamente,<\/p>\n<h2><span style=\"color: #ff0000;\">Instrucciones de embalaje del producto\uff1a<\/span><\/h2>\n<p>Cada producto se embala primero individualmente en una bolsa de espuma y luego se coloca cuidadosamente en una caja de cart\u00f3n designada. Por \u00faltimo, se paletiza o se embala en una caja de madera de exportaci\u00f3n. Todo el proceso de embalaje se ejecuta rigurosamente para evitar cualquier da\u00f1o durante el transporte.<\/p>\n<p><a href=\"http:\/\/www.hongtaivalve.com\/wp-content\/uploads\/2024\/04\/IMG_9568.jpg\"><img fetchpriority=\"high\" decoding=\"async\" class=\"alignnone size-full wp-image-5089\" src=\"http:\/\/www.hongtaivalve.com\/wp-content\/uploads\/2024\/04\/IMG_9568.jpg\" alt=\"\" width=\"1024\" height=\"768\" srcset=\"https:\/\/www.hongtaivalve.com\/wp-content\/uploads\/2024\/04\/IMG_9568.jpg 1024w, https:\/\/www.hongtaivalve.com\/wp-content\/uploads\/2024\/04\/IMG_9568-800x600.jpg 800w, https:\/\/www.hongtaivalve.com\/wp-content\/uploads\/2024\/04\/IMG_9568-300x225.jpg 300w, https:\/\/www.hongtaivalve.com\/wp-content\/uploads\/2024\/04\/IMG_9568-768x576.jpg 768w\" sizes=\"(max-width: 1024px) 100vw, 1024px\" \/><\/a><\/p>\n<p><strong>Qui\u00e9nes somos<\/strong><\/p>\n<p>En HongTai, nos especializamos en v\u00e1lvulas sanitarias de alta calidad y accesorios de tuber\u00eda de acero inoxidable, sirviendo a industrias clave como la farmac\u00e9utica, procesamiento de alimentos y productos qu\u00edmicos. Fabricados con acero inoxidable 304, 316 y 316L de primera calidad, nuestros productos ofrecen una excelente resistencia a la corrosi\u00f3n y se elaboran utilizando t\u00e9cnicas de fabricaci\u00f3n avanzadas como corte por l\u00e1ser y soldadura de precisi\u00f3n. Dise\u00f1adas para la higiene y la integridad de los fluidos, las v\u00e1lvulas de HongTai son la opci\u00f3n ideal para las industrias que requieren una limpieza \u00f3ptima y un rendimiento duradero.<\/p>\n<p><a href=\"https:\/\/www.hongtaivalve.com\/wp-content\/uploads\/2024\/12\/2efad8255a88820383829ce2a75fcb9.jpg\"><img decoding=\"async\" class=\"wp-image-5948 aligncenter\" src=\"https:\/\/www.hongtaivalve.com\/wp-content\/uploads\/2024\/12\/2efad8255a88820383829ce2a75fcb9.jpg\" alt=\"\" width=\"542\" height=\"351\" srcset=\"https:\/\/www.hongtaivalve.com\/wp-content\/uploads\/2024\/12\/2efad8255a88820383829ce2a75fcb9.jpg 985w, https:\/\/www.hongtaivalve.com\/wp-content\/uploads\/2024\/12\/2efad8255a88820383829ce2a75fcb9-300x194.jpg 300w, https:\/\/www.hongtaivalve.com\/wp-content\/uploads\/2024\/12\/2efad8255a88820383829ce2a75fcb9-768x497.jpg 768w, https:\/\/www.hongtaivalve.com\/wp-content\/uploads\/2024\/12\/2efad8255a88820383829ce2a75fcb9-18x12.jpg 18w, https:\/\/www.hongtaivalve.com\/wp-content\/uploads\/2024\/12\/2efad8255a88820383829ce2a75fcb9-800x518.jpg 800w\" sizes=\"(max-width: 542px) 100vw, 542px\" \/><\/a><\/p>\n<p><strong>Por qu\u00e9 elegirnos<\/strong><\/p>\n<p><strong>Garant\u00eda de calidad:<\/strong>\u00a0Mantenemos un estricto control de todas las fases de producci\u00f3n, desde las materias primas hasta los productos acabados, garantizando el cumplimiento de la norma ISO9001 y las certificaciones internacionales, incluidas las normas 3A, DIN e ISO.<\/p>\n<p><strong>Experiencia en el sector:<\/strong>\u00a0D\u00e9cadas de experiencia en soluciones para industrias cr\u00edticas como la alimentaria, la de bebidas y la farmac\u00e9utica.<\/p>\n<p><strong>Tecnolog\u00eda avanzada:<\/strong>\u00a0Nuestras instalaciones de \u00faltima generaci\u00f3n, que incluyen tornos CNC y herramientas de precisi\u00f3n actualizados peri\u00f3dicamente, garantizan una gran precisi\u00f3n superficial y tolerancias ajustadas para cada producto.<\/p>\n<p><strong>100% Inspecci\u00f3n:<\/strong>\u00a0Todos los productos se someten a rigurosas pruebas, incluida la detecci\u00f3n de fugas en v\u00e1lvulas y tama\u00f1os, para garantizar una calidad impecable antes de salir de nuestras instalaciones.<\/p>\n<p><strong>Alcance mundial:<\/strong>\u00a0Empresas de todo el mundo conf\u00edan en nuestra calidad constante y nuestras entregas puntuales.<\/p>\n<p>Elija HongTai por su inigualable fiabilidad, rendimiento e innovaci\u00f3n en soluciones de valvuler\u00eda y accesorios de tuber\u00edas.<\/p>\n<p>&nbsp;<\/p>\n<p><strong>P\u00f3ngase en contacto con nosotros<\/strong><br \/>\nPara m\u00e1s informaci\u00f3n o para hablar de sus necesidades, p\u00f3ngase en contacto con nosotros:<br \/>\nCorreo electr\u00f3nico: ht@htcdf.com<br \/>\nwhatsapp: (86)18875809195<br \/>\nTambi\u00e9n puede visitar nuestra\u00a0<a href=\"https:\/\/www.hongtaivalve.com\/es\/contact-us\/\" target=\"_blank\" rel=\"noopener\">Contacte con nosotros<\/a>\u00a0para m\u00e1s formas de ponerse en contacto.<\/p>\n<p>&nbsp;<\/p>","protected":false},"excerpt":{"rendered":"<table>\n<tbody>\n<tr>\n<td width=\"207\"><strong><b>N\u00ba de modelo<\/b><\/strong><\/td>\n<td width=\"217\">HT-BLV001<\/td>\n<td width=\"214\"><\/td>\n<td width=\"348\"><\/td>\n<\/tr>\n<tr>\n<td><strong><b>Presi\u00f3n m\u00e1xima de trabajo<\/b><\/strong><\/td>\n<td>1,6mpa\/16Bars<\/td>\n<td><strong><b>Extremo de conexi\u00f3n<\/b><\/strong><\/td>\n<td>Triclamp\/Soldadura\/Hilo\/Brida<\/td>\n<\/tr>\n<tr>\n<td><strong><b>Temperatura m\u00e1xima de trabajo<\/b><\/strong><\/td>\n<td>150\u00b0C<\/td>\n<td><strong><b>Operaci\u00f3n<\/b><\/strong><\/td>\n<td>Manual,Neum\u00e1tica,El\u00e9ctrica<\/td>\n<\/tr>\n<tr>\n<td><strong><b>Material del cuerpo<\/b><\/strong><\/td>\n<td>SS316L,SS304<\/td>\n<td><strong><b>Material de sellado<\/b><\/strong><\/td>\n<td>Silicona, EPDM, Viton, PTFE o NBR<\/td>\n<\/tr>\n<tr>\n<td><strong><b>Acabado de la superficie interior<\/b><\/strong><\/td>\n<td>Ra 0,5<\/td>\n<td><strong><b>Acabado exterior de la superficie: <\/b><\/strong><\/td>\n<td>Ra 0,8<\/td>\n<\/tr>\n<tr>\n<td><strong><b>Especificaci\u00f3n<\/b><\/strong><\/td>\n<td>1\/2&#8243;-6&#8243;<\/td>\n<td><strong><b>Certificaci\u00f3n<\/b><\/strong><\/td>\n<td>Informe de materias primas\/informe de calidad del producto acabado<\/td>\n<\/tr>\n<tr>\n<td><strong><b>C\u00d3DIGO SA<\/b><\/strong><\/td>\n<td>8481804090<\/td>\n<td><strong><b>Acabado<\/b><\/strong><\/td>\n<td>Pulido espejo o pulido mate<\/td>\n<\/tr>\n<tr>\n<td><strong><b>T\u00e9cnica de la materia prima<\/b><\/strong><\/td>\n<td>Forja o fundici\u00f3n<\/td>\n<td><strong><b>M\u00e1quina procesadora<\/b><\/strong><\/td>\n<td>M\u00e1quina CNC Mazak LG<\/td>\n<\/tr>\n<tr>\n<td><strong><b>Norma de dise\u00f1o<\/b><\/strong><\/td>\n<td>3A o DIN,SMS,ISO\/IDF<\/td>\n<td><strong><b>Aplicaci\u00f3n<\/b><\/strong><\/td>\n<td>Uso industrial de alimentos o bebidas<\/td>\n<\/tr>\n<tr>\n<td><strong><b>Paquete de transporte<\/b><\/strong><\/td>\n<td>Pl\u00e1stico espumado+Caja de madera<\/td>\n<td><strong><b>Origen<\/b><\/strong><\/td>\n<td>Wenzhou (China)<\/td>\n<\/tr>\n<\/tbody>\n<\/table>","protected":false},"featured_media":5087,"comment_status":"open","ping_status":"closed","template":"","meta":[],"product_brand":[],"product_cat":[103],"product_tag":[],"class_list":{"0":"post-5086","1":"product","2":"type-product","3":"status-publish","4":"has-post-thumbnail","6":"product_cat-ball-valve","8":"first","9":"instock","10":"shipping-taxable","11":"product-type-simple"},"yoast_head":"<!-- This site is optimized with the Yoast SEO plugin v24.6 - https:\/\/yoast.com\/wordpress\/plugins\/seo\/ -->\n<title>Hongtaivalve-Pneumatic actuator Sanitary straight triclamp full bore ball valve-size \u00a0\u03a619-102-HTV-bv012 - Wenzhou HongTai Fluid Equipment Co.Ltd<\/title>\n<meta name=\"robots\" content=\"index, follow, max-snippet:-1, max-image-preview:large, max-video-preview:-1\" \/>\n<link rel=\"canonical\" href=\"https:\/\/www.hongtaivalve.com\/es\/producto\/pneumatic-actuator-sanitary-straight-triclamp-full-bore-ball-vlave\/\" \/>\n<meta property=\"og:locale\" content=\"es_ES\" \/>\n<meta property=\"og:type\" content=\"article\" \/>\n<meta property=\"og:title\" content=\"Hongtaivalve-Pneumatic actuator Sanitary straight triclamp full bore ball valve-size \u00a0\u03a619-102-HTV-bv012 - Wenzhou HongTai Fluid Equipment Co.Ltd\" \/>\n<meta property=\"og:description\" content=\"Model No. HT-BLV001     Max Working Pressure 1.6mpa\/16Bars Connection End Triclamp\/Weld\/Thread\/Flange   Max Working Temperature 150\u00b0C Operation By Manual,Pneumatic,Electric   Body Material SS316L,SS304 Sealing Material Silicone, EPDM, Viton, PTFE, or NBR   Inner Surface finish Ra 0.5 External Surface finish:  Ra 0.8   Specification 1\/2&quot;-6&quot; Certification Raw material report\/finished quality report   HS CODE 8481804090 Finish Mirror polish or Matt polish   Raw Material technique Forging or Casting Processing Machine LG Mazak CNC Machine   Design Standard 3A or DIN,SMS,ISO\/IDF Application Food or Beverage industrial Usage   Transport Package Foamed Plastic+Wooden case Origin Wenzhou China\" \/>\n<meta property=\"og:url\" content=\"https:\/\/www.hongtaivalve.com\/es\/producto\/pneumatic-actuator-sanitary-straight-triclamp-full-bore-ball-vlave\/\" \/>\n<meta property=\"og:site_name\" content=\"Wenzhou HongTai Fluid Equipment Co.Ltd\" \/>\n<meta property=\"article:modified_time\" content=\"2024-12-26T07:46:35+00:00\" \/>\n<meta property=\"og:image\" content=\"https:\/\/www.hongtaivalve.com\/wp-content\/uploads\/2024\/04\/IMG_9565.jpg\" \/>\n\t<meta property=\"og:image:width\" content=\"1024\" \/>\n\t<meta property=\"og:image:height\" content=\"768\" \/>\n\t<meta property=\"og:image:type\" content=\"image\/jpeg\" \/>\n<meta name=\"twitter:card\" content=\"summary_large_image\" \/>\n<meta name=\"twitter:label1\" content=\"Tiempo de lectura\" \/>\n\t<meta name=\"twitter:data1\" content=\"5 minutos\" \/>\n<script type=\"application\/ld+json\" class=\"yoast-schema-graph\">{\"@context\":\"https:\/\/schema.org\",\"@graph\":[{\"@type\":\"WebPage\",\"@id\":\"https:\/\/www.hongtaivalve.com\/product\/pneumatic-actuator-sanitary-straight-triclamp-full-bore-ball-vlave\/\",\"url\":\"https:\/\/www.hongtaivalve.com\/product\/pneumatic-actuator-sanitary-straight-triclamp-full-bore-ball-vlave\/\",\"name\":\"Hongtaivalve-Pneumatic actuator Sanitary straight triclamp full bore ball valve-size \u00a0\u03a619-102-HTV-bv012 - Wenzhou HongTai Fluid Equipment Co.Ltd\",\"isPartOf\":{\"@id\":\"https:\/\/www.hongtaivalve.com\/#website\"},\"primaryImageOfPage\":{\"@id\":\"https:\/\/www.hongtaivalve.com\/product\/pneumatic-actuator-sanitary-straight-triclamp-full-bore-ball-vlave\/#primaryimage\"},\"image\":{\"@id\":\"https:\/\/www.hongtaivalve.com\/product\/pneumatic-actuator-sanitary-straight-triclamp-full-bore-ball-vlave\/#primaryimage\"},\"thumbnailUrl\":\"https:\/\/www.hongtaivalve.com\/wp-content\/uploads\/2024\/04\/IMG_9565.jpg\",\"datePublished\":\"2024-04-21T05:57:28+00:00\",\"dateModified\":\"2024-12-26T07:46:35+00:00\",\"breadcrumb\":{\"@id\":\"https:\/\/www.hongtaivalve.com\/product\/pneumatic-actuator-sanitary-straight-triclamp-full-bore-ball-vlave\/#breadcrumb\"},\"inLanguage\":\"es\",\"potentialAction\":[{\"@type\":\"ReadAction\",\"target\":[\"https:\/\/www.hongtaivalve.com\/product\/pneumatic-actuator-sanitary-straight-triclamp-full-bore-ball-vlave\/\"]}]},{\"@type\":\"ImageObject\",\"inLanguage\":\"es\",\"@id\":\"https:\/\/www.hongtaivalve.com\/product\/pneumatic-actuator-sanitary-straight-triclamp-full-bore-ball-vlave\/#primaryimage\",\"url\":\"https:\/\/www.hongtaivalve.com\/wp-content\/uploads\/2024\/04\/IMG_9565.jpg\",\"contentUrl\":\"https:\/\/www.hongtaivalve.com\/wp-content\/uploads\/2024\/04\/IMG_9565.jpg\",\"width\":1024,\"height\":768},{\"@type\":\"BreadcrumbList\",\"@id\":\"https:\/\/www.hongtaivalve.com\/product\/pneumatic-actuator-sanitary-straight-triclamp-full-bore-ball-vlave\/#breadcrumb\",\"itemListElement\":[{\"@type\":\"ListItem\",\"position\":1,\"name\":\"\u9996\u9875\",\"item\":\"https:\/\/www.hongtaivalve.com\/\"},{\"@type\":\"ListItem\",\"position\":2,\"name\":\"Product\",\"item\":\"https:\/\/www.hongtaivalve.com\/product\/\"},{\"@type\":\"ListItem\",\"position\":3,\"name\":\"Hongtaivalve-Pneumatic actuator Sanitary straight triclamp full bore ball valve-size \u00a0\u03a619-102-HTV-bv012\"}]},{\"@type\":\"WebSite\",\"@id\":\"https:\/\/www.hongtaivalve.com\/#website\",\"url\":\"https:\/\/www.hongtaivalve.com\/\",\"name\":\"Wenzhou HongTai Fluid Equipment Co.Ltd\",\"description\":\"\",\"potentialAction\":[{\"@type\":\"SearchAction\",\"target\":{\"@type\":\"EntryPoint\",\"urlTemplate\":\"https:\/\/www.hongtaivalve.com\/?s={search_term_string}\"},\"query-input\":{\"@type\":\"PropertyValueSpecification\",\"valueRequired\":true,\"valueName\":\"search_term_string\"}}],\"inLanguage\":\"es\"}]}<\/script>\n<!-- \/ Yoast SEO plugin. -->","yoast_head_json":{"title":"Hongtaivalve-Pneumatic actuator Sanitary straight triclamp full bore ball valve-size \u00a0\u03a619-102-HTV-bv012 - Wenzhou HongTai Fluid Equipment Co.Ltd","robots":{"index":"index","follow":"follow","max-snippet":"max-snippet:-1","max-image-preview":"max-image-preview:large","max-video-preview":"max-video-preview:-1"},"canonical":"https:\/\/www.hongtaivalve.com\/es\/producto\/pneumatic-actuator-sanitary-straight-triclamp-full-bore-ball-vlave\/","og_locale":"es_ES","og_type":"article","og_title":"Hongtaivalve-Pneumatic actuator Sanitary straight triclamp full bore ball valve-size \u00a0\u03a619-102-HTV-bv012 - Wenzhou HongTai Fluid Equipment Co.Ltd","og_description":"Model No. HT-BLV001     Max Working Pressure 1.6mpa\/16Bars Connection End Triclamp\/Weld\/Thread\/Flange   Max Working Temperature 150\u00b0C Operation By Manual,Pneumatic,Electric   Body Material SS316L,SS304 Sealing Material Silicone, EPDM, Viton, PTFE, or NBR   Inner Surface finish Ra 0.5 External Surface finish:  Ra 0.8   Specification 1\/2\"-6\" Certification Raw material report\/finished quality report   HS CODE 8481804090 Finish Mirror polish or Matt polish   Raw Material technique Forging or Casting Processing Machine LG Mazak CNC Machine   Design Standard 3A or DIN,SMS,ISO\/IDF Application Food or Beverage industrial Usage   Transport Package Foamed Plastic+Wooden case Origin Wenzhou China","og_url":"https:\/\/www.hongtaivalve.com\/es\/producto\/pneumatic-actuator-sanitary-straight-triclamp-full-bore-ball-vlave\/","og_site_name":"Wenzhou HongTai Fluid Equipment Co.Ltd","article_modified_time":"2024-12-26T07:46:35+00:00","og_image":[{"width":1024,"height":768,"url":"https:\/\/www.hongtaivalve.com\/wp-content\/uploads\/2024\/04\/IMG_9565.jpg","type":"image\/jpeg"}],"twitter_card":"summary_large_image","twitter_misc":{"Tiempo de lectura":"5 minutos"},"schema":{"@context":"https:\/\/schema.org","@graph":[{"@type":"WebPage","@id":"https:\/\/www.hongtaivalve.com\/product\/pneumatic-actuator-sanitary-straight-triclamp-full-bore-ball-vlave\/","url":"https:\/\/www.hongtaivalve.com\/product\/pneumatic-actuator-sanitary-straight-triclamp-full-bore-ball-vlave\/","name":"Hongtaivalve-Pneumatic actuator Sanitary straight triclamp full bore ball valve-size \u00a0\u03a619-102-HTV-bv012 - Wenzhou HongTai Fluid Equipment Co.Ltd","isPartOf":{"@id":"https:\/\/www.hongtaivalve.com\/#website"},"primaryImageOfPage":{"@id":"https:\/\/www.hongtaivalve.com\/product\/pneumatic-actuator-sanitary-straight-triclamp-full-bore-ball-vlave\/#primaryimage"},"image":{"@id":"https:\/\/www.hongtaivalve.com\/product\/pneumatic-actuator-sanitary-straight-triclamp-full-bore-ball-vlave\/#primaryimage"},"thumbnailUrl":"https:\/\/www.hongtaivalve.com\/wp-content\/uploads\/2024\/04\/IMG_9565.jpg","datePublished":"2024-04-21T05:57:28+00:00","dateModified":"2024-12-26T07:46:35+00:00","breadcrumb":{"@id":"https:\/\/www.hongtaivalve.com\/product\/pneumatic-actuator-sanitary-straight-triclamp-full-bore-ball-vlave\/#breadcrumb"},"inLanguage":"es","potentialAction":[{"@type":"ReadAction","target":["https:\/\/www.hongtaivalve.com\/product\/pneumatic-actuator-sanitary-straight-triclamp-full-bore-ball-vlave\/"]}]},{"@type":"ImageObject","inLanguage":"es","@id":"https:\/\/www.hongtaivalve.com\/product\/pneumatic-actuator-sanitary-straight-triclamp-full-bore-ball-vlave\/#primaryimage","url":"https:\/\/www.hongtaivalve.com\/wp-content\/uploads\/2024\/04\/IMG_9565.jpg","contentUrl":"https:\/\/www.hongtaivalve.com\/wp-content\/uploads\/2024\/04\/IMG_9565.jpg","width":1024,"height":768},{"@type":"BreadcrumbList","@id":"https:\/\/www.hongtaivalve.com\/product\/pneumatic-actuator-sanitary-straight-triclamp-full-bore-ball-vlave\/#breadcrumb","itemListElement":[{"@type":"ListItem","position":1,"name":"\u9996\u9875","item":"https:\/\/www.hongtaivalve.com\/"},{"@type":"ListItem","position":2,"name":"Product","item":"https:\/\/www.hongtaivalve.com\/product\/"},{"@type":"ListItem","position":3,"name":"Hongtaivalve-Pneumatic actuator Sanitary straight triclamp full bore ball valve-size \u00a0\u03a619-102-HTV-bv012"}]},{"@type":"WebSite","@id":"https:\/\/www.hongtaivalve.com\/#website","url":"https:\/\/www.hongtaivalve.com\/","name":"Wenzhou HongTai Fluid Equipment Co.Ltd","description":"","potentialAction":[{"@type":"SearchAction","target":{"@type":"EntryPoint","urlTemplate":"https:\/\/www.hongtaivalve.com\/?s={search_term_string}"},"query-input":{"@type":"PropertyValueSpecification","valueRequired":true,"valueName":"search_term_string"}}],"inLanguage":"es"}]}},"_links":{"self":[{"href":"https:\/\/www.hongtaivalve.com\/es\/wp-json\/wp\/v2\/product\/5086","targetHints":{"allow":["GET"]}}],"collection":[{"href":"https:\/\/www.hongtaivalve.com\/es\/wp-json\/wp\/v2\/product"}],"about":[{"href":"https:\/\/www.hongtaivalve.com\/es\/wp-json\/wp\/v2\/types\/product"}],"replies":[{"embeddable":true,"href":"https:\/\/www.hongtaivalve.com\/es\/wp-json\/wp\/v2\/comments?post=5086"}],"wp:featuredmedia":[{"embeddable":true,"href":"https:\/\/www.hongtaivalve.com\/es\/wp-json\/wp\/v2\/media\/5087"}],"wp:attachment":[{"href":"https:\/\/www.hongtaivalve.com\/es\/wp-json\/wp\/v2\/media?parent=5086"}],"wp:term":[{"taxonomy":"product_brand","embeddable":true,"href":"https:\/\/www.hongtaivalve.com\/es\/wp-json\/wp\/v2\/product_brand?post=5086"},{"taxonomy":"product_cat","embeddable":true,"href":"https:\/\/www.hongtaivalve.com\/es\/wp-json\/wp\/v2\/product_cat?post=5086"},{"taxonomy":"product_tag","embeddable":true,"href":"https:\/\/www.hongtaivalve.com\/es\/wp-json\/wp\/v2\/product_tag?post=5086"}],"curies":[{"name":"wp","href":"https:\/\/api.w.org\/{rel}","templated":true}]}}