{"id":5122,"date":"2024-04-21T07:06:41","date_gmt":"2024-04-21T07:06:41","guid":{"rendered":"http:\/\/www.hongtaivalve.com\/?post_type=product&#038;p=5122"},"modified":"2024-12-27T02:40:59","modified_gmt":"2024-12-27T02:40:59","slug":"stainless-steel-sanitary-triclamp-spool-%e5%a4%8d%e5%88%b6","status":"publish","type":"product","link":"https:\/\/www.hongtaivalve.com\/es\/producto\/stainless-steel-sanitary-triclamp-spool-%e5%a4%8d%e5%88%b6\/","title":{"rendered":"HongTaivalve-Acero inoxidable Sanitaria tri-clamp carrete-tama\u00f1o dn15-dn150-HTV-TS001"},"content":{"rendered":"<p>Los carretes de acero inoxidable sanitario son longitudes prefabricadas de tubo<br \/>\ncon extremos de accesorios Tri Clamp a\u00f1adidos para mayor comodidad. Cuando se combinan con otros accesorios, abrazaderas y juntas Tri Clamp, las bobinas sanitarias pueden construir una l\u00ednea de proceso sin necesidad de soldadura y fabricaci\u00f3n in situ, y con un ahorro de tiempo considerable. Los carretes Tri Clamp tambi\u00e9n tienen la ventaja a\u00f1adida de ser menos permanentes que los tubos soldados, y pueden desmontarse, trasladarse o volver a montarse f\u00e1cilmente con una configuraci\u00f3n diferente. La versatilidad y el ahorro de costes de los tubos prefabricados en carrete los convierten en una soluci\u00f3n popular para las necesidades de tuber\u00edas.<\/p>\n<p>Triclamp carrete es un popular en la industria alimentaria, farmac\u00e9utica y otras industrias de productos comunes, sus dos extremos para la conexi\u00f3n de carga r\u00e1pida, con alta resistencia al impacto, el espesor del tubo es generalmente de 1,5 mm a 2 mm, adecuado para el agua, petr\u00f3leo, gas, fluidos y otras ventajas, amplia gama de uso puede soportar hasta 180 grados Celsius, y bajo coeficiente de fricci\u00f3n, peque\u00f1o desgaste. Dentro y fuera de la tuber\u00eda para el pulido espejo o espejo interior superficie exterior tratamiento mate, el material es generalmente ss304 y 316L, la longitud y las especificaciones se pueden personalizar de acuerdo a los requerimientos del cliente, de uso com\u00fan tienen las siguientes especificaciones:<\/p>\n<p>2&#8243;*2&#8243;<\/p>\n<p>2&#8243;*4&#8243;<\/p>\n<p>2&#8243;*8&#8243;<\/p>\n<p>2&#8243;*12&#8243;<\/p>\n<p>3&#8243;*12&#8243;<\/p>\n<p>4&#8243;*4&#8243;<\/p>\n<p>4&#8243;*6&#8243;<\/p>\n<p>&#8220;*12&#8243;<\/p>\n<p>6&#8243;*6&#8243;<\/p>\n<p>6&#8243;*12&#8243;<\/p>\n<p>8&#8243;*8&#8243;<\/p>\n<p>8&#8243;*12&#8243;<\/p>\n<p>10&#8243;*10&#8243;<\/p>\n<p>12&#8243;*12&#8243;<\/p>\n<p>6&#8243;*18&#8243;<\/p>\n<p>6&#8243;*36&#8243;<\/p>\n<p>12&#8243;*24&#8243;<\/p>\n<p>12&#8243;*48&#8221; ..<\/p>\n<p>&nbsp;<\/p>\n<h2><span style=\"color: #ff0000;\">Instrucciones de embalaje del producto\uff1a<\/span><\/h2>\n<p>Cada producto se embala primero individualmente en una bolsa de espuma y luego se coloca cuidadosamente en una caja de cart\u00f3n designada. Por \u00faltimo, se paletiza o se embala en una caja de madera de exportaci\u00f3n. Todo el proceso de embalaje se ejecuta rigurosamente para evitar cualquier da\u00f1o durante el transporte.<\/p>\n<p><a href=\"http:\/\/www.hongtaivalve.com\/wp-content\/uploads\/2024\/04\/IMG_9153.jpg\"><img fetchpriority=\"high\" decoding=\"async\" class=\"alignnone size-full wp-image-5124\" src=\"http:\/\/www.hongtaivalve.com\/wp-content\/uploads\/2024\/04\/IMG_9153.jpg\" alt=\"\" width=\"1024\" height=\"768\" srcset=\"https:\/\/www.hongtaivalve.com\/wp-content\/uploads\/2024\/04\/IMG_9153.jpg 1024w, https:\/\/www.hongtaivalve.com\/wp-content\/uploads\/2024\/04\/IMG_9153-800x600.jpg 800w, https:\/\/www.hongtaivalve.com\/wp-content\/uploads\/2024\/04\/IMG_9153-300x225.jpg 300w, https:\/\/www.hongtaivalve.com\/wp-content\/uploads\/2024\/04\/IMG_9153-768x576.jpg 768w\" sizes=\"(max-width: 1024px) 100vw, 1024px\" \/><\/a><\/p>\n<p><strong>Qui\u00e9nes somos<\/strong><\/p>\n<p>En HongTai, nos especializamos en v\u00e1lvulas sanitarias de alta calidad y accesorios de tuber\u00eda de acero inoxidable, sirviendo a industrias clave como la farmac\u00e9utica, procesamiento de alimentos y productos qu\u00edmicos. Fabricados con acero inoxidable 304, 316 y 316L de primera calidad, nuestros productos ofrecen una excelente resistencia a la corrosi\u00f3n y se elaboran utilizando t\u00e9cnicas de fabricaci\u00f3n avanzadas como corte por l\u00e1ser y soldadura de precisi\u00f3n. Dise\u00f1adas para la higiene y la integridad de los fluidos, las v\u00e1lvulas de HongTai son la opci\u00f3n ideal para las industrias que requieren una limpieza \u00f3ptima y un rendimiento duradero.<\/p>\n<p><a href=\"https:\/\/www.hongtaivalve.com\/wp-content\/uploads\/2024\/12\/2efad8255a88820383829ce2a75fcb9.jpg\"><img decoding=\"async\" class=\"wp-image-5948 aligncenter\" src=\"https:\/\/www.hongtaivalve.com\/wp-content\/uploads\/2024\/12\/2efad8255a88820383829ce2a75fcb9.jpg\" alt=\"\" width=\"703\" height=\"455\" srcset=\"https:\/\/www.hongtaivalve.com\/wp-content\/uploads\/2024\/12\/2efad8255a88820383829ce2a75fcb9.jpg 985w, https:\/\/www.hongtaivalve.com\/wp-content\/uploads\/2024\/12\/2efad8255a88820383829ce2a75fcb9-300x194.jpg 300w, https:\/\/www.hongtaivalve.com\/wp-content\/uploads\/2024\/12\/2efad8255a88820383829ce2a75fcb9-768x497.jpg 768w, https:\/\/www.hongtaivalve.com\/wp-content\/uploads\/2024\/12\/2efad8255a88820383829ce2a75fcb9-18x12.jpg 18w, https:\/\/www.hongtaivalve.com\/wp-content\/uploads\/2024\/12\/2efad8255a88820383829ce2a75fcb9-800x518.jpg 800w\" sizes=\"(max-width: 703px) 100vw, 703px\" \/><\/a><\/p>\n<div class=\"panel\">\n<div id=\"tab-description\" class=\"panel-collapse collapse in\">\n<div class=\"content-body\">\n<p><strong>Por qu\u00e9 elegirnos<\/strong><\/p>\n<p><strong>Garant\u00eda de calidad:<\/strong>\u00a0Mantenemos un estricto control de todas las fases de producci\u00f3n, desde las materias primas hasta los productos acabados, garantizando el cumplimiento de la norma ISO9001 y las certificaciones internacionales, incluidas las normas 3A, DIN e ISO.<\/p>\n<p><strong>Experiencia en el sector:<\/strong>\u00a0D\u00e9cadas de experiencia en soluciones para industrias cr\u00edticas como la alimentaria, la de bebidas y la farmac\u00e9utica.<\/p>\n<p><strong>Tecnolog\u00eda avanzada:<\/strong>\u00a0Nuestras instalaciones de \u00faltima generaci\u00f3n, que incluyen tornos CNC y herramientas de precisi\u00f3n actualizados peri\u00f3dicamente, garantizan una gran precisi\u00f3n superficial y tolerancias ajustadas para cada producto.<\/p>\n<p><strong>100% Inspecci\u00f3n:<\/strong>\u00a0Todos los productos se someten a rigurosas pruebas, incluida la detecci\u00f3n de fugas en v\u00e1lvulas y tama\u00f1os, para garantizar una calidad impecable antes de salir de nuestras instalaciones.<\/p>\n<p><strong>Alcance mundial:<\/strong>\u00a0Empresas de todo el mundo conf\u00edan en nuestra calidad constante y nuestras entregas puntuales.<\/p>\n<p>Elija HongTai por su inigualable fiabilidad, rendimiento e innovaci\u00f3n en soluciones de valvuler\u00eda y accesorios de tuber\u00edas.<\/p>\n<p>&nbsp;<\/p>\n<p><strong>P\u00f3ngase en contacto con nosotros<\/strong><br \/>\nPara m\u00e1s informaci\u00f3n o para hablar de sus necesidades, p\u00f3ngase en contacto con nosotros:<br \/>\nCorreo electr\u00f3nico: ht@htcdf.com<br \/>\nwhatsapp: (86)18875809195<br \/>\nTambi\u00e9n puede visitar nuestra\u00a0<a href=\"https:\/\/www.hongtaivalve.com\/es\/contact-us\/\" target=\"_blank\" rel=\"noopener\">Contacte con nosotros<\/a>\u00a0para m\u00e1s formas de ponerse en contacto.<\/p>\n<p>&nbsp;<\/p>\n<\/div>\n<\/div>\n<\/div>\n<div class=\"panel\">\n<div class=\"panel-heading\">\n<h4><\/h4>\n<\/div>\n<\/div>\n<p>&nbsp;<\/p>","protected":false},"excerpt":{"rendered":"<table>\n<tbody>\n<tr>\n<td width=\"207\"><strong><b>N\u00ba de modelo<\/b><\/strong><\/td>\n<td width=\"217\">HT-SPL001<\/td>\n<td width=\"214\"><\/td>\n<td width=\"348\"><\/td>\n<\/tr>\n<tr>\n<td><strong><b>Presi\u00f3n m\u00e1xima de trabajo<\/b><\/strong><\/td>\n<td>1,0mpa\/10Bars<\/td>\n<td><strong><b>Extremo de conexi\u00f3n<\/b><\/strong><\/td>\n<td>Abrazadera,Soldar,Brida,Rosca<\/td>\n<\/tr>\n<tr>\n<td><strong><b>Temperatura m\u00e1xima de trabajo<\/b><\/strong><\/td>\n<td>150\u00b0C<\/td>\n<td><strong><b>Operaci\u00f3n<\/b><\/strong><\/td>\n<td>Por Manual,<\/td>\n<\/tr>\n<tr>\n<td><strong><b>Material del cuerpo<\/b><\/strong><\/td>\n<td>SS316L,SS304,<\/td>\n<td><strong><b>Material de sellado<\/b><\/strong><\/td>\n<td>Silicona, EPDM, Viton, PTFE o NBR<\/td>\n<\/tr>\n<tr>\n<td><strong><b>Acabado de la superficie interior<\/b><\/strong><\/td>\n<td>Ra 0,5<\/td>\n<td><strong><b>Acabado exterior de la superficie: <\/b><\/strong><\/td>\n<td>Ra 0,8<\/td>\n<\/tr>\n<tr>\n<td><strong><b>Especificaci\u00f3n<\/b><\/strong><\/td>\n<td>1\/2&#8243;-12&#8243;<\/td>\n<td><strong><b>Certificaci\u00f3n<\/b><\/strong><\/td>\n<td>Informe de materias primas\/informe de calidad del producto acabado<\/td>\n<\/tr>\n<tr>\n<td><strong><b>C\u00d3DIGO SA<\/b><\/strong><\/td>\n<td>7307290000<\/td>\n<td><strong><b>Acabado<\/b><\/strong><\/td>\n<td>Pulido espejo o pulido mate<\/td>\n<\/tr>\n<tr>\n<td><strong><b>T\u00e9cnica de la materia prima<\/b><\/strong><\/td>\n<td>Forja o fundici\u00f3n<\/td>\n<td><strong><b>M\u00e1quina procesadora<\/b><\/strong><\/td>\n<td>M\u00e1quina CNC Mazak LG<\/td>\n<\/tr>\n<tr>\n<td><strong><b>Norma de dise\u00f1o<\/b><\/strong><\/td>\n<td>3A o DIN,SMS,ISO\/IDF<\/td>\n<td><strong><b>Aplicaci\u00f3n<\/b><\/strong><\/td>\n<td>Uso industrial de alimentos o bebidas<\/td>\n<\/tr>\n<tr>\n<td><strong><b>Paquete de transporte<\/b><\/strong><\/td>\n<td>Pl\u00e1stico espumado+Caja de madera<\/td>\n<td><strong><b>Origen<\/b><\/strong><\/td>\n<td>Wenzhou (China)<\/td>\n<\/tr>\n<\/tbody>\n<\/table>","protected":false},"featured_media":4785,"comment_status":"open","ping_status":"closed","template":"","meta":[],"product_brand":[],"product_cat":[107],"product_tag":[],"class_list":{"0":"post-5122","1":"product","2":"type-product","3":"status-publish","4":"has-post-thumbnail","6":"product_cat-extractions-tank-accessories","8":"first","9":"instock","10":"shipping-taxable","11":"product-type-simple"},"yoast_head":"<!-- This site is optimized with the Yoast SEO plugin v24.6 - https:\/\/yoast.com\/wordpress\/plugins\/seo\/ -->\n<title>HongTaivalve-Stainless steel Sanitary tri-clamp spool-size dn15-dn150-HTV-TS001 - Wenzhou HongTai Fluid Equipment Co.Ltd<\/title>\n<meta name=\"robots\" content=\"index, follow, max-snippet:-1, max-image-preview:large, max-video-preview:-1\" \/>\n<link rel=\"canonical\" href=\"https:\/\/www.hongtaivalve.com\/es\/producto\/stainless-steel-sanitary-triclamp-spool-\u590d\u5236\/\" \/>\n<meta property=\"og:locale\" content=\"es_ES\" \/>\n<meta property=\"og:type\" content=\"article\" \/>\n<meta property=\"og:title\" content=\"HongTaivalve-Stainless steel Sanitary tri-clamp spool-size dn15-dn150-HTV-TS001 - Wenzhou HongTai Fluid Equipment Co.Ltd\" \/>\n<meta property=\"og:description\" content=\"Model No. HT-SPL001     Max Working Pressure 1.0mpa\/10Bars Connection End Clamp ,Weld,Flange,Thread   Max Working Temperature 150\u00b0C Operation By Manual,   Body Material SS316L,SS304, Sealing Material Silicone, EPDM, Viton, PTFE, or NBR   Inner Surface finish Ra 0.5 External Surface finish:  Ra 0.8   Specification 1\/2&quot;-12&quot; Certification Raw material report\/finished quality report   HS CODE 7307290000 Finish Mirror polish or Matt polish   Raw Material technique Forging or Casting Processing Machine LG Mazak CNC Machine   Design Standard 3A or DIN,SMS,ISO\/IDF Application Food or Beverage industrial Usage   Transport Package Foamed Plastic+Wooden case Origin Wenzhou China\" \/>\n<meta property=\"og:url\" content=\"https:\/\/www.hongtaivalve.com\/es\/producto\/stainless-steel-sanitary-triclamp-spool-\u590d\u5236\/\" \/>\n<meta property=\"og:site_name\" content=\"Wenzhou HongTai Fluid Equipment Co.Ltd\" \/>\n<meta property=\"article:modified_time\" content=\"2024-12-27T02:40:59+00:00\" \/>\n<meta property=\"og:image\" content=\"https:\/\/www.hongtaivalve.com\/wp-content\/uploads\/2024\/03\/\u6d2a\u6cf0\u6d41\u4f53\u4ea7\u54c1\u56fe-68.jpg\" \/>\n\t<meta property=\"og:image:width\" content=\"1500\" \/>\n\t<meta property=\"og:image:height\" content=\"1500\" \/>\n\t<meta property=\"og:image:type\" content=\"image\/jpeg\" \/>\n<meta name=\"twitter:card\" content=\"summary_large_image\" \/>\n<meta name=\"twitter:label1\" content=\"Tiempo de lectura\" \/>\n\t<meta name=\"twitter:data1\" content=\"4 minutos\" \/>\n<script type=\"application\/ld+json\" class=\"yoast-schema-graph\">{\"@context\":\"https:\/\/schema.org\",\"@graph\":[{\"@type\":\"WebPage\",\"@id\":\"https:\/\/www.hongtaivalve.com\/product\/stainless-steel-sanitary-triclamp-spool-%e5%a4%8d%e5%88%b6\/\",\"url\":\"https:\/\/www.hongtaivalve.com\/product\/stainless-steel-sanitary-triclamp-spool-%e5%a4%8d%e5%88%b6\/\",\"name\":\"HongTaivalve-Stainless steel Sanitary tri-clamp spool-size dn15-dn150-HTV-TS001 - Wenzhou HongTai Fluid Equipment Co.Ltd\",\"isPartOf\":{\"@id\":\"https:\/\/www.hongtaivalve.com\/#website\"},\"primaryImageOfPage\":{\"@id\":\"https:\/\/www.hongtaivalve.com\/product\/stainless-steel-sanitary-triclamp-spool-%e5%a4%8d%e5%88%b6\/#primaryimage\"},\"image\":{\"@id\":\"https:\/\/www.hongtaivalve.com\/product\/stainless-steel-sanitary-triclamp-spool-%e5%a4%8d%e5%88%b6\/#primaryimage\"},\"thumbnailUrl\":\"https:\/\/www.hongtaivalve.com\/wp-content\/uploads\/2024\/03\/\u6d2a\u6cf0\u6d41\u4f53\u4ea7\u54c1\u56fe-68.jpg\",\"datePublished\":\"2024-04-21T07:06:41+00:00\",\"dateModified\":\"2024-12-27T02:40:59+00:00\",\"breadcrumb\":{\"@id\":\"https:\/\/www.hongtaivalve.com\/product\/stainless-steel-sanitary-triclamp-spool-%e5%a4%8d%e5%88%b6\/#breadcrumb\"},\"inLanguage\":\"es\",\"potentialAction\":[{\"@type\":\"ReadAction\",\"target\":[\"https:\/\/www.hongtaivalve.com\/product\/stainless-steel-sanitary-triclamp-spool-%e5%a4%8d%e5%88%b6\/\"]}]},{\"@type\":\"ImageObject\",\"inLanguage\":\"es\",\"@id\":\"https:\/\/www.hongtaivalve.com\/product\/stainless-steel-sanitary-triclamp-spool-%e5%a4%8d%e5%88%b6\/#primaryimage\",\"url\":\"https:\/\/www.hongtaivalve.com\/wp-content\/uploads\/2024\/03\/\u6d2a\u6cf0\u6d41\u4f53\u4ea7\u54c1\u56fe-68.jpg\",\"contentUrl\":\"https:\/\/www.hongtaivalve.com\/wp-content\/uploads\/2024\/03\/\u6d2a\u6cf0\u6d41\u4f53\u4ea7\u54c1\u56fe-68.jpg\",\"width\":1500,\"height\":1500},{\"@type\":\"BreadcrumbList\",\"@id\":\"https:\/\/www.hongtaivalve.com\/product\/stainless-steel-sanitary-triclamp-spool-%e5%a4%8d%e5%88%b6\/#breadcrumb\",\"itemListElement\":[{\"@type\":\"ListItem\",\"position\":1,\"name\":\"\u9996\u9875\",\"item\":\"https:\/\/www.hongtaivalve.com\/\"},{\"@type\":\"ListItem\",\"position\":2,\"name\":\"Product\",\"item\":\"https:\/\/www.hongtaivalve.com\/product\/\"},{\"@type\":\"ListItem\",\"position\":3,\"name\":\"HongTaivalve-Stainless steel Sanitary tri-clamp spool-size dn15-dn150-HTV-TS001\"}]},{\"@type\":\"WebSite\",\"@id\":\"https:\/\/www.hongtaivalve.com\/#website\",\"url\":\"https:\/\/www.hongtaivalve.com\/\",\"name\":\"Wenzhou HongTai Fluid Equipment Co.Ltd\",\"description\":\"\",\"potentialAction\":[{\"@type\":\"SearchAction\",\"target\":{\"@type\":\"EntryPoint\",\"urlTemplate\":\"https:\/\/www.hongtaivalve.com\/?s={search_term_string}\"},\"query-input\":{\"@type\":\"PropertyValueSpecification\",\"valueRequired\":true,\"valueName\":\"search_term_string\"}}],\"inLanguage\":\"es\"}]}<\/script>\n<!-- \/ Yoast SEO plugin. -->","yoast_head_json":{"title":"HongTaivalve-Stainless steel Sanitary tri-clamp spool-size dn15-dn150-HTV-TS001 - Wenzhou HongTai Fluid Equipment Co.Ltd","robots":{"index":"index","follow":"follow","max-snippet":"max-snippet:-1","max-image-preview":"max-image-preview:large","max-video-preview":"max-video-preview:-1"},"canonical":"https:\/\/www.hongtaivalve.com\/es\/producto\/stainless-steel-sanitary-triclamp-spool-\u590d\u5236\/","og_locale":"es_ES","og_type":"article","og_title":"HongTaivalve-Stainless steel Sanitary tri-clamp spool-size dn15-dn150-HTV-TS001 - Wenzhou HongTai Fluid Equipment Co.Ltd","og_description":"Model No. HT-SPL001     Max Working Pressure 1.0mpa\/10Bars Connection End Clamp ,Weld,Flange,Thread   Max Working Temperature 150\u00b0C Operation By Manual,   Body Material SS316L,SS304, Sealing Material Silicone, EPDM, Viton, PTFE, or NBR   Inner Surface finish Ra 0.5 External Surface finish:  Ra 0.8   Specification 1\/2\"-12\" Certification Raw material report\/finished quality report   HS CODE 7307290000 Finish Mirror polish or Matt polish   Raw Material technique Forging or Casting Processing Machine LG Mazak CNC Machine   Design Standard 3A or DIN,SMS,ISO\/IDF Application Food or Beverage industrial Usage   Transport Package Foamed Plastic+Wooden case Origin Wenzhou China","og_url":"https:\/\/www.hongtaivalve.com\/es\/producto\/stainless-steel-sanitary-triclamp-spool-\u590d\u5236\/","og_site_name":"Wenzhou HongTai Fluid Equipment Co.Ltd","article_modified_time":"2024-12-27T02:40:59+00:00","og_image":[{"width":1500,"height":1500,"url":"https:\/\/www.hongtaivalve.com\/wp-content\/uploads\/2024\/03\/\u6d2a\u6cf0\u6d41\u4f53\u4ea7\u54c1\u56fe-68.jpg","type":"image\/jpeg"}],"twitter_card":"summary_large_image","twitter_misc":{"Tiempo de lectura":"4 minutos"},"schema":{"@context":"https:\/\/schema.org","@graph":[{"@type":"WebPage","@id":"https:\/\/www.hongtaivalve.com\/product\/stainless-steel-sanitary-triclamp-spool-%e5%a4%8d%e5%88%b6\/","url":"https:\/\/www.hongtaivalve.com\/product\/stainless-steel-sanitary-triclamp-spool-%e5%a4%8d%e5%88%b6\/","name":"HongTaivalve-Stainless steel Sanitary tri-clamp spool-size dn15-dn150-HTV-TS001 - Wenzhou HongTai Fluid Equipment Co.Ltd","isPartOf":{"@id":"https:\/\/www.hongtaivalve.com\/#website"},"primaryImageOfPage":{"@id":"https:\/\/www.hongtaivalve.com\/product\/stainless-steel-sanitary-triclamp-spool-%e5%a4%8d%e5%88%b6\/#primaryimage"},"image":{"@id":"https:\/\/www.hongtaivalve.com\/product\/stainless-steel-sanitary-triclamp-spool-%e5%a4%8d%e5%88%b6\/#primaryimage"},"thumbnailUrl":"https:\/\/www.hongtaivalve.com\/wp-content\/uploads\/2024\/03\/\u6d2a\u6cf0\u6d41\u4f53\u4ea7\u54c1\u56fe-68.jpg","datePublished":"2024-04-21T07:06:41+00:00","dateModified":"2024-12-27T02:40:59+00:00","breadcrumb":{"@id":"https:\/\/www.hongtaivalve.com\/product\/stainless-steel-sanitary-triclamp-spool-%e5%a4%8d%e5%88%b6\/#breadcrumb"},"inLanguage":"es","potentialAction":[{"@type":"ReadAction","target":["https:\/\/www.hongtaivalve.com\/product\/stainless-steel-sanitary-triclamp-spool-%e5%a4%8d%e5%88%b6\/"]}]},{"@type":"ImageObject","inLanguage":"es","@id":"https:\/\/www.hongtaivalve.com\/product\/stainless-steel-sanitary-triclamp-spool-%e5%a4%8d%e5%88%b6\/#primaryimage","url":"https:\/\/www.hongtaivalve.com\/wp-content\/uploads\/2024\/03\/\u6d2a\u6cf0\u6d41\u4f53\u4ea7\u54c1\u56fe-68.jpg","contentUrl":"https:\/\/www.hongtaivalve.com\/wp-content\/uploads\/2024\/03\/\u6d2a\u6cf0\u6d41\u4f53\u4ea7\u54c1\u56fe-68.jpg","width":1500,"height":1500},{"@type":"BreadcrumbList","@id":"https:\/\/www.hongtaivalve.com\/product\/stainless-steel-sanitary-triclamp-spool-%e5%a4%8d%e5%88%b6\/#breadcrumb","itemListElement":[{"@type":"ListItem","position":1,"name":"\u9996\u9875","item":"https:\/\/www.hongtaivalve.com\/"},{"@type":"ListItem","position":2,"name":"Product","item":"https:\/\/www.hongtaivalve.com\/product\/"},{"@type":"ListItem","position":3,"name":"HongTaivalve-Stainless steel Sanitary tri-clamp spool-size dn15-dn150-HTV-TS001"}]},{"@type":"WebSite","@id":"https:\/\/www.hongtaivalve.com\/#website","url":"https:\/\/www.hongtaivalve.com\/","name":"Wenzhou HongTai Fluid Equipment Co.Ltd","description":"","potentialAction":[{"@type":"SearchAction","target":{"@type":"EntryPoint","urlTemplate":"https:\/\/www.hongtaivalve.com\/?s={search_term_string}"},"query-input":{"@type":"PropertyValueSpecification","valueRequired":true,"valueName":"search_term_string"}}],"inLanguage":"es"}]}},"_links":{"self":[{"href":"https:\/\/www.hongtaivalve.com\/es\/wp-json\/wp\/v2\/product\/5122","targetHints":{"allow":["GET"]}}],"collection":[{"href":"https:\/\/www.hongtaivalve.com\/es\/wp-json\/wp\/v2\/product"}],"about":[{"href":"https:\/\/www.hongtaivalve.com\/es\/wp-json\/wp\/v2\/types\/product"}],"replies":[{"embeddable":true,"href":"https:\/\/www.hongtaivalve.com\/es\/wp-json\/wp\/v2\/comments?post=5122"}],"wp:featuredmedia":[{"embeddable":true,"href":"https:\/\/www.hongtaivalve.com\/es\/wp-json\/wp\/v2\/media\/4785"}],"wp:attachment":[{"href":"https:\/\/www.hongtaivalve.com\/es\/wp-json\/wp\/v2\/media?parent=5122"}],"wp:term":[{"taxonomy":"product_brand","embeddable":true,"href":"https:\/\/www.hongtaivalve.com\/es\/wp-json\/wp\/v2\/product_brand?post=5122"},{"taxonomy":"product_cat","embeddable":true,"href":"https:\/\/www.hongtaivalve.com\/es\/wp-json\/wp\/v2\/product_cat?post=5122"},{"taxonomy":"product_tag","embeddable":true,"href":"https:\/\/www.hongtaivalve.com\/es\/wp-json\/wp\/v2\/product_tag?post=5122"}],"curies":[{"name":"wp","href":"https:\/\/api.w.org\/{rel}","templated":true}]}}