{"id":5132,"date":"2024-04-21T11:52:25","date_gmt":"2024-04-21T11:52:25","guid":{"rendered":"http:\/\/www.hongtaivalve.com\/?post_type=product&#038;p=5132"},"modified":"2024-12-27T06:20:28","modified_gmt":"2024-12-27T06:20:28","slug":"sanitary-tri-clamp-connection-100-mesh-screen-teflon-ptfe-gasket","status":"publish","type":"product","link":"https:\/\/www.hongtaivalve.com\/es\/producto\/sanitary-tri-clamp-connection-100-mesh-screen-teflon-ptfe-gasket\/","title":{"rendered":"HongTaivalve-Sanitaria Tri-clamp conexi\u00f3n 100 malla tefl\u00f3n PTFE gasketsize dn15-dn150-HTV-TC001"},"content":{"rendered":"<p>&nbsp;<\/p>\n<p>Los materiales de los anillos de sellado proporcionados por nosotros incluyen PTFE ,Viton , EPDM y silicona, por lo general la temperatura de uso de estos anillos de sellado es de -30\u00b0F - 200\u00b0F, si su medio de uso necesita resistencia a la corrosi\u00f3n y a los \u00e1cidos y \u00e1lcalis, le recomendamos que utilice caucho PTFE y tefl\u00f3n. hay que tener en cuenta que la dureza del tefl\u00f3n es relativamente alta. Adem\u00e1s, si el uso del medio de temperatura y corrosi\u00f3n requisitos no son altos, entonces es mejor utilizar silicona y EPDM, porque el costo de ambos es relativamente bajo.<\/p>\n<p>Las juntas y rejillas de Buna deben tenerse en cuenta al manipular aceites y grasas animales. Las juntas de Buna se fabrican con buenas caracter\u00edsticas de compresi\u00f3n,<\/p>\n<p>Disponibles en Buna, EPDM, Tefl\u00f3n, Vit\u00f3n y Silicona<\/p>\n<p>Tama\u00f1os de 1\/2\u2033 a 12\u2033.<\/p>\n<p>Crea un sello a prueba de fugas entre las bridas tri-clamp<\/p>\n<p>Tambi\u00e9n ofrecemos\u00a0<a href=\"https:\/\/sanitaryfittings.us\/product\/clamp-gaskets-flanged\">Juntas Tri-Clamp con bridas<\/a><\/p>\n<p>Las juntas de Viton tienen una variedad de prestaciones superiores, como se indica a continuaci\u00f3n: Resistencia a altas temperaturas. Las juntas de vit\u00f3n Triclamp tienen una excelente resistencia a las altas temperaturas, que pueden utilizarse durante mucho tiempo a 250 \u00b0C, o incluso durante poco tiempo a 300 \u00b0C, lo que las hace adecuadas para los requisitos de sellado en entornos de altas temperaturas. Resistencia a la corrosi\u00f3n qu\u00edmica. El caucho fluorado tiene una excelente resistencia a la corrosi\u00f3n qu\u00edmica frente a l\u00edquidos org\u00e1nicos, \u00e1cidos, \u00e1lcalis, grasas y otros productos qu\u00edmicos, lo que es especialmente importante en la aplicaci\u00f3n de campos qu\u00edmicos, petrol\u00edferos y de gas natural. Resistencia al fuego y al alto vac\u00edo. El fluorocaucho es un caucho autoextinguible con una excelente resistencia al vac\u00edo, lo que lo convierte en una opci\u00f3n ideal en los casos en los que se requiere resistencia a las llamas y un entorno de alto vac\u00edo.<\/p>\n<p>Las juntas de Viton tienen amplias aplicaciones en muchos campos, como los siguientes: Industria del autom\u00f3vil. Com\u00fanmente utilizadas como juntas bajo el cap\u00f3 de los autom\u00f3viles, como juntas t\u00f3ricas, juntas en U, etc., resistentes a temperaturas extremas y a la corrosi\u00f3n qu\u00edmica. Equipos m\u00e9dicos. Ampliamente utilizado en tubos de infusi\u00f3n, respiradores, bolsas de sangre y otros equipos, aprovechando su buena biocompatibilidad y resistencia qu\u00edmica. Industria de semiconductores. Debido a su alta resistencia al calor y estabilidad qu\u00edmica, las almohadillas de fijaci\u00f3n r\u00e1pida de caucho fluorado tambi\u00e9n se utilizan como sellos y materiales de aislamiento t\u00e9rmico en el proceso de fabricaci\u00f3n de semiconductores. Industria qu\u00edmica. Tambi\u00e9n se utilizan ampliamente en los sellos de diversos equipos como reactores, torres de destilaci\u00f3n y tuber\u00edas. Adem\u00e1s, las empaquetaduras r\u00e1pidas de caucho fluorado tambi\u00e9n se utilizan en el procesamiento de alimentos, la industria farmac\u00e9utica y otros campos, especialmente en medios corrosivos, medios de alta temperatura y requisitos de sellado en entornos de alta presi\u00f3n.<\/p>\n<p>&nbsp;<\/p>\n<h2><span style=\"color: #ff0000;\">Instrucciones de embalaje del producto\uff1a<\/span><\/h2>\n<p>Cada producto se embala primero individualmente en una bolsa de espuma y luego se coloca cuidadosamente en una caja de cart\u00f3n designada. Por \u00faltimo, se paletiza o se embala en una caja de madera de exportaci\u00f3n. Todo el proceso de embalaje se ejecuta rigurosamente para evitar cualquier da\u00f1o durante el transporte.<\/p>\n<p><a href=\"http:\/\/www.hongtaivalve.com\/wp-content\/uploads\/2024\/04\/\u6d2a\u6cf0\u6d41\u4f53\u4ea7\u54c1\u56fe-30-1.jpg\"><img fetchpriority=\"high\" decoding=\"async\" class=\"alignnone size-full wp-image-5133\" src=\"http:\/\/www.hongtaivalve.com\/wp-content\/uploads\/2024\/04\/\u6d2a\u6cf0\u6d41\u4f53\u4ea7\u54c1\u56fe-30-1.jpg\" alt=\"\" width=\"1024\" height=\"768\" srcset=\"https:\/\/www.hongtaivalve.com\/wp-content\/uploads\/2024\/04\/\u6d2a\u6cf0\u6d41\u4f53\u4ea7\u54c1\u56fe-30-1.jpg 1024w, https:\/\/www.hongtaivalve.com\/wp-content\/uploads\/2024\/04\/\u6d2a\u6cf0\u6d41\u4f53\u4ea7\u54c1\u56fe-30-1-800x600.jpg 800w, https:\/\/www.hongtaivalve.com\/wp-content\/uploads\/2024\/04\/\u6d2a\u6cf0\u6d41\u4f53\u4ea7\u54c1\u56fe-30-1-300x225.jpg 300w, https:\/\/www.hongtaivalve.com\/wp-content\/uploads\/2024\/04\/\u6d2a\u6cf0\u6d41\u4f53\u4ea7\u54c1\u56fe-30-1-768x576.jpg 768w\" sizes=\"(max-width: 1024px) 100vw, 1024px\" \/><\/a><\/p>\n<p><strong>Qui\u00e9nes somos<\/strong><\/p>\n<p>En HongTai, nos especializamos en v\u00e1lvulas sanitarias de alta calidad y accesorios de tuber\u00eda de acero inoxidable, sirviendo a industrias clave como la farmac\u00e9utica, procesamiento de alimentos y productos qu\u00edmicos. Fabricados con acero inoxidable 304, 316 y 316L de primera calidad, nuestros productos ofrecen una excelente resistencia a la corrosi\u00f3n y se elaboran utilizando t\u00e9cnicas de fabricaci\u00f3n avanzadas como corte por l\u00e1ser y soldadura de precisi\u00f3n. Dise\u00f1adas para la higiene y la integridad de los fluidos, las v\u00e1lvulas de HongTai son la opci\u00f3n ideal para las industrias que requieren una limpieza \u00f3ptima y un rendimiento duradero.<\/p>\n<p><a href=\"https:\/\/www.hongtaivalve.com\/wp-content\/uploads\/2024\/12\/2efad8255a88820383829ce2a75fcb9-1.jpg\"><img decoding=\"async\" class=\"wp-image-5949 aligncenter\" src=\"https:\/\/www.hongtaivalve.com\/wp-content\/uploads\/2024\/12\/2efad8255a88820383829ce2a75fcb9-1.jpg\" alt=\"\" width=\"577\" height=\"374\" srcset=\"https:\/\/www.hongtaivalve.com\/wp-content\/uploads\/2024\/12\/2efad8255a88820383829ce2a75fcb9-1.jpg 985w, https:\/\/www.hongtaivalve.com\/wp-content\/uploads\/2024\/12\/2efad8255a88820383829ce2a75fcb9-1-300x194.jpg 300w, https:\/\/www.hongtaivalve.com\/wp-content\/uploads\/2024\/12\/2efad8255a88820383829ce2a75fcb9-1-768x497.jpg 768w, https:\/\/www.hongtaivalve.com\/wp-content\/uploads\/2024\/12\/2efad8255a88820383829ce2a75fcb9-1-18x12.jpg 18w, https:\/\/www.hongtaivalve.com\/wp-content\/uploads\/2024\/12\/2efad8255a88820383829ce2a75fcb9-1-800x518.jpg 800w\" sizes=\"(max-width: 577px) 100vw, 577px\" \/><\/a><\/p>\n<p><strong>Por qu\u00e9 elegirnos<\/strong><\/p>\n<p><strong>Garant\u00eda de calidad:<\/strong>\u00a0Mantenemos un estricto control de todas las fases de producci\u00f3n, desde las materias primas hasta los productos acabados, garantizando el cumplimiento de la norma ISO9001 y las certificaciones internacionales, incluidas las normas 3A, DIN e ISO.<\/p>\n<p><strong>Experiencia en el sector:<\/strong>\u00a0D\u00e9cadas de experiencia en soluciones para industrias cr\u00edticas como la alimentaria, la de bebidas y la farmac\u00e9utica.<\/p>\n<p><strong>Tecnolog\u00eda avanzada:<\/strong>\u00a0Nuestras instalaciones de \u00faltima generaci\u00f3n, que incluyen tornos CNC y herramientas de precisi\u00f3n actualizados peri\u00f3dicamente, garantizan una gran precisi\u00f3n superficial y tolerancias ajustadas para cada producto.<\/p>\n<p><strong>100% Inspecci\u00f3n:<\/strong>\u00a0Todos los productos se someten a rigurosas pruebas, incluida la detecci\u00f3n de fugas en v\u00e1lvulas y tama\u00f1os, para garantizar una calidad impecable antes de salir de nuestras instalaciones.<\/p>\n<p><strong>Alcance mundial:<\/strong>\u00a0Empresas de todo el mundo conf\u00edan en nuestra calidad constante y nuestras entregas puntuales.<\/p>\n<p>Elija HongTai por su inigualable fiabilidad, rendimiento e innovaci\u00f3n en soluciones de valvuler\u00eda y accesorios de tuber\u00edas.<\/p>\n<p>&nbsp;<\/p>\n<p><strong>P\u00f3ngase en contacto con nosotros<\/strong><br \/>\nPara m\u00e1s informaci\u00f3n o para hablar de sus necesidades, p\u00f3ngase en contacto con nosotros:<br \/>\nCorreo electr\u00f3nico: ht@htcdf.com<br \/>\nwhatsapp: (86)18875809195<br \/>\nTambi\u00e9n puede visitar nuestra\u00a0<a href=\"https:\/\/www.hongtaivalve.com\/es\/contact-us\/\" target=\"_blank\" rel=\"noopener\">Contacte con nosotros<\/a>\u00a0para m\u00e1s formas de ponerse en contacto.<\/p>\n<p>&nbsp;<\/p>","protected":false},"excerpt":{"rendered":"<table>\n<tbody>\n<tr>\n<td width=\"207\"><strong><b>N\u00ba de modelo<\/b><\/strong><\/td>\n<td width=\"217\">HT-PGT001<\/td>\n<td width=\"214\"><\/td>\n<td width=\"348\"><\/td>\n<\/tr>\n<tr>\n<td><strong><b>Presi\u00f3n m\u00e1xima de trabajo<\/b><\/strong><\/td>\n<td>1,6mpa\/16Bars<\/td>\n<td><strong><b>Extremo de conexi\u00f3n<\/b><\/strong><\/td>\n<td>Abrazadera,Brida,Uni\u00f3n,V\u00e1lvula<\/td>\n<\/tr>\n<tr>\n<td><strong><b>Temperatura m\u00e1xima de trabajo<\/b><\/strong><\/td>\n<td>150\u00b0C<\/td>\n<td><strong><b>Operaci\u00f3n<\/b><\/strong><\/td>\n<td>Por Manual,<\/td>\n<\/tr>\n<tr>\n<td><strong><b>Material del cuerpo<\/b><\/strong><\/td>\n<td>Ss316L o ss304<\/td>\n<td><strong><b>Material de sellado<\/b><\/strong><\/td>\n<td>Silicona, EPDM, Viton, PTFE o NBR<\/td>\n<\/tr>\n<tr>\n<td><strong><b>Acabado de la superficie interior<\/b><\/strong><\/td>\n<td>Ra 0,5<\/td>\n<td><strong><b>Acabado exterior de la superficie: <\/b><\/strong><\/td>\n<td>Ra 0,8<\/td>\n<\/tr>\n<tr>\n<td><strong><b>Especificaci\u00f3n<\/b><\/strong><\/td>\n<td>1\/2&#8243;-6&#8243;<\/td>\n<td><strong><b>Certificaci\u00f3n<\/b><\/strong><\/td>\n<td>Informe de materias primas\/informe de calidad del producto acabado<\/td>\n<\/tr>\n<tr>\n<td><strong><b>C\u00d3DIGO SA<\/b><\/strong><\/td>\n<td>4016931000<\/td>\n<td><strong><b>Acabado<\/b><\/strong><\/td>\n<td>Pulido espejo o pulido mate<\/td>\n<\/tr>\n<tr>\n<td><strong><b>T\u00e9cnica de la materia prima<\/b><\/strong><\/td>\n<td>Forja o fundici\u00f3n<\/td>\n<td><strong><b>M\u00e1quina procesadora<\/b><\/strong><\/td>\n<td>M\u00e1quina CNC Mazak LG<\/td>\n<\/tr>\n<tr>\n<td><strong><b>Norma de dise\u00f1o<\/b><\/strong><\/td>\n<td>3A o DIN,SMS,ISO\/IDF<\/td>\n<td><strong><b>Aplicaci\u00f3n<\/b><\/strong><\/td>\n<td>Uso industrial de alimentos o bebidas<\/td>\n<\/tr>\n<tr>\n<td><strong><b>Paquete de transporte<\/b><\/strong><\/td>\n<td>Pl\u00e1stico espumado+Caja de madera<\/td>\n<td><strong><b>Origen<\/b><\/strong><\/td>\n<td>Wenzhou (China)<\/td>\n<\/tr>\n<\/tbody>\n<\/table>","protected":false},"featured_media":5133,"comment_status":"open","ping_status":"closed","template":"","meta":[],"product_brand":[],"product_cat":[109],"product_tag":[],"class_list":{"0":"post-5132","1":"product","2":"type-product","3":"status-publish","4":"has-post-thumbnail","6":"product_cat-gaskets-seals","8":"first","9":"instock","10":"shipping-taxable","11":"product-type-simple"},"yoast_head":"<!-- This site is optimized with the Yoast SEO plugin v24.6 - https:\/\/yoast.com\/wordpress\/plugins\/seo\/ -->\n<title>HongTaivalve-Sanitary Tri-clamp connection 100 mesh screen teflon PTFE gasketsize dn15-dn150-HTV-TC001 - Wenzhou HongTai Fluid Equipment Co.Ltd<\/title>\n<meta name=\"robots\" content=\"index, follow, max-snippet:-1, max-image-preview:large, max-video-preview:-1\" \/>\n<link rel=\"canonical\" href=\"https:\/\/www.hongtaivalve.com\/es\/producto\/sanitary-tri-clamp-connection-100-mesh-screen-teflon-ptfe-gasket\/\" \/>\n<meta property=\"og:locale\" content=\"es_ES\" \/>\n<meta property=\"og:type\" content=\"article\" \/>\n<meta property=\"og:title\" content=\"HongTaivalve-Sanitary Tri-clamp connection 100 mesh screen teflon PTFE gasketsize dn15-dn150-HTV-TC001 - Wenzhou HongTai Fluid Equipment Co.Ltd\" \/>\n<meta property=\"og:description\" content=\"Model No. HT-PGT001     Max Working Pressure 1.6mpa\/16Bars Connection End Clamp ferrule,Flange,Union,Valve   Max Working Temperature 150\u00b0C Operation By Manual,   Body Material Ss316L \u00a0or ss304 Sealing Material Silicone, EPDM, Viton, PTFE, or NBR   Inner Surface finish Ra 0.5 External Surface finish:  Ra 0.8   Specification 1\/2&quot;-6&quot; Certification Raw material report\/finished quality report   HS CODE 4016931000 Finish Mirror polish or Matt polish   Raw Material technique Forging or Casting Processing Machine LG Mazak CNC Machine   Design Standard 3A or DIN,SMS,ISO\/IDF Application Food or Beverage industrial Usage   Transport Package Foamed Plastic+Wooden case Origin Wenzhou China\" \/>\n<meta property=\"og:url\" content=\"https:\/\/www.hongtaivalve.com\/es\/producto\/sanitary-tri-clamp-connection-100-mesh-screen-teflon-ptfe-gasket\/\" \/>\n<meta property=\"og:site_name\" content=\"Wenzhou HongTai Fluid Equipment Co.Ltd\" \/>\n<meta property=\"article:modified_time\" content=\"2024-12-27T06:20:28+00:00\" \/>\n<meta property=\"og:image\" content=\"https:\/\/www.hongtaivalve.com\/wp-content\/uploads\/2024\/04\/\u6d2a\u6cf0\u6d41\u4f53\u4ea7\u54c1\u56fe-30-1.jpg\" \/>\n\t<meta property=\"og:image:width\" content=\"1024\" \/>\n\t<meta property=\"og:image:height\" content=\"768\" \/>\n\t<meta property=\"og:image:type\" content=\"image\/jpeg\" \/>\n<meta name=\"twitter:card\" content=\"summary_large_image\" \/>\n<meta name=\"twitter:label1\" content=\"Tiempo de lectura\" \/>\n\t<meta name=\"twitter:data1\" content=\"4 minutos\" \/>\n<script type=\"application\/ld+json\" class=\"yoast-schema-graph\">{\"@context\":\"https:\/\/schema.org\",\"@graph\":[{\"@type\":\"WebPage\",\"@id\":\"https:\/\/www.hongtaivalve.com\/product\/sanitary-tri-clamp-connection-100-mesh-screen-teflon-ptfe-gasket\/\",\"url\":\"https:\/\/www.hongtaivalve.com\/product\/sanitary-tri-clamp-connection-100-mesh-screen-teflon-ptfe-gasket\/\",\"name\":\"HongTaivalve-Sanitary Tri-clamp connection 100 mesh screen teflon PTFE gasketsize dn15-dn150-HTV-TC001 - Wenzhou HongTai Fluid Equipment Co.Ltd\",\"isPartOf\":{\"@id\":\"https:\/\/www.hongtaivalve.com\/#website\"},\"primaryImageOfPage\":{\"@id\":\"https:\/\/www.hongtaivalve.com\/product\/sanitary-tri-clamp-connection-100-mesh-screen-teflon-ptfe-gasket\/#primaryimage\"},\"image\":{\"@id\":\"https:\/\/www.hongtaivalve.com\/product\/sanitary-tri-clamp-connection-100-mesh-screen-teflon-ptfe-gasket\/#primaryimage\"},\"thumbnailUrl\":\"https:\/\/www.hongtaivalve.com\/wp-content\/uploads\/2024\/04\/\u6d2a\u6cf0\u6d41\u4f53\u4ea7\u54c1\u56fe-30-1.jpg\",\"datePublished\":\"2024-04-21T11:52:25+00:00\",\"dateModified\":\"2024-12-27T06:20:28+00:00\",\"breadcrumb\":{\"@id\":\"https:\/\/www.hongtaivalve.com\/product\/sanitary-tri-clamp-connection-100-mesh-screen-teflon-ptfe-gasket\/#breadcrumb\"},\"inLanguage\":\"es\",\"potentialAction\":[{\"@type\":\"ReadAction\",\"target\":[\"https:\/\/www.hongtaivalve.com\/product\/sanitary-tri-clamp-connection-100-mesh-screen-teflon-ptfe-gasket\/\"]}]},{\"@type\":\"ImageObject\",\"inLanguage\":\"es\",\"@id\":\"https:\/\/www.hongtaivalve.com\/product\/sanitary-tri-clamp-connection-100-mesh-screen-teflon-ptfe-gasket\/#primaryimage\",\"url\":\"https:\/\/www.hongtaivalve.com\/wp-content\/uploads\/2024\/04\/\u6d2a\u6cf0\u6d41\u4f53\u4ea7\u54c1\u56fe-30-1.jpg\",\"contentUrl\":\"https:\/\/www.hongtaivalve.com\/wp-content\/uploads\/2024\/04\/\u6d2a\u6cf0\u6d41\u4f53\u4ea7\u54c1\u56fe-30-1.jpg\",\"width\":1024,\"height\":768},{\"@type\":\"BreadcrumbList\",\"@id\":\"https:\/\/www.hongtaivalve.com\/product\/sanitary-tri-clamp-connection-100-mesh-screen-teflon-ptfe-gasket\/#breadcrumb\",\"itemListElement\":[{\"@type\":\"ListItem\",\"position\":1,\"name\":\"\u9996\u9875\",\"item\":\"https:\/\/www.hongtaivalve.com\/\"},{\"@type\":\"ListItem\",\"position\":2,\"name\":\"Product\",\"item\":\"https:\/\/www.hongtaivalve.com\/product\/\"},{\"@type\":\"ListItem\",\"position\":3,\"name\":\"HongTaivalve-Sanitary Tri-clamp connection 100 mesh screen teflon PTFE gasketsize dn15-dn150-HTV-TC001\"}]},{\"@type\":\"WebSite\",\"@id\":\"https:\/\/www.hongtaivalve.com\/#website\",\"url\":\"https:\/\/www.hongtaivalve.com\/\",\"name\":\"Wenzhou HongTai Fluid Equipment Co.Ltd\",\"description\":\"\",\"potentialAction\":[{\"@type\":\"SearchAction\",\"target\":{\"@type\":\"EntryPoint\",\"urlTemplate\":\"https:\/\/www.hongtaivalve.com\/?s={search_term_string}\"},\"query-input\":{\"@type\":\"PropertyValueSpecification\",\"valueRequired\":true,\"valueName\":\"search_term_string\"}}],\"inLanguage\":\"es\"}]}<\/script>\n<!-- \/ Yoast SEO plugin. -->","yoast_head_json":{"title":"HongTaivalve-Sanitary Tri-clamp connection 100 mesh screen teflon PTFE gasketsize dn15-dn150-HTV-TC001 - Wenzhou HongTai Fluid Equipment Co.Ltd","robots":{"index":"index","follow":"follow","max-snippet":"max-snippet:-1","max-image-preview":"max-image-preview:large","max-video-preview":"max-video-preview:-1"},"canonical":"https:\/\/www.hongtaivalve.com\/es\/producto\/sanitary-tri-clamp-connection-100-mesh-screen-teflon-ptfe-gasket\/","og_locale":"es_ES","og_type":"article","og_title":"HongTaivalve-Sanitary Tri-clamp connection 100 mesh screen teflon PTFE gasketsize dn15-dn150-HTV-TC001 - Wenzhou HongTai Fluid Equipment Co.Ltd","og_description":"Model No. HT-PGT001     Max Working Pressure 1.6mpa\/16Bars Connection End Clamp ferrule,Flange,Union,Valve   Max Working Temperature 150\u00b0C Operation By Manual,   Body Material Ss316L \u00a0or ss304 Sealing Material Silicone, EPDM, Viton, PTFE, or NBR   Inner Surface finish Ra 0.5 External Surface finish:  Ra 0.8   Specification 1\/2\"-6\" Certification Raw material report\/finished quality report   HS CODE 4016931000 Finish Mirror polish or Matt polish   Raw Material technique Forging or Casting Processing Machine LG Mazak CNC Machine   Design Standard 3A or DIN,SMS,ISO\/IDF Application Food or Beverage industrial Usage   Transport Package Foamed Plastic+Wooden case Origin Wenzhou China","og_url":"https:\/\/www.hongtaivalve.com\/es\/producto\/sanitary-tri-clamp-connection-100-mesh-screen-teflon-ptfe-gasket\/","og_site_name":"Wenzhou HongTai Fluid Equipment Co.Ltd","article_modified_time":"2024-12-27T06:20:28+00:00","og_image":[{"width":1024,"height":768,"url":"https:\/\/www.hongtaivalve.com\/wp-content\/uploads\/2024\/04\/\u6d2a\u6cf0\u6d41\u4f53\u4ea7\u54c1\u56fe-30-1.jpg","type":"image\/jpeg"}],"twitter_card":"summary_large_image","twitter_misc":{"Tiempo de lectura":"4 minutos"},"schema":{"@context":"https:\/\/schema.org","@graph":[{"@type":"WebPage","@id":"https:\/\/www.hongtaivalve.com\/product\/sanitary-tri-clamp-connection-100-mesh-screen-teflon-ptfe-gasket\/","url":"https:\/\/www.hongtaivalve.com\/product\/sanitary-tri-clamp-connection-100-mesh-screen-teflon-ptfe-gasket\/","name":"HongTaivalve-Sanitary Tri-clamp connection 100 mesh screen teflon PTFE gasketsize dn15-dn150-HTV-TC001 - Wenzhou HongTai Fluid Equipment Co.Ltd","isPartOf":{"@id":"https:\/\/www.hongtaivalve.com\/#website"},"primaryImageOfPage":{"@id":"https:\/\/www.hongtaivalve.com\/product\/sanitary-tri-clamp-connection-100-mesh-screen-teflon-ptfe-gasket\/#primaryimage"},"image":{"@id":"https:\/\/www.hongtaivalve.com\/product\/sanitary-tri-clamp-connection-100-mesh-screen-teflon-ptfe-gasket\/#primaryimage"},"thumbnailUrl":"https:\/\/www.hongtaivalve.com\/wp-content\/uploads\/2024\/04\/\u6d2a\u6cf0\u6d41\u4f53\u4ea7\u54c1\u56fe-30-1.jpg","datePublished":"2024-04-21T11:52:25+00:00","dateModified":"2024-12-27T06:20:28+00:00","breadcrumb":{"@id":"https:\/\/www.hongtaivalve.com\/product\/sanitary-tri-clamp-connection-100-mesh-screen-teflon-ptfe-gasket\/#breadcrumb"},"inLanguage":"es","potentialAction":[{"@type":"ReadAction","target":["https:\/\/www.hongtaivalve.com\/product\/sanitary-tri-clamp-connection-100-mesh-screen-teflon-ptfe-gasket\/"]}]},{"@type":"ImageObject","inLanguage":"es","@id":"https:\/\/www.hongtaivalve.com\/product\/sanitary-tri-clamp-connection-100-mesh-screen-teflon-ptfe-gasket\/#primaryimage","url":"https:\/\/www.hongtaivalve.com\/wp-content\/uploads\/2024\/04\/\u6d2a\u6cf0\u6d41\u4f53\u4ea7\u54c1\u56fe-30-1.jpg","contentUrl":"https:\/\/www.hongtaivalve.com\/wp-content\/uploads\/2024\/04\/\u6d2a\u6cf0\u6d41\u4f53\u4ea7\u54c1\u56fe-30-1.jpg","width":1024,"height":768},{"@type":"BreadcrumbList","@id":"https:\/\/www.hongtaivalve.com\/product\/sanitary-tri-clamp-connection-100-mesh-screen-teflon-ptfe-gasket\/#breadcrumb","itemListElement":[{"@type":"ListItem","position":1,"name":"\u9996\u9875","item":"https:\/\/www.hongtaivalve.com\/"},{"@type":"ListItem","position":2,"name":"Product","item":"https:\/\/www.hongtaivalve.com\/product\/"},{"@type":"ListItem","position":3,"name":"HongTaivalve-Sanitary Tri-clamp connection 100 mesh screen teflon PTFE gasketsize dn15-dn150-HTV-TC001"}]},{"@type":"WebSite","@id":"https:\/\/www.hongtaivalve.com\/#website","url":"https:\/\/www.hongtaivalve.com\/","name":"Wenzhou HongTai Fluid Equipment Co.Ltd","description":"","potentialAction":[{"@type":"SearchAction","target":{"@type":"EntryPoint","urlTemplate":"https:\/\/www.hongtaivalve.com\/?s={search_term_string}"},"query-input":{"@type":"PropertyValueSpecification","valueRequired":true,"valueName":"search_term_string"}}],"inLanguage":"es"}]}},"_links":{"self":[{"href":"https:\/\/www.hongtaivalve.com\/es\/wp-json\/wp\/v2\/product\/5132","targetHints":{"allow":["GET"]}}],"collection":[{"href":"https:\/\/www.hongtaivalve.com\/es\/wp-json\/wp\/v2\/product"}],"about":[{"href":"https:\/\/www.hongtaivalve.com\/es\/wp-json\/wp\/v2\/types\/product"}],"replies":[{"embeddable":true,"href":"https:\/\/www.hongtaivalve.com\/es\/wp-json\/wp\/v2\/comments?post=5132"}],"wp:featuredmedia":[{"embeddable":true,"href":"https:\/\/www.hongtaivalve.com\/es\/wp-json\/wp\/v2\/media\/5133"}],"wp:attachment":[{"href":"https:\/\/www.hongtaivalve.com\/es\/wp-json\/wp\/v2\/media?parent=5132"}],"wp:term":[{"taxonomy":"product_brand","embeddable":true,"href":"https:\/\/www.hongtaivalve.com\/es\/wp-json\/wp\/v2\/product_brand?post=5132"},{"taxonomy":"product_cat","embeddable":true,"href":"https:\/\/www.hongtaivalve.com\/es\/wp-json\/wp\/v2\/product_cat?post=5132"},{"taxonomy":"product_tag","embeddable":true,"href":"https:\/\/www.hongtaivalve.com\/es\/wp-json\/wp\/v2\/product_tag?post=5132"}],"curies":[{"name":"wp","href":"https:\/\/api.w.org\/{rel}","templated":true}]}}