{"id":5165,"date":"2024-04-23T03:02:42","date_gmt":"2024-04-23T03:02:42","guid":{"rendered":"http:\/\/www.hongtaivalve.com\/?post_type=product&#038;p=5165"},"modified":"2024-12-12T08:13:17","modified_gmt":"2024-12-12T08:13:17","slug":"sanitary-pipeline-ball-shape-union-sight-glasses","status":"publish","type":"product","link":"https:\/\/www.hongtaivalve.com\/es\/producto\/sanitary-pipeline-ball-shape-union-sight-glasses\/","title":{"rendered":"HongTaivalve-Sanitaria tuber\u00eda bola forma Uni\u00f3n mirillas-tama\u00f1o dn15-dn150-HTV-PB001"},"content":{"rendered":"<p>Las mirillas de acero inoxidable se dividen en mirillas tipo tuber\u00eda, mirillas tipo brida y mirillas tipo uni\u00f3n, generalmente utilizadas para observar el cambio de composici\u00f3n, la direcci\u00f3n del flujo de materiales y el cambio de color de los materiales en el tanque y la tuber\u00eda, que pueden desempe\u00f1ar el papel de observaci\u00f3n en cualquier momento. De acuerdo con las necesidades del cliente, podemos dise\u00f1ar mirillas de uni\u00f3n con luces y limpiaparabrisas, que es m\u00e1s humanizado y m\u00e1s en l\u00ednea con las necesidades de los escenarios de los clientes. El modo de conexi\u00f3n es tri clamp, soldadura, conexi\u00f3n de tuerca m\u00f3vil y conexi\u00f3n de brida.<\/p>\n<p>La mirilla sanitaria tambi\u00e9n se llama vaso de alimentos, vaso de carga r\u00e1pida, etc., se utiliza principalmente en alimentos, emulsiones y la industria farmac\u00e9utica y otros requisitos de salud de alta, de acuerdo a las diferentes condiciones, se puede dividir en abrazadera de grado de salud mirilla sanitaria, tornillo de grado de salud mirilla sanitaria, carcasa de grado de salud mirilla sanitaria, etc., mi empresa mirilla sanitaria material de la ventana opcional se divide en vidrio de borosilicato templado, vidrio de borosilicato, vidrio de cuarzo, etc., por favor orden de acuerdo a las necesidades reales espec\u00edficamente.<\/p>\n<p>La mirilla sanitaria de tuber\u00eda tiene un tama\u00f1o de instalaci\u00f3n peque\u00f1o, y el par de conducci\u00f3n es peque\u00f1o, f\u00e1cil de operar, r\u00e1pido, y tambi\u00e9n tiene una buena funci\u00f3n de regulaci\u00f3n de flujo y caracter\u00edsticas de sellado cerrado, el espejo en el campo de uso de calibre grande y mediano, presi\u00f3n media y baja, es la forma dominante del espejo. Uso: La mirilla sanitaria se puede utilizar en la torre qu\u00edmica con alta temperatura, fuerte corrosi\u00f3n, f\u00e1cil envenenamiento, gran peligro y f\u00e1cil cristalizaci\u00f3n para garantizar su producci\u00f3n segura. Estructura: La mirilla sanitaria se compone principalmente de placa base de mirilla, mirilla, conjunto de v\u00e1lvula, etc.<\/p>\n<p>&nbsp;<\/p>\n<p>M\u00e9todo de utilizaci\u00f3n<br \/>\n\u2474 Tratamiento de limpieza. Antes de su uso, puede utilizar una cantidad adecuada de algod\u00f3n con alcohol en la superficie de la ligera toallita, nota: no utilice l\u00edquido \u00e1cido para limpiar, a fin de no corroer la superficie exterior del vidrio.<br \/>\n(2) Para elegir la junta correcta. Cuando la temperatura ambiente de trabajo est\u00e1 dentro de 280 grados, almohadilla de amianto o almohadilla de PTFE se puede utilizar, y cuando la temperatura ambiente de trabajo supera los 500 \u00b0 C, se recomienda la junta de grafito. Nota: Cuanto m\u00e1s grueso sea el vidrio, el espesor de la junta seleccionada tambi\u00e9n debe aumentarse en consecuencia.<br \/>\n(3) Ejerza una fuerza uniforme. No aplique demasiada fuerza durante la instalaci\u00f3n. Se recomienda utilizar una fuerza uniforme para bloquear los tornillos en diagonal.<br \/>\n(4) Inspecciones regulares. Despu\u00e9s de la instalaci\u00f3n de la mirilla, es necesario hacer un trabajo de inspecci\u00f3n regular, especialmente en el entorno l\u00edquido que contiene \u00e1cido y \u00e1lcali, sino tambi\u00e9n para hacer la inspecci\u00f3n peri\u00f3dica de la corrosi\u00f3n de la superficie del vidrio para garantizar la seguridad del operador de primera l\u00ednea.<\/p>\n<p>mantenimiento<br \/>\n1, el espejo de mira se utiliza para observar el l\u00edquido, gas, vapor y otros equipos de reacci\u00f3n de flujo de los medios de comunicaci\u00f3n, el cristal de la ventana debe mantenerse limpia y libre de polvo;<br \/>\n2. El cristal de la mirilla es una pieza da\u00f1ada, tenga cuidado al instalarla;<br \/>\n3, debe haber juntas entre el metal para sellar y choque<\/p>\n<p><a href=\"http:\/\/www.hongtaivalve.com\/wp-content\/uploads\/2024\/04\/IMG_9450.jpg\"><img fetchpriority=\"high\" decoding=\"async\" class=\"alignnone size-full wp-image-5169\" src=\"http:\/\/www.hongtaivalve.com\/wp-content\/uploads\/2024\/04\/IMG_9450.jpg\" alt=\"\" width=\"1024\" height=\"768\" srcset=\"https:\/\/www.hongtaivalve.com\/wp-content\/uploads\/2024\/04\/IMG_9450.jpg 1024w, https:\/\/www.hongtaivalve.com\/wp-content\/uploads\/2024\/04\/IMG_9450-800x600.jpg 800w, https:\/\/www.hongtaivalve.com\/wp-content\/uploads\/2024\/04\/IMG_9450-300x225.jpg 300w, https:\/\/www.hongtaivalve.com\/wp-content\/uploads\/2024\/04\/IMG_9450-768x576.jpg 768w\" sizes=\"(max-width: 1024px) 100vw, 1024px\" \/><\/a><\/p>","protected":false},"excerpt":{"rendered":"<table>\n<tbody>\n<tr>\n<td width=\"207\"><strong><b>N\u00ba de modelo<\/b><\/strong><\/td>\n<td width=\"217\">HT-USG002<\/td>\n<td width=\"214\"><\/td>\n<td width=\"348\"><\/td>\n<\/tr>\n<tr>\n<td><strong><b>Presi\u00f3n m\u00e1xima de trabajo<\/b><\/strong><\/td>\n<td>1,5mpa\/15Bars<\/td>\n<td><strong><b>Extremo de conexi\u00f3n<\/b><\/strong><\/td>\n<td>Triclamp\/Soldadura\/Hilo\/Brida<\/td>\n<\/tr>\n<tr>\n<td><strong><b>Temperatura m\u00e1xima de trabajo<\/b><\/strong><\/td>\n<td>150\u00b0C<\/td>\n<td><strong><b>Operaci\u00f3n<\/b><\/strong><\/td>\n<td>Manual,Neum\u00e1tica,El\u00e9ctrica<\/td>\n<\/tr>\n<tr>\n<td><strong><b>Material del cuerpo<\/b><\/strong><\/td>\n<td>SS316L,SS304<\/td>\n<td><strong><b>Material de sellado<\/b><\/strong><\/td>\n<td>Silicona, EPDM, Viton, PTFE o NBR<\/td>\n<\/tr>\n<tr>\n<td><strong><b>Acabado de la superficie interior<\/b><\/strong><\/td>\n<td>Ra 0,5<\/td>\n<td><strong><b>Acabado exterior de la superficie: <\/b><\/strong><\/td>\n<td>Ra 0,8<\/td>\n<\/tr>\n<tr>\n<td><strong><b>Especificaci\u00f3n<\/b><\/strong><\/td>\n<td>2&#8243;-8&#8243;<\/td>\n<td><strong><b>Certificaci\u00f3n<\/b><\/strong><\/td>\n<td>Informe de materias primas\/informe de calidad del producto acabado<\/td>\n<\/tr>\n<tr>\n<td><strong><b>C\u00d3DIGO SA<\/b><\/strong><\/td>\n<td>8434900000<\/td>\n<td><strong><b>Acabado<\/b><\/strong><\/td>\n<td>Pulido espejo o pulido mate<\/td>\n<\/tr>\n<tr>\n<td><strong><b>T\u00e9cnica de la materia prima<\/b><\/strong><\/td>\n<td>Forja o fundici\u00f3n<\/td>\n<td><strong><b>M\u00e1quina procesadora<\/b><\/strong><\/td>\n<td>M\u00e1quina CNC Mazak LG<\/td>\n<\/tr>\n<tr>\n<td><strong><b>Norma de dise\u00f1o<\/b><\/strong><\/td>\n<td>3A o DIN,SMS,ISO\/IDF<\/td>\n<td><strong><b>Aplicaci\u00f3n<\/b><\/strong><\/td>\n<td>Uso industrial de alimentos o bebidas<\/td>\n<\/tr>\n<tr>\n<td><strong><b>Paquete de transporte<\/b><\/strong><\/td>\n<td>Pl\u00e1stico espumado+Caja de madera<\/td>\n<td><strong><b>Origen<\/b><\/strong><\/td>\n<td>Wenzhou (China)<\/td>\n<\/tr>\n<\/tbody>\n<\/table>","protected":false},"featured_media":5167,"comment_status":"open","ping_status":"closed","template":"","meta":[],"product_brand":[],"product_cat":[107],"product_tag":[],"class_list":{"0":"post-5165","1":"product","2":"type-product","3":"status-publish","4":"has-post-thumbnail","6":"product_cat-extractions-tank-accessories","8":"first","9":"instock","10":"shipping-taxable","11":"product-type-simple"},"yoast_head":"<!-- This site is optimized with the Yoast SEO plugin v24.6 - https:\/\/yoast.com\/wordpress\/plugins\/seo\/ -->\n<title>HongTaivalve-Sanitary pipeline ball shape Union sight glasses-size dn15-dn150-HTV-PB001 - Wenzhou HongTai Fluid Equipment Co.Ltd<\/title>\n<meta name=\"robots\" content=\"index, follow, max-snippet:-1, max-image-preview:large, max-video-preview:-1\" \/>\n<link rel=\"canonical\" href=\"https:\/\/www.hongtaivalve.com\/es\/producto\/sanitary-pipeline-ball-shape-union-sight-glasses\/\" \/>\n<meta property=\"og:locale\" content=\"es_ES\" \/>\n<meta property=\"og:type\" content=\"article\" \/>\n<meta property=\"og:title\" content=\"HongTaivalve-Sanitary pipeline ball shape Union sight glasses-size dn15-dn150-HTV-PB001 - Wenzhou HongTai Fluid Equipment Co.Ltd\" \/>\n<meta property=\"og:description\" content=\"Model No. HT-USG002     Max Working Pressure 1.5mpa\/15Bars Connection End Triclamp\/Weld\/Thread\/Flange   Max Working Temperature 150\u00b0C Operation By Manual,Pneumatic,Electric   Body Material SS316L,SS304 Sealing Material Silicone, EPDM, Viton, PTFE, or NBR   Inner Surface finish Ra 0.5 External Surface finish:  Ra 0.8   Specification 2&quot;-8&quot; Certification Raw material report\/finished quality report   HS CODE 8434900000 Finish Mirror polish or Matt polish   Raw Material technique Forging or Casting Processing Machine LG Mazak CNC Machine   Design Standard 3A or DIN,SMS,ISO\/IDF Application Food or Beverage industrial Usage   Transport Package Foamed Plastic+Wooden case Origin Wenzhou China\" \/>\n<meta property=\"og:url\" content=\"https:\/\/www.hongtaivalve.com\/es\/producto\/sanitary-pipeline-ball-shape-union-sight-glasses\/\" \/>\n<meta property=\"og:site_name\" content=\"Wenzhou HongTai Fluid Equipment Co.Ltd\" \/>\n<meta property=\"article:modified_time\" content=\"2024-12-12T08:13:17+00:00\" \/>\n<meta property=\"og:image\" content=\"https:\/\/www.hongtaivalve.com\/wp-content\/uploads\/2024\/04\/IMG_9448.jpg\" \/>\n\t<meta property=\"og:image:width\" content=\"1024\" \/>\n\t<meta property=\"og:image:height\" content=\"768\" \/>\n\t<meta property=\"og:image:type\" content=\"image\/jpeg\" \/>\n<meta name=\"twitter:card\" content=\"summary_large_image\" \/>\n<meta name=\"twitter:label1\" content=\"Tiempo de lectura\" \/>\n\t<meta name=\"twitter:data1\" content=\"4 minutos\" \/>\n<script type=\"application\/ld+json\" class=\"yoast-schema-graph\">{\"@context\":\"https:\/\/schema.org\",\"@graph\":[{\"@type\":\"WebPage\",\"@id\":\"https:\/\/www.hongtaivalve.com\/product\/sanitary-pipeline-ball-shape-union-sight-glasses\/\",\"url\":\"https:\/\/www.hongtaivalve.com\/product\/sanitary-pipeline-ball-shape-union-sight-glasses\/\",\"name\":\"HongTaivalve-Sanitary pipeline ball shape Union sight glasses-size dn15-dn150-HTV-PB001 - Wenzhou HongTai Fluid Equipment Co.Ltd\",\"isPartOf\":{\"@id\":\"https:\/\/www.hongtaivalve.com\/#website\"},\"primaryImageOfPage\":{\"@id\":\"https:\/\/www.hongtaivalve.com\/product\/sanitary-pipeline-ball-shape-union-sight-glasses\/#primaryimage\"},\"image\":{\"@id\":\"https:\/\/www.hongtaivalve.com\/product\/sanitary-pipeline-ball-shape-union-sight-glasses\/#primaryimage\"},\"thumbnailUrl\":\"https:\/\/www.hongtaivalve.com\/wp-content\/uploads\/2024\/04\/IMG_9448.jpg\",\"datePublished\":\"2024-04-23T03:02:42+00:00\",\"dateModified\":\"2024-12-12T08:13:17+00:00\",\"breadcrumb\":{\"@id\":\"https:\/\/www.hongtaivalve.com\/product\/sanitary-pipeline-ball-shape-union-sight-glasses\/#breadcrumb\"},\"inLanguage\":\"es\",\"potentialAction\":[{\"@type\":\"ReadAction\",\"target\":[\"https:\/\/www.hongtaivalve.com\/product\/sanitary-pipeline-ball-shape-union-sight-glasses\/\"]}]},{\"@type\":\"ImageObject\",\"inLanguage\":\"es\",\"@id\":\"https:\/\/www.hongtaivalve.com\/product\/sanitary-pipeline-ball-shape-union-sight-glasses\/#primaryimage\",\"url\":\"https:\/\/www.hongtaivalve.com\/wp-content\/uploads\/2024\/04\/IMG_9448.jpg\",\"contentUrl\":\"https:\/\/www.hongtaivalve.com\/wp-content\/uploads\/2024\/04\/IMG_9448.jpg\",\"width\":1024,\"height\":768},{\"@type\":\"BreadcrumbList\",\"@id\":\"https:\/\/www.hongtaivalve.com\/product\/sanitary-pipeline-ball-shape-union-sight-glasses\/#breadcrumb\",\"itemListElement\":[{\"@type\":\"ListItem\",\"position\":1,\"name\":\"\u9996\u9875\",\"item\":\"https:\/\/www.hongtaivalve.com\/\"},{\"@type\":\"ListItem\",\"position\":2,\"name\":\"Product\",\"item\":\"https:\/\/www.hongtaivalve.com\/product\/\"},{\"@type\":\"ListItem\",\"position\":3,\"name\":\"HongTaivalve-Sanitary pipeline ball shape Union sight glasses-size dn15-dn150-HTV-PB001\"}]},{\"@type\":\"WebSite\",\"@id\":\"https:\/\/www.hongtaivalve.com\/#website\",\"url\":\"https:\/\/www.hongtaivalve.com\/\",\"name\":\"Wenzhou HongTai Fluid Equipment Co.Ltd\",\"description\":\"\",\"potentialAction\":[{\"@type\":\"SearchAction\",\"target\":{\"@type\":\"EntryPoint\",\"urlTemplate\":\"https:\/\/www.hongtaivalve.com\/?s={search_term_string}\"},\"query-input\":{\"@type\":\"PropertyValueSpecification\",\"valueRequired\":true,\"valueName\":\"search_term_string\"}}],\"inLanguage\":\"es\"}]}<\/script>\n<!-- \/ Yoast SEO plugin. -->","yoast_head_json":{"title":"HongTaivalve-Sanitary pipeline ball shape Union sight glasses-size dn15-dn150-HTV-PB001 - Wenzhou HongTai Fluid Equipment Co.Ltd","robots":{"index":"index","follow":"follow","max-snippet":"max-snippet:-1","max-image-preview":"max-image-preview:large","max-video-preview":"max-video-preview:-1"},"canonical":"https:\/\/www.hongtaivalve.com\/es\/producto\/sanitary-pipeline-ball-shape-union-sight-glasses\/","og_locale":"es_ES","og_type":"article","og_title":"HongTaivalve-Sanitary pipeline ball shape Union sight glasses-size dn15-dn150-HTV-PB001 - Wenzhou HongTai Fluid Equipment Co.Ltd","og_description":"Model No. HT-USG002     Max Working Pressure 1.5mpa\/15Bars Connection End Triclamp\/Weld\/Thread\/Flange   Max Working Temperature 150\u00b0C Operation By Manual,Pneumatic,Electric   Body Material SS316L,SS304 Sealing Material Silicone, EPDM, Viton, PTFE, or NBR   Inner Surface finish Ra 0.5 External Surface finish:  Ra 0.8   Specification 2\"-8\" Certification Raw material report\/finished quality report   HS CODE 8434900000 Finish Mirror polish or Matt polish   Raw Material technique Forging or Casting Processing Machine LG Mazak CNC Machine   Design Standard 3A or DIN,SMS,ISO\/IDF Application Food or Beverage industrial Usage   Transport Package Foamed Plastic+Wooden case Origin Wenzhou China","og_url":"https:\/\/www.hongtaivalve.com\/es\/producto\/sanitary-pipeline-ball-shape-union-sight-glasses\/","og_site_name":"Wenzhou HongTai Fluid Equipment Co.Ltd","article_modified_time":"2024-12-12T08:13:17+00:00","og_image":[{"width":1024,"height":768,"url":"https:\/\/www.hongtaivalve.com\/wp-content\/uploads\/2024\/04\/IMG_9448.jpg","type":"image\/jpeg"}],"twitter_card":"summary_large_image","twitter_misc":{"Tiempo de lectura":"4 minutos"},"schema":{"@context":"https:\/\/schema.org","@graph":[{"@type":"WebPage","@id":"https:\/\/www.hongtaivalve.com\/product\/sanitary-pipeline-ball-shape-union-sight-glasses\/","url":"https:\/\/www.hongtaivalve.com\/product\/sanitary-pipeline-ball-shape-union-sight-glasses\/","name":"HongTaivalve-Sanitary pipeline ball shape Union sight glasses-size dn15-dn150-HTV-PB001 - Wenzhou HongTai Fluid Equipment Co.Ltd","isPartOf":{"@id":"https:\/\/www.hongtaivalve.com\/#website"},"primaryImageOfPage":{"@id":"https:\/\/www.hongtaivalve.com\/product\/sanitary-pipeline-ball-shape-union-sight-glasses\/#primaryimage"},"image":{"@id":"https:\/\/www.hongtaivalve.com\/product\/sanitary-pipeline-ball-shape-union-sight-glasses\/#primaryimage"},"thumbnailUrl":"https:\/\/www.hongtaivalve.com\/wp-content\/uploads\/2024\/04\/IMG_9448.jpg","datePublished":"2024-04-23T03:02:42+00:00","dateModified":"2024-12-12T08:13:17+00:00","breadcrumb":{"@id":"https:\/\/www.hongtaivalve.com\/product\/sanitary-pipeline-ball-shape-union-sight-glasses\/#breadcrumb"},"inLanguage":"es","potentialAction":[{"@type":"ReadAction","target":["https:\/\/www.hongtaivalve.com\/product\/sanitary-pipeline-ball-shape-union-sight-glasses\/"]}]},{"@type":"ImageObject","inLanguage":"es","@id":"https:\/\/www.hongtaivalve.com\/product\/sanitary-pipeline-ball-shape-union-sight-glasses\/#primaryimage","url":"https:\/\/www.hongtaivalve.com\/wp-content\/uploads\/2024\/04\/IMG_9448.jpg","contentUrl":"https:\/\/www.hongtaivalve.com\/wp-content\/uploads\/2024\/04\/IMG_9448.jpg","width":1024,"height":768},{"@type":"BreadcrumbList","@id":"https:\/\/www.hongtaivalve.com\/product\/sanitary-pipeline-ball-shape-union-sight-glasses\/#breadcrumb","itemListElement":[{"@type":"ListItem","position":1,"name":"\u9996\u9875","item":"https:\/\/www.hongtaivalve.com\/"},{"@type":"ListItem","position":2,"name":"Product","item":"https:\/\/www.hongtaivalve.com\/product\/"},{"@type":"ListItem","position":3,"name":"HongTaivalve-Sanitary pipeline ball shape Union sight glasses-size dn15-dn150-HTV-PB001"}]},{"@type":"WebSite","@id":"https:\/\/www.hongtaivalve.com\/#website","url":"https:\/\/www.hongtaivalve.com\/","name":"Wenzhou HongTai Fluid Equipment Co.Ltd","description":"","potentialAction":[{"@type":"SearchAction","target":{"@type":"EntryPoint","urlTemplate":"https:\/\/www.hongtaivalve.com\/?s={search_term_string}"},"query-input":{"@type":"PropertyValueSpecification","valueRequired":true,"valueName":"search_term_string"}}],"inLanguage":"es"}]}},"_links":{"self":[{"href":"https:\/\/www.hongtaivalve.com\/es\/wp-json\/wp\/v2\/product\/5165","targetHints":{"allow":["GET"]}}],"collection":[{"href":"https:\/\/www.hongtaivalve.com\/es\/wp-json\/wp\/v2\/product"}],"about":[{"href":"https:\/\/www.hongtaivalve.com\/es\/wp-json\/wp\/v2\/types\/product"}],"replies":[{"embeddable":true,"href":"https:\/\/www.hongtaivalve.com\/es\/wp-json\/wp\/v2\/comments?post=5165"}],"wp:featuredmedia":[{"embeddable":true,"href":"https:\/\/www.hongtaivalve.com\/es\/wp-json\/wp\/v2\/media\/5167"}],"wp:attachment":[{"href":"https:\/\/www.hongtaivalve.com\/es\/wp-json\/wp\/v2\/media?parent=5165"}],"wp:term":[{"taxonomy":"product_brand","embeddable":true,"href":"https:\/\/www.hongtaivalve.com\/es\/wp-json\/wp\/v2\/product_brand?post=5165"},{"taxonomy":"product_cat","embeddable":true,"href":"https:\/\/www.hongtaivalve.com\/es\/wp-json\/wp\/v2\/product_cat?post=5165"},{"taxonomy":"product_tag","embeddable":true,"href":"https:\/\/www.hongtaivalve.com\/es\/wp-json\/wp\/v2\/product_tag?post=5165"}],"curies":[{"name":"wp","href":"https:\/\/api.w.org\/{rel}","templated":true}]}}