{"id":5206,"date":"2024-04-25T13:24:59","date_gmt":"2024-04-25T13:24:59","guid":{"rendered":"http:\/\/www.hongtaivalve.com\/?post_type=product&#038;p=5206"},"modified":"2024-12-12T08:12:01","modified_gmt":"2024-12-12T08:12:01","slug":"stainless-steel-sanitary-triclamp-bowl-reducer","status":"publish","type":"product","link":"https:\/\/www.hongtaivalve.com\/es\/producto\/stainless-steel-sanitary-triclamp-bowl-reducer\/","title":{"rendered":"HongTaivalve-Acero inoxidable Sanitaria triclamp taz\u00f3n reductor-tama\u00f1o dn15-dn150-HTV-TBR001"},"content":{"rendered":"<p>El equipo de extracci\u00f3n es una herramienta utilizada para extraer y separar sustancias qu\u00edmicas de una mezcla. Se utiliza ampliamente en los sectores farmac\u00e9utico, qu\u00edmico, alimentario y de bebidas, entre otros. Los equipos de extracci\u00f3n separan las sustancias qu\u00edmicas deseadas mediante la acci\u00f3n f\u00edsica o qu\u00edmica de extraer l\u00edquido, material en fase s\u00f3lida o gas.<br \/>\nLos equipos de extracci\u00f3n m\u00e1s utilizados incluyen principalmente el destilador rotativo, el extractor por lotes, el equipo de extracci\u00f3n a contracorriente, el extractor ultras\u00f3nico, el extractor por microondas, etc. Un destilador rotativo es un dispositivo simple y eficiente conocido por su eficiente destilaci\u00f3n y r\u00e1pida eliminaci\u00f3n de mezclas. Un extractor discontinuo es un dispositivo eficiente utilizado para procesar continuamente grandes cantidades de mezclas. El equipo de extracci\u00f3n en contracorriente es un equipo de alta eficiencia energ\u00e9tica, que utiliza la tecnolog\u00eda de recuperaci\u00f3n del calor residual para proporcionar energ\u00eda calor\u00edfica al equipo. El extractor por ultrasonidos hace que las mol\u00e9culas del l\u00edquido resuenen mediante la acci\u00f3n mec\u00e1nica de las ondas ultras\u00f3nicas, destruyendo sus fuerzas intermoleculares, a fin de lograr una separaci\u00f3n eficaz. El extractor de microondas es el uso de mol\u00e9culas de microondas y la materia org\u00e1nica del material tiene mayor energ\u00eda de excitaci\u00f3n que la mol\u00e9cula para lograr el proceso de extracci\u00f3n.<\/p>\n<p>En la industria, los equipos de extracci\u00f3n tienen una amplia gama de aplicaciones. La tecnolog\u00eda de extracci\u00f3n puede utilizarse para la preparaci\u00f3n de f\u00e1rmacos, la extracci\u00f3n de productos naturales y la separaci\u00f3n de compuestos org\u00e1nicos e impurezas acuosas. Por ejemplo, en el campo farmac\u00e9utico, los equipos de extracci\u00f3n se utilizan ampliamente en la extracci\u00f3n de principios activos, la preparaci\u00f3n de f\u00e1rmacos purificados y el an\u00e1lisis de f\u00e1rmacos. En la industria qu\u00edmica, los equipos de extracci\u00f3n se utilizan para preparar materiales espec\u00edficos y purificar productos qu\u00edmicos. En la industria alimentaria y de bebidas, los equipos de extracci\u00f3n pueden utilizarse para extraer colores naturales, fragancias y otros nutrientes.<br \/>\nLos equipos de extracci\u00f3n desempe\u00f1an un papel importante en la mejora de la calidad del producto, la reducci\u00f3n de costes y la mejora de la eficiencia de la producci\u00f3n. Debido a su alta eficiencia, fiabilidad, protecci\u00f3n del medio ambiente y otras caracter\u00edsticas, los equipos de extracci\u00f3n seguir\u00e1n siendo una herramienta importante para que diversas industrias mejoren el nivel t\u00e9cnico y la calidad de los productos.<\/p>\n<p>Los carretes de acero inoxidable sanitario son longitudes prefabricadas de tubo<br \/>\ncon extremos de accesorios Tri Clamp a\u00f1adidos para mayor comodidad. Cuando se combinan con otros accesorios, abrazaderas y juntas Tri Clamp, las bobinas sanitarias pueden construir una l\u00ednea de proceso sin necesidad de soldadura y fabricaci\u00f3n in situ, y con un ahorro de tiempo considerable. Los carretes Tri Clamp tambi\u00e9n tienen la ventaja a\u00f1adida de ser menos permanentes que los tubos soldados, y pueden desmontarse, trasladarse o volver a montarse f\u00e1cilmente con una configuraci\u00f3n diferente. La versatilidad y el ahorro de costes de los tubos prefabricados en carrete los convierten en una soluci\u00f3n popular para las necesidades de tuber\u00edas.<\/p>\n<p>V\u00e1lvula de bola de puerto completo de 3\/8\u2033 FNPT de 3 piezas<\/p>\n<p>V\u00e1lvula de bola de puerto completo de 3 piezas 1\/4\u2033 FNPT<\/p>\n<p>v\u00e1lvula de bola encapsulada 2\u2033.<\/p>\n<p>v\u00e1lvula de bola encapsulada 1,5\u2033.<\/p>\n<p>Mirillas sanitarias de pared gruesa de 2\u2033 en l\u00ednea<br \/>\n(cristal de 9 mm de grosor con junta de vit\u00f3n)<\/p>\n<p>Mirillas sanitarias de 3\u2033 en l\u00ednea de pared gruesa<br \/>\n(cristal de 9 mm de grosor con junta de vit\u00f3n)<\/p>\n<p>Mirillas sanitarias de pared gruesa de 10\u2033 en l\u00ednea<br \/>\n(cristal de 9 mm de grosor con junta de vit\u00f3n)<\/p>\n<p>Junta de PTFE<\/p>\n<p>Junta de Viton<\/p>\n<p>Abrazadera Tri-Clamp de alta presi\u00f3n<\/p>\n<p>Abrazadera de montaje<\/p>\n<p>Junta de Viton 40mesh o100mesh<\/p>\n<p>Junta de PTFE 10mesh o 100mesh<\/p>\n<p>Tapa redondeada de 10\" con mirillas<\/p>\n<p>Carrete de tres abrazaderas sanitarias de 3 \"x12<\/p>\n<p>Carrete de tres abrazaderas sanitarias con manguito de 3 \"x36<\/p>\n<p>Abrazadera de pasador simple de 2<\/p>\n<p>Tap\u00f3n de bola de pulverizaci\u00f3n de 3<\/p>\n<p>Recipiente Buchner 8 \"x24<\/p>\n<p>Tapa plana de 2\" (\u00bftapa final?)<\/p>\n<p>Reductor de cuba<\/p>\n<p>Pila de filtros<\/p>\n<p>Tapa redonda con orificio central MNPT de 3\/8<\/p>\n<p>3 v\u00edas en forma de U<\/p>\n<p>4\" x 2\" fondo soldado sin soldadura<\/p>\n<p>Base encamisada<br \/>\ncon orificio de entrada y salida de 3\/8 FNPT<\/p>\n<p>Tapa redondeada de 12\" con virola central de 6\".<\/p>\n<p>tapa redondeada con mirilla x2 3\/4\",<br \/>\nVirola central de 1\" que se sumerge 3\" por debajo de la tapa, x2 puertos MNPT de 3\/8\", x2 puertos FNPT de 1\/4\".<\/p>\n<p>Portatubos con goma azul 1\/2FNPT<\/p>\n<p>Tapa redondeada de 4\u2033 con puerto central 3\/8MNPT<\/p>\n<p>Dep\u00f3sito de disolvente encamisado de 25 lb<\/p>\n<p>Dep\u00f3sito de disolvente de 50 lb<\/p>\n<p>Dep\u00f3sito de disolvente de 100 lb<\/p>\n<p><a href=\"http:\/\/www.hongtaivalve.com\/wp-content\/uploads\/2024\/04\/IMG_9189.jpg\"><img fetchpriority=\"high\" decoding=\"async\" class=\"alignnone size-full wp-image-5210\" src=\"http:\/\/www.hongtaivalve.com\/wp-content\/uploads\/2024\/04\/IMG_9189.jpg\" alt=\"\" width=\"1024\" height=\"768\" srcset=\"https:\/\/www.hongtaivalve.com\/wp-content\/uploads\/2024\/04\/IMG_9189.jpg 1024w, https:\/\/www.hongtaivalve.com\/wp-content\/uploads\/2024\/04\/IMG_9189-800x600.jpg 800w, https:\/\/www.hongtaivalve.com\/wp-content\/uploads\/2024\/04\/IMG_9189-300x225.jpg 300w, https:\/\/www.hongtaivalve.com\/wp-content\/uploads\/2024\/04\/IMG_9189-768x576.jpg 768w\" sizes=\"(max-width: 1024px) 100vw, 1024px\" \/><\/a><\/p>","protected":false},"excerpt":{"rendered":"<table>\n<tbody>\n<tr>\n<td width=\"207\"><strong><b>N\u00ba de modelo<\/b><\/strong><\/td>\n<td width=\"217\">HT-RED001<\/td>\n<td width=\"214\"><\/td>\n<td width=\"348\"><\/td>\n<\/tr>\n<tr>\n<td><strong><b>Presi\u00f3n m\u00e1xima de trabajo<\/b><\/strong><\/td>\n<td>1,0mpa\/10Bars<\/td>\n<td><strong><b>Extremo de conexi\u00f3n<\/b><\/strong><\/td>\n<td>Triclamp\/Soldadura\/Hilo\/Brida<\/td>\n<\/tr>\n<tr>\n<td><strong><b>Temperatura m\u00e1xima de trabajo<\/b><\/strong><\/td>\n<td>120\u00b0C<\/td>\n<td><strong><b>Operaci\u00f3n<\/b><\/strong><\/td>\n<td>Manual,Neum\u00e1tica,El\u00e9ctrica<\/td>\n<\/tr>\n<tr>\n<td><strong><b>Material del cuerpo<\/b><\/strong><\/td>\n<td>SS316L,SS304<\/td>\n<td><strong><b>Material de sellado<\/b><\/strong><\/td>\n<td>Silicona, EPDM, Viton, PTFE o NBR<\/td>\n<\/tr>\n<tr>\n<td><strong><b>Acabado de la superficie interior<\/b><\/strong><\/td>\n<td>Ra 0,5\u03bcm<\/td>\n<td><strong><b>Acabado exterior de la superficie: <\/b><\/strong><\/td>\n<td>Ra 0,8\u03bcm<\/td>\n<\/tr>\n<tr>\n<td><strong><b>Especificaci\u00f3n<\/b><\/strong><\/td>\n<td>1\/2&#8243;-12&#8243;<\/td>\n<td><strong><b>Certificaci\u00f3n<\/b><\/strong><\/td>\n<td>Informe de materias primas\/informe de calidad del producto acabado<\/td>\n<\/tr>\n<tr>\n<td><strong><b>C\u00d3DIGO SA<\/b><\/strong><\/td>\n<td>7307290000<\/td>\n<td><strong><b>Acabado<\/b><\/strong><\/td>\n<td>Pulido espejo o pulido mate<\/td>\n<\/tr>\n<tr>\n<td><strong><b>T\u00e9cnica de la materia prima<\/b><\/strong><\/td>\n<td>Forja o fundici\u00f3n<\/td>\n<td><strong><b>M\u00e1quina procesadora<\/b><\/strong><\/td>\n<td>M\u00e1quina CNC Mazak LG<\/td>\n<\/tr>\n<tr>\n<td><strong><b>Norma de dise\u00f1o<\/b><\/strong><\/td>\n<td>3A o DIN,SMS,ISO\/IDF<\/td>\n<td><strong><b>Aplicaci\u00f3n<\/b><\/strong><\/td>\n<td>Uso industrial de alimentos o bebidas<\/td>\n<\/tr>\n<tr>\n<td><strong><b>Paquete de transporte<\/b><\/strong><\/td>\n<td>Pl\u00e1stico espumado+Caja de madera<\/td>\n<td><strong><b>Origen<\/b><\/strong><\/td>\n<td>Wenzhou (China)<\/td>\n<\/tr>\n<\/tbody>\n<\/table>","protected":false},"featured_media":5209,"comment_status":"open","ping_status":"closed","template":"","meta":[],"product_brand":[],"product_cat":[107],"product_tag":[],"class_list":{"0":"post-5206","1":"product","2":"type-product","3":"status-publish","4":"has-post-thumbnail","6":"product_cat-extractions-tank-accessories","8":"first","9":"instock","10":"shipping-taxable","11":"product-type-simple"},"yoast_head":"<!-- This site is optimized with the Yoast SEO plugin v24.6 - https:\/\/yoast.com\/wordpress\/plugins\/seo\/ -->\n<title>HongTaivalve-Stainless steel Sanitary triclamp bowl reducer-size dn15-dn150-HTV-TBR001 - Wenzhou HongTai Fluid Equipment Co.Ltd<\/title>\n<meta name=\"robots\" content=\"index, follow, max-snippet:-1, max-image-preview:large, max-video-preview:-1\" \/>\n<link rel=\"canonical\" href=\"https:\/\/www.hongtaivalve.com\/es\/producto\/stainless-steel-sanitary-triclamp-bowl-reducer\/\" \/>\n<meta property=\"og:locale\" content=\"es_ES\" \/>\n<meta property=\"og:type\" content=\"article\" \/>\n<meta property=\"og:title\" content=\"HongTaivalve-Stainless steel Sanitary triclamp bowl reducer-size dn15-dn150-HTV-TBR001 - Wenzhou HongTai Fluid Equipment Co.Ltd\" \/>\n<meta property=\"og:description\" content=\"Model No. HT-RED001     Max Working Pressure 1.0mpa\/10Bars Connection End Triclamp\/Weld\/Thread\/Flange   Max Working Temperature 120\u00b0C Operation By Manual,Pneumatic,Electric   Body Material SS316L,SS304 Sealing Material Silicone, EPDM, Viton, PTFE, or NBR   Inner Surface finish Ra 0.5\u03bcm External Surface finish:  Ra 0.8\u03bcm   Specification 1\/2&quot;-12&quot; Certification Raw material report\/finished quality report   HS CODE 7307290000 Finish Mirror polish or Matt polish   Raw Material technique Forging or Casting Processing Machine LG Mazak CNC Machine   Design Standard 3A or DIN,SMS,ISO\/IDF Application Food or Beverage industrial Usage   Transport Package Foamed Plastic+Wooden case Origin Wenzhou China\" \/>\n<meta property=\"og:url\" content=\"https:\/\/www.hongtaivalve.com\/es\/producto\/stainless-steel-sanitary-triclamp-bowl-reducer\/\" \/>\n<meta property=\"og:site_name\" content=\"Wenzhou HongTai Fluid Equipment Co.Ltd\" \/>\n<meta property=\"article:modified_time\" content=\"2024-12-12T08:12:01+00:00\" \/>\n<meta property=\"og:image\" content=\"https:\/\/www.hongtaivalve.com\/wp-content\/uploads\/2024\/04\/IMG_9188.jpg\" \/>\n\t<meta property=\"og:image:width\" content=\"1024\" \/>\n\t<meta property=\"og:image:height\" content=\"768\" \/>\n\t<meta property=\"og:image:type\" content=\"image\/jpeg\" \/>\n<meta name=\"twitter:card\" content=\"summary_large_image\" \/>\n<meta name=\"twitter:label1\" content=\"Tiempo de lectura\" \/>\n\t<meta name=\"twitter:data1\" content=\"4 minutos\" \/>\n<script type=\"application\/ld+json\" class=\"yoast-schema-graph\">{\"@context\":\"https:\/\/schema.org\",\"@graph\":[{\"@type\":\"WebPage\",\"@id\":\"https:\/\/www.hongtaivalve.com\/product\/stainless-steel-sanitary-triclamp-bowl-reducer\/\",\"url\":\"https:\/\/www.hongtaivalve.com\/product\/stainless-steel-sanitary-triclamp-bowl-reducer\/\",\"name\":\"HongTaivalve-Stainless steel Sanitary triclamp bowl reducer-size dn15-dn150-HTV-TBR001 - Wenzhou HongTai Fluid Equipment Co.Ltd\",\"isPartOf\":{\"@id\":\"https:\/\/www.hongtaivalve.com\/#website\"},\"primaryImageOfPage\":{\"@id\":\"https:\/\/www.hongtaivalve.com\/product\/stainless-steel-sanitary-triclamp-bowl-reducer\/#primaryimage\"},\"image\":{\"@id\":\"https:\/\/www.hongtaivalve.com\/product\/stainless-steel-sanitary-triclamp-bowl-reducer\/#primaryimage\"},\"thumbnailUrl\":\"https:\/\/www.hongtaivalve.com\/wp-content\/uploads\/2024\/04\/IMG_9188.jpg\",\"datePublished\":\"2024-04-25T13:24:59+00:00\",\"dateModified\":\"2024-12-12T08:12:01+00:00\",\"breadcrumb\":{\"@id\":\"https:\/\/www.hongtaivalve.com\/product\/stainless-steel-sanitary-triclamp-bowl-reducer\/#breadcrumb\"},\"inLanguage\":\"es\",\"potentialAction\":[{\"@type\":\"ReadAction\",\"target\":[\"https:\/\/www.hongtaivalve.com\/product\/stainless-steel-sanitary-triclamp-bowl-reducer\/\"]}]},{\"@type\":\"ImageObject\",\"inLanguage\":\"es\",\"@id\":\"https:\/\/www.hongtaivalve.com\/product\/stainless-steel-sanitary-triclamp-bowl-reducer\/#primaryimage\",\"url\":\"https:\/\/www.hongtaivalve.com\/wp-content\/uploads\/2024\/04\/IMG_9188.jpg\",\"contentUrl\":\"https:\/\/www.hongtaivalve.com\/wp-content\/uploads\/2024\/04\/IMG_9188.jpg\",\"width\":1024,\"height\":768},{\"@type\":\"BreadcrumbList\",\"@id\":\"https:\/\/www.hongtaivalve.com\/product\/stainless-steel-sanitary-triclamp-bowl-reducer\/#breadcrumb\",\"itemListElement\":[{\"@type\":\"ListItem\",\"position\":1,\"name\":\"\u9996\u9875\",\"item\":\"https:\/\/www.hongtaivalve.com\/\"},{\"@type\":\"ListItem\",\"position\":2,\"name\":\"Product\",\"item\":\"https:\/\/www.hongtaivalve.com\/product\/\"},{\"@type\":\"ListItem\",\"position\":3,\"name\":\"HongTaivalve-Stainless steel Sanitary triclamp bowl reducer-size dn15-dn150-HTV-TBR001\"}]},{\"@type\":\"WebSite\",\"@id\":\"https:\/\/www.hongtaivalve.com\/#website\",\"url\":\"https:\/\/www.hongtaivalve.com\/\",\"name\":\"Wenzhou HongTai Fluid Equipment Co.Ltd\",\"description\":\"\",\"potentialAction\":[{\"@type\":\"SearchAction\",\"target\":{\"@type\":\"EntryPoint\",\"urlTemplate\":\"https:\/\/www.hongtaivalve.com\/?s={search_term_string}\"},\"query-input\":{\"@type\":\"PropertyValueSpecification\",\"valueRequired\":true,\"valueName\":\"search_term_string\"}}],\"inLanguage\":\"es\"}]}<\/script>\n<!-- \/ Yoast SEO plugin. -->","yoast_head_json":{"title":"HongTaivalve-Stainless steel Sanitary triclamp bowl reducer-size dn15-dn150-HTV-TBR001 - Wenzhou HongTai Fluid Equipment Co.Ltd","robots":{"index":"index","follow":"follow","max-snippet":"max-snippet:-1","max-image-preview":"max-image-preview:large","max-video-preview":"max-video-preview:-1"},"canonical":"https:\/\/www.hongtaivalve.com\/es\/producto\/stainless-steel-sanitary-triclamp-bowl-reducer\/","og_locale":"es_ES","og_type":"article","og_title":"HongTaivalve-Stainless steel Sanitary triclamp bowl reducer-size dn15-dn150-HTV-TBR001 - Wenzhou HongTai Fluid Equipment Co.Ltd","og_description":"Model No. HT-RED001     Max Working Pressure 1.0mpa\/10Bars Connection End Triclamp\/Weld\/Thread\/Flange   Max Working Temperature 120\u00b0C Operation By Manual,Pneumatic,Electric   Body Material SS316L,SS304 Sealing Material Silicone, EPDM, Viton, PTFE, or NBR   Inner Surface finish Ra 0.5\u03bcm External Surface finish:  Ra 0.8\u03bcm   Specification 1\/2\"-12\" Certification Raw material report\/finished quality report   HS CODE 7307290000 Finish Mirror polish or Matt polish   Raw Material technique Forging or Casting Processing Machine LG Mazak CNC Machine   Design Standard 3A or DIN,SMS,ISO\/IDF Application Food or Beverage industrial Usage   Transport Package Foamed Plastic+Wooden case Origin Wenzhou China","og_url":"https:\/\/www.hongtaivalve.com\/es\/producto\/stainless-steel-sanitary-triclamp-bowl-reducer\/","og_site_name":"Wenzhou HongTai Fluid Equipment Co.Ltd","article_modified_time":"2024-12-12T08:12:01+00:00","og_image":[{"width":1024,"height":768,"url":"https:\/\/www.hongtaivalve.com\/wp-content\/uploads\/2024\/04\/IMG_9188.jpg","type":"image\/jpeg"}],"twitter_card":"summary_large_image","twitter_misc":{"Tiempo de lectura":"4 minutos"},"schema":{"@context":"https:\/\/schema.org","@graph":[{"@type":"WebPage","@id":"https:\/\/www.hongtaivalve.com\/product\/stainless-steel-sanitary-triclamp-bowl-reducer\/","url":"https:\/\/www.hongtaivalve.com\/product\/stainless-steel-sanitary-triclamp-bowl-reducer\/","name":"HongTaivalve-Stainless steel Sanitary triclamp bowl reducer-size dn15-dn150-HTV-TBR001 - Wenzhou HongTai Fluid Equipment Co.Ltd","isPartOf":{"@id":"https:\/\/www.hongtaivalve.com\/#website"},"primaryImageOfPage":{"@id":"https:\/\/www.hongtaivalve.com\/product\/stainless-steel-sanitary-triclamp-bowl-reducer\/#primaryimage"},"image":{"@id":"https:\/\/www.hongtaivalve.com\/product\/stainless-steel-sanitary-triclamp-bowl-reducer\/#primaryimage"},"thumbnailUrl":"https:\/\/www.hongtaivalve.com\/wp-content\/uploads\/2024\/04\/IMG_9188.jpg","datePublished":"2024-04-25T13:24:59+00:00","dateModified":"2024-12-12T08:12:01+00:00","breadcrumb":{"@id":"https:\/\/www.hongtaivalve.com\/product\/stainless-steel-sanitary-triclamp-bowl-reducer\/#breadcrumb"},"inLanguage":"es","potentialAction":[{"@type":"ReadAction","target":["https:\/\/www.hongtaivalve.com\/product\/stainless-steel-sanitary-triclamp-bowl-reducer\/"]}]},{"@type":"ImageObject","inLanguage":"es","@id":"https:\/\/www.hongtaivalve.com\/product\/stainless-steel-sanitary-triclamp-bowl-reducer\/#primaryimage","url":"https:\/\/www.hongtaivalve.com\/wp-content\/uploads\/2024\/04\/IMG_9188.jpg","contentUrl":"https:\/\/www.hongtaivalve.com\/wp-content\/uploads\/2024\/04\/IMG_9188.jpg","width":1024,"height":768},{"@type":"BreadcrumbList","@id":"https:\/\/www.hongtaivalve.com\/product\/stainless-steel-sanitary-triclamp-bowl-reducer\/#breadcrumb","itemListElement":[{"@type":"ListItem","position":1,"name":"\u9996\u9875","item":"https:\/\/www.hongtaivalve.com\/"},{"@type":"ListItem","position":2,"name":"Product","item":"https:\/\/www.hongtaivalve.com\/product\/"},{"@type":"ListItem","position":3,"name":"HongTaivalve-Stainless steel Sanitary triclamp bowl reducer-size dn15-dn150-HTV-TBR001"}]},{"@type":"WebSite","@id":"https:\/\/www.hongtaivalve.com\/#website","url":"https:\/\/www.hongtaivalve.com\/","name":"Wenzhou HongTai Fluid Equipment Co.Ltd","description":"","potentialAction":[{"@type":"SearchAction","target":{"@type":"EntryPoint","urlTemplate":"https:\/\/www.hongtaivalve.com\/?s={search_term_string}"},"query-input":{"@type":"PropertyValueSpecification","valueRequired":true,"valueName":"search_term_string"}}],"inLanguage":"es"}]}},"_links":{"self":[{"href":"https:\/\/www.hongtaivalve.com\/es\/wp-json\/wp\/v2\/product\/5206","targetHints":{"allow":["GET"]}}],"collection":[{"href":"https:\/\/www.hongtaivalve.com\/es\/wp-json\/wp\/v2\/product"}],"about":[{"href":"https:\/\/www.hongtaivalve.com\/es\/wp-json\/wp\/v2\/types\/product"}],"replies":[{"embeddable":true,"href":"https:\/\/www.hongtaivalve.com\/es\/wp-json\/wp\/v2\/comments?post=5206"}],"wp:featuredmedia":[{"embeddable":true,"href":"https:\/\/www.hongtaivalve.com\/es\/wp-json\/wp\/v2\/media\/5209"}],"wp:attachment":[{"href":"https:\/\/www.hongtaivalve.com\/es\/wp-json\/wp\/v2\/media?parent=5206"}],"wp:term":[{"taxonomy":"product_brand","embeddable":true,"href":"https:\/\/www.hongtaivalve.com\/es\/wp-json\/wp\/v2\/product_brand?post=5206"},{"taxonomy":"product_cat","embeddable":true,"href":"https:\/\/www.hongtaivalve.com\/es\/wp-json\/wp\/v2\/product_cat?post=5206"},{"taxonomy":"product_tag","embeddable":true,"href":"https:\/\/www.hongtaivalve.com\/es\/wp-json\/wp\/v2\/product_tag?post=5206"}],"curies":[{"name":"wp","href":"https:\/\/api.w.org\/{rel}","templated":true}]}}