{"id":5402,"date":"2024-05-15T13:46:01","date_gmt":"2024-05-15T13:46:01","guid":{"rendered":"http:\/\/www.hongtaivalve.com\/?post_type=product&#038;p=5402"},"modified":"2025-04-28T01:53:41","modified_gmt":"2025-04-28T01:53:41","slug":"sanitary-food-grade-pipe-one-end-ferrule-and-the-other-flexible-hose-adapter","status":"publish","type":"product","link":"https:\/\/www.hongtaivalve.com\/es\/producto\/sanitary-food-grade-pipe-one-end-ferrule-and-the-other-flexible-hose-adapter\/","title":{"rendered":"HongTaivalve-Sanitaria tuber\u00eda de grado alimenticio un extremo f\u00e9rula y el otro adaptador de manguera flexible-tama\u00f1o dn15-dn150-HTV-FHA001"},"content":{"rendered":"<p>Adaptador para manguera sanitaria<\/p>\n<p>Nombre del producto: adaptador de manguera de acero inoxidable sanitario<\/p>\n<p>Modo de conexi\u00f3n: tipo abrazadera (instalaci\u00f3n r\u00e1pida)<\/p>\n<p>Material: Acero inoxidable 304, 316L<\/p>\n<p>Espesor de la pared del tubo: 1,5-3 (mm)<\/p>\n<p>Temperatura aplicable: temperatura ambiente<\/p>\n<p>Caracter\u00edsticas del producto: bonito aspecto, superficie plana, resistencia a \u00e1cidos y \u00e1lcalis, anticorrosi\u00f3n, textura resistente.<\/p>\n<p>Proceso de elaboraci\u00f3n: El producto es procesado por torno CNC, brillante y hermoso. Cumplir con los requisitos de las normas de higiene de la industria.<\/p>\n<p>El adaptador de manguera sanitaria se conecta r\u00e1pidamente apretando la abrazadera. Ampliamente utilizado en la industria alimentaria, farmac\u00e9utica, la superficie de la articulaci\u00f3n para el procesamiento de precisi\u00f3n de alto grado, el material est\u00e1 hecho de \u00e1cido y \u00e1lcali de acero inoxidable resistente, sus juntas de apoyo est\u00e1n hechos de caucho de silicona de calidad alimentaria o junta de politetrafluoroetileno, de acuerdo con los requisitos de las normas de higiene alimentaria, la articulaci\u00f3n es principalmente adecuado para bebidas, productos l\u00e1cteos, farmac\u00e9uticos, biol\u00f3gicos y otras industrias.<\/p>\n<p>M\u00e9todo de conexi\u00f3n: instalaci\u00f3n r\u00e1pida<\/p>\n<p>Especificaciones principales: DN6-DN200<\/p>\n<p>Par\u00e1metros normativos\/t\u00e9cnicos: DIN, SMS, ISO, IDF, 3A, RJT, DS, BS, BPE<\/p>\n<p>Ventajas del producto:<\/p>\n<p>[Resistencia a la corrosi\u00f3n] Acero inoxidable 316L hecho de resistencia a la corrosi\u00f3n, muy higi\u00e9nico, seguro de usar.<\/p>\n<p>&nbsp;<\/p>\n<div>**Sanitary Stainless Steel Quick-Connect Hose Fittings**<\/div>\n<div>This product line features **hygienic-grade quick-connect hose fittings** crafted from premium 316\/316L stainless steel, designed for sanitary fluid transfer applications in food, pharmaceutical, and biotech industries.<\/div>\n<div><\/div>\n<div>**Key Specifications:**<\/div>\n<div>1. **Standard Quick-Connect Clamps**:<\/div>\n<div>\u00a0 \u00a0&#8211; Machined to ISO 2852\/3-A Sanitary Standards (standard dimensions: 1\/2&#8243; to 4&#8243;)<\/div>\n<div>\u00a0 \u00a0&#8211; Interchangeable with major hygienic clamp systems (e.g., Tri-Clamp\u00ae, DIN 32676)<\/div>\n<div>\u00a0 \u00a0&#8211; Mirror-polished surfaces (Ra \u2264 0.8 \u03bcm) for CIP\/SIP compatibility<\/div>\n<div><\/div>\n<div>2. **Customizable Hose End**:<\/div>\n<div>\u00a0 \u00a0&#8211; Non-standard hose connection designs available (ID\/OD\/length adjustments)<\/div>\n<div>\u00a0 \u00a0&#8211; Optional threaded, flanged, or bespoke geometries (NPT, BSP, DIN)<\/div>\n<div>\u00a0 \u00a0&#8211; Material traceability (EN 10204 3.1 certification upon request)<\/div>\n<div><\/div>\n<div>**Technical Advantages**:<\/div>\n<div>&#8211; Seamless integration with PTFE\/PU\/Silicone tubing (custom ferrule crimping)<\/div>\n<div>&#8211; Full passivation and electropolishing (meets FDA\/EC1935 compliance)<\/div>\n<div>&#8211; Pressure rating: 10 bar (standard) \/ 15 bar (reinforced design)<\/div>\n<div><\/div>\n<div>**Customization Services**:<\/div>\n<div>&#8211; Prototype development within 72 hours<\/div>\n<div>&#8211; Laser-engraved markings for traceability<\/div>\n<div>&#8211; Dedicated engineering support for hybrid connection solutions<\/div>\n<div><\/div>\n<div>**Applications**:<\/div>\n<div>&#8211; Aseptic processing lines<\/div>\n<div>&#8211; CIP return systems<\/div>\n<div>&#8211; Mobile tanker interfaces<\/div>\n<div><\/div>\n<div><\/div>\n<p>Personalizaci\u00f3n no est\u00e1ndar: De acuerdo con las necesidades del usuario para mapear a la muestra de procesamiento de productos no est\u00e1ndar personalizados (gran cantidad personalizada).<\/p>\n<p>Los racores tri-clamp de acero inoxidable son el estilo m\u00e1s popular de equipo de l\u00ednea de proceso utilizado en las industrias alimentaria, de bebidas y farmac\u00e9utica. Estos racores crean r\u00e1pidamente una conexi\u00f3n estanca que facilita el montaje, el mantenimiento rutinario y la inspecci\u00f3n.<\/p>\n<p>Las conexiones Tri-Clamp requieren una junta y una abrazadera para completar un sellado a prueba de fugas.<br \/>\nDisponibles en aleaciones de acero inoxidable 304 y 316L y fabricadas de conformidad con las normas 3A u otras. Informes de ensayo de materiales (MTR) disponibles previa solicitud.<\/p>\n<p>&nbsp;<\/p>\n<p>&nbsp;<\/p>\n<h2><span style=\"color: #ff0000;\">Instrucciones de embalaje del producto\uff1a<\/span><\/h2>\n<p>Cada producto se embala primero individualmente en una bolsa de espuma y luego se coloca cuidadosamente en una caja de cart\u00f3n designada. Por \u00faltimo, se paletiza o se embala en una caja de madera de exportaci\u00f3n. Todo el proceso de embalaje se ejecuta rigurosamente para evitar cualquier da\u00f1o durante el transporte.<\/p>\n<p><a href=\"http:\/\/www.hongtaivalve.com\/wp-content\/uploads\/2024\/05\/MG_4577.jpg\"><img fetchpriority=\"high\" decoding=\"async\" class=\"alignnone size-full wp-image-5405\" src=\"http:\/\/www.hongtaivalve.com\/wp-content\/uploads\/2024\/05\/MG_4577.jpg\" alt=\"\" width=\"1024\" height=\"768\" srcset=\"https:\/\/www.hongtaivalve.com\/wp-content\/uploads\/2024\/05\/MG_4577.jpg 1024w, https:\/\/www.hongtaivalve.com\/wp-content\/uploads\/2024\/05\/MG_4577-800x600.jpg 800w, https:\/\/www.hongtaivalve.com\/wp-content\/uploads\/2024\/05\/MG_4577-300x225.jpg 300w, https:\/\/www.hongtaivalve.com\/wp-content\/uploads\/2024\/05\/MG_4577-768x576.jpg 768w\" sizes=\"(max-width: 1024px) 100vw, 1024px\" \/><\/a><\/p>\n<p><strong>Qui\u00e9nes somos<\/strong><\/p>\n<p>En HongTai, nos especializamos en v\u00e1lvulas sanitarias de alta calidad y accesorios de tuber\u00eda de acero inoxidable, sirviendo a industrias clave como la farmac\u00e9utica, procesamiento de alimentos y productos qu\u00edmicos. Fabricados con acero inoxidable 304, 316 y 316L de primera calidad, nuestros productos ofrecen una excelente resistencia a la corrosi\u00f3n y se elaboran utilizando t\u00e9cnicas de fabricaci\u00f3n avanzadas como corte por l\u00e1ser y soldadura de precisi\u00f3n. Dise\u00f1adas para la higiene y la integridad de los fluidos, las v\u00e1lvulas de HongTai son la opci\u00f3n ideal para las industrias que requieren una limpieza \u00f3ptima y un rendimiento duradero.<\/p>\n<p><a href=\"https:\/\/www.hongtaivalve.com\/wp-content\/uploads\/2024\/12\/2efad8255a88820383829ce2a75fcb9.jpg\"><img decoding=\"async\" class=\"wp-image-5948 aligncenter\" src=\"https:\/\/www.hongtaivalve.com\/wp-content\/uploads\/2024\/12\/2efad8255a88820383829ce2a75fcb9.jpg\" alt=\"\" width=\"614\" height=\"398\" srcset=\"https:\/\/www.hongtaivalve.com\/wp-content\/uploads\/2024\/12\/2efad8255a88820383829ce2a75fcb9.jpg 985w, https:\/\/www.hongtaivalve.com\/wp-content\/uploads\/2024\/12\/2efad8255a88820383829ce2a75fcb9-300x194.jpg 300w, https:\/\/www.hongtaivalve.com\/wp-content\/uploads\/2024\/12\/2efad8255a88820383829ce2a75fcb9-768x497.jpg 768w, https:\/\/www.hongtaivalve.com\/wp-content\/uploads\/2024\/12\/2efad8255a88820383829ce2a75fcb9-18x12.jpg 18w, https:\/\/www.hongtaivalve.com\/wp-content\/uploads\/2024\/12\/2efad8255a88820383829ce2a75fcb9-800x518.jpg 800w\" sizes=\"(max-width: 614px) 100vw, 614px\" \/><\/a><\/p>\n<p><strong>Por qu\u00e9 elegirnos<\/strong><\/p>\n<p><strong>Garant\u00eda de calidad:<\/strong>\u00a0Mantenemos un estricto control de todas las fases de producci\u00f3n, desde las materias primas hasta los productos acabados, garantizando el cumplimiento de la norma ISO9001 y las certificaciones internacionales, incluidas las normas 3A, DIN e ISO.<\/p>\n<p><strong>Experiencia en el sector:<\/strong>\u00a0D\u00e9cadas de experiencia en soluciones para industrias cr\u00edticas como la alimentaria, la de bebidas y la farmac\u00e9utica.<\/p>\n<p><strong>Tecnolog\u00eda avanzada:<\/strong>\u00a0Nuestras instalaciones de \u00faltima generaci\u00f3n, que incluyen tornos CNC y herramientas de precisi\u00f3n actualizados peri\u00f3dicamente, garantizan una gran precisi\u00f3n superficial y tolerancias ajustadas para cada producto.<\/p>\n<p><strong>100% Inspecci\u00f3n:<\/strong>\u00a0Todos los productos se someten a rigurosas pruebas, incluida la detecci\u00f3n de fugas en v\u00e1lvulas y tama\u00f1os, para garantizar una calidad impecable antes de salir de nuestras instalaciones.<\/p>\n<p><strong>Alcance mundial:<\/strong>\u00a0Empresas de todo el mundo conf\u00edan en nuestra calidad constante y nuestras entregas puntuales.<\/p>\n<p>Elija HongTai por su inigualable fiabilidad, rendimiento e innovaci\u00f3n en soluciones de valvuler\u00eda y accesorios de tuber\u00edas.<\/p>\n<p>&nbsp;<\/p>\n<p><strong>P\u00f3ngase en contacto con nosotros<\/strong><br \/>\nPara m\u00e1s informaci\u00f3n o para hablar de sus necesidades, p\u00f3ngase en contacto con nosotros:<br \/>\nCorreo electr\u00f3nico: ht@htcdf.com<br \/>\nwhatsapp: (86)18875809195<br \/>\nTambi\u00e9n puede visitar nuestra\u00a0<a href=\"https:\/\/www.hongtaivalve.com\/es\/contact-us\/\" target=\"_blank\" rel=\"noopener\">Contacte con nosotros<\/a>\u00a0para m\u00e1s formas de ponerse en contacto.<\/p>\n<p>&nbsp;<\/p>","protected":false},"excerpt":{"rendered":"<table>\n<tbody>\n<tr>\n<td width=\"207\"><strong><b>N\u00ba de modelo<\/b><\/strong><\/td>\n<td width=\"217\">HT-HAP002<\/td>\n<td width=\"214\"><\/td>\n<td width=\"348\"><\/td>\n<\/tr>\n<tr>\n<td><strong><b>Presi\u00f3n m\u00e1xima de trabajo<\/b><\/strong><\/td>\n<td>1,0mpa\/10Bars<\/td>\n<td><strong><b>Extremo de conexi\u00f3n<\/b><\/strong><\/td>\n<td>Triclamp\/Soldadura\/Hilo\/Brida<\/td>\n<\/tr>\n<tr>\n<td><strong><b>Temperatura m\u00e1xima de trabajo<\/b><\/strong><\/td>\n<td>150\u00b0C<\/td>\n<td><strong><b>Operaci\u00f3n<\/b><\/strong><\/td>\n<td>Manual,Neum\u00e1tica,El\u00e9ctrica<\/td>\n<\/tr>\n<tr>\n<td><strong><b>Material del cuerpo<\/b><\/strong><\/td>\n<td>PTFE<\/td>\n<td><strong><b>Material de sellado<\/b><\/strong><\/td>\n<td>Silicona, EPDM, Viton, PTFE o NBR<\/td>\n<\/tr>\n<tr>\n<td><strong><b>Acabado de la superficie interior<\/b><\/strong><\/td>\n<td>Ra 0,5\u03bcm<\/td>\n<td><strong><b>Acabado exterior de la superficie: <\/b><\/strong><\/td>\n<td>Ra 0,8\u03bcm<\/td>\n<\/tr>\n<tr>\n<td><strong><b>Especificaci\u00f3n<\/b><\/strong><\/td>\n<td>1\/2&#8243;-12&#8243;<\/td>\n<td><strong><b>Certificaci\u00f3n<\/b><\/strong><\/td>\n<td>Informe de materias primas\/informe de calidad del producto acabado<\/td>\n<\/tr>\n<tr>\n<td><strong><b>C\u00d3DIGO SA<\/b><\/strong><\/td>\n<td>7307290000<\/td>\n<td><strong><b>Acabado<\/b><\/strong><\/td>\n<td>Pulido espejo o pulido mate<\/td>\n<\/tr>\n<tr>\n<td><strong><b>T\u00e9cnica de la materia prima<\/b><\/strong><\/td>\n<td>Forja o fundici\u00f3n<\/td>\n<td><strong><b>M\u00e1quina procesadora<\/b><\/strong><\/td>\n<td>M\u00e1quina CNC Mazak LG<\/td>\n<\/tr>\n<tr>\n<td><strong><b>Norma de dise\u00f1o<\/b><\/strong><\/td>\n<td>3A o DIN,SMS,ISO\/IDF<\/td>\n<td><strong><b>Aplicaci\u00f3n<\/b><\/strong><\/td>\n<td>Uso industrial de alimentos o bebidas<\/td>\n<\/tr>\n<tr>\n<td><strong><b>Paquete de transporte<\/b><\/strong><\/td>\n<td>Pl\u00e1stico espumado+Caja de madera<\/td>\n<td><strong><b>Origen<\/b><\/strong><\/td>\n<td>Wenzhou (China)<\/td>\n<\/tr>\n<\/tbody>\n<\/table>","protected":false},"featured_media":5404,"comment_status":"open","ping_status":"closed","template":"","meta":[],"product_brand":[],"product_cat":[106],"product_tag":[],"class_list":{"0":"post-5402","1":"product","2":"type-product","3":"status-publish","4":"has-post-thumbnail","6":"product_cat-tri-clamp-fittings","8":"first","9":"instock","10":"shipping-taxable","11":"product-type-simple"},"yoast_head":"<!-- This site is optimized with the Yoast SEO plugin v24.6 - https:\/\/yoast.com\/wordpress\/plugins\/seo\/ -->\n<title>Non-standards customized stainless steel hose adapter<\/title>\n<meta name=\"description\" content=\"Food grade stainless steel triclamp hose adapter with material 304 and 316L for food, beverage, and pharmaceutical industries\" \/>\n<meta name=\"robots\" content=\"index, follow, max-snippet:-1, max-image-preview:large, max-video-preview:-1\" \/>\n<link rel=\"canonical\" href=\"https:\/\/www.hongtaivalve.com\/es\/producto\/sanitary-food-grade-pipe-one-end-ferrule-and-the-other-flexible-hose-adapter\/\" \/>\n<meta property=\"og:locale\" content=\"es_ES\" \/>\n<meta property=\"og:type\" content=\"article\" \/>\n<meta property=\"og:title\" content=\"Non-standards customized stainless steel hose adapter\" \/>\n<meta property=\"og:description\" content=\"Food grade stainless steel triclamp hose adapter with material 304 and 316L for food, beverage, and pharmaceutical industries\" \/>\n<meta property=\"og:url\" content=\"https:\/\/www.hongtaivalve.com\/es\/producto\/sanitary-food-grade-pipe-one-end-ferrule-and-the-other-flexible-hose-adapter\/\" \/>\n<meta property=\"og:site_name\" content=\"Wenzhou HongTai Fluid Equipment Co.Ltd\" \/>\n<meta property=\"article:modified_time\" content=\"2025-04-28T01:53:41+00:00\" \/>\n<meta property=\"og:image\" content=\"https:\/\/www.hongtaivalve.com\/wp-content\/uploads\/2024\/05\/MG_4575.jpg\" \/>\n\t<meta property=\"og:image:width\" content=\"1024\" \/>\n\t<meta property=\"og:image:height\" content=\"768\" \/>\n\t<meta property=\"og:image:type\" content=\"image\/jpeg\" \/>\n<meta name=\"twitter:card\" content=\"summary_large_image\" \/>\n<meta name=\"twitter:label1\" content=\"Tiempo de lectura\" \/>\n\t<meta name=\"twitter:data1\" content=\"5 minutos\" \/>\n<script type=\"application\/ld+json\" class=\"yoast-schema-graph\">{\"@context\":\"https:\/\/schema.org\",\"@graph\":[{\"@type\":\"WebPage\",\"@id\":\"https:\/\/www.hongtaivalve.com\/product\/sanitary-food-grade-pipe-one-end-ferrule-and-the-other-flexible-hose-adapter\/\",\"url\":\"https:\/\/www.hongtaivalve.com\/product\/sanitary-food-grade-pipe-one-end-ferrule-and-the-other-flexible-hose-adapter\/\",\"name\":\"Non-standards customized stainless steel hose adapter\",\"isPartOf\":{\"@id\":\"https:\/\/www.hongtaivalve.com\/#website\"},\"primaryImageOfPage\":{\"@id\":\"https:\/\/www.hongtaivalve.com\/product\/sanitary-food-grade-pipe-one-end-ferrule-and-the-other-flexible-hose-adapter\/#primaryimage\"},\"image\":{\"@id\":\"https:\/\/www.hongtaivalve.com\/product\/sanitary-food-grade-pipe-one-end-ferrule-and-the-other-flexible-hose-adapter\/#primaryimage\"},\"thumbnailUrl\":\"https:\/\/www.hongtaivalve.com\/wp-content\/uploads\/2024\/05\/MG_4575.jpg\",\"datePublished\":\"2024-05-15T13:46:01+00:00\",\"dateModified\":\"2025-04-28T01:53:41+00:00\",\"description\":\"Food grade stainless steel triclamp hose adapter with material 304 and 316L for food, beverage, and pharmaceutical industries\",\"breadcrumb\":{\"@id\":\"https:\/\/www.hongtaivalve.com\/product\/sanitary-food-grade-pipe-one-end-ferrule-and-the-other-flexible-hose-adapter\/#breadcrumb\"},\"inLanguage\":\"es\",\"potentialAction\":[{\"@type\":\"ReadAction\",\"target\":[\"https:\/\/www.hongtaivalve.com\/product\/sanitary-food-grade-pipe-one-end-ferrule-and-the-other-flexible-hose-adapter\/\"]}]},{\"@type\":\"ImageObject\",\"inLanguage\":\"es\",\"@id\":\"https:\/\/www.hongtaivalve.com\/product\/sanitary-food-grade-pipe-one-end-ferrule-and-the-other-flexible-hose-adapter\/#primaryimage\",\"url\":\"https:\/\/www.hongtaivalve.com\/wp-content\/uploads\/2024\/05\/MG_4575.jpg\",\"contentUrl\":\"https:\/\/www.hongtaivalve.com\/wp-content\/uploads\/2024\/05\/MG_4575.jpg\",\"width\":1024,\"height\":768},{\"@type\":\"BreadcrumbList\",\"@id\":\"https:\/\/www.hongtaivalve.com\/product\/sanitary-food-grade-pipe-one-end-ferrule-and-the-other-flexible-hose-adapter\/#breadcrumb\",\"itemListElement\":[{\"@type\":\"ListItem\",\"position\":1,\"name\":\"\u9996\u9875\",\"item\":\"https:\/\/www.hongtaivalve.com\/\"},{\"@type\":\"ListItem\",\"position\":2,\"name\":\"Product\",\"item\":\"https:\/\/www.hongtaivalve.com\/product\/\"},{\"@type\":\"ListItem\",\"position\":3,\"name\":\"HongTaivalve-Sanitary food grade pipe one end ferrule and the other flexible hose adapter-size dn15-dn150-HTV-FHA001\"}]},{\"@type\":\"WebSite\",\"@id\":\"https:\/\/www.hongtaivalve.com\/#website\",\"url\":\"https:\/\/www.hongtaivalve.com\/\",\"name\":\"Wenzhou HongTai Fluid Equipment Co.Ltd\",\"description\":\"\",\"potentialAction\":[{\"@type\":\"SearchAction\",\"target\":{\"@type\":\"EntryPoint\",\"urlTemplate\":\"https:\/\/www.hongtaivalve.com\/?s={search_term_string}\"},\"query-input\":{\"@type\":\"PropertyValueSpecification\",\"valueRequired\":true,\"valueName\":\"search_term_string\"}}],\"inLanguage\":\"es\"}]}<\/script>\n<!-- \/ Yoast SEO plugin. -->","yoast_head_json":{"title":"Non-standards customized stainless steel hose adapter","description":"Food grade stainless steel triclamp hose adapter with material 304 and 316L for food, beverage, and pharmaceutical industries","robots":{"index":"index","follow":"follow","max-snippet":"max-snippet:-1","max-image-preview":"max-image-preview:large","max-video-preview":"max-video-preview:-1"},"canonical":"https:\/\/www.hongtaivalve.com\/es\/producto\/sanitary-food-grade-pipe-one-end-ferrule-and-the-other-flexible-hose-adapter\/","og_locale":"es_ES","og_type":"article","og_title":"Non-standards customized stainless steel hose adapter","og_description":"Food grade stainless steel triclamp hose adapter with material 304 and 316L for food, beverage, and pharmaceutical industries","og_url":"https:\/\/www.hongtaivalve.com\/es\/producto\/sanitary-food-grade-pipe-one-end-ferrule-and-the-other-flexible-hose-adapter\/","og_site_name":"Wenzhou HongTai Fluid Equipment Co.Ltd","article_modified_time":"2025-04-28T01:53:41+00:00","og_image":[{"width":1024,"height":768,"url":"https:\/\/www.hongtaivalve.com\/wp-content\/uploads\/2024\/05\/MG_4575.jpg","type":"image\/jpeg"}],"twitter_card":"summary_large_image","twitter_misc":{"Tiempo de lectura":"5 minutos"},"schema":{"@context":"https:\/\/schema.org","@graph":[{"@type":"WebPage","@id":"https:\/\/www.hongtaivalve.com\/product\/sanitary-food-grade-pipe-one-end-ferrule-and-the-other-flexible-hose-adapter\/","url":"https:\/\/www.hongtaivalve.com\/product\/sanitary-food-grade-pipe-one-end-ferrule-and-the-other-flexible-hose-adapter\/","name":"Non-standards customized stainless steel hose adapter","isPartOf":{"@id":"https:\/\/www.hongtaivalve.com\/#website"},"primaryImageOfPage":{"@id":"https:\/\/www.hongtaivalve.com\/product\/sanitary-food-grade-pipe-one-end-ferrule-and-the-other-flexible-hose-adapter\/#primaryimage"},"image":{"@id":"https:\/\/www.hongtaivalve.com\/product\/sanitary-food-grade-pipe-one-end-ferrule-and-the-other-flexible-hose-adapter\/#primaryimage"},"thumbnailUrl":"https:\/\/www.hongtaivalve.com\/wp-content\/uploads\/2024\/05\/MG_4575.jpg","datePublished":"2024-05-15T13:46:01+00:00","dateModified":"2025-04-28T01:53:41+00:00","description":"Food grade stainless steel triclamp hose adapter with material 304 and 316L for food, beverage, and pharmaceutical industries","breadcrumb":{"@id":"https:\/\/www.hongtaivalve.com\/product\/sanitary-food-grade-pipe-one-end-ferrule-and-the-other-flexible-hose-adapter\/#breadcrumb"},"inLanguage":"es","potentialAction":[{"@type":"ReadAction","target":["https:\/\/www.hongtaivalve.com\/product\/sanitary-food-grade-pipe-one-end-ferrule-and-the-other-flexible-hose-adapter\/"]}]},{"@type":"ImageObject","inLanguage":"es","@id":"https:\/\/www.hongtaivalve.com\/product\/sanitary-food-grade-pipe-one-end-ferrule-and-the-other-flexible-hose-adapter\/#primaryimage","url":"https:\/\/www.hongtaivalve.com\/wp-content\/uploads\/2024\/05\/MG_4575.jpg","contentUrl":"https:\/\/www.hongtaivalve.com\/wp-content\/uploads\/2024\/05\/MG_4575.jpg","width":1024,"height":768},{"@type":"BreadcrumbList","@id":"https:\/\/www.hongtaivalve.com\/product\/sanitary-food-grade-pipe-one-end-ferrule-and-the-other-flexible-hose-adapter\/#breadcrumb","itemListElement":[{"@type":"ListItem","position":1,"name":"\u9996\u9875","item":"https:\/\/www.hongtaivalve.com\/"},{"@type":"ListItem","position":2,"name":"Product","item":"https:\/\/www.hongtaivalve.com\/product\/"},{"@type":"ListItem","position":3,"name":"HongTaivalve-Sanitary food grade pipe one end ferrule and the other flexible hose adapter-size dn15-dn150-HTV-FHA001"}]},{"@type":"WebSite","@id":"https:\/\/www.hongtaivalve.com\/#website","url":"https:\/\/www.hongtaivalve.com\/","name":"Wenzhou HongTai Fluid Equipment Co.Ltd","description":"","potentialAction":[{"@type":"SearchAction","target":{"@type":"EntryPoint","urlTemplate":"https:\/\/www.hongtaivalve.com\/?s={search_term_string}"},"query-input":{"@type":"PropertyValueSpecification","valueRequired":true,"valueName":"search_term_string"}}],"inLanguage":"es"}]}},"_links":{"self":[{"href":"https:\/\/www.hongtaivalve.com\/es\/wp-json\/wp\/v2\/product\/5402","targetHints":{"allow":["GET"]}}],"collection":[{"href":"https:\/\/www.hongtaivalve.com\/es\/wp-json\/wp\/v2\/product"}],"about":[{"href":"https:\/\/www.hongtaivalve.com\/es\/wp-json\/wp\/v2\/types\/product"}],"replies":[{"embeddable":true,"href":"https:\/\/www.hongtaivalve.com\/es\/wp-json\/wp\/v2\/comments?post=5402"}],"wp:featuredmedia":[{"embeddable":true,"href":"https:\/\/www.hongtaivalve.com\/es\/wp-json\/wp\/v2\/media\/5404"}],"wp:attachment":[{"href":"https:\/\/www.hongtaivalve.com\/es\/wp-json\/wp\/v2\/media?parent=5402"}],"wp:term":[{"taxonomy":"product_brand","embeddable":true,"href":"https:\/\/www.hongtaivalve.com\/es\/wp-json\/wp\/v2\/product_brand?post=5402"},{"taxonomy":"product_cat","embeddable":true,"href":"https:\/\/www.hongtaivalve.com\/es\/wp-json\/wp\/v2\/product_cat?post=5402"},{"taxonomy":"product_tag","embeddable":true,"href":"https:\/\/www.hongtaivalve.com\/es\/wp-json\/wp\/v2\/product_tag?post=5402"}],"curies":[{"name":"wp","href":"https:\/\/api.w.org\/{rel}","templated":true}]}}