{"id":5417,"date":"2024-05-15T14:10:57","date_gmt":"2024-05-15T14:10:57","guid":{"rendered":"http:\/\/www.hongtaivalve.com\/?post_type=product&#038;p=5417"},"modified":"2024-12-12T06:01:33","modified_gmt":"2024-12-12T06:01:33","slug":"sanitary-cip-long-type-rovolving-tank-spray-ball","status":"publish","type":"product","link":"https:\/\/www.hongtaivalve.com\/es\/producto\/sanitary-cip-long-type-rovolving-tank-spray-ball\/","title":{"rendered":"HongTaivalve-Sanitaria CIP rovolving tanque bola de pulverizaci\u00f3n-tama\u00f1o 1\/4\u2033 a 2\u2033-HTV-SB001-."},"content":{"rendered":"<p>Eficacia:<\/p>\n<p>1 Limpieza de alta eficacia: Las bolas de limpieza generan una fuerte fuerza de fregado a trav\u00e9s de la rotaci\u00f3n a alta velocidad, que puede limpiar a fondo las superficies internas de tanques, tuber\u00edas, etc. Este eficaz m\u00e9todo de limpieza garantiza la limpieza de los equipos de producci\u00f3n y evita los problemas de calidad causados por la contaminaci\u00f3n. 2 Seguridad sanitaria: El material de acero inoxidable higi\u00e9nico tiene una excelente resistencia a la corrosi\u00f3n y no se oxida ni produce sustancias nocivas, lo que garantiza la seguridad e higiene del proceso de limpieza. Este material cumple las estrictas normas de higiene de las industrias alimentaria y farmac\u00e9utica y evita la contaminaci\u00f3n secundaria causada por las herramientas de limpieza. 3 Montaje y desmontaje r\u00e1pidos: El dise\u00f1o de montaje r\u00e1pido facilita la instalaci\u00f3n y extracci\u00f3n de las bolas de limpieza, mejorando la eficacia del trabajo. En situaciones en las que la limpieza debe realizarse con frecuencia, este dise\u00f1o puede reducir en gran medida el tiempo de inactividad y los costes de mano de obra. 4 Versatilidad: Las bolas de limpieza higi\u00e9nicas de montaje r\u00e1pido de acero inoxidable pueden utilizarse en equipos de diferentes formas y tama\u00f1os, como dep\u00f3sitos y tuber\u00edas, y presentan una gran universalidad y adaptabilidad. Tanto si se trata de una gran l\u00ednea de producci\u00f3n como de un peque\u00f1o equipo de laboratorio, se pueden encontrar bolas de limpieza adecuadas para la limpieza. 5 Prolongan la vida \u00fatil de los equipos: El uso regular de bolas de limpieza para la limpieza puede eliminar la suciedad y los residuos de las superficies de los equipos, lo que reduce el desgaste y la corrosi\u00f3n de los equipos y prolonga su vida \u00fatil.<\/p>\n<p>Las bolas de pulverizaci\u00f3n se utilizan en la industria de bebidas para la limpieza interna de latas y tuber\u00edas. Los fermentadores o tanques de agitaci\u00f3n se pueden rociar internamente con agua y\/o productos qu\u00edmicos, formando una pel\u00edcula residual en las paredes del recipiente, limpiando los residuos y desinfectando secundariamente el tanque. La bola de rociado CIP no s\u00f3lo es m\u00e1s r\u00e1pida, sino tambi\u00e9n m\u00e1s segura para los trabajadores, ya que no requiere fregado manual ni contacto con limpiadores.<\/p>\n<p>Girar vs. Fijar\/bloquear<br \/>\nAl igual que los brazos giratorios de los ventiladores el\u00e9ctricos, las bolas de pulverizaci\u00f3n giratorias ofrecen ventajas de limpieza frente a los sistemas CIP fijos o de pasador. Una bola de pulverizaci\u00f3n giratoria pulverizar\u00e1 a mayor distancia y con mayor fuerza que una bola de pulverizaci\u00f3n fija, y puede producir un efecto similar al fregado y proporcionar una mejor cobertura. Una bola de pulverizaci\u00f3n fija puede no proporcionar suficiente impacto, o si se bloquea alguna esquina, especialmente en un cubo de maceraci\u00f3n o una olla de cocci\u00f3n, a menudo se crea un \"punto muerto\" que debe limpiarse manualmente.<br \/>\nAdem\u00e1s, la bola de limpieza rotativa utiliza menos l\u00edquido de lavado a baja presi\u00f3n, por lo que es una alternativa eficaz a la bola de rociado fija tradicional. El uso de rodamientos de bolas dobles en el cabezal giratorio hace que la serie de bolas de limpieza modificadas sea adecuada para todas las aplicaciones de limpieza sanitaria e industrial.<\/p>\n<p>Tama\u00f1o:DN15,DN20,DN25,DN32,DN40,DN50,DN65 1\/2\u2033-2 1\/2\u2033.<\/p>\n<p>&nbsp;<\/p>\n<h2><span style=\"color: #ff0000;\">Instrucciones de embalaje del producto\uff1a<\/span><\/h2>\n<p>Cada producto se embala primero individualmente en una bolsa de espuma y luego se coloca cuidadosamente en una caja de cart\u00f3n designada. Por \u00faltimo, se paletiza o se embala en una caja de madera de exportaci\u00f3n. Todo el proceso de embalaje se ejecuta rigurosamente para evitar cualquier da\u00f1o durante el transporte.<\/p>\n<p><a href=\"http:\/\/www.hongtaivalve.com\/wp-content\/uploads\/2024\/05\/MG_4648.jpg\"><img fetchpriority=\"high\" decoding=\"async\" class=\"alignnone size-full wp-image-5419\" src=\"http:\/\/www.hongtaivalve.com\/wp-content\/uploads\/2024\/05\/MG_4648.jpg\" alt=\"\" width=\"1024\" height=\"768\" srcset=\"https:\/\/www.hongtaivalve.com\/wp-content\/uploads\/2024\/05\/MG_4648.jpg 1024w, https:\/\/www.hongtaivalve.com\/wp-content\/uploads\/2024\/05\/MG_4648-800x600.jpg 800w, https:\/\/www.hongtaivalve.com\/wp-content\/uploads\/2024\/05\/MG_4648-300x225.jpg 300w, https:\/\/www.hongtaivalve.com\/wp-content\/uploads\/2024\/05\/MG_4648-768x576.jpg 768w\" sizes=\"(max-width: 1024px) 100vw, 1024px\" \/><\/a><\/p>","protected":false},"excerpt":{"rendered":"<table>\n<tbody>\n<tr>\n<td width=\"207\"><strong><b>N\u00ba de modelo<\/b><\/strong><\/td>\n<td width=\"217\">HT-SPB003<\/td>\n<td width=\"214\"><\/td>\n<td width=\"348\"><\/td>\n<\/tr>\n<tr>\n<td><strong><b>Presi\u00f3n m\u00e1xima de trabajo<\/b><\/strong><\/td>\n<td>1,0mpa\/10Bars<\/td>\n<td><strong><b>Extremo de conexi\u00f3n<\/b><\/strong><\/td>\n<td>Triclamp\/Soldadura\/Hilo\/Brida<\/td>\n<\/tr>\n<tr>\n<td><strong><b>Temperatura m\u00e1xima de trabajo<\/b><\/strong><\/td>\n<td>150\u00b0C<\/td>\n<td><strong><b>Operaci\u00f3n<\/b><\/strong><\/td>\n<td>Manual,Neum\u00e1tica,El\u00e9ctrica<\/td>\n<\/tr>\n<tr>\n<td><strong><b>Material del cuerpo<\/b><\/strong><\/td>\n<td>SS316L,SS304<\/td>\n<td><strong><b>Material de sellado<\/b><\/strong><\/td>\n<td>Silicona, EPDM, Viton, PTFE o NBR<\/td>\n<\/tr>\n<tr>\n<td><strong><b>Acabado de la superficie interior<\/b><\/strong><\/td>\n<td>Ra 0,5\u03bcm<\/td>\n<td><strong><b>Acabado exterior de la superficie: <\/b><\/strong><\/td>\n<td>Ra 0,8\u03bcm<\/td>\n<\/tr>\n<tr>\n<td><strong><b>Especificaci\u00f3n<\/b><\/strong><\/td>\n<td>1\/2&#8243;-12&#8243;<\/td>\n<td><strong><b>Certificaci\u00f3n<\/b><\/strong><\/td>\n<td>Informe de materias primas\/informe de calidad del producto acabado<\/td>\n<\/tr>\n<tr>\n<td><strong><b>C\u00d3DIGO SA<\/b><\/strong><\/td>\n<td>7307290000<\/td>\n<td><strong><b>Acabado<\/b><\/strong><\/td>\n<td>Pulido espejo o pulido mate<\/td>\n<\/tr>\n<tr>\n<td><strong><b>T\u00e9cnica de la materia prima<\/b><\/strong><\/td>\n<td>Forja o fundici\u00f3n<\/td>\n<td><strong><b>M\u00e1quina procesadora<\/b><\/strong><\/td>\n<td>M\u00e1quina CNC Mazak LG<\/td>\n<\/tr>\n<tr>\n<td><strong><b>Norma de dise\u00f1o<\/b><\/strong><\/td>\n<td>3A o DIN,SMS,ISO\/IDF<\/td>\n<td><strong><b>Aplicaci\u00f3n<\/b><\/strong><\/td>\n<td>Uso industrial de alimentos o bebidas<\/td>\n<\/tr>\n<tr>\n<td><strong><b>Paquete de transporte<\/b><\/strong><\/td>\n<td>Pl\u00e1stico espumado+Caja de madera<\/td>\n<td><strong><b>Origen<\/b><\/strong><\/td>\n<td>Wenzhou (China)<\/td>\n<\/tr>\n<\/tbody>\n<\/table>","protected":false},"featured_media":5419,"comment_status":"open","ping_status":"closed","template":"","meta":[],"product_brand":[],"product_cat":[107],"product_tag":[],"class_list":{"0":"post-5417","1":"product","2":"type-product","3":"status-publish","4":"has-post-thumbnail","6":"product_cat-extractions-tank-accessories","8":"first","9":"instock","10":"shipping-taxable","11":"product-type-simple"},"yoast_head":"<!-- This site is optimized with the Yoast SEO plugin v24.6 - https:\/\/yoast.com\/wordpress\/plugins\/seo\/ -->\n<title>HongTaivalve-Sanitary CIP rovolving tank spray ball-size 1\/4&quot; to 2&quot;-HTV-SB001- Wenzhou HongTai Fluid Equipment Co.Ltd<\/title>\n<meta name=\"robots\" content=\"index, follow, max-snippet:-1, max-image-preview:large, max-video-preview:-1\" \/>\n<link rel=\"canonical\" href=\"https:\/\/www.hongtaivalve.com\/es\/producto\/sanitary-cip-long-type-rovolving-tank-spray-ball\/\" \/>\n<meta property=\"og:locale\" content=\"es_ES\" \/>\n<meta property=\"og:type\" content=\"article\" \/>\n<meta property=\"og:title\" content=\"HongTaivalve-Sanitary CIP rovolving tank spray ball-size 1\/4&quot; to 2&quot;-HTV-SB001- Wenzhou HongTai Fluid Equipment Co.Ltd\" \/>\n<meta property=\"og:description\" content=\"Model No. HT-SPB003     Max Working Pressure 1.0mpa\/10Bars Connection End Triclamp\/Weld\/Thread\/Flange   Max Working Temperature 150\u00b0C Operation By Manual,Pneumatic,Electric   Body Material SS316L,SS304 Sealing Material Silicone, EPDM, Viton, PTFE, or NBR   Inner Surface finish Ra 0.5\u03bcm External Surface finish:  Ra 0.8\u03bcm   Specification 1\/2&quot;-12&quot; Certification Raw material report\/finished quality report   HS CODE 7307290000 Finish Mirror polish or Matt polish   Raw Material technique Forging or Casting Processing Machine LG Mazak CNC Machine   Design Standard 3A or DIN,SMS,ISO\/IDF Application Food or Beverage industrial Usage   Transport Package Foamed Plastic+Wooden case Origin Wenzhou China\" \/>\n<meta property=\"og:url\" content=\"https:\/\/www.hongtaivalve.com\/es\/producto\/sanitary-cip-long-type-rovolving-tank-spray-ball\/\" \/>\n<meta property=\"og:site_name\" content=\"Wenzhou HongTai Fluid Equipment Co.Ltd\" \/>\n<meta property=\"article:modified_time\" content=\"2024-12-12T06:01:33+00:00\" \/>\n<meta property=\"og:image\" content=\"https:\/\/www.hongtaivalve.com\/wp-content\/uploads\/2024\/05\/MG_4648.jpg\" \/>\n\t<meta property=\"og:image:width\" content=\"1024\" \/>\n\t<meta property=\"og:image:height\" content=\"768\" \/>\n\t<meta property=\"og:image:type\" content=\"image\/jpeg\" \/>\n<meta name=\"twitter:card\" content=\"summary_large_image\" \/>\n<meta name=\"twitter:label1\" content=\"Tiempo de lectura\" \/>\n\t<meta name=\"twitter:data1\" content=\"3 minutos\" \/>\n<script type=\"application\/ld+json\" class=\"yoast-schema-graph\">{\"@context\":\"https:\/\/schema.org\",\"@graph\":[{\"@type\":\"WebPage\",\"@id\":\"https:\/\/www.hongtaivalve.com\/product\/sanitary-cip-long-type-rovolving-tank-spray-ball\/\",\"url\":\"https:\/\/www.hongtaivalve.com\/product\/sanitary-cip-long-type-rovolving-tank-spray-ball\/\",\"name\":\"HongTaivalve-Sanitary CIP rovolving tank spray ball-size 1\/4\\\" to 2\\\"-HTV-SB001- Wenzhou HongTai Fluid Equipment Co.Ltd\",\"isPartOf\":{\"@id\":\"https:\/\/www.hongtaivalve.com\/#website\"},\"primaryImageOfPage\":{\"@id\":\"https:\/\/www.hongtaivalve.com\/product\/sanitary-cip-long-type-rovolving-tank-spray-ball\/#primaryimage\"},\"image\":{\"@id\":\"https:\/\/www.hongtaivalve.com\/product\/sanitary-cip-long-type-rovolving-tank-spray-ball\/#primaryimage\"},\"thumbnailUrl\":\"https:\/\/www.hongtaivalve.com\/wp-content\/uploads\/2024\/05\/MG_4648.jpg\",\"datePublished\":\"2024-05-15T14:10:57+00:00\",\"dateModified\":\"2024-12-12T06:01:33+00:00\",\"breadcrumb\":{\"@id\":\"https:\/\/www.hongtaivalve.com\/product\/sanitary-cip-long-type-rovolving-tank-spray-ball\/#breadcrumb\"},\"inLanguage\":\"es\",\"potentialAction\":[{\"@type\":\"ReadAction\",\"target\":[\"https:\/\/www.hongtaivalve.com\/product\/sanitary-cip-long-type-rovolving-tank-spray-ball\/\"]}]},{\"@type\":\"ImageObject\",\"inLanguage\":\"es\",\"@id\":\"https:\/\/www.hongtaivalve.com\/product\/sanitary-cip-long-type-rovolving-tank-spray-ball\/#primaryimage\",\"url\":\"https:\/\/www.hongtaivalve.com\/wp-content\/uploads\/2024\/05\/MG_4648.jpg\",\"contentUrl\":\"https:\/\/www.hongtaivalve.com\/wp-content\/uploads\/2024\/05\/MG_4648.jpg\",\"width\":1024,\"height\":768},{\"@type\":\"BreadcrumbList\",\"@id\":\"https:\/\/www.hongtaivalve.com\/product\/sanitary-cip-long-type-rovolving-tank-spray-ball\/#breadcrumb\",\"itemListElement\":[{\"@type\":\"ListItem\",\"position\":1,\"name\":\"\u9996\u9875\",\"item\":\"https:\/\/www.hongtaivalve.com\/\"},{\"@type\":\"ListItem\",\"position\":2,\"name\":\"Product\",\"item\":\"https:\/\/www.hongtaivalve.com\/product\/\"},{\"@type\":\"ListItem\",\"position\":3,\"name\":\"HongTaivalve-Sanitary CIP rovolving tank spray ball-size 1\/4&#8243; to 2&#8243;-HTV-SB001-\"}]},{\"@type\":\"WebSite\",\"@id\":\"https:\/\/www.hongtaivalve.com\/#website\",\"url\":\"https:\/\/www.hongtaivalve.com\/\",\"name\":\"Wenzhou HongTai Fluid Equipment Co.Ltd\",\"description\":\"\",\"potentialAction\":[{\"@type\":\"SearchAction\",\"target\":{\"@type\":\"EntryPoint\",\"urlTemplate\":\"https:\/\/www.hongtaivalve.com\/?s={search_term_string}\"},\"query-input\":{\"@type\":\"PropertyValueSpecification\",\"valueRequired\":true,\"valueName\":\"search_term_string\"}}],\"inLanguage\":\"es\"}]}<\/script>\n<!-- \/ Yoast SEO plugin. -->","yoast_head_json":{"title":"HongTaivalve-Sanitary CIP rovolving tank spray ball-size 1\/4\" to 2\"-HTV-SB001- Wenzhou HongTai Fluid Equipment Co.Ltd","robots":{"index":"index","follow":"follow","max-snippet":"max-snippet:-1","max-image-preview":"max-image-preview:large","max-video-preview":"max-video-preview:-1"},"canonical":"https:\/\/www.hongtaivalve.com\/es\/producto\/sanitary-cip-long-type-rovolving-tank-spray-ball\/","og_locale":"es_ES","og_type":"article","og_title":"HongTaivalve-Sanitary CIP rovolving tank spray ball-size 1\/4\" to 2\"-HTV-SB001- Wenzhou HongTai Fluid Equipment Co.Ltd","og_description":"Model No. HT-SPB003     Max Working Pressure 1.0mpa\/10Bars Connection End Triclamp\/Weld\/Thread\/Flange   Max Working Temperature 150\u00b0C Operation By Manual,Pneumatic,Electric   Body Material SS316L,SS304 Sealing Material Silicone, EPDM, Viton, PTFE, or NBR   Inner Surface finish Ra 0.5\u03bcm External Surface finish:  Ra 0.8\u03bcm   Specification 1\/2\"-12\" Certification Raw material report\/finished quality report   HS CODE 7307290000 Finish Mirror polish or Matt polish   Raw Material technique Forging or Casting Processing Machine LG Mazak CNC Machine   Design Standard 3A or DIN,SMS,ISO\/IDF Application Food or Beverage industrial Usage   Transport Package Foamed Plastic+Wooden case Origin Wenzhou China","og_url":"https:\/\/www.hongtaivalve.com\/es\/producto\/sanitary-cip-long-type-rovolving-tank-spray-ball\/","og_site_name":"Wenzhou HongTai Fluid Equipment Co.Ltd","article_modified_time":"2024-12-12T06:01:33+00:00","og_image":[{"width":1024,"height":768,"url":"https:\/\/www.hongtaivalve.com\/wp-content\/uploads\/2024\/05\/MG_4648.jpg","type":"image\/jpeg"}],"twitter_card":"summary_large_image","twitter_misc":{"Tiempo de lectura":"3 minutos"},"schema":{"@context":"https:\/\/schema.org","@graph":[{"@type":"WebPage","@id":"https:\/\/www.hongtaivalve.com\/product\/sanitary-cip-long-type-rovolving-tank-spray-ball\/","url":"https:\/\/www.hongtaivalve.com\/product\/sanitary-cip-long-type-rovolving-tank-spray-ball\/","name":"HongTaivalve-Sanitary CIP rovolving tank spray ball-size 1\/4\" to 2\"-HTV-SB001- Wenzhou HongTai Fluid Equipment Co.Ltd","isPartOf":{"@id":"https:\/\/www.hongtaivalve.com\/#website"},"primaryImageOfPage":{"@id":"https:\/\/www.hongtaivalve.com\/product\/sanitary-cip-long-type-rovolving-tank-spray-ball\/#primaryimage"},"image":{"@id":"https:\/\/www.hongtaivalve.com\/product\/sanitary-cip-long-type-rovolving-tank-spray-ball\/#primaryimage"},"thumbnailUrl":"https:\/\/www.hongtaivalve.com\/wp-content\/uploads\/2024\/05\/MG_4648.jpg","datePublished":"2024-05-15T14:10:57+00:00","dateModified":"2024-12-12T06:01:33+00:00","breadcrumb":{"@id":"https:\/\/www.hongtaivalve.com\/product\/sanitary-cip-long-type-rovolving-tank-spray-ball\/#breadcrumb"},"inLanguage":"es","potentialAction":[{"@type":"ReadAction","target":["https:\/\/www.hongtaivalve.com\/product\/sanitary-cip-long-type-rovolving-tank-spray-ball\/"]}]},{"@type":"ImageObject","inLanguage":"es","@id":"https:\/\/www.hongtaivalve.com\/product\/sanitary-cip-long-type-rovolving-tank-spray-ball\/#primaryimage","url":"https:\/\/www.hongtaivalve.com\/wp-content\/uploads\/2024\/05\/MG_4648.jpg","contentUrl":"https:\/\/www.hongtaivalve.com\/wp-content\/uploads\/2024\/05\/MG_4648.jpg","width":1024,"height":768},{"@type":"BreadcrumbList","@id":"https:\/\/www.hongtaivalve.com\/product\/sanitary-cip-long-type-rovolving-tank-spray-ball\/#breadcrumb","itemListElement":[{"@type":"ListItem","position":1,"name":"\u9996\u9875","item":"https:\/\/www.hongtaivalve.com\/"},{"@type":"ListItem","position":2,"name":"Product","item":"https:\/\/www.hongtaivalve.com\/product\/"},{"@type":"ListItem","position":3,"name":"HongTaivalve-Sanitary CIP rovolving tank spray ball-size 1\/4&#8243; to 2&#8243;-HTV-SB001-"}]},{"@type":"WebSite","@id":"https:\/\/www.hongtaivalve.com\/#website","url":"https:\/\/www.hongtaivalve.com\/","name":"Wenzhou HongTai Fluid Equipment Co.Ltd","description":"","potentialAction":[{"@type":"SearchAction","target":{"@type":"EntryPoint","urlTemplate":"https:\/\/www.hongtaivalve.com\/?s={search_term_string}"},"query-input":{"@type":"PropertyValueSpecification","valueRequired":true,"valueName":"search_term_string"}}],"inLanguage":"es"}]}},"_links":{"self":[{"href":"https:\/\/www.hongtaivalve.com\/es\/wp-json\/wp\/v2\/product\/5417","targetHints":{"allow":["GET"]}}],"collection":[{"href":"https:\/\/www.hongtaivalve.com\/es\/wp-json\/wp\/v2\/product"}],"about":[{"href":"https:\/\/www.hongtaivalve.com\/es\/wp-json\/wp\/v2\/types\/product"}],"replies":[{"embeddable":true,"href":"https:\/\/www.hongtaivalve.com\/es\/wp-json\/wp\/v2\/comments?post=5417"}],"wp:featuredmedia":[{"embeddable":true,"href":"https:\/\/www.hongtaivalve.com\/es\/wp-json\/wp\/v2\/media\/5419"}],"wp:attachment":[{"href":"https:\/\/www.hongtaivalve.com\/es\/wp-json\/wp\/v2\/media?parent=5417"}],"wp:term":[{"taxonomy":"product_brand","embeddable":true,"href":"https:\/\/www.hongtaivalve.com\/es\/wp-json\/wp\/v2\/product_brand?post=5417"},{"taxonomy":"product_cat","embeddable":true,"href":"https:\/\/www.hongtaivalve.com\/es\/wp-json\/wp\/v2\/product_cat?post=5417"},{"taxonomy":"product_tag","embeddable":true,"href":"https:\/\/www.hongtaivalve.com\/es\/wp-json\/wp\/v2\/product_tag?post=5417"}],"curies":[{"name":"wp","href":"https:\/\/api.w.org\/{rel}","templated":true}]}}