{"id":5533,"date":"2024-12-13T02:39:10","date_gmt":"2024-12-13T02:39:10","guid":{"rendered":"https:\/\/www.hongtaivalve.com\/?post_type=product&#038;p=5533"},"modified":"2025-04-25T05:22:15","modified_gmt":"2025-04-25T05:22:15","slug":"hongtaivalve-plate-heat-exchangers-size-dn15-dn150-htv-phe001","status":"publish","type":"product","link":"https:\/\/www.hongtaivalve.com\/es\/producto\/hongtaivalve-plate-heat-exchangers-size-dn15-dn150-htv-phe001\/","title":{"rendered":"HongTaivalve-CAMBIADORES DE CALOR DE PLACA-tama\u00f1o dn15-dn150-HTV-PHE001"},"content":{"rendered":"<p style=\"text-align: center;\"><strong>\u4e00\u3001Descripci\u00f3n general del intercambiador de calor de placas<\/strong><\/p>\n<ol>\n<li>El intercambiador de calor de placas es un equipo ideal para el intercambio indirecto de calor y refrigeraci\u00f3n por dos tipos de fluidos con diferentes temperaturas a trav\u00e9s de la superficie de la placa. Tiene las caracter\u00edsticas de alta eficiencia de intercambio de calor, alta tasa de recuperaci\u00f3n de calor, peque\u00f1a p\u00e9rdida de calor, peque\u00f1a \u00e1rea de suelo, combinaci\u00f3n y montaje flexible, operaci\u00f3n simple, instalaci\u00f3n y desmontaje conveniente, larga vida \u00fatil, baja inversi\u00f3n y uso seguro.<\/li>\n<\/ol>\n<ol start=\"2\">\n<li>El intercambiador de calor de placas se utiliza en el procesamiento de alimentos y bebidas \uff1a<\/li>\n<\/ol>\n<p>(1) Todo tipo de productos l\u00e1cteos: leche fresca, leche en polvo, bebida l\u00e1ctea, yogur, etc;<\/p>\n<p>(2) Bebida de prote\u00edna vegetal: leche de cacahuete, t\u00e9 de leche, leche de soja, leche de soja<\/p>\n<p>bebida, etc;<\/p>\n<p>(3) Bebidas a base de zumo: zumo de fruta fresca, t\u00e9 de frutas, etc;<\/p>\n<p>(4) Bebidas fr\u00edas: bebidas de t\u00e9, bebidas de ra\u00edz de ca\u00f1a, bebidas de frutas y verduras, etc;<\/p>\n<p>(5) Condimentos: salsa de soja, vinagre de arroz, zumo de tomate, salsa dulce y picante, etc;<\/p>\n<p>(6) Productos cerveceros: cerveza, vino de arroz, vino de arroz, vino, etc.<\/p>\n<ol start=\"3\">\n<li>Aplicaci\u00f3n en el tratamiento de otros l\u00edquidos industriales:<\/li>\n<\/ol>\n<p>Farmac\u00e9utica, impresi\u00f3n y tinte, calefacci\u00f3n y ventilaci\u00f3n, industria qu\u00edmica, central el\u00e9ctrica, calefacci\u00f3n de ba\u00f1os, petr\u00f3leo, metalurgia Agua caliente sanitaria, barcos, maquinaria, fabricaci\u00f3n de papel, textil, aprovechamiento geot\u00e9rmico, protecci\u00f3n del medio ambiente, refrigeraci\u00f3n.<\/p>\n<ol start=\"4\">\n<li>En comparaci\u00f3n con otros intercambiadores de calor:<\/li>\n<\/ol>\n<p>Bajo la misma p\u00e9rdida de presi\u00f3n, el coeficiente de transferencia de calor del intercambiador de calor de placas es de 3 a 5 veces mayor que el del intercambiador de calor de tubos, la superficie de suelo del intercambiador de calor de placas es s\u00f3lo un tercio de la del intercambiador de calor tubular, y la tasa de recuperaci\u00f3n de calor puede ser tan alta como 90%<\/p>\n<p style=\"text-align: center;\"><strong>\u4e8c\u3001 Estructura del intercambiador de calor de placas<\/strong><\/p>\n<p>Los componentes estructurales del intercambiador de calor de placas son de tipo bastidor de soporte doble: principalmente placa, caucho del intercambiador de calor, placa de prensado fija, placa de prensado m\u00f3vil, varilla gu\u00eda superior\/inferior, puntal, conjunto de tornillos de sujeci\u00f3n, piezas rodantes, tubo de conexi\u00f3n, etc.<\/p>\n<p style=\"text-align: center;\"><strong>\u4e09\u3001Intercambiador de calor de placas<\/strong><\/p>\n<ol>\n<li>El n\u00famero de placas necesarias en un intercambiador de calor de placas depende de su<\/li>\n<\/ol>\n<p>tipo y \u00e1rea cuadrada. El hueco entre placas adyacentes forma el canal de<\/p>\n<p>fluido.<\/p>\n<p>La placa es de acero inoxidable SUS304 o SUS316L<\/p>\n<p>o chapa especial tras cortarla y prensarla en diversas formas onduladas,<\/p>\n<p>incluyendo generalmente placas onduladas y en espiga.<\/p>\n<p>Estas ondas tienen las tres funciones siguientes:<\/p>\n<p>\uff081\uff09Aumentar el \u00e1rea efectiva de transferencia de calor\uff1b<\/p>\n<p>\uff082\uff09Una vez ensambladas las placas, las placas onduladas contactan entre s\u00ed para formar<\/p>\n<p>numerosos contactos, lo que mejora la<\/p>\n<p>El acero y la dureza de la placa hacen que pueda soportar la gran diferencia de presi\u00f3n<\/p>\n<p>entre los dos canales.<\/p>\n<p>\uff083\uff09Facilita la turbulencia del medio en el canal de flujo y ralentiza<\/p>\n<p>la velocidad de formaci\u00f3n de la suciedad.<\/p>\n<h2><span style=\"color: #ff0000;\">Instrucciones de embalaje del producto\uff1a<\/span><\/h2>\n<p>Cada producto se embala primero individualmente en una bolsa de espuma y luego se coloca cuidadosamente en una caja de cart\u00f3n designada. Por \u00faltimo, se paletiza o se embala en una caja de madera de exportaci\u00f3n. Todo el proceso de embalaje se ejecuta rigurosamente para evitar cualquier da\u00f1o durante el transporte.<\/p>\n<p>&nbsp;<\/p>\n<p><a href=\"https:\/\/www.hongtaivalve.com\/wp-content\/uploads\/2024\/12\/d35632a1eee0894f8d9e9a99b795137.jpg\"><img fetchpriority=\"high\" decoding=\"async\" class=\"alignnone size-full wp-image-5986\" src=\"https:\/\/www.hongtaivalve.com\/wp-content\/uploads\/2024\/12\/d35632a1eee0894f8d9e9a99b795137.jpg\" alt=\"\" width=\"800\" height=\"800\" srcset=\"https:\/\/www.hongtaivalve.com\/wp-content\/uploads\/2024\/12\/d35632a1eee0894f8d9e9a99b795137.jpg 800w, https:\/\/www.hongtaivalve.com\/wp-content\/uploads\/2024\/12\/d35632a1eee0894f8d9e9a99b795137-300x300.jpg 300w, https:\/\/www.hongtaivalve.com\/wp-content\/uploads\/2024\/12\/d35632a1eee0894f8d9e9a99b795137-150x150.jpg 150w, https:\/\/www.hongtaivalve.com\/wp-content\/uploads\/2024\/12\/d35632a1eee0894f8d9e9a99b795137-768x768.jpg 768w, https:\/\/www.hongtaivalve.com\/wp-content\/uploads\/2024\/12\/d35632a1eee0894f8d9e9a99b795137-12x12.jpg 12w, https:\/\/www.hongtaivalve.com\/wp-content\/uploads\/2024\/12\/d35632a1eee0894f8d9e9a99b795137-100x100.jpg 100w\" sizes=\"(max-width: 800px) 100vw, 800px\" \/><\/a><\/p>\n<p><strong>Qui\u00e9nes somos<\/strong><\/p>\n<p>En HongTai, nos especializamos en v\u00e1lvulas sanitarias de alta calidad y accesorios de tuber\u00eda de acero inoxidable, sirviendo a industrias clave como la farmac\u00e9utica, procesamiento de alimentos y productos qu\u00edmicos. Fabricados con acero inoxidable 304, 316 y 316L de primera calidad, nuestros productos ofrecen una excelente resistencia a la corrosi\u00f3n y se elaboran utilizando t\u00e9cnicas de fabricaci\u00f3n avanzadas como corte por l\u00e1ser y soldadura de precisi\u00f3n. Dise\u00f1adas para la higiene y la integridad de los fluidos, las v\u00e1lvulas de HongTai son la opci\u00f3n ideal para las industrias que requieren una limpieza \u00f3ptima y un rendimiento duradero.<\/p>\n<p><a href=\"https:\/\/www.hongtaivalve.com\/wp-content\/uploads\/2024\/12\/2efad8255a88820383829ce2a75fcb9-1.jpg\"><img decoding=\"async\" class=\"wp-image-5949 aligncenter\" src=\"https:\/\/www.hongtaivalve.com\/wp-content\/uploads\/2024\/12\/2efad8255a88820383829ce2a75fcb9-1.jpg\" alt=\"\" width=\"533\" height=\"345\" srcset=\"https:\/\/www.hongtaivalve.com\/wp-content\/uploads\/2024\/12\/2efad8255a88820383829ce2a75fcb9-1.jpg 985w, https:\/\/www.hongtaivalve.com\/wp-content\/uploads\/2024\/12\/2efad8255a88820383829ce2a75fcb9-1-300x194.jpg 300w, https:\/\/www.hongtaivalve.com\/wp-content\/uploads\/2024\/12\/2efad8255a88820383829ce2a75fcb9-1-768x497.jpg 768w, https:\/\/www.hongtaivalve.com\/wp-content\/uploads\/2024\/12\/2efad8255a88820383829ce2a75fcb9-1-18x12.jpg 18w, https:\/\/www.hongtaivalve.com\/wp-content\/uploads\/2024\/12\/2efad8255a88820383829ce2a75fcb9-1-800x518.jpg 800w\" sizes=\"(max-width: 533px) 100vw, 533px\" \/><\/a><\/p>\n<p><strong>Por qu\u00e9 elegirnos<\/strong><\/p>\n<p><strong>Garant\u00eda de calidad:<\/strong>\u00a0Mantenemos un estricto control de todas las fases de producci\u00f3n, desde las materias primas hasta los productos acabados, garantizando el cumplimiento de la norma ISO9001 y las certificaciones internacionales, incluidas las normas 3A, DIN e ISO.<\/p>\n<p><strong>Experiencia en el sector:<\/strong>\u00a0D\u00e9cadas de experiencia en soluciones para industrias cr\u00edticas como la alimentaria, la de bebidas y la farmac\u00e9utica.<\/p>\n<p><strong>Tecnolog\u00eda avanzada:<\/strong>\u00a0Nuestras instalaciones de \u00faltima generaci\u00f3n, que incluyen tornos CNC y herramientas de precisi\u00f3n actualizados peri\u00f3dicamente, garantizan una gran precisi\u00f3n superficial y tolerancias ajustadas para cada producto.<\/p>\n<p><strong>100% Inspecci\u00f3n:<\/strong>\u00a0Todos los productos se someten a rigurosas pruebas, incluida la detecci\u00f3n de fugas en v\u00e1lvulas y tama\u00f1os, para garantizar una calidad impecable antes de salir de nuestras instalaciones.<\/p>\n<p><strong>Alcance mundial:<\/strong>\u00a0Empresas de todo el mundo conf\u00edan en nuestra calidad constante y nuestras entregas puntuales.<\/p>\n<p>Elija HongTai por su inigualable fiabilidad, rendimiento e innovaci\u00f3n en soluciones de valvuler\u00eda y accesorios de tuber\u00edas.<\/p>\n<p>&nbsp;<\/p>\n<p><strong>P\u00f3ngase en contacto con nosotros<\/strong><br \/>\nPara m\u00e1s informaci\u00f3n o para hablar de sus necesidades, p\u00f3ngase en contacto con nosotros:<br \/>\nCorreo electr\u00f3nico: ht@htcdf.com<br \/>\nwhatsapp: (86)18875809195<br \/>\nTambi\u00e9n puede visitar nuestra\u00a0<a href=\"https:\/\/www.hongtaivalve.com\/es\/contact-us\/\">Contacte con nosotros<\/a>\u00a0para m\u00e1s formas de ponerse en contacto.<\/p>\n<p>&nbsp;<\/p>","protected":false},"excerpt":{"rendered":"<table style=\"height: 259px;\" width=\"1012\">\n<tbody>\n<tr>\n<td width=\"207\"><strong><b>N\u00ba de modelo<\/b><\/strong><\/td>\n<td width=\"217\">HT-PHE001<\/td>\n<td width=\"214\"><strong><b>Certificaci\u00f3n<\/b><\/strong><\/td>\n<td width=\"348\">Informe de materias primas\/informe de calidad del producto acabado<\/td>\n<\/tr>\n<tr>\n<td><strong>Peso<\/strong><\/td>\n<td>1025KG<\/td>\n<td>\u00a0<strong><b>Acabado<\/b><\/strong><\/td>\n<td>Pulido espejo o pulido mate<\/td>\n<\/tr>\n<tr>\n<td><strong>Prensa de dise\u00f1o<\/strong><\/td>\n<td>0,7MPa<\/td>\n<td><strong><b>M\u00e1quina procesadora<\/b><\/strong><\/td>\n<td>M\u00e1quina CNC Mazak LG<\/td>\n<\/tr>\n<tr>\n<td><strong>Prensa de prueba<\/strong><\/td>\n<td>1,0MPa<\/td>\n<td><strong><b>Aplicaci\u00f3n<\/b><\/strong><\/td>\n<td>Uso industrial de alimentos o bebidas<\/td>\n<\/tr>\n<tr>\n<td><strong>Dise\u00f1o temporal<\/strong><\/td>\n<td>150\u2103<\/td>\n<td><strong><b>Origen<\/b><\/strong><\/td>\n<td>Wenzhou (China)<\/td>\n<\/tr>\n<tr>\n<td><strong>Material de la placa<\/strong><\/td>\n<td>SUS316L<\/td>\n<td><\/td>\n<td><\/td>\n<\/tr>\n<tr>\n<td><strong><b>Norma de dise\u00f1o<\/b><\/strong><\/td>\n<td>3A o DIN,SMS,ISO\/IDF<\/td>\n<td><\/td>\n<td><\/td>\n<\/tr>\n<tr>\n<td><strong><b>Paquete de transporte<\/b><\/strong><\/td>\n<td>Pl\u00e1stico espumado+Caja de madera<\/td>\n<td><\/td>\n<td><\/td>\n<\/tr>\n<tr>\n<td><\/td>\n<td><\/td>\n<td><\/td>\n<td><\/td>\n<\/tr>\n<tr>\n<td><\/td>\n<td><\/td>\n<td><\/td>\n<td><\/td>\n<\/tr>\n<\/tbody>\n<\/table>","protected":false},"featured_media":5987,"comment_status":"open","ping_status":"closed","template":"","meta":[],"product_brand":[],"product_cat":[116],"product_tag":[],"class_list":{"0":"post-5533","1":"product","2":"type-product","3":"status-publish","4":"has-post-thumbnail","6":"product_cat-others","8":"first","9":"instock","10":"shipping-taxable","11":"product-type-simple"},"yoast_head":"<!-- This site is optimized with the Yoast SEO plugin v24.6 - https:\/\/yoast.com\/wordpress\/plugins\/seo\/ -->\n<title>sus304 sus316L-Plate heat exchanger for food grade piping system<\/title>\n<meta name=\"description\" content=\"Plate heat exchanger is an ideal equipment for indirect heat exchange and cooling by two kinds of fluids with different temperatures\" \/>\n<meta name=\"robots\" content=\"index, follow, max-snippet:-1, max-image-preview:large, max-video-preview:-1\" \/>\n<link rel=\"canonical\" href=\"https:\/\/www.hongtaivalve.com\/es\/producto\/hongtaivalve-plate-heat-exchangers-size-dn15-dn150-htv-phe001\/\" \/>\n<meta property=\"og:locale\" content=\"es_ES\" \/>\n<meta property=\"og:type\" content=\"article\" \/>\n<meta property=\"og:title\" content=\"sus304 sus316L-Plate heat exchanger for food grade piping system\" \/>\n<meta property=\"og:description\" content=\"Plate heat exchanger is an ideal equipment for indirect heat exchange and cooling by two kinds of fluids with different temperatures\" \/>\n<meta property=\"og:url\" content=\"https:\/\/www.hongtaivalve.com\/es\/producto\/hongtaivalve-plate-heat-exchangers-size-dn15-dn150-htv-phe001\/\" \/>\n<meta property=\"og:site_name\" content=\"Wenzhou HongTai Fluid Equipment Co.Ltd\" \/>\n<meta property=\"article:modified_time\" content=\"2025-04-25T05:22:15+00:00\" \/>\n<meta property=\"og:image\" content=\"https:\/\/www.hongtaivalve.com\/wp-content\/uploads\/2024\/12\/e29179c48346f986dbfa94563d73a00.jpg\" \/>\n\t<meta property=\"og:image:width\" content=\"800\" \/>\n\t<meta property=\"og:image:height\" content=\"800\" \/>\n\t<meta property=\"og:image:type\" content=\"image\/jpeg\" \/>\n<meta name=\"twitter:card\" content=\"summary_large_image\" \/>\n<meta name=\"twitter:label1\" content=\"Tiempo de lectura\" \/>\n\t<meta name=\"twitter:data1\" content=\"5 minutos\" \/>\n<script type=\"application\/ld+json\" class=\"yoast-schema-graph\">{\"@context\":\"https:\/\/schema.org\",\"@graph\":[{\"@type\":\"WebPage\",\"@id\":\"https:\/\/www.hongtaivalve.com\/product\/hongtaivalve-plate-heat-exchangers-size-dn15-dn150-htv-phe001\/\",\"url\":\"https:\/\/www.hongtaivalve.com\/product\/hongtaivalve-plate-heat-exchangers-size-dn15-dn150-htv-phe001\/\",\"name\":\"sus304 sus316L-Plate heat exchanger for food grade piping system\",\"isPartOf\":{\"@id\":\"https:\/\/www.hongtaivalve.com\/#website\"},\"primaryImageOfPage\":{\"@id\":\"https:\/\/www.hongtaivalve.com\/product\/hongtaivalve-plate-heat-exchangers-size-dn15-dn150-htv-phe001\/#primaryimage\"},\"image\":{\"@id\":\"https:\/\/www.hongtaivalve.com\/product\/hongtaivalve-plate-heat-exchangers-size-dn15-dn150-htv-phe001\/#primaryimage\"},\"thumbnailUrl\":\"https:\/\/www.hongtaivalve.com\/wp-content\/uploads\/2024\/12\/e29179c48346f986dbfa94563d73a00.jpg\",\"datePublished\":\"2024-12-13T02:39:10+00:00\",\"dateModified\":\"2025-04-25T05:22:15+00:00\",\"description\":\"Plate heat exchanger is an ideal equipment for indirect heat exchange and cooling by two kinds of fluids with different temperatures\",\"breadcrumb\":{\"@id\":\"https:\/\/www.hongtaivalve.com\/product\/hongtaivalve-plate-heat-exchangers-size-dn15-dn150-htv-phe001\/#breadcrumb\"},\"inLanguage\":\"es\",\"potentialAction\":[{\"@type\":\"ReadAction\",\"target\":[\"https:\/\/www.hongtaivalve.com\/product\/hongtaivalve-plate-heat-exchangers-size-dn15-dn150-htv-phe001\/\"]}]},{\"@type\":\"ImageObject\",\"inLanguage\":\"es\",\"@id\":\"https:\/\/www.hongtaivalve.com\/product\/hongtaivalve-plate-heat-exchangers-size-dn15-dn150-htv-phe001\/#primaryimage\",\"url\":\"https:\/\/www.hongtaivalve.com\/wp-content\/uploads\/2024\/12\/e29179c48346f986dbfa94563d73a00.jpg\",\"contentUrl\":\"https:\/\/www.hongtaivalve.com\/wp-content\/uploads\/2024\/12\/e29179c48346f986dbfa94563d73a00.jpg\",\"width\":800,\"height\":800},{\"@type\":\"BreadcrumbList\",\"@id\":\"https:\/\/www.hongtaivalve.com\/product\/hongtaivalve-plate-heat-exchangers-size-dn15-dn150-htv-phe001\/#breadcrumb\",\"itemListElement\":[{\"@type\":\"ListItem\",\"position\":1,\"name\":\"\u9996\u9875\",\"item\":\"https:\/\/www.hongtaivalve.com\/\"},{\"@type\":\"ListItem\",\"position\":2,\"name\":\"Product\",\"item\":\"https:\/\/www.hongtaivalve.com\/product\/\"},{\"@type\":\"ListItem\",\"position\":3,\"name\":\"HongTaivalve-PLATE HEAT EXCHANGERS-size dn15-dn150-HTV-PHE001\"}]},{\"@type\":\"WebSite\",\"@id\":\"https:\/\/www.hongtaivalve.com\/#website\",\"url\":\"https:\/\/www.hongtaivalve.com\/\",\"name\":\"Wenzhou HongTai Fluid Equipment Co.Ltd\",\"description\":\"\",\"potentialAction\":[{\"@type\":\"SearchAction\",\"target\":{\"@type\":\"EntryPoint\",\"urlTemplate\":\"https:\/\/www.hongtaivalve.com\/?s={search_term_string}\"},\"query-input\":{\"@type\":\"PropertyValueSpecification\",\"valueRequired\":true,\"valueName\":\"search_term_string\"}}],\"inLanguage\":\"es\"}]}<\/script>\n<!-- \/ Yoast SEO plugin. -->","yoast_head_json":{"title":"sus304 sus316L-Plate heat exchanger for food grade piping system","description":"Plate heat exchanger is an ideal equipment for indirect heat exchange and cooling by two kinds of fluids with different temperatures","robots":{"index":"index","follow":"follow","max-snippet":"max-snippet:-1","max-image-preview":"max-image-preview:large","max-video-preview":"max-video-preview:-1"},"canonical":"https:\/\/www.hongtaivalve.com\/es\/producto\/hongtaivalve-plate-heat-exchangers-size-dn15-dn150-htv-phe001\/","og_locale":"es_ES","og_type":"article","og_title":"sus304 sus316L-Plate heat exchanger for food grade piping system","og_description":"Plate heat exchanger is an ideal equipment for indirect heat exchange and cooling by two kinds of fluids with different temperatures","og_url":"https:\/\/www.hongtaivalve.com\/es\/producto\/hongtaivalve-plate-heat-exchangers-size-dn15-dn150-htv-phe001\/","og_site_name":"Wenzhou HongTai Fluid Equipment Co.Ltd","article_modified_time":"2025-04-25T05:22:15+00:00","og_image":[{"width":800,"height":800,"url":"https:\/\/www.hongtaivalve.com\/wp-content\/uploads\/2024\/12\/e29179c48346f986dbfa94563d73a00.jpg","type":"image\/jpeg"}],"twitter_card":"summary_large_image","twitter_misc":{"Tiempo de lectura":"5 minutos"},"schema":{"@context":"https:\/\/schema.org","@graph":[{"@type":"WebPage","@id":"https:\/\/www.hongtaivalve.com\/product\/hongtaivalve-plate-heat-exchangers-size-dn15-dn150-htv-phe001\/","url":"https:\/\/www.hongtaivalve.com\/product\/hongtaivalve-plate-heat-exchangers-size-dn15-dn150-htv-phe001\/","name":"sus304 sus316L-Plate heat exchanger for food grade piping system","isPartOf":{"@id":"https:\/\/www.hongtaivalve.com\/#website"},"primaryImageOfPage":{"@id":"https:\/\/www.hongtaivalve.com\/product\/hongtaivalve-plate-heat-exchangers-size-dn15-dn150-htv-phe001\/#primaryimage"},"image":{"@id":"https:\/\/www.hongtaivalve.com\/product\/hongtaivalve-plate-heat-exchangers-size-dn15-dn150-htv-phe001\/#primaryimage"},"thumbnailUrl":"https:\/\/www.hongtaivalve.com\/wp-content\/uploads\/2024\/12\/e29179c48346f986dbfa94563d73a00.jpg","datePublished":"2024-12-13T02:39:10+00:00","dateModified":"2025-04-25T05:22:15+00:00","description":"Plate heat exchanger is an ideal equipment for indirect heat exchange and cooling by two kinds of fluids with different temperatures","breadcrumb":{"@id":"https:\/\/www.hongtaivalve.com\/product\/hongtaivalve-plate-heat-exchangers-size-dn15-dn150-htv-phe001\/#breadcrumb"},"inLanguage":"es","potentialAction":[{"@type":"ReadAction","target":["https:\/\/www.hongtaivalve.com\/product\/hongtaivalve-plate-heat-exchangers-size-dn15-dn150-htv-phe001\/"]}]},{"@type":"ImageObject","inLanguage":"es","@id":"https:\/\/www.hongtaivalve.com\/product\/hongtaivalve-plate-heat-exchangers-size-dn15-dn150-htv-phe001\/#primaryimage","url":"https:\/\/www.hongtaivalve.com\/wp-content\/uploads\/2024\/12\/e29179c48346f986dbfa94563d73a00.jpg","contentUrl":"https:\/\/www.hongtaivalve.com\/wp-content\/uploads\/2024\/12\/e29179c48346f986dbfa94563d73a00.jpg","width":800,"height":800},{"@type":"BreadcrumbList","@id":"https:\/\/www.hongtaivalve.com\/product\/hongtaivalve-plate-heat-exchangers-size-dn15-dn150-htv-phe001\/#breadcrumb","itemListElement":[{"@type":"ListItem","position":1,"name":"\u9996\u9875","item":"https:\/\/www.hongtaivalve.com\/"},{"@type":"ListItem","position":2,"name":"Product","item":"https:\/\/www.hongtaivalve.com\/product\/"},{"@type":"ListItem","position":3,"name":"HongTaivalve-PLATE HEAT EXCHANGERS-size dn15-dn150-HTV-PHE001"}]},{"@type":"WebSite","@id":"https:\/\/www.hongtaivalve.com\/#website","url":"https:\/\/www.hongtaivalve.com\/","name":"Wenzhou HongTai Fluid Equipment Co.Ltd","description":"","potentialAction":[{"@type":"SearchAction","target":{"@type":"EntryPoint","urlTemplate":"https:\/\/www.hongtaivalve.com\/?s={search_term_string}"},"query-input":{"@type":"PropertyValueSpecification","valueRequired":true,"valueName":"search_term_string"}}],"inLanguage":"es"}]}},"_links":{"self":[{"href":"https:\/\/www.hongtaivalve.com\/es\/wp-json\/wp\/v2\/product\/5533","targetHints":{"allow":["GET"]}}],"collection":[{"href":"https:\/\/www.hongtaivalve.com\/es\/wp-json\/wp\/v2\/product"}],"about":[{"href":"https:\/\/www.hongtaivalve.com\/es\/wp-json\/wp\/v2\/types\/product"}],"replies":[{"embeddable":true,"href":"https:\/\/www.hongtaivalve.com\/es\/wp-json\/wp\/v2\/comments?post=5533"}],"wp:featuredmedia":[{"embeddable":true,"href":"https:\/\/www.hongtaivalve.com\/es\/wp-json\/wp\/v2\/media\/5987"}],"wp:attachment":[{"href":"https:\/\/www.hongtaivalve.com\/es\/wp-json\/wp\/v2\/media?parent=5533"}],"wp:term":[{"taxonomy":"product_brand","embeddable":true,"href":"https:\/\/www.hongtaivalve.com\/es\/wp-json\/wp\/v2\/product_brand?post=5533"},{"taxonomy":"product_cat","embeddable":true,"href":"https:\/\/www.hongtaivalve.com\/es\/wp-json\/wp\/v2\/product_cat?post=5533"},{"taxonomy":"product_tag","embeddable":true,"href":"https:\/\/www.hongtaivalve.com\/es\/wp-json\/wp\/v2\/product_tag?post=5533"}],"curies":[{"name":"wp","href":"https:\/\/api.w.org\/{rel}","templated":true}]}}