{"id":5768,"date":"2024-12-18T06:22:10","date_gmt":"2024-12-18T06:22:10","guid":{"rendered":"https:\/\/www.hongtaivalve.com\/?post_type=product&#038;p=5768"},"modified":"2024-12-24T02:14:46","modified_gmt":"2024-12-24T02:14:46","slug":"hongtai-fluid-equipment-food-grade-sanitary-pipe-holder-size-dn15-dn150-htv-ph001","status":"publish","type":"product","link":"https:\/\/www.hongtaivalve.com\/es\/producto\/hongtai-fluid-equipment-food-grade-sanitary-pipe-holder-size-dn15-dn150-htv-ph001\/","title":{"rendered":"HongTai Fluid Equipment de grado alimenticio-Sanitaria Pipe Holder-tama\u00f1o dn15-dn150 HTV-PH001"},"content":{"rendered":"<p>En <strong>Portatubos de acero inoxidable para uso alimentario<\/strong>\u00a0est\u00e1 dise\u00f1ado para proporcionar un soporte fiable a los sistemas de tuber\u00edas sanitarias. Construida con acero inoxidable de alta calidad, garantiza durabilidad y resistencia a la corrosi\u00f3n, lo que la convierte en una excelente opci\u00f3n para aplicaciones de grado alimentario y farmac\u00e9utico. Con una amplia gama de tama\u00f1os de DN15 a DN150, es adecuada para diversos usos industriales.<\/p>\n<p><strong>Caracter\u00edsticas<\/strong>:<\/p>\n<ul>\n<li><strong>Material<\/strong>: Acero inoxidable de primera calidad para un rendimiento e higiene duraderos.<\/li>\n<li><strong>Tama\u00f1os<\/strong>: DN15 a DN150, adapt\u00e1ndose a una gran variedad de necesidades de tuber\u00edas.<\/li>\n<li><strong>Aplicaciones<\/strong>: Ideal para las industrias alimentaria, de bebidas, farmac\u00e9utica y qu\u00edmica.<\/li>\n<li><strong>Durabilidad<\/strong>: Resistente a la corrosi\u00f3n y dise\u00f1ado para entornos exigentes.<\/li>\n<li><strong>F\u00e1cil instalaci\u00f3n<\/strong>: Compatible con sistemas de tuber\u00edas sanitarias est\u00e1ndar.<\/li>\n<\/ul>\n<p><strong>\u00bfPor qu\u00e9 elegir este colgador de tuber\u00edas?<\/strong><\/p>\n<ol>\n<li>De confianza <strong>proveedores de accesorios de tuber\u00eda de acero inoxidable<\/strong> por calidad y fiabilidad.<\/li>\n<li>Dise\u00f1ado para <strong>entornos sanitarios<\/strong>Garantizar la limpieza y la seguridad.<\/li>\n<li>Facilita la gesti\u00f3n eficaz de los sistemas de tuber\u00edas en entornos industriales.<\/li>\n<\/ol>\n<p>Ya sea para la producci\u00f3n de alimentos, la fabricaci\u00f3n de cerveza o el procesamiento qu\u00edmico, este colgador de tuber\u00edas ofrece un rendimiento y una higiene fiables.<\/p>\n<h3><\/h3>\n<h3><\/h3>\n<h3><span style=\"color: #ff0000;\">Instrucciones de embalaje del producto\uff1a<\/span><\/h3>\n<p>Cada producto se embala primero individualmente en una bolsa de espuma y luego se coloca cuidadosamente en una caja de cart\u00f3n designada. Por \u00faltimo, se paletiza o se embala en una caja de madera de exportaci\u00f3n. Todo el proceso de embalaje se ejecuta rigurosamente para evitar cualquier da\u00f1o durante el transporte.<\/p>\n<p><a href=\"https:\/\/www.hongtaivalve.com\/wp-content\/uploads\/2024\/12\/bff1bcccc5a0ea96dc966472238e3cf.jpg\"><img fetchpriority=\"high\" decoding=\"async\" class=\"wp-image-5769 aligncenter\" src=\"https:\/\/www.hongtaivalve.com\/wp-content\/uploads\/2024\/12\/bff1bcccc5a0ea96dc966472238e3cf.jpg\" alt=\"\" width=\"513\" height=\"513\" srcset=\"https:\/\/www.hongtaivalve.com\/wp-content\/uploads\/2024\/12\/bff1bcccc5a0ea96dc966472238e3cf.jpg 1000w, https:\/\/www.hongtaivalve.com\/wp-content\/uploads\/2024\/12\/bff1bcccc5a0ea96dc966472238e3cf-300x300.jpg 300w, https:\/\/www.hongtaivalve.com\/wp-content\/uploads\/2024\/12\/bff1bcccc5a0ea96dc966472238e3cf-150x150.jpg 150w, https:\/\/www.hongtaivalve.com\/wp-content\/uploads\/2024\/12\/bff1bcccc5a0ea96dc966472238e3cf-768x768.jpg 768w, https:\/\/www.hongtaivalve.com\/wp-content\/uploads\/2024\/12\/bff1bcccc5a0ea96dc966472238e3cf-12x12.jpg 12w, https:\/\/www.hongtaivalve.com\/wp-content\/uploads\/2024\/12\/bff1bcccc5a0ea96dc966472238e3cf-800x800.jpg 800w, https:\/\/www.hongtaivalve.com\/wp-content\/uploads\/2024\/12\/bff1bcccc5a0ea96dc966472238e3cf-100x100.jpg 100w\" sizes=\"(max-width: 513px) 100vw, 513px\" \/><\/a><\/p>\n<p><strong>Qui\u00e9nes somos<\/strong><\/p>\n<p>En HongTai, nos especializamos en v\u00e1lvulas sanitarias de alta calidad y accesorios de tuber\u00eda de acero inoxidable, sirviendo a industrias clave como la farmac\u00e9utica, procesamiento de alimentos y productos qu\u00edmicos. Fabricados con acero inoxidable 304, 316 y 316L de primera calidad, nuestros productos ofrecen una excelente resistencia a la corrosi\u00f3n y se elaboran utilizando t\u00e9cnicas de fabricaci\u00f3n avanzadas como corte por l\u00e1ser y soldadura de precisi\u00f3n. Dise\u00f1adas para la higiene y la integridad de los fluidos, las v\u00e1lvulas de HongTai son la opci\u00f3n ideal para las industrias que requieren una limpieza \u00f3ptima y un rendimiento duradero.<\/p>\n<p>&nbsp;<\/p>\n<p><a href=\"https:\/\/www.hongtaivalve.com\/wp-content\/uploads\/2024\/12\/2efad8255a88820383829ce2a75fcb9-1.jpg\"><img decoding=\"async\" class=\"wp-image-5949 aligncenter\" src=\"https:\/\/www.hongtaivalve.com\/wp-content\/uploads\/2024\/12\/2efad8255a88820383829ce2a75fcb9-1.jpg\" alt=\"\" width=\"673\" height=\"436\" srcset=\"https:\/\/www.hongtaivalve.com\/wp-content\/uploads\/2024\/12\/2efad8255a88820383829ce2a75fcb9-1.jpg 985w, https:\/\/www.hongtaivalve.com\/wp-content\/uploads\/2024\/12\/2efad8255a88820383829ce2a75fcb9-1-300x194.jpg 300w, https:\/\/www.hongtaivalve.com\/wp-content\/uploads\/2024\/12\/2efad8255a88820383829ce2a75fcb9-1-768x497.jpg 768w, https:\/\/www.hongtaivalve.com\/wp-content\/uploads\/2024\/12\/2efad8255a88820383829ce2a75fcb9-1-18x12.jpg 18w, https:\/\/www.hongtaivalve.com\/wp-content\/uploads\/2024\/12\/2efad8255a88820383829ce2a75fcb9-1-800x518.jpg 800w\" sizes=\"(max-width: 673px) 100vw, 673px\" \/><\/a><\/p>\n<p><strong>Por qu\u00e9 elegirnos<\/strong><\/p>\n<p><strong>Garant\u00eda de calidad:<\/strong> Mantenemos un estricto control de todas las fases de producci\u00f3n, desde las materias primas hasta los productos acabados, garantizando el cumplimiento de la norma ISO9001 y las certificaciones internacionales, incluidas las normas 3A, DIN e ISO.<\/p>\n<p><strong>Experiencia en el sector:<\/strong> D\u00e9cadas de experiencia en soluciones para industrias cr\u00edticas como la alimentaria, la de bebidas y la farmac\u00e9utica.<\/p>\n<p><strong>Tecnolog\u00eda avanzada:<\/strong> Nuestras instalaciones de \u00faltima generaci\u00f3n, que incluyen tornos CNC y herramientas de precisi\u00f3n actualizados peri\u00f3dicamente, garantizan una gran precisi\u00f3n superficial y tolerancias ajustadas para cada producto.<\/p>\n<p><strong>100% Inspecci\u00f3n:<\/strong> Todos los productos se someten a rigurosas pruebas, incluida la detecci\u00f3n de fugas en v\u00e1lvulas y tama\u00f1os, para garantizar una calidad impecable antes de salir de nuestras instalaciones.<\/p>\n<p><strong>Alcance mundial:<\/strong> Empresas de todo el mundo conf\u00edan en nuestra calidad constante y nuestras entregas puntuales.<\/p>\n<p>Elija HongTai por su inigualable fiabilidad, rendimiento e innovaci\u00f3n en soluciones de valvuler\u00eda y accesorios de tuber\u00edas.<\/p>\n<p>&nbsp;<\/p>\n<p><strong>P\u00f3ngase en contacto con nosotros<\/strong><br \/>\nPara m\u00e1s informaci\u00f3n o para hablar de sus necesidades, p\u00f3ngase en contacto con nosotros:<br \/>\nCorreo electr\u00f3nico: ht@htcdf.com<br \/>\nwhatsapp: (86)18875809195<br \/>\nTambi\u00e9n puede visitar nuestra <span style=\"color: #0000ff;\"><a style=\"color: #0000ff;\" href=\"https:\/\/www.hongtaivalve.com\/es\/contact-us\/\" target=\"_blank\" rel=\"noopener\">Contacte con nosotros<\/a> <\/span>para m\u00e1s formas de ponerse en contacto.<\/p>\n<p>&nbsp;<\/p>\n<p>&nbsp;<\/p>","protected":false},"excerpt":{"rendered":"<table style=\"height: 264px;\" width=\"1015\">\n<tbody>\n<tr>\n<td width=\"207\"><strong><b>Talla<\/b><\/strong><\/td>\n<td width=\"217\"><strong>\u00a0A<\/strong><\/td>\n<td width=\"214\"><strong>B<\/strong><\/td>\n<td width=\"348\"><\/td>\n<\/tr>\n<tr>\n<td>1\"<\/td>\n<td>61.0<\/td>\n<td>25.4<\/td>\n<td><\/td>\n<\/tr>\n<tr>\n<td>1-1\/4\"<\/td>\n<td>64.0<\/td>\n<td>31.8<\/td>\n<td><\/td>\n<\/tr>\n<tr>\n<td>1-1\/2\"<\/td>\n<td>67.0<\/td>\n<td>38.1<\/td>\n<td><\/td>\n<\/tr>\n<tr>\n<td>2\"<\/td>\n<td>74.0<\/td>\n<td>50.8<\/td>\n<td><\/td>\n<\/tr>\n<tr>\n<td>2-1\/2&#8243;<\/td>\n<td>80.0<\/td>\n<td>63.5<\/td>\n<td><\/td>\n<\/tr>\n<tr>\n<td>3&#8243;<\/td>\n<td>86.0<\/td>\n<td>76.2<\/td>\n<td><\/td>\n<\/tr>\n<tr>\n<td>3-1\/2&#8243;<\/td>\n<td>93.0<\/td>\n<td>89.0<\/td>\n<td><\/td>\n<\/tr>\n<tr>\n<td>4&#8243;<\/td>\n<td>100.0<\/td>\n<td>101.6<\/td>\n<td><\/td>\n<\/tr>\n<tr>\n<td>4-1\/4&#8243;<\/td>\n<td>102.0<\/td>\n<td>108.0<\/td>\n<td><\/td>\n<\/tr>\n<\/tbody>\n<\/table>","protected":false},"featured_media":5769,"comment_status":"open","ping_status":"closed","template":"","meta":[],"product_brand":[],"product_cat":[119],"product_tag":[],"class_list":{"0":"post-5768","1":"product","2":"type-product","3":"status-publish","4":"has-post-thumbnail","6":"product_cat-pipe-holder","8":"first","9":"instock","10":"shipping-taxable","11":"product-type-simple"},"yoast_head":"<!-- This site is optimized with the Yoast SEO plugin v24.6 - https:\/\/yoast.com\/wordpress\/plugins\/seo\/ -->\n<title>Food grade-Sanitary Pipe Holder DN15-DN150<\/title>\n<meta name=\"description\" content=\"Discover premium Sanitary Pipe Holder . Ideal for food-grade sanitary systems. Supplied by leading stainless steel pipe fittings suppliers.\" \/>\n<meta name=\"robots\" content=\"index, follow, max-snippet:-1, max-image-preview:large, max-video-preview:-1\" \/>\n<link rel=\"canonical\" href=\"https:\/\/www.hongtaivalve.com\/es\/producto\/hongtai-fluid-equipment-food-grade-sanitary-pipe-holder-size-dn15-dn150-htv-ph001\/\" \/>\n<meta property=\"og:locale\" content=\"es_ES\" \/>\n<meta property=\"og:type\" content=\"article\" \/>\n<meta property=\"og:title\" content=\"Food grade-Sanitary Pipe Holder DN15-DN150\" \/>\n<meta property=\"og:description\" content=\"Discover premium Sanitary Pipe Holder . Ideal for food-grade sanitary systems. Supplied by leading stainless steel pipe fittings suppliers.\" \/>\n<meta property=\"og:url\" content=\"https:\/\/www.hongtaivalve.com\/es\/producto\/hongtai-fluid-equipment-food-grade-sanitary-pipe-holder-size-dn15-dn150-htv-ph001\/\" \/>\n<meta property=\"og:site_name\" content=\"Wenzhou HongTai Fluid Equipment Co.Ltd\" \/>\n<meta property=\"article:modified_time\" content=\"2024-12-24T02:14:46+00:00\" \/>\n<meta property=\"og:image\" content=\"https:\/\/www.hongtaivalve.com\/wp-content\/uploads\/2024\/12\/bff1bcccc5a0ea96dc966472238e3cf.jpg\" \/>\n\t<meta property=\"og:image:width\" content=\"1000\" \/>\n\t<meta property=\"og:image:height\" content=\"1000\" \/>\n\t<meta property=\"og:image:type\" content=\"image\/jpeg\" \/>\n<meta name=\"twitter:card\" content=\"summary_large_image\" \/>\n<meta name=\"twitter:label1\" content=\"Tiempo de lectura\" \/>\n\t<meta name=\"twitter:data1\" content=\"3 minutos\" \/>\n<script type=\"application\/ld+json\" class=\"yoast-schema-graph\">{\"@context\":\"https:\/\/schema.org\",\"@graph\":[{\"@type\":\"WebPage\",\"@id\":\"https:\/\/www.hongtaivalve.com\/product\/hongtai-fluid-equipment-food-grade-sanitary-pipe-holder-size-dn15-dn150-htv-ph001\/\",\"url\":\"https:\/\/www.hongtaivalve.com\/product\/hongtai-fluid-equipment-food-grade-sanitary-pipe-holder-size-dn15-dn150-htv-ph001\/\",\"name\":\"Food grade-Sanitary Pipe Holder DN15-DN150\",\"isPartOf\":{\"@id\":\"https:\/\/www.hongtaivalve.com\/#website\"},\"primaryImageOfPage\":{\"@id\":\"https:\/\/www.hongtaivalve.com\/product\/hongtai-fluid-equipment-food-grade-sanitary-pipe-holder-size-dn15-dn150-htv-ph001\/#primaryimage\"},\"image\":{\"@id\":\"https:\/\/www.hongtaivalve.com\/product\/hongtai-fluid-equipment-food-grade-sanitary-pipe-holder-size-dn15-dn150-htv-ph001\/#primaryimage\"},\"thumbnailUrl\":\"https:\/\/www.hongtaivalve.com\/wp-content\/uploads\/2024\/12\/bff1bcccc5a0ea96dc966472238e3cf.jpg\",\"datePublished\":\"2024-12-18T06:22:10+00:00\",\"dateModified\":\"2024-12-24T02:14:46+00:00\",\"description\":\"Discover premium Sanitary Pipe Holder . Ideal for food-grade sanitary systems. Supplied by leading stainless steel pipe fittings suppliers.\",\"breadcrumb\":{\"@id\":\"https:\/\/www.hongtaivalve.com\/product\/hongtai-fluid-equipment-food-grade-sanitary-pipe-holder-size-dn15-dn150-htv-ph001\/#breadcrumb\"},\"inLanguage\":\"es\",\"potentialAction\":[{\"@type\":\"ReadAction\",\"target\":[\"https:\/\/www.hongtaivalve.com\/product\/hongtai-fluid-equipment-food-grade-sanitary-pipe-holder-size-dn15-dn150-htv-ph001\/\"]}]},{\"@type\":\"ImageObject\",\"inLanguage\":\"es\",\"@id\":\"https:\/\/www.hongtaivalve.com\/product\/hongtai-fluid-equipment-food-grade-sanitary-pipe-holder-size-dn15-dn150-htv-ph001\/#primaryimage\",\"url\":\"https:\/\/www.hongtaivalve.com\/wp-content\/uploads\/2024\/12\/bff1bcccc5a0ea96dc966472238e3cf.jpg\",\"contentUrl\":\"https:\/\/www.hongtaivalve.com\/wp-content\/uploads\/2024\/12\/bff1bcccc5a0ea96dc966472238e3cf.jpg\",\"width\":1000,\"height\":1000},{\"@type\":\"BreadcrumbList\",\"@id\":\"https:\/\/www.hongtaivalve.com\/product\/hongtai-fluid-equipment-food-grade-sanitary-pipe-holder-size-dn15-dn150-htv-ph001\/#breadcrumb\",\"itemListElement\":[{\"@type\":\"ListItem\",\"position\":1,\"name\":\"\u9996\u9875\",\"item\":\"https:\/\/www.hongtaivalve.com\/\"},{\"@type\":\"ListItem\",\"position\":2,\"name\":\"Product\",\"item\":\"https:\/\/www.hongtaivalve.com\/product\/\"},{\"@type\":\"ListItem\",\"position\":3,\"name\":\"HongTai Fluid Equipment food grade-Sanitary Pipe Holder-size \u00a0dn15-dn150 HTV-PH001\"}]},{\"@type\":\"WebSite\",\"@id\":\"https:\/\/www.hongtaivalve.com\/#website\",\"url\":\"https:\/\/www.hongtaivalve.com\/\",\"name\":\"Wenzhou HongTai Fluid Equipment Co.Ltd\",\"description\":\"\",\"potentialAction\":[{\"@type\":\"SearchAction\",\"target\":{\"@type\":\"EntryPoint\",\"urlTemplate\":\"https:\/\/www.hongtaivalve.com\/?s={search_term_string}\"},\"query-input\":{\"@type\":\"PropertyValueSpecification\",\"valueRequired\":true,\"valueName\":\"search_term_string\"}}],\"inLanguage\":\"es\"}]}<\/script>\n<!-- \/ Yoast SEO plugin. -->","yoast_head_json":{"title":"Food grade-Sanitary Pipe Holder DN15-DN150","description":"Discover premium Sanitary Pipe Holder . Ideal for food-grade sanitary systems. Supplied by leading stainless steel pipe fittings suppliers.","robots":{"index":"index","follow":"follow","max-snippet":"max-snippet:-1","max-image-preview":"max-image-preview:large","max-video-preview":"max-video-preview:-1"},"canonical":"https:\/\/www.hongtaivalve.com\/es\/producto\/hongtai-fluid-equipment-food-grade-sanitary-pipe-holder-size-dn15-dn150-htv-ph001\/","og_locale":"es_ES","og_type":"article","og_title":"Food grade-Sanitary Pipe Holder DN15-DN150","og_description":"Discover premium Sanitary Pipe Holder . Ideal for food-grade sanitary systems. Supplied by leading stainless steel pipe fittings suppliers.","og_url":"https:\/\/www.hongtaivalve.com\/es\/producto\/hongtai-fluid-equipment-food-grade-sanitary-pipe-holder-size-dn15-dn150-htv-ph001\/","og_site_name":"Wenzhou HongTai Fluid Equipment Co.Ltd","article_modified_time":"2024-12-24T02:14:46+00:00","og_image":[{"width":1000,"height":1000,"url":"https:\/\/www.hongtaivalve.com\/wp-content\/uploads\/2024\/12\/bff1bcccc5a0ea96dc966472238e3cf.jpg","type":"image\/jpeg"}],"twitter_card":"summary_large_image","twitter_misc":{"Tiempo de lectura":"3 minutos"},"schema":{"@context":"https:\/\/schema.org","@graph":[{"@type":"WebPage","@id":"https:\/\/www.hongtaivalve.com\/product\/hongtai-fluid-equipment-food-grade-sanitary-pipe-holder-size-dn15-dn150-htv-ph001\/","url":"https:\/\/www.hongtaivalve.com\/product\/hongtai-fluid-equipment-food-grade-sanitary-pipe-holder-size-dn15-dn150-htv-ph001\/","name":"Food grade-Sanitary Pipe Holder DN15-DN150","isPartOf":{"@id":"https:\/\/www.hongtaivalve.com\/#website"},"primaryImageOfPage":{"@id":"https:\/\/www.hongtaivalve.com\/product\/hongtai-fluid-equipment-food-grade-sanitary-pipe-holder-size-dn15-dn150-htv-ph001\/#primaryimage"},"image":{"@id":"https:\/\/www.hongtaivalve.com\/product\/hongtai-fluid-equipment-food-grade-sanitary-pipe-holder-size-dn15-dn150-htv-ph001\/#primaryimage"},"thumbnailUrl":"https:\/\/www.hongtaivalve.com\/wp-content\/uploads\/2024\/12\/bff1bcccc5a0ea96dc966472238e3cf.jpg","datePublished":"2024-12-18T06:22:10+00:00","dateModified":"2024-12-24T02:14:46+00:00","description":"Discover premium Sanitary Pipe Holder . Ideal for food-grade sanitary systems. Supplied by leading stainless steel pipe fittings suppliers.","breadcrumb":{"@id":"https:\/\/www.hongtaivalve.com\/product\/hongtai-fluid-equipment-food-grade-sanitary-pipe-holder-size-dn15-dn150-htv-ph001\/#breadcrumb"},"inLanguage":"es","potentialAction":[{"@type":"ReadAction","target":["https:\/\/www.hongtaivalve.com\/product\/hongtai-fluid-equipment-food-grade-sanitary-pipe-holder-size-dn15-dn150-htv-ph001\/"]}]},{"@type":"ImageObject","inLanguage":"es","@id":"https:\/\/www.hongtaivalve.com\/product\/hongtai-fluid-equipment-food-grade-sanitary-pipe-holder-size-dn15-dn150-htv-ph001\/#primaryimage","url":"https:\/\/www.hongtaivalve.com\/wp-content\/uploads\/2024\/12\/bff1bcccc5a0ea96dc966472238e3cf.jpg","contentUrl":"https:\/\/www.hongtaivalve.com\/wp-content\/uploads\/2024\/12\/bff1bcccc5a0ea96dc966472238e3cf.jpg","width":1000,"height":1000},{"@type":"BreadcrumbList","@id":"https:\/\/www.hongtaivalve.com\/product\/hongtai-fluid-equipment-food-grade-sanitary-pipe-holder-size-dn15-dn150-htv-ph001\/#breadcrumb","itemListElement":[{"@type":"ListItem","position":1,"name":"\u9996\u9875","item":"https:\/\/www.hongtaivalve.com\/"},{"@type":"ListItem","position":2,"name":"Product","item":"https:\/\/www.hongtaivalve.com\/product\/"},{"@type":"ListItem","position":3,"name":"HongTai Fluid Equipment food grade-Sanitary Pipe Holder-size \u00a0dn15-dn150 HTV-PH001"}]},{"@type":"WebSite","@id":"https:\/\/www.hongtaivalve.com\/#website","url":"https:\/\/www.hongtaivalve.com\/","name":"Wenzhou HongTai Fluid Equipment Co.Ltd","description":"","potentialAction":[{"@type":"SearchAction","target":{"@type":"EntryPoint","urlTemplate":"https:\/\/www.hongtaivalve.com\/?s={search_term_string}"},"query-input":{"@type":"PropertyValueSpecification","valueRequired":true,"valueName":"search_term_string"}}],"inLanguage":"es"}]}},"_links":{"self":[{"href":"https:\/\/www.hongtaivalve.com\/es\/wp-json\/wp\/v2\/product\/5768","targetHints":{"allow":["GET"]}}],"collection":[{"href":"https:\/\/www.hongtaivalve.com\/es\/wp-json\/wp\/v2\/product"}],"about":[{"href":"https:\/\/www.hongtaivalve.com\/es\/wp-json\/wp\/v2\/types\/product"}],"replies":[{"embeddable":true,"href":"https:\/\/www.hongtaivalve.com\/es\/wp-json\/wp\/v2\/comments?post=5768"}],"wp:featuredmedia":[{"embeddable":true,"href":"https:\/\/www.hongtaivalve.com\/es\/wp-json\/wp\/v2\/media\/5769"}],"wp:attachment":[{"href":"https:\/\/www.hongtaivalve.com\/es\/wp-json\/wp\/v2\/media?parent=5768"}],"wp:term":[{"taxonomy":"product_brand","embeddable":true,"href":"https:\/\/www.hongtaivalve.com\/es\/wp-json\/wp\/v2\/product_brand?post=5768"},{"taxonomy":"product_cat","embeddable":true,"href":"https:\/\/www.hongtaivalve.com\/es\/wp-json\/wp\/v2\/product_cat?post=5768"},{"taxonomy":"product_tag","embeddable":true,"href":"https:\/\/www.hongtaivalve.com\/es\/wp-json\/wp\/v2\/product_tag?post=5768"}],"curies":[{"name":"wp","href":"https:\/\/api.w.org\/{rel}","templated":true}]}}