{"id":5979,"date":"2024-12-25T05:38:39","date_gmt":"2024-12-25T05:38:39","guid":{"rendered":"https:\/\/www.hongtaivalve.com\/?post_type=product&#038;p=5979"},"modified":"2025-04-24T05:20:28","modified_gmt":"2025-04-24T05:20:28","slug":"hongtaivalve-sanitary-food-grade-clamped-butterfly-valve-size-dn15-dn150-htv-buv007","status":"publish","type":"product","link":"https:\/\/www.hongtaivalve.com\/es\/producto\/hongtaivalve-sanitary-food-grade-clamped-butterfly-valve-size-dn15-dn150-htv-buv007\/","title":{"rendered":"Hongtaivalve-v\u00e1lvula de mariposa con abrazadera de grado alimentario sanitario-tama\u00f1o dn15-dn150-HTV-BUV007"},"content":{"rendered":"<p>La v\u00e1lvula de mariposa de grado de salud es una v\u00e1lvula especialmente dise\u00f1ada para el proceso de grado de salud, con una estructura simple, operaci\u00f3n conveniente, buen rendimiento de sellado y otras ventajas. La v\u00e1lvula est\u00e1 hecha de materiales de grado de salud, que pueden cumplir con los requisitos de la industria de alimentos y medicinas para el grado de salud. Las v\u00e1lvulas de la serie de grado de salud de HONGTAI VALVE se lanzan para las industrias de alimentos, bebidas, medicina y electr\u00f3nica, entre las cuales la v\u00e1lvula de mariposa tiene 304, 316 y otros materiales para la selecci\u00f3n.<\/p>\n<div>**Sanitary Quick-Connect Butterfly Valve**<\/div>\n<div>*Hygienic Tri-Clamp (ISO 2852) \/ DIN 11851 \/ SMS Flange Valve*<\/div>\n<div>Crafted from 316L SS with electropolished finish (Ra \u22640.8\u03bcm), this valve ensures zero bacterial adhesion. Features EPDM\/FKM\/PTFE seals, full-bore design, and CIP\/SIP compatibility. Ideal for pharma, dairy, and beverage lines. Global terms: *Clamp-Style Butterfly Valve* (US), *Hygienic Wafer Valve* (EU), *Aseptic DIN Valve*. Compatible with Tri-Clover ferrules, sanitary tubing, and CIP manifolds.<\/div>\n<div><\/div>\n<div><\/div>\n<div>&#8212;<\/div>\n<div>**Key Terms**: Tri-Clamp, DIN 11851, SMS, CIP\/SIP, Aseptic Valve, Hygienic Wafer Valve.<\/div>\n<p>La aplicaci\u00f3n de la v\u00e1lvula de mariposa sanitaria en la industria de la alimentaci\u00f3n y la medicina incluye principalmente los siguientes aspectos:<\/p>\n<p>1 industria farmac\u00e9utica: puede utilizarse en diversas tuber\u00edas del proceso farmac\u00e9utico, como tuber\u00edas de medicamentos l\u00edquidos, tuber\u00edas de tratamiento de aguas, etc.<\/p>\n<p>2 industria alimentaria: se puede utilizar en varias tuber\u00edas de la l\u00ednea de producci\u00f3n de alimentos, como tuber\u00edas de bebidas, tuber\u00edas de leche, etc.<\/p>\n<p>3 industria de equipos m\u00e9dicos: la v\u00e1lvula de mariposa de grado sanitario se puede utilizar en varias tuber\u00edas en la fabricaci\u00f3n de equipos m\u00e9dicos, como la tuber\u00eda de gas m\u00e9dico, la tuber\u00eda de infusi\u00f3n, etc.<\/p>\n<p>La aplicaci\u00f3n de la v\u00e1lvula de mariposa de grado sanitario en la industria de alimentos y medicinas tiene las siguientes ventajas:<\/p>\n<p>1 buen rendimiento de sellado: la v\u00e1lvula de mariposa de grado sanitario est\u00e1 hecha de materiales con buen rendimiento de sellado, lo que puede garantizar el sellado de la tuber\u00eda y evitar la contaminaci\u00f3n de los productos alimenticios y medicinales.<\/p>\n<p>2 Funcionamiento c\u00f3modo: tiene las ventajas de una estructura sencilla y un funcionamiento c\u00f3modo, y puede abrirse y cerrarse f\u00e1cilmente.<\/p>\n<p>3 adaptabilidad: puede adaptarse a una variedad de diferentes entornos de trabajo y la temperatura, puede satisfacer los requisitos de producci\u00f3n de diferentes alimentos y productos farmac\u00e9uticos.<\/p>\n<p>Caracter\u00edsticas de la v\u00e1lvula de mariposa sanitaria:<\/p>\n<p>1. Estructura desmontable, estructura compacta, f\u00e1cil mantenimiento;<\/p>\n<p>2. Conforme a la norma 177.2600 de la FDA;<\/p>\n<p>3. f\u00e1cil operaci\u00f3n, abrir y cerrar sin fricci\u00f3n, adecuado para condiciones de operaci\u00f3n frecuente;<\/p>\n<p>4. rango de apertura y cierre de 0~90 grados, con ajustable, el uso de la manija de posicionamiento m\u00faltiple puede ser conveniente para el control de flujo;<\/p>\n<p>5. pulido de superficies;<\/p>\n<p>6. tratamiento desengrasante.<\/p>\n<p>V\u00e1lvula y parte en contacto con el material AISI 304 o AISI 316L<br \/>\nRango de temperatura:-10 \u2103 a 95 \u2103 (selecci\u00f3n de temperatura m\u00e1s alta de caucho fluorado).<br \/>\nMaterial de sellado: EPDM (silicona)<br \/>\nEspecificaciones: DN15 ~ DN200 ISO19.05 ~ ISO101.6<br \/>\nV\u00e1lvula de mariposa sanitaria, que se utiliza ampliamente en productos l\u00e1cteos, cerveza, bebidas, zumos, ingenier\u00eda farmac\u00e9utica y otros campos.<br \/>\nAlternativamente, para controlar el flujo del medio, tambi\u00e9n se puede utilizar una palanca de tracci\u00f3n que es capaz de bloquear la v\u00e1lvula a trav\u00e9s de cuatro posiciones multifunci\u00f3n.<\/p>\n<p>&nbsp;<\/p>\n<h2><span style=\"color: #ff0000;\">Instrucciones de embalaje del producto\uff1a<\/span><\/h2>\n<p>Cada producto se embala primero individualmente en una bolsa de espuma y luego se coloca cuidadosamente en una caja de cart\u00f3n designada. Por \u00faltimo, se paletiza o se embala en una caja de madera de exportaci\u00f3n. Todo el proceso de embalaje se ejecuta rigurosamente para evitar cualquier da\u00f1o durante el transporte.<\/p>\n<p><a href=\"https:\/\/www.hongtaivalve.com\/wp-content\/uploads\/2024\/12\/084f43bdcdf3b62da0c12b1a4e10fe3.jpg\"><img fetchpriority=\"high\" decoding=\"async\" class=\"alignnone size-full wp-image-5980\" src=\"https:\/\/www.hongtaivalve.com\/wp-content\/uploads\/2024\/12\/084f43bdcdf3b62da0c12b1a4e10fe3.jpg\" alt=\"\" width=\"800\" height=\"800\" srcset=\"https:\/\/www.hongtaivalve.com\/wp-content\/uploads\/2024\/12\/084f43bdcdf3b62da0c12b1a4e10fe3.jpg 800w, https:\/\/www.hongtaivalve.com\/wp-content\/uploads\/2024\/12\/084f43bdcdf3b62da0c12b1a4e10fe3-300x300.jpg 300w, https:\/\/www.hongtaivalve.com\/wp-content\/uploads\/2024\/12\/084f43bdcdf3b62da0c12b1a4e10fe3-150x150.jpg 150w, https:\/\/www.hongtaivalve.com\/wp-content\/uploads\/2024\/12\/084f43bdcdf3b62da0c12b1a4e10fe3-768x768.jpg 768w, https:\/\/www.hongtaivalve.com\/wp-content\/uploads\/2024\/12\/084f43bdcdf3b62da0c12b1a4e10fe3-12x12.jpg 12w, https:\/\/www.hongtaivalve.com\/wp-content\/uploads\/2024\/12\/084f43bdcdf3b62da0c12b1a4e10fe3-100x100.jpg 100w\" sizes=\"(max-width: 800px) 100vw, 800px\" \/><\/a><\/p>\n<p><strong>Qui\u00e9nes somos<\/strong><\/p>\n<p>En HongTai, nos especializamos en v\u00e1lvulas sanitarias de alta calidad y accesorios de tuber\u00eda de acero inoxidable, sirviendo a industrias clave como la farmac\u00e9utica, procesamiento de alimentos y productos qu\u00edmicos. Fabricados con acero inoxidable 304, 316 y 316L de primera calidad, nuestros productos ofrecen una excelente resistencia a la corrosi\u00f3n y se elaboran utilizando t\u00e9cnicas de fabricaci\u00f3n avanzadas como corte por l\u00e1ser y soldadura de precisi\u00f3n. Dise\u00f1adas para la higiene y la integridad de los fluidos, las v\u00e1lvulas de HongTai son la opci\u00f3n ideal para las industrias que requieren una limpieza \u00f3ptima y un rendimiento duradero.<\/p>\n<p><a href=\"https:\/\/www.hongtaivalve.com\/wp-content\/uploads\/2024\/12\/2efad8255a88820383829ce2a75fcb9-1.jpg\"><img decoding=\"async\" class=\"wp-image-5949 aligncenter\" src=\"https:\/\/www.hongtaivalve.com\/wp-content\/uploads\/2024\/12\/2efad8255a88820383829ce2a75fcb9-1.jpg\" alt=\"\" width=\"641\" height=\"415\" srcset=\"https:\/\/www.hongtaivalve.com\/wp-content\/uploads\/2024\/12\/2efad8255a88820383829ce2a75fcb9-1.jpg 985w, https:\/\/www.hongtaivalve.com\/wp-content\/uploads\/2024\/12\/2efad8255a88820383829ce2a75fcb9-1-300x194.jpg 300w, https:\/\/www.hongtaivalve.com\/wp-content\/uploads\/2024\/12\/2efad8255a88820383829ce2a75fcb9-1-768x497.jpg 768w, https:\/\/www.hongtaivalve.com\/wp-content\/uploads\/2024\/12\/2efad8255a88820383829ce2a75fcb9-1-18x12.jpg 18w, https:\/\/www.hongtaivalve.com\/wp-content\/uploads\/2024\/12\/2efad8255a88820383829ce2a75fcb9-1-800x518.jpg 800w\" sizes=\"(max-width: 641px) 100vw, 641px\" \/><\/a><\/p>\n<p>&nbsp;<\/p>\n<p><strong>Por qu\u00e9 elegirnos<\/strong><\/p>\n<p><strong>Garant\u00eda de calidad:<\/strong>\u00a0Mantenemos un estricto control de todas las fases de producci\u00f3n, desde las materias primas hasta los productos acabados, garantizando el cumplimiento de la norma ISO9001 y las certificaciones internacionales, incluidas las normas 3A, DIN e ISO.<\/p>\n<p><strong>Experiencia en el sector:<\/strong>\u00a0D\u00e9cadas de experiencia en soluciones para industrias cr\u00edticas como la alimentaria, la de bebidas y la farmac\u00e9utica.<\/p>\n<p><strong>Tecnolog\u00eda avanzada:<\/strong>\u00a0Nuestras instalaciones de \u00faltima generaci\u00f3n, que incluyen tornos CNC y herramientas de precisi\u00f3n actualizados peri\u00f3dicamente, garantizan una gran precisi\u00f3n superficial y tolerancias ajustadas para cada producto.<\/p>\n<p><strong>100% Inspecci\u00f3n:<\/strong>\u00a0Todos los productos se someten a rigurosas pruebas, incluida la detecci\u00f3n de fugas en v\u00e1lvulas y tama\u00f1os, para garantizar una calidad impecable antes de salir de nuestras instalaciones.<\/p>\n<p><strong>Alcance mundial:<\/strong>\u00a0Empresas de todo el mundo conf\u00edan en nuestra calidad constante y nuestras entregas puntuales.<\/p>\n<p>Elija HongTai por su inigualable fiabilidad, rendimiento e innovaci\u00f3n en soluciones de valvuler\u00eda y accesorios de tuber\u00edas.<\/p>\n<p>&nbsp;<\/p>\n<p><strong>P\u00f3ngase en contacto con nosotros<\/strong><br \/>\nPara m\u00e1s informaci\u00f3n o para hablar de sus necesidades, p\u00f3ngase en contacto con nosotros:<br \/>\nCorreo electr\u00f3nico: ht@htcdf.com<br \/>\nwhatsapp: (86)18875809195<br \/>\nTambi\u00e9n puede visitar nuestra\u00a0<a href=\"https:\/\/www.hongtaivalve.com\/es\/contact-us\/\">Contacte con nosotros<\/a>\u00a0para m\u00e1s formas de ponerse en contacto.<\/p>\n<p>&nbsp;<\/p>","protected":false},"excerpt":{"rendered":"<table>\n<tbody>\n<tr>\n<td width=\"207\"><strong><b>N\u00ba de modelo<\/b><\/strong><\/td>\n<td width=\"217\">HT-BTV002<\/td>\n<td width=\"214\"><\/td>\n<td width=\"348\"><\/td>\n<\/tr>\n<tr>\n<td><strong><b>Presi\u00f3n m\u00e1xima de trabajo<\/b><\/strong><\/td>\n<td>1,5mpa\/15Bars<\/td>\n<td><strong><b>Extremo de conexi\u00f3n<\/b><\/strong><\/td>\n<td>Triclamp\/Soldadura\/Hilo\/Brida<\/td>\n<\/tr>\n<tr>\n<td><strong><b>Temperatura m\u00e1xima de trabajo<\/b><\/strong><\/td>\n<td>150\u00b0C<\/td>\n<td><strong><b>Operaci\u00f3n<\/b><\/strong><\/td>\n<td>Manual,Neum\u00e1tica,El\u00e9ctrica<\/td>\n<\/tr>\n<tr>\n<td><strong><b>Material del cuerpo<\/b><\/strong><\/td>\n<td>SS316L,SS304<\/td>\n<td><strong><b>Material de sellado<\/b><\/strong><\/td>\n<td>Silicona, EPDM, Viton, PTFE o NBR<\/td>\n<\/tr>\n<tr>\n<td><strong><b>Acabado de la superficie interior<\/b><\/strong><\/td>\n<td>Ra 0,5<\/td>\n<td><strong><b>Acabado exterior de la superficie: <\/b><\/strong><\/td>\n<td>Ra 0,8<\/td>\n<\/tr>\n<tr>\n<td><strong><b>Especificaci\u00f3n<\/b><\/strong><\/td>\n<td>1\/2&#8243;-12&#8243;<\/td>\n<td><strong><b>Certificaci\u00f3n<\/b><\/strong><\/td>\n<td>Informe de materias primas\/informe de calidad del producto acabado<\/td>\n<\/tr>\n<tr>\n<td><strong><b>C\u00d3DIGO SA<\/b><\/strong><\/td>\n<td>8481804090<\/td>\n<td><strong><b>Acabado<\/b><\/strong><\/td>\n<td>Pulido espejo o pulido mate<\/td>\n<\/tr>\n<tr>\n<td><strong><b>T\u00e9cnica de la materia prima<\/b><\/strong><\/td>\n<td>Forja o fundici\u00f3n<\/td>\n<td><strong><b>M\u00e1quina procesadora<\/b><\/strong><\/td>\n<td>M\u00e1quina CNC Mazak LG<\/td>\n<\/tr>\n<tr>\n<td><strong><b>Norma de dise\u00f1o<\/b><\/strong><\/td>\n<td>3A o DIN,SMS,ISO\/IDF<\/td>\n<td><strong><b>Aplicaci\u00f3n<\/b><\/strong><\/td>\n<td>Uso industrial de alimentos o bebidas<\/td>\n<\/tr>\n<tr>\n<td><strong><b>Paquete de transporte<\/b><\/strong><\/td>\n<td>Pl\u00e1stico espumado+Caja de madera<\/td>\n<td><strong><b>Origen<\/b><\/strong><\/td>\n<td>Wenzhou (China)<\/td>\n<\/tr>\n<\/tbody>\n<\/table>","protected":false},"featured_media":5980,"comment_status":"open","ping_status":"closed","template":"","meta":[],"product_brand":[],"product_cat":[15],"product_tag":[],"class_list":{"0":"post-5979","1":"product","2":"type-product","3":"status-publish","4":"has-post-thumbnail","6":"product_cat-butterfly-valve-2","8":"first","9":"instock","10":"shipping-taxable","11":"product-type-simple"},"yoast_head":"<!-- This site is optimized with the Yoast SEO plugin v24.6 - https:\/\/yoast.com\/wordpress\/plugins\/seo\/ -->\n<title>Hygienic Tri-Clamp (ISO 2852) \/ DIN 11851 \/ SMS butterfly Valve<\/title>\n<meta name=\"description\" content=\"Stainless steel Hygienic Tri-Clamp (ISO 2852) \/ DIN 11851 \/ SMS Flange butterfly Valve for pharma, dairy, and beverage lines\" \/>\n<meta name=\"robots\" content=\"index, follow, max-snippet:-1, max-image-preview:large, max-video-preview:-1\" \/>\n<link rel=\"canonical\" href=\"https:\/\/www.hongtaivalve.com\/es\/producto\/hongtaivalve-sanitary-food-grade-clamped-butterfly-valve-size-dn15-dn150-htv-buv007\/\" \/>\n<meta property=\"og:locale\" content=\"es_ES\" \/>\n<meta property=\"og:type\" content=\"article\" \/>\n<meta property=\"og:title\" content=\"Hygienic Tri-Clamp (ISO 2852) \/ DIN 11851 \/ SMS butterfly Valve\" \/>\n<meta property=\"og:description\" content=\"Stainless steel Hygienic Tri-Clamp (ISO 2852) \/ DIN 11851 \/ SMS Flange butterfly Valve for pharma, dairy, and beverage lines\" \/>\n<meta property=\"og:url\" content=\"https:\/\/www.hongtaivalve.com\/es\/producto\/hongtaivalve-sanitary-food-grade-clamped-butterfly-valve-size-dn15-dn150-htv-buv007\/\" \/>\n<meta property=\"og:site_name\" content=\"Wenzhou HongTai Fluid Equipment Co.Ltd\" \/>\n<meta property=\"article:modified_time\" content=\"2025-04-24T05:20:28+00:00\" \/>\n<meta property=\"og:image\" content=\"https:\/\/www.hongtaivalve.com\/wp-content\/uploads\/2024\/12\/084f43bdcdf3b62da0c12b1a4e10fe3.jpg\" \/>\n\t<meta property=\"og:image:width\" content=\"800\" \/>\n\t<meta property=\"og:image:height\" content=\"800\" \/>\n\t<meta property=\"og:image:type\" content=\"image\/jpeg\" \/>\n<meta name=\"twitter:card\" content=\"summary_large_image\" \/>\n<meta name=\"twitter:label1\" content=\"Tiempo de lectura\" \/>\n\t<meta name=\"twitter:data1\" content=\"5 minutos\" \/>\n<script type=\"application\/ld+json\" class=\"yoast-schema-graph\">{\"@context\":\"https:\/\/schema.org\",\"@graph\":[{\"@type\":\"WebPage\",\"@id\":\"https:\/\/www.hongtaivalve.com\/product\/hongtaivalve-sanitary-food-grade-clamped-butterfly-valve-size-dn15-dn150-htv-buv007\/\",\"url\":\"https:\/\/www.hongtaivalve.com\/product\/hongtaivalve-sanitary-food-grade-clamped-butterfly-valve-size-dn15-dn150-htv-buv007\/\",\"name\":\"Hygienic Tri-Clamp (ISO 2852) \/ DIN 11851 \/ SMS butterfly Valve\",\"isPartOf\":{\"@id\":\"https:\/\/www.hongtaivalve.com\/#website\"},\"primaryImageOfPage\":{\"@id\":\"https:\/\/www.hongtaivalve.com\/product\/hongtaivalve-sanitary-food-grade-clamped-butterfly-valve-size-dn15-dn150-htv-buv007\/#primaryimage\"},\"image\":{\"@id\":\"https:\/\/www.hongtaivalve.com\/product\/hongtaivalve-sanitary-food-grade-clamped-butterfly-valve-size-dn15-dn150-htv-buv007\/#primaryimage\"},\"thumbnailUrl\":\"https:\/\/www.hongtaivalve.com\/wp-content\/uploads\/2024\/12\/084f43bdcdf3b62da0c12b1a4e10fe3.jpg\",\"datePublished\":\"2024-12-25T05:38:39+00:00\",\"dateModified\":\"2025-04-24T05:20:28+00:00\",\"description\":\"Stainless steel Hygienic Tri-Clamp (ISO 2852) \/ DIN 11851 \/ SMS Flange butterfly Valve for pharma, dairy, and beverage lines\",\"breadcrumb\":{\"@id\":\"https:\/\/www.hongtaivalve.com\/product\/hongtaivalve-sanitary-food-grade-clamped-butterfly-valve-size-dn15-dn150-htv-buv007\/#breadcrumb\"},\"inLanguage\":\"es\",\"potentialAction\":[{\"@type\":\"ReadAction\",\"target\":[\"https:\/\/www.hongtaivalve.com\/product\/hongtaivalve-sanitary-food-grade-clamped-butterfly-valve-size-dn15-dn150-htv-buv007\/\"]}]},{\"@type\":\"ImageObject\",\"inLanguage\":\"es\",\"@id\":\"https:\/\/www.hongtaivalve.com\/product\/hongtaivalve-sanitary-food-grade-clamped-butterfly-valve-size-dn15-dn150-htv-buv007\/#primaryimage\",\"url\":\"https:\/\/www.hongtaivalve.com\/wp-content\/uploads\/2024\/12\/084f43bdcdf3b62da0c12b1a4e10fe3.jpg\",\"contentUrl\":\"https:\/\/www.hongtaivalve.com\/wp-content\/uploads\/2024\/12\/084f43bdcdf3b62da0c12b1a4e10fe3.jpg\",\"width\":800,\"height\":800},{\"@type\":\"BreadcrumbList\",\"@id\":\"https:\/\/www.hongtaivalve.com\/product\/hongtaivalve-sanitary-food-grade-clamped-butterfly-valve-size-dn15-dn150-htv-buv007\/#breadcrumb\",\"itemListElement\":[{\"@type\":\"ListItem\",\"position\":1,\"name\":\"\u9996\u9875\",\"item\":\"https:\/\/www.hongtaivalve.com\/\"},{\"@type\":\"ListItem\",\"position\":2,\"name\":\"Product\",\"item\":\"https:\/\/www.hongtaivalve.com\/product\/\"},{\"@type\":\"ListItem\",\"position\":3,\"name\":\"Hongtaivalve-sanitary food grade clamped butterfly valve-size dn15-dn150-HTV-BUV007\"}]},{\"@type\":\"WebSite\",\"@id\":\"https:\/\/www.hongtaivalve.com\/#website\",\"url\":\"https:\/\/www.hongtaivalve.com\/\",\"name\":\"Wenzhou HongTai Fluid Equipment Co.Ltd\",\"description\":\"\",\"potentialAction\":[{\"@type\":\"SearchAction\",\"target\":{\"@type\":\"EntryPoint\",\"urlTemplate\":\"https:\/\/www.hongtaivalve.com\/?s={search_term_string}\"},\"query-input\":{\"@type\":\"PropertyValueSpecification\",\"valueRequired\":true,\"valueName\":\"search_term_string\"}}],\"inLanguage\":\"es\"}]}<\/script>\n<!-- \/ Yoast SEO plugin. -->","yoast_head_json":{"title":"Hygienic Tri-Clamp (ISO 2852) \/ DIN 11851 \/ SMS butterfly Valve","description":"Stainless steel Hygienic Tri-Clamp (ISO 2852) \/ DIN 11851 \/ SMS Flange butterfly Valve for pharma, dairy, and beverage lines","robots":{"index":"index","follow":"follow","max-snippet":"max-snippet:-1","max-image-preview":"max-image-preview:large","max-video-preview":"max-video-preview:-1"},"canonical":"https:\/\/www.hongtaivalve.com\/es\/producto\/hongtaivalve-sanitary-food-grade-clamped-butterfly-valve-size-dn15-dn150-htv-buv007\/","og_locale":"es_ES","og_type":"article","og_title":"Hygienic Tri-Clamp (ISO 2852) \/ DIN 11851 \/ SMS butterfly Valve","og_description":"Stainless steel Hygienic Tri-Clamp (ISO 2852) \/ DIN 11851 \/ SMS Flange butterfly Valve for pharma, dairy, and beverage lines","og_url":"https:\/\/www.hongtaivalve.com\/es\/producto\/hongtaivalve-sanitary-food-grade-clamped-butterfly-valve-size-dn15-dn150-htv-buv007\/","og_site_name":"Wenzhou HongTai Fluid Equipment Co.Ltd","article_modified_time":"2025-04-24T05:20:28+00:00","og_image":[{"width":800,"height":800,"url":"https:\/\/www.hongtaivalve.com\/wp-content\/uploads\/2024\/12\/084f43bdcdf3b62da0c12b1a4e10fe3.jpg","type":"image\/jpeg"}],"twitter_card":"summary_large_image","twitter_misc":{"Tiempo de lectura":"5 minutos"},"schema":{"@context":"https:\/\/schema.org","@graph":[{"@type":"WebPage","@id":"https:\/\/www.hongtaivalve.com\/product\/hongtaivalve-sanitary-food-grade-clamped-butterfly-valve-size-dn15-dn150-htv-buv007\/","url":"https:\/\/www.hongtaivalve.com\/product\/hongtaivalve-sanitary-food-grade-clamped-butterfly-valve-size-dn15-dn150-htv-buv007\/","name":"Hygienic Tri-Clamp (ISO 2852) \/ DIN 11851 \/ SMS butterfly Valve","isPartOf":{"@id":"https:\/\/www.hongtaivalve.com\/#website"},"primaryImageOfPage":{"@id":"https:\/\/www.hongtaivalve.com\/product\/hongtaivalve-sanitary-food-grade-clamped-butterfly-valve-size-dn15-dn150-htv-buv007\/#primaryimage"},"image":{"@id":"https:\/\/www.hongtaivalve.com\/product\/hongtaivalve-sanitary-food-grade-clamped-butterfly-valve-size-dn15-dn150-htv-buv007\/#primaryimage"},"thumbnailUrl":"https:\/\/www.hongtaivalve.com\/wp-content\/uploads\/2024\/12\/084f43bdcdf3b62da0c12b1a4e10fe3.jpg","datePublished":"2024-12-25T05:38:39+00:00","dateModified":"2025-04-24T05:20:28+00:00","description":"Stainless steel Hygienic Tri-Clamp (ISO 2852) \/ DIN 11851 \/ SMS Flange butterfly Valve for pharma, dairy, and beverage lines","breadcrumb":{"@id":"https:\/\/www.hongtaivalve.com\/product\/hongtaivalve-sanitary-food-grade-clamped-butterfly-valve-size-dn15-dn150-htv-buv007\/#breadcrumb"},"inLanguage":"es","potentialAction":[{"@type":"ReadAction","target":["https:\/\/www.hongtaivalve.com\/product\/hongtaivalve-sanitary-food-grade-clamped-butterfly-valve-size-dn15-dn150-htv-buv007\/"]}]},{"@type":"ImageObject","inLanguage":"es","@id":"https:\/\/www.hongtaivalve.com\/product\/hongtaivalve-sanitary-food-grade-clamped-butterfly-valve-size-dn15-dn150-htv-buv007\/#primaryimage","url":"https:\/\/www.hongtaivalve.com\/wp-content\/uploads\/2024\/12\/084f43bdcdf3b62da0c12b1a4e10fe3.jpg","contentUrl":"https:\/\/www.hongtaivalve.com\/wp-content\/uploads\/2024\/12\/084f43bdcdf3b62da0c12b1a4e10fe3.jpg","width":800,"height":800},{"@type":"BreadcrumbList","@id":"https:\/\/www.hongtaivalve.com\/product\/hongtaivalve-sanitary-food-grade-clamped-butterfly-valve-size-dn15-dn150-htv-buv007\/#breadcrumb","itemListElement":[{"@type":"ListItem","position":1,"name":"\u9996\u9875","item":"https:\/\/www.hongtaivalve.com\/"},{"@type":"ListItem","position":2,"name":"Product","item":"https:\/\/www.hongtaivalve.com\/product\/"},{"@type":"ListItem","position":3,"name":"Hongtaivalve-sanitary food grade clamped butterfly valve-size dn15-dn150-HTV-BUV007"}]},{"@type":"WebSite","@id":"https:\/\/www.hongtaivalve.com\/#website","url":"https:\/\/www.hongtaivalve.com\/","name":"Wenzhou HongTai Fluid Equipment Co.Ltd","description":"","potentialAction":[{"@type":"SearchAction","target":{"@type":"EntryPoint","urlTemplate":"https:\/\/www.hongtaivalve.com\/?s={search_term_string}"},"query-input":{"@type":"PropertyValueSpecification","valueRequired":true,"valueName":"search_term_string"}}],"inLanguage":"es"}]}},"_links":{"self":[{"href":"https:\/\/www.hongtaivalve.com\/es\/wp-json\/wp\/v2\/product\/5979","targetHints":{"allow":["GET"]}}],"collection":[{"href":"https:\/\/www.hongtaivalve.com\/es\/wp-json\/wp\/v2\/product"}],"about":[{"href":"https:\/\/www.hongtaivalve.com\/es\/wp-json\/wp\/v2\/types\/product"}],"replies":[{"embeddable":true,"href":"https:\/\/www.hongtaivalve.com\/es\/wp-json\/wp\/v2\/comments?post=5979"}],"wp:featuredmedia":[{"embeddable":true,"href":"https:\/\/www.hongtaivalve.com\/es\/wp-json\/wp\/v2\/media\/5980"}],"wp:attachment":[{"href":"https:\/\/www.hongtaivalve.com\/es\/wp-json\/wp\/v2\/media?parent=5979"}],"wp:term":[{"taxonomy":"product_brand","embeddable":true,"href":"https:\/\/www.hongtaivalve.com\/es\/wp-json\/wp\/v2\/product_brand?post=5979"},{"taxonomy":"product_cat","embeddable":true,"href":"https:\/\/www.hongtaivalve.com\/es\/wp-json\/wp\/v2\/product_cat?post=5979"},{"taxonomy":"product_tag","embeddable":true,"href":"https:\/\/www.hongtaivalve.com\/es\/wp-json\/wp\/v2\/product_tag?post=5979"}],"curies":[{"name":"wp","href":"https:\/\/api.w.org\/{rel}","templated":true}]}}