{"id":6178,"date":"2025-01-03T01:55:41","date_gmt":"2025-01-03T01:55:41","guid":{"rendered":"https:\/\/www.hongtaivalve.com\/?post_type=product&#038;p=6178"},"modified":"2025-01-03T02:02:35","modified_gmt":"2025-01-03T02:02:35","slug":"hongtaivalve-stainless-steel-pressure-manhole-cover-htv-mc001","status":"publish","type":"product","link":"https:\/\/www.hongtaivalve.com\/es\/producto\/hongtaivalve-stainless-steel-pressure-manhole-cover-htv-mc001\/","title":{"rendered":"Hongtaivalve-Tapa de registro de presi\u00f3n de acero inoxidable- HTV-MC001"},"content":{"rendered":"<h2>Aplicaci\u00f3n<\/h2>\n<p>La tapa de registro de presi\u00f3n de acero inoxidable se utiliza principalmente para recipientes a presi\u00f3n en los campos de la alimentaci\u00f3n, el vino, las bebidas, la industria farmac\u00e9utica, etc.<\/p>\n<p>\u25ceTapa de registro de apertura hacia el exterior<br \/>\nVolante de pl\u00e1stico o de acero inoxidable<br \/>\n\u25ce Opci\u00f3n con brida Mirilla<br \/>\n\u25ceOpci\u00f3n con mirilla tipo Uni\u00f3n.<\/p>\n<h2><span style=\"color: #ff0000;\">Instrucciones de embalaje del producto\uff1a<\/span><\/h2>\n<p>Cada producto se embala primero individualmente en una bolsa de espuma y luego se coloca cuidadosamente en una caja de cart\u00f3n designada. Por \u00faltimo, se paletiza o se embala en una caja de madera de exportaci\u00f3n. Todo el proceso de embalaje se ejecuta rigurosamente para evitar cualquier da\u00f1o durante el transporte.<\/p>\n<p><a href=\"https:\/\/www.hongtaivalve.com\/wp-content\/uploads\/2025\/01\/Stainless-steel-pressure-manhole-cover.png\"><img fetchpriority=\"high\" decoding=\"async\" class=\"alignnone size-full wp-image-6179\" src=\"https:\/\/www.hongtaivalve.com\/wp-content\/uploads\/2025\/01\/Stainless-steel-pressure-manhole-cover.png\" alt=\"\" width=\"1000\" height=\"1000\" srcset=\"https:\/\/www.hongtaivalve.com\/wp-content\/uploads\/2025\/01\/Stainless-steel-pressure-manhole-cover.png 1000w, https:\/\/www.hongtaivalve.com\/wp-content\/uploads\/2025\/01\/Stainless-steel-pressure-manhole-cover-300x300.png 300w, https:\/\/www.hongtaivalve.com\/wp-content\/uploads\/2025\/01\/Stainless-steel-pressure-manhole-cover-150x150.png 150w, https:\/\/www.hongtaivalve.com\/wp-content\/uploads\/2025\/01\/Stainless-steel-pressure-manhole-cover-768x768.png 768w, https:\/\/www.hongtaivalve.com\/wp-content\/uploads\/2025\/01\/Stainless-steel-pressure-manhole-cover-12x12.png 12w, https:\/\/www.hongtaivalve.com\/wp-content\/uploads\/2025\/01\/Stainless-steel-pressure-manhole-cover-800x800.png 800w, https:\/\/www.hongtaivalve.com\/wp-content\/uploads\/2025\/01\/Stainless-steel-pressure-manhole-cover-100x100.png 100w\" sizes=\"(max-width: 1000px) 100vw, 1000px\" \/><\/a><\/p>\n<p>&nbsp;<\/p>\n<p>&nbsp;<\/p>\n<p>&nbsp;<\/p>\n<p><strong>Qui\u00e9nes somos<\/strong><\/p>\n<p>En HongTai, nos especializamos en v\u00e1lvulas sanitarias de alta calidad y accesorios de tuber\u00eda de acero inoxidable, sirviendo a industrias clave como la farmac\u00e9utica, procesamiento de alimentos y productos qu\u00edmicos. Fabricados con acero inoxidable 304, 316 y 316L de primera calidad, nuestros productos ofrecen una excelente resistencia a la corrosi\u00f3n y se elaboran utilizando t\u00e9cnicas de fabricaci\u00f3n avanzadas como corte por l\u00e1ser y soldadura de precisi\u00f3n. Dise\u00f1adas para la higiene y la integridad de los fluidos, las v\u00e1lvulas de HongTai son la opci\u00f3n ideal para las industrias que requieren una limpieza \u00f3ptima y un rendimiento duradero.<\/p>\n<p>&nbsp;<\/p>\n<p><a href=\"https:\/\/www.hongtaivalve.com\/wp-content\/uploads\/2024\/12\/2efad8255a88820383829ce2a75fcb9-1.jpg\"><img decoding=\"async\" class=\"wp-image-5949 aligncenter\" src=\"https:\/\/www.hongtaivalve.com\/wp-content\/uploads\/2024\/12\/2efad8255a88820383829ce2a75fcb9-1.jpg\" alt=\"\" width=\"650\" height=\"421\" srcset=\"https:\/\/www.hongtaivalve.com\/wp-content\/uploads\/2024\/12\/2efad8255a88820383829ce2a75fcb9-1.jpg 985w, https:\/\/www.hongtaivalve.com\/wp-content\/uploads\/2024\/12\/2efad8255a88820383829ce2a75fcb9-1-300x194.jpg 300w, https:\/\/www.hongtaivalve.com\/wp-content\/uploads\/2024\/12\/2efad8255a88820383829ce2a75fcb9-1-768x497.jpg 768w, https:\/\/www.hongtaivalve.com\/wp-content\/uploads\/2024\/12\/2efad8255a88820383829ce2a75fcb9-1-18x12.jpg 18w, https:\/\/www.hongtaivalve.com\/wp-content\/uploads\/2024\/12\/2efad8255a88820383829ce2a75fcb9-1-800x518.jpg 800w\" sizes=\"(max-width: 650px) 100vw, 650px\" \/><\/a><\/p>\n<p><strong>Por qu\u00e9 elegirnos<\/strong><\/p>\n<p><strong>Garant\u00eda de calidad:<\/strong>\u00a0Mantenemos un estricto control de todas las fases de producci\u00f3n, desde las materias primas hasta los productos acabados, garantizando el cumplimiento de la norma ISO9001 y las certificaciones internacionales, incluidas las normas 3A, DIN e ISO.<\/p>\n<p><strong>Experiencia en el sector:<\/strong>\u00a0D\u00e9cadas de experiencia en soluciones para industrias cr\u00edticas como la alimentaria, la de bebidas y la farmac\u00e9utica.<\/p>\n<p><strong>Tecnolog\u00eda avanzada:<\/strong>\u00a0Nuestras instalaciones de \u00faltima generaci\u00f3n, que incluyen tornos CNC y herramientas de precisi\u00f3n actualizados peri\u00f3dicamente, garantizan una gran precisi\u00f3n superficial y tolerancias ajustadas para cada producto.<\/p>\n<p><strong>100% Inspecci\u00f3n:<\/strong>\u00a0Todos los productos se someten a rigurosas pruebas, incluida la detecci\u00f3n de fugas en v\u00e1lvulas y tama\u00f1os, para garantizar una calidad impecable antes de salir de nuestras instalaciones.<\/p>\n<p><strong>Alcance mundial:<\/strong>\u00a0Empresas de todo el mundo conf\u00edan en nuestra calidad constante y nuestras entregas puntuales.<\/p>\n<p>Elija HongTai por su inigualable fiabilidad, rendimiento e innovaci\u00f3n en soluciones de valvuler\u00eda y accesorios de tuber\u00edas.<\/p>\n<p>&nbsp;<\/p>\n<p><strong>P\u00f3ngase en contacto con nosotros<\/strong><br \/>\nPara m\u00e1s informaci\u00f3n o para hablar de sus necesidades, p\u00f3ngase en contacto con nosotros:<br \/>\nCorreo electr\u00f3nico: ht@htcdf.com<br \/>\nwhatsapp: (86)18875809195<br \/>\nTambi\u00e9n puede visitar nuestra\u00a0<a href=\"https:\/\/www.hongtaivalve.com\/es\/contact-us\/\" target=\"_blank\" rel=\"noopener\">Contacte con nosotros<\/a>\u00a0para m\u00e1s formas de ponerse en contacto.<\/p>\n<p>&nbsp;<\/p>","protected":false},"excerpt":{"rendered":"<table>\n<tbody>\n<tr>\n<td width=\"207\"><strong><b>N\u00ba de modelo<\/b><\/strong><\/td>\n<td width=\"217\">HT-MC001<\/td>\n<td width=\"214\"><strong>Material<\/strong><\/td>\n<td width=\"348\">SS304\uff0cSS316L<\/td>\n<\/tr>\n<tr>\n<td><strong>Superficie<\/strong><\/td>\n<td>Ra0,8um-0,5um<\/td>\n<td><strong>Talla<\/strong><\/td>\n<td>400\/350\/400\/450\/500\/600 \/800<\/td>\n<\/tr>\n<tr>\n<td><strong>Presi\u00f3n m\u00e1x.<\/strong><\/td>\n<td>10bar<\/td>\n<td><strong>Altura<\/strong><\/td>\n<td>100\uff0c120\uff0c150<\/td>\n<\/tr>\n<tr>\n<td><\/td>\n<td><\/td>\n<td><\/td>\n<td><\/td>\n<\/tr>\n<tr>\n<td><\/td>\n<td><\/td>\n<td><\/td>\n<td><\/td>\n<\/tr>\n<tr>\n<td><\/td>\n<td><\/td>\n<td><\/td>\n<td><\/td>\n<\/tr>\n<tr>\n<td><\/td>\n<td><\/td>\n<td><\/td>\n<td><\/td>\n<\/tr>\n<tr>\n<td><\/td>\n<td><\/td>\n<td><\/td>\n<td><\/td>\n<\/tr>\n<tr>\n<td><\/td>\n<td><\/td>\n<td><\/td>\n<td><\/td>\n<\/tr>\n<tr>\n<td><\/td>\n<td><\/td>\n<td><\/td>\n<td><\/td>\n<\/tr>\n<\/tbody>\n<\/table>","protected":false},"featured_media":6179,"comment_status":"open","ping_status":"closed","template":"","meta":[],"product_brand":[],"product_cat":[107],"product_tag":[],"class_list":{"0":"post-6178","1":"product","2":"type-product","3":"status-publish","4":"has-post-thumbnail","6":"product_cat-extractions-tank-accessories","8":"first","9":"instock","10":"shipping-taxable","11":"product-type-simple"},"yoast_head":"<!-- This site is optimized with the Yoast SEO plugin v24.6 - https:\/\/yoast.com\/wordpress\/plugins\/seo\/ -->\n<title>Hongtaivalve-Stainless steel pressure manhole cover- HTV-MC001 - Wenzhou HongTai Fluid Equipment Co.Ltd<\/title>\n<meta name=\"robots\" content=\"index, follow, max-snippet:-1, max-image-preview:large, max-video-preview:-1\" \/>\n<link rel=\"canonical\" href=\"https:\/\/www.hongtaivalve.com\/es\/producto\/hongtaivalve-stainless-steel-pressure-manhole-cover-htv-mc001\/\" \/>\n<meta property=\"og:locale\" content=\"es_ES\" \/>\n<meta property=\"og:type\" content=\"article\" \/>\n<meta property=\"og:title\" content=\"Hongtaivalve-Stainless steel pressure manhole cover- HTV-MC001 - Wenzhou HongTai Fluid Equipment Co.Ltd\" \/>\n<meta property=\"og:description\" content=\"Model No. HT-MC001 Material SS304\uff0cSS316L   Surface Ra0.8um-0.5um Size 400\/350\/400\/450\/500\/600 \/800   Max. pressure 10bar Height 100\uff0c120\uff0c150\" \/>\n<meta property=\"og:url\" content=\"https:\/\/www.hongtaivalve.com\/es\/producto\/hongtaivalve-stainless-steel-pressure-manhole-cover-htv-mc001\/\" \/>\n<meta property=\"og:site_name\" content=\"Wenzhou HongTai Fluid Equipment Co.Ltd\" \/>\n<meta property=\"article:modified_time\" content=\"2025-01-03T02:02:35+00:00\" \/>\n<meta property=\"og:image\" content=\"https:\/\/www.hongtaivalve.com\/wp-content\/uploads\/2025\/01\/Stainless-steel-pressure-manhole-cover.png\" \/>\n\t<meta property=\"og:image:width\" content=\"1000\" \/>\n\t<meta property=\"og:image:height\" content=\"1000\" \/>\n\t<meta property=\"og:image:type\" content=\"image\/png\" \/>\n<meta name=\"twitter:card\" content=\"summary_large_image\" \/>\n<meta name=\"twitter:label1\" content=\"Tiempo de lectura\" \/>\n\t<meta name=\"twitter:data1\" content=\"3 minutos\" \/>\n<script type=\"application\/ld+json\" class=\"yoast-schema-graph\">{\"@context\":\"https:\/\/schema.org\",\"@graph\":[{\"@type\":\"WebPage\",\"@id\":\"https:\/\/www.hongtaivalve.com\/product\/hongtaivalve-stainless-steel-pressure-manhole-cover-htv-mc001\/\",\"url\":\"https:\/\/www.hongtaivalve.com\/product\/hongtaivalve-stainless-steel-pressure-manhole-cover-htv-mc001\/\",\"name\":\"Hongtaivalve-Stainless steel pressure manhole cover- HTV-MC001 - Wenzhou HongTai Fluid Equipment Co.Ltd\",\"isPartOf\":{\"@id\":\"https:\/\/www.hongtaivalve.com\/#website\"},\"primaryImageOfPage\":{\"@id\":\"https:\/\/www.hongtaivalve.com\/product\/hongtaivalve-stainless-steel-pressure-manhole-cover-htv-mc001\/#primaryimage\"},\"image\":{\"@id\":\"https:\/\/www.hongtaivalve.com\/product\/hongtaivalve-stainless-steel-pressure-manhole-cover-htv-mc001\/#primaryimage\"},\"thumbnailUrl\":\"https:\/\/www.hongtaivalve.com\/wp-content\/uploads\/2025\/01\/Stainless-steel-pressure-manhole-cover.png\",\"datePublished\":\"2025-01-03T01:55:41+00:00\",\"dateModified\":\"2025-01-03T02:02:35+00:00\",\"breadcrumb\":{\"@id\":\"https:\/\/www.hongtaivalve.com\/product\/hongtaivalve-stainless-steel-pressure-manhole-cover-htv-mc001\/#breadcrumb\"},\"inLanguage\":\"es\",\"potentialAction\":[{\"@type\":\"ReadAction\",\"target\":[\"https:\/\/www.hongtaivalve.com\/product\/hongtaivalve-stainless-steel-pressure-manhole-cover-htv-mc001\/\"]}]},{\"@type\":\"ImageObject\",\"inLanguage\":\"es\",\"@id\":\"https:\/\/www.hongtaivalve.com\/product\/hongtaivalve-stainless-steel-pressure-manhole-cover-htv-mc001\/#primaryimage\",\"url\":\"https:\/\/www.hongtaivalve.com\/wp-content\/uploads\/2025\/01\/Stainless-steel-pressure-manhole-cover.png\",\"contentUrl\":\"https:\/\/www.hongtaivalve.com\/wp-content\/uploads\/2025\/01\/Stainless-steel-pressure-manhole-cover.png\",\"width\":1000,\"height\":1000},{\"@type\":\"BreadcrumbList\",\"@id\":\"https:\/\/www.hongtaivalve.com\/product\/hongtaivalve-stainless-steel-pressure-manhole-cover-htv-mc001\/#breadcrumb\",\"itemListElement\":[{\"@type\":\"ListItem\",\"position\":1,\"name\":\"\u9996\u9875\",\"item\":\"https:\/\/www.hongtaivalve.com\/\"},{\"@type\":\"ListItem\",\"position\":2,\"name\":\"Product\",\"item\":\"https:\/\/www.hongtaivalve.com\/product\/\"},{\"@type\":\"ListItem\",\"position\":3,\"name\":\"Hongtaivalve-Stainless steel pressure manhole cover- HTV-MC001\"}]},{\"@type\":\"WebSite\",\"@id\":\"https:\/\/www.hongtaivalve.com\/#website\",\"url\":\"https:\/\/www.hongtaivalve.com\/\",\"name\":\"Wenzhou HongTai Fluid Equipment Co.Ltd\",\"description\":\"\",\"potentialAction\":[{\"@type\":\"SearchAction\",\"target\":{\"@type\":\"EntryPoint\",\"urlTemplate\":\"https:\/\/www.hongtaivalve.com\/?s={search_term_string}\"},\"query-input\":{\"@type\":\"PropertyValueSpecification\",\"valueRequired\":true,\"valueName\":\"search_term_string\"}}],\"inLanguage\":\"es\"}]}<\/script>\n<!-- \/ Yoast SEO plugin. -->","yoast_head_json":{"title":"Hongtaivalve-Stainless steel pressure manhole cover- HTV-MC001 - Wenzhou HongTai Fluid Equipment Co.Ltd","robots":{"index":"index","follow":"follow","max-snippet":"max-snippet:-1","max-image-preview":"max-image-preview:large","max-video-preview":"max-video-preview:-1"},"canonical":"https:\/\/www.hongtaivalve.com\/es\/producto\/hongtaivalve-stainless-steel-pressure-manhole-cover-htv-mc001\/","og_locale":"es_ES","og_type":"article","og_title":"Hongtaivalve-Stainless steel pressure manhole cover- HTV-MC001 - Wenzhou HongTai Fluid Equipment Co.Ltd","og_description":"Model No. HT-MC001 Material SS304\uff0cSS316L   Surface Ra0.8um-0.5um Size 400\/350\/400\/450\/500\/600 \/800   Max. pressure 10bar Height 100\uff0c120\uff0c150","og_url":"https:\/\/www.hongtaivalve.com\/es\/producto\/hongtaivalve-stainless-steel-pressure-manhole-cover-htv-mc001\/","og_site_name":"Wenzhou HongTai Fluid Equipment Co.Ltd","article_modified_time":"2025-01-03T02:02:35+00:00","og_image":[{"width":1000,"height":1000,"url":"https:\/\/www.hongtaivalve.com\/wp-content\/uploads\/2025\/01\/Stainless-steel-pressure-manhole-cover.png","type":"image\/png"}],"twitter_card":"summary_large_image","twitter_misc":{"Tiempo de lectura":"3 minutos"},"schema":{"@context":"https:\/\/schema.org","@graph":[{"@type":"WebPage","@id":"https:\/\/www.hongtaivalve.com\/product\/hongtaivalve-stainless-steel-pressure-manhole-cover-htv-mc001\/","url":"https:\/\/www.hongtaivalve.com\/product\/hongtaivalve-stainless-steel-pressure-manhole-cover-htv-mc001\/","name":"Hongtaivalve-Stainless steel pressure manhole cover- HTV-MC001 - Wenzhou HongTai Fluid Equipment Co.Ltd","isPartOf":{"@id":"https:\/\/www.hongtaivalve.com\/#website"},"primaryImageOfPage":{"@id":"https:\/\/www.hongtaivalve.com\/product\/hongtaivalve-stainless-steel-pressure-manhole-cover-htv-mc001\/#primaryimage"},"image":{"@id":"https:\/\/www.hongtaivalve.com\/product\/hongtaivalve-stainless-steel-pressure-manhole-cover-htv-mc001\/#primaryimage"},"thumbnailUrl":"https:\/\/www.hongtaivalve.com\/wp-content\/uploads\/2025\/01\/Stainless-steel-pressure-manhole-cover.png","datePublished":"2025-01-03T01:55:41+00:00","dateModified":"2025-01-03T02:02:35+00:00","breadcrumb":{"@id":"https:\/\/www.hongtaivalve.com\/product\/hongtaivalve-stainless-steel-pressure-manhole-cover-htv-mc001\/#breadcrumb"},"inLanguage":"es","potentialAction":[{"@type":"ReadAction","target":["https:\/\/www.hongtaivalve.com\/product\/hongtaivalve-stainless-steel-pressure-manhole-cover-htv-mc001\/"]}]},{"@type":"ImageObject","inLanguage":"es","@id":"https:\/\/www.hongtaivalve.com\/product\/hongtaivalve-stainless-steel-pressure-manhole-cover-htv-mc001\/#primaryimage","url":"https:\/\/www.hongtaivalve.com\/wp-content\/uploads\/2025\/01\/Stainless-steel-pressure-manhole-cover.png","contentUrl":"https:\/\/www.hongtaivalve.com\/wp-content\/uploads\/2025\/01\/Stainless-steel-pressure-manhole-cover.png","width":1000,"height":1000},{"@type":"BreadcrumbList","@id":"https:\/\/www.hongtaivalve.com\/product\/hongtaivalve-stainless-steel-pressure-manhole-cover-htv-mc001\/#breadcrumb","itemListElement":[{"@type":"ListItem","position":1,"name":"\u9996\u9875","item":"https:\/\/www.hongtaivalve.com\/"},{"@type":"ListItem","position":2,"name":"Product","item":"https:\/\/www.hongtaivalve.com\/product\/"},{"@type":"ListItem","position":3,"name":"Hongtaivalve-Stainless steel pressure manhole cover- HTV-MC001"}]},{"@type":"WebSite","@id":"https:\/\/www.hongtaivalve.com\/#website","url":"https:\/\/www.hongtaivalve.com\/","name":"Wenzhou HongTai Fluid Equipment Co.Ltd","description":"","potentialAction":[{"@type":"SearchAction","target":{"@type":"EntryPoint","urlTemplate":"https:\/\/www.hongtaivalve.com\/?s={search_term_string}"},"query-input":{"@type":"PropertyValueSpecification","valueRequired":true,"valueName":"search_term_string"}}],"inLanguage":"es"}]}},"_links":{"self":[{"href":"https:\/\/www.hongtaivalve.com\/es\/wp-json\/wp\/v2\/product\/6178","targetHints":{"allow":["GET"]}}],"collection":[{"href":"https:\/\/www.hongtaivalve.com\/es\/wp-json\/wp\/v2\/product"}],"about":[{"href":"https:\/\/www.hongtaivalve.com\/es\/wp-json\/wp\/v2\/types\/product"}],"replies":[{"embeddable":true,"href":"https:\/\/www.hongtaivalve.com\/es\/wp-json\/wp\/v2\/comments?post=6178"}],"wp:featuredmedia":[{"embeddable":true,"href":"https:\/\/www.hongtaivalve.com\/es\/wp-json\/wp\/v2\/media\/6179"}],"wp:attachment":[{"href":"https:\/\/www.hongtaivalve.com\/es\/wp-json\/wp\/v2\/media?parent=6178"}],"wp:term":[{"taxonomy":"product_brand","embeddable":true,"href":"https:\/\/www.hongtaivalve.com\/es\/wp-json\/wp\/v2\/product_brand?post=6178"},{"taxonomy":"product_cat","embeddable":true,"href":"https:\/\/www.hongtaivalve.com\/es\/wp-json\/wp\/v2\/product_cat?post=6178"},{"taxonomy":"product_tag","embeddable":true,"href":"https:\/\/www.hongtaivalve.com\/es\/wp-json\/wp\/v2\/product_tag?post=6178"}],"curies":[{"name":"wp","href":"https:\/\/api.w.org\/{rel}","templated":true}]}}