{"id":6658,"date":"2025-10-09T01:38:53","date_gmt":"2025-10-09T01:38:53","guid":{"rendered":"https:\/\/www.hongtaivalve.com\/?post_type=product&#038;p=6658"},"modified":"2025-10-09T01:40:00","modified_gmt":"2025-10-09T01:40:00","slug":"hongtaivalve-industrial-stainless-steel-sample-valve-size-dn15-dn150-htv-sv001","status":"publish","type":"product","link":"https:\/\/www.hongtaivalve.com\/es\/producto\/hongtaivalve-industrial-stainless-steel-sample-valve-size-dn15-dn150-htv-sv001\/","title":{"rendered":"Hongtaivalve-industrial stainless steel sample valve-Size DN15-DN150- HTV-SV001"},"content":{"rendered":"<h2>industrial stainless steel Sampling valve<\/h2>\n<div><\/div>\n<div>Our stainless steel sterile sampling valve is a premium solution designed for hygiene-critical applications in various industries. This valve comes in a compact, inline style with standard sizes ranging from 1\/2&#8243; to 2&#8243;, accommodating different pipeline systems.<\/div>\n<div><\/div>\n<div>The valve features a unique sterile design, where all wetted parts are crafted from high-grade SUS316L stainless steel, ensuring exceptional corrosion resistance and ease of cleaning. Its smooth interior surface and crevice-free construction facilitate efficient CIP and SIP processes, minimizing the risk of contamination.<\/div>\n<div><\/div>\n<div>Compared to conventional sampling valves, our sterile sampling valve boasts a superior sealing mechanism that guarantees a leak-tight connection even under high pressure and temperature conditions. The integrated sampling port allows for easy and safe collection of fluid samples without disrupting the process flow, ensuring the integrity of the sampled product.<\/div>\n<div><\/div>\n<div>This valve is ideally suited for installation in pipeline systems where sterile conditions are paramount, such as in the biopharmaceutical, food, and beverage industries. It is typically mounted in a convenient location along the pipeline, preferably after process filters or before filling stations, to ensure the accuracy and representativeness of the samples taken.<\/div>\n<div><\/div>\n<div>In summary, our stainless steel sterile sampling valve offers unparalleled hygiene, reliability, and ease of use, making it the preferred choice for sterile sampling in demanding industrial environments.<\/div>\n<p>&nbsp;<\/p>\n<h2><span style=\"color: #ff0000;\">Instrucciones de embalaje del producto\uff1a<\/span><\/h2>\n<p>Cada producto se embala primero individualmente en una bolsa de espuma y luego se coloca cuidadosamente en una caja de cart\u00f3n designada. Por \u00faltimo, se paletiza o se embala en una caja de madera de exportaci\u00f3n. Todo el proceso de embalaje se ejecuta rigurosamente para evitar cualquier da\u00f1o durante el transporte.<\/p>\n<p><a href=\"https:\/\/www.hongtaivalve.com\/wp-content\/uploads\/2025\/01\/sample-valve.jpg\"><img fetchpriority=\"high\" decoding=\"async\" class=\"alignnone size-full wp-image-6170\" src=\"https:\/\/www.hongtaivalve.com\/wp-content\/uploads\/2025\/01\/sample-valve.jpg\" alt=\"\" width=\"1000\" height=\"1000\" srcset=\"https:\/\/www.hongtaivalve.com\/wp-content\/uploads\/2025\/01\/sample-valve.jpg 1000w, https:\/\/www.hongtaivalve.com\/wp-content\/uploads\/2025\/01\/sample-valve-300x300.jpg 300w, https:\/\/www.hongtaivalve.com\/wp-content\/uploads\/2025\/01\/sample-valve-150x150.jpg 150w, https:\/\/www.hongtaivalve.com\/wp-content\/uploads\/2025\/01\/sample-valve-768x768.jpg 768w, https:\/\/www.hongtaivalve.com\/wp-content\/uploads\/2025\/01\/sample-valve-12x12.jpg 12w, https:\/\/www.hongtaivalve.com\/wp-content\/uploads\/2025\/01\/sample-valve-800x800.jpg 800w, https:\/\/www.hongtaivalve.com\/wp-content\/uploads\/2025\/01\/sample-valve-100x100.jpg 100w\" sizes=\"(max-width: 1000px) 100vw, 1000px\" \/><\/a><\/p>\n<p>&nbsp;<\/p>\n<p>&nbsp;<\/p>\n<p>&nbsp;<\/p>\n<p>&nbsp;<\/p>\n<p><strong>Qui\u00e9nes somos<\/strong><\/p>\n<p>En HongTai, nos especializamos en v\u00e1lvulas sanitarias de alta calidad y accesorios de tuber\u00eda de acero inoxidable, sirviendo a industrias clave como la farmac\u00e9utica, procesamiento de alimentos y productos qu\u00edmicos. Fabricados con acero inoxidable 304, 316 y 316L de primera calidad, nuestros productos ofrecen una excelente resistencia a la corrosi\u00f3n y se elaboran utilizando t\u00e9cnicas de fabricaci\u00f3n avanzadas como corte por l\u00e1ser y soldadura de precisi\u00f3n. Dise\u00f1adas para la higiene y la integridad de los fluidos, las v\u00e1lvulas de HongTai son la opci\u00f3n ideal para las industrias que requieren una limpieza \u00f3ptima y un rendimiento duradero.<\/p>\n<p><a href=\"https:\/\/www.hongtaivalve.com\/wp-content\/uploads\/2024\/12\/2efad8255a88820383829ce2a75fcb9-1.jpg\"><img decoding=\"async\" class=\"wp-image-5949 aligncenter\" src=\"https:\/\/www.hongtaivalve.com\/wp-content\/uploads\/2024\/12\/2efad8255a88820383829ce2a75fcb9-1.jpg\" alt=\"\" width=\"680\" height=\"440\" srcset=\"https:\/\/www.hongtaivalve.com\/wp-content\/uploads\/2024\/12\/2efad8255a88820383829ce2a75fcb9-1.jpg 985w, https:\/\/www.hongtaivalve.com\/wp-content\/uploads\/2024\/12\/2efad8255a88820383829ce2a75fcb9-1-300x194.jpg 300w, https:\/\/www.hongtaivalve.com\/wp-content\/uploads\/2024\/12\/2efad8255a88820383829ce2a75fcb9-1-768x497.jpg 768w, https:\/\/www.hongtaivalve.com\/wp-content\/uploads\/2024\/12\/2efad8255a88820383829ce2a75fcb9-1-18x12.jpg 18w, https:\/\/www.hongtaivalve.com\/wp-content\/uploads\/2024\/12\/2efad8255a88820383829ce2a75fcb9-1-800x518.jpg 800w\" sizes=\"(max-width: 680px) 100vw, 680px\" \/><\/a><\/p>\n<p><strong>Por qu\u00e9 elegirnos<\/strong><\/p>\n<p><strong>Garant\u00eda de calidad:<\/strong>\u00a0Mantenemos un estricto control de todas las fases de producci\u00f3n, desde las materias primas hasta los productos acabados, garantizando el cumplimiento de la norma ISO9001 y las certificaciones internacionales, incluidas las normas 3A, DIN e ISO.<\/p>\n<p><strong>Experiencia en el sector:<\/strong>\u00a0D\u00e9cadas de experiencia en soluciones para industrias cr\u00edticas como la alimentaria, la de bebidas y la farmac\u00e9utica.<\/p>\n<p><strong>Tecnolog\u00eda avanzada:<\/strong>\u00a0Nuestras instalaciones de \u00faltima generaci\u00f3n, que incluyen tornos CNC y herramientas de precisi\u00f3n actualizados peri\u00f3dicamente, garantizan una gran precisi\u00f3n superficial y tolerancias ajustadas para cada producto.<\/p>\n<p><strong>100% Inspecci\u00f3n:<\/strong>\u00a0Todos los productos se someten a rigurosas pruebas, incluida la detecci\u00f3n de fugas en v\u00e1lvulas y tama\u00f1os, para garantizar una calidad impecable antes de salir de nuestras instalaciones.<\/p>\n<p><strong>Alcance mundial:<\/strong>\u00a0Empresas de todo el mundo conf\u00edan en nuestra calidad constante y nuestras entregas puntuales.<\/p>\n<p>Elija HongTai por su inigualable fiabilidad, rendimiento e innovaci\u00f3n en soluciones de valvuler\u00eda y accesorios de tuber\u00edas.<\/p>\n<p>&nbsp;<\/p>\n<p><strong>P\u00f3ngase en contacto con nosotros<\/strong><br \/>\nPara m\u00e1s informaci\u00f3n o para hablar de sus necesidades, p\u00f3ngase en contacto con nosotros:<br \/>\nCorreo electr\u00f3nico: ht@htcdf.com<br \/>\nwhatsapp: (86)18875809195<br \/>\nTambi\u00e9n puede visitar nuestra\u00a0<a href=\"https:\/\/www.hongtaivalve.com\/es\/contact-us\/\" target=\"_blank\" rel=\"noopener\">Contacte con nosotros<\/a>\u00a0para m\u00e1s formas de ponerse en contacto.<\/p>\n<p>&nbsp;<\/p>","protected":false},"excerpt":{"rendered":"<table>\n<tbody>\n<tr>\n<td width=\"207\"><strong><b>N\u00ba de modelo<\/b><\/strong><\/td>\n<td width=\"217\">HT-SV001<\/td>\n<td width=\"214\"><strong>Material<\/strong><\/td>\n<td width=\"348\">SS304\uff0cSS316<\/td>\n<\/tr>\n<tr>\n<td><strong>Temperatura aplicable<\/strong><\/td>\n<td>-10\u2103 -130\u2103<\/td>\n<td><strong>Conexi\u00f3n<\/strong><\/td>\n<td>\u00a0abrazadera, roscada, soldada, Tuerca<\/td>\n<\/tr>\n<tr>\n<td><strong>Material de la junta<\/strong><\/td>\n<td>PTFE<\/td>\n<td><\/td>\n<td><\/td>\n<\/tr>\n<tr>\n<td><\/td>\n<td><\/td>\n<td><\/td>\n<td><\/td>\n<\/tr>\n<tr>\n<td><\/td>\n<td><\/td>\n<td><\/td>\n<td><\/td>\n<\/tr>\n<tr>\n<td><\/td>\n<td><\/td>\n<td><\/td>\n<td><\/td>\n<\/tr>\n<tr>\n<td><\/td>\n<td><\/td>\n<td><\/td>\n<td><\/td>\n<\/tr>\n<tr>\n<td><\/td>\n<td><\/td>\n<td><\/td>\n<td><\/td>\n<\/tr>\n<tr>\n<td><\/td>\n<td><\/td>\n<td><\/td>\n<td><\/td>\n<\/tr>\n<tr>\n<td><\/td>\n<td><\/td>\n<td><\/td>\n<td><\/td>\n<\/tr>\n<\/tbody>\n<\/table>","protected":false},"featured_media":6170,"comment_status":"open","ping_status":"closed","template":"","meta":[],"product_brand":[],"product_cat":[132],"product_tag":[],"class_list":{"0":"post-6658","1":"product","2":"type-product","3":"status-publish","4":"has-post-thumbnail","6":"product_cat-pumps","8":"first","9":"instock","10":"shipping-taxable","11":"product-type-simple"},"yoast_head":"<!-- This site is optimized with the Yoast SEO plugin v24.6 - https:\/\/yoast.com\/wordpress\/plugins\/seo\/ -->\n<title>Food grade-stainless steel ss304 sampling valve<\/title>\n<meta name=\"description\" content=\"stainless steel sterile sampling valve is a premium solution designed for hygiene applications in various industries,such as biopharmaceutical, food\" \/>\n<meta name=\"robots\" content=\"index, follow, max-snippet:-1, max-image-preview:large, max-video-preview:-1\" \/>\n<link rel=\"canonical\" href=\"https:\/\/www.hongtaivalve.com\/es\/producto\/hongtaivalve-industrial-stainless-steel-sample-valve-size-dn15-dn150-htv-sv001\/\" \/>\n<meta property=\"og:locale\" content=\"es_ES\" \/>\n<meta property=\"og:type\" content=\"article\" \/>\n<meta property=\"og:title\" content=\"Food grade-stainless steel ss304 sampling valve\" \/>\n<meta property=\"og:description\" content=\"stainless steel sterile sampling valve is a premium solution designed for hygiene applications in various industries,such as biopharmaceutical, food\" \/>\n<meta property=\"og:url\" content=\"https:\/\/www.hongtaivalve.com\/es\/producto\/hongtaivalve-industrial-stainless-steel-sample-valve-size-dn15-dn150-htv-sv001\/\" \/>\n<meta property=\"og:site_name\" content=\"Wenzhou HongTai Fluid Equipment Co.Ltd\" \/>\n<meta property=\"article:modified_time\" content=\"2025-10-09T01:40:00+00:00\" \/>\n<meta property=\"og:image\" content=\"https:\/\/www.hongtaivalve.com\/wp-content\/uploads\/2025\/01\/sample-valve.jpg\" \/>\n\t<meta property=\"og:image:width\" content=\"1000\" \/>\n\t<meta property=\"og:image:height\" content=\"1000\" \/>\n\t<meta property=\"og:image:type\" content=\"image\/jpeg\" \/>\n<meta name=\"twitter:card\" content=\"summary_large_image\" \/>\n<meta name=\"twitter:label1\" content=\"Tiempo de lectura\" \/>\n\t<meta name=\"twitter:data1\" content=\"4 minutos\" \/>\n<script type=\"application\/ld+json\" class=\"yoast-schema-graph\">{\"@context\":\"https:\/\/schema.org\",\"@graph\":[{\"@type\":\"WebPage\",\"@id\":\"https:\/\/www.hongtaivalve.com\/product\/hongtaivalve-industrial-stainless-steel-sample-valve-size-dn15-dn150-htv-sv001\/\",\"url\":\"https:\/\/www.hongtaivalve.com\/product\/hongtaivalve-industrial-stainless-steel-sample-valve-size-dn15-dn150-htv-sv001\/\",\"name\":\"Food grade-stainless steel ss304 sampling valve\",\"isPartOf\":{\"@id\":\"https:\/\/www.hongtaivalve.com\/#website\"},\"primaryImageOfPage\":{\"@id\":\"https:\/\/www.hongtaivalve.com\/product\/hongtaivalve-industrial-stainless-steel-sample-valve-size-dn15-dn150-htv-sv001\/#primaryimage\"},\"image\":{\"@id\":\"https:\/\/www.hongtaivalve.com\/product\/hongtaivalve-industrial-stainless-steel-sample-valve-size-dn15-dn150-htv-sv001\/#primaryimage\"},\"thumbnailUrl\":\"https:\/\/www.hongtaivalve.com\/wp-content\/uploads\/2025\/01\/sample-valve.jpg\",\"datePublished\":\"2025-10-09T01:38:53+00:00\",\"dateModified\":\"2025-10-09T01:40:00+00:00\",\"description\":\"stainless steel sterile sampling valve is a premium solution designed for hygiene applications in various industries,such as biopharmaceutical, food\",\"breadcrumb\":{\"@id\":\"https:\/\/www.hongtaivalve.com\/product\/hongtaivalve-industrial-stainless-steel-sample-valve-size-dn15-dn150-htv-sv001\/#breadcrumb\"},\"inLanguage\":\"es\",\"potentialAction\":[{\"@type\":\"ReadAction\",\"target\":[\"https:\/\/www.hongtaivalve.com\/product\/hongtaivalve-industrial-stainless-steel-sample-valve-size-dn15-dn150-htv-sv001\/\"]}]},{\"@type\":\"ImageObject\",\"inLanguage\":\"es\",\"@id\":\"https:\/\/www.hongtaivalve.com\/product\/hongtaivalve-industrial-stainless-steel-sample-valve-size-dn15-dn150-htv-sv001\/#primaryimage\",\"url\":\"https:\/\/www.hongtaivalve.com\/wp-content\/uploads\/2025\/01\/sample-valve.jpg\",\"contentUrl\":\"https:\/\/www.hongtaivalve.com\/wp-content\/uploads\/2025\/01\/sample-valve.jpg\",\"width\":1000,\"height\":1000},{\"@type\":\"BreadcrumbList\",\"@id\":\"https:\/\/www.hongtaivalve.com\/product\/hongtaivalve-industrial-stainless-steel-sample-valve-size-dn15-dn150-htv-sv001\/#breadcrumb\",\"itemListElement\":[{\"@type\":\"ListItem\",\"position\":1,\"name\":\"\u9996\u9875\",\"item\":\"https:\/\/www.hongtaivalve.com\/\"},{\"@type\":\"ListItem\",\"position\":2,\"name\":\"Product\",\"item\":\"https:\/\/www.hongtaivalve.com\/product\/\"},{\"@type\":\"ListItem\",\"position\":3,\"name\":\"Hongtaivalve-industrial stainless steel sample valve-Size DN15-DN150- HTV-SV001\"}]},{\"@type\":\"WebSite\",\"@id\":\"https:\/\/www.hongtaivalve.com\/#website\",\"url\":\"https:\/\/www.hongtaivalve.com\/\",\"name\":\"Wenzhou HongTai Fluid Equipment Co.Ltd\",\"description\":\"\",\"potentialAction\":[{\"@type\":\"SearchAction\",\"target\":{\"@type\":\"EntryPoint\",\"urlTemplate\":\"https:\/\/www.hongtaivalve.com\/?s={search_term_string}\"},\"query-input\":{\"@type\":\"PropertyValueSpecification\",\"valueRequired\":true,\"valueName\":\"search_term_string\"}}],\"inLanguage\":\"es\"}]}<\/script>\n<!-- \/ Yoast SEO plugin. -->","yoast_head_json":{"title":"Food grade-stainless steel ss304 sampling valve","description":"stainless steel sterile sampling valve is a premium solution designed for hygiene applications in various industries,such as biopharmaceutical, food","robots":{"index":"index","follow":"follow","max-snippet":"max-snippet:-1","max-image-preview":"max-image-preview:large","max-video-preview":"max-video-preview:-1"},"canonical":"https:\/\/www.hongtaivalve.com\/es\/producto\/hongtaivalve-industrial-stainless-steel-sample-valve-size-dn15-dn150-htv-sv001\/","og_locale":"es_ES","og_type":"article","og_title":"Food grade-stainless steel ss304 sampling valve","og_description":"stainless steel sterile sampling valve is a premium solution designed for hygiene applications in various industries,such as biopharmaceutical, food","og_url":"https:\/\/www.hongtaivalve.com\/es\/producto\/hongtaivalve-industrial-stainless-steel-sample-valve-size-dn15-dn150-htv-sv001\/","og_site_name":"Wenzhou HongTai Fluid Equipment Co.Ltd","article_modified_time":"2025-10-09T01:40:00+00:00","og_image":[{"width":1000,"height":1000,"url":"https:\/\/www.hongtaivalve.com\/wp-content\/uploads\/2025\/01\/sample-valve.jpg","type":"image\/jpeg"}],"twitter_card":"summary_large_image","twitter_misc":{"Tiempo de lectura":"4 minutos"},"schema":{"@context":"https:\/\/schema.org","@graph":[{"@type":"WebPage","@id":"https:\/\/www.hongtaivalve.com\/product\/hongtaivalve-industrial-stainless-steel-sample-valve-size-dn15-dn150-htv-sv001\/","url":"https:\/\/www.hongtaivalve.com\/product\/hongtaivalve-industrial-stainless-steel-sample-valve-size-dn15-dn150-htv-sv001\/","name":"Food grade-stainless steel ss304 sampling valve","isPartOf":{"@id":"https:\/\/www.hongtaivalve.com\/#website"},"primaryImageOfPage":{"@id":"https:\/\/www.hongtaivalve.com\/product\/hongtaivalve-industrial-stainless-steel-sample-valve-size-dn15-dn150-htv-sv001\/#primaryimage"},"image":{"@id":"https:\/\/www.hongtaivalve.com\/product\/hongtaivalve-industrial-stainless-steel-sample-valve-size-dn15-dn150-htv-sv001\/#primaryimage"},"thumbnailUrl":"https:\/\/www.hongtaivalve.com\/wp-content\/uploads\/2025\/01\/sample-valve.jpg","datePublished":"2025-10-09T01:38:53+00:00","dateModified":"2025-10-09T01:40:00+00:00","description":"stainless steel sterile sampling valve is a premium solution designed for hygiene applications in various industries,such as biopharmaceutical, food","breadcrumb":{"@id":"https:\/\/www.hongtaivalve.com\/product\/hongtaivalve-industrial-stainless-steel-sample-valve-size-dn15-dn150-htv-sv001\/#breadcrumb"},"inLanguage":"es","potentialAction":[{"@type":"ReadAction","target":["https:\/\/www.hongtaivalve.com\/product\/hongtaivalve-industrial-stainless-steel-sample-valve-size-dn15-dn150-htv-sv001\/"]}]},{"@type":"ImageObject","inLanguage":"es","@id":"https:\/\/www.hongtaivalve.com\/product\/hongtaivalve-industrial-stainless-steel-sample-valve-size-dn15-dn150-htv-sv001\/#primaryimage","url":"https:\/\/www.hongtaivalve.com\/wp-content\/uploads\/2025\/01\/sample-valve.jpg","contentUrl":"https:\/\/www.hongtaivalve.com\/wp-content\/uploads\/2025\/01\/sample-valve.jpg","width":1000,"height":1000},{"@type":"BreadcrumbList","@id":"https:\/\/www.hongtaivalve.com\/product\/hongtaivalve-industrial-stainless-steel-sample-valve-size-dn15-dn150-htv-sv001\/#breadcrumb","itemListElement":[{"@type":"ListItem","position":1,"name":"\u9996\u9875","item":"https:\/\/www.hongtaivalve.com\/"},{"@type":"ListItem","position":2,"name":"Product","item":"https:\/\/www.hongtaivalve.com\/product\/"},{"@type":"ListItem","position":3,"name":"Hongtaivalve-industrial stainless steel sample valve-Size DN15-DN150- HTV-SV001"}]},{"@type":"WebSite","@id":"https:\/\/www.hongtaivalve.com\/#website","url":"https:\/\/www.hongtaivalve.com\/","name":"Wenzhou HongTai Fluid Equipment Co.Ltd","description":"","potentialAction":[{"@type":"SearchAction","target":{"@type":"EntryPoint","urlTemplate":"https:\/\/www.hongtaivalve.com\/?s={search_term_string}"},"query-input":{"@type":"PropertyValueSpecification","valueRequired":true,"valueName":"search_term_string"}}],"inLanguage":"es"}]}},"_links":{"self":[{"href":"https:\/\/www.hongtaivalve.com\/es\/wp-json\/wp\/v2\/product\/6658","targetHints":{"allow":["GET"]}}],"collection":[{"href":"https:\/\/www.hongtaivalve.com\/es\/wp-json\/wp\/v2\/product"}],"about":[{"href":"https:\/\/www.hongtaivalve.com\/es\/wp-json\/wp\/v2\/types\/product"}],"replies":[{"embeddable":true,"href":"https:\/\/www.hongtaivalve.com\/es\/wp-json\/wp\/v2\/comments?post=6658"}],"wp:featuredmedia":[{"embeddable":true,"href":"https:\/\/www.hongtaivalve.com\/es\/wp-json\/wp\/v2\/media\/6170"}],"wp:attachment":[{"href":"https:\/\/www.hongtaivalve.com\/es\/wp-json\/wp\/v2\/media?parent=6658"}],"wp:term":[{"taxonomy":"product_brand","embeddable":true,"href":"https:\/\/www.hongtaivalve.com\/es\/wp-json\/wp\/v2\/product_brand?post=6658"},{"taxonomy":"product_cat","embeddable":true,"href":"https:\/\/www.hongtaivalve.com\/es\/wp-json\/wp\/v2\/product_cat?post=6658"},{"taxonomy":"product_tag","embeddable":true,"href":"https:\/\/www.hongtaivalve.com\/es\/wp-json\/wp\/v2\/product_tag?post=6658"}],"curies":[{"name":"wp","href":"https:\/\/api.w.org\/{rel}","templated":true}]}}