{"id":4687,"date":"2024-03-21T08:41:05","date_gmt":"2024-03-21T08:41:05","guid":{"rendered":"http:\/\/www.hongtaivalve.com\/?post_type=product&#038;p=4687"},"modified":"2024-12-26T07:24:47","modified_gmt":"2024-12-26T07:24:47","slug":"pneumatic-ball-valve","status":"publish","type":"product","link":"https:\/\/www.hongtaivalve.com\/pt\/produto\/pneumatic-ball-valve\/","title":{"rendered":"V\u00e1lvula de esfera pneum\u00e1tica Hongtaivalve-tamanho dn15-dn150-HTV-BV017"},"content":{"rendered":"<p>&nbsp;<\/p>\n<h2><span style=\"color: #ff0000;\">Instru\u00e7\u00f5es de embalagem do produto\uff1a<\/span><\/h2>\n<p>Cada produto \u00e9 primeiro embalado individualmente num saco de espuma, depois cuidadosamente colocado numa caixa de cart\u00e3o designada. Por fim, \u00e9 paletizado ou embalado num caixote de madeira para exporta\u00e7\u00e3o. Todo o processo de embalagem \u00e9 rigorosamente executado para evitar quaisquer danos durante o transporte.<\/p>\n<p><a href=\"http:\/\/www.hongtaivalve.com\/wp-content\/uploads\/2024\/03\/20240321164040.png\"><img fetchpriority=\"high\" decoding=\"async\" class=\"alignnone size-full wp-image-4689\" src=\"http:\/\/www.hongtaivalve.com\/wp-content\/uploads\/2024\/03\/20240321164040.png\" alt=\"\" width=\"986\" height=\"727\" srcset=\"https:\/\/www.hongtaivalve.com\/wp-content\/uploads\/2024\/03\/20240321164040.png 986w, https:\/\/www.hongtaivalve.com\/wp-content\/uploads\/2024\/03\/20240321164040-800x590.png 800w, https:\/\/www.hongtaivalve.com\/wp-content\/uploads\/2024\/03\/20240321164040-300x221.png 300w, https:\/\/www.hongtaivalve.com\/wp-content\/uploads\/2024\/03\/20240321164040-768x566.png 768w\" sizes=\"(max-width: 986px) 100vw, 986px\" \/><\/a><\/p>\n<p><strong>Sobre n\u00f3s<\/strong><\/p>\n<p>Na HongTai, somos especializados em v\u00e1lvulas sanit\u00e1rias de alta qualidade e acess\u00f3rios para tubos de a\u00e7o inoxid\u00e1vel, atendendo a ind\u00fastrias-chave como farmac\u00eautica, processamento de alimentos e produtos qu\u00edmicos. Fabricados em a\u00e7o inoxid\u00e1vel 304, 316 e 316L de primeira qualidade, os nossos produtos oferecem uma excelente resist\u00eancia \u00e0 corros\u00e3o e s\u00e3o fabricados utilizando t\u00e9cnicas de fabrico avan\u00e7adas, como o corte a laser e a soldadura de precis\u00e3o. Concebidas para higiene e integridade dos fluidos, as v\u00e1lvulas da HongTai s\u00e3o a escolha ideal para ind\u00fastrias que exigem uma limpeza \u00f3ptima e um desempenho duradouro.<\/p>\n<p><a href=\"https:\/\/www.hongtaivalve.com\/wp-content\/uploads\/2024\/12\/2efad8255a88820383829ce2a75fcb9-1.jpg\"><img decoding=\"async\" class=\"wp-image-5949 aligncenter\" src=\"https:\/\/www.hongtaivalve.com\/wp-content\/uploads\/2024\/12\/2efad8255a88820383829ce2a75fcb9-1.jpg\" alt=\"\" width=\"511\" height=\"331\" srcset=\"https:\/\/www.hongtaivalve.com\/wp-content\/uploads\/2024\/12\/2efad8255a88820383829ce2a75fcb9-1.jpg 985w, https:\/\/www.hongtaivalve.com\/wp-content\/uploads\/2024\/12\/2efad8255a88820383829ce2a75fcb9-1-300x194.jpg 300w, https:\/\/www.hongtaivalve.com\/wp-content\/uploads\/2024\/12\/2efad8255a88820383829ce2a75fcb9-1-768x497.jpg 768w, https:\/\/www.hongtaivalve.com\/wp-content\/uploads\/2024\/12\/2efad8255a88820383829ce2a75fcb9-1-18x12.jpg 18w, https:\/\/www.hongtaivalve.com\/wp-content\/uploads\/2024\/12\/2efad8255a88820383829ce2a75fcb9-1-800x518.jpg 800w\" sizes=\"(max-width: 511px) 100vw, 511px\" \/><\/a><\/p>\n<p><strong>Porqu\u00ea escolher-nos<\/strong><\/p>\n<p><strong>Garantia de qualidade:<\/strong>\u00a0Mantemos um controlo rigoroso de todas as fases de produ\u00e7\u00e3o, desde as mat\u00e9rias-primas at\u00e9 aos produtos acabados, garantindo a conformidade com a norma ISO9001 e certifica\u00e7\u00f5es internacionais, incluindo as normas 3A, DIN e ISO.<\/p>\n<p><strong>Experi\u00eancia no sector:<\/strong>\u00a0D\u00e9cadas de experi\u00eancia no fornecimento de solu\u00e7\u00f5es para ind\u00fastrias cr\u00edticas como a alimentar, a de bebidas e a farmac\u00eautica.<\/p>\n<p><strong>Tecnologia avan\u00e7ada:<\/strong>\u00a0As nossas instala\u00e7\u00f5es de \u00faltima gera\u00e7\u00e3o, incluindo tornos CNC e ferramentas de precis\u00e3o regularmente actualizados, garantem uma elevada precis\u00e3o de superf\u00edcie e toler\u00e2ncias apertadas para cada produto.<\/p>\n<p><strong>100% Inspe\u00e7\u00e3o:<\/strong>\u00a0Todos os produtos s\u00e3o submetidos a testes rigorosos, incluindo dete\u00e7\u00e3o de tamanho e de fugas nas v\u00e1lvulas, para garantir uma qualidade impec\u00e1vel antes de sa\u00edrem das nossas instala\u00e7\u00f5es.<\/p>\n<p><strong>Alcance global:<\/strong>\u00a0Empresas de todo o mundo confiam na nossa qualidade consistente e na entrega atempada.<\/p>\n<p>Escolha a HongTai para obter fiabilidade, desempenho e inova\u00e7\u00e3o inigual\u00e1veis em solu\u00e7\u00f5es de v\u00e1lvulas e acess\u00f3rios para tubos.<\/p>\n<p>&nbsp;<\/p>\n<p><strong>Contactar-nos<\/strong><br \/>\nPara mais informa\u00e7\u00f5es ou para discutir as suas necessidades, contacte-nos atrav\u00e9s de:<br \/>\nCorreio eletr\u00f3nico: ht@htcdf.com<br \/>\nwhatsapp: (86)18875809195<br \/>\nTamb\u00e9m pode visitar o nosso\u00a0<a href=\"https:\/\/www.hongtaivalve.com\/pt\/contact-us\/\">Contactar-nos<\/a>\u00a0para mais formas de entrar em contacto.<\/p>\n<p>&nbsp;<\/p>","protected":false},"excerpt":{"rendered":"<p>Sede da v\u00e1lvula: PTFE encapsulado.<\/p>\n<p>V\u00e1lvula de esfera sanit\u00e1ria de 3 pe\u00e7as com extremidades tri-clamp \/ tri-clamp e sede em PTFE encapsulado, que \u00e9 amplamente utilizada nas ind\u00fastrias de processamento de alimentos e bebidas, cervejeira, refinaria de petr\u00f3leo, cosm\u00e9tica, farmac\u00eautica e qu\u00edmica para controlar o fluxo m\u00e9dio. O design da sede em PTFE encapsulado sem res\u00edduos torna-a uma \u00f3ptima escolha para necessidades sanit\u00e1rias.<br \/>\nOs corpos e as tampas das v\u00e1lvulas s\u00e3o delicadamente fundidos em materiais CF8, CF3M ou 2205; ou forjados em F316L. No caso de condi\u00e7\u00f5es de trabalho espec\u00edficas, ser\u00e3o tamb\u00e9m aplicados materiais especiais, como HC\/Ti.<br \/>\nO atuador pneum\u00e1tico horizontal \u00e9 um atuador que roda o curso angular do veio de sa\u00edda. Pode ser montado em v\u00e1rias v\u00e1lvulas rotativas de abertura e fecho, tais como v\u00e1lvulas de borboleta e v\u00e1lvulas de esfera. Os actuadores horizontais podem ser configurados com uma variedade de op\u00e7\u00f5es funcionais:<br \/>\n1) Atuador de base<br \/>\n2) Atuador + unidade de controlo inteligente<br \/>\n3) Atuador + feedback de posi\u00e7\u00e3o<br \/>\n4) Atuador + Localizador Inteligente<br \/>\n5) Atuador + sensor de posi\u00e7\u00e3o<br \/>\nEspecifica\u00e7\u00f5es t\u00e9cnicas<br \/>\nEspecifica\u00e7\u00e3o do tamanho do furo: 20mm - 400mm<br \/>\nBin\u00e1rio (N.M): 5.NM a 2000 N.M<br \/>\n\u00c2ngulo de rota\u00e7\u00e3o: 90\u00b0 (padr\u00e3o) 180\u00b0 (sele\u00e7\u00e3o) 120\u00b0 (sele\u00e7\u00e3o)<br \/>\nEstrutura do pist\u00e3o: cremalheira (standard) forquilha (sele\u00e7\u00e3o)<br \/>\nRegula\u00e7\u00e3o do curso: O pist\u00e3o tem uma gama ajust\u00e1vel de \u00b14\u00b0 em ambas as extremidades<br \/>\nPress\u00e3o da fonte de ar: m\u00e1ximo -8bar, m\u00ednimo -2Bar<br \/>\nTemperatura padr\u00e3o: -20 \u00b0 C ~ +80 \u00b0 C<br \/>\nTipo de baixa temperatura: -40 \u00b0 C ~ +80 \u00b0 C<br \/>\nTipo de alta temperatura: -15 \u00b0 C ~ +150 \u00b0 C<br \/>\nMaterial: liga de alum\u00ednio, a\u00e7o inoxid\u00e1vel<br \/>\nCor: natural, branco, azul, vermelho, tamb\u00e9m pode ser configurado de acordo com os requisitos do cliente<br \/>\nNorma de instala\u00e7\u00e3o: ISO 5211, adequado para instala\u00e7\u00e3o no interior ou exterior<\/p>","protected":false},"featured_media":4688,"comment_status":"open","ping_status":"closed","template":"","meta":[],"product_brand":[],"product_cat":[103],"product_tag":[],"class_list":{"0":"post-4687","1":"product","2":"type-product","3":"status-publish","4":"has-post-thumbnail","6":"product_cat-ball-valve","8":"first","9":"instock","10":"shipping-taxable","11":"product-type-simple"},"yoast_head":"<!-- This site is optimized with the Yoast SEO plugin v24.6 - https:\/\/yoast.com\/wordpress\/plugins\/seo\/ -->\n<title>Hongtaivalve-pneumatic ball valve-size dn15-dn150-HTV-BV017 - Wenzhou HongTai Fluid Equipment Co.Ltd<\/title>\n<meta name=\"robots\" content=\"index, follow, max-snippet:-1, max-image-preview:large, max-video-preview:-1\" \/>\n<link rel=\"canonical\" href=\"https:\/\/www.hongtaivalve.com\/pt\/produto\/pneumatic-ball-valve\/\" \/>\n<meta property=\"og:locale\" content=\"pt_PT\" \/>\n<meta property=\"og:type\" content=\"article\" \/>\n<meta property=\"og:title\" content=\"Hongtaivalve-pneumatic ball valve-size dn15-dn150-HTV-BV017 - Wenzhou HongTai Fluid Equipment Co.Ltd\" \/>\n<meta property=\"og:description\" content=\"Valve seat: Encapsulated PTFE.  sanitary 3-pc ball valve with tri-clamp \/ tri-clamp ends and Encapsulated PTFE seat, which is extensively used in food &amp; beverage processing, brewing, oil refinery, cosmetic, pharmaceutical, and chemical industries to control medium flow. The Encapsulated PTFE seat design with no residue makes it an optimum choice for sanitary needs. Valve bodies and caps are delicately cast by CF8,CF3M or 2205 materials; or forged by F316L.In case of specific working conditions,special materials,such as HC\/Ti,will also be applied. The horizontal pneumatic actuator is an actuator that rotates the angular travel of the output shaft. It can be mounted to various rotary opening and closing valves such as butterfly valves and ball valves. Horizontal actuators can be configured with a variety of functional options: 1) Basic actuator 2) Actuator + intelligent control unit 3) Actuator + position feedback 4) Actuator + Smart Locator 5) Actuator + position sensor Technical specifications Bore size specification: 20mm - 400mm Torque (N.M): 5.NM to 2000 N.M Rotation angle: 90\u00b0 (standard) 180\u00b0 (selection) 120\u00b0 (selection) Piston structure: rack (standard) fork (selection) Stroke adjustment: The piston has an adjustable range of \u00b14\u00b0 at both ends Air source pressure: maximum -8bar, minimum -2Bar Standard temperature: -20 \u00b0 C ~ +80 \u00b0 C Low temperature type: -40 \u00b0 C ~ +80 \u00b0 C High temperature type: -15 \u00b0 C ~ +150 \u00b0 C Material: aluminum alloy, stainless steel Color: natural, white, blue, red, can also be configured according to customer requirements Installation standard: ISO 5211, suitable for indoor or outdoor installation\" \/>\n<meta property=\"og:url\" content=\"https:\/\/www.hongtaivalve.com\/pt\/produto\/pneumatic-ball-valve\/\" \/>\n<meta property=\"og:site_name\" content=\"Wenzhou HongTai Fluid Equipment Co.Ltd\" \/>\n<meta property=\"article:modified_time\" content=\"2024-12-26T07:24:47+00:00\" \/>\n<meta property=\"og:image\" content=\"https:\/\/www.hongtaivalve.com\/wp-content\/uploads\/2024\/03\/IMG_9139.jpg\" \/>\n\t<meta property=\"og:image:width\" content=\"1200\" \/>\n\t<meta property=\"og:image:height\" content=\"800\" \/>\n\t<meta property=\"og:image:type\" content=\"image\/jpeg\" \/>\n<meta name=\"twitter:card\" content=\"summary_large_image\" \/>\n<meta name=\"twitter:label1\" content=\"Tempo estimado de leitura\" \/>\n\t<meta name=\"twitter:data1\" content=\"3 minutos\" \/>\n<script type=\"application\/ld+json\" class=\"yoast-schema-graph\">{\"@context\":\"https:\/\/schema.org\",\"@graph\":[{\"@type\":\"WebPage\",\"@id\":\"https:\/\/www.hongtaivalve.com\/product\/pneumatic-ball-valve\/\",\"url\":\"https:\/\/www.hongtaivalve.com\/product\/pneumatic-ball-valve\/\",\"name\":\"Hongtaivalve-pneumatic ball valve-size dn15-dn150-HTV-BV017 - Wenzhou HongTai Fluid Equipment Co.Ltd\",\"isPartOf\":{\"@id\":\"https:\/\/www.hongtaivalve.com\/#website\"},\"primaryImageOfPage\":{\"@id\":\"https:\/\/www.hongtaivalve.com\/product\/pneumatic-ball-valve\/#primaryimage\"},\"image\":{\"@id\":\"https:\/\/www.hongtaivalve.com\/product\/pneumatic-ball-valve\/#primaryimage\"},\"thumbnailUrl\":\"https:\/\/www.hongtaivalve.com\/wp-content\/uploads\/2024\/03\/IMG_9139.jpg\",\"datePublished\":\"2024-03-21T08:41:05+00:00\",\"dateModified\":\"2024-12-26T07:24:47+00:00\",\"breadcrumb\":{\"@id\":\"https:\/\/www.hongtaivalve.com\/product\/pneumatic-ball-valve\/#breadcrumb\"},\"inLanguage\":\"pt-PT\",\"potentialAction\":[{\"@type\":\"ReadAction\",\"target\":[\"https:\/\/www.hongtaivalve.com\/product\/pneumatic-ball-valve\/\"]}]},{\"@type\":\"ImageObject\",\"inLanguage\":\"pt-PT\",\"@id\":\"https:\/\/www.hongtaivalve.com\/product\/pneumatic-ball-valve\/#primaryimage\",\"url\":\"https:\/\/www.hongtaivalve.com\/wp-content\/uploads\/2024\/03\/IMG_9139.jpg\",\"contentUrl\":\"https:\/\/www.hongtaivalve.com\/wp-content\/uploads\/2024\/03\/IMG_9139.jpg\",\"width\":1200,\"height\":800},{\"@type\":\"BreadcrumbList\",\"@id\":\"https:\/\/www.hongtaivalve.com\/product\/pneumatic-ball-valve\/#breadcrumb\",\"itemListElement\":[{\"@type\":\"ListItem\",\"position\":1,\"name\":\"\u9996\u9875\",\"item\":\"https:\/\/www.hongtaivalve.com\/\"},{\"@type\":\"ListItem\",\"position\":2,\"name\":\"Product\",\"item\":\"https:\/\/www.hongtaivalve.com\/product\/\"},{\"@type\":\"ListItem\",\"position\":3,\"name\":\"Hongtaivalve-pneumatic ball valve-size dn15-dn150-HTV-BV017\"}]},{\"@type\":\"WebSite\",\"@id\":\"https:\/\/www.hongtaivalve.com\/#website\",\"url\":\"https:\/\/www.hongtaivalve.com\/\",\"name\":\"Wenzhou HongTai Fluid Equipment Co.Ltd\",\"description\":\"\",\"potentialAction\":[{\"@type\":\"SearchAction\",\"target\":{\"@type\":\"EntryPoint\",\"urlTemplate\":\"https:\/\/www.hongtaivalve.com\/?s={search_term_string}\"},\"query-input\":{\"@type\":\"PropertyValueSpecification\",\"valueRequired\":true,\"valueName\":\"search_term_string\"}}],\"inLanguage\":\"pt-PT\"}]}<\/script>\n<!-- \/ Yoast SEO plugin. -->","yoast_head_json":{"title":"Hongtaivalve-pneumatic ball valve-size dn15-dn150-HTV-BV017 - Wenzhou HongTai Fluid Equipment Co.Ltd","robots":{"index":"index","follow":"follow","max-snippet":"max-snippet:-1","max-image-preview":"max-image-preview:large","max-video-preview":"max-video-preview:-1"},"canonical":"https:\/\/www.hongtaivalve.com\/pt\/produto\/pneumatic-ball-valve\/","og_locale":"pt_PT","og_type":"article","og_title":"Hongtaivalve-pneumatic ball valve-size dn15-dn150-HTV-BV017 - Wenzhou HongTai Fluid Equipment Co.Ltd","og_description":"Valve seat: Encapsulated PTFE.  sanitary 3-pc ball valve with tri-clamp \/ tri-clamp ends and Encapsulated PTFE seat, which is extensively used in food &amp; beverage processing, brewing, oil refinery, cosmetic, pharmaceutical, and chemical industries to control medium flow. The Encapsulated PTFE seat design with no residue makes it an optimum choice for sanitary needs. Valve bodies and caps are delicately cast by CF8,CF3M or 2205 materials; or forged by F316L.In case of specific working conditions,special materials,such as HC\/Ti,will also be applied. The horizontal pneumatic actuator is an actuator that rotates the angular travel of the output shaft. It can be mounted to various rotary opening and closing valves such as butterfly valves and ball valves. Horizontal actuators can be configured with a variety of functional options: 1) Basic actuator 2) Actuator + intelligent control unit 3) Actuator + position feedback 4) Actuator + Smart Locator 5) Actuator + position sensor Technical specifications Bore size specification: 20mm - 400mm Torque (N.M): 5.NM to 2000 N.M Rotation angle: 90\u00b0 (standard) 180\u00b0 (selection) 120\u00b0 (selection) Piston structure: rack (standard) fork (selection) Stroke adjustment: The piston has an adjustable range of \u00b14\u00b0 at both ends Air source pressure: maximum -8bar, minimum -2Bar Standard temperature: -20 \u00b0 C ~ +80 \u00b0 C Low temperature type: -40 \u00b0 C ~ +80 \u00b0 C High temperature type: -15 \u00b0 C ~ +150 \u00b0 C Material: aluminum alloy, stainless steel Color: natural, white, blue, red, can also be configured according to customer requirements Installation standard: ISO 5211, suitable for indoor or outdoor installation","og_url":"https:\/\/www.hongtaivalve.com\/pt\/produto\/pneumatic-ball-valve\/","og_site_name":"Wenzhou HongTai Fluid Equipment Co.Ltd","article_modified_time":"2024-12-26T07:24:47+00:00","og_image":[{"width":1200,"height":800,"url":"https:\/\/www.hongtaivalve.com\/wp-content\/uploads\/2024\/03\/IMG_9139.jpg","type":"image\/jpeg"}],"twitter_card":"summary_large_image","twitter_misc":{"Tempo estimado de leitura":"3 minutos"},"schema":{"@context":"https:\/\/schema.org","@graph":[{"@type":"WebPage","@id":"https:\/\/www.hongtaivalve.com\/product\/pneumatic-ball-valve\/","url":"https:\/\/www.hongtaivalve.com\/product\/pneumatic-ball-valve\/","name":"Hongtaivalve-pneumatic ball valve-size dn15-dn150-HTV-BV017 - Wenzhou HongTai Fluid Equipment Co.Ltd","isPartOf":{"@id":"https:\/\/www.hongtaivalve.com\/#website"},"primaryImageOfPage":{"@id":"https:\/\/www.hongtaivalve.com\/product\/pneumatic-ball-valve\/#primaryimage"},"image":{"@id":"https:\/\/www.hongtaivalve.com\/product\/pneumatic-ball-valve\/#primaryimage"},"thumbnailUrl":"https:\/\/www.hongtaivalve.com\/wp-content\/uploads\/2024\/03\/IMG_9139.jpg","datePublished":"2024-03-21T08:41:05+00:00","dateModified":"2024-12-26T07:24:47+00:00","breadcrumb":{"@id":"https:\/\/www.hongtaivalve.com\/product\/pneumatic-ball-valve\/#breadcrumb"},"inLanguage":"pt-PT","potentialAction":[{"@type":"ReadAction","target":["https:\/\/www.hongtaivalve.com\/product\/pneumatic-ball-valve\/"]}]},{"@type":"ImageObject","inLanguage":"pt-PT","@id":"https:\/\/www.hongtaivalve.com\/product\/pneumatic-ball-valve\/#primaryimage","url":"https:\/\/www.hongtaivalve.com\/wp-content\/uploads\/2024\/03\/IMG_9139.jpg","contentUrl":"https:\/\/www.hongtaivalve.com\/wp-content\/uploads\/2024\/03\/IMG_9139.jpg","width":1200,"height":800},{"@type":"BreadcrumbList","@id":"https:\/\/www.hongtaivalve.com\/product\/pneumatic-ball-valve\/#breadcrumb","itemListElement":[{"@type":"ListItem","position":1,"name":"\u9996\u9875","item":"https:\/\/www.hongtaivalve.com\/"},{"@type":"ListItem","position":2,"name":"Product","item":"https:\/\/www.hongtaivalve.com\/product\/"},{"@type":"ListItem","position":3,"name":"Hongtaivalve-pneumatic ball valve-size dn15-dn150-HTV-BV017"}]},{"@type":"WebSite","@id":"https:\/\/www.hongtaivalve.com\/#website","url":"https:\/\/www.hongtaivalve.com\/","name":"Wenzhou HongTai Fluid Equipment Co.Ltd","description":"","potentialAction":[{"@type":"SearchAction","target":{"@type":"EntryPoint","urlTemplate":"https:\/\/www.hongtaivalve.com\/?s={search_term_string}"},"query-input":{"@type":"PropertyValueSpecification","valueRequired":true,"valueName":"search_term_string"}}],"inLanguage":"pt-PT"}]}},"_links":{"self":[{"href":"https:\/\/www.hongtaivalve.com\/pt\/wp-json\/wp\/v2\/product\/4687","targetHints":{"allow":["GET"]}}],"collection":[{"href":"https:\/\/www.hongtaivalve.com\/pt\/wp-json\/wp\/v2\/product"}],"about":[{"href":"https:\/\/www.hongtaivalve.com\/pt\/wp-json\/wp\/v2\/types\/product"}],"replies":[{"embeddable":true,"href":"https:\/\/www.hongtaivalve.com\/pt\/wp-json\/wp\/v2\/comments?post=4687"}],"wp:featuredmedia":[{"embeddable":true,"href":"https:\/\/www.hongtaivalve.com\/pt\/wp-json\/wp\/v2\/media\/4688"}],"wp:attachment":[{"href":"https:\/\/www.hongtaivalve.com\/pt\/wp-json\/wp\/v2\/media?parent=4687"}],"wp:term":[{"taxonomy":"product_brand","embeddable":true,"href":"https:\/\/www.hongtaivalve.com\/pt\/wp-json\/wp\/v2\/product_brand?post=4687"},{"taxonomy":"product_cat","embeddable":true,"href":"https:\/\/www.hongtaivalve.com\/pt\/wp-json\/wp\/v2\/product_cat?post=4687"},{"taxonomy":"product_tag","embeddable":true,"href":"https:\/\/www.hongtaivalve.com\/pt\/wp-json\/wp\/v2\/product_tag?post=4687"}],"curies":[{"name":"wp","href":"https:\/\/api.w.org\/{rel}","templated":true}]}}