{"id":4754,"date":"2024-03-22T05:38:02","date_gmt":"2024-03-22T05:38:02","guid":{"rendered":"http:\/\/www.hongtaivalve.com\/?post_type=product&#038;p=4754"},"modified":"2024-12-26T07:43:39","modified_gmt":"2024-12-26T07:43:39","slug":"sanitary-straight-tri-clamp-full-port-ball-valve","status":"publish","type":"product","link":"https:\/\/www.hongtaivalve.com\/pt\/produto\/sanitary-straight-tri-clamp-full-port-ball-valve\/","title":{"rendered":"Hongtaivalve-V\u00e1lvula de esfera sanit\u00e1ria de fecho triplo reto de passagem total - tamanho dn15-dn150-HTV-BV014"},"content":{"rendered":"<p>Material: AISI304 AISI316L<\/p>\n<p>Especifica\u00e7\u00e3o: DN25-150&amp;1\u2033-6\u2033<br \/>\nNormas: ISO, DIN, 3A, SMS, etc.<br \/>\nLiga\u00e7\u00f5es: Soldada, apertada, roscada, flangeada<br \/>\nFuncionamento: opera\u00e7\u00e3o manual ou opera\u00e7\u00e3o com dispositivo de condu\u00e7\u00e3o<br \/>\nAplica\u00e7\u00f5es: Lactic\u00ednios, Bebidas, Alimentos, Cerveja, Farm\u00e1cia, Biotecnologia, Cosm\u00e9ticos, etc.<br \/>\nSede da v\u00e1lvula: PTFE semi-encapsulado.<br \/>\nV\u00e1lvula de esfera sanit\u00e1ria com extremidades tri-clamp \/ tri-clamp, que \u00e9 amplamente utilizada nas ind\u00fastrias de processamento de alimentos e bebidas, cervejeira, refinaria de petr\u00f3leo, cosm\u00e9tica, farmac\u00eautica e qu\u00edmica para controlar o fluxo m\u00e9dio. O design de porta completa com restri\u00e7\u00e3o zero torna-a uma escolha \u00f3ptima para l\u00edquidos viscosos e particulados.<\/p>\n<h2><span style=\"color: #ff0000;\">Instru\u00e7\u00f5es de embalagem do produto\uff1a<\/span><\/h2>\n<p>Cada produto \u00e9 primeiro embalado individualmente num saco de espuma, depois cuidadosamente colocado numa caixa de cart\u00e3o designada. Por fim, \u00e9 paletizado ou embalado num caixote de madeira para exporta\u00e7\u00e3o. Todo o processo de embalagem \u00e9 rigorosamente executado para evitar quaisquer danos durante o transporte.<\/p>\n<p><strong>Sobre n\u00f3s<\/strong><\/p>\n<p>Na HongTai, somos especializados em v\u00e1lvulas sanit\u00e1rias de alta qualidade e acess\u00f3rios para tubos de a\u00e7o inoxid\u00e1vel, atendendo a ind\u00fastrias-chave como farmac\u00eautica, processamento de alimentos e produtos qu\u00edmicos. Fabricados em a\u00e7o inoxid\u00e1vel 304, 316 e 316L de primeira qualidade, os nossos produtos oferecem uma excelente resist\u00eancia \u00e0 corros\u00e3o e s\u00e3o fabricados utilizando t\u00e9cnicas de fabrico avan\u00e7adas, como o corte a laser e a soldadura de precis\u00e3o. Concebidas para higiene e integridade dos fluidos, as v\u00e1lvulas da HongTai s\u00e3o a escolha ideal para ind\u00fastrias que exigem uma limpeza \u00f3ptima e um desempenho duradouro.<\/p>\n<p><a href=\"https:\/\/www.hongtaivalve.com\/wp-content\/uploads\/2024\/12\/2efad8255a88820383829ce2a75fcb9.jpg\"><img fetchpriority=\"high\" decoding=\"async\" class=\"wp-image-5948 aligncenter\" src=\"https:\/\/www.hongtaivalve.com\/wp-content\/uploads\/2024\/12\/2efad8255a88820383829ce2a75fcb9.jpg\" alt=\"\" width=\"613\" height=\"397\" srcset=\"https:\/\/www.hongtaivalve.com\/wp-content\/uploads\/2024\/12\/2efad8255a88820383829ce2a75fcb9.jpg 985w, https:\/\/www.hongtaivalve.com\/wp-content\/uploads\/2024\/12\/2efad8255a88820383829ce2a75fcb9-300x194.jpg 300w, https:\/\/www.hongtaivalve.com\/wp-content\/uploads\/2024\/12\/2efad8255a88820383829ce2a75fcb9-768x497.jpg 768w, https:\/\/www.hongtaivalve.com\/wp-content\/uploads\/2024\/12\/2efad8255a88820383829ce2a75fcb9-18x12.jpg 18w, https:\/\/www.hongtaivalve.com\/wp-content\/uploads\/2024\/12\/2efad8255a88820383829ce2a75fcb9-800x518.jpg 800w\" sizes=\"(max-width: 613px) 100vw, 613px\" \/><\/a><\/p>\n<p><strong>Porqu\u00ea escolher-nos<\/strong><\/p>\n<p><strong>Garantia de qualidade:<\/strong>\u00a0Mantemos um controlo rigoroso de todas as fases de produ\u00e7\u00e3o, desde as mat\u00e9rias-primas at\u00e9 aos produtos acabados, garantindo a conformidade com a norma ISO9001 e certifica\u00e7\u00f5es internacionais, incluindo as normas 3A, DIN e ISO.<\/p>\n<p><strong>Experi\u00eancia no sector:<\/strong>\u00a0D\u00e9cadas de experi\u00eancia no fornecimento de solu\u00e7\u00f5es para ind\u00fastrias cr\u00edticas como a alimentar, a de bebidas e a farmac\u00eautica.<\/p>\n<p><strong>Tecnologia avan\u00e7ada:<\/strong>\u00a0As nossas instala\u00e7\u00f5es de \u00faltima gera\u00e7\u00e3o, incluindo tornos CNC e ferramentas de precis\u00e3o regularmente actualizados, garantem uma elevada precis\u00e3o de superf\u00edcie e toler\u00e2ncias apertadas para cada produto.<\/p>\n<p><strong>100% Inspe\u00e7\u00e3o:<\/strong>\u00a0Todos os produtos s\u00e3o submetidos a testes rigorosos, incluindo dete\u00e7\u00e3o de tamanho e de fugas nas v\u00e1lvulas, para garantir uma qualidade impec\u00e1vel antes de sa\u00edrem das nossas instala\u00e7\u00f5es.<\/p>\n<p><strong>Alcance global:<\/strong>\u00a0Empresas de todo o mundo confiam na nossa qualidade consistente e na entrega atempada.<\/p>\n<p>Escolha a HongTai para obter fiabilidade, desempenho e inova\u00e7\u00e3o inigual\u00e1veis em solu\u00e7\u00f5es de v\u00e1lvulas e acess\u00f3rios para tubos.<\/p>\n<p>&nbsp;<\/p>\n<p><strong>Contactar-nos<\/strong><br \/>\nPara mais informa\u00e7\u00f5es ou para discutir as suas necessidades, contacte-nos atrav\u00e9s de:<br \/>\nCorreio eletr\u00f3nico: ht@htcdf.com<br \/>\nwhatsapp: (86)18875809195<br \/>\nTamb\u00e9m pode visitar o nosso\u00a0<a href=\"https:\/\/www.hongtaivalve.com\/pt\/contact-us\/\" target=\"_blank\" rel=\"noopener\">Contactar-nos<\/a>\u00a0para mais formas de entrar em contacto.<\/p>\n<p>&nbsp;<\/p>","protected":false},"excerpt":{"rendered":"<p>Material: AISI304 AISI316L Specification: DN25-150&amp;1&#8243;-6&#8243; Standard: ISO, DIN, 3A, SMS etc Connection: Welded, Clamped, Threaded, Flanged Working Principal: Manual operation or driving device operation Application: Dairy, Beverage, Food, Beer, Pharmacy, Biotechnology, Cosmetic etc Valve seat: Semi Encapsulated PTFE. Sanitary ball &hellip; <a href=\"https:\/\/www.hongtaivalve.com\/pt\/produto\/sanitary-straight-tri-clamp-full-port-ball-valve\/\">Readmore<\/a><\/p>","protected":false},"featured_media":4704,"comment_status":"open","ping_status":"closed","template":"","meta":[],"product_brand":[],"product_cat":[103],"product_tag":[],"class_list":{"0":"post-4754","1":"product","2":"type-product","3":"status-publish","4":"has-post-thumbnail","6":"product_cat-ball-valve","8":"first","9":"instock","10":"shipping-taxable","11":"product-type-simple"},"yoast_head":"<!-- This site is optimized with the Yoast SEO plugin v24.6 - https:\/\/yoast.com\/wordpress\/plugins\/seo\/ -->\n<title>Hongtaivalve-Sanitary straight tri-clamp full port ball valve-size dn15-dn150-HTV-BV014 - Wenzhou HongTai Fluid Equipment Co.Ltd<\/title>\n<meta name=\"robots\" content=\"index, follow, max-snippet:-1, max-image-preview:large, max-video-preview:-1\" \/>\n<link rel=\"canonical\" href=\"https:\/\/www.hongtaivalve.com\/pt\/produto\/sanitary-straight-tri-clamp-full-port-ball-valve\/\" \/>\n<meta property=\"og:locale\" content=\"pt_PT\" \/>\n<meta property=\"og:type\" content=\"article\" \/>\n<meta property=\"og:title\" content=\"Hongtaivalve-Sanitary straight tri-clamp full port ball valve-size dn15-dn150-HTV-BV014 - Wenzhou HongTai Fluid Equipment Co.Ltd\" \/>\n<meta property=\"og:description\" content=\"Material: AISI304 AISI316L Specification: DN25-150&amp;1&#8243;-6&#8243; Standard: ISO, DIN, 3A, SMS etc Connection: Welded, Clamped, Threaded, Flanged Working Principal: Manual operation or driving device operation Application: Dairy, Beverage, Food, Beer, Pharmacy, Biotechnology, Cosmetic etc Valve seat: Semi Encapsulated PTFE. Sanitary ball &hellip; Readmore\" \/>\n<meta property=\"og:url\" content=\"https:\/\/www.hongtaivalve.com\/pt\/produto\/sanitary-straight-tri-clamp-full-port-ball-valve\/\" \/>\n<meta property=\"og:site_name\" content=\"Wenzhou HongTai Fluid Equipment Co.Ltd\" \/>\n<meta property=\"article:modified_time\" content=\"2024-12-26T07:43:39+00:00\" \/>\n<meta property=\"og:image\" content=\"https:\/\/www.hongtaivalve.com\/wp-content\/uploads\/2024\/03\/\u6d2a\u6cf0\u6d41\u4f53\u4ea7\u54c1\u56fe-82.jpg\" \/>\n\t<meta property=\"og:image:width\" content=\"1200\" \/>\n\t<meta property=\"og:image:height\" content=\"800\" \/>\n\t<meta property=\"og:image:type\" content=\"image\/jpeg\" \/>\n<meta name=\"twitter:card\" content=\"summary_large_image\" \/>\n<meta name=\"twitter:label1\" content=\"Tempo estimado de leitura\" \/>\n\t<meta name=\"twitter:data1\" content=\"2 minutos\" \/>\n<script type=\"application\/ld+json\" class=\"yoast-schema-graph\">{\"@context\":\"https:\/\/schema.org\",\"@graph\":[{\"@type\":\"WebPage\",\"@id\":\"https:\/\/www.hongtaivalve.com\/product\/sanitary-straight-tri-clamp-full-port-ball-valve\/\",\"url\":\"https:\/\/www.hongtaivalve.com\/product\/sanitary-straight-tri-clamp-full-port-ball-valve\/\",\"name\":\"Hongtaivalve-Sanitary straight tri-clamp full port ball valve-size dn15-dn150-HTV-BV014 - Wenzhou HongTai Fluid Equipment Co.Ltd\",\"isPartOf\":{\"@id\":\"https:\/\/www.hongtaivalve.com\/#website\"},\"primaryImageOfPage\":{\"@id\":\"https:\/\/www.hongtaivalve.com\/product\/sanitary-straight-tri-clamp-full-port-ball-valve\/#primaryimage\"},\"image\":{\"@id\":\"https:\/\/www.hongtaivalve.com\/product\/sanitary-straight-tri-clamp-full-port-ball-valve\/#primaryimage\"},\"thumbnailUrl\":\"https:\/\/www.hongtaivalve.com\/wp-content\/uploads\/2024\/03\/\u6d2a\u6cf0\u6d41\u4f53\u4ea7\u54c1\u56fe-82.jpg\",\"datePublished\":\"2024-03-22T05:38:02+00:00\",\"dateModified\":\"2024-12-26T07:43:39+00:00\",\"breadcrumb\":{\"@id\":\"https:\/\/www.hongtaivalve.com\/product\/sanitary-straight-tri-clamp-full-port-ball-valve\/#breadcrumb\"},\"inLanguage\":\"pt-PT\",\"potentialAction\":[{\"@type\":\"ReadAction\",\"target\":[\"https:\/\/www.hongtaivalve.com\/product\/sanitary-straight-tri-clamp-full-port-ball-valve\/\"]}]},{\"@type\":\"ImageObject\",\"inLanguage\":\"pt-PT\",\"@id\":\"https:\/\/www.hongtaivalve.com\/product\/sanitary-straight-tri-clamp-full-port-ball-valve\/#primaryimage\",\"url\":\"https:\/\/www.hongtaivalve.com\/wp-content\/uploads\/2024\/03\/\u6d2a\u6cf0\u6d41\u4f53\u4ea7\u54c1\u56fe-82.jpg\",\"contentUrl\":\"https:\/\/www.hongtaivalve.com\/wp-content\/uploads\/2024\/03\/\u6d2a\u6cf0\u6d41\u4f53\u4ea7\u54c1\u56fe-82.jpg\",\"width\":1200,\"height\":800},{\"@type\":\"BreadcrumbList\",\"@id\":\"https:\/\/www.hongtaivalve.com\/product\/sanitary-straight-tri-clamp-full-port-ball-valve\/#breadcrumb\",\"itemListElement\":[{\"@type\":\"ListItem\",\"position\":1,\"name\":\"\u9996\u9875\",\"item\":\"https:\/\/www.hongtaivalve.com\/\"},{\"@type\":\"ListItem\",\"position\":2,\"name\":\"Product\",\"item\":\"https:\/\/www.hongtaivalve.com\/product\/\"},{\"@type\":\"ListItem\",\"position\":3,\"name\":\"Hongtaivalve-Sanitary straight tri-clamp full port ball valve-size dn15-dn150-HTV-BV014\"}]},{\"@type\":\"WebSite\",\"@id\":\"https:\/\/www.hongtaivalve.com\/#website\",\"url\":\"https:\/\/www.hongtaivalve.com\/\",\"name\":\"Wenzhou HongTai Fluid Equipment Co.Ltd\",\"description\":\"\",\"potentialAction\":[{\"@type\":\"SearchAction\",\"target\":{\"@type\":\"EntryPoint\",\"urlTemplate\":\"https:\/\/www.hongtaivalve.com\/?s={search_term_string}\"},\"query-input\":{\"@type\":\"PropertyValueSpecification\",\"valueRequired\":true,\"valueName\":\"search_term_string\"}}],\"inLanguage\":\"pt-PT\"}]}<\/script>\n<!-- \/ Yoast SEO plugin. -->","yoast_head_json":{"title":"Hongtaivalve-Sanitary straight tri-clamp full port ball valve-size dn15-dn150-HTV-BV014 - Wenzhou HongTai Fluid Equipment Co.Ltd","robots":{"index":"index","follow":"follow","max-snippet":"max-snippet:-1","max-image-preview":"max-image-preview:large","max-video-preview":"max-video-preview:-1"},"canonical":"https:\/\/www.hongtaivalve.com\/pt\/produto\/sanitary-straight-tri-clamp-full-port-ball-valve\/","og_locale":"pt_PT","og_type":"article","og_title":"Hongtaivalve-Sanitary straight tri-clamp full port ball valve-size dn15-dn150-HTV-BV014 - Wenzhou HongTai Fluid Equipment Co.Ltd","og_description":"Material: AISI304 AISI316L Specification: DN25-150&amp;1&#8243;-6&#8243; Standard: ISO, DIN, 3A, SMS etc Connection: Welded, Clamped, Threaded, Flanged Working Principal: Manual operation or driving device operation Application: Dairy, Beverage, Food, Beer, Pharmacy, Biotechnology, Cosmetic etc Valve seat: Semi Encapsulated PTFE. Sanitary ball &hellip; Readmore","og_url":"https:\/\/www.hongtaivalve.com\/pt\/produto\/sanitary-straight-tri-clamp-full-port-ball-valve\/","og_site_name":"Wenzhou HongTai Fluid Equipment Co.Ltd","article_modified_time":"2024-12-26T07:43:39+00:00","og_image":[{"width":1200,"height":800,"url":"https:\/\/www.hongtaivalve.com\/wp-content\/uploads\/2024\/03\/\u6d2a\u6cf0\u6d41\u4f53\u4ea7\u54c1\u56fe-82.jpg","type":"image\/jpeg"}],"twitter_card":"summary_large_image","twitter_misc":{"Tempo estimado de leitura":"2 minutos"},"schema":{"@context":"https:\/\/schema.org","@graph":[{"@type":"WebPage","@id":"https:\/\/www.hongtaivalve.com\/product\/sanitary-straight-tri-clamp-full-port-ball-valve\/","url":"https:\/\/www.hongtaivalve.com\/product\/sanitary-straight-tri-clamp-full-port-ball-valve\/","name":"Hongtaivalve-Sanitary straight tri-clamp full port ball valve-size dn15-dn150-HTV-BV014 - Wenzhou HongTai Fluid Equipment Co.Ltd","isPartOf":{"@id":"https:\/\/www.hongtaivalve.com\/#website"},"primaryImageOfPage":{"@id":"https:\/\/www.hongtaivalve.com\/product\/sanitary-straight-tri-clamp-full-port-ball-valve\/#primaryimage"},"image":{"@id":"https:\/\/www.hongtaivalve.com\/product\/sanitary-straight-tri-clamp-full-port-ball-valve\/#primaryimage"},"thumbnailUrl":"https:\/\/www.hongtaivalve.com\/wp-content\/uploads\/2024\/03\/\u6d2a\u6cf0\u6d41\u4f53\u4ea7\u54c1\u56fe-82.jpg","datePublished":"2024-03-22T05:38:02+00:00","dateModified":"2024-12-26T07:43:39+00:00","breadcrumb":{"@id":"https:\/\/www.hongtaivalve.com\/product\/sanitary-straight-tri-clamp-full-port-ball-valve\/#breadcrumb"},"inLanguage":"pt-PT","potentialAction":[{"@type":"ReadAction","target":["https:\/\/www.hongtaivalve.com\/product\/sanitary-straight-tri-clamp-full-port-ball-valve\/"]}]},{"@type":"ImageObject","inLanguage":"pt-PT","@id":"https:\/\/www.hongtaivalve.com\/product\/sanitary-straight-tri-clamp-full-port-ball-valve\/#primaryimage","url":"https:\/\/www.hongtaivalve.com\/wp-content\/uploads\/2024\/03\/\u6d2a\u6cf0\u6d41\u4f53\u4ea7\u54c1\u56fe-82.jpg","contentUrl":"https:\/\/www.hongtaivalve.com\/wp-content\/uploads\/2024\/03\/\u6d2a\u6cf0\u6d41\u4f53\u4ea7\u54c1\u56fe-82.jpg","width":1200,"height":800},{"@type":"BreadcrumbList","@id":"https:\/\/www.hongtaivalve.com\/product\/sanitary-straight-tri-clamp-full-port-ball-valve\/#breadcrumb","itemListElement":[{"@type":"ListItem","position":1,"name":"\u9996\u9875","item":"https:\/\/www.hongtaivalve.com\/"},{"@type":"ListItem","position":2,"name":"Product","item":"https:\/\/www.hongtaivalve.com\/product\/"},{"@type":"ListItem","position":3,"name":"Hongtaivalve-Sanitary straight tri-clamp full port ball valve-size dn15-dn150-HTV-BV014"}]},{"@type":"WebSite","@id":"https:\/\/www.hongtaivalve.com\/#website","url":"https:\/\/www.hongtaivalve.com\/","name":"Wenzhou HongTai Fluid Equipment Co.Ltd","description":"","potentialAction":[{"@type":"SearchAction","target":{"@type":"EntryPoint","urlTemplate":"https:\/\/www.hongtaivalve.com\/?s={search_term_string}"},"query-input":{"@type":"PropertyValueSpecification","valueRequired":true,"valueName":"search_term_string"}}],"inLanguage":"pt-PT"}]}},"_links":{"self":[{"href":"https:\/\/www.hongtaivalve.com\/pt\/wp-json\/wp\/v2\/product\/4754","targetHints":{"allow":["GET"]}}],"collection":[{"href":"https:\/\/www.hongtaivalve.com\/pt\/wp-json\/wp\/v2\/product"}],"about":[{"href":"https:\/\/www.hongtaivalve.com\/pt\/wp-json\/wp\/v2\/types\/product"}],"replies":[{"embeddable":true,"href":"https:\/\/www.hongtaivalve.com\/pt\/wp-json\/wp\/v2\/comments?post=4754"}],"wp:featuredmedia":[{"embeddable":true,"href":"https:\/\/www.hongtaivalve.com\/pt\/wp-json\/wp\/v2\/media\/4704"}],"wp:attachment":[{"href":"https:\/\/www.hongtaivalve.com\/pt\/wp-json\/wp\/v2\/media?parent=4754"}],"wp:term":[{"taxonomy":"product_brand","embeddable":true,"href":"https:\/\/www.hongtaivalve.com\/pt\/wp-json\/wp\/v2\/product_brand?post=4754"},{"taxonomy":"product_cat","embeddable":true,"href":"https:\/\/www.hongtaivalve.com\/pt\/wp-json\/wp\/v2\/product_cat?post=4754"},{"taxonomy":"product_tag","embeddable":true,"href":"https:\/\/www.hongtaivalve.com\/pt\/wp-json\/wp\/v2\/product_tag?post=4754"}],"curies":[{"name":"wp","href":"https:\/\/api.w.org\/{rel}","templated":true}]}}