{"id":4867,"date":"2024-04-02T03:03:11","date_gmt":"2024-04-02T03:03:11","guid":{"rendered":"http:\/\/www.hongtaivalve.com\/?post_type=product&#038;p=4867"},"modified":"2024-12-26T08:12:20","modified_gmt":"2024-12-26T08:12:20","slug":"sanitary-triclamp-ptfe-gasket","status":"publish","type":"product","link":"https:\/\/www.hongtaivalve.com\/pt\/produto\/sanitary-triclamp-ptfe-gasket\/","title":{"rendered":"Hongtaivalve-Triclamp PTFE sanit\u00e1rio tamanho dn15-dn150-HTV-TPG001"},"content":{"rendered":"<p>&nbsp;<\/p>\n<p>O <strong>Junta de PTFE triclamp sanit\u00e1ria<\/strong> s\u00e3o concebidas para uma veda\u00e7\u00e3o fi\u00e1vel em ind\u00fastrias exigentes, como a alimentar, a de bebidas, a farmac\u00eautica e a qu\u00edmica.  Estas juntas garantem uma excelente durabilidade, resist\u00eancia qu\u00edmica e conformidade com a higiene.<\/p>\n<p><strong>Carater\u00edsticas principais<\/strong>:<\/p>\n<ul>\n<li><strong>Tamanhos<\/strong>: DN15-DN150, adequado para v\u00e1rios sistemas de tubagem.<\/li>\n<li><strong>Materiais<\/strong>: EPDM<\/li>\n<li><strong>Aplica\u00e7\u00f5es<\/strong>: Ideal para tubagens sanit\u00e1rias nas ind\u00fastrias de processamento de alimentos, bebidas, farmac\u00eautica e qu\u00edmica.<\/li>\n<li><strong>Durabilidade<\/strong>: Resistente a altas temperaturas, a produtos qu\u00edmicos e ao desgaste, garante uma utiliza\u00e7\u00e3o duradoura.<\/li>\n<\/ul>\n<p><strong>Porqu\u00ea escolher as nossas juntas sanit\u00e1rias?<\/strong><\/p>\n<ol>\n<li><strong>Veda\u00e7\u00e3o excecional<\/strong>: Assegura um desempenho sem fugas em aplica\u00e7\u00f5es de alta press\u00e3o e alta temperatura.<\/li>\n<li><strong>Conformidade<\/strong>: Respeita as normas rigorosas de higiene e seguran\u00e7a para utiliza\u00e7\u00e3o alimentar e farmac\u00eautica.<\/li>\n<li><strong>Versatilidade<\/strong>: Compat\u00edvel com uma variedade de tamanhos de tubos e sistemas, oferecendo solu\u00e7\u00f5es \u00e0 medida.<\/li>\n<li><strong>Qualidade de confian\u00e7a<\/strong>: Fabricado por um fabricante l\u00edder de juntas, garantindo fiabilidade e precis\u00e3o.<\/li>\n<\/ol>\n<p>Quer necessite de juntas para ambientes de produ\u00e7\u00e3o exigentes ou ind\u00fastrias com elevado grau de higieniza\u00e7\u00e3o, os nossos produtos proporcionam um desempenho \u00f3timo e paz de esp\u00edrito.<\/p>\n<h2><span style=\"color: #ff0000;\">Instru\u00e7\u00f5es de embalagem do produto\uff1a<\/span><\/h2>\n<p>Cada produto \u00e9 primeiro embalado individualmente num saco de espuma, depois cuidadosamente colocado numa caixa de cart\u00e3o designada. Por fim, \u00e9 paletizado ou embalado num caixote de madeira para exporta\u00e7\u00e3o. Todo o processo de embalagem \u00e9 rigorosamente executado para evitar quaisquer danos durante o transporte.<\/p>\n<p><a href=\"http:\/\/www.hongtaivalve.com\/wp-content\/uploads\/2024\/04\/\u6d2a\u6cf0\u6d41\u4f53\u4ea7\u54c1\u56fe-35.jpg\"><img fetchpriority=\"high\" decoding=\"async\" class=\"alignnone size-full wp-image-4868\" src=\"http:\/\/www.hongtaivalve.com\/wp-content\/uploads\/2024\/04\/\u6d2a\u6cf0\u6d41\u4f53\u4ea7\u54c1\u56fe-35.jpg\" alt=\"\" width=\"1500\" height=\"1500\" srcset=\"https:\/\/www.hongtaivalve.com\/wp-content\/uploads\/2024\/04\/\u6d2a\u6cf0\u6d41\u4f53\u4ea7\u54c1\u56fe-35.jpg 1500w, https:\/\/www.hongtaivalve.com\/wp-content\/uploads\/2024\/04\/\u6d2a\u6cf0\u6d41\u4f53\u4ea7\u54c1\u56fe-35-800x800.jpg 800w, https:\/\/www.hongtaivalve.com\/wp-content\/uploads\/2024\/04\/\u6d2a\u6cf0\u6d41\u4f53\u4ea7\u54c1\u56fe-35-100x100.jpg 100w, https:\/\/www.hongtaivalve.com\/wp-content\/uploads\/2024\/04\/\u6d2a\u6cf0\u6d41\u4f53\u4ea7\u54c1\u56fe-35-300x300.jpg 300w, https:\/\/www.hongtaivalve.com\/wp-content\/uploads\/2024\/04\/\u6d2a\u6cf0\u6d41\u4f53\u4ea7\u54c1\u56fe-35-1024x1024.jpg 1024w, https:\/\/www.hongtaivalve.com\/wp-content\/uploads\/2024\/04\/\u6d2a\u6cf0\u6d41\u4f53\u4ea7\u54c1\u56fe-35-150x150.jpg 150w, https:\/\/www.hongtaivalve.com\/wp-content\/uploads\/2024\/04\/\u6d2a\u6cf0\u6d41\u4f53\u4ea7\u54c1\u56fe-35-768x768.jpg 768w\" sizes=\"(max-width: 1500px) 100vw, 1500px\" \/><\/a><\/p>\n<p><strong>Sobre n\u00f3s<\/strong><\/p>\n<p>Na HongTai, somos especializados em v\u00e1lvulas sanit\u00e1rias de alta qualidade e acess\u00f3rios para tubos de a\u00e7o inoxid\u00e1vel, atendendo a ind\u00fastrias-chave como farmac\u00eautica, processamento de alimentos e produtos qu\u00edmicos. Fabricados em a\u00e7o inoxid\u00e1vel 304, 316 e 316L de primeira qualidade, os nossos produtos oferecem uma excelente resist\u00eancia \u00e0 corros\u00e3o e s\u00e3o fabricados utilizando t\u00e9cnicas de fabrico avan\u00e7adas, como o corte a laser e a soldadura de precis\u00e3o. Concebidas para higiene e integridade dos fluidos, as v\u00e1lvulas da HongTai s\u00e3o a escolha ideal para ind\u00fastrias que exigem uma limpeza \u00f3ptima e um desempenho duradouro.<\/p>\n<p><a href=\"https:\/\/www.hongtaivalve.com\/wp-content\/uploads\/2024\/12\/2efad8255a88820383829ce2a75fcb9.jpg\"><img decoding=\"async\" class=\"wp-image-5948 aligncenter\" src=\"https:\/\/www.hongtaivalve.com\/wp-content\/uploads\/2024\/12\/2efad8255a88820383829ce2a75fcb9.jpg\" alt=\"\" width=\"664\" height=\"430\" srcset=\"https:\/\/www.hongtaivalve.com\/wp-content\/uploads\/2024\/12\/2efad8255a88820383829ce2a75fcb9.jpg 985w, https:\/\/www.hongtaivalve.com\/wp-content\/uploads\/2024\/12\/2efad8255a88820383829ce2a75fcb9-300x194.jpg 300w, https:\/\/www.hongtaivalve.com\/wp-content\/uploads\/2024\/12\/2efad8255a88820383829ce2a75fcb9-768x497.jpg 768w, https:\/\/www.hongtaivalve.com\/wp-content\/uploads\/2024\/12\/2efad8255a88820383829ce2a75fcb9-18x12.jpg 18w, https:\/\/www.hongtaivalve.com\/wp-content\/uploads\/2024\/12\/2efad8255a88820383829ce2a75fcb9-800x518.jpg 800w\" sizes=\"(max-width: 664px) 100vw, 664px\" \/><\/a><\/p>\n<p><strong>Porqu\u00ea escolher-nos<\/strong><\/p>\n<p><strong>Garantia de qualidade:<\/strong>\u00a0Mantemos um controlo rigoroso de todas as fases de produ\u00e7\u00e3o, desde as mat\u00e9rias-primas at\u00e9 aos produtos acabados, garantindo a conformidade com a norma ISO9001 e certifica\u00e7\u00f5es internacionais, incluindo as normas 3A, DIN e ISO.<\/p>\n<p><strong>Experi\u00eancia no sector:<\/strong>\u00a0D\u00e9cadas de experi\u00eancia no fornecimento de solu\u00e7\u00f5es para ind\u00fastrias cr\u00edticas como a alimentar, a de bebidas e a farmac\u00eautica.<\/p>\n<p><strong>Tecnologia avan\u00e7ada:<\/strong>\u00a0As nossas instala\u00e7\u00f5es de \u00faltima gera\u00e7\u00e3o, incluindo tornos CNC e ferramentas de precis\u00e3o regularmente actualizados, garantem uma elevada precis\u00e3o de superf\u00edcie e toler\u00e2ncias apertadas para cada produto.<\/p>\n<p><strong>100% Inspe\u00e7\u00e3o:<\/strong>\u00a0Todos os produtos s\u00e3o submetidos a testes rigorosos, incluindo dete\u00e7\u00e3o de tamanho e de fugas nas v\u00e1lvulas, para garantir uma qualidade impec\u00e1vel antes de sa\u00edrem das nossas instala\u00e7\u00f5es.<\/p>\n<p><strong>Alcance global:<\/strong>\u00a0Empresas de todo o mundo confiam na nossa qualidade consistente e na entrega atempada.<\/p>\n<p>Escolha a HongTai para obter fiabilidade, desempenho e inova\u00e7\u00e3o inigual\u00e1veis em solu\u00e7\u00f5es de v\u00e1lvulas e acess\u00f3rios para tubos.<\/p>\n<p>&nbsp;<\/p>\n<p><strong>Contactar-nos<\/strong><br \/>\nPara mais informa\u00e7\u00f5es ou para discutir as suas necessidades, contacte-nos atrav\u00e9s de:<br \/>\nCorreio eletr\u00f3nico: ht@htcdf.com<br \/>\nwhatsapp: (86)18875809195<br \/>\nTamb\u00e9m pode visitar o nosso\u00a0<a href=\"https:\/\/www.hongtaivalve.com\/pt\/contact-us\/\" target=\"_blank\" rel=\"noopener\">Contactar-nos<\/a>\u00a0para mais formas de entrar em contacto.<\/p>","protected":false},"excerpt":{"rendered":"<p>Resist\u00eancia \u00e0 corros\u00e3o. A junta de PTFE \u00e9 inerte \u00e0 maioria dos produtos qu\u00edmicos e solventes e pode suportar \u00e1cidos e \u00e1lcalis fortes, \u00e1gua r\u00e9gia e v\u00e1rios solventes org\u00e2nicos.<br \/>\nResist\u00eancia a altas temperaturas. A junta de PTFE pode funcionar durante muito tempo a temperaturas de -196 \u00b0 C a +250 \u00b0 C.<br \/>\nAs juntas de Ptfe t\u00eam o coeficiente de atrito mais baixo de qualquer material s\u00f3lido conhecido, o que as torna ideais para a lubrifica\u00e7\u00e3o sem \u00f3leo.<br \/>\nIsolamento el\u00e9trico . A junta Ptfe tem um excelente isolamento el\u00e9trico e \u00e9 adequada para a ind\u00fastria el\u00e9ctrica.<br \/>\nAuto-lubrifica\u00e7\u00e3o. A junta de PTFE tem uma elevada tens\u00e3o superficial, boa auto-lubrifica\u00e7\u00e3o e n\u00e3o adere a nada.<br \/>\nEstabilidade qu\u00edmica . A junta de PTFE tem forte resist\u00eancia \u00e0 corros\u00e3o qu\u00edmica, e apenas alguns elementos, como metal alcalino fundido e fl\u00faor elementar sob alta temperatura e alta press\u00e3o, podem agir sobre ela.<br \/>\nDevido a estas carater\u00edsticas, as juntas de PTFE s\u00e3o amplamente utilizadas na ind\u00fastria qu\u00edmica, petrol\u00edfera, farmac\u00eautica, alimentar e outras ind\u00fastrias, e \u00e9 conhecida como o \"rei do pl\u00e1stico\".<\/p>\n<p>Tamanhos de 1\/2\u2033 at\u00e9 12\u2033<\/p>\n<p>Cria uma veda\u00e7\u00e3o \u00e0 prova de fugas entre as flanges de tripla fixa\u00e7\u00e3o<\/p>\n<p>Tamb\u00e9m oferecemos Juntas Tri-Clamp Flangeadas com base nos seus requisitos<\/p>","protected":false},"featured_media":4868,"comment_status":"open","ping_status":"closed","template":"","meta":[],"product_brand":[],"product_cat":[15,109],"product_tag":[],"class_list":{"0":"post-4867","1":"product","2":"type-product","3":"status-publish","4":"has-post-thumbnail","6":"product_cat-butterfly-valve-2","7":"product_cat-gaskets-seals","9":"first","10":"instock","11":"shipping-taxable","12":"product-type-simple"},"yoast_head":"<!-- This site is optimized with the Yoast SEO plugin v24.6 - https:\/\/yoast.com\/wordpress\/plugins\/seo\/ -->\n<title>Hongtaivalve-Sanitary triclamp PTFE gasket-size dn15-dn150-HTV-TPG001 - Wenzhou HongTai Fluid Equipment Co.Ltd<\/title>\n<meta name=\"robots\" content=\"index, follow, max-snippet:-1, max-image-preview:large, max-video-preview:-1\" \/>\n<link rel=\"canonical\" href=\"https:\/\/www.hongtaivalve.com\/pt\/produto\/sanitary-triclamp-ptfe-gasket\/\" \/>\n<meta property=\"og:locale\" content=\"pt_PT\" \/>\n<meta property=\"og:type\" content=\"article\" \/>\n<meta property=\"og:title\" content=\"Hongtaivalve-Sanitary triclamp PTFE gasket-size dn15-dn150-HTV-TPG001 - Wenzhou HongTai Fluid Equipment Co.Ltd\" \/>\n<meta property=\"og:description\" content=\"Corrosion resistance. The PTFE gasket is inert to most chemicals and solvents, and can withstand strong acids and alkalis, aqua regia and various organic solvents. High temperature resistance. The PTFE gasket can work for a long time at temperatures from -196 \u00b0 C to +250 \u00b0 C. Low friction coefficient .Ptfe gaskets have the lowest friction coefficient of any known solid material, making them ideal for oil-free lubrication. Electrical insulation . Ptfe gasket has excellent electrical insulation and is suitable for electrical industry. Self-lubricity. The PTFE gasket has high surface tension, good self-lubrication, and does not stick to anything. Chemical stability . The PTFE gasket has strong chemical corrosion resistance, and only a few elements such as molten alkali metal and elemental fluorine under high temperature and high pressure can act on it. Because of these characteristics, PTFE gaskets are widely used in chemical industry , petroleum , pharmaceutical , food\u00a0 and other industries, and is known as the &quot;plastic king&quot;.  Sizes from 1\/2\u2033 up to 12\u2033  Creates a leak-proof seal between tri-clamp flanges  We also offer Flanged Tri-Clamp Gaskets base on your requirements\" \/>\n<meta property=\"og:url\" content=\"https:\/\/www.hongtaivalve.com\/pt\/produto\/sanitary-triclamp-ptfe-gasket\/\" \/>\n<meta property=\"og:site_name\" content=\"Wenzhou HongTai Fluid Equipment Co.Ltd\" \/>\n<meta property=\"article:modified_time\" content=\"2024-12-26T08:12:20+00:00\" \/>\n<meta property=\"og:image\" content=\"https:\/\/www.hongtaivalve.com\/wp-content\/uploads\/2024\/04\/\u6d2a\u6cf0\u6d41\u4f53\u4ea7\u54c1\u56fe-35.jpg\" \/>\n\t<meta property=\"og:image:width\" content=\"1500\" \/>\n\t<meta property=\"og:image:height\" content=\"1500\" \/>\n\t<meta property=\"og:image:type\" content=\"image\/jpeg\" \/>\n<meta name=\"twitter:card\" content=\"summary_large_image\" \/>\n<meta name=\"twitter:label1\" content=\"Tempo estimado de leitura\" \/>\n\t<meta name=\"twitter:data1\" content=\"3 minutos\" \/>\n<script type=\"application\/ld+json\" class=\"yoast-schema-graph\">{\"@context\":\"https:\/\/schema.org\",\"@graph\":[{\"@type\":\"WebPage\",\"@id\":\"https:\/\/www.hongtaivalve.com\/product\/sanitary-triclamp-ptfe-gasket\/\",\"url\":\"https:\/\/www.hongtaivalve.com\/product\/sanitary-triclamp-ptfe-gasket\/\",\"name\":\"Hongtaivalve-Sanitary triclamp PTFE gasket-size dn15-dn150-HTV-TPG001 - Wenzhou HongTai Fluid Equipment Co.Ltd\",\"isPartOf\":{\"@id\":\"https:\/\/www.hongtaivalve.com\/#website\"},\"primaryImageOfPage\":{\"@id\":\"https:\/\/www.hongtaivalve.com\/product\/sanitary-triclamp-ptfe-gasket\/#primaryimage\"},\"image\":{\"@id\":\"https:\/\/www.hongtaivalve.com\/product\/sanitary-triclamp-ptfe-gasket\/#primaryimage\"},\"thumbnailUrl\":\"https:\/\/www.hongtaivalve.com\/wp-content\/uploads\/2024\/04\/\u6d2a\u6cf0\u6d41\u4f53\u4ea7\u54c1\u56fe-35.jpg\",\"datePublished\":\"2024-04-02T03:03:11+00:00\",\"dateModified\":\"2024-12-26T08:12:20+00:00\",\"breadcrumb\":{\"@id\":\"https:\/\/www.hongtaivalve.com\/product\/sanitary-triclamp-ptfe-gasket\/#breadcrumb\"},\"inLanguage\":\"pt-PT\",\"potentialAction\":[{\"@type\":\"ReadAction\",\"target\":[\"https:\/\/www.hongtaivalve.com\/product\/sanitary-triclamp-ptfe-gasket\/\"]}]},{\"@type\":\"ImageObject\",\"inLanguage\":\"pt-PT\",\"@id\":\"https:\/\/www.hongtaivalve.com\/product\/sanitary-triclamp-ptfe-gasket\/#primaryimage\",\"url\":\"https:\/\/www.hongtaivalve.com\/wp-content\/uploads\/2024\/04\/\u6d2a\u6cf0\u6d41\u4f53\u4ea7\u54c1\u56fe-35.jpg\",\"contentUrl\":\"https:\/\/www.hongtaivalve.com\/wp-content\/uploads\/2024\/04\/\u6d2a\u6cf0\u6d41\u4f53\u4ea7\u54c1\u56fe-35.jpg\",\"width\":1500,\"height\":1500},{\"@type\":\"BreadcrumbList\",\"@id\":\"https:\/\/www.hongtaivalve.com\/product\/sanitary-triclamp-ptfe-gasket\/#breadcrumb\",\"itemListElement\":[{\"@type\":\"ListItem\",\"position\":1,\"name\":\"\u9996\u9875\",\"item\":\"https:\/\/www.hongtaivalve.com\/\"},{\"@type\":\"ListItem\",\"position\":2,\"name\":\"Product\",\"item\":\"https:\/\/www.hongtaivalve.com\/product\/\"},{\"@type\":\"ListItem\",\"position\":3,\"name\":\"Hongtaivalve-Sanitary triclamp PTFE gasket-size dn15-dn150-HTV-TPG001\"}]},{\"@type\":\"WebSite\",\"@id\":\"https:\/\/www.hongtaivalve.com\/#website\",\"url\":\"https:\/\/www.hongtaivalve.com\/\",\"name\":\"Wenzhou HongTai Fluid Equipment Co.Ltd\",\"description\":\"\",\"potentialAction\":[{\"@type\":\"SearchAction\",\"target\":{\"@type\":\"EntryPoint\",\"urlTemplate\":\"https:\/\/www.hongtaivalve.com\/?s={search_term_string}\"},\"query-input\":{\"@type\":\"PropertyValueSpecification\",\"valueRequired\":true,\"valueName\":\"search_term_string\"}}],\"inLanguage\":\"pt-PT\"}]}<\/script>\n<!-- \/ Yoast SEO plugin. -->","yoast_head_json":{"title":"Hongtaivalve-Sanitary triclamp PTFE gasket-size dn15-dn150-HTV-TPG001 - Wenzhou HongTai Fluid Equipment Co.Ltd","robots":{"index":"index","follow":"follow","max-snippet":"max-snippet:-1","max-image-preview":"max-image-preview:large","max-video-preview":"max-video-preview:-1"},"canonical":"https:\/\/www.hongtaivalve.com\/pt\/produto\/sanitary-triclamp-ptfe-gasket\/","og_locale":"pt_PT","og_type":"article","og_title":"Hongtaivalve-Sanitary triclamp PTFE gasket-size dn15-dn150-HTV-TPG001 - Wenzhou HongTai Fluid Equipment Co.Ltd","og_description":"Corrosion resistance. The PTFE gasket is inert to most chemicals and solvents, and can withstand strong acids and alkalis, aqua regia and various organic solvents. High temperature resistance. The PTFE gasket can work for a long time at temperatures from -196 \u00b0 C to +250 \u00b0 C. Low friction coefficient .Ptfe gaskets have the lowest friction coefficient of any known solid material, making them ideal for oil-free lubrication. Electrical insulation . Ptfe gasket has excellent electrical insulation and is suitable for electrical industry. Self-lubricity. The PTFE gasket has high surface tension, good self-lubrication, and does not stick to anything. Chemical stability . The PTFE gasket has strong chemical corrosion resistance, and only a few elements such as molten alkali metal and elemental fluorine under high temperature and high pressure can act on it. Because of these characteristics, PTFE gaskets are widely used in chemical industry , petroleum , pharmaceutical , food\u00a0 and other industries, and is known as the \"plastic king\".  Sizes from 1\/2\u2033 up to 12\u2033  Creates a leak-proof seal between tri-clamp flanges  We also offer Flanged Tri-Clamp Gaskets base on your requirements","og_url":"https:\/\/www.hongtaivalve.com\/pt\/produto\/sanitary-triclamp-ptfe-gasket\/","og_site_name":"Wenzhou HongTai Fluid Equipment Co.Ltd","article_modified_time":"2024-12-26T08:12:20+00:00","og_image":[{"width":1500,"height":1500,"url":"https:\/\/www.hongtaivalve.com\/wp-content\/uploads\/2024\/04\/\u6d2a\u6cf0\u6d41\u4f53\u4ea7\u54c1\u56fe-35.jpg","type":"image\/jpeg"}],"twitter_card":"summary_large_image","twitter_misc":{"Tempo estimado de leitura":"3 minutos"},"schema":{"@context":"https:\/\/schema.org","@graph":[{"@type":"WebPage","@id":"https:\/\/www.hongtaivalve.com\/product\/sanitary-triclamp-ptfe-gasket\/","url":"https:\/\/www.hongtaivalve.com\/product\/sanitary-triclamp-ptfe-gasket\/","name":"Hongtaivalve-Sanitary triclamp PTFE gasket-size dn15-dn150-HTV-TPG001 - Wenzhou HongTai Fluid Equipment Co.Ltd","isPartOf":{"@id":"https:\/\/www.hongtaivalve.com\/#website"},"primaryImageOfPage":{"@id":"https:\/\/www.hongtaivalve.com\/product\/sanitary-triclamp-ptfe-gasket\/#primaryimage"},"image":{"@id":"https:\/\/www.hongtaivalve.com\/product\/sanitary-triclamp-ptfe-gasket\/#primaryimage"},"thumbnailUrl":"https:\/\/www.hongtaivalve.com\/wp-content\/uploads\/2024\/04\/\u6d2a\u6cf0\u6d41\u4f53\u4ea7\u54c1\u56fe-35.jpg","datePublished":"2024-04-02T03:03:11+00:00","dateModified":"2024-12-26T08:12:20+00:00","breadcrumb":{"@id":"https:\/\/www.hongtaivalve.com\/product\/sanitary-triclamp-ptfe-gasket\/#breadcrumb"},"inLanguage":"pt-PT","potentialAction":[{"@type":"ReadAction","target":["https:\/\/www.hongtaivalve.com\/product\/sanitary-triclamp-ptfe-gasket\/"]}]},{"@type":"ImageObject","inLanguage":"pt-PT","@id":"https:\/\/www.hongtaivalve.com\/product\/sanitary-triclamp-ptfe-gasket\/#primaryimage","url":"https:\/\/www.hongtaivalve.com\/wp-content\/uploads\/2024\/04\/\u6d2a\u6cf0\u6d41\u4f53\u4ea7\u54c1\u56fe-35.jpg","contentUrl":"https:\/\/www.hongtaivalve.com\/wp-content\/uploads\/2024\/04\/\u6d2a\u6cf0\u6d41\u4f53\u4ea7\u54c1\u56fe-35.jpg","width":1500,"height":1500},{"@type":"BreadcrumbList","@id":"https:\/\/www.hongtaivalve.com\/product\/sanitary-triclamp-ptfe-gasket\/#breadcrumb","itemListElement":[{"@type":"ListItem","position":1,"name":"\u9996\u9875","item":"https:\/\/www.hongtaivalve.com\/"},{"@type":"ListItem","position":2,"name":"Product","item":"https:\/\/www.hongtaivalve.com\/product\/"},{"@type":"ListItem","position":3,"name":"Hongtaivalve-Sanitary triclamp PTFE gasket-size dn15-dn150-HTV-TPG001"}]},{"@type":"WebSite","@id":"https:\/\/www.hongtaivalve.com\/#website","url":"https:\/\/www.hongtaivalve.com\/","name":"Wenzhou HongTai Fluid Equipment Co.Ltd","description":"","potentialAction":[{"@type":"SearchAction","target":{"@type":"EntryPoint","urlTemplate":"https:\/\/www.hongtaivalve.com\/?s={search_term_string}"},"query-input":{"@type":"PropertyValueSpecification","valueRequired":true,"valueName":"search_term_string"}}],"inLanguage":"pt-PT"}]}},"_links":{"self":[{"href":"https:\/\/www.hongtaivalve.com\/pt\/wp-json\/wp\/v2\/product\/4867","targetHints":{"allow":["GET"]}}],"collection":[{"href":"https:\/\/www.hongtaivalve.com\/pt\/wp-json\/wp\/v2\/product"}],"about":[{"href":"https:\/\/www.hongtaivalve.com\/pt\/wp-json\/wp\/v2\/types\/product"}],"replies":[{"embeddable":true,"href":"https:\/\/www.hongtaivalve.com\/pt\/wp-json\/wp\/v2\/comments?post=4867"}],"wp:featuredmedia":[{"embeddable":true,"href":"https:\/\/www.hongtaivalve.com\/pt\/wp-json\/wp\/v2\/media\/4868"}],"wp:attachment":[{"href":"https:\/\/www.hongtaivalve.com\/pt\/wp-json\/wp\/v2\/media?parent=4867"}],"wp:term":[{"taxonomy":"product_brand","embeddable":true,"href":"https:\/\/www.hongtaivalve.com\/pt\/wp-json\/wp\/v2\/product_brand?post=4867"},{"taxonomy":"product_cat","embeddable":true,"href":"https:\/\/www.hongtaivalve.com\/pt\/wp-json\/wp\/v2\/product_cat?post=4867"},{"taxonomy":"product_tag","embeddable":true,"href":"https:\/\/www.hongtaivalve.com\/pt\/wp-json\/wp\/v2\/product_tag?post=4867"}],"curies":[{"name":"wp","href":"https:\/\/api.w.org\/{rel}","templated":true}]}}