{"id":4871,"date":"2024-04-02T05:50:46","date_gmt":"2024-04-02T05:50:46","guid":{"rendered":"http:\/\/www.hongtaivalve.com\/?post_type=product&#038;p=4871"},"modified":"2024-12-27T06:15:17","modified_gmt":"2024-12-27T06:15:17","slug":"sanitary-triclamp-y-shape-pipe-filter","status":"publish","type":"product","link":"https:\/\/www.hongtaivalve.com\/pt\/produto\/sanitary-triclamp-y-shape-pipe-filter\/","title":{"rendered":"HongTaivalve-Filtro de tubo em forma de Y com bra\u00e7adeira sanit\u00e1ria - tamanho dn15-dn150-HTV-YSP002"},"content":{"rendered":"<h2><span style=\"color: #ff0000;\">Instru\u00e7\u00f5es de embalagem do produto\uff1a<\/span><\/h2>\n<p>Cada produto \u00e9 primeiro embalado individualmente num saco de espuma, depois cuidadosamente colocado numa caixa de cart\u00e3o designada. Por fim, \u00e9 paletizado ou embalado num caixote de madeira para exporta\u00e7\u00e3o. Todo o processo de embalagem \u00e9 rigorosamente executado para evitar quaisquer danos durante o transporte.<\/p>\n<p><a href=\"http:\/\/www.hongtaivalve.com\/wp-content\/uploads\/2024\/04\/\u6d2a\u6cf0\u6d41\u4f53\u4ea7\u54c1\u56fe-99.jpg\"><img fetchpriority=\"high\" decoding=\"async\" class=\"alignnone size-full wp-image-4872\" src=\"http:\/\/www.hongtaivalve.com\/wp-content\/uploads\/2024\/04\/\u6d2a\u6cf0\u6d41\u4f53\u4ea7\u54c1\u56fe-99.jpg\" alt=\"\" width=\"1500\" height=\"1500\" srcset=\"https:\/\/www.hongtaivalve.com\/wp-content\/uploads\/2024\/04\/\u6d2a\u6cf0\u6d41\u4f53\u4ea7\u54c1\u56fe-99.jpg 1500w, https:\/\/www.hongtaivalve.com\/wp-content\/uploads\/2024\/04\/\u6d2a\u6cf0\u6d41\u4f53\u4ea7\u54c1\u56fe-99-800x800.jpg 800w, https:\/\/www.hongtaivalve.com\/wp-content\/uploads\/2024\/04\/\u6d2a\u6cf0\u6d41\u4f53\u4ea7\u54c1\u56fe-99-100x100.jpg 100w, https:\/\/www.hongtaivalve.com\/wp-content\/uploads\/2024\/04\/\u6d2a\u6cf0\u6d41\u4f53\u4ea7\u54c1\u56fe-99-300x300.jpg 300w, https:\/\/www.hongtaivalve.com\/wp-content\/uploads\/2024\/04\/\u6d2a\u6cf0\u6d41\u4f53\u4ea7\u54c1\u56fe-99-1024x1024.jpg 1024w, https:\/\/www.hongtaivalve.com\/wp-content\/uploads\/2024\/04\/\u6d2a\u6cf0\u6d41\u4f53\u4ea7\u54c1\u56fe-99-150x150.jpg 150w, https:\/\/www.hongtaivalve.com\/wp-content\/uploads\/2024\/04\/\u6d2a\u6cf0\u6d41\u4f53\u4ea7\u54c1\u56fe-99-768x768.jpg 768w\" sizes=\"(max-width: 1500px) 100vw, 1500px\" \/><\/a><\/p>\n<p><strong>Sobre n\u00f3s<\/strong><\/p>\n<p>Na HongTai, somos especializados em v\u00e1lvulas sanit\u00e1rias de alta qualidade e acess\u00f3rios para tubos de a\u00e7o inoxid\u00e1vel, atendendo a ind\u00fastrias-chave como farmac\u00eautica, processamento de alimentos e produtos qu\u00edmicos. Fabricados em a\u00e7o inoxid\u00e1vel 304, 316 e 316L de primeira qualidade, os nossos produtos oferecem uma excelente resist\u00eancia \u00e0 corros\u00e3o e s\u00e3o fabricados utilizando t\u00e9cnicas de fabrico avan\u00e7adas, como o corte a laser e a soldadura de precis\u00e3o. Concebidas para higiene e integridade dos fluidos, as v\u00e1lvulas da HongTai s\u00e3o a escolha ideal para ind\u00fastrias que exigem uma limpeza \u00f3ptima e um desempenho duradouro.<\/p>\n<p><a href=\"https:\/\/www.hongtaivalve.com\/wp-content\/uploads\/2024\/12\/2efad8255a88820383829ce2a75fcb9.jpg\"><img decoding=\"async\" class=\"wp-image-5948 aligncenter\" src=\"https:\/\/www.hongtaivalve.com\/wp-content\/uploads\/2024\/12\/2efad8255a88820383829ce2a75fcb9.jpg\" alt=\"\" width=\"582\" height=\"377\" srcset=\"https:\/\/www.hongtaivalve.com\/wp-content\/uploads\/2024\/12\/2efad8255a88820383829ce2a75fcb9.jpg 985w, https:\/\/www.hongtaivalve.com\/wp-content\/uploads\/2024\/12\/2efad8255a88820383829ce2a75fcb9-300x194.jpg 300w, https:\/\/www.hongtaivalve.com\/wp-content\/uploads\/2024\/12\/2efad8255a88820383829ce2a75fcb9-768x497.jpg 768w, https:\/\/www.hongtaivalve.com\/wp-content\/uploads\/2024\/12\/2efad8255a88820383829ce2a75fcb9-18x12.jpg 18w, https:\/\/www.hongtaivalve.com\/wp-content\/uploads\/2024\/12\/2efad8255a88820383829ce2a75fcb9-800x518.jpg 800w\" sizes=\"(max-width: 582px) 100vw, 582px\" \/><\/a><\/p>\n<p><strong>Porqu\u00ea escolher-nos<\/strong><\/p>\n<p><strong>Garantia de qualidade:<\/strong>\u00a0Mantemos um controlo rigoroso de todas as fases de produ\u00e7\u00e3o, desde as mat\u00e9rias-primas at\u00e9 aos produtos acabados, garantindo a conformidade com a norma ISO9001 e certifica\u00e7\u00f5es internacionais, incluindo as normas 3A, DIN e ISO.<\/p>\n<p><strong>Experi\u00eancia no sector:<\/strong>\u00a0D\u00e9cadas de experi\u00eancia no fornecimento de solu\u00e7\u00f5es para ind\u00fastrias cr\u00edticas como a alimentar, a de bebidas e a farmac\u00eautica.<\/p>\n<p><strong>Tecnologia avan\u00e7ada:<\/strong>\u00a0As nossas instala\u00e7\u00f5es de \u00faltima gera\u00e7\u00e3o, incluindo tornos CNC e ferramentas de precis\u00e3o regularmente actualizados, garantem uma elevada precis\u00e3o de superf\u00edcie e toler\u00e2ncias apertadas para cada produto.<\/p>\n<p><strong>100% Inspe\u00e7\u00e3o:<\/strong>\u00a0Todos os produtos s\u00e3o submetidos a testes rigorosos, incluindo dete\u00e7\u00e3o de tamanho e de fugas nas v\u00e1lvulas, para garantir uma qualidade impec\u00e1vel antes de sa\u00edrem das nossas instala\u00e7\u00f5es.<\/p>\n<p><strong>Alcance global:<\/strong>\u00a0Empresas de todo o mundo confiam na nossa qualidade consistente e na entrega atempada.<\/p>\n<p>Escolha a HongTai para obter fiabilidade, desempenho e inova\u00e7\u00e3o inigual\u00e1veis em solu\u00e7\u00f5es de v\u00e1lvulas e acess\u00f3rios para tubos.<\/p>\n<p>&nbsp;<\/p>\n<p><strong>Contactar-nos<\/strong><br \/>\nPara mais informa\u00e7\u00f5es ou para discutir as suas necessidades, contacte-nos atrav\u00e9s de:<br \/>\nCorreio eletr\u00f3nico: ht@htcdf.com<br \/>\nwhatsapp: (86)18875809195<br \/>\nTamb\u00e9m pode visitar o nosso\u00a0<a href=\"https:\/\/www.hongtaivalve.com\/pt\/contact-us\/\" target=\"_blank\" rel=\"noopener\">Contactar-nos<\/a>\u00a0para mais formas de entrar em contacto.<\/p>","protected":false},"excerpt":{"rendered":"<p>Dividido principalmente em filtro de tubo reto, filtro tipo Y, com filtro de tubo de \u00e2ngulo reto O filtro de tubo sanit\u00e1rio pode ser utilizado em medicina, ind\u00fastria qu\u00edmica, eletr\u00f3nica, bebidas, vinho, tratamento bioqu\u00edmico de \u00e1gua, prote\u00e7\u00e3o ambiental e outros equipamentos industriais O filtro de tubo higi\u00e9nico pode filtrar part\u00edculas l\u00edquidas e bact\u00e9rias acima de 0,45um, tem as vantagens de uma elevada precis\u00e3o de filtra\u00e7\u00e3o, velocidade de transi\u00e7\u00e3o r\u00e1pida, menor adsor\u00e7\u00e3o, sem derramamento m\u00e9dio, resist\u00eancia \u00e0 corros\u00e3o \u00e1cida e alcalina, alta resist\u00eancia, f\u00e1cil opera\u00e7\u00e3o, etc. Tem sido amplamente utilizado em medicina, ind\u00fastria qu\u00edmica, eletr\u00f3nica, bebidas, vinho, tratamento bioqu\u00edmico de \u00e1gua, prote\u00e7\u00e3o ambiental e outros equipamentos necess\u00e1rios.<\/p>\n<p>SIZE:DN25-DN150,1\u2033-6\u2033<br \/>\nConectar: Triclamp, Thread, Weld.<br \/>\nMaterial:sus304 ou sus316L<br \/>\nFiltro de ecr\u00e3 :10mesh -1000mesh<br \/>\nDi\u00e2metro do orif\u00edcio do ecr\u00e3: 0,5 mm a 3 mm.<\/p>","protected":false},"featured_media":4872,"comment_status":"open","ping_status":"closed","template":"","meta":[],"product_brand":[],"product_cat":[111],"product_tag":[],"class_list":{"0":"post-4871","1":"product","2":"type-product","3":"status-publish","4":"has-post-thumbnail","6":"product_cat-filter-strainer","8":"first","9":"instock","10":"shipping-taxable","11":"product-type-simple"},"yoast_head":"<!-- This site is optimized with the Yoast SEO plugin v24.6 - https:\/\/yoast.com\/wordpress\/plugins\/seo\/ -->\n<title>HongTaivalve-Sanitary triclamp Y shape pipe filter-size dn15-dn150-HTV-YSP002 - Wenzhou HongTai Fluid Equipment Co.Ltd<\/title>\n<meta name=\"robots\" content=\"index, follow, max-snippet:-1, max-image-preview:large, max-video-preview:-1\" \/>\n<link rel=\"canonical\" href=\"https:\/\/www.hongtaivalve.com\/pt\/produto\/sanitary-triclamp-y-shape-pipe-filter\/\" \/>\n<meta property=\"og:locale\" content=\"pt_PT\" \/>\n<meta property=\"og:type\" content=\"article\" \/>\n<meta property=\"og:title\" content=\"HongTaivalve-Sanitary triclamp Y shape pipe filter-size dn15-dn150-HTV-YSP002 - Wenzhou HongTai Fluid Equipment Co.Ltd\" \/>\n<meta property=\"og:description\" content=\"Mainly divided into straight pipe filter, Y type filter, with right angle pipe filter Sanitary pipe filter can be Used in medicine, chemical industry, electronics, beverage, wine, biochemical water treatment, environmental protection and other industrial equipment Hygiene pipe filter can filter out liquid particles and bacteria above 0.45um, has the advantages of high filtration accuracy, fast transition speed, less adsorption, no medium shedding, acid and alkali corrosion resistance, high resistance, easy operation, etc. It has been widely used in medicine, chemical industry, electronics, beverage, wine, biochemical water treatment, environmental protection and other necessary equipment.  SIZE:DN25-DN150,1&quot;-6&quot; Connect: Triclamp,Thread,Weld. Material:sus304 or sus316L Filter screen :10mesh -1000mesh Screen hole dia.:0.5mm to 3mm.\" \/>\n<meta property=\"og:url\" content=\"https:\/\/www.hongtaivalve.com\/pt\/produto\/sanitary-triclamp-y-shape-pipe-filter\/\" \/>\n<meta property=\"og:site_name\" content=\"Wenzhou HongTai Fluid Equipment Co.Ltd\" \/>\n<meta property=\"article:modified_time\" content=\"2024-12-27T06:15:17+00:00\" \/>\n<meta property=\"og:image\" content=\"https:\/\/www.hongtaivalve.com\/wp-content\/uploads\/2024\/04\/\u6d2a\u6cf0\u6d41\u4f53\u4ea7\u54c1\u56fe-99.jpg\" \/>\n\t<meta property=\"og:image:width\" content=\"1500\" \/>\n\t<meta property=\"og:image:height\" content=\"1500\" \/>\n\t<meta property=\"og:image:type\" content=\"image\/jpeg\" \/>\n<meta name=\"twitter:card\" content=\"summary_large_image\" \/>\n<meta name=\"twitter:label1\" content=\"Tempo estimado de leitura\" \/>\n\t<meta name=\"twitter:data1\" content=\"2 minutos\" \/>\n<script type=\"application\/ld+json\" class=\"yoast-schema-graph\">{\"@context\":\"https:\/\/schema.org\",\"@graph\":[{\"@type\":\"WebPage\",\"@id\":\"https:\/\/www.hongtaivalve.com\/product\/sanitary-triclamp-y-shape-pipe-filter\/\",\"url\":\"https:\/\/www.hongtaivalve.com\/product\/sanitary-triclamp-y-shape-pipe-filter\/\",\"name\":\"HongTaivalve-Sanitary triclamp Y shape pipe filter-size dn15-dn150-HTV-YSP002 - Wenzhou HongTai Fluid Equipment Co.Ltd\",\"isPartOf\":{\"@id\":\"https:\/\/www.hongtaivalve.com\/#website\"},\"primaryImageOfPage\":{\"@id\":\"https:\/\/www.hongtaivalve.com\/product\/sanitary-triclamp-y-shape-pipe-filter\/#primaryimage\"},\"image\":{\"@id\":\"https:\/\/www.hongtaivalve.com\/product\/sanitary-triclamp-y-shape-pipe-filter\/#primaryimage\"},\"thumbnailUrl\":\"https:\/\/www.hongtaivalve.com\/wp-content\/uploads\/2024\/04\/\u6d2a\u6cf0\u6d41\u4f53\u4ea7\u54c1\u56fe-99.jpg\",\"datePublished\":\"2024-04-02T05:50:46+00:00\",\"dateModified\":\"2024-12-27T06:15:17+00:00\",\"breadcrumb\":{\"@id\":\"https:\/\/www.hongtaivalve.com\/product\/sanitary-triclamp-y-shape-pipe-filter\/#breadcrumb\"},\"inLanguage\":\"pt-PT\",\"potentialAction\":[{\"@type\":\"ReadAction\",\"target\":[\"https:\/\/www.hongtaivalve.com\/product\/sanitary-triclamp-y-shape-pipe-filter\/\"]}]},{\"@type\":\"ImageObject\",\"inLanguage\":\"pt-PT\",\"@id\":\"https:\/\/www.hongtaivalve.com\/product\/sanitary-triclamp-y-shape-pipe-filter\/#primaryimage\",\"url\":\"https:\/\/www.hongtaivalve.com\/wp-content\/uploads\/2024\/04\/\u6d2a\u6cf0\u6d41\u4f53\u4ea7\u54c1\u56fe-99.jpg\",\"contentUrl\":\"https:\/\/www.hongtaivalve.com\/wp-content\/uploads\/2024\/04\/\u6d2a\u6cf0\u6d41\u4f53\u4ea7\u54c1\u56fe-99.jpg\",\"width\":1500,\"height\":1500},{\"@type\":\"BreadcrumbList\",\"@id\":\"https:\/\/www.hongtaivalve.com\/product\/sanitary-triclamp-y-shape-pipe-filter\/#breadcrumb\",\"itemListElement\":[{\"@type\":\"ListItem\",\"position\":1,\"name\":\"\u9996\u9875\",\"item\":\"https:\/\/www.hongtaivalve.com\/\"},{\"@type\":\"ListItem\",\"position\":2,\"name\":\"Product\",\"item\":\"https:\/\/www.hongtaivalve.com\/product\/\"},{\"@type\":\"ListItem\",\"position\":3,\"name\":\"HongTaivalve-Sanitary triclamp Y shape pipe filter-size dn15-dn150-HTV-YSP002\"}]},{\"@type\":\"WebSite\",\"@id\":\"https:\/\/www.hongtaivalve.com\/#website\",\"url\":\"https:\/\/www.hongtaivalve.com\/\",\"name\":\"Wenzhou HongTai Fluid Equipment Co.Ltd\",\"description\":\"\",\"potentialAction\":[{\"@type\":\"SearchAction\",\"target\":{\"@type\":\"EntryPoint\",\"urlTemplate\":\"https:\/\/www.hongtaivalve.com\/?s={search_term_string}\"},\"query-input\":{\"@type\":\"PropertyValueSpecification\",\"valueRequired\":true,\"valueName\":\"search_term_string\"}}],\"inLanguage\":\"pt-PT\"}]}<\/script>\n<!-- \/ Yoast SEO plugin. -->","yoast_head_json":{"title":"HongTaivalve-Sanitary triclamp Y shape pipe filter-size dn15-dn150-HTV-YSP002 - Wenzhou HongTai Fluid Equipment Co.Ltd","robots":{"index":"index","follow":"follow","max-snippet":"max-snippet:-1","max-image-preview":"max-image-preview:large","max-video-preview":"max-video-preview:-1"},"canonical":"https:\/\/www.hongtaivalve.com\/pt\/produto\/sanitary-triclamp-y-shape-pipe-filter\/","og_locale":"pt_PT","og_type":"article","og_title":"HongTaivalve-Sanitary triclamp Y shape pipe filter-size dn15-dn150-HTV-YSP002 - Wenzhou HongTai Fluid Equipment Co.Ltd","og_description":"Mainly divided into straight pipe filter, Y type filter, with right angle pipe filter Sanitary pipe filter can be Used in medicine, chemical industry, electronics, beverage, wine, biochemical water treatment, environmental protection and other industrial equipment Hygiene pipe filter can filter out liquid particles and bacteria above 0.45um, has the advantages of high filtration accuracy, fast transition speed, less adsorption, no medium shedding, acid and alkali corrosion resistance, high resistance, easy operation, etc. It has been widely used in medicine, chemical industry, electronics, beverage, wine, biochemical water treatment, environmental protection and other necessary equipment.  SIZE:DN25-DN150,1\"-6\" Connect: Triclamp,Thread,Weld. Material:sus304 or sus316L Filter screen :10mesh -1000mesh Screen hole dia.:0.5mm to 3mm.","og_url":"https:\/\/www.hongtaivalve.com\/pt\/produto\/sanitary-triclamp-y-shape-pipe-filter\/","og_site_name":"Wenzhou HongTai Fluid Equipment Co.Ltd","article_modified_time":"2024-12-27T06:15:17+00:00","og_image":[{"width":1500,"height":1500,"url":"https:\/\/www.hongtaivalve.com\/wp-content\/uploads\/2024\/04\/\u6d2a\u6cf0\u6d41\u4f53\u4ea7\u54c1\u56fe-99.jpg","type":"image\/jpeg"}],"twitter_card":"summary_large_image","twitter_misc":{"Tempo estimado de leitura":"2 minutos"},"schema":{"@context":"https:\/\/schema.org","@graph":[{"@type":"WebPage","@id":"https:\/\/www.hongtaivalve.com\/product\/sanitary-triclamp-y-shape-pipe-filter\/","url":"https:\/\/www.hongtaivalve.com\/product\/sanitary-triclamp-y-shape-pipe-filter\/","name":"HongTaivalve-Sanitary triclamp Y shape pipe filter-size dn15-dn150-HTV-YSP002 - Wenzhou HongTai Fluid Equipment Co.Ltd","isPartOf":{"@id":"https:\/\/www.hongtaivalve.com\/#website"},"primaryImageOfPage":{"@id":"https:\/\/www.hongtaivalve.com\/product\/sanitary-triclamp-y-shape-pipe-filter\/#primaryimage"},"image":{"@id":"https:\/\/www.hongtaivalve.com\/product\/sanitary-triclamp-y-shape-pipe-filter\/#primaryimage"},"thumbnailUrl":"https:\/\/www.hongtaivalve.com\/wp-content\/uploads\/2024\/04\/\u6d2a\u6cf0\u6d41\u4f53\u4ea7\u54c1\u56fe-99.jpg","datePublished":"2024-04-02T05:50:46+00:00","dateModified":"2024-12-27T06:15:17+00:00","breadcrumb":{"@id":"https:\/\/www.hongtaivalve.com\/product\/sanitary-triclamp-y-shape-pipe-filter\/#breadcrumb"},"inLanguage":"pt-PT","potentialAction":[{"@type":"ReadAction","target":["https:\/\/www.hongtaivalve.com\/product\/sanitary-triclamp-y-shape-pipe-filter\/"]}]},{"@type":"ImageObject","inLanguage":"pt-PT","@id":"https:\/\/www.hongtaivalve.com\/product\/sanitary-triclamp-y-shape-pipe-filter\/#primaryimage","url":"https:\/\/www.hongtaivalve.com\/wp-content\/uploads\/2024\/04\/\u6d2a\u6cf0\u6d41\u4f53\u4ea7\u54c1\u56fe-99.jpg","contentUrl":"https:\/\/www.hongtaivalve.com\/wp-content\/uploads\/2024\/04\/\u6d2a\u6cf0\u6d41\u4f53\u4ea7\u54c1\u56fe-99.jpg","width":1500,"height":1500},{"@type":"BreadcrumbList","@id":"https:\/\/www.hongtaivalve.com\/product\/sanitary-triclamp-y-shape-pipe-filter\/#breadcrumb","itemListElement":[{"@type":"ListItem","position":1,"name":"\u9996\u9875","item":"https:\/\/www.hongtaivalve.com\/"},{"@type":"ListItem","position":2,"name":"Product","item":"https:\/\/www.hongtaivalve.com\/product\/"},{"@type":"ListItem","position":3,"name":"HongTaivalve-Sanitary triclamp Y shape pipe filter-size dn15-dn150-HTV-YSP002"}]},{"@type":"WebSite","@id":"https:\/\/www.hongtaivalve.com\/#website","url":"https:\/\/www.hongtaivalve.com\/","name":"Wenzhou HongTai Fluid Equipment Co.Ltd","description":"","potentialAction":[{"@type":"SearchAction","target":{"@type":"EntryPoint","urlTemplate":"https:\/\/www.hongtaivalve.com\/?s={search_term_string}"},"query-input":{"@type":"PropertyValueSpecification","valueRequired":true,"valueName":"search_term_string"}}],"inLanguage":"pt-PT"}]}},"_links":{"self":[{"href":"https:\/\/www.hongtaivalve.com\/pt\/wp-json\/wp\/v2\/product\/4871","targetHints":{"allow":["GET"]}}],"collection":[{"href":"https:\/\/www.hongtaivalve.com\/pt\/wp-json\/wp\/v2\/product"}],"about":[{"href":"https:\/\/www.hongtaivalve.com\/pt\/wp-json\/wp\/v2\/types\/product"}],"replies":[{"embeddable":true,"href":"https:\/\/www.hongtaivalve.com\/pt\/wp-json\/wp\/v2\/comments?post=4871"}],"wp:featuredmedia":[{"embeddable":true,"href":"https:\/\/www.hongtaivalve.com\/pt\/wp-json\/wp\/v2\/media\/4872"}],"wp:attachment":[{"href":"https:\/\/www.hongtaivalve.com\/pt\/wp-json\/wp\/v2\/media?parent=4871"}],"wp:term":[{"taxonomy":"product_brand","embeddable":true,"href":"https:\/\/www.hongtaivalve.com\/pt\/wp-json\/wp\/v2\/product_brand?post=4871"},{"taxonomy":"product_cat","embeddable":true,"href":"https:\/\/www.hongtaivalve.com\/pt\/wp-json\/wp\/v2\/product_cat?post=4871"},{"taxonomy":"product_tag","embeddable":true,"href":"https:\/\/www.hongtaivalve.com\/pt\/wp-json\/wp\/v2\/product_tag?post=4871"}],"curies":[{"name":"wp","href":"https:\/\/api.w.org\/{rel}","templated":true}]}}