{"id":4906,"date":"2024-04-09T09:05:10","date_gmt":"2024-04-09T09:05:10","guid":{"rendered":"http:\/\/www.hongtaivalve.com\/?post_type=product&#038;p=4906"},"modified":"2024-04-11T04:36:39","modified_gmt":"2024-04-11T04:36:39","slug":"sanitary-flanged-sight-glasses","status":"publish","type":"product","link":"https:\/\/www.hongtaivalve.com\/pt\/produto\/sanitary-flanged-sight-glasses\/","title":{"rendered":"Visores sanit\u00e1rios com flange"},"content":{"rendered":"<p><a href=\"http:\/\/www.hongtaivalve.com\/wp-content\/uploads\/2024\/04\/IMG_9137.jpg\"><img fetchpriority=\"high\" decoding=\"async\" class=\"alignnone size-full wp-image-4904\" src=\"http:\/\/www.hongtaivalve.com\/wp-content\/uploads\/2024\/04\/IMG_9137.jpg\" alt=\"\" width=\"1024\" height=\"768\" srcset=\"https:\/\/www.hongtaivalve.com\/wp-content\/uploads\/2024\/04\/IMG_9137.jpg 1024w, https:\/\/www.hongtaivalve.com\/wp-content\/uploads\/2024\/04\/IMG_9137-800x600.jpg 800w, https:\/\/www.hongtaivalve.com\/wp-content\/uploads\/2024\/04\/IMG_9137-300x225.jpg 300w, https:\/\/www.hongtaivalve.com\/wp-content\/uploads\/2024\/04\/IMG_9137-768x576.jpg 768w\" sizes=\"(max-width: 1024px) 100vw, 1024px\" \/><\/a><\/p>","protected":false},"excerpt":{"rendered":"<p>Os visores de a\u00e7o inoxid\u00e1vel s\u00e3o divididos em visores de tipo de tubagem, visores de flange e visores de tipo de uni\u00e3o, normalmente utilizados para observar a altera\u00e7\u00e3o da composi\u00e7\u00e3o, a dire\u00e7\u00e3o do fluxo de materiais e a altera\u00e7\u00e3o da cor dos materiais no tanque e na tubagem, que podem desempenhar o papel de observa\u00e7\u00e3o a qualquer momento. De acordo com as necessidades do cliente, podemos conceber um visor de uni\u00e3o com luzes e escovas de limpeza, que \u00e9 mais humanizado e est\u00e1 mais de acordo com as necessidades dos cen\u00e1rios do cliente. O modo de conex\u00e3o \u00e9 tri clamp, soldadura, conex\u00e3o de porca m\u00f3vel e conex\u00e3o de flange.<\/p>","protected":false},"featured_media":4904,"comment_status":"open","ping_status":"closed","template":"","meta":[],"product_brand":[],"product_cat":[107],"product_tag":[],"class_list":{"0":"post-4906","1":"product","2":"type-product","3":"status-publish","4":"has-post-thumbnail","6":"product_cat-extractions-tank-accessories","8":"first","9":"instock","10":"shipping-taxable","11":"product-type-simple"},"yoast_head":"<!-- This site is optimized with the Yoast SEO plugin v24.6 - https:\/\/yoast.com\/wordpress\/plugins\/seo\/ -->\n<title>Sanitary flanged sight glasses - Wenzhou HongTai Fluid Equipment Co.Ltd<\/title>\n<meta name=\"robots\" content=\"index, follow, max-snippet:-1, max-image-preview:large, max-video-preview:-1\" \/>\n<link rel=\"canonical\" href=\"https:\/\/www.hongtaivalve.com\/pt\/produto\/sanitary-flanged-sight-glasses\/\" \/>\n<meta property=\"og:locale\" content=\"pt_PT\" \/>\n<meta property=\"og:type\" content=\"article\" \/>\n<meta property=\"og:title\" content=\"Sanitary flanged sight glasses - Wenzhou HongTai Fluid Equipment Co.Ltd\" \/>\n<meta property=\"og:description\" content=\"Stainless steel sight glasses is divided into pipeline type view, flange view and union type sight glasses, usually used to observe the composition change, direction of flow of materials and color change of materials in the tank and pipeline, which can play the role of observation at any time. According to customer needs, we can design union sight glass with lights and wiper blades, which is more humanized and more in line with the needs of customer scenarios. The connection mode is tri clamp, welding, movable nut connection and flange connection.\" \/>\n<meta property=\"og:url\" content=\"https:\/\/www.hongtaivalve.com\/pt\/produto\/sanitary-flanged-sight-glasses\/\" \/>\n<meta property=\"og:site_name\" content=\"Wenzhou HongTai Fluid Equipment Co.Ltd\" \/>\n<meta property=\"article:modified_time\" content=\"2024-04-11T04:36:39+00:00\" \/>\n<meta property=\"og:image\" content=\"https:\/\/www.hongtaivalve.com\/wp-content\/uploads\/2024\/04\/IMG_9137.jpg\" \/>\n\t<meta property=\"og:image:width\" content=\"1024\" \/>\n\t<meta property=\"og:image:height\" content=\"768\" \/>\n\t<meta property=\"og:image:type\" content=\"image\/jpeg\" \/>\n<meta name=\"twitter:card\" content=\"summary_large_image\" \/>\n<script type=\"application\/ld+json\" class=\"yoast-schema-graph\">{\"@context\":\"https:\/\/schema.org\",\"@graph\":[{\"@type\":\"WebPage\",\"@id\":\"https:\/\/www.hongtaivalve.com\/product\/sanitary-flanged-sight-glasses\/\",\"url\":\"https:\/\/www.hongtaivalve.com\/product\/sanitary-flanged-sight-glasses\/\",\"name\":\"Sanitary flanged sight glasses - Wenzhou HongTai Fluid Equipment Co.Ltd\",\"isPartOf\":{\"@id\":\"https:\/\/www.hongtaivalve.com\/#website\"},\"primaryImageOfPage\":{\"@id\":\"https:\/\/www.hongtaivalve.com\/product\/sanitary-flanged-sight-glasses\/#primaryimage\"},\"image\":{\"@id\":\"https:\/\/www.hongtaivalve.com\/product\/sanitary-flanged-sight-glasses\/#primaryimage\"},\"thumbnailUrl\":\"https:\/\/www.hongtaivalve.com\/wp-content\/uploads\/2024\/04\/IMG_9137.jpg\",\"datePublished\":\"2024-04-09T09:05:10+00:00\",\"dateModified\":\"2024-04-11T04:36:39+00:00\",\"breadcrumb\":{\"@id\":\"https:\/\/www.hongtaivalve.com\/product\/sanitary-flanged-sight-glasses\/#breadcrumb\"},\"inLanguage\":\"pt-PT\",\"potentialAction\":[{\"@type\":\"ReadAction\",\"target\":[\"https:\/\/www.hongtaivalve.com\/product\/sanitary-flanged-sight-glasses\/\"]}]},{\"@type\":\"ImageObject\",\"inLanguage\":\"pt-PT\",\"@id\":\"https:\/\/www.hongtaivalve.com\/product\/sanitary-flanged-sight-glasses\/#primaryimage\",\"url\":\"https:\/\/www.hongtaivalve.com\/wp-content\/uploads\/2024\/04\/IMG_9137.jpg\",\"contentUrl\":\"https:\/\/www.hongtaivalve.com\/wp-content\/uploads\/2024\/04\/IMG_9137.jpg\",\"width\":1024,\"height\":768},{\"@type\":\"BreadcrumbList\",\"@id\":\"https:\/\/www.hongtaivalve.com\/product\/sanitary-flanged-sight-glasses\/#breadcrumb\",\"itemListElement\":[{\"@type\":\"ListItem\",\"position\":1,\"name\":\"\u9996\u9875\",\"item\":\"https:\/\/www.hongtaivalve.com\/\"},{\"@type\":\"ListItem\",\"position\":2,\"name\":\"Product\",\"item\":\"https:\/\/www.hongtaivalve.com\/product\/\"},{\"@type\":\"ListItem\",\"position\":3,\"name\":\"Sanitary flanged sight glasses\"}]},{\"@type\":\"WebSite\",\"@id\":\"https:\/\/www.hongtaivalve.com\/#website\",\"url\":\"https:\/\/www.hongtaivalve.com\/\",\"name\":\"Wenzhou HongTai Fluid Equipment Co.Ltd\",\"description\":\"\",\"potentialAction\":[{\"@type\":\"SearchAction\",\"target\":{\"@type\":\"EntryPoint\",\"urlTemplate\":\"https:\/\/www.hongtaivalve.com\/?s={search_term_string}\"},\"query-input\":{\"@type\":\"PropertyValueSpecification\",\"valueRequired\":true,\"valueName\":\"search_term_string\"}}],\"inLanguage\":\"pt-PT\"}]}<\/script>\n<!-- \/ Yoast SEO plugin. -->","yoast_head_json":{"title":"Sanitary flanged sight glasses - Wenzhou HongTai Fluid Equipment Co.Ltd","robots":{"index":"index","follow":"follow","max-snippet":"max-snippet:-1","max-image-preview":"max-image-preview:large","max-video-preview":"max-video-preview:-1"},"canonical":"https:\/\/www.hongtaivalve.com\/pt\/produto\/sanitary-flanged-sight-glasses\/","og_locale":"pt_PT","og_type":"article","og_title":"Sanitary flanged sight glasses - Wenzhou HongTai Fluid Equipment Co.Ltd","og_description":"Stainless steel sight glasses is divided into pipeline type view, flange view and union type sight glasses, usually used to observe the composition change, direction of flow of materials and color change of materials in the tank and pipeline, which can play the role of observation at any time. According to customer needs, we can design union sight glass with lights and wiper blades, which is more humanized and more in line with the needs of customer scenarios. The connection mode is tri clamp, welding, movable nut connection and flange connection.","og_url":"https:\/\/www.hongtaivalve.com\/pt\/produto\/sanitary-flanged-sight-glasses\/","og_site_name":"Wenzhou HongTai Fluid Equipment Co.Ltd","article_modified_time":"2024-04-11T04:36:39+00:00","og_image":[{"width":1024,"height":768,"url":"https:\/\/www.hongtaivalve.com\/wp-content\/uploads\/2024\/04\/IMG_9137.jpg","type":"image\/jpeg"}],"twitter_card":"summary_large_image","schema":{"@context":"https:\/\/schema.org","@graph":[{"@type":"WebPage","@id":"https:\/\/www.hongtaivalve.com\/product\/sanitary-flanged-sight-glasses\/","url":"https:\/\/www.hongtaivalve.com\/product\/sanitary-flanged-sight-glasses\/","name":"Sanitary flanged sight glasses - Wenzhou HongTai Fluid Equipment Co.Ltd","isPartOf":{"@id":"https:\/\/www.hongtaivalve.com\/#website"},"primaryImageOfPage":{"@id":"https:\/\/www.hongtaivalve.com\/product\/sanitary-flanged-sight-glasses\/#primaryimage"},"image":{"@id":"https:\/\/www.hongtaivalve.com\/product\/sanitary-flanged-sight-glasses\/#primaryimage"},"thumbnailUrl":"https:\/\/www.hongtaivalve.com\/wp-content\/uploads\/2024\/04\/IMG_9137.jpg","datePublished":"2024-04-09T09:05:10+00:00","dateModified":"2024-04-11T04:36:39+00:00","breadcrumb":{"@id":"https:\/\/www.hongtaivalve.com\/product\/sanitary-flanged-sight-glasses\/#breadcrumb"},"inLanguage":"pt-PT","potentialAction":[{"@type":"ReadAction","target":["https:\/\/www.hongtaivalve.com\/product\/sanitary-flanged-sight-glasses\/"]}]},{"@type":"ImageObject","inLanguage":"pt-PT","@id":"https:\/\/www.hongtaivalve.com\/product\/sanitary-flanged-sight-glasses\/#primaryimage","url":"https:\/\/www.hongtaivalve.com\/wp-content\/uploads\/2024\/04\/IMG_9137.jpg","contentUrl":"https:\/\/www.hongtaivalve.com\/wp-content\/uploads\/2024\/04\/IMG_9137.jpg","width":1024,"height":768},{"@type":"BreadcrumbList","@id":"https:\/\/www.hongtaivalve.com\/product\/sanitary-flanged-sight-glasses\/#breadcrumb","itemListElement":[{"@type":"ListItem","position":1,"name":"\u9996\u9875","item":"https:\/\/www.hongtaivalve.com\/"},{"@type":"ListItem","position":2,"name":"Product","item":"https:\/\/www.hongtaivalve.com\/product\/"},{"@type":"ListItem","position":3,"name":"Sanitary flanged sight glasses"}]},{"@type":"WebSite","@id":"https:\/\/www.hongtaivalve.com\/#website","url":"https:\/\/www.hongtaivalve.com\/","name":"Wenzhou HongTai Fluid Equipment Co.Ltd","description":"","potentialAction":[{"@type":"SearchAction","target":{"@type":"EntryPoint","urlTemplate":"https:\/\/www.hongtaivalve.com\/?s={search_term_string}"},"query-input":{"@type":"PropertyValueSpecification","valueRequired":true,"valueName":"search_term_string"}}],"inLanguage":"pt-PT"}]}},"_links":{"self":[{"href":"https:\/\/www.hongtaivalve.com\/pt\/wp-json\/wp\/v2\/product\/4906","targetHints":{"allow":["GET"]}}],"collection":[{"href":"https:\/\/www.hongtaivalve.com\/pt\/wp-json\/wp\/v2\/product"}],"about":[{"href":"https:\/\/www.hongtaivalve.com\/pt\/wp-json\/wp\/v2\/types\/product"}],"replies":[{"embeddable":true,"href":"https:\/\/www.hongtaivalve.com\/pt\/wp-json\/wp\/v2\/comments?post=4906"}],"wp:featuredmedia":[{"embeddable":true,"href":"https:\/\/www.hongtaivalve.com\/pt\/wp-json\/wp\/v2\/media\/4904"}],"wp:attachment":[{"href":"https:\/\/www.hongtaivalve.com\/pt\/wp-json\/wp\/v2\/media?parent=4906"}],"wp:term":[{"taxonomy":"product_brand","embeddable":true,"href":"https:\/\/www.hongtaivalve.com\/pt\/wp-json\/wp\/v2\/product_brand?post=4906"},{"taxonomy":"product_cat","embeddable":true,"href":"https:\/\/www.hongtaivalve.com\/pt\/wp-json\/wp\/v2\/product_cat?post=4906"},{"taxonomy":"product_tag","embeddable":true,"href":"https:\/\/www.hongtaivalve.com\/pt\/wp-json\/wp\/v2\/product_tag?post=4906"}],"curies":[{"name":"wp","href":"https:\/\/api.w.org\/{rel}","templated":true}]}}