{"id":4918,"date":"2024-04-11T05:35:55","date_gmt":"2024-04-11T05:35:55","guid":{"rendered":"http:\/\/www.hongtaivalve.com\/?post_type=product&#038;p=4918"},"modified":"2024-12-27T02:00:57","modified_gmt":"2024-12-27T02:00:57","slug":"sanitary-ellipse-tank-oval-pressure-inward-opening-manhole-cover","status":"publish","type":"product","link":"https:\/\/www.hongtaivalve.com\/pt\/produto\/sanitary-ellipse-tank-oval-pressure-inward-opening-manhole-cover\/","title":{"rendered":"HongTaivalve-Tanque sanit\u00e1rio de elipse com press\u00e3o oval para dentro, abertura de tampa de esgoto - tamanho dn15-dn150-HTV-ET001"},"content":{"rendered":"<h2><span style=\"color: #ff0000;\">Instru\u00e7\u00f5es de embalagem do produto\uff1a<\/span><\/h2>\n<p>Cada produto \u00e9 primeiro embalado individualmente num saco de espuma, depois cuidadosamente colocado numa caixa de cart\u00e3o designada. Por fim, \u00e9 paletizado ou embalado num caixote de madeira para exporta\u00e7\u00e3o. Todo o processo de embalagem \u00e9 rigorosamente executado para evitar quaisquer danos durante o transporte.<\/p>\n<p><a href=\"http:\/\/www.hongtaivalve.com\/wp-content\/uploads\/2024\/04\/IMG_9423.jpg\"><img fetchpriority=\"high\" decoding=\"async\" class=\"alignnone size-full wp-image-4919\" src=\"http:\/\/www.hongtaivalve.com\/wp-content\/uploads\/2024\/04\/IMG_9423.jpg\" alt=\"\" width=\"1024\" height=\"768\" srcset=\"https:\/\/www.hongtaivalve.com\/wp-content\/uploads\/2024\/04\/IMG_9423.jpg 1024w, https:\/\/www.hongtaivalve.com\/wp-content\/uploads\/2024\/04\/IMG_9423-800x600.jpg 800w, https:\/\/www.hongtaivalve.com\/wp-content\/uploads\/2024\/04\/IMG_9423-300x225.jpg 300w, https:\/\/www.hongtaivalve.com\/wp-content\/uploads\/2024\/04\/IMG_9423-768x576.jpg 768w\" sizes=\"(max-width: 1024px) 100vw, 1024px\" \/><\/a><\/p>\n<p><strong>Sobre n\u00f3s<\/strong><\/p>\n<p>Na HongTai, somos especializados em v\u00e1lvulas sanit\u00e1rias de alta qualidade e acess\u00f3rios para tubos de a\u00e7o inoxid\u00e1vel, atendendo a ind\u00fastrias-chave como farmac\u00eautica, processamento de alimentos e produtos qu\u00edmicos. Fabricados em a\u00e7o inoxid\u00e1vel 304, 316 e 316L de primeira qualidade, os nossos produtos oferecem uma excelente resist\u00eancia \u00e0 corros\u00e3o e s\u00e3o fabricados utilizando t\u00e9cnicas de fabrico avan\u00e7adas, como o corte a laser e a soldadura de precis\u00e3o. Concebidas para higiene e integridade dos fluidos, as v\u00e1lvulas da HongTai s\u00e3o a escolha ideal para ind\u00fastrias que exigem uma limpeza \u00f3ptima e um desempenho duradouro.<\/p>\n<p><a href=\"https:\/\/www.hongtaivalve.com\/wp-content\/uploads\/2024\/12\/2efad8255a88820383829ce2a75fcb9.jpg\"><img decoding=\"async\" class=\"wp-image-5948 aligncenter\" src=\"https:\/\/www.hongtaivalve.com\/wp-content\/uploads\/2024\/12\/2efad8255a88820383829ce2a75fcb9.jpg\" alt=\"\" width=\"607\" height=\"393\" srcset=\"https:\/\/www.hongtaivalve.com\/wp-content\/uploads\/2024\/12\/2efad8255a88820383829ce2a75fcb9.jpg 985w, https:\/\/www.hongtaivalve.com\/wp-content\/uploads\/2024\/12\/2efad8255a88820383829ce2a75fcb9-300x194.jpg 300w, https:\/\/www.hongtaivalve.com\/wp-content\/uploads\/2024\/12\/2efad8255a88820383829ce2a75fcb9-768x497.jpg 768w, https:\/\/www.hongtaivalve.com\/wp-content\/uploads\/2024\/12\/2efad8255a88820383829ce2a75fcb9-18x12.jpg 18w, https:\/\/www.hongtaivalve.com\/wp-content\/uploads\/2024\/12\/2efad8255a88820383829ce2a75fcb9-800x518.jpg 800w\" sizes=\"(max-width: 607px) 100vw, 607px\" \/><\/a><\/p>\n<p><strong>Porqu\u00ea escolher-nos<\/strong><\/p>\n<p><strong>Garantia de qualidade:<\/strong>\u00a0Mantemos um controlo rigoroso de todas as fases de produ\u00e7\u00e3o, desde as mat\u00e9rias-primas at\u00e9 aos produtos acabados, garantindo a conformidade com a norma ISO9001 e certifica\u00e7\u00f5es internacionais, incluindo as normas 3A, DIN e ISO.<\/p>\n<p><strong>Experi\u00eancia no sector:<\/strong>\u00a0D\u00e9cadas de experi\u00eancia no fornecimento de solu\u00e7\u00f5es para ind\u00fastrias cr\u00edticas como a alimentar, a de bebidas e a farmac\u00eautica.<\/p>\n<p><strong>Tecnologia avan\u00e7ada:<\/strong>\u00a0As nossas instala\u00e7\u00f5es de \u00faltima gera\u00e7\u00e3o, incluindo tornos CNC e ferramentas de precis\u00e3o regularmente actualizados, garantem uma elevada precis\u00e3o de superf\u00edcie e toler\u00e2ncias apertadas para cada produto.<\/p>\n<p><strong>100% Inspe\u00e7\u00e3o:<\/strong>\u00a0Todos os produtos s\u00e3o submetidos a testes rigorosos, incluindo dete\u00e7\u00e3o de tamanho e de fugas nas v\u00e1lvulas, para garantir uma qualidade impec\u00e1vel antes de sa\u00edrem das nossas instala\u00e7\u00f5es.<\/p>\n<p><strong>Alcance global:<\/strong>\u00a0Empresas de todo o mundo confiam na nossa qualidade consistente e na entrega atempada.<\/p>\n<p>Escolha a HongTai para obter fiabilidade, desempenho e inova\u00e7\u00e3o inigual\u00e1veis em solu\u00e7\u00f5es de v\u00e1lvulas e acess\u00f3rios para tubos.<\/p>\n<p>&nbsp;<\/p>\n<p><strong>Contactar-nos<\/strong><br \/>\nPara mais informa\u00e7\u00f5es ou para discutir as suas necessidades, contacte-nos atrav\u00e9s de:<br \/>\nCorreio eletr\u00f3nico: ht@htcdf.com<br \/>\nwhatsapp: (86)18875809195<br \/>\nTamb\u00e9m pode visitar o nosso\u00a0<a href=\"https:\/\/www.hongtaivalve.com\/pt\/contact-us\/\" target=\"_blank\" rel=\"noopener\">Contactar-nos<\/a>\u00a0para mais formas de entrar em contacto.<\/p>\n<p>&nbsp;<\/p>\n<p>&nbsp;<\/p>","protected":false},"excerpt":{"rendered":"<p>As c\u00e2maras de visita de a\u00e7o inoxid\u00e1vel incluem c\u00e2maras de visita de press\u00e3o e c\u00e2maras de visita n\u00e3o pressurizadas, das quais as c\u00e2maras de visita de tanques n\u00e3o pressurizados podem fornecer SS304 ou SS316. S\u00e3o principalmente utilizadas em equipamento de reservat\u00f3rios, como tanques de armazenamento atmosf\u00e9rico e tanques de mistura, para verificar o n\u00edvel do l\u00edquido, mantendo o controlo do ar no topo do reservat\u00f3rio - a c\u00e2mara de visita \u00e9 selada e impede a troca de ar. A c\u00e2mara de visita \u00e9 normalmente instalada na parte superior do tanque e o seu tamanho depende da condi\u00e7\u00e3o aplicada: as maiores facilitam a adi\u00e7\u00e3o de s\u00f3lidos, ou as mais pequenas para a adi\u00e7\u00e3o de l\u00edquidos ou p\u00f3s.<br \/>\nA press\u00e3o da caixa de visita depende da espessura da parede do material de a\u00e7o inoxid\u00e1vel e da espessura do anel de flange, podemos fornecer caixas de visita redondas, quadradas e ovais. De acordo com as diferentes necessidades dos clientes, podemos personalizar a c\u00e2mara de visita de vidro, com c\u00e2mara de visita de v\u00e1lvula de respira\u00e7\u00e3o, a superf\u00edcie pode ser jato de areia ou polimento de espelho<\/p>\n<p>As caixas de visita de vidro s\u00e3o muito convenientes para observar os materiais dos reservat\u00f3rios. Tamb\u00e9m podemos instalar caixas de visita com luzes, que s\u00e3o ligeiramente mais caras do que outras caixas de visita, que s\u00e3o adequadas para a instala\u00e7\u00e3o de topos de tanques atmosf\u00e9ricos. As fun\u00e7\u00f5es dividem-se em totalmente fechadas, tipo espelho de vidro observ\u00e1vel e tipo espelho de vidro observ\u00e1vel com luz.<\/p>\n<ul>\n<li>Especifica\u00e7\u00f5es da c\u00e2mara de visita oval: 320 x 440mm, 350 x 450mm, 410 x 510mm<\/li>\n<\/ul>","protected":false},"featured_media":4920,"comment_status":"open","ping_status":"closed","template":"","meta":[],"product_brand":[],"product_cat":[107],"product_tag":[],"class_list":{"0":"post-4918","1":"product","2":"type-product","3":"status-publish","4":"has-post-thumbnail","6":"product_cat-extractions-tank-accessories","8":"first","9":"instock","10":"shipping-taxable","11":"product-type-simple"},"yoast_head":"<!-- This site is optimized with the Yoast SEO plugin v24.6 - https:\/\/yoast.com\/wordpress\/plugins\/seo\/ -->\n<title>HongTaivalve-Sanitary ellipse tank oval pressure inward opening manhole cover-size dn15-dn150-HTV-ET001 - Wenzhou HongTai Fluid Equipment Co.Ltd<\/title>\n<meta name=\"robots\" content=\"index, follow, max-snippet:-1, max-image-preview:large, max-video-preview:-1\" \/>\n<link rel=\"canonical\" href=\"https:\/\/www.hongtaivalve.com\/pt\/produto\/sanitary-ellipse-tank-oval-pressure-inward-opening-manhole-cover\/\" \/>\n<meta property=\"og:locale\" content=\"pt_PT\" \/>\n<meta property=\"og:type\" content=\"article\" \/>\n<meta property=\"og:title\" content=\"HongTaivalve-Sanitary ellipse tank oval pressure inward opening manhole cover-size dn15-dn150-HTV-ET001 - Wenzhou HongTai Fluid Equipment Co.Ltd\" \/>\n<meta property=\"og:description\" content=\"Stainless steel manholes include pressure manholes and non-pressurized manholes, of which the non-pressurized tank manholes can provide SS304 or SS316. They are mainly used in tank equipment such as atmospheric storage tanks and mixing tanks to check the liquid level, while maintaining control of the air at the top of the tank - the manhole is sealed and prevents air exchange. The manhole is usually installed on the top of the tank, and its size depends on the condition applied: larger ones facilitate the addition of solids, or smaller ones for the addition of liquids or powders. Manhole pressure depends on the thickness of the wall of the stainless steel material and the thickness of the flange ring, we can provide round manholes, square manholes and oval manholes. According to different customer needs, we can customize the glass manhole, with breathing valve manhole, the surface can be sandblasted or mirror polishing  Glass manholes are very convenient for observing tank materials. We can also install manholes with lights, which are slightly more expensive than other manholes, which are suitable for the installation of atmospheric tank tops. The functions are divided into fully enclosed, observable glass mirror type and observable glass mirror type with light.   Oval manhole specifications: 320 x 440mm, 350 x 450mm, 410 x 510mm\" \/>\n<meta property=\"og:url\" content=\"https:\/\/www.hongtaivalve.com\/pt\/produto\/sanitary-ellipse-tank-oval-pressure-inward-opening-manhole-cover\/\" \/>\n<meta property=\"og:site_name\" content=\"Wenzhou HongTai Fluid Equipment Co.Ltd\" \/>\n<meta property=\"article:modified_time\" content=\"2024-12-27T02:00:57+00:00\" \/>\n<meta property=\"og:image\" content=\"https:\/\/www.hongtaivalve.com\/wp-content\/uploads\/2024\/04\/IMG_9425.jpg\" \/>\n\t<meta property=\"og:image:width\" content=\"1024\" \/>\n\t<meta property=\"og:image:height\" content=\"768\" \/>\n\t<meta property=\"og:image:type\" content=\"image\/jpeg\" \/>\n<meta name=\"twitter:card\" content=\"summary_large_image\" \/>\n<meta name=\"twitter:label1\" content=\"Tempo estimado de leitura\" \/>\n\t<meta name=\"twitter:data1\" content=\"3 minutos\" \/>\n<script type=\"application\/ld+json\" class=\"yoast-schema-graph\">{\"@context\":\"https:\/\/schema.org\",\"@graph\":[{\"@type\":\"WebPage\",\"@id\":\"https:\/\/www.hongtaivalve.com\/product\/sanitary-ellipse-tank-oval-pressure-inward-opening-manhole-cover\/\",\"url\":\"https:\/\/www.hongtaivalve.com\/product\/sanitary-ellipse-tank-oval-pressure-inward-opening-manhole-cover\/\",\"name\":\"HongTaivalve-Sanitary ellipse tank oval pressure inward opening manhole cover-size dn15-dn150-HTV-ET001 - Wenzhou HongTai Fluid Equipment Co.Ltd\",\"isPartOf\":{\"@id\":\"https:\/\/www.hongtaivalve.com\/#website\"},\"primaryImageOfPage\":{\"@id\":\"https:\/\/www.hongtaivalve.com\/product\/sanitary-ellipse-tank-oval-pressure-inward-opening-manhole-cover\/#primaryimage\"},\"image\":{\"@id\":\"https:\/\/www.hongtaivalve.com\/product\/sanitary-ellipse-tank-oval-pressure-inward-opening-manhole-cover\/#primaryimage\"},\"thumbnailUrl\":\"https:\/\/www.hongtaivalve.com\/wp-content\/uploads\/2024\/04\/IMG_9425.jpg\",\"datePublished\":\"2024-04-11T05:35:55+00:00\",\"dateModified\":\"2024-12-27T02:00:57+00:00\",\"breadcrumb\":{\"@id\":\"https:\/\/www.hongtaivalve.com\/product\/sanitary-ellipse-tank-oval-pressure-inward-opening-manhole-cover\/#breadcrumb\"},\"inLanguage\":\"pt-PT\",\"potentialAction\":[{\"@type\":\"ReadAction\",\"target\":[\"https:\/\/www.hongtaivalve.com\/product\/sanitary-ellipse-tank-oval-pressure-inward-opening-manhole-cover\/\"]}]},{\"@type\":\"ImageObject\",\"inLanguage\":\"pt-PT\",\"@id\":\"https:\/\/www.hongtaivalve.com\/product\/sanitary-ellipse-tank-oval-pressure-inward-opening-manhole-cover\/#primaryimage\",\"url\":\"https:\/\/www.hongtaivalve.com\/wp-content\/uploads\/2024\/04\/IMG_9425.jpg\",\"contentUrl\":\"https:\/\/www.hongtaivalve.com\/wp-content\/uploads\/2024\/04\/IMG_9425.jpg\",\"width\":1024,\"height\":768},{\"@type\":\"BreadcrumbList\",\"@id\":\"https:\/\/www.hongtaivalve.com\/product\/sanitary-ellipse-tank-oval-pressure-inward-opening-manhole-cover\/#breadcrumb\",\"itemListElement\":[{\"@type\":\"ListItem\",\"position\":1,\"name\":\"\u9996\u9875\",\"item\":\"https:\/\/www.hongtaivalve.com\/\"},{\"@type\":\"ListItem\",\"position\":2,\"name\":\"Product\",\"item\":\"https:\/\/www.hongtaivalve.com\/product\/\"},{\"@type\":\"ListItem\",\"position\":3,\"name\":\"HongTaivalve-Sanitary ellipse tank oval pressure inward opening manhole cover-size dn15-dn150-HTV-ET001\"}]},{\"@type\":\"WebSite\",\"@id\":\"https:\/\/www.hongtaivalve.com\/#website\",\"url\":\"https:\/\/www.hongtaivalve.com\/\",\"name\":\"Wenzhou HongTai Fluid Equipment Co.Ltd\",\"description\":\"\",\"potentialAction\":[{\"@type\":\"SearchAction\",\"target\":{\"@type\":\"EntryPoint\",\"urlTemplate\":\"https:\/\/www.hongtaivalve.com\/?s={search_term_string}\"},\"query-input\":{\"@type\":\"PropertyValueSpecification\",\"valueRequired\":true,\"valueName\":\"search_term_string\"}}],\"inLanguage\":\"pt-PT\"}]}<\/script>\n<!-- \/ Yoast SEO plugin. -->","yoast_head_json":{"title":"HongTaivalve-Sanitary ellipse tank oval pressure inward opening manhole cover-size dn15-dn150-HTV-ET001 - Wenzhou HongTai Fluid Equipment Co.Ltd","robots":{"index":"index","follow":"follow","max-snippet":"max-snippet:-1","max-image-preview":"max-image-preview:large","max-video-preview":"max-video-preview:-1"},"canonical":"https:\/\/www.hongtaivalve.com\/pt\/produto\/sanitary-ellipse-tank-oval-pressure-inward-opening-manhole-cover\/","og_locale":"pt_PT","og_type":"article","og_title":"HongTaivalve-Sanitary ellipse tank oval pressure inward opening manhole cover-size dn15-dn150-HTV-ET001 - Wenzhou HongTai Fluid Equipment Co.Ltd","og_description":"Stainless steel manholes include pressure manholes and non-pressurized manholes, of which the non-pressurized tank manholes can provide SS304 or SS316. They are mainly used in tank equipment such as atmospheric storage tanks and mixing tanks to check the liquid level, while maintaining control of the air at the top of the tank - the manhole is sealed and prevents air exchange. The manhole is usually installed on the top of the tank, and its size depends on the condition applied: larger ones facilitate the addition of solids, or smaller ones for the addition of liquids or powders. Manhole pressure depends on the thickness of the wall of the stainless steel material and the thickness of the flange ring, we can provide round manholes, square manholes and oval manholes. According to different customer needs, we can customize the glass manhole, with breathing valve manhole, the surface can be sandblasted or mirror polishing  Glass manholes are very convenient for observing tank materials. We can also install manholes with lights, which are slightly more expensive than other manholes, which are suitable for the installation of atmospheric tank tops. The functions are divided into fully enclosed, observable glass mirror type and observable glass mirror type with light.   Oval manhole specifications: 320 x 440mm, 350 x 450mm, 410 x 510mm","og_url":"https:\/\/www.hongtaivalve.com\/pt\/produto\/sanitary-ellipse-tank-oval-pressure-inward-opening-manhole-cover\/","og_site_name":"Wenzhou HongTai Fluid Equipment Co.Ltd","article_modified_time":"2024-12-27T02:00:57+00:00","og_image":[{"width":1024,"height":768,"url":"https:\/\/www.hongtaivalve.com\/wp-content\/uploads\/2024\/04\/IMG_9425.jpg","type":"image\/jpeg"}],"twitter_card":"summary_large_image","twitter_misc":{"Tempo estimado de leitura":"3 minutos"},"schema":{"@context":"https:\/\/schema.org","@graph":[{"@type":"WebPage","@id":"https:\/\/www.hongtaivalve.com\/product\/sanitary-ellipse-tank-oval-pressure-inward-opening-manhole-cover\/","url":"https:\/\/www.hongtaivalve.com\/product\/sanitary-ellipse-tank-oval-pressure-inward-opening-manhole-cover\/","name":"HongTaivalve-Sanitary ellipse tank oval pressure inward opening manhole cover-size dn15-dn150-HTV-ET001 - Wenzhou HongTai Fluid Equipment Co.Ltd","isPartOf":{"@id":"https:\/\/www.hongtaivalve.com\/#website"},"primaryImageOfPage":{"@id":"https:\/\/www.hongtaivalve.com\/product\/sanitary-ellipse-tank-oval-pressure-inward-opening-manhole-cover\/#primaryimage"},"image":{"@id":"https:\/\/www.hongtaivalve.com\/product\/sanitary-ellipse-tank-oval-pressure-inward-opening-manhole-cover\/#primaryimage"},"thumbnailUrl":"https:\/\/www.hongtaivalve.com\/wp-content\/uploads\/2024\/04\/IMG_9425.jpg","datePublished":"2024-04-11T05:35:55+00:00","dateModified":"2024-12-27T02:00:57+00:00","breadcrumb":{"@id":"https:\/\/www.hongtaivalve.com\/product\/sanitary-ellipse-tank-oval-pressure-inward-opening-manhole-cover\/#breadcrumb"},"inLanguage":"pt-PT","potentialAction":[{"@type":"ReadAction","target":["https:\/\/www.hongtaivalve.com\/product\/sanitary-ellipse-tank-oval-pressure-inward-opening-manhole-cover\/"]}]},{"@type":"ImageObject","inLanguage":"pt-PT","@id":"https:\/\/www.hongtaivalve.com\/product\/sanitary-ellipse-tank-oval-pressure-inward-opening-manhole-cover\/#primaryimage","url":"https:\/\/www.hongtaivalve.com\/wp-content\/uploads\/2024\/04\/IMG_9425.jpg","contentUrl":"https:\/\/www.hongtaivalve.com\/wp-content\/uploads\/2024\/04\/IMG_9425.jpg","width":1024,"height":768},{"@type":"BreadcrumbList","@id":"https:\/\/www.hongtaivalve.com\/product\/sanitary-ellipse-tank-oval-pressure-inward-opening-manhole-cover\/#breadcrumb","itemListElement":[{"@type":"ListItem","position":1,"name":"\u9996\u9875","item":"https:\/\/www.hongtaivalve.com\/"},{"@type":"ListItem","position":2,"name":"Product","item":"https:\/\/www.hongtaivalve.com\/product\/"},{"@type":"ListItem","position":3,"name":"HongTaivalve-Sanitary ellipse tank oval pressure inward opening manhole cover-size dn15-dn150-HTV-ET001"}]},{"@type":"WebSite","@id":"https:\/\/www.hongtaivalve.com\/#website","url":"https:\/\/www.hongtaivalve.com\/","name":"Wenzhou HongTai Fluid Equipment Co.Ltd","description":"","potentialAction":[{"@type":"SearchAction","target":{"@type":"EntryPoint","urlTemplate":"https:\/\/www.hongtaivalve.com\/?s={search_term_string}"},"query-input":{"@type":"PropertyValueSpecification","valueRequired":true,"valueName":"search_term_string"}}],"inLanguage":"pt-PT"}]}},"_links":{"self":[{"href":"https:\/\/www.hongtaivalve.com\/pt\/wp-json\/wp\/v2\/product\/4918","targetHints":{"allow":["GET"]}}],"collection":[{"href":"https:\/\/www.hongtaivalve.com\/pt\/wp-json\/wp\/v2\/product"}],"about":[{"href":"https:\/\/www.hongtaivalve.com\/pt\/wp-json\/wp\/v2\/types\/product"}],"replies":[{"embeddable":true,"href":"https:\/\/www.hongtaivalve.com\/pt\/wp-json\/wp\/v2\/comments?post=4918"}],"wp:featuredmedia":[{"embeddable":true,"href":"https:\/\/www.hongtaivalve.com\/pt\/wp-json\/wp\/v2\/media\/4920"}],"wp:attachment":[{"href":"https:\/\/www.hongtaivalve.com\/pt\/wp-json\/wp\/v2\/media?parent=4918"}],"wp:term":[{"taxonomy":"product_brand","embeddable":true,"href":"https:\/\/www.hongtaivalve.com\/pt\/wp-json\/wp\/v2\/product_brand?post=4918"},{"taxonomy":"product_cat","embeddable":true,"href":"https:\/\/www.hongtaivalve.com\/pt\/wp-json\/wp\/v2\/product_cat?post=4918"},{"taxonomy":"product_tag","embeddable":true,"href":"https:\/\/www.hongtaivalve.com\/pt\/wp-json\/wp\/v2\/product_tag?post=4918"}],"curies":[{"name":"wp","href":"https:\/\/api.w.org\/{rel}","templated":true}]}}