{"id":4922,"date":"2024-04-11T09:05:31","date_gmt":"2024-04-11T09:05:31","guid":{"rendered":"http:\/\/www.hongtaivalve.com\/?post_type=product&#038;p=4922"},"modified":"2024-12-27T05:55:04","modified_gmt":"2024-12-27T05:55:04","slug":"sanitary-cip-rotary-spray-ball","status":"publish","type":"product","link":"https:\/\/www.hongtaivalve.com\/pt\/produto\/sanitary-cip-rotary-spray-ball\/","title":{"rendered":"HongTaivalve - Esfera de pulveriza\u00e7\u00e3o rotativa CIP sanit\u00e1ria - tamanho dn15-dn150-HTV-SB006"},"content":{"rendered":"<p><strong>Aplica\u00e7\u00e3o<\/strong><br \/>\nBola de limpeza rotativa: \u00e9 um bocal rotativo, utiliza um agente de limpeza para limpar o tanque e pulverizar, porque o equipamento \u00e9 menor na baixa press\u00e3o, \u00e9 um substituto eficaz para a bola de pulveriza\u00e7\u00e3o tradicional. Rolamentos de esferas duplos com cabe\u00e7a rotativa, o que faz com que a s\u00e9rie de bolas de limpeza seja aplic\u00e1vel a todos os tipos de \u00e1reas de aplica\u00e7\u00e3o claras de grau sanit\u00e1rio e industrial, incluindo a limpeza de tanques, reactores e contentores de todos os materiais sanit\u00e1rios e industriais.<br \/>\nBola de limpeza fixa: uma bola de pulveriza\u00e7\u00e3o fixa utilizada na ind\u00fastria alimentar e de bebidas para limpar o dep\u00f3sito. Bola de pulveriza\u00e7\u00e3o fixa utilizada para tarefas de limpeza inferiores.<\/p>\n<p><strong>Dados t\u00e9cnicos<\/strong><br \/>\nPeso: dependendo das especifica\u00e7\u00f5es espec\u00edficas<br \/>\nLubrifica\u00e7\u00e3o: auto lubrifica\u00e7\u00e3o atrav\u00e9s do fluido de limpeza Press\u00e3o de trabalho: 1-3 Bar<br \/>\nTemperatura m\u00e1xima de funcionamento: 95\u2103<br \/>\nTemperatura ambiente m\u00e1xima: 140\u2103<br \/>\nRaio molhado: Max\u0417M<br \/>\nRaio de limpeza por pulveriza\u00e7\u00e3o: o raio m\u00e1ximo efetivo \u00e9 de 2 m<br \/>\nInterface: soldadura, r\u00e1pida e roscada<\/p>\n<p><strong>Norma de conce\u00e7\u00e3o<\/strong><br \/>\nA produ\u00e7\u00e3o da Hongtai de serrilhas de esferas de limpeza est\u00e1 em conformidade com as normas DIN, 3A, SMS, ISO\/lDF e outras normas de produ\u00e7\u00e3o.<\/p>\n<h2><span style=\"color: #ff0000;\">Instru\u00e7\u00f5es de embalagem do produto\uff1a<\/span><\/h2>\n<p>Cada produto \u00e9 primeiro embalado individualmente num saco de espuma, depois cuidadosamente colocado numa caixa de cart\u00e3o designada. Por fim, \u00e9 paletizado ou embalado num caixote de madeira para exporta\u00e7\u00e3o. Todo o processo de embalagem \u00e9 rigorosamente executado para evitar quaisquer danos durante o transporte.<\/p>\n<p><a href=\"http:\/\/www.hongtaivalve.com\/wp-content\/uploads\/2024\/04\/IMG_9506.jpg\"><img fetchpriority=\"high\" decoding=\"async\" class=\"alignnone size-full wp-image-4927\" src=\"http:\/\/www.hongtaivalve.com\/wp-content\/uploads\/2024\/04\/IMG_9506.jpg\" alt=\"\" width=\"1024\" height=\"768\" srcset=\"https:\/\/www.hongtaivalve.com\/wp-content\/uploads\/2024\/04\/IMG_9506.jpg 1024w, https:\/\/www.hongtaivalve.com\/wp-content\/uploads\/2024\/04\/IMG_9506-800x600.jpg 800w, https:\/\/www.hongtaivalve.com\/wp-content\/uploads\/2024\/04\/IMG_9506-300x225.jpg 300w, https:\/\/www.hongtaivalve.com\/wp-content\/uploads\/2024\/04\/IMG_9506-768x576.jpg 768w\" sizes=\"(max-width: 1024px) 100vw, 1024px\" \/><\/a><\/p>\n<p><strong>Sobre n\u00f3s<\/strong><\/p>\n<p>Na HongTai, somos especializados em v\u00e1lvulas sanit\u00e1rias de alta qualidade e acess\u00f3rios para tubos de a\u00e7o inoxid\u00e1vel, atendendo a ind\u00fastrias-chave como farmac\u00eautica, processamento de alimentos e produtos qu\u00edmicos. Fabricados em a\u00e7o inoxid\u00e1vel 304, 316 e 316L de primeira qualidade, os nossos produtos oferecem uma excelente resist\u00eancia \u00e0 corros\u00e3o e s\u00e3o fabricados utilizando t\u00e9cnicas de fabrico avan\u00e7adas, como o corte a laser e a soldadura de precis\u00e3o. Concebidas para higiene e integridade dos fluidos, as v\u00e1lvulas da HongTai s\u00e3o a escolha ideal para ind\u00fastrias que exigem uma limpeza \u00f3ptima e um desempenho duradouro.<\/p>\n<p><a href=\"https:\/\/www.hongtaivalve.com\/wp-content\/uploads\/2024\/12\/2efad8255a88820383829ce2a75fcb9.jpg\"><img decoding=\"async\" class=\"wp-image-5948 aligncenter\" src=\"https:\/\/www.hongtaivalve.com\/wp-content\/uploads\/2024\/12\/2efad8255a88820383829ce2a75fcb9.jpg\" alt=\"\" width=\"555\" height=\"359\" srcset=\"https:\/\/www.hongtaivalve.com\/wp-content\/uploads\/2024\/12\/2efad8255a88820383829ce2a75fcb9.jpg 985w, https:\/\/www.hongtaivalve.com\/wp-content\/uploads\/2024\/12\/2efad8255a88820383829ce2a75fcb9-300x194.jpg 300w, https:\/\/www.hongtaivalve.com\/wp-content\/uploads\/2024\/12\/2efad8255a88820383829ce2a75fcb9-768x497.jpg 768w, https:\/\/www.hongtaivalve.com\/wp-content\/uploads\/2024\/12\/2efad8255a88820383829ce2a75fcb9-18x12.jpg 18w, https:\/\/www.hongtaivalve.com\/wp-content\/uploads\/2024\/12\/2efad8255a88820383829ce2a75fcb9-800x518.jpg 800w\" sizes=\"(max-width: 555px) 100vw, 555px\" \/><\/a><\/p>\n<p><strong>Porqu\u00ea escolher-nos<\/strong><\/p>\n<p><strong>Garantia de qualidade:<\/strong>\u00a0Mantemos um controlo rigoroso de todas as fases de produ\u00e7\u00e3o, desde as mat\u00e9rias-primas at\u00e9 aos produtos acabados, garantindo a conformidade com a norma ISO9001 e certifica\u00e7\u00f5es internacionais, incluindo as normas 3A, DIN e ISO.<\/p>\n<p><strong>Experi\u00eancia no sector:<\/strong>\u00a0D\u00e9cadas de experi\u00eancia no fornecimento de solu\u00e7\u00f5es para ind\u00fastrias cr\u00edticas como a alimentar, a de bebidas e a farmac\u00eautica.<\/p>\n<p><strong>Tecnologia avan\u00e7ada:<\/strong>\u00a0As nossas instala\u00e7\u00f5es de \u00faltima gera\u00e7\u00e3o, incluindo tornos CNC e ferramentas de precis\u00e3o regularmente actualizados, garantem uma elevada precis\u00e3o de superf\u00edcie e toler\u00e2ncias apertadas para cada produto.<\/p>\n<p><strong>100% Inspe\u00e7\u00e3o:<\/strong>\u00a0Todos os produtos s\u00e3o submetidos a testes rigorosos, incluindo dete\u00e7\u00e3o de tamanho e de fugas nas v\u00e1lvulas, para garantir uma qualidade impec\u00e1vel antes de sa\u00edrem das nossas instala\u00e7\u00f5es.<\/p>\n<p><strong>Alcance global:<\/strong>\u00a0Empresas de todo o mundo confiam na nossa qualidade consistente e na entrega atempada.<\/p>\n<p>Escolha a HongTai para obter fiabilidade, desempenho e inova\u00e7\u00e3o inigual\u00e1veis em solu\u00e7\u00f5es de v\u00e1lvulas e acess\u00f3rios para tubos.<\/p>\n<p>&nbsp;<\/p>\n<p><strong>Contactar-nos<\/strong><br \/>\nPara mais informa\u00e7\u00f5es ou para discutir as suas necessidades, contacte-nos atrav\u00e9s de:<br \/>\nCorreio eletr\u00f3nico: ht@htcdf.com<br \/>\nwhatsapp: (86)18875809195<br \/>\nTamb\u00e9m pode visitar o nosso\u00a0<a href=\"https:\/\/www.hongtaivalve.com\/pt\/contact-us\/\" target=\"_blank\" rel=\"noopener\">Contactar-nos<\/a>\u00a0para mais formas de entrar em contacto.<\/p>\n<p>&nbsp;<\/p>","protected":false},"excerpt":{"rendered":"<p>As bolas de pulveriza\u00e7\u00e3o s\u00e3o utilizadas na ind\u00fastria das bebidas para a limpeza interna de latas e tubos. Fermentadores ou tanques de agita\u00e7\u00e3o podem ser regados internamente com \u00e1gua e\/ou produtos qu\u00edmicos, formando uma pel\u00edcula residual nas paredes do recipiente, limpando os res\u00edduos e desinfectando secundariamente o tanque. A bola de pulveriza\u00e7\u00e3o CIP n\u00e3o s\u00f3 \u00e9 mais r\u00e1pida, como tamb\u00e9m mais segura para os trabalhadores, uma vez que n\u00e3o requer esfregamento manual e contacto com produtos de limpeza.<\/p>\n<p>Rodar vs. Fixar\/trancar<br \/>\nTal como os bra\u00e7os rotativos das ventoinhas el\u00e9ctricas, as bolas de pulveriza\u00e7\u00e3o rotativas oferecem vantagens de limpeza em rela\u00e7\u00e3o aos sistemas CIP fixos ou de pinos. Uma esfera de pulveriza\u00e7\u00e3o rotativa pulverizar\u00e1 a dist\u00e2ncia e a for\u00e7a melhor do que uma esfera de pulveriza\u00e7\u00e3o fixa e pode produzir um efeito de esfrega e proporcionar uma melhor cobertura. Uma esfera de pulveriza\u00e7\u00e3o fixa pode n\u00e3o proporcionar impacto suficiente ou, se algum canto ficar bloqueado, especialmente num balde de tritura\u00e7\u00e3o ou numa panela de infus\u00e3o, cria frequentemente um \"ponto morto\" que tem de ser limpo manualmente.<br \/>\nAl\u00e9m disso, a esfera de limpeza rotativa utiliza menos l\u00edquido de lavagem a baixa press\u00e3o, pelo que \u00e9 uma alternativa eficaz \u00e0 tradicional esfera de pulveriza\u00e7\u00e3o fixa. A utiliza\u00e7\u00e3o de rolamentos de esferas duplos na cabe\u00e7a rotativa torna a s\u00e9rie de esferas de limpeza modificadas adequada para todas as aplica\u00e7\u00f5es de limpeza sanit\u00e1ria e industrial<\/p>\n<p>Tamanho: DN15, DN20, DN25, DN32, DN40, DN50, DN65 1\/2\u2033-2 1\/2\u2033<\/p>","protected":false},"featured_media":4925,"comment_status":"open","ping_status":"closed","template":"","meta":[],"product_brand":[],"product_cat":[107],"product_tag":[],"class_list":{"0":"post-4922","1":"product","2":"type-product","3":"status-publish","4":"has-post-thumbnail","6":"product_cat-extractions-tank-accessories","8":"first","9":"instock","10":"shipping-taxable","11":"product-type-simple"},"yoast_head":"<!-- This site is optimized with the Yoast SEO plugin v24.6 - https:\/\/yoast.com\/wordpress\/plugins\/seo\/ -->\n<title>HongTaivalve-Sanitary CIP rotary spray ball-size dn15-dn150-HTV-SB006 - Wenzhou HongTai Fluid Equipment Co.Ltd<\/title>\n<meta name=\"robots\" content=\"index, follow, max-snippet:-1, max-image-preview:large, max-video-preview:-1\" \/>\n<link rel=\"canonical\" href=\"https:\/\/www.hongtaivalve.com\/pt\/produto\/sanitary-cip-rotary-spray-ball\/\" \/>\n<meta property=\"og:locale\" content=\"pt_PT\" \/>\n<meta property=\"og:type\" content=\"article\" \/>\n<meta property=\"og:title\" content=\"HongTaivalve-Sanitary CIP rotary spray ball-size dn15-dn150-HTV-SB006 - Wenzhou HongTai Fluid Equipment Co.Ltd\" \/>\n<meta property=\"og:description\" content=\"Spray balls are used in the beverage industry for internal cleaning of cans and pipes. Fermenters or stirring tanks can be showered internally with water and\/or chemicals, forming a residual film on the walls of the container, cleaning the residue and secondary disinfection of the tank. The CIP spray ball is not only faster, but also safer for workers because it does not require manual scrubbing and contact with cleaners.  Rotate vs. Fasten\/latch Just like the rotating arms of electric fans, rotating spray balls offer cleaning advantages over fixed or pin CIP systems. A rotating spray ball will spray distance and force better than a fixed spray ball, and can produce a scrub-like effect and provide better coverage. A fixed spray ball may not provide enough impact, or if any corners happen to be blocked, especially in a mashing bucket or brew pot, it often creates a &quot;dead spot&quot; that needs to be manually cleaned. In addition, the rotary cleaning ball uses less washing liquid at low pressure, so it is an effective alternative to the traditional fixed spray ball. The use of double ball bearings in the rotating head makes the modified cleaning ball series suitable for all sanitary and industrial cleaning applications  Size:DN15,DN20,DN25,DN32,DN40,DN50,DN65\u00a0 \u00a01\/2&quot;-2 1\/2&quot;\" \/>\n<meta property=\"og:url\" content=\"https:\/\/www.hongtaivalve.com\/pt\/produto\/sanitary-cip-rotary-spray-ball\/\" \/>\n<meta property=\"og:site_name\" content=\"Wenzhou HongTai Fluid Equipment Co.Ltd\" \/>\n<meta property=\"article:modified_time\" content=\"2024-12-27T05:55:04+00:00\" \/>\n<meta property=\"og:image\" content=\"https:\/\/www.hongtaivalve.com\/wp-content\/uploads\/2024\/04\/IMG_9503.jpg\" \/>\n\t<meta property=\"og:image:width\" content=\"1024\" \/>\n\t<meta property=\"og:image:height\" content=\"768\" \/>\n\t<meta property=\"og:image:type\" content=\"image\/jpeg\" \/>\n<meta name=\"twitter:card\" content=\"summary_large_image\" \/>\n<meta name=\"twitter:label1\" content=\"Tempo estimado de leitura\" \/>\n\t<meta name=\"twitter:data1\" content=\"3 minutos\" \/>\n<script type=\"application\/ld+json\" class=\"yoast-schema-graph\">{\"@context\":\"https:\/\/schema.org\",\"@graph\":[{\"@type\":\"WebPage\",\"@id\":\"https:\/\/www.hongtaivalve.com\/product\/sanitary-cip-rotary-spray-ball\/\",\"url\":\"https:\/\/www.hongtaivalve.com\/product\/sanitary-cip-rotary-spray-ball\/\",\"name\":\"HongTaivalve-Sanitary CIP rotary spray ball-size dn15-dn150-HTV-SB006 - Wenzhou HongTai Fluid Equipment Co.Ltd\",\"isPartOf\":{\"@id\":\"https:\/\/www.hongtaivalve.com\/#website\"},\"primaryImageOfPage\":{\"@id\":\"https:\/\/www.hongtaivalve.com\/product\/sanitary-cip-rotary-spray-ball\/#primaryimage\"},\"image\":{\"@id\":\"https:\/\/www.hongtaivalve.com\/product\/sanitary-cip-rotary-spray-ball\/#primaryimage\"},\"thumbnailUrl\":\"https:\/\/www.hongtaivalve.com\/wp-content\/uploads\/2024\/04\/IMG_9503.jpg\",\"datePublished\":\"2024-04-11T09:05:31+00:00\",\"dateModified\":\"2024-12-27T05:55:04+00:00\",\"breadcrumb\":{\"@id\":\"https:\/\/www.hongtaivalve.com\/product\/sanitary-cip-rotary-spray-ball\/#breadcrumb\"},\"inLanguage\":\"pt-PT\",\"potentialAction\":[{\"@type\":\"ReadAction\",\"target\":[\"https:\/\/www.hongtaivalve.com\/product\/sanitary-cip-rotary-spray-ball\/\"]}]},{\"@type\":\"ImageObject\",\"inLanguage\":\"pt-PT\",\"@id\":\"https:\/\/www.hongtaivalve.com\/product\/sanitary-cip-rotary-spray-ball\/#primaryimage\",\"url\":\"https:\/\/www.hongtaivalve.com\/wp-content\/uploads\/2024\/04\/IMG_9503.jpg\",\"contentUrl\":\"https:\/\/www.hongtaivalve.com\/wp-content\/uploads\/2024\/04\/IMG_9503.jpg\",\"width\":1024,\"height\":768},{\"@type\":\"BreadcrumbList\",\"@id\":\"https:\/\/www.hongtaivalve.com\/product\/sanitary-cip-rotary-spray-ball\/#breadcrumb\",\"itemListElement\":[{\"@type\":\"ListItem\",\"position\":1,\"name\":\"\u9996\u9875\",\"item\":\"https:\/\/www.hongtaivalve.com\/\"},{\"@type\":\"ListItem\",\"position\":2,\"name\":\"Product\",\"item\":\"https:\/\/www.hongtaivalve.com\/product\/\"},{\"@type\":\"ListItem\",\"position\":3,\"name\":\"HongTaivalve-Sanitary CIP rotary spray ball-size dn15-dn150-HTV-SB006\"}]},{\"@type\":\"WebSite\",\"@id\":\"https:\/\/www.hongtaivalve.com\/#website\",\"url\":\"https:\/\/www.hongtaivalve.com\/\",\"name\":\"Wenzhou HongTai Fluid Equipment Co.Ltd\",\"description\":\"\",\"potentialAction\":[{\"@type\":\"SearchAction\",\"target\":{\"@type\":\"EntryPoint\",\"urlTemplate\":\"https:\/\/www.hongtaivalve.com\/?s={search_term_string}\"},\"query-input\":{\"@type\":\"PropertyValueSpecification\",\"valueRequired\":true,\"valueName\":\"search_term_string\"}}],\"inLanguage\":\"pt-PT\"}]}<\/script>\n<!-- \/ Yoast SEO plugin. -->","yoast_head_json":{"title":"HongTaivalve-Sanitary CIP rotary spray ball-size dn15-dn150-HTV-SB006 - Wenzhou HongTai Fluid Equipment Co.Ltd","robots":{"index":"index","follow":"follow","max-snippet":"max-snippet:-1","max-image-preview":"max-image-preview:large","max-video-preview":"max-video-preview:-1"},"canonical":"https:\/\/www.hongtaivalve.com\/pt\/produto\/sanitary-cip-rotary-spray-ball\/","og_locale":"pt_PT","og_type":"article","og_title":"HongTaivalve-Sanitary CIP rotary spray ball-size dn15-dn150-HTV-SB006 - Wenzhou HongTai Fluid Equipment Co.Ltd","og_description":"Spray balls are used in the beverage industry for internal cleaning of cans and pipes. Fermenters or stirring tanks can be showered internally with water and\/or chemicals, forming a residual film on the walls of the container, cleaning the residue and secondary disinfection of the tank. The CIP spray ball is not only faster, but also safer for workers because it does not require manual scrubbing and contact with cleaners.  Rotate vs. Fasten\/latch Just like the rotating arms of electric fans, rotating spray balls offer cleaning advantages over fixed or pin CIP systems. A rotating spray ball will spray distance and force better than a fixed spray ball, and can produce a scrub-like effect and provide better coverage. A fixed spray ball may not provide enough impact, or if any corners happen to be blocked, especially in a mashing bucket or brew pot, it often creates a \"dead spot\" that needs to be manually cleaned. In addition, the rotary cleaning ball uses less washing liquid at low pressure, so it is an effective alternative to the traditional fixed spray ball. The use of double ball bearings in the rotating head makes the modified cleaning ball series suitable for all sanitary and industrial cleaning applications  Size:DN15,DN20,DN25,DN32,DN40,DN50,DN65\u00a0 \u00a01\/2\"-2 1\/2\"","og_url":"https:\/\/www.hongtaivalve.com\/pt\/produto\/sanitary-cip-rotary-spray-ball\/","og_site_name":"Wenzhou HongTai Fluid Equipment Co.Ltd","article_modified_time":"2024-12-27T05:55:04+00:00","og_image":[{"width":1024,"height":768,"url":"https:\/\/www.hongtaivalve.com\/wp-content\/uploads\/2024\/04\/IMG_9503.jpg","type":"image\/jpeg"}],"twitter_card":"summary_large_image","twitter_misc":{"Tempo estimado de leitura":"3 minutos"},"schema":{"@context":"https:\/\/schema.org","@graph":[{"@type":"WebPage","@id":"https:\/\/www.hongtaivalve.com\/product\/sanitary-cip-rotary-spray-ball\/","url":"https:\/\/www.hongtaivalve.com\/product\/sanitary-cip-rotary-spray-ball\/","name":"HongTaivalve-Sanitary CIP rotary spray ball-size dn15-dn150-HTV-SB006 - Wenzhou HongTai Fluid Equipment Co.Ltd","isPartOf":{"@id":"https:\/\/www.hongtaivalve.com\/#website"},"primaryImageOfPage":{"@id":"https:\/\/www.hongtaivalve.com\/product\/sanitary-cip-rotary-spray-ball\/#primaryimage"},"image":{"@id":"https:\/\/www.hongtaivalve.com\/product\/sanitary-cip-rotary-spray-ball\/#primaryimage"},"thumbnailUrl":"https:\/\/www.hongtaivalve.com\/wp-content\/uploads\/2024\/04\/IMG_9503.jpg","datePublished":"2024-04-11T09:05:31+00:00","dateModified":"2024-12-27T05:55:04+00:00","breadcrumb":{"@id":"https:\/\/www.hongtaivalve.com\/product\/sanitary-cip-rotary-spray-ball\/#breadcrumb"},"inLanguage":"pt-PT","potentialAction":[{"@type":"ReadAction","target":["https:\/\/www.hongtaivalve.com\/product\/sanitary-cip-rotary-spray-ball\/"]}]},{"@type":"ImageObject","inLanguage":"pt-PT","@id":"https:\/\/www.hongtaivalve.com\/product\/sanitary-cip-rotary-spray-ball\/#primaryimage","url":"https:\/\/www.hongtaivalve.com\/wp-content\/uploads\/2024\/04\/IMG_9503.jpg","contentUrl":"https:\/\/www.hongtaivalve.com\/wp-content\/uploads\/2024\/04\/IMG_9503.jpg","width":1024,"height":768},{"@type":"BreadcrumbList","@id":"https:\/\/www.hongtaivalve.com\/product\/sanitary-cip-rotary-spray-ball\/#breadcrumb","itemListElement":[{"@type":"ListItem","position":1,"name":"\u9996\u9875","item":"https:\/\/www.hongtaivalve.com\/"},{"@type":"ListItem","position":2,"name":"Product","item":"https:\/\/www.hongtaivalve.com\/product\/"},{"@type":"ListItem","position":3,"name":"HongTaivalve-Sanitary CIP rotary spray ball-size dn15-dn150-HTV-SB006"}]},{"@type":"WebSite","@id":"https:\/\/www.hongtaivalve.com\/#website","url":"https:\/\/www.hongtaivalve.com\/","name":"Wenzhou HongTai Fluid Equipment Co.Ltd","description":"","potentialAction":[{"@type":"SearchAction","target":{"@type":"EntryPoint","urlTemplate":"https:\/\/www.hongtaivalve.com\/?s={search_term_string}"},"query-input":{"@type":"PropertyValueSpecification","valueRequired":true,"valueName":"search_term_string"}}],"inLanguage":"pt-PT"}]}},"_links":{"self":[{"href":"https:\/\/www.hongtaivalve.com\/pt\/wp-json\/wp\/v2\/product\/4922","targetHints":{"allow":["GET"]}}],"collection":[{"href":"https:\/\/www.hongtaivalve.com\/pt\/wp-json\/wp\/v2\/product"}],"about":[{"href":"https:\/\/www.hongtaivalve.com\/pt\/wp-json\/wp\/v2\/types\/product"}],"replies":[{"embeddable":true,"href":"https:\/\/www.hongtaivalve.com\/pt\/wp-json\/wp\/v2\/comments?post=4922"}],"wp:featuredmedia":[{"embeddable":true,"href":"https:\/\/www.hongtaivalve.com\/pt\/wp-json\/wp\/v2\/media\/4925"}],"wp:attachment":[{"href":"https:\/\/www.hongtaivalve.com\/pt\/wp-json\/wp\/v2\/media?parent=4922"}],"wp:term":[{"taxonomy":"product_brand","embeddable":true,"href":"https:\/\/www.hongtaivalve.com\/pt\/wp-json\/wp\/v2\/product_brand?post=4922"},{"taxonomy":"product_cat","embeddable":true,"href":"https:\/\/www.hongtaivalve.com\/pt\/wp-json\/wp\/v2\/product_cat?post=4922"},{"taxonomy":"product_tag","embeddable":true,"href":"https:\/\/www.hongtaivalve.com\/pt\/wp-json\/wp\/v2\/product_tag?post=4922"}],"curies":[{"name":"wp","href":"https:\/\/api.w.org\/{rel}","templated":true}]}}