{"id":4935,"date":"2024-04-12T09:03:10","date_gmt":"2024-04-12T09:03:10","guid":{"rendered":"http:\/\/www.hongtaivalve.com\/?post_type=product&#038;p=4935"},"modified":"2024-12-12T06:28:36","modified_gmt":"2024-12-12T06:28:36","slug":"pneumatic-three-pieces-triclamp-ball-vlave","status":"publish","type":"product","link":"https:\/\/www.hongtaivalve.com\/pt\/produto\/pneumatic-three-pieces-triclamp-ball-vlave\/","title":{"rendered":"V\u00e1lvula pneum\u00e1tica de tr\u00eas pe\u00e7as com triclamp de esfera de 19 mm-102 mm-HTV-BV013"},"content":{"rendered":"<p>Os tamanhos est\u00e3o dispon\u00edveis de 1\/2\u2033 a 6\u2033 (1\/2\u2033, 3\/4\u2033, 1\", 1 1\/2\u2033, 2\u2033, 2 1\/2\u2033, 3\u2033, 4\u20336\u2033)<\/p>\n<p>DN15 a DN100 (DN15, DN20, DN25, DN40, DN50, DN65, DN80, DN100,DN150)<\/p>\n<p>O corpo da v\u00e1lvula pode ser AISI 304 ou AISI 316.<\/p>\n<p>Sede da v\u00e1lvula: PTFE encapsulado.<\/p>\n<p>V\u00e1lvula de esfera sanit\u00e1ria de 3 pe\u00e7as com extremidades tri-clamp \/ tri-clamp e sede em PTFE encapsulado, que \u00e9 amplamente utilizada nas ind\u00fastrias de processamento de alimentos e bebidas, cervejeira, refinaria de petr\u00f3leo, cosm\u00e9tica, farmac\u00eautica e qu\u00edmica para controlar o fluxo m\u00e9dio. O design da sede em PTFE encapsulado sem res\u00edduos torna-a uma \u00f3ptima escolha para necessidades sanit\u00e1rias.<br \/>\nOs corpos e as tampas das v\u00e1lvulas s\u00e3o delicadamente fundidos em materiais CF8, CF3M ou 2205; ou forjados em F316L. No caso de condi\u00e7\u00f5es de trabalho espec\u00edficas, ser\u00e3o tamb\u00e9m aplicados materiais especiais, como HC\/Ti.<br \/>\nO atuador pneum\u00e1tico horizontal \u00e9 um atuador que roda o curso angular do veio de sa\u00edda. Pode ser montado em v\u00e1rias v\u00e1lvulas rotativas de abertura e fecho, tais como v\u00e1lvulas de borboleta e v\u00e1lvulas de esfera. Os actuadores horizontais podem ser configurados com uma variedade de op\u00e7\u00f5es funcionais:<br \/>\n1) Atuador de base<br \/>\n2) Atuador + unidade de controlo inteligente<br \/>\n3) Atuador + feedback de posi\u00e7\u00e3o<br \/>\n4) Atuador + Localizador Inteligente<br \/>\n5) Atuador + sensor de posi\u00e7\u00e3o<br \/>\nEspecifica\u00e7\u00f5es t\u00e9cnicas<br \/>\nEspecifica\u00e7\u00e3o do tamanho do furo: 20mm - 400mm<br \/>\nBin\u00e1rio (N.M): 5.NM a 2000 N.M<br \/>\n\u00c2ngulo de rota\u00e7\u00e3o: 90\u00b0 (padr\u00e3o) 180\u00b0 (sele\u00e7\u00e3o) 120\u00b0 (sele\u00e7\u00e3o)<br \/>\nEstrutura do pist\u00e3o: cremalheira (standard) forquilha (sele\u00e7\u00e3o)<br \/>\nRegula\u00e7\u00e3o do curso: O pist\u00e3o tem uma gama ajust\u00e1vel de \u00b14\u00b0 em ambas as extremidades<br \/>\nPress\u00e3o da fonte de ar: m\u00e1ximo -8bar, m\u00ednimo -2Bar<br \/>\nTemperatura padr\u00e3o: -20 \u00b0 C ~ +80 \u00b0 C<br \/>\nTipo de baixa temperatura: -40 \u00b0 C ~ +80 \u00b0 C<br \/>\nTipo de alta temperatura: -15 \u00b0 C ~ +150 \u00b0 C<br \/>\nMaterial: liga de alum\u00ednio, a\u00e7o inoxid\u00e1vel<br \/>\nCor: natural, branco, azul, vermelho, tamb\u00e9m pode ser configurado de acordo com os requisitos do cliente<br \/>\nNorma de instala\u00e7\u00e3o: ISO 5211, adequado para instala\u00e7\u00e3o no interior ou exterior<\/p>","protected":false},"excerpt":{"rendered":"<p>Sizes are available from 1\/2\u2033 to 6\u2033 (1\/2\u2033, 3\/4\u2033, 1\u201d, 1 1\/2\u2033, 2\u2033, 2 1\/2\u2033, 3\u2033, 4\u20336&#8243;) DN15 to DN100 (DN15, DN20, DN25, DN40, DN50, DN65, DN80, DN100,DN150) Valve body can be AISI 304 or AISI 316. Valve seat: Encapsulated &hellip; <a href=\"https:\/\/www.hongtaivalve.com\/pt\/produto\/pneumatic-three-pieces-triclamp-ball-vlave\/\">Readmore<\/a><\/p>","protected":false},"featured_media":4690,"comment_status":"open","ping_status":"closed","template":"","meta":[],"product_brand":[],"product_cat":[103],"product_tag":[],"class_list":{"0":"post-4935","1":"product","2":"type-product","3":"status-publish","4":"has-post-thumbnail","6":"product_cat-ball-valve","8":"first","9":"instock","10":"shipping-taxable","11":"product-type-simple"},"yoast_head":"<!-- This site is optimized with the Yoast SEO plugin v24.6 - https:\/\/yoast.com\/wordpress\/plugins\/seo\/ -->\n<title>Hongtaivalve-Pneumatic three-pieces triclamp ball vlave-size 19mm-102mm-HTV-BV013 - Wenzhou HongTai Fluid Equipment Co.Ltd<\/title>\n<meta name=\"robots\" content=\"index, follow, max-snippet:-1, max-image-preview:large, max-video-preview:-1\" \/>\n<link rel=\"canonical\" href=\"https:\/\/www.hongtaivalve.com\/pt\/produto\/pneumatic-three-pieces-triclamp-ball-vlave\/\" \/>\n<meta property=\"og:locale\" content=\"pt_PT\" \/>\n<meta property=\"og:type\" content=\"article\" \/>\n<meta property=\"og:title\" content=\"Hongtaivalve-Pneumatic three-pieces triclamp ball vlave-size 19mm-102mm-HTV-BV013 - Wenzhou HongTai Fluid Equipment Co.Ltd\" \/>\n<meta property=\"og:description\" content=\"Sizes are available from 1\/2\u2033 to 6\u2033 (1\/2\u2033, 3\/4\u2033, 1\u201d, 1 1\/2\u2033, 2\u2033, 2 1\/2\u2033, 3\u2033, 4\u20336&#8243;) DN15 to DN100 (DN15, DN20, DN25, DN40, DN50, DN65, DN80, DN100,DN150) Valve body can be AISI 304 or AISI 316. Valve seat: Encapsulated &hellip; Readmore\" \/>\n<meta property=\"og:url\" content=\"https:\/\/www.hongtaivalve.com\/pt\/produto\/pneumatic-three-pieces-triclamp-ball-vlave\/\" \/>\n<meta property=\"og:site_name\" content=\"Wenzhou HongTai Fluid Equipment Co.Ltd\" \/>\n<meta property=\"article:modified_time\" content=\"2024-12-12T06:28:36+00:00\" \/>\n<meta property=\"og:image\" content=\"https:\/\/www.hongtaivalve.com\/wp-content\/uploads\/2024\/03\/IMG_9141.jpg\" \/>\n\t<meta property=\"og:image:width\" content=\"1200\" \/>\n\t<meta property=\"og:image:height\" content=\"800\" \/>\n\t<meta property=\"og:image:type\" content=\"image\/jpeg\" \/>\n<meta name=\"twitter:card\" content=\"summary_large_image\" \/>\n<meta name=\"twitter:label1\" content=\"Tempo estimado de leitura\" \/>\n\t<meta name=\"twitter:data1\" content=\"1 minuto\" \/>\n<script type=\"application\/ld+json\" class=\"yoast-schema-graph\">{\"@context\":\"https:\/\/schema.org\",\"@graph\":[{\"@type\":\"WebPage\",\"@id\":\"https:\/\/www.hongtaivalve.com\/product\/pneumatic-three-pieces-triclamp-ball-vlave\/\",\"url\":\"https:\/\/www.hongtaivalve.com\/product\/pneumatic-three-pieces-triclamp-ball-vlave\/\",\"name\":\"Hongtaivalve-Pneumatic three-pieces triclamp ball vlave-size 19mm-102mm-HTV-BV013 - Wenzhou HongTai Fluid Equipment Co.Ltd\",\"isPartOf\":{\"@id\":\"https:\/\/www.hongtaivalve.com\/#website\"},\"primaryImageOfPage\":{\"@id\":\"https:\/\/www.hongtaivalve.com\/product\/pneumatic-three-pieces-triclamp-ball-vlave\/#primaryimage\"},\"image\":{\"@id\":\"https:\/\/www.hongtaivalve.com\/product\/pneumatic-three-pieces-triclamp-ball-vlave\/#primaryimage\"},\"thumbnailUrl\":\"https:\/\/www.hongtaivalve.com\/wp-content\/uploads\/2024\/03\/IMG_9141.jpg\",\"datePublished\":\"2024-04-12T09:03:10+00:00\",\"dateModified\":\"2024-12-12T06:28:36+00:00\",\"breadcrumb\":{\"@id\":\"https:\/\/www.hongtaivalve.com\/product\/pneumatic-three-pieces-triclamp-ball-vlave\/#breadcrumb\"},\"inLanguage\":\"pt-PT\",\"potentialAction\":[{\"@type\":\"ReadAction\",\"target\":[\"https:\/\/www.hongtaivalve.com\/product\/pneumatic-three-pieces-triclamp-ball-vlave\/\"]}]},{\"@type\":\"ImageObject\",\"inLanguage\":\"pt-PT\",\"@id\":\"https:\/\/www.hongtaivalve.com\/product\/pneumatic-three-pieces-triclamp-ball-vlave\/#primaryimage\",\"url\":\"https:\/\/www.hongtaivalve.com\/wp-content\/uploads\/2024\/03\/IMG_9141.jpg\",\"contentUrl\":\"https:\/\/www.hongtaivalve.com\/wp-content\/uploads\/2024\/03\/IMG_9141.jpg\",\"width\":1200,\"height\":800},{\"@type\":\"BreadcrumbList\",\"@id\":\"https:\/\/www.hongtaivalve.com\/product\/pneumatic-three-pieces-triclamp-ball-vlave\/#breadcrumb\",\"itemListElement\":[{\"@type\":\"ListItem\",\"position\":1,\"name\":\"\u9996\u9875\",\"item\":\"https:\/\/www.hongtaivalve.com\/\"},{\"@type\":\"ListItem\",\"position\":2,\"name\":\"Product\",\"item\":\"https:\/\/www.hongtaivalve.com\/product\/\"},{\"@type\":\"ListItem\",\"position\":3,\"name\":\"Hongtaivalve-Pneumatic three-pieces triclamp ball vlave-size 19mm-102mm-HTV-BV013\"}]},{\"@type\":\"WebSite\",\"@id\":\"https:\/\/www.hongtaivalve.com\/#website\",\"url\":\"https:\/\/www.hongtaivalve.com\/\",\"name\":\"Wenzhou HongTai Fluid Equipment Co.Ltd\",\"description\":\"\",\"potentialAction\":[{\"@type\":\"SearchAction\",\"target\":{\"@type\":\"EntryPoint\",\"urlTemplate\":\"https:\/\/www.hongtaivalve.com\/?s={search_term_string}\"},\"query-input\":{\"@type\":\"PropertyValueSpecification\",\"valueRequired\":true,\"valueName\":\"search_term_string\"}}],\"inLanguage\":\"pt-PT\"}]}<\/script>\n<!-- \/ Yoast SEO plugin. -->","yoast_head_json":{"title":"Hongtaivalve-Pneumatic three-pieces triclamp ball vlave-size 19mm-102mm-HTV-BV013 - Wenzhou HongTai Fluid Equipment Co.Ltd","robots":{"index":"index","follow":"follow","max-snippet":"max-snippet:-1","max-image-preview":"max-image-preview:large","max-video-preview":"max-video-preview:-1"},"canonical":"https:\/\/www.hongtaivalve.com\/pt\/produto\/pneumatic-three-pieces-triclamp-ball-vlave\/","og_locale":"pt_PT","og_type":"article","og_title":"Hongtaivalve-Pneumatic three-pieces triclamp ball vlave-size 19mm-102mm-HTV-BV013 - Wenzhou HongTai Fluid Equipment Co.Ltd","og_description":"Sizes are available from 1\/2\u2033 to 6\u2033 (1\/2\u2033, 3\/4\u2033, 1\u201d, 1 1\/2\u2033, 2\u2033, 2 1\/2\u2033, 3\u2033, 4\u20336&#8243;) DN15 to DN100 (DN15, DN20, DN25, DN40, DN50, DN65, DN80, DN100,DN150) Valve body can be AISI 304 or AISI 316. Valve seat: Encapsulated &hellip; Readmore","og_url":"https:\/\/www.hongtaivalve.com\/pt\/produto\/pneumatic-three-pieces-triclamp-ball-vlave\/","og_site_name":"Wenzhou HongTai Fluid Equipment Co.Ltd","article_modified_time":"2024-12-12T06:28:36+00:00","og_image":[{"width":1200,"height":800,"url":"https:\/\/www.hongtaivalve.com\/wp-content\/uploads\/2024\/03\/IMG_9141.jpg","type":"image\/jpeg"}],"twitter_card":"summary_large_image","twitter_misc":{"Tempo estimado de leitura":"1 minuto"},"schema":{"@context":"https:\/\/schema.org","@graph":[{"@type":"WebPage","@id":"https:\/\/www.hongtaivalve.com\/product\/pneumatic-three-pieces-triclamp-ball-vlave\/","url":"https:\/\/www.hongtaivalve.com\/product\/pneumatic-three-pieces-triclamp-ball-vlave\/","name":"Hongtaivalve-Pneumatic three-pieces triclamp ball vlave-size 19mm-102mm-HTV-BV013 - Wenzhou HongTai Fluid Equipment Co.Ltd","isPartOf":{"@id":"https:\/\/www.hongtaivalve.com\/#website"},"primaryImageOfPage":{"@id":"https:\/\/www.hongtaivalve.com\/product\/pneumatic-three-pieces-triclamp-ball-vlave\/#primaryimage"},"image":{"@id":"https:\/\/www.hongtaivalve.com\/product\/pneumatic-three-pieces-triclamp-ball-vlave\/#primaryimage"},"thumbnailUrl":"https:\/\/www.hongtaivalve.com\/wp-content\/uploads\/2024\/03\/IMG_9141.jpg","datePublished":"2024-04-12T09:03:10+00:00","dateModified":"2024-12-12T06:28:36+00:00","breadcrumb":{"@id":"https:\/\/www.hongtaivalve.com\/product\/pneumatic-three-pieces-triclamp-ball-vlave\/#breadcrumb"},"inLanguage":"pt-PT","potentialAction":[{"@type":"ReadAction","target":["https:\/\/www.hongtaivalve.com\/product\/pneumatic-three-pieces-triclamp-ball-vlave\/"]}]},{"@type":"ImageObject","inLanguage":"pt-PT","@id":"https:\/\/www.hongtaivalve.com\/product\/pneumatic-three-pieces-triclamp-ball-vlave\/#primaryimage","url":"https:\/\/www.hongtaivalve.com\/wp-content\/uploads\/2024\/03\/IMG_9141.jpg","contentUrl":"https:\/\/www.hongtaivalve.com\/wp-content\/uploads\/2024\/03\/IMG_9141.jpg","width":1200,"height":800},{"@type":"BreadcrumbList","@id":"https:\/\/www.hongtaivalve.com\/product\/pneumatic-three-pieces-triclamp-ball-vlave\/#breadcrumb","itemListElement":[{"@type":"ListItem","position":1,"name":"\u9996\u9875","item":"https:\/\/www.hongtaivalve.com\/"},{"@type":"ListItem","position":2,"name":"Product","item":"https:\/\/www.hongtaivalve.com\/product\/"},{"@type":"ListItem","position":3,"name":"Hongtaivalve-Pneumatic three-pieces triclamp ball vlave-size 19mm-102mm-HTV-BV013"}]},{"@type":"WebSite","@id":"https:\/\/www.hongtaivalve.com\/#website","url":"https:\/\/www.hongtaivalve.com\/","name":"Wenzhou HongTai Fluid Equipment Co.Ltd","description":"","potentialAction":[{"@type":"SearchAction","target":{"@type":"EntryPoint","urlTemplate":"https:\/\/www.hongtaivalve.com\/?s={search_term_string}"},"query-input":{"@type":"PropertyValueSpecification","valueRequired":true,"valueName":"search_term_string"}}],"inLanguage":"pt-PT"}]}},"_links":{"self":[{"href":"https:\/\/www.hongtaivalve.com\/pt\/wp-json\/wp\/v2\/product\/4935","targetHints":{"allow":["GET"]}}],"collection":[{"href":"https:\/\/www.hongtaivalve.com\/pt\/wp-json\/wp\/v2\/product"}],"about":[{"href":"https:\/\/www.hongtaivalve.com\/pt\/wp-json\/wp\/v2\/types\/product"}],"replies":[{"embeddable":true,"href":"https:\/\/www.hongtaivalve.com\/pt\/wp-json\/wp\/v2\/comments?post=4935"}],"wp:featuredmedia":[{"embeddable":true,"href":"https:\/\/www.hongtaivalve.com\/pt\/wp-json\/wp\/v2\/media\/4690"}],"wp:attachment":[{"href":"https:\/\/www.hongtaivalve.com\/pt\/wp-json\/wp\/v2\/media?parent=4935"}],"wp:term":[{"taxonomy":"product_brand","embeddable":true,"href":"https:\/\/www.hongtaivalve.com\/pt\/wp-json\/wp\/v2\/product_brand?post=4935"},{"taxonomy":"product_cat","embeddable":true,"href":"https:\/\/www.hongtaivalve.com\/pt\/wp-json\/wp\/v2\/product_cat?post=4935"},{"taxonomy":"product_tag","embeddable":true,"href":"https:\/\/www.hongtaivalve.com\/pt\/wp-json\/wp\/v2\/product_tag?post=4935"}],"curies":[{"name":"wp","href":"https:\/\/api.w.org\/{rel}","templated":true}]}}