{"id":4936,"date":"2024-04-12T09:07:49","date_gmt":"2024-04-12T09:07:49","guid":{"rendered":"http:\/\/www.hongtaivalve.com\/?post_type=product&#038;p=4936"},"modified":"2024-12-26T08:36:05","modified_gmt":"2024-12-26T08:36:05","slug":"stainless-steel-sanitary-u-type-3-way-diaphragm-valve","status":"publish","type":"product","link":"https:\/\/www.hongtaivalve.com\/pt\/produto\/stainless-steel-sanitary-u-type-3-way-diaphragm-valve\/","title":{"rendered":"HongtaivalveV\u00e1lvula de diafragma de 3 vias sanit\u00e1ria tipo U de a\u00e7o inoxid\u00e1vel - tamanho dn15-dn150-HTV-DV003"},"content":{"rendered":"<h2><span style=\"color: #ff0000;\">Instru\u00e7\u00f5es de embalagem do produto\uff1a<\/span><\/h2>\n<p>Cada produto \u00e9 primeiro embalado individualmente num saco de espuma, depois cuidadosamente colocado numa caixa de cart\u00e3o designada. Por fim, \u00e9 paletizado ou embalado num caixote de madeira para exporta\u00e7\u00e3o. Todo o processo de embalagem \u00e9 rigorosamente executado para evitar quaisquer danos durante o transporte.<\/p>\n<p><a href=\"http:\/\/www.hongtaivalve.com\/wp-content\/uploads\/2024\/03\/IMG_9559.jpg\"><img fetchpriority=\"high\" decoding=\"async\" class=\"alignnone size-full wp-image-4709\" src=\"http:\/\/www.hongtaivalve.com\/wp-content\/uploads\/2024\/03\/IMG_9559.jpg\" alt=\"\" width=\"1200\" height=\"800\" srcset=\"https:\/\/www.hongtaivalve.com\/wp-content\/uploads\/2024\/03\/IMG_9559.jpg 1200w, https:\/\/www.hongtaivalve.com\/wp-content\/uploads\/2024\/03\/IMG_9559-800x533.jpg 800w, https:\/\/www.hongtaivalve.com\/wp-content\/uploads\/2024\/03\/IMG_9559-300x200.jpg 300w, https:\/\/www.hongtaivalve.com\/wp-content\/uploads\/2024\/03\/IMG_9559-1024x683.jpg 1024w, https:\/\/www.hongtaivalve.com\/wp-content\/uploads\/2024\/03\/IMG_9559-768x512.jpg 768w\" sizes=\"(max-width: 1200px) 100vw, 1200px\" \/><\/a><\/p>\n<p>As v\u00e1lvulas de diafragma s\u00e3o aplicadas nos sectores farmac\u00eautico e dos semicondutores,<br \/>\nNas ind\u00fastrias microeletr\u00f3nica e de novos produtos qu\u00edmicos, as v\u00e1lvulas t\u00eam de ser ass\u00e9pticas e de a\u00e7o inoxid\u00e1vel para garantir que o meio \u00e9 extremamente purificado. Assim, as v\u00e1lvulas de diafragma ass\u00e9pticas em a\u00e7o inoxid\u00e1vel, cujo design lhes permite esterilizar e pasteurizar o meio, podem ser aplicadas para processar WFI, produtos qu\u00edmicos ultra-purificados, produtos interm\u00e9dios ou finais na ind\u00fastria farmac\u00eautica, biotecnol\u00f3gica e alimentar.<br \/>\nSelo: EPDM+PTEE, os vedantes s\u00e3o materiais de veda\u00e7\u00e3o importados (em conformidade com a norma FDA177.2600). Com tecnologia \u00fanica, ser\u00e1 uma porca de acoplamento de parafuso com combina\u00e7\u00e3o perfeita de EPDM\/PTEE num todo de pe\u00e7as de veda\u00e7\u00e3o. O contacto das pe\u00e7as de veda\u00e7\u00e3o com o meio das pe\u00e7as do material PTEE tem boa resist\u00eancia ao frio (-25 graus), excelente resist\u00eancia ao calor (+250 graus) de todos os tipos de prepara\u00e7\u00e3o qu\u00edmica \u00e9 bem tolerado e excelente resist\u00eancia ao desgaste para fluir.<\/p>\n<p>&nbsp;<\/p>\n<p><strong>Sobre n\u00f3s<\/strong><\/p>\n<p>Na HongTai, somos especializados em v\u00e1lvulas sanit\u00e1rias de alta qualidade e acess\u00f3rios para tubos de a\u00e7o inoxid\u00e1vel, atendendo a ind\u00fastrias-chave como farmac\u00eautica, processamento de alimentos e produtos qu\u00edmicos. Fabricados em a\u00e7o inoxid\u00e1vel 304, 316 e 316L de primeira qualidade, os nossos produtos oferecem uma excelente resist\u00eancia \u00e0 corros\u00e3o e s\u00e3o fabricados utilizando t\u00e9cnicas de fabrico avan\u00e7adas, como o corte a laser e a soldadura de precis\u00e3o. Concebidas para higiene e integridade dos fluidos, as v\u00e1lvulas da HongTai s\u00e3o a escolha ideal para ind\u00fastrias que exigem uma limpeza \u00f3ptima e um desempenho duradouro.<\/p>\n<p><a href=\"https:\/\/www.hongtaivalve.com\/wp-content\/uploads\/2024\/12\/2efad8255a88820383829ce2a75fcb9.jpg\"><img decoding=\"async\" class=\"wp-image-5948 aligncenter\" src=\"https:\/\/www.hongtaivalve.com\/wp-content\/uploads\/2024\/12\/2efad8255a88820383829ce2a75fcb9.jpg\" alt=\"\" width=\"635\" height=\"411\" srcset=\"https:\/\/www.hongtaivalve.com\/wp-content\/uploads\/2024\/12\/2efad8255a88820383829ce2a75fcb9.jpg 985w, https:\/\/www.hongtaivalve.com\/wp-content\/uploads\/2024\/12\/2efad8255a88820383829ce2a75fcb9-300x194.jpg 300w, https:\/\/www.hongtaivalve.com\/wp-content\/uploads\/2024\/12\/2efad8255a88820383829ce2a75fcb9-768x497.jpg 768w, https:\/\/www.hongtaivalve.com\/wp-content\/uploads\/2024\/12\/2efad8255a88820383829ce2a75fcb9-18x12.jpg 18w, https:\/\/www.hongtaivalve.com\/wp-content\/uploads\/2024\/12\/2efad8255a88820383829ce2a75fcb9-800x518.jpg 800w\" sizes=\"(max-width: 635px) 100vw, 635px\" \/><\/a><\/p>\n<p><strong>Porqu\u00ea escolher-nos<\/strong><\/p>\n<p><strong>Garantia de qualidade:<\/strong>\u00a0Mantemos um controlo rigoroso de todas as fases de produ\u00e7\u00e3o, desde as mat\u00e9rias-primas at\u00e9 aos produtos acabados, garantindo a conformidade com a norma ISO9001 e certifica\u00e7\u00f5es internacionais, incluindo as normas 3A, DIN e ISO.<\/p>\n<p><strong>Experi\u00eancia no sector:<\/strong>\u00a0D\u00e9cadas de experi\u00eancia no fornecimento de solu\u00e7\u00f5es para ind\u00fastrias cr\u00edticas como a alimentar, a de bebidas e a farmac\u00eautica.<\/p>\n<p><strong>Tecnologia avan\u00e7ada:<\/strong>\u00a0As nossas instala\u00e7\u00f5es de \u00faltima gera\u00e7\u00e3o, incluindo tornos CNC e ferramentas de precis\u00e3o regularmente actualizados, garantem uma elevada precis\u00e3o de superf\u00edcie e toler\u00e2ncias apertadas para cada produto.<\/p>\n<p><strong>100% Inspe\u00e7\u00e3o:<\/strong>\u00a0Todos os produtos s\u00e3o submetidos a testes rigorosos, incluindo dete\u00e7\u00e3o de tamanho e de fugas nas v\u00e1lvulas, para garantir uma qualidade impec\u00e1vel antes de sa\u00edrem das nossas instala\u00e7\u00f5es.<\/p>\n<p><strong>Alcance global:<\/strong>\u00a0Empresas de todo o mundo confiam na nossa qualidade consistente e na entrega atempada.<\/p>\n<p>Escolha a HongTai para obter fiabilidade, desempenho e inova\u00e7\u00e3o inigual\u00e1veis em solu\u00e7\u00f5es de v\u00e1lvulas e acess\u00f3rios para tubos.<\/p>\n<p>&nbsp;<\/p>\n<p><strong>Contactar-nos<\/strong><br \/>\nPara mais informa\u00e7\u00f5es ou para discutir as suas necessidades, contacte-nos atrav\u00e9s de:<br \/>\nCorreio eletr\u00f3nico: ht@htcdf.com<br \/>\nwhatsapp: (86)18875809195<br \/>\nTamb\u00e9m pode visitar o nosso\u00a0<a href=\"https:\/\/www.hongtaivalve.com\/pt\/contact-us\/\" target=\"_blank\" rel=\"noopener\">Contactar-nos<\/a>\u00a0para mais formas de entrar em contacto.<\/p>\n<p>&nbsp;<\/p>","protected":false},"excerpt":{"rendered":"<p>\u00c9 uma s\u00e9rie de v\u00e1lvulas de diafragma sanit\u00e1rias, amplamente utilizada em vinho higi\u00e9nico, produtos l\u00e1cteos, bebidas e outras ind\u00fastrias alimentares, bem como no campo farmac\u00eautico em condi\u00e7\u00f5es est\u00e9reis. Dependendo da procura do mercado. Temos dois tipos de v\u00e1lvulas de diafragma \u00e0 escolha, uma \u00e9 uma v\u00e1lvula de diafragma leve relativamente comum, a superf\u00edcie \u00e9 tratada com luz, a veda\u00e7\u00e3o \u00e9 feita de silicone ou EPDM, a temperatura est\u00e1 dentro de 120 graus Celsius, a outra \u00e9 uma v\u00e1lvula de diafragma pesada com anel de veda\u00e7\u00e3o de diafragma duplo, o material de veda\u00e7\u00e3o \u00e9 feito de silicone e dupla sobreposi\u00e7\u00e3o de borracha fluorada. Pode ser utilizada em meios com requisitos mais complexos em termos de corros\u00e3o ambiental e temperatura e, obviamente, o pre\u00e7o ser\u00e1 ligeiramente mais elevado. Esta v\u00e1lvula comprovada no terreno e preferida pela ind\u00fastria \u00e9 superior \u00e0s v\u00e1lvulas de a\u00e7o inoxid\u00e1vel na preven\u00e7\u00e3o da corros\u00e3o dos fixadores. Amplamente utilizada em requisitos biol\u00f3gicos, farmac\u00eauticos, electr\u00f3nicos e outros requisitos ass\u00e9pticos da ind\u00fastria.<\/p>\n<p><a href=\"http:\/\/www.hongtaivalve.com\/wp-content\/uploads\/2024\/04\/diaphragm-valve.png\"><img decoding=\"async\" class=\"alignnone size-full wp-image-4939\" src=\"http:\/\/www.hongtaivalve.com\/wp-content\/uploads\/2024\/04\/diaphragm-valve.png\" alt=\"\" width=\"987\" height=\"220\" srcset=\"https:\/\/www.hongtaivalve.com\/wp-content\/uploads\/2024\/04\/diaphragm-valve.png 987w, https:\/\/www.hongtaivalve.com\/wp-content\/uploads\/2024\/04\/diaphragm-valve-800x178.png 800w, https:\/\/www.hongtaivalve.com\/wp-content\/uploads\/2024\/04\/diaphragm-valve-300x67.png 300w, https:\/\/www.hongtaivalve.com\/wp-content\/uploads\/2024\/04\/diaphragm-valve-768x171.png 768w\" sizes=\"(max-width: 987px) 100vw, 987px\" \/><\/a><\/p>","protected":false},"featured_media":4710,"comment_status":"open","ping_status":"closed","template":"","meta":[],"product_brand":[],"product_cat":[105],"product_tag":[],"class_list":{"0":"post-4936","1":"product","2":"type-product","3":"status-publish","4":"has-post-thumbnail","6":"product_cat-diaphragm","8":"first","9":"instock","10":"shipping-taxable","11":"product-type-simple"},"yoast_head":"<!-- This site is optimized with the Yoast SEO plugin v24.6 - https:\/\/yoast.com\/wordpress\/plugins\/seo\/ -->\n<title>HongtaivalveStainless steel sanitary U type 3 way diaphragm valve-size dn15-dn150-HTV-DV003 - Wenzhou HongTai Fluid Equipment Co.Ltd<\/title>\n<meta name=\"robots\" content=\"index, follow, max-snippet:-1, max-image-preview:large, max-video-preview:-1\" \/>\n<link rel=\"canonical\" href=\"https:\/\/www.hongtaivalve.com\/pt\/produto\/stainless-steel-sanitary-u-type-3-way-diaphragm-valve\/\" \/>\n<meta property=\"og:locale\" content=\"pt_PT\" \/>\n<meta property=\"og:type\" content=\"article\" \/>\n<meta property=\"og:title\" content=\"HongtaivalveStainless steel sanitary U type 3 way diaphragm valve-size dn15-dn150-HTV-DV003 - Wenzhou HongTai Fluid Equipment Co.Ltd\" \/>\n<meta property=\"og:description\" content=\"It is a sanitary diaphragm valve series, widely used in hygienic wine, dairy products, beverages and other food industries, as well as the pharmaceutical field under sterile conditions. Depending on the market demand. We have two types of diaphragm valves to choose from, one is a relatively ordinary light diaphragm valve, the surface is treated with light, the seal is made of silicone or EPDM, the temperature is within 120 degrees Celsius, the other is a heavy diaphragm valve with double diaphragm seal ring, the sealing material is made of silicone and fluorinated rubber double superposition. It can be used in media with more complex environmental corrosion and temperature requirements, and of course the price will be slightly more expensive. This field proven and industry preferred valve is superior to stainless steel valves in preventing fastener corrosion. Widely used in biological, pharmaceutical, electronic and other aseptic requirements of the industry.\" \/>\n<meta property=\"og:url\" content=\"https:\/\/www.hongtaivalve.com\/pt\/produto\/stainless-steel-sanitary-u-type-3-way-diaphragm-valve\/\" \/>\n<meta property=\"og:site_name\" content=\"Wenzhou HongTai Fluid Equipment Co.Ltd\" \/>\n<meta property=\"article:modified_time\" content=\"2024-12-26T08:36:05+00:00\" \/>\n<meta property=\"og:image\" content=\"https:\/\/www.hongtaivalve.com\/wp-content\/uploads\/2024\/03\/IMG_9562.jpg\" \/>\n\t<meta property=\"og:image:width\" content=\"1200\" \/>\n\t<meta property=\"og:image:height\" content=\"800\" \/>\n\t<meta property=\"og:image:type\" content=\"image\/jpeg\" \/>\n<meta name=\"twitter:card\" content=\"summary_large_image\" \/>\n<meta name=\"twitter:label1\" content=\"Tempo estimado de leitura\" \/>\n\t<meta name=\"twitter:data1\" content=\"3 minutos\" \/>\n<script type=\"application\/ld+json\" class=\"yoast-schema-graph\">{\"@context\":\"https:\/\/schema.org\",\"@graph\":[{\"@type\":\"WebPage\",\"@id\":\"https:\/\/www.hongtaivalve.com\/product\/stainless-steel-sanitary-u-type-3-way-diaphragm-valve\/\",\"url\":\"https:\/\/www.hongtaivalve.com\/product\/stainless-steel-sanitary-u-type-3-way-diaphragm-valve\/\",\"name\":\"HongtaivalveStainless steel sanitary U type 3 way diaphragm valve-size dn15-dn150-HTV-DV003 - Wenzhou HongTai Fluid Equipment Co.Ltd\",\"isPartOf\":{\"@id\":\"https:\/\/www.hongtaivalve.com\/#website\"},\"primaryImageOfPage\":{\"@id\":\"https:\/\/www.hongtaivalve.com\/product\/stainless-steel-sanitary-u-type-3-way-diaphragm-valve\/#primaryimage\"},\"image\":{\"@id\":\"https:\/\/www.hongtaivalve.com\/product\/stainless-steel-sanitary-u-type-3-way-diaphragm-valve\/#primaryimage\"},\"thumbnailUrl\":\"https:\/\/www.hongtaivalve.com\/wp-content\/uploads\/2024\/03\/IMG_9562.jpg\",\"datePublished\":\"2024-04-12T09:07:49+00:00\",\"dateModified\":\"2024-12-26T08:36:05+00:00\",\"breadcrumb\":{\"@id\":\"https:\/\/www.hongtaivalve.com\/product\/stainless-steel-sanitary-u-type-3-way-diaphragm-valve\/#breadcrumb\"},\"inLanguage\":\"pt-PT\",\"potentialAction\":[{\"@type\":\"ReadAction\",\"target\":[\"https:\/\/www.hongtaivalve.com\/product\/stainless-steel-sanitary-u-type-3-way-diaphragm-valve\/\"]}]},{\"@type\":\"ImageObject\",\"inLanguage\":\"pt-PT\",\"@id\":\"https:\/\/www.hongtaivalve.com\/product\/stainless-steel-sanitary-u-type-3-way-diaphragm-valve\/#primaryimage\",\"url\":\"https:\/\/www.hongtaivalve.com\/wp-content\/uploads\/2024\/03\/IMG_9562.jpg\",\"contentUrl\":\"https:\/\/www.hongtaivalve.com\/wp-content\/uploads\/2024\/03\/IMG_9562.jpg\",\"width\":1200,\"height\":800},{\"@type\":\"BreadcrumbList\",\"@id\":\"https:\/\/www.hongtaivalve.com\/product\/stainless-steel-sanitary-u-type-3-way-diaphragm-valve\/#breadcrumb\",\"itemListElement\":[{\"@type\":\"ListItem\",\"position\":1,\"name\":\"\u9996\u9875\",\"item\":\"https:\/\/www.hongtaivalve.com\/\"},{\"@type\":\"ListItem\",\"position\":2,\"name\":\"Product\",\"item\":\"https:\/\/www.hongtaivalve.com\/product\/\"},{\"@type\":\"ListItem\",\"position\":3,\"name\":\"HongtaivalveStainless steel sanitary U type 3 way diaphragm valve-size dn15-dn150-HTV-DV003\"}]},{\"@type\":\"WebSite\",\"@id\":\"https:\/\/www.hongtaivalve.com\/#website\",\"url\":\"https:\/\/www.hongtaivalve.com\/\",\"name\":\"Wenzhou HongTai Fluid Equipment Co.Ltd\",\"description\":\"\",\"potentialAction\":[{\"@type\":\"SearchAction\",\"target\":{\"@type\":\"EntryPoint\",\"urlTemplate\":\"https:\/\/www.hongtaivalve.com\/?s={search_term_string}\"},\"query-input\":{\"@type\":\"PropertyValueSpecification\",\"valueRequired\":true,\"valueName\":\"search_term_string\"}}],\"inLanguage\":\"pt-PT\"}]}<\/script>\n<!-- \/ Yoast SEO plugin. -->","yoast_head_json":{"title":"HongtaivalveStainless steel sanitary U type 3 way diaphragm valve-size dn15-dn150-HTV-DV003 - Wenzhou HongTai Fluid Equipment Co.Ltd","robots":{"index":"index","follow":"follow","max-snippet":"max-snippet:-1","max-image-preview":"max-image-preview:large","max-video-preview":"max-video-preview:-1"},"canonical":"https:\/\/www.hongtaivalve.com\/pt\/produto\/stainless-steel-sanitary-u-type-3-way-diaphragm-valve\/","og_locale":"pt_PT","og_type":"article","og_title":"HongtaivalveStainless steel sanitary U type 3 way diaphragm valve-size dn15-dn150-HTV-DV003 - Wenzhou HongTai Fluid Equipment Co.Ltd","og_description":"It is a sanitary diaphragm valve series, widely used in hygienic wine, dairy products, beverages and other food industries, as well as the pharmaceutical field under sterile conditions. Depending on the market demand. We have two types of diaphragm valves to choose from, one is a relatively ordinary light diaphragm valve, the surface is treated with light, the seal is made of silicone or EPDM, the temperature is within 120 degrees Celsius, the other is a heavy diaphragm valve with double diaphragm seal ring, the sealing material is made of silicone and fluorinated rubber double superposition. It can be used in media with more complex environmental corrosion and temperature requirements, and of course the price will be slightly more expensive. This field proven and industry preferred valve is superior to stainless steel valves in preventing fastener corrosion. Widely used in biological, pharmaceutical, electronic and other aseptic requirements of the industry.","og_url":"https:\/\/www.hongtaivalve.com\/pt\/produto\/stainless-steel-sanitary-u-type-3-way-diaphragm-valve\/","og_site_name":"Wenzhou HongTai Fluid Equipment Co.Ltd","article_modified_time":"2024-12-26T08:36:05+00:00","og_image":[{"width":1200,"height":800,"url":"https:\/\/www.hongtaivalve.com\/wp-content\/uploads\/2024\/03\/IMG_9562.jpg","type":"image\/jpeg"}],"twitter_card":"summary_large_image","twitter_misc":{"Tempo estimado de leitura":"3 minutos"},"schema":{"@context":"https:\/\/schema.org","@graph":[{"@type":"WebPage","@id":"https:\/\/www.hongtaivalve.com\/product\/stainless-steel-sanitary-u-type-3-way-diaphragm-valve\/","url":"https:\/\/www.hongtaivalve.com\/product\/stainless-steel-sanitary-u-type-3-way-diaphragm-valve\/","name":"HongtaivalveStainless steel sanitary U type 3 way diaphragm valve-size dn15-dn150-HTV-DV003 - Wenzhou HongTai Fluid Equipment Co.Ltd","isPartOf":{"@id":"https:\/\/www.hongtaivalve.com\/#website"},"primaryImageOfPage":{"@id":"https:\/\/www.hongtaivalve.com\/product\/stainless-steel-sanitary-u-type-3-way-diaphragm-valve\/#primaryimage"},"image":{"@id":"https:\/\/www.hongtaivalve.com\/product\/stainless-steel-sanitary-u-type-3-way-diaphragm-valve\/#primaryimage"},"thumbnailUrl":"https:\/\/www.hongtaivalve.com\/wp-content\/uploads\/2024\/03\/IMG_9562.jpg","datePublished":"2024-04-12T09:07:49+00:00","dateModified":"2024-12-26T08:36:05+00:00","breadcrumb":{"@id":"https:\/\/www.hongtaivalve.com\/product\/stainless-steel-sanitary-u-type-3-way-diaphragm-valve\/#breadcrumb"},"inLanguage":"pt-PT","potentialAction":[{"@type":"ReadAction","target":["https:\/\/www.hongtaivalve.com\/product\/stainless-steel-sanitary-u-type-3-way-diaphragm-valve\/"]}]},{"@type":"ImageObject","inLanguage":"pt-PT","@id":"https:\/\/www.hongtaivalve.com\/product\/stainless-steel-sanitary-u-type-3-way-diaphragm-valve\/#primaryimage","url":"https:\/\/www.hongtaivalve.com\/wp-content\/uploads\/2024\/03\/IMG_9562.jpg","contentUrl":"https:\/\/www.hongtaivalve.com\/wp-content\/uploads\/2024\/03\/IMG_9562.jpg","width":1200,"height":800},{"@type":"BreadcrumbList","@id":"https:\/\/www.hongtaivalve.com\/product\/stainless-steel-sanitary-u-type-3-way-diaphragm-valve\/#breadcrumb","itemListElement":[{"@type":"ListItem","position":1,"name":"\u9996\u9875","item":"https:\/\/www.hongtaivalve.com\/"},{"@type":"ListItem","position":2,"name":"Product","item":"https:\/\/www.hongtaivalve.com\/product\/"},{"@type":"ListItem","position":3,"name":"HongtaivalveStainless steel sanitary U type 3 way diaphragm valve-size dn15-dn150-HTV-DV003"}]},{"@type":"WebSite","@id":"https:\/\/www.hongtaivalve.com\/#website","url":"https:\/\/www.hongtaivalve.com\/","name":"Wenzhou HongTai Fluid Equipment Co.Ltd","description":"","potentialAction":[{"@type":"SearchAction","target":{"@type":"EntryPoint","urlTemplate":"https:\/\/www.hongtaivalve.com\/?s={search_term_string}"},"query-input":{"@type":"PropertyValueSpecification","valueRequired":true,"valueName":"search_term_string"}}],"inLanguage":"pt-PT"}]}},"_links":{"self":[{"href":"https:\/\/www.hongtaivalve.com\/pt\/wp-json\/wp\/v2\/product\/4936","targetHints":{"allow":["GET"]}}],"collection":[{"href":"https:\/\/www.hongtaivalve.com\/pt\/wp-json\/wp\/v2\/product"}],"about":[{"href":"https:\/\/www.hongtaivalve.com\/pt\/wp-json\/wp\/v2\/types\/product"}],"replies":[{"embeddable":true,"href":"https:\/\/www.hongtaivalve.com\/pt\/wp-json\/wp\/v2\/comments?post=4936"}],"wp:featuredmedia":[{"embeddable":true,"href":"https:\/\/www.hongtaivalve.com\/pt\/wp-json\/wp\/v2\/media\/4710"}],"wp:attachment":[{"href":"https:\/\/www.hongtaivalve.com\/pt\/wp-json\/wp\/v2\/media?parent=4936"}],"wp:term":[{"taxonomy":"product_brand","embeddable":true,"href":"https:\/\/www.hongtaivalve.com\/pt\/wp-json\/wp\/v2\/product_brand?post=4936"},{"taxonomy":"product_cat","embeddable":true,"href":"https:\/\/www.hongtaivalve.com\/pt\/wp-json\/wp\/v2\/product_cat?post=4936"},{"taxonomy":"product_tag","embeddable":true,"href":"https:\/\/www.hongtaivalve.com\/pt\/wp-json\/wp\/v2\/product_tag?post=4936"}],"curies":[{"name":"wp","href":"https:\/\/api.w.org\/{rel}","templated":true}]}}