{"id":4957,"date":"2024-04-13T08:16:28","date_gmt":"2024-04-13T08:16:28","guid":{"rendered":"http:\/\/www.hongtaivalve.com\/?post_type=product&#038;p=4957"},"modified":"2024-12-27T02:31:23","modified_gmt":"2024-12-27T02:31:23","slug":"stainless-steel-sanitary-triclamp-6inch-x-6-inch-with-weld-base-collection-tank","status":"publish","type":"product","link":"https:\/\/www.hongtaivalve.com\/pt\/produto\/stainless-steel-sanitary-triclamp-6inch-x-6-inch-with-weld-base-collection-tank\/","title":{"rendered":"HongTaivalve-Trincheira sanit\u00e1ria de a\u00e7o inoxid\u00e1vel de 6 polegadas X 6 polegadas com base de soldadura para recolha de tamanho de tanque dn15-dn150-HTV-CT001"},"content":{"rendered":"<h2><span style=\"color: #ff0000;\">Instru\u00e7\u00f5es de embalagem do produto\uff1a<\/span><\/h2>\n<p>Cada produto \u00e9 primeiro embalado individualmente num saco de espuma, depois cuidadosamente colocado numa caixa de cart\u00e3o designada. Por fim, \u00e9 paletizado ou embalado num caixote de madeira para exporta\u00e7\u00e3o. Todo o processo de embalagem \u00e9 rigorosamente executado para evitar quaisquer danos durante o transporte.<\/p>\n<p><a href=\"http:\/\/www.hongtaivalve.com\/wp-content\/uploads\/2024\/04\/IMG_9319.jpg\"><img fetchpriority=\"high\" decoding=\"async\" class=\"alignnone size-full wp-image-4958\" src=\"http:\/\/www.hongtaivalve.com\/wp-content\/uploads\/2024\/04\/IMG_9319.jpg\" alt=\"\" width=\"1024\" height=\"768\" srcset=\"https:\/\/www.hongtaivalve.com\/wp-content\/uploads\/2024\/04\/IMG_9319.jpg 1024w, https:\/\/www.hongtaivalve.com\/wp-content\/uploads\/2024\/04\/IMG_9319-800x600.jpg 800w, https:\/\/www.hongtaivalve.com\/wp-content\/uploads\/2024\/04\/IMG_9319-300x225.jpg 300w, https:\/\/www.hongtaivalve.com\/wp-content\/uploads\/2024\/04\/IMG_9319-768x576.jpg 768w\" sizes=\"(max-width: 1024px) 100vw, 1024px\" \/><\/a><\/p>\n<p>As bobinas de a\u00e7o inoxid\u00e1vel sanit\u00e1rio s\u00e3o comprimentos de tubos pr\u00e9-fabricados<br \/>\ncom extremidades de conex\u00e3o Tri Clamp adicionadas para maior conveni\u00eancia. Quando combinadas com outras conex\u00f5es, bra\u00e7adeiras e juntas Tri Clamp, as bobinas sanit\u00e1rias podem construir uma linha de processo sem a necessidade de soldagem e fabrica\u00e7\u00e3o no local, e com uma economia de tempo consider\u00e1vel. As bobinas Tri Clamp tamb\u00e9m t\u00eam a vantagem adicional de serem menos permanentes do que os tubos soldados e podem ser facilmente desmontadas, movidas ou remontadas numa configura\u00e7\u00e3o diferente. A versatilidade e a poupan\u00e7a de custos dos tubos em carretel pr\u00e9-fabricados fazem deles uma solu\u00e7\u00e3o popular para as necessidades de tubagem.<\/p>\n<p><strong>Sobre n\u00f3s<\/strong><\/p>\n<p>Na HongTai, somos especializados em v\u00e1lvulas sanit\u00e1rias de alta qualidade e acess\u00f3rios para tubos de a\u00e7o inoxid\u00e1vel, atendendo a ind\u00fastrias-chave como farmac\u00eautica, processamento de alimentos e produtos qu\u00edmicos. Fabricados em a\u00e7o inoxid\u00e1vel 304, 316 e 316L de primeira qualidade, os nossos produtos oferecem uma excelente resist\u00eancia \u00e0 corros\u00e3o e s\u00e3o fabricados utilizando t\u00e9cnicas de fabrico avan\u00e7adas, como o corte a laser e a soldadura de precis\u00e3o. Concebidas para higiene e integridade dos fluidos, as v\u00e1lvulas da HongTai s\u00e3o a escolha ideal para ind\u00fastrias que exigem uma limpeza \u00f3ptima e um desempenho duradouro.<\/p>\n<p><a href=\"https:\/\/www.hongtaivalve.com\/wp-content\/uploads\/2024\/12\/2efad8255a88820383829ce2a75fcb9.jpg\"><img decoding=\"async\" class=\"wp-image-5948 aligncenter\" src=\"https:\/\/www.hongtaivalve.com\/wp-content\/uploads\/2024\/12\/2efad8255a88820383829ce2a75fcb9.jpg\" alt=\"\" width=\"559\" height=\"362\" srcset=\"https:\/\/www.hongtaivalve.com\/wp-content\/uploads\/2024\/12\/2efad8255a88820383829ce2a75fcb9.jpg 985w, https:\/\/www.hongtaivalve.com\/wp-content\/uploads\/2024\/12\/2efad8255a88820383829ce2a75fcb9-300x194.jpg 300w, https:\/\/www.hongtaivalve.com\/wp-content\/uploads\/2024\/12\/2efad8255a88820383829ce2a75fcb9-768x497.jpg 768w, https:\/\/www.hongtaivalve.com\/wp-content\/uploads\/2024\/12\/2efad8255a88820383829ce2a75fcb9-18x12.jpg 18w, https:\/\/www.hongtaivalve.com\/wp-content\/uploads\/2024\/12\/2efad8255a88820383829ce2a75fcb9-800x518.jpg 800w\" sizes=\"(max-width: 559px) 100vw, 559px\" \/><\/a><\/p>\n<p><strong>Porqu\u00ea escolher-nos<\/strong><\/p>\n<p><strong>Garantia de qualidade:<\/strong>\u00a0Mantemos um controlo rigoroso de todas as fases de produ\u00e7\u00e3o, desde as mat\u00e9rias-primas at\u00e9 aos produtos acabados, garantindo a conformidade com a norma ISO9001 e certifica\u00e7\u00f5es internacionais, incluindo as normas 3A, DIN e ISO.<\/p>\n<p><strong>Experi\u00eancia no sector:<\/strong>\u00a0D\u00e9cadas de experi\u00eancia no fornecimento de solu\u00e7\u00f5es para ind\u00fastrias cr\u00edticas como a alimentar, a de bebidas e a farmac\u00eautica.<\/p>\n<p><strong>Tecnologia avan\u00e7ada:<\/strong>\u00a0As nossas instala\u00e7\u00f5es de \u00faltima gera\u00e7\u00e3o, incluindo tornos CNC e ferramentas de precis\u00e3o regularmente actualizados, garantem uma elevada precis\u00e3o de superf\u00edcie e toler\u00e2ncias apertadas para cada produto.<\/p>\n<p><strong>100% Inspe\u00e7\u00e3o:<\/strong>\u00a0Todos os produtos s\u00e3o submetidos a testes rigorosos, incluindo dete\u00e7\u00e3o de tamanho e de fugas nas v\u00e1lvulas, para garantir uma qualidade impec\u00e1vel antes de sa\u00edrem das nossas instala\u00e7\u00f5es.<\/p>\n<p><strong>Alcance global:<\/strong>\u00a0Empresas de todo o mundo confiam na nossa qualidade consistente e na entrega atempada.<\/p>\n<p>Escolha a HongTai para obter fiabilidade, desempenho e inova\u00e7\u00e3o inigual\u00e1veis em solu\u00e7\u00f5es de v\u00e1lvulas e acess\u00f3rios para tubos.<\/p>\n<p>&nbsp;<\/p>\n<p><strong>Contactar-nos<\/strong><br \/>\nPara mais informa\u00e7\u00f5es ou para discutir as suas necessidades, contacte-nos atrav\u00e9s de:<br \/>\nCorreio eletr\u00f3nico: ht@htcdf.com<br \/>\nwhatsapp: (86)18875809195<br \/>\nTamb\u00e9m pode visitar o nosso\u00a0<a href=\"https:\/\/www.hongtaivalve.com\/pt\/contact-us\/\" target=\"_blank\" rel=\"noopener\">Contactar-nos<\/a>\u00a0para mais formas de entrar em contacto.<\/p>\n<p>&nbsp;<\/p>","protected":false},"excerpt":{"rendered":"<p>A extra\u00e7\u00e3o por solventes \u00e9 o processo de difus\u00e3o de um solvente em c\u00e9lulas oleaginosas, resultando numa solu\u00e7\u00e3o mista de \u00f3leo e solvente. \u00c9 um dos m\u00e9todos mais populares de separa\u00e7\u00e3o de \u00f3leos e gorduras de materiais oleaginosos, em oposi\u00e7\u00e3o a outros processos mec\u00e2nicos (tais como expelidores, prensa hidr\u00e1ulica, etc...), principalmente devido \u00e0 elevada percentagem de \u00f3leo recuperado, que pode atingir mais de 99%+, em oposi\u00e7\u00e3o aos 85%+ de outros m\u00e9todos. Os solventes comuns de escolha variam entre o butano, o hexano e o pentano, entre muitos outros, cada um dos quais \u00e9 preferido devido a v\u00e1rios factores: economia comercial, baixo ponto de ebuli\u00e7\u00e3o e, no caso do produto de consumo, um impacto n\u00e3o t\u00f3xico. A destila\u00e7\u00e3o da mistura de \u00f3leo resultante permite a recupera\u00e7\u00e3o dos hidrocarbonetos alcanos (o seu \"hex\/but\/propano\") para serem reutilizados a custos m\u00ednimos.Tanques de recolha de solventesO tanque de extra\u00e7\u00e3o\/cole\u00e7\u00e3o recolhe o \u00f3leo extra\u00eddo e o solvente no final do processo. Quanto maior for o recipiente, mais aparas (mat\u00e9ria-prima vegetal) podem ser processadas de uma s\u00f3 vez. N\u00e3o \u00e9 invulgar que um grande recipiente de recolha seja o reposit\u00f3rio de v\u00e1rias colunas de material, desde que tenha volume suficiente para conter o volume de solvente inicial. Uma vez no recipiente de recolha, o solvente \u00e9 aquecido at\u00e9 reverter para uma forma gasosa que pode ent\u00e3o ser removida com uma bomba de recupera\u00e7\u00e3o como a Haskel que transportamos. O \u00f3leo extra\u00eddo (\"drop off\") pode ent\u00e3o ser vertido para um recipiente externo para posterior purga por v\u00e1cuo, se necess\u00e1rio.<\/p>\n<p>Os tanques de recolha podem ser utilizados para processamento sanit\u00e1rio, extra\u00e7\u00e3o de solventes e equipamento de laborat\u00f3rio. Desde tanques de a\u00e7o inoxid\u00e1vel, evaporadores, v\u00e1lvulas, acess\u00f3rios, bombas, aquecedores, refrigeradores, equipamentos e artigos de vidro, temos tudo dispon\u00edvel.<\/p>\n<p><a href=\"http:\/\/www.hongtaivalve.com\/wp-content\/uploads\/2024\/04\/collection-tank.png\"><img decoding=\"async\" class=\"alignnone size-full wp-image-4962\" src=\"http:\/\/www.hongtaivalve.com\/wp-content\/uploads\/2024\/04\/collection-tank.png\" alt=\"\" width=\"989\" height=\"224\" srcset=\"https:\/\/www.hongtaivalve.com\/wp-content\/uploads\/2024\/04\/collection-tank.png 989w, https:\/\/www.hongtaivalve.com\/wp-content\/uploads\/2024\/04\/collection-tank-800x181.png 800w, https:\/\/www.hongtaivalve.com\/wp-content\/uploads\/2024\/04\/collection-tank-300x68.png 300w, https:\/\/www.hongtaivalve.com\/wp-content\/uploads\/2024\/04\/collection-tank-768x174.png 768w\" sizes=\"(max-width: 989px) 100vw, 989px\" \/><\/a><\/p>","protected":false},"featured_media":4961,"comment_status":"open","ping_status":"closed","template":"","meta":[],"product_brand":[],"product_cat":[107],"product_tag":[],"class_list":{"0":"post-4957","1":"product","2":"type-product","3":"status-publish","4":"has-post-thumbnail","6":"product_cat-extractions-tank-accessories","8":"first","9":"instock","10":"shipping-taxable","11":"product-type-simple"},"yoast_head":"<!-- This site is optimized with the Yoast SEO plugin v24.6 - https:\/\/yoast.com\/wordpress\/plugins\/seo\/ -->\n<title>HongTaivalve-Stainless steel Sanitary triclamp 6inch X 6 inch with weld base collection tank-size dn15-dn150-HTV-CT001 - Wenzhou HongTai Fluid Equipment Co.Ltd<\/title>\n<meta name=\"robots\" content=\"index, follow, max-snippet:-1, max-image-preview:large, max-video-preview:-1\" \/>\n<link rel=\"canonical\" href=\"https:\/\/www.hongtaivalve.com\/pt\/produto\/stainless-steel-sanitary-triclamp-6inch-x-6-inch-with-weld-base-collection-tank\/\" \/>\n<meta property=\"og:locale\" content=\"pt_PT\" \/>\n<meta property=\"og:type\" content=\"article\" \/>\n<meta property=\"og:title\" content=\"HongTaivalve-Stainless steel Sanitary triclamp 6inch X 6 inch with weld base collection tank-size dn15-dn150-HTV-CT001 - Wenzhou HongTai Fluid Equipment Co.Ltd\" \/>\n<meta property=\"og:description\" content=\"Solvent extraction is the process of diffusing a solvent into oil-bearing cells resulting in a mixed solution of oil and solvent. It is one of the most popular methods of separating oils and fats from oil-bearing materials as opposed to other mechanical processes (such as expellers, hydraulic press, etc...) primarily due to the high percentage of oil recovered which can range upwards of 99%+ as opposed to the 85%+ of other methods. The common solvents of choice range from butane, hexane, and pentane among a handful of others, each of which is favored because of several factors: commercial economics, a low boiling point, and in the case of consumption grade product, a non-toxic impact. Distillation of the resulting oil mixture allows recovery of the alkane hydrocarbons (your &quot;hex\/but\/propane&quot;) to be reused at minimal costs.Solvent Collection TanksThe extraction\/collection tank collects the extracted oil and solvent at the end of the process. The larger the vessel the more trim (raw plant matter) you can process at once. It is not uncommon for a large collection vessel to be the repository of multiple material columns, provided it has enough volume to hold the volume of solvent initially. Once in the collection vessel, the solvent is warmed until it reverts to a gaseous form which can then be removed with a recovery pump such as the Haskel we carry. The extracted oil (&quot;drop off&quot;) can then be poured into an external container for further vacuum purge if necessary.  Collection tanks could be used for santiary processing,solvent extraction,and laboratory equipments. From stainless steel tank,evaporators,valves,fittings,pumps,hearters,chillers,equipments and glassware,we have it available.\" \/>\n<meta property=\"og:url\" content=\"https:\/\/www.hongtaivalve.com\/pt\/produto\/stainless-steel-sanitary-triclamp-6inch-x-6-inch-with-weld-base-collection-tank\/\" \/>\n<meta property=\"og:site_name\" content=\"Wenzhou HongTai Fluid Equipment Co.Ltd\" \/>\n<meta property=\"article:modified_time\" content=\"2024-12-27T02:31:23+00:00\" \/>\n<meta property=\"og:image\" content=\"https:\/\/www.hongtaivalve.com\/wp-content\/uploads\/2024\/04\/IMG_9323.jpg\" \/>\n\t<meta property=\"og:image:width\" content=\"1024\" \/>\n\t<meta property=\"og:image:height\" content=\"768\" \/>\n\t<meta property=\"og:image:type\" content=\"image\/jpeg\" \/>\n<meta name=\"twitter:card\" content=\"summary_large_image\" \/>\n<meta name=\"twitter:label1\" content=\"Tempo estimado de leitura\" \/>\n\t<meta name=\"twitter:data1\" content=\"3 minutos\" \/>\n<script type=\"application\/ld+json\" class=\"yoast-schema-graph\">{\"@context\":\"https:\/\/schema.org\",\"@graph\":[{\"@type\":\"WebPage\",\"@id\":\"https:\/\/www.hongtaivalve.com\/product\/stainless-steel-sanitary-triclamp-6inch-x-6-inch-with-weld-base-collection-tank\/\",\"url\":\"https:\/\/www.hongtaivalve.com\/product\/stainless-steel-sanitary-triclamp-6inch-x-6-inch-with-weld-base-collection-tank\/\",\"name\":\"HongTaivalve-Stainless steel Sanitary triclamp 6inch X 6 inch with weld base collection tank-size dn15-dn150-HTV-CT001 - Wenzhou HongTai Fluid Equipment Co.Ltd\",\"isPartOf\":{\"@id\":\"https:\/\/www.hongtaivalve.com\/#website\"},\"primaryImageOfPage\":{\"@id\":\"https:\/\/www.hongtaivalve.com\/product\/stainless-steel-sanitary-triclamp-6inch-x-6-inch-with-weld-base-collection-tank\/#primaryimage\"},\"image\":{\"@id\":\"https:\/\/www.hongtaivalve.com\/product\/stainless-steel-sanitary-triclamp-6inch-x-6-inch-with-weld-base-collection-tank\/#primaryimage\"},\"thumbnailUrl\":\"https:\/\/www.hongtaivalve.com\/wp-content\/uploads\/2024\/04\/IMG_9323.jpg\",\"datePublished\":\"2024-04-13T08:16:28+00:00\",\"dateModified\":\"2024-12-27T02:31:23+00:00\",\"breadcrumb\":{\"@id\":\"https:\/\/www.hongtaivalve.com\/product\/stainless-steel-sanitary-triclamp-6inch-x-6-inch-with-weld-base-collection-tank\/#breadcrumb\"},\"inLanguage\":\"pt-PT\",\"potentialAction\":[{\"@type\":\"ReadAction\",\"target\":[\"https:\/\/www.hongtaivalve.com\/product\/stainless-steel-sanitary-triclamp-6inch-x-6-inch-with-weld-base-collection-tank\/\"]}]},{\"@type\":\"ImageObject\",\"inLanguage\":\"pt-PT\",\"@id\":\"https:\/\/www.hongtaivalve.com\/product\/stainless-steel-sanitary-triclamp-6inch-x-6-inch-with-weld-base-collection-tank\/#primaryimage\",\"url\":\"https:\/\/www.hongtaivalve.com\/wp-content\/uploads\/2024\/04\/IMG_9323.jpg\",\"contentUrl\":\"https:\/\/www.hongtaivalve.com\/wp-content\/uploads\/2024\/04\/IMG_9323.jpg\",\"width\":1024,\"height\":768},{\"@type\":\"BreadcrumbList\",\"@id\":\"https:\/\/www.hongtaivalve.com\/product\/stainless-steel-sanitary-triclamp-6inch-x-6-inch-with-weld-base-collection-tank\/#breadcrumb\",\"itemListElement\":[{\"@type\":\"ListItem\",\"position\":1,\"name\":\"\u9996\u9875\",\"item\":\"https:\/\/www.hongtaivalve.com\/\"},{\"@type\":\"ListItem\",\"position\":2,\"name\":\"Product\",\"item\":\"https:\/\/www.hongtaivalve.com\/product\/\"},{\"@type\":\"ListItem\",\"position\":3,\"name\":\"HongTaivalve-Stainless steel Sanitary triclamp 6inch X 6 inch with weld base collection tank-size dn15-dn150-HTV-CT001\"}]},{\"@type\":\"WebSite\",\"@id\":\"https:\/\/www.hongtaivalve.com\/#website\",\"url\":\"https:\/\/www.hongtaivalve.com\/\",\"name\":\"Wenzhou HongTai Fluid Equipment Co.Ltd\",\"description\":\"\",\"potentialAction\":[{\"@type\":\"SearchAction\",\"target\":{\"@type\":\"EntryPoint\",\"urlTemplate\":\"https:\/\/www.hongtaivalve.com\/?s={search_term_string}\"},\"query-input\":{\"@type\":\"PropertyValueSpecification\",\"valueRequired\":true,\"valueName\":\"search_term_string\"}}],\"inLanguage\":\"pt-PT\"}]}<\/script>\n<!-- \/ Yoast SEO plugin. -->","yoast_head_json":{"title":"HongTaivalve-Stainless steel Sanitary triclamp 6inch X 6 inch with weld base collection tank-size dn15-dn150-HTV-CT001 - Wenzhou HongTai Fluid Equipment Co.Ltd","robots":{"index":"index","follow":"follow","max-snippet":"max-snippet:-1","max-image-preview":"max-image-preview:large","max-video-preview":"max-video-preview:-1"},"canonical":"https:\/\/www.hongtaivalve.com\/pt\/produto\/stainless-steel-sanitary-triclamp-6inch-x-6-inch-with-weld-base-collection-tank\/","og_locale":"pt_PT","og_type":"article","og_title":"HongTaivalve-Stainless steel Sanitary triclamp 6inch X 6 inch with weld base collection tank-size dn15-dn150-HTV-CT001 - Wenzhou HongTai Fluid Equipment Co.Ltd","og_description":"Solvent extraction is the process of diffusing a solvent into oil-bearing cells resulting in a mixed solution of oil and solvent. It is one of the most popular methods of separating oils and fats from oil-bearing materials as opposed to other mechanical processes (such as expellers, hydraulic press, etc...) primarily due to the high percentage of oil recovered which can range upwards of 99%+ as opposed to the 85%+ of other methods. The common solvents of choice range from butane, hexane, and pentane among a handful of others, each of which is favored because of several factors: commercial economics, a low boiling point, and in the case of consumption grade product, a non-toxic impact. Distillation of the resulting oil mixture allows recovery of the alkane hydrocarbons (your \"hex\/but\/propane\") to be reused at minimal costs.Solvent Collection TanksThe extraction\/collection tank collects the extracted oil and solvent at the end of the process. The larger the vessel the more trim (raw plant matter) you can process at once. It is not uncommon for a large collection vessel to be the repository of multiple material columns, provided it has enough volume to hold the volume of solvent initially. Once in the collection vessel, the solvent is warmed until it reverts to a gaseous form which can then be removed with a recovery pump such as the Haskel we carry. The extracted oil (\"drop off\") can then be poured into an external container for further vacuum purge if necessary.  Collection tanks could be used for santiary processing,solvent extraction,and laboratory equipments. From stainless steel tank,evaporators,valves,fittings,pumps,hearters,chillers,equipments and glassware,we have it available.","og_url":"https:\/\/www.hongtaivalve.com\/pt\/produto\/stainless-steel-sanitary-triclamp-6inch-x-6-inch-with-weld-base-collection-tank\/","og_site_name":"Wenzhou HongTai Fluid Equipment Co.Ltd","article_modified_time":"2024-12-27T02:31:23+00:00","og_image":[{"width":1024,"height":768,"url":"https:\/\/www.hongtaivalve.com\/wp-content\/uploads\/2024\/04\/IMG_9323.jpg","type":"image\/jpeg"}],"twitter_card":"summary_large_image","twitter_misc":{"Tempo estimado de leitura":"3 minutos"},"schema":{"@context":"https:\/\/schema.org","@graph":[{"@type":"WebPage","@id":"https:\/\/www.hongtaivalve.com\/product\/stainless-steel-sanitary-triclamp-6inch-x-6-inch-with-weld-base-collection-tank\/","url":"https:\/\/www.hongtaivalve.com\/product\/stainless-steel-sanitary-triclamp-6inch-x-6-inch-with-weld-base-collection-tank\/","name":"HongTaivalve-Stainless steel Sanitary triclamp 6inch X 6 inch with weld base collection tank-size dn15-dn150-HTV-CT001 - Wenzhou HongTai Fluid Equipment Co.Ltd","isPartOf":{"@id":"https:\/\/www.hongtaivalve.com\/#website"},"primaryImageOfPage":{"@id":"https:\/\/www.hongtaivalve.com\/product\/stainless-steel-sanitary-triclamp-6inch-x-6-inch-with-weld-base-collection-tank\/#primaryimage"},"image":{"@id":"https:\/\/www.hongtaivalve.com\/product\/stainless-steel-sanitary-triclamp-6inch-x-6-inch-with-weld-base-collection-tank\/#primaryimage"},"thumbnailUrl":"https:\/\/www.hongtaivalve.com\/wp-content\/uploads\/2024\/04\/IMG_9323.jpg","datePublished":"2024-04-13T08:16:28+00:00","dateModified":"2024-12-27T02:31:23+00:00","breadcrumb":{"@id":"https:\/\/www.hongtaivalve.com\/product\/stainless-steel-sanitary-triclamp-6inch-x-6-inch-with-weld-base-collection-tank\/#breadcrumb"},"inLanguage":"pt-PT","potentialAction":[{"@type":"ReadAction","target":["https:\/\/www.hongtaivalve.com\/product\/stainless-steel-sanitary-triclamp-6inch-x-6-inch-with-weld-base-collection-tank\/"]}]},{"@type":"ImageObject","inLanguage":"pt-PT","@id":"https:\/\/www.hongtaivalve.com\/product\/stainless-steel-sanitary-triclamp-6inch-x-6-inch-with-weld-base-collection-tank\/#primaryimage","url":"https:\/\/www.hongtaivalve.com\/wp-content\/uploads\/2024\/04\/IMG_9323.jpg","contentUrl":"https:\/\/www.hongtaivalve.com\/wp-content\/uploads\/2024\/04\/IMG_9323.jpg","width":1024,"height":768},{"@type":"BreadcrumbList","@id":"https:\/\/www.hongtaivalve.com\/product\/stainless-steel-sanitary-triclamp-6inch-x-6-inch-with-weld-base-collection-tank\/#breadcrumb","itemListElement":[{"@type":"ListItem","position":1,"name":"\u9996\u9875","item":"https:\/\/www.hongtaivalve.com\/"},{"@type":"ListItem","position":2,"name":"Product","item":"https:\/\/www.hongtaivalve.com\/product\/"},{"@type":"ListItem","position":3,"name":"HongTaivalve-Stainless steel Sanitary triclamp 6inch X 6 inch with weld base collection tank-size dn15-dn150-HTV-CT001"}]},{"@type":"WebSite","@id":"https:\/\/www.hongtaivalve.com\/#website","url":"https:\/\/www.hongtaivalve.com\/","name":"Wenzhou HongTai Fluid Equipment Co.Ltd","description":"","potentialAction":[{"@type":"SearchAction","target":{"@type":"EntryPoint","urlTemplate":"https:\/\/www.hongtaivalve.com\/?s={search_term_string}"},"query-input":{"@type":"PropertyValueSpecification","valueRequired":true,"valueName":"search_term_string"}}],"inLanguage":"pt-PT"}]}},"_links":{"self":[{"href":"https:\/\/www.hongtaivalve.com\/pt\/wp-json\/wp\/v2\/product\/4957","targetHints":{"allow":["GET"]}}],"collection":[{"href":"https:\/\/www.hongtaivalve.com\/pt\/wp-json\/wp\/v2\/product"}],"about":[{"href":"https:\/\/www.hongtaivalve.com\/pt\/wp-json\/wp\/v2\/types\/product"}],"replies":[{"embeddable":true,"href":"https:\/\/www.hongtaivalve.com\/pt\/wp-json\/wp\/v2\/comments?post=4957"}],"wp:featuredmedia":[{"embeddable":true,"href":"https:\/\/www.hongtaivalve.com\/pt\/wp-json\/wp\/v2\/media\/4961"}],"wp:attachment":[{"href":"https:\/\/www.hongtaivalve.com\/pt\/wp-json\/wp\/v2\/media?parent=4957"}],"wp:term":[{"taxonomy":"product_brand","embeddable":true,"href":"https:\/\/www.hongtaivalve.com\/pt\/wp-json\/wp\/v2\/product_brand?post=4957"},{"taxonomy":"product_cat","embeddable":true,"href":"https:\/\/www.hongtaivalve.com\/pt\/wp-json\/wp\/v2\/product_cat?post=4957"},{"taxonomy":"product_tag","embeddable":true,"href":"https:\/\/www.hongtaivalve.com\/pt\/wp-json\/wp\/v2\/product_tag?post=4957"}],"curies":[{"name":"wp","href":"https:\/\/api.w.org\/{rel}","templated":true}]}}