{"id":5044,"date":"2024-04-18T07:09:10","date_gmt":"2024-04-18T07:09:10","guid":{"rendered":"http:\/\/www.hongtaivalve.com\/?post_type=product&#038;p=5044"},"modified":"2024-12-27T07:21:36","modified_gmt":"2024-12-27T07:21:36","slug":"sanitary-korea-embedded-ptfe-length-pipe-support-clamp","status":"publish","type":"product","link":"https:\/\/www.hongtaivalve.com\/pt\/produto\/sanitary-korea-embedded-ptfe-length-pipe-support-clamp\/","title":{"rendered":"HongTaivalve-Coreia sanit\u00e1ria incorporada bra\u00e7adeira de suporte de tubo de PTFE de comprimento dn15-dn150-HTV-LPSC001"},"content":{"rendered":"<p>O suporte de tubo de bra\u00e7adeira sanit\u00e1ria em a\u00e7o inoxid\u00e1vel \u00e9 um dispositivo de suporte e fixa\u00e7\u00e3o utilizado em sistemas de tubagem, com as seguintes carater\u00edsticas e cen\u00e1rios de aplica\u00e7\u00e3o:<br \/>\nCarater\u00edsticas:<br \/>\nVantagens do material: A utiliza\u00e7\u00e3o de material de a\u00e7o inoxid\u00e1vel, para garantir a sua boa resist\u00eancia \u00e0 corros\u00e3o e resist\u00eancia ao calor, pode manter excelentes propriedades f\u00edsicas e mec\u00e2nicas numa variedade de ambientes.<br \/>\nAmpla aplica\u00e7\u00e3o: \u00c9 adequado para muitas ind\u00fastrias, tais como a dos lactic\u00ednios, a alimentar, a das bebidas, a farmac\u00eautica e a dos cosm\u00e9ticos, comprovando as suas propriedades duradouras.<br \/>\nF\u00e1cil instala\u00e7\u00e3o: design de bra\u00e7adeira de instala\u00e7\u00e3o r\u00e1pida, para que o trabalho de liga\u00e7\u00e3o possa ser conclu\u00eddo sem ferramentas, melhorando a conveni\u00eancia da opera\u00e7\u00e3o.<br \/>\nCen\u00e1rio de aplica\u00e7\u00e3o:<br \/>\nEquipamento mec\u00e2nico e qu\u00edmico: utilizado para ligar todas as mangueiras de borracha, mangueiras de pl\u00e1stico de nylon, mangueiras de tecido, mangueiras e outras interfaces para garantir que a liga\u00e7\u00e3o \u00e9 estanque e vedada.<br \/>\nApoio e fixa\u00e7\u00e3o da tubagem: apoiar a disposi\u00e7\u00e3o e o funcionamento da tubagem, reduzir a carga da tubagem e assegurar a racionalidade e a efici\u00eancia do sistema de tubagem.<br \/>\nEm resumo, o suporte de tubo de bra\u00e7adeira sanit\u00e1ria de a\u00e7o inoxid\u00e1vel n\u00e3o \u00e9 apenas amplamente utilizado em muitas ind\u00fastrias devido \u00e0 sua superioridade material, mas tamb\u00e9m o seu design de instala\u00e7\u00e3o conveniente e fun\u00e7\u00f5es poderosas tornam-no uma parte indispens\u00e1vel do sistema de tubula\u00e7\u00e3o.<\/p>\n<p>O suporte de tubo de a\u00e7o inoxid\u00e1vel tamb\u00e9m \u00e9 chamado de clipe de tubo, suporte de tubo, aro de tubo e cart\u00e3o de tubo. \u00c9 utilizado principalmente para suporte e fixa\u00e7\u00e3o de tubos. O a\u00e7o inoxid\u00e1vel 304 tem as carater\u00edsticas de preven\u00e7\u00e3o da ferrugem, resist\u00eancia aos \u00e1cidos e resist\u00eancia aos \u00e1lcalis. O suporte de tubo em a\u00e7o inoxid\u00e1vel \u00e9 utilizado como um tipo de pe\u00e7as para suporte de tubagem a\u00e9rea no solo, que pode ser dividido em suporte fixo, suporte deslizante, suporte de orienta\u00e7\u00e3o, suporte de rolamento e assim por diante. O suporte de tubagem em a\u00e7o inoxid\u00e1vel \u00e9 amplamente utilizado em: ind\u00fastria qu\u00edmica, alimentos e bebidas, produtos l\u00e1cteos, bebidas da ind\u00fastria farmac\u00eautica e assim por diante.<\/p>\n<p>O suporte para tubos de a\u00e7o inoxid\u00e1vel \u00e9 composto principalmente por duas placas semicirculares de a\u00e7o inoxid\u00e1vel, dois parafusos e porcas, uma junta (geralmente vermelha) e um tubo de a\u00e7o de suporte.  O suporte do tubo de a\u00e7o inoxid\u00e1vel tem elevada resist\u00eancia, forte resist\u00eancia \u00e0 corros\u00e3o, boa flexibilidade, excelente resist\u00eancia \u00e0 vibra\u00e7\u00e3o e resist\u00eancia s\u00edsmica, fragilidade a baixas temperaturas, o transporte de \u00e1gua pode garantir a pureza da qualidade da \u00e1gua, \u00e9 dur\u00e1vel e pode ser reciclado como materiais decorativos. O tubo de a\u00e7o inoxid\u00e1vel tem mais vantagens, especialmente na espessura da parede de apenas 0,6 ~ 1,2 mm de tubo de a\u00e7o inoxid\u00e1vel de parede fina no sistema de \u00e1gua pot\u00e1vel superior, sistema de \u00e1gua quente, sa\u00fade prestar mais aten\u00e7\u00e3o ao sistema de drenagem, com seguro e confi\u00e1vel, sa\u00fade e prote\u00e7\u00e3o ambiental, carater\u00edsticas econ\u00f4micas e pr\u00e1ticas.<\/p>\n<p>O suporte de tubos em a\u00e7o inoxid\u00e1vel pode ser utilizado em muitos locais com a coloca\u00e7\u00e3o de tubos, tamb\u00e9m conhecido como suporte de tubos, departamento de tubos e assim por diante. Como componentes de suporte de tubos, os suportes de tubos s\u00e3o divididos em tipos fixos e m\u00f3veis, de acordo com o desempenho operacional e os requisitos de disposi\u00e7\u00e3o dos tubos. Os locais onde s\u00e3o definidos pontos fixos tornam-se suportes fixos, e esses suportes de tubos n\u00e3o podem gerar deslocamentos relativos com as tubagens. Ao mesmo tempo, a deforma\u00e7\u00e3o de flex\u00e3o do suporte de tubagem fixo ap\u00f3s ser sujeito a for\u00e7a deve ser menor do que a do compensador de tubagem, porque o suporte de tubagem deve ter rigidez suficiente. Os locais onde o suporte interm\u00e9dio \u00e9 colocado utilizam suportes de tubos m\u00f3veis, e as condutas e os suportes de tubos permitem uma desloca\u00e7\u00e3o relativa. As tubagens n\u00e3o s\u00e3o limitadas pela deforma\u00e7\u00e3o t\u00e9rmica. Os m\u00e9todos de liga\u00e7\u00e3o dos suportes de tubos de a\u00e7o inoxid\u00e1vel s\u00e3o diversos, e os tipos comuns de acess\u00f3rios para tubos incluem compress\u00e3o, aperto, liga\u00e7\u00e3o r\u00e1pida, push-in, push roscado, soldadura de encaixe, liga\u00e7\u00e3o de flange de liga\u00e7\u00e3o r\u00e1pida, liga\u00e7\u00e3o por soldadura e m\u00e9todos de liga\u00e7\u00e3o em s\u00e9rie h\u00edbridos que combinam a soldadura e a liga\u00e7\u00e3o tradicional. Estes m\u00e9todos de liga\u00e7\u00e3o diferem nos seus princ\u00edpios b\u00e1sicos e os seus campos de aplica\u00e7\u00e3o tamb\u00e9m diferem, mas a maior parte deles s\u00e3o f\u00e1ceis de instalar e s\u00e3o fi\u00e1veis e seguros. Os an\u00e9is de veda\u00e7\u00e3o ou juntas utilizados para a liga\u00e7\u00e3o s\u00e3o, na sua maioria, feitos de borracha de silicone, borracha nitr\u00edlica e EPDM, que cumprem os requisitos das normas nacionais e industriais, aliviando o fardo dos utilizadores. Foi provado pelas pr\u00e1ticas de engenharia no pa\u00eds e no estrangeiro que \u00e9 um dos melhores tubos de desempenho abrangente para sistemas de abastecimento de \u00e1gua e de drenagem, um novo tipo de tubo que poupa energia e \u00e9 amigo do ambiente, e tamb\u00e9m um tubo com competitividade. Vai desempenhar um papel insubstitu\u00edvel na melhoria da qualidade da \u00e1gua e na melhoria das condi\u00e7\u00f5es de vida das pessoas.<\/p>\n<h2><span style=\"color: #ff0000;\">Instru\u00e7\u00f5es de embalagem do produto\uff1a<\/span><\/h2>\n<p>Cada produto \u00e9 primeiro embalado individualmente num saco de espuma, depois cuidadosamente colocado numa caixa de cart\u00e3o designada. Por fim, \u00e9 paletizado ou embalado num caixote de madeira para exporta\u00e7\u00e3o. Todo o processo de embalagem \u00e9 rigorosamente executado para evitar quaisquer danos durante o transporte.<\/p>\n<p><a href=\"http:\/\/www.hongtaivalve.com\/wp-content\/uploads\/2024\/04\/IMG_9215.jpg\"><img fetchpriority=\"high\" decoding=\"async\" class=\"alignnone size-full wp-image-5045\" src=\"http:\/\/www.hongtaivalve.com\/wp-content\/uploads\/2024\/04\/IMG_9215.jpg\" alt=\"\" width=\"1024\" height=\"768\" srcset=\"https:\/\/www.hongtaivalve.com\/wp-content\/uploads\/2024\/04\/IMG_9215.jpg 1024w, https:\/\/www.hongtaivalve.com\/wp-content\/uploads\/2024\/04\/IMG_9215-800x600.jpg 800w, https:\/\/www.hongtaivalve.com\/wp-content\/uploads\/2024\/04\/IMG_9215-300x225.jpg 300w, https:\/\/www.hongtaivalve.com\/wp-content\/uploads\/2024\/04\/IMG_9215-768x576.jpg 768w\" sizes=\"(max-width: 1024px) 100vw, 1024px\" \/><\/a> <a href=\"http:\/\/www.hongtaivalve.com\/wp-content\/uploads\/2024\/04\/IMG_9216.jpg\"><img decoding=\"async\" class=\"alignnone size-full wp-image-5046\" src=\"http:\/\/www.hongtaivalve.com\/wp-content\/uploads\/2024\/04\/IMG_9216.jpg\" alt=\"\" width=\"1024\" height=\"768\" srcset=\"https:\/\/www.hongtaivalve.com\/wp-content\/uploads\/2024\/04\/IMG_9216.jpg 1024w, https:\/\/www.hongtaivalve.com\/wp-content\/uploads\/2024\/04\/IMG_9216-800x600.jpg 800w, https:\/\/www.hongtaivalve.com\/wp-content\/uploads\/2024\/04\/IMG_9216-300x225.jpg 300w, https:\/\/www.hongtaivalve.com\/wp-content\/uploads\/2024\/04\/IMG_9216-768x576.jpg 768w\" sizes=\"(max-width: 1024px) 100vw, 1024px\" \/><\/a> <a href=\"http:\/\/www.hongtaivalve.com\/wp-content\/uploads\/2024\/04\/IMG_9219.jpg\"><img decoding=\"async\" class=\"alignnone size-full wp-image-5047\" src=\"http:\/\/www.hongtaivalve.com\/wp-content\/uploads\/2024\/04\/IMG_9219.jpg\" alt=\"\" width=\"1024\" height=\"768\" srcset=\"https:\/\/www.hongtaivalve.com\/wp-content\/uploads\/2024\/04\/IMG_9219.jpg 1024w, https:\/\/www.hongtaivalve.com\/wp-content\/uploads\/2024\/04\/IMG_9219-800x600.jpg 800w, https:\/\/www.hongtaivalve.com\/wp-content\/uploads\/2024\/04\/IMG_9219-300x225.jpg 300w, https:\/\/www.hongtaivalve.com\/wp-content\/uploads\/2024\/04\/IMG_9219-768x576.jpg 768w\" sizes=\"(max-width: 1024px) 100vw, 1024px\" \/><\/a><\/p>\n<p><strong>Sobre n\u00f3s<\/strong><\/p>\n<p>Na HongTai, somos especializados em v\u00e1lvulas sanit\u00e1rias de alta qualidade e acess\u00f3rios para tubos de a\u00e7o inoxid\u00e1vel, atendendo a ind\u00fastrias-chave como farmac\u00eautica, processamento de alimentos e produtos qu\u00edmicos. Fabricados em a\u00e7o inoxid\u00e1vel 304, 316 e 316L de primeira qualidade, os nossos produtos oferecem uma excelente resist\u00eancia \u00e0 corros\u00e3o e s\u00e3o fabricados utilizando t\u00e9cnicas de fabrico avan\u00e7adas, como o corte a laser e a soldadura de precis\u00e3o. Concebidas para higiene e integridade dos fluidos, as v\u00e1lvulas da HongTai s\u00e3o a escolha ideal para ind\u00fastrias que exigem uma limpeza \u00f3ptima e um desempenho duradouro.<\/p>\n<p><a href=\"https:\/\/www.hongtaivalve.com\/wp-content\/uploads\/2024\/12\/2efad8255a88820383829ce2a75fcb9.jpg\"><img loading=\"lazy\" decoding=\"async\" class=\"wp-image-5948 aligncenter\" src=\"https:\/\/www.hongtaivalve.com\/wp-content\/uploads\/2024\/12\/2efad8255a88820383829ce2a75fcb9.jpg\" alt=\"\" width=\"553\" height=\"358\" srcset=\"https:\/\/www.hongtaivalve.com\/wp-content\/uploads\/2024\/12\/2efad8255a88820383829ce2a75fcb9.jpg 985w, https:\/\/www.hongtaivalve.com\/wp-content\/uploads\/2024\/12\/2efad8255a88820383829ce2a75fcb9-300x194.jpg 300w, https:\/\/www.hongtaivalve.com\/wp-content\/uploads\/2024\/12\/2efad8255a88820383829ce2a75fcb9-768x497.jpg 768w, https:\/\/www.hongtaivalve.com\/wp-content\/uploads\/2024\/12\/2efad8255a88820383829ce2a75fcb9-18x12.jpg 18w, https:\/\/www.hongtaivalve.com\/wp-content\/uploads\/2024\/12\/2efad8255a88820383829ce2a75fcb9-800x518.jpg 800w\" sizes=\"(max-width: 553px) 100vw, 553px\" \/><\/a><\/p>\n<p><strong>Porqu\u00ea escolher-nos<\/strong><\/p>\n<p><strong>Garantia de qualidade:<\/strong>\u00a0Mantemos um controlo rigoroso de todas as fases de produ\u00e7\u00e3o, desde as mat\u00e9rias-primas at\u00e9 aos produtos acabados, garantindo a conformidade com a norma ISO9001 e certifica\u00e7\u00f5es internacionais, incluindo as normas 3A, DIN e ISO.<\/p>\n<p><strong>Experi\u00eancia no sector:<\/strong>\u00a0D\u00e9cadas de experi\u00eancia no fornecimento de solu\u00e7\u00f5es para ind\u00fastrias cr\u00edticas como a alimentar, a de bebidas e a farmac\u00eautica.<\/p>\n<p><strong>Tecnologia avan\u00e7ada:<\/strong>\u00a0As nossas instala\u00e7\u00f5es de \u00faltima gera\u00e7\u00e3o, incluindo tornos CNC e ferramentas de precis\u00e3o regularmente actualizados, garantem uma elevada precis\u00e3o de superf\u00edcie e toler\u00e2ncias apertadas para cada produto.<\/p>\n<p><strong>100% Inspe\u00e7\u00e3o:<\/strong>\u00a0Todos os produtos s\u00e3o submetidos a testes rigorosos, incluindo dete\u00e7\u00e3o de tamanho e de fugas nas v\u00e1lvulas, para garantir uma qualidade impec\u00e1vel antes de sa\u00edrem das nossas instala\u00e7\u00f5es.<\/p>\n<p><strong>Alcance global:<\/strong>\u00a0Empresas de todo o mundo confiam na nossa qualidade consistente e na entrega atempada.<\/p>\n<p>Escolha a HongTai para obter fiabilidade, desempenho e inova\u00e7\u00e3o inigual\u00e1veis em solu\u00e7\u00f5es de v\u00e1lvulas e acess\u00f3rios para tubos.<\/p>\n<p>&nbsp;<\/p>\n<p><strong>Contactar-nos<\/strong><br \/>\nPara mais informa\u00e7\u00f5es ou para discutir as suas necessidades, contacte-nos atrav\u00e9s de:<br \/>\nCorreio eletr\u00f3nico: ht@htcdf.com<br \/>\nwhatsapp: (86)18875809195<br \/>\nTamb\u00e9m pode visitar o nosso\u00a0<a href=\"https:\/\/www.hongtaivalve.com\/pt\/contact-us\/\" target=\"_blank\" rel=\"noopener\">Contactar-nos<\/a>\u00a0para mais formas de entrar em contacto.<\/p>\n<p>&nbsp;<\/p>","protected":false},"excerpt":{"rendered":"<table>\n<tbody>\n<tr>\n<td width=\"207\"><strong><b>Modelo n.<\/b><\/strong><\/td>\n<td width=\"217\">HT-PHD002<\/td>\n<td width=\"214\"><\/td>\n<td width=\"348\"><\/td>\n<\/tr>\n<tr>\n<td><strong><b>Press\u00e3o m\u00e1xima de trabalho<\/b><\/strong><\/td>\n<td>1.0mpa\/10Bars<\/td>\n<td><strong><b>Extremidade da liga\u00e7\u00e3o<\/b><\/strong><\/td>\n<td>Fixa\u00e7\u00e3o com parafusos de fixa\u00e7\u00e3o<\/td>\n<\/tr>\n<tr>\n<td><strong><b>Temperatura m\u00e1xima de funcionamento<\/b><\/strong><\/td>\n<td>120\u00b0C<\/td>\n<td><strong><b>Funcionamento<\/b><\/strong><\/td>\n<td>Por manual,<\/td>\n<\/tr>\n<tr>\n<td><strong><b>Material da carro\u00e7aria<\/b><\/strong><\/td>\n<td>SS316L,SS304,SS201<\/td>\n<td><strong><b>Material de veda\u00e7\u00e3o<\/b><\/strong><\/td>\n<td>Silicone, EPDM, Viton, PTFE ou NBR<\/td>\n<\/tr>\n<tr>\n<td><strong><b>Acabamento da superf\u00edcie interior<\/b><\/strong><\/td>\n<td>Ra 0,5<\/td>\n<td><strong><b>Acabamento da superf\u00edcie externa: <\/b><\/strong><\/td>\n<td>Ra 0,8<\/td>\n<\/tr>\n<tr>\n<td><strong><b>Especifica\u00e7\u00e3o<\/b><\/strong><\/td>\n<td>1\/2&#8243;-12&#8243;<\/td>\n<td><strong><b>Certifica\u00e7\u00e3o<\/b><\/strong><\/td>\n<td>Relat\u00f3rio de mat\u00e9rias-primas\/relat\u00f3rio de qualidade final<\/td>\n<\/tr>\n<tr>\n<td><strong><b>C\u00d3DIGO SH<\/b><\/strong><\/td>\n<td>7307290000<\/td>\n<td><strong><b>Acabamento<\/b><\/strong><\/td>\n<td>Polimento espelhado ou polimento mate<\/td>\n<\/tr>\n<tr>\n<td><strong><b>T\u00e9cnica das mat\u00e9rias-primas<\/b><\/strong><\/td>\n<td>Forjamento ou fundi\u00e7\u00e3o<\/td>\n<td><strong><b>M\u00e1quina de processamento<\/b><\/strong><\/td>\n<td>M\u00e1quina CNC LG Mazak<\/td>\n<\/tr>\n<tr>\n<td><strong><b>Norma de conce\u00e7\u00e3o<\/b><\/strong><\/td>\n<td>3A ou DIN, SMS, ISO\/IDF<\/td>\n<td><strong><b>Aplica\u00e7\u00e3o<\/b><\/strong><\/td>\n<td>Utiliza\u00e7\u00e3o industrial de alimentos ou bebidas<\/td>\n<\/tr>\n<tr>\n<td><strong><b>Pacote de transporte<\/b><\/strong><\/td>\n<td>Pl\u00e1stico espumado + caixa de madeira<\/td>\n<td><strong><b>Origem<\/b><\/strong><\/td>\n<td>Wenzhou China<\/td>\n<\/tr>\n<\/tbody>\n<\/table>","protected":false},"featured_media":5045,"comment_status":"open","ping_status":"closed","template":"","meta":[],"product_brand":[],"product_cat":[110],"product_tag":[],"class_list":{"0":"post-5044","1":"product","2":"type-product","3":"status-publish","4":"has-post-thumbnail","6":"product_cat-pipe-tube-fittings","8":"first","9":"instock","10":"shipping-taxable","11":"product-type-simple"},"yoast_head":"<!-- This site is optimized with the Yoast SEO plugin v24.6 - https:\/\/yoast.com\/wordpress\/plugins\/seo\/ -->\n<title>HongTaivalve-Sanitary korea embedded PTFE length pipe support clamp-size dn15-dn150-HTV-LPSC001 - Wenzhou HongTai Fluid Equipment Co.Ltd<\/title>\n<meta name=\"robots\" content=\"index, follow, max-snippet:-1, max-image-preview:large, max-video-preview:-1\" \/>\n<link rel=\"canonical\" href=\"https:\/\/www.hongtaivalve.com\/pt\/produto\/sanitary-korea-embedded-ptfe-length-pipe-support-clamp\/\" \/>\n<meta property=\"og:locale\" content=\"pt_PT\" \/>\n<meta property=\"og:type\" content=\"article\" \/>\n<meta property=\"og:title\" content=\"HongTaivalve-Sanitary korea embedded PTFE length pipe support clamp-size dn15-dn150-HTV-LPSC001 - Wenzhou HongTai Fluid Equipment Co.Ltd\" \/>\n<meta property=\"og:description\" content=\"Model No. HT-PHD002     Max Working Pressure 1.0mpa\/10Bars Connection End Clamp screw fixation   Max Working Temperature 120\u00b0C Operation By Manual,   Body Material SS316L,SS304,SS201 Sealing Material Silicone, EPDM, Viton, PTFE, or NBR   Inner Surface finish Ra 0.5 External Surface finish:  Ra 0.8   Specification 1\/2&quot;-12&quot; Certification Raw material report\/finished quality report   HS CODE 7307290000 Finish Mirror polish or Matt polish   Raw Material technique Forging or Casting Processing Machine LG Mazak CNC Machine   Design Standard 3A or DIN,SMS,ISO\/IDF Application Food or Beverage industrial Usage   Transport Package Foamed Plastic+Wooden case Origin Wenzhou China\" \/>\n<meta property=\"og:url\" content=\"https:\/\/www.hongtaivalve.com\/pt\/produto\/sanitary-korea-embedded-ptfe-length-pipe-support-clamp\/\" \/>\n<meta property=\"og:site_name\" content=\"Wenzhou HongTai Fluid Equipment Co.Ltd\" \/>\n<meta property=\"article:modified_time\" content=\"2024-12-27T07:21:36+00:00\" \/>\n<meta property=\"og:image\" content=\"https:\/\/www.hongtaivalve.com\/wp-content\/uploads\/2024\/04\/IMG_9215.jpg\" \/>\n\t<meta property=\"og:image:width\" content=\"1024\" \/>\n\t<meta property=\"og:image:height\" content=\"768\" \/>\n\t<meta property=\"og:image:type\" content=\"image\/jpeg\" \/>\n<meta name=\"twitter:card\" content=\"summary_large_image\" \/>\n<meta name=\"twitter:label1\" content=\"Tempo estimado de leitura\" \/>\n\t<meta name=\"twitter:data1\" content=\"7 minutos\" \/>\n<script type=\"application\/ld+json\" class=\"yoast-schema-graph\">{\"@context\":\"https:\/\/schema.org\",\"@graph\":[{\"@type\":\"WebPage\",\"@id\":\"https:\/\/www.hongtaivalve.com\/product\/sanitary-korea-embedded-ptfe-length-pipe-support-clamp\/\",\"url\":\"https:\/\/www.hongtaivalve.com\/product\/sanitary-korea-embedded-ptfe-length-pipe-support-clamp\/\",\"name\":\"HongTaivalve-Sanitary korea embedded PTFE length pipe support clamp-size dn15-dn150-HTV-LPSC001 - Wenzhou HongTai Fluid Equipment Co.Ltd\",\"isPartOf\":{\"@id\":\"https:\/\/www.hongtaivalve.com\/#website\"},\"primaryImageOfPage\":{\"@id\":\"https:\/\/www.hongtaivalve.com\/product\/sanitary-korea-embedded-ptfe-length-pipe-support-clamp\/#primaryimage\"},\"image\":{\"@id\":\"https:\/\/www.hongtaivalve.com\/product\/sanitary-korea-embedded-ptfe-length-pipe-support-clamp\/#primaryimage\"},\"thumbnailUrl\":\"https:\/\/www.hongtaivalve.com\/wp-content\/uploads\/2024\/04\/IMG_9215.jpg\",\"datePublished\":\"2024-04-18T07:09:10+00:00\",\"dateModified\":\"2024-12-27T07:21:36+00:00\",\"breadcrumb\":{\"@id\":\"https:\/\/www.hongtaivalve.com\/product\/sanitary-korea-embedded-ptfe-length-pipe-support-clamp\/#breadcrumb\"},\"inLanguage\":\"pt-PT\",\"potentialAction\":[{\"@type\":\"ReadAction\",\"target\":[\"https:\/\/www.hongtaivalve.com\/product\/sanitary-korea-embedded-ptfe-length-pipe-support-clamp\/\"]}]},{\"@type\":\"ImageObject\",\"inLanguage\":\"pt-PT\",\"@id\":\"https:\/\/www.hongtaivalve.com\/product\/sanitary-korea-embedded-ptfe-length-pipe-support-clamp\/#primaryimage\",\"url\":\"https:\/\/www.hongtaivalve.com\/wp-content\/uploads\/2024\/04\/IMG_9215.jpg\",\"contentUrl\":\"https:\/\/www.hongtaivalve.com\/wp-content\/uploads\/2024\/04\/IMG_9215.jpg\",\"width\":1024,\"height\":768},{\"@type\":\"BreadcrumbList\",\"@id\":\"https:\/\/www.hongtaivalve.com\/product\/sanitary-korea-embedded-ptfe-length-pipe-support-clamp\/#breadcrumb\",\"itemListElement\":[{\"@type\":\"ListItem\",\"position\":1,\"name\":\"\u9996\u9875\",\"item\":\"https:\/\/www.hongtaivalve.com\/\"},{\"@type\":\"ListItem\",\"position\":2,\"name\":\"Product\",\"item\":\"https:\/\/www.hongtaivalve.com\/product\/\"},{\"@type\":\"ListItem\",\"position\":3,\"name\":\"HongTaivalve-Sanitary korea embedded PTFE length pipe support clamp-size dn15-dn150-HTV-LPSC001\"}]},{\"@type\":\"WebSite\",\"@id\":\"https:\/\/www.hongtaivalve.com\/#website\",\"url\":\"https:\/\/www.hongtaivalve.com\/\",\"name\":\"Wenzhou HongTai Fluid Equipment Co.Ltd\",\"description\":\"\",\"potentialAction\":[{\"@type\":\"SearchAction\",\"target\":{\"@type\":\"EntryPoint\",\"urlTemplate\":\"https:\/\/www.hongtaivalve.com\/?s={search_term_string}\"},\"query-input\":{\"@type\":\"PropertyValueSpecification\",\"valueRequired\":true,\"valueName\":\"search_term_string\"}}],\"inLanguage\":\"pt-PT\"}]}<\/script>\n<!-- \/ Yoast SEO plugin. -->","yoast_head_json":{"title":"HongTaivalve-Sanitary korea embedded PTFE length pipe support clamp-size dn15-dn150-HTV-LPSC001 - Wenzhou HongTai Fluid Equipment Co.Ltd","robots":{"index":"index","follow":"follow","max-snippet":"max-snippet:-1","max-image-preview":"max-image-preview:large","max-video-preview":"max-video-preview:-1"},"canonical":"https:\/\/www.hongtaivalve.com\/pt\/produto\/sanitary-korea-embedded-ptfe-length-pipe-support-clamp\/","og_locale":"pt_PT","og_type":"article","og_title":"HongTaivalve-Sanitary korea embedded PTFE length pipe support clamp-size dn15-dn150-HTV-LPSC001 - Wenzhou HongTai Fluid Equipment Co.Ltd","og_description":"Model No. HT-PHD002     Max Working Pressure 1.0mpa\/10Bars Connection End Clamp screw fixation   Max Working Temperature 120\u00b0C Operation By Manual,   Body Material SS316L,SS304,SS201 Sealing Material Silicone, EPDM, Viton, PTFE, or NBR   Inner Surface finish Ra 0.5 External Surface finish:  Ra 0.8   Specification 1\/2\"-12\" Certification Raw material report\/finished quality report   HS CODE 7307290000 Finish Mirror polish or Matt polish   Raw Material technique Forging or Casting Processing Machine LG Mazak CNC Machine   Design Standard 3A or DIN,SMS,ISO\/IDF Application Food or Beverage industrial Usage   Transport Package Foamed Plastic+Wooden case Origin Wenzhou China","og_url":"https:\/\/www.hongtaivalve.com\/pt\/produto\/sanitary-korea-embedded-ptfe-length-pipe-support-clamp\/","og_site_name":"Wenzhou HongTai Fluid Equipment Co.Ltd","article_modified_time":"2024-12-27T07:21:36+00:00","og_image":[{"width":1024,"height":768,"url":"https:\/\/www.hongtaivalve.com\/wp-content\/uploads\/2024\/04\/IMG_9215.jpg","type":"image\/jpeg"}],"twitter_card":"summary_large_image","twitter_misc":{"Tempo estimado de leitura":"7 minutos"},"schema":{"@context":"https:\/\/schema.org","@graph":[{"@type":"WebPage","@id":"https:\/\/www.hongtaivalve.com\/product\/sanitary-korea-embedded-ptfe-length-pipe-support-clamp\/","url":"https:\/\/www.hongtaivalve.com\/product\/sanitary-korea-embedded-ptfe-length-pipe-support-clamp\/","name":"HongTaivalve-Sanitary korea embedded PTFE length pipe support clamp-size dn15-dn150-HTV-LPSC001 - Wenzhou HongTai Fluid Equipment Co.Ltd","isPartOf":{"@id":"https:\/\/www.hongtaivalve.com\/#website"},"primaryImageOfPage":{"@id":"https:\/\/www.hongtaivalve.com\/product\/sanitary-korea-embedded-ptfe-length-pipe-support-clamp\/#primaryimage"},"image":{"@id":"https:\/\/www.hongtaivalve.com\/product\/sanitary-korea-embedded-ptfe-length-pipe-support-clamp\/#primaryimage"},"thumbnailUrl":"https:\/\/www.hongtaivalve.com\/wp-content\/uploads\/2024\/04\/IMG_9215.jpg","datePublished":"2024-04-18T07:09:10+00:00","dateModified":"2024-12-27T07:21:36+00:00","breadcrumb":{"@id":"https:\/\/www.hongtaivalve.com\/product\/sanitary-korea-embedded-ptfe-length-pipe-support-clamp\/#breadcrumb"},"inLanguage":"pt-PT","potentialAction":[{"@type":"ReadAction","target":["https:\/\/www.hongtaivalve.com\/product\/sanitary-korea-embedded-ptfe-length-pipe-support-clamp\/"]}]},{"@type":"ImageObject","inLanguage":"pt-PT","@id":"https:\/\/www.hongtaivalve.com\/product\/sanitary-korea-embedded-ptfe-length-pipe-support-clamp\/#primaryimage","url":"https:\/\/www.hongtaivalve.com\/wp-content\/uploads\/2024\/04\/IMG_9215.jpg","contentUrl":"https:\/\/www.hongtaivalve.com\/wp-content\/uploads\/2024\/04\/IMG_9215.jpg","width":1024,"height":768},{"@type":"BreadcrumbList","@id":"https:\/\/www.hongtaivalve.com\/product\/sanitary-korea-embedded-ptfe-length-pipe-support-clamp\/#breadcrumb","itemListElement":[{"@type":"ListItem","position":1,"name":"\u9996\u9875","item":"https:\/\/www.hongtaivalve.com\/"},{"@type":"ListItem","position":2,"name":"Product","item":"https:\/\/www.hongtaivalve.com\/product\/"},{"@type":"ListItem","position":3,"name":"HongTaivalve-Sanitary korea embedded PTFE length pipe support clamp-size dn15-dn150-HTV-LPSC001"}]},{"@type":"WebSite","@id":"https:\/\/www.hongtaivalve.com\/#website","url":"https:\/\/www.hongtaivalve.com\/","name":"Wenzhou HongTai Fluid Equipment Co.Ltd","description":"","potentialAction":[{"@type":"SearchAction","target":{"@type":"EntryPoint","urlTemplate":"https:\/\/www.hongtaivalve.com\/?s={search_term_string}"},"query-input":{"@type":"PropertyValueSpecification","valueRequired":true,"valueName":"search_term_string"}}],"inLanguage":"pt-PT"}]}},"_links":{"self":[{"href":"https:\/\/www.hongtaivalve.com\/pt\/wp-json\/wp\/v2\/product\/5044","targetHints":{"allow":["GET"]}}],"collection":[{"href":"https:\/\/www.hongtaivalve.com\/pt\/wp-json\/wp\/v2\/product"}],"about":[{"href":"https:\/\/www.hongtaivalve.com\/pt\/wp-json\/wp\/v2\/types\/product"}],"replies":[{"embeddable":true,"href":"https:\/\/www.hongtaivalve.com\/pt\/wp-json\/wp\/v2\/comments?post=5044"}],"wp:featuredmedia":[{"embeddable":true,"href":"https:\/\/www.hongtaivalve.com\/pt\/wp-json\/wp\/v2\/media\/5045"}],"wp:attachment":[{"href":"https:\/\/www.hongtaivalve.com\/pt\/wp-json\/wp\/v2\/media?parent=5044"}],"wp:term":[{"taxonomy":"product_brand","embeddable":true,"href":"https:\/\/www.hongtaivalve.com\/pt\/wp-json\/wp\/v2\/product_brand?post=5044"},{"taxonomy":"product_cat","embeddable":true,"href":"https:\/\/www.hongtaivalve.com\/pt\/wp-json\/wp\/v2\/product_cat?post=5044"},{"taxonomy":"product_tag","embeddable":true,"href":"https:\/\/www.hongtaivalve.com\/pt\/wp-json\/wp\/v2\/product_tag?post=5044"}],"curies":[{"name":"wp","href":"https:\/\/api.w.org\/{rel}","templated":true}]}}