{"id":5095,"date":"2024-04-21T06:17:35","date_gmt":"2024-04-21T06:17:35","guid":{"rendered":"http:\/\/www.hongtaivalve.com\/?post_type=product&#038;p=5095"},"modified":"2024-12-24T02:13:49","modified_gmt":"2024-12-24T02:13:49","slug":"sanitary-l-or-t-shape-three-way-ball-vlave-with-triclamp-connection","status":"publish","type":"product","link":"https:\/\/www.hongtaivalve.com\/pt\/produto\/sanitary-l-or-t-shape-three-way-ball-vlave-with-triclamp-connection\/","title":{"rendered":"Hongtaivalve-V\u00e1lvula de esfera sanit\u00e1ria de tr\u00eas vias em forma de L ou T tamanho \u03a619-133-HTV-BV010"},"content":{"rendered":"<p>Os tamanhos est\u00e3o dispon\u00edveis de 1\/2\u2033 a 6\u2033 (1\/2\u2033, 3\/4\u2033, 1\", 1 1\/2\u2033, 2\u2033, 2 1\/2\u2033, 3\u2033, 4\u20336\u2033)<\/p>\n<p>DN15 a DN100 (DN15, DN20, DN25, DN40, DN50, DN65, DN80, DN100,DN150)<\/p>\n<p>O corpo da v\u00e1lvula pode ser AISI 304 ou AISI 316.<\/p>\n<p>Sede da v\u00e1lvula: PTFE encapsulado.<\/p>\n<p>V\u00e1lvula de esfera sanit\u00e1ria de 3 pe\u00e7as com extremidades tri-clamp \/ tri-clamp e sede em PTFE encapsulado, que \u00e9 amplamente utilizada nas ind\u00fastrias de processamento de alimentos e bebidas, cervejeira, refinaria de petr\u00f3leo, cosm\u00e9tica, farmac\u00eautica e qu\u00edmica para controlar o fluxo m\u00e9dio. O design da sede em PTFE encapsulado sem res\u00edduos torna-a uma \u00f3ptima escolha para necessidades sanit\u00e1rias.<br \/>\nOs corpos e as tampas das v\u00e1lvulas s\u00e3o delicadamente fundidos em materiais CF8, CF3M ou 2205; ou forjados em F316L. No caso de condi\u00e7\u00f5es de trabalho espec\u00edficas, ser\u00e3o tamb\u00e9m aplicados materiais especiais, como HC\/Ti.<br \/>\nO atuador pneum\u00e1tico horizontal \u00e9 um atuador que roda o curso angular do veio de sa\u00edda. Pode ser montado em v\u00e1rias v\u00e1lvulas rotativas de abertura e fecho, tais como v\u00e1lvulas de borboleta e v\u00e1lvulas de esfera. Os actuadores horizontais podem ser configurados com uma variedade de op\u00e7\u00f5es funcionais:<br \/>\n1) Atuador de base<br \/>\n2) Atuador + unidade de controlo inteligente<br \/>\n3) Atuador + feedback de posi\u00e7\u00e3o<br \/>\n4) Atuador + Localizador Inteligente<br \/>\n5) Atuador + sensor de posi\u00e7\u00e3o<br \/>\nEspecifica\u00e7\u00f5es t\u00e9cnicas<br \/>\nEspecifica\u00e7\u00e3o do tamanho do furo: 20mm - 400mm<br \/>\nBin\u00e1rio (N.M): 5.NM a 2000 N.M<br \/>\n\u00c2ngulo de rota\u00e7\u00e3o: 90\u00b0 (padr\u00e3o) 180\u00b0 (sele\u00e7\u00e3o) 120\u00b0 (sele\u00e7\u00e3o)<br \/>\nEstrutura do pist\u00e3o: cremalheira (standard) forquilha (sele\u00e7\u00e3o)<br \/>\nRegula\u00e7\u00e3o do curso: O pist\u00e3o tem uma gama ajust\u00e1vel de \u00b14\u00b0 em ambas as extremidades<br \/>\nPress\u00e3o da fonte de ar: m\u00e1ximo -8bar, m\u00ednimo -2Bar<br \/>\nTemperatura padr\u00e3o: -20 \u00b0 C ~ +80 \u00b0 C<br \/>\nTipo de baixa temperatura: -40 \u00b0 C ~ +80 \u00b0 C<br \/>\nTipo de alta temperatura: -15 \u00b0 C ~ +150 \u00b0 C<br \/>\nMaterial: liga de alum\u00ednio, a\u00e7o inoxid\u00e1vel<br \/>\nCor: natural, branco, azul, vermelho, tamb\u00e9m pode ser configurado de acordo com os requisitos do cliente<br \/>\nNorma de instala\u00e7\u00e3o: ISO 5211, adequado para instala\u00e7\u00e3o no interior ou exterior<\/p>\n<p>A v\u00e1lvula de esfera sanit\u00e1ria pneum\u00e1tica \u00e9 um tipo de v\u00e1lvula de esfera controlada por um dispositivo pneum\u00e1tico, utilizada principalmente nas ind\u00fastrias alimentar, de bebidas, farmac\u00eautica e outras com elevados requisitos de higiene. Em compara\u00e7\u00e3o com a v\u00e1lvula de esfera manual tradicional, a v\u00e1lvula de esfera sanit\u00e1ria pneum\u00e1tica tem maior automatiza\u00e7\u00e3o e melhor desempenho em termos de higiene. Alto desempenho higi\u00e9nico A v\u00e1lvula de esfera sanit\u00e1ria pneum\u00e1tica \u00e9 feita de material de a\u00e7o inoxid\u00e1vel, a superf\u00edcie interna \u00e9 lisa e sem costuras, n\u00e3o h\u00e1 \u00e2ngulo morto nem c\u00f4ncavo e convexo, o que pode prevenir eficazmente a reprodu\u00e7\u00e3o de bact\u00e9rias e a polui\u00e7\u00e3o. Ao mesmo tempo, a estrutura de veda\u00e7\u00e3o da v\u00e1lvula de esfera tamb\u00e9m \u00e9 especialmente concebida, o que pode efetivamente evitar fugas e polui\u00e7\u00e3o<\/p>\n<p>Capacidade de controlo O sistema de controlo da v\u00e1lvula de esfera sanit\u00e1ria pneum\u00e1tica adopta o dispositivo pneum\u00e1tico, que pode realizar o controlo e a regula\u00e7\u00e3o. Ao controlar a abertura e o fecho do dispositivo pneum\u00e1tico, a abertura e o fluxo da v\u00e1lvula podem ser controlados para satisfazer os requisitos de diferentes produ\u00e7\u00f5es.<\/p>\n<p>Velocidade de resposta r\u00e1pida O sistema de controlo da v\u00e1lvula de esfera sanit\u00e1ria pneum\u00e1tica tem uma velocidade de resposta r\u00e1pida, que pode completar a a\u00e7\u00e3o de abertura ou fecho num curto espa\u00e7o de tempo. Isto faz com que a v\u00e1lvula de esfera sanit\u00e1ria pneum\u00e1tica se adapte melhor ao funcionamento a alta velocidade da linha de produ\u00e7\u00e3o e melhore a efici\u00eancia da produ\u00e7\u00e3o.<\/p>\n<p>F\u00e1cil manuten\u00e7\u00e3o e limpeza A estrutura da v\u00e1lvula de esfera sanit\u00e1ria pneum\u00e1tica \u00e9 simples e f\u00e1cil de desmontar e limpar. O design especial faz com que as partes internas da v\u00e1lvula possam ser substitu\u00eddas rapidamente,<\/p>\n<p><a href=\"http:\/\/www.hongtaivalve.com\/wp-content\/uploads\/2024\/04\/IMG_9509.jpg\"><img fetchpriority=\"high\" decoding=\"async\" class=\"wp-image-5101 aligncenter\" src=\"http:\/\/www.hongtaivalve.com\/wp-content\/uploads\/2024\/04\/IMG_9509.jpg\" alt=\"\" width=\"664\" height=\"498\" srcset=\"https:\/\/www.hongtaivalve.com\/wp-content\/uploads\/2024\/04\/IMG_9509.jpg 1024w, https:\/\/www.hongtaivalve.com\/wp-content\/uploads\/2024\/04\/IMG_9509-800x600.jpg 800w, https:\/\/www.hongtaivalve.com\/wp-content\/uploads\/2024\/04\/IMG_9509-300x225.jpg 300w, https:\/\/www.hongtaivalve.com\/wp-content\/uploads\/2024\/04\/IMG_9509-768x576.jpg 768w\" sizes=\"(max-width: 664px) 100vw, 664px\" \/><\/a><\/p>\n<p><strong>Sobre n\u00f3s<\/strong><\/p>\n<p>Na HongTai, somos especializados em v\u00e1lvulas sanit\u00e1rias de alta qualidade e acess\u00f3rios para tubos de a\u00e7o inoxid\u00e1vel, atendendo a ind\u00fastrias-chave como farmac\u00eautica, processamento de alimentos e produtos qu\u00edmicos. Fabricados em a\u00e7o inoxid\u00e1vel 304, 316 e 316L de primeira qualidade, os nossos produtos oferecem uma excelente resist\u00eancia \u00e0 corros\u00e3o e s\u00e3o fabricados utilizando t\u00e9cnicas de fabrico avan\u00e7adas, como o corte a laser e a soldadura de precis\u00e3o. Concebidas para higiene e integridade dos fluidos, as v\u00e1lvulas da HongTai s\u00e3o a escolha ideal para ind\u00fastrias que exigem uma limpeza \u00f3ptima e um desempenho duradouro.<\/p>\n<p><a href=\"https:\/\/www.hongtaivalve.com\/wp-content\/uploads\/2024\/12\/2efad8255a88820383829ce2a75fcb9-1.jpg\"><img decoding=\"async\" class=\"wp-image-5949 aligncenter\" src=\"https:\/\/www.hongtaivalve.com\/wp-content\/uploads\/2024\/12\/2efad8255a88820383829ce2a75fcb9-1.jpg\" alt=\"\" width=\"672\" height=\"435\" srcset=\"https:\/\/www.hongtaivalve.com\/wp-content\/uploads\/2024\/12\/2efad8255a88820383829ce2a75fcb9-1.jpg 985w, https:\/\/www.hongtaivalve.com\/wp-content\/uploads\/2024\/12\/2efad8255a88820383829ce2a75fcb9-1-300x194.jpg 300w, https:\/\/www.hongtaivalve.com\/wp-content\/uploads\/2024\/12\/2efad8255a88820383829ce2a75fcb9-1-768x497.jpg 768w, https:\/\/www.hongtaivalve.com\/wp-content\/uploads\/2024\/12\/2efad8255a88820383829ce2a75fcb9-1-18x12.jpg 18w, https:\/\/www.hongtaivalve.com\/wp-content\/uploads\/2024\/12\/2efad8255a88820383829ce2a75fcb9-1-800x518.jpg 800w\" sizes=\"(max-width: 672px) 100vw, 672px\" \/><\/a><\/p>\n<p>&nbsp;<\/p>\n<p><strong>Porqu\u00ea escolher-nos<\/strong><\/p>\n<p><strong>Garantia de qualidade:<\/strong> Mantemos um controlo rigoroso de todas as fases de produ\u00e7\u00e3o, desde as mat\u00e9rias-primas at\u00e9 aos produtos acabados, garantindo a conformidade com a norma ISO9001 e certifica\u00e7\u00f5es internacionais, incluindo as normas 3A, DIN e ISO.<\/p>\n<p><strong>Experi\u00eancia no sector:<\/strong> D\u00e9cadas de experi\u00eancia no fornecimento de solu\u00e7\u00f5es para ind\u00fastrias cr\u00edticas como a alimentar, a de bebidas e a farmac\u00eautica.<\/p>\n<p><strong>Tecnologia avan\u00e7ada:<\/strong> As nossas instala\u00e7\u00f5es de \u00faltima gera\u00e7\u00e3o, incluindo tornos CNC e ferramentas de precis\u00e3o regularmente actualizados, garantem uma elevada precis\u00e3o de superf\u00edcie e toler\u00e2ncias apertadas para cada produto.<\/p>\n<p><strong>100% Inspe\u00e7\u00e3o:<\/strong> Todos os produtos s\u00e3o submetidos a testes rigorosos, incluindo dete\u00e7\u00e3o de tamanho e de fugas nas v\u00e1lvulas, para garantir uma qualidade impec\u00e1vel antes de sa\u00edrem das nossas instala\u00e7\u00f5es.<\/p>\n<p><strong>Alcance global:<\/strong> Empresas de todo o mundo confiam na nossa qualidade consistente e na entrega atempada.<\/p>\n<p>Escolha a HongTai para obter fiabilidade, desempenho e inova\u00e7\u00e3o inigual\u00e1veis em solu\u00e7\u00f5es de v\u00e1lvulas e acess\u00f3rios para tubos.<\/p>\n<p>&nbsp;<\/p>\n<p><strong>Contactar-nos<\/strong><br \/>\nPara mais informa\u00e7\u00f5es ou para discutir as suas necessidades, contacte-nos atrav\u00e9s de:<br \/>\nCorreio eletr\u00f3nico: ht@htcdf.com<br \/>\nwhatsapp: (86)18875809195<br \/>\nTamb\u00e9m pode visitar o nosso <span style=\"color: #0000ff;\"><a style=\"color: #0000ff;\" href=\"https:\/\/www.hongtaivalve.com\/pt\/contact-us\/\" target=\"_blank\" rel=\"noopener\">Contactar-nos<\/a> <\/span>para mais formas de entrar em contacto.<\/p>\n<p>&nbsp;<\/p>\n<p>&nbsp;<\/p>","protected":false},"excerpt":{"rendered":"<table>\n<tbody>\n<tr>\n<td width=\"207\"><strong><b>Modelo n.<\/b><\/strong><\/td>\n<td width=\"217\">HT-BLV003<\/td>\n<td width=\"214\"><\/td>\n<td width=\"348\"><\/td>\n<\/tr>\n<tr>\n<td><strong><b>Press\u00e3o m\u00e1xima de trabalho<\/b><\/strong><\/td>\n<td>1.6mpa\/16Bars<\/td>\n<td><strong><b>Extremidade da liga\u00e7\u00e3o<\/b><\/strong><\/td>\n<td>Triclamp\/Solda\/Rosca\/Flange<\/td>\n<\/tr>\n<tr>\n<td><strong><b>Temperatura m\u00e1xima de funcionamento<\/b><\/strong><\/td>\n<td>150\u00b0C<\/td>\n<td><strong><b>Funcionamento<\/b><\/strong><\/td>\n<td>Manual, pneum\u00e1tico, el\u00e9trico<\/td>\n<\/tr>\n<tr>\n<td><strong><b>Material da carro\u00e7aria<\/b><\/strong><\/td>\n<td>SS316L,SS304<\/td>\n<td><strong><b>Material de veda\u00e7\u00e3o<\/b><\/strong><\/td>\n<td>Silicone, EPDM, Viton, PTFE ou NBR<\/td>\n<\/tr>\n<tr>\n<td><strong><b>Acabamento da superf\u00edcie interior<\/b><\/strong><\/td>\n<td>Ra 0,5<\/td>\n<td><strong><b>Acabamento da superf\u00edcie externa: <\/b><\/strong><\/td>\n<td>Ra 0,8<\/td>\n<\/tr>\n<tr>\n<td><strong><b>Especifica\u00e7\u00e3o<\/b><\/strong><\/td>\n<td>1\/2&#8243;-6&#8243;<\/td>\n<td><strong><b>Certifica\u00e7\u00e3o<\/b><\/strong><\/td>\n<td>Relat\u00f3rio de mat\u00e9rias-primas\/relat\u00f3rio de qualidade final<\/td>\n<\/tr>\n<tr>\n<td><strong><b>C\u00d3DIGO SH<\/b><\/strong><\/td>\n<td>8481804090<\/td>\n<td><strong><b>Acabamento<\/b><\/strong><\/td>\n<td>Polimento espelhado ou polimento mate<\/td>\n<\/tr>\n<tr>\n<td><strong><b>T\u00e9cnica das mat\u00e9rias-primas<\/b><\/strong><\/td>\n<td>Forjamento ou fundi\u00e7\u00e3o<\/td>\n<td><strong><b>M\u00e1quina de processamento<\/b><\/strong><\/td>\n<td>M\u00e1quina CNC LG Mazak<\/td>\n<\/tr>\n<tr>\n<td><strong><b>Norma de conce\u00e7\u00e3o<\/b><\/strong><\/td>\n<td>3A ou DIN, SMS, ISO\/IDF<\/td>\n<td><strong><b>Aplica\u00e7\u00e3o<\/b><\/strong><\/td>\n<td>Utiliza\u00e7\u00e3o industrial de alimentos ou bebidas<\/td>\n<\/tr>\n<tr>\n<td><strong><b>Pacote de transporte<\/b><\/strong><\/td>\n<td>Pl\u00e1stico espumado + caixa de madeira<\/td>\n<td><strong><b>Origem<\/b><\/strong><\/td>\n<td>Wenzhou China<\/td>\n<\/tr>\n<\/tbody>\n<\/table>","protected":false},"featured_media":5101,"comment_status":"open","ping_status":"closed","template":"","meta":[],"product_brand":[],"product_cat":[103],"product_tag":[],"class_list":{"0":"post-5095","1":"product","2":"type-product","3":"status-publish","4":"has-post-thumbnail","6":"product_cat-ball-valve","8":"first","9":"instock","10":"shipping-taxable","11":"product-type-simple"},"yoast_head":"<!-- This site is optimized with the Yoast SEO plugin v24.6 - https:\/\/yoast.com\/wordpress\/plugins\/seo\/ -->\n<title>Sanitary L\/T 3-Way Ball Valve with Tri-Clamp Connection<\/title>\n<meta name=\"description\" content=\"High-quality sanitary 3-way ball valve with L\/T shape and tri-clamp connection. Ideal for food, beverage, and pharma. Trusted by valve manufacturers.\" \/>\n<meta name=\"robots\" content=\"index, follow, max-snippet:-1, max-image-preview:large, max-video-preview:-1\" \/>\n<link rel=\"canonical\" href=\"https:\/\/www.hongtaivalve.com\/pt\/produto\/sanitary-l-or-t-shape-three-way-ball-vlave-with-triclamp-connection\/\" \/>\n<meta property=\"og:locale\" content=\"pt_PT\" \/>\n<meta property=\"og:type\" content=\"article\" \/>\n<meta property=\"og:title\" content=\"Sanitary L\/T 3-Way Ball Valve with Tri-Clamp Connection\" \/>\n<meta property=\"og:description\" content=\"High-quality sanitary 3-way ball valve with L\/T shape and tri-clamp connection. Ideal for food, beverage, and pharma. Trusted by valve manufacturers.\" \/>\n<meta property=\"og:url\" content=\"https:\/\/www.hongtaivalve.com\/pt\/produto\/sanitary-l-or-t-shape-three-way-ball-vlave-with-triclamp-connection\/\" \/>\n<meta property=\"og:site_name\" content=\"Wenzhou HongTai Fluid Equipment Co.Ltd\" \/>\n<meta property=\"article:modified_time\" content=\"2024-12-24T02:13:49+00:00\" \/>\n<meta property=\"og:image\" content=\"https:\/\/www.hongtaivalve.com\/wp-content\/uploads\/2024\/04\/IMG_9509.jpg\" \/>\n\t<meta property=\"og:image:width\" content=\"1024\" \/>\n\t<meta property=\"og:image:height\" content=\"768\" \/>\n\t<meta property=\"og:image:type\" content=\"image\/jpeg\" \/>\n<meta name=\"twitter:card\" content=\"summary_large_image\" \/>\n<meta name=\"twitter:label1\" content=\"Tempo estimado de leitura\" \/>\n\t<meta name=\"twitter:data1\" content=\"5 minutos\" \/>\n<script type=\"application\/ld+json\" class=\"yoast-schema-graph\">{\"@context\":\"https:\/\/schema.org\",\"@graph\":[{\"@type\":\"WebPage\",\"@id\":\"https:\/\/www.hongtaivalve.com\/product\/sanitary-l-or-t-shape-three-way-ball-vlave-with-triclamp-connection\/\",\"url\":\"https:\/\/www.hongtaivalve.com\/product\/sanitary-l-or-t-shape-three-way-ball-vlave-with-triclamp-connection\/\",\"name\":\"Sanitary L\/T 3-Way Ball Valve with Tri-Clamp Connection\",\"isPartOf\":{\"@id\":\"https:\/\/www.hongtaivalve.com\/#website\"},\"primaryImageOfPage\":{\"@id\":\"https:\/\/www.hongtaivalve.com\/product\/sanitary-l-or-t-shape-three-way-ball-vlave-with-triclamp-connection\/#primaryimage\"},\"image\":{\"@id\":\"https:\/\/www.hongtaivalve.com\/product\/sanitary-l-or-t-shape-three-way-ball-vlave-with-triclamp-connection\/#primaryimage\"},\"thumbnailUrl\":\"https:\/\/www.hongtaivalve.com\/wp-content\/uploads\/2024\/04\/IMG_9509.jpg\",\"datePublished\":\"2024-04-21T06:17:35+00:00\",\"dateModified\":\"2024-12-24T02:13:49+00:00\",\"description\":\"High-quality sanitary 3-way ball valve with L\/T shape and tri-clamp connection. Ideal for food, beverage, and pharma. Trusted by valve manufacturers.\",\"breadcrumb\":{\"@id\":\"https:\/\/www.hongtaivalve.com\/product\/sanitary-l-or-t-shape-three-way-ball-vlave-with-triclamp-connection\/#breadcrumb\"},\"inLanguage\":\"pt-PT\",\"potentialAction\":[{\"@type\":\"ReadAction\",\"target\":[\"https:\/\/www.hongtaivalve.com\/product\/sanitary-l-or-t-shape-three-way-ball-vlave-with-triclamp-connection\/\"]}]},{\"@type\":\"ImageObject\",\"inLanguage\":\"pt-PT\",\"@id\":\"https:\/\/www.hongtaivalve.com\/product\/sanitary-l-or-t-shape-three-way-ball-vlave-with-triclamp-connection\/#primaryimage\",\"url\":\"https:\/\/www.hongtaivalve.com\/wp-content\/uploads\/2024\/04\/IMG_9509.jpg\",\"contentUrl\":\"https:\/\/www.hongtaivalve.com\/wp-content\/uploads\/2024\/04\/IMG_9509.jpg\",\"width\":1024,\"height\":768},{\"@type\":\"BreadcrumbList\",\"@id\":\"https:\/\/www.hongtaivalve.com\/product\/sanitary-l-or-t-shape-three-way-ball-vlave-with-triclamp-connection\/#breadcrumb\",\"itemListElement\":[{\"@type\":\"ListItem\",\"position\":1,\"name\":\"\u9996\u9875\",\"item\":\"https:\/\/www.hongtaivalve.com\/\"},{\"@type\":\"ListItem\",\"position\":2,\"name\":\"Product\",\"item\":\"https:\/\/www.hongtaivalve.com\/product\/\"},{\"@type\":\"ListItem\",\"position\":3,\"name\":\"Hongtaivalve-Sanitary L or T shape ball three way ball valve size \u00a0\u03a619-133-HTV-BV010\"}]},{\"@type\":\"WebSite\",\"@id\":\"https:\/\/www.hongtaivalve.com\/#website\",\"url\":\"https:\/\/www.hongtaivalve.com\/\",\"name\":\"Wenzhou HongTai Fluid Equipment Co.Ltd\",\"description\":\"\",\"potentialAction\":[{\"@type\":\"SearchAction\",\"target\":{\"@type\":\"EntryPoint\",\"urlTemplate\":\"https:\/\/www.hongtaivalve.com\/?s={search_term_string}\"},\"query-input\":{\"@type\":\"PropertyValueSpecification\",\"valueRequired\":true,\"valueName\":\"search_term_string\"}}],\"inLanguage\":\"pt-PT\"}]}<\/script>\n<!-- \/ Yoast SEO plugin. -->","yoast_head_json":{"title":"Sanitary L\/T 3-Way Ball Valve with Tri-Clamp Connection","description":"High-quality sanitary 3-way ball valve with L\/T shape and tri-clamp connection. Ideal for food, beverage, and pharma. Trusted by valve manufacturers.","robots":{"index":"index","follow":"follow","max-snippet":"max-snippet:-1","max-image-preview":"max-image-preview:large","max-video-preview":"max-video-preview:-1"},"canonical":"https:\/\/www.hongtaivalve.com\/pt\/produto\/sanitary-l-or-t-shape-three-way-ball-vlave-with-triclamp-connection\/","og_locale":"pt_PT","og_type":"article","og_title":"Sanitary L\/T 3-Way Ball Valve with Tri-Clamp Connection","og_description":"High-quality sanitary 3-way ball valve with L\/T shape and tri-clamp connection. Ideal for food, beverage, and pharma. Trusted by valve manufacturers.","og_url":"https:\/\/www.hongtaivalve.com\/pt\/produto\/sanitary-l-or-t-shape-three-way-ball-vlave-with-triclamp-connection\/","og_site_name":"Wenzhou HongTai Fluid Equipment Co.Ltd","article_modified_time":"2024-12-24T02:13:49+00:00","og_image":[{"width":1024,"height":768,"url":"https:\/\/www.hongtaivalve.com\/wp-content\/uploads\/2024\/04\/IMG_9509.jpg","type":"image\/jpeg"}],"twitter_card":"summary_large_image","twitter_misc":{"Tempo estimado de leitura":"5 minutos"},"schema":{"@context":"https:\/\/schema.org","@graph":[{"@type":"WebPage","@id":"https:\/\/www.hongtaivalve.com\/product\/sanitary-l-or-t-shape-three-way-ball-vlave-with-triclamp-connection\/","url":"https:\/\/www.hongtaivalve.com\/product\/sanitary-l-or-t-shape-three-way-ball-vlave-with-triclamp-connection\/","name":"Sanitary L\/T 3-Way Ball Valve with Tri-Clamp Connection","isPartOf":{"@id":"https:\/\/www.hongtaivalve.com\/#website"},"primaryImageOfPage":{"@id":"https:\/\/www.hongtaivalve.com\/product\/sanitary-l-or-t-shape-three-way-ball-vlave-with-triclamp-connection\/#primaryimage"},"image":{"@id":"https:\/\/www.hongtaivalve.com\/product\/sanitary-l-or-t-shape-three-way-ball-vlave-with-triclamp-connection\/#primaryimage"},"thumbnailUrl":"https:\/\/www.hongtaivalve.com\/wp-content\/uploads\/2024\/04\/IMG_9509.jpg","datePublished":"2024-04-21T06:17:35+00:00","dateModified":"2024-12-24T02:13:49+00:00","description":"High-quality sanitary 3-way ball valve with L\/T shape and tri-clamp connection. Ideal for food, beverage, and pharma. Trusted by valve manufacturers.","breadcrumb":{"@id":"https:\/\/www.hongtaivalve.com\/product\/sanitary-l-or-t-shape-three-way-ball-vlave-with-triclamp-connection\/#breadcrumb"},"inLanguage":"pt-PT","potentialAction":[{"@type":"ReadAction","target":["https:\/\/www.hongtaivalve.com\/product\/sanitary-l-or-t-shape-three-way-ball-vlave-with-triclamp-connection\/"]}]},{"@type":"ImageObject","inLanguage":"pt-PT","@id":"https:\/\/www.hongtaivalve.com\/product\/sanitary-l-or-t-shape-three-way-ball-vlave-with-triclamp-connection\/#primaryimage","url":"https:\/\/www.hongtaivalve.com\/wp-content\/uploads\/2024\/04\/IMG_9509.jpg","contentUrl":"https:\/\/www.hongtaivalve.com\/wp-content\/uploads\/2024\/04\/IMG_9509.jpg","width":1024,"height":768},{"@type":"BreadcrumbList","@id":"https:\/\/www.hongtaivalve.com\/product\/sanitary-l-or-t-shape-three-way-ball-vlave-with-triclamp-connection\/#breadcrumb","itemListElement":[{"@type":"ListItem","position":1,"name":"\u9996\u9875","item":"https:\/\/www.hongtaivalve.com\/"},{"@type":"ListItem","position":2,"name":"Product","item":"https:\/\/www.hongtaivalve.com\/product\/"},{"@type":"ListItem","position":3,"name":"Hongtaivalve-Sanitary L or T shape ball three way ball valve size \u00a0\u03a619-133-HTV-BV010"}]},{"@type":"WebSite","@id":"https:\/\/www.hongtaivalve.com\/#website","url":"https:\/\/www.hongtaivalve.com\/","name":"Wenzhou HongTai Fluid Equipment Co.Ltd","description":"","potentialAction":[{"@type":"SearchAction","target":{"@type":"EntryPoint","urlTemplate":"https:\/\/www.hongtaivalve.com\/?s={search_term_string}"},"query-input":{"@type":"PropertyValueSpecification","valueRequired":true,"valueName":"search_term_string"}}],"inLanguage":"pt-PT"}]}},"_links":{"self":[{"href":"https:\/\/www.hongtaivalve.com\/pt\/wp-json\/wp\/v2\/product\/5095","targetHints":{"allow":["GET"]}}],"collection":[{"href":"https:\/\/www.hongtaivalve.com\/pt\/wp-json\/wp\/v2\/product"}],"about":[{"href":"https:\/\/www.hongtaivalve.com\/pt\/wp-json\/wp\/v2\/types\/product"}],"replies":[{"embeddable":true,"href":"https:\/\/www.hongtaivalve.com\/pt\/wp-json\/wp\/v2\/comments?post=5095"}],"wp:featuredmedia":[{"embeddable":true,"href":"https:\/\/www.hongtaivalve.com\/pt\/wp-json\/wp\/v2\/media\/5101"}],"wp:attachment":[{"href":"https:\/\/www.hongtaivalve.com\/pt\/wp-json\/wp\/v2\/media?parent=5095"}],"wp:term":[{"taxonomy":"product_brand","embeddable":true,"href":"https:\/\/www.hongtaivalve.com\/pt\/wp-json\/wp\/v2\/product_brand?post=5095"},{"taxonomy":"product_cat","embeddable":true,"href":"https:\/\/www.hongtaivalve.com\/pt\/wp-json\/wp\/v2\/product_cat?post=5095"},{"taxonomy":"product_tag","embeddable":true,"href":"https:\/\/www.hongtaivalve.com\/pt\/wp-json\/wp\/v2\/product_tag?post=5095"}],"curies":[{"name":"wp","href":"https:\/\/api.w.org\/{rel}","templated":true}]}}