{"id":5127,"date":"2024-04-21T11:08:41","date_gmt":"2024-04-21T11:08:41","guid":{"rendered":"http:\/\/www.hongtaivalve.com\/?post_type=product&#038;p=5127"},"modified":"2024-12-27T07:12:05","modified_gmt":"2024-12-27T07:12:05","slug":"sanitary-triclamp-condenser-tube-pipe","status":"publish","type":"product","link":"https:\/\/www.hongtaivalve.com\/pt\/produto\/sanitary-triclamp-condenser-tube-pipe\/","title":{"rendered":"HongTaivalve-Tubo de condensador triclamp sanit\u00e1rio de tamanho dn15-dn150-HTV-TP001"},"content":{"rendered":"<p>O condensador sanit\u00e1rio \u00e9 utilizado para recolher qualquer vapor limpo, vapor de alta pureza ou \u00e1gua para o sistema de distribui\u00e7\u00e3o de inje\u00e7\u00e3o. A \u00e1gua de arrefecimento \u00e9 ligada ao local atrav\u00e9s de uma liga\u00e7\u00e3o r\u00e1pida da bra\u00e7adeira. Todo o amostrador pode ser esterilizado por uma chaleira de esteriliza\u00e7\u00e3o. O produto tem as vantagens de uma estrutura compacta, alta efici\u00eancia de transfer\u00eancia de calor, f\u00e1cil limpeza e longa vida \u00fatil.<br \/>\nA maior parte do vapor de \u00e1gua na caldeira e no sistema t\u00e9rmico tem uma temperatura elevada, pelo que n\u00e3o \u00e9 f\u00e1cil de recolher amostras, nem \u00e9 f\u00e1cil de detetar, e deve ser arrefecido na amostragem, pelo que a amostra deve ser introduzida no refrigerador de amostragem para arrefecimento, e o requisito geral \u00e9 assegurar que o caudal \u00e9 de 500-700mL\/min, a amostra pode ser recolhida abaixo dos 30-40 graus. Para cumprir as normas da ind\u00fastria el\u00e9ctrica da Rep\u00fablica Popular da China DL\/T 457-91, o tubo de amostragem deve ser de a\u00e7o inoxid\u00e1vel e n\u00e3o de a\u00e7o carbono ou lat\u00e3o, de modo a evitar que o meio de amostragem seja corro\u00eddo pelo metal do tubo durante o processo de amostragem. O vapor limpo \u00e9 recolhido para an\u00e1lise laboratorial. O arrefecedor de amostragem de \u00e1gua \u00e9 adequado para a amostragem de l\u00edquidos e vapores a alta temperatura e outros meios, o arrefecedor de amostragem adopta uma estrutura de arrefecimento de superf\u00edcie do tipo tubo em espiral (vulgarmente conhecido como: tipo bobina de cobra). Os tubos de amostragem s\u00e3o feitos de tubos de a\u00e7o inoxid\u00e1vel de alta qualidade, dur\u00e1veis, resistentes \u00e0 corros\u00e3o e n\u00e3o poluentes, para evitar que a amostra seja contaminada pela corros\u00e3o do metal nos tubos durante o processo de amostragem.<\/p>\n<p>Aplica\u00e7\u00e3o do produto condensador sanit\u00e1rio<\/p>\n<p>O condensador de amostragem de vapor puro \u00e9 um condensador m\u00f3vel concebido para ser r\u00e1pido e seguro. \u00c9 utilizado para a amostragem de qualquer vapor limpo, vapor de alta pureza ou \u00e1gua para o sistema de distribui\u00e7\u00e3o de inje\u00e7\u00e3o. A \u00e1gua de arrefecimento \u00e9 ligada ao local atrav\u00e9s de uma liga\u00e7\u00e3o r\u00e1pida da bra\u00e7adeira, e todo o amostrador pode ser esterilizado atrav\u00e9s de uma chaleira de esteriliza\u00e7\u00e3o. O produto tem as vantagens de uma estrutura compacta, alta efici\u00eancia de transfer\u00eancia de calor, f\u00e1cil limpeza e longa vida \u00fatil.<\/p>\n<p>\u00cdndice t\u00e9cnico<\/p>\n<p>Condensador de amostragem de vapor puro 316L, condensador de amostragem de vapor sanit\u00e1rio, condensador de casco e tubo e outros nomes.<\/p>\n<p>Material: A\u00e7o inoxid\u00e1vel 316L.<\/p>\n<p>[Especifica\u00e7\u00f5es]: pode ser personalizado n\u00e3o-padr\u00e3o, importa\u00e7\u00e3o e exporta\u00e7\u00e3o de tubos ou tubo de vapor pode ser personalizado de acordo com o design do shell. A imagem \u00e9 de a\u00e7o inoxid\u00e1vel 316L \u03c6108 * 3 concha de tubo de a\u00e7o sem costura dentro e fora do polimento de espelho, bobina de tubo de vapor de a\u00e7o inoxid\u00e1vel 316L \u03c612.7 * 2 tubo de a\u00e7o sem costura macio, entrada e sa\u00edda \u03c612.7mm, mandril 25.4mm34MM, 50.5MM, bra\u00e7adeira de fundi\u00e7\u00e3o de precis\u00e3o de a\u00e7o inoxid\u00e1vel 316L, junta de veda\u00e7\u00e3o de borracha de silicone importada resistente a altas temperaturas, melhor desempenho. A importa\u00e7\u00e3o e exporta\u00e7\u00e3o s\u00e3o interfaces de mandril padr\u00e3o para f\u00e1cil instala\u00e7\u00e3o e conex\u00e3o r\u00e1pida.<\/p>\n<p>\u3010Campo de aplica\u00e7\u00e3o \u3011: medicina, eletr\u00f3nica, tratamento de \u00e1gua, etc. Princ\u00edpio: O refrigerador de amostragem \u00e9 adequado para a esta\u00e7\u00e3o de energia a vapor e o teste de vapor de \u00e1gua do equipamento de aquecimento, testando a qualidade do vapor de \u00e1gua no processo de resfriamento de amostragem de seguran\u00e7a.<\/p>\n<h2><span style=\"color: #ff0000;\">Instru\u00e7\u00f5es de embalagem do produto\uff1a<\/span><\/h2>\n<p>Cada produto \u00e9 primeiro embalado individualmente num saco de espuma, depois cuidadosamente colocado numa caixa de cart\u00e3o designada. Por fim, \u00e9 paletizado ou embalado num caixote de madeira para exporta\u00e7\u00e3o. Todo o processo de embalagem \u00e9 rigorosamente executado para evitar quaisquer danos durante o transporte.<\/p>\n<p><a href=\"http:\/\/www.hongtaivalve.com\/wp-content\/uploads\/2024\/04\/IMG_9128.jpg\"><img fetchpriority=\"high\" decoding=\"async\" class=\"alignnone size-full wp-image-5129\" src=\"http:\/\/www.hongtaivalve.com\/wp-content\/uploads\/2024\/04\/IMG_9128.jpg\" alt=\"\" width=\"1024\" height=\"768\" srcset=\"https:\/\/www.hongtaivalve.com\/wp-content\/uploads\/2024\/04\/IMG_9128.jpg 1024w, https:\/\/www.hongtaivalve.com\/wp-content\/uploads\/2024\/04\/IMG_9128-800x600.jpg 800w, https:\/\/www.hongtaivalve.com\/wp-content\/uploads\/2024\/04\/IMG_9128-300x225.jpg 300w, https:\/\/www.hongtaivalve.com\/wp-content\/uploads\/2024\/04\/IMG_9128-768x576.jpg 768w\" sizes=\"(max-width: 1024px) 100vw, 1024px\" \/><\/a><\/p>\n<p><strong>Sobre n\u00f3s<\/strong><\/p>\n<p>Na HongTai, somos especializados em v\u00e1lvulas sanit\u00e1rias de alta qualidade e acess\u00f3rios para tubos de a\u00e7o inoxid\u00e1vel, atendendo a ind\u00fastrias-chave como farmac\u00eautica, processamento de alimentos e produtos qu\u00edmicos. Fabricados em a\u00e7o inoxid\u00e1vel 304, 316 e 316L de primeira qualidade, os nossos produtos oferecem uma excelente resist\u00eancia \u00e0 corros\u00e3o e s\u00e3o fabricados utilizando t\u00e9cnicas de fabrico avan\u00e7adas, como o corte a laser e a soldadura de precis\u00e3o. Concebidas para higiene e integridade dos fluidos, as v\u00e1lvulas da HongTai s\u00e3o a escolha ideal para ind\u00fastrias que exigem uma limpeza \u00f3ptima e um desempenho duradouro.<\/p>\n<p><a href=\"https:\/\/www.hongtaivalve.com\/wp-content\/uploads\/2024\/12\/2efad8255a88820383829ce2a75fcb9.jpg\"><img decoding=\"async\" class=\"wp-image-5948 aligncenter\" src=\"https:\/\/www.hongtaivalve.com\/wp-content\/uploads\/2024\/12\/2efad8255a88820383829ce2a75fcb9.jpg\" alt=\"\" width=\"607\" height=\"393\" srcset=\"https:\/\/www.hongtaivalve.com\/wp-content\/uploads\/2024\/12\/2efad8255a88820383829ce2a75fcb9.jpg 985w, https:\/\/www.hongtaivalve.com\/wp-content\/uploads\/2024\/12\/2efad8255a88820383829ce2a75fcb9-300x194.jpg 300w, https:\/\/www.hongtaivalve.com\/wp-content\/uploads\/2024\/12\/2efad8255a88820383829ce2a75fcb9-768x497.jpg 768w, https:\/\/www.hongtaivalve.com\/wp-content\/uploads\/2024\/12\/2efad8255a88820383829ce2a75fcb9-18x12.jpg 18w, https:\/\/www.hongtaivalve.com\/wp-content\/uploads\/2024\/12\/2efad8255a88820383829ce2a75fcb9-800x518.jpg 800w\" sizes=\"(max-width: 607px) 100vw, 607px\" \/><\/a><\/p>\n<p><strong>Porqu\u00ea escolher-nos<\/strong><\/p>\n<p><strong>Garantia de qualidade:<\/strong>\u00a0Mantemos um controlo rigoroso de todas as fases de produ\u00e7\u00e3o, desde as mat\u00e9rias-primas at\u00e9 aos produtos acabados, garantindo a conformidade com a norma ISO9001 e certifica\u00e7\u00f5es internacionais, incluindo as normas 3A, DIN e ISO.<\/p>\n<p><strong>Experi\u00eancia no sector:<\/strong>\u00a0D\u00e9cadas de experi\u00eancia no fornecimento de solu\u00e7\u00f5es para ind\u00fastrias cr\u00edticas como a alimentar, a de bebidas e a farmac\u00eautica.<\/p>\n<p><strong>Tecnologia avan\u00e7ada:<\/strong>\u00a0As nossas instala\u00e7\u00f5es de \u00faltima gera\u00e7\u00e3o, incluindo tornos CNC e ferramentas de precis\u00e3o regularmente actualizados, garantem uma elevada precis\u00e3o de superf\u00edcie e toler\u00e2ncias apertadas para cada produto.<\/p>\n<p><strong>100% Inspe\u00e7\u00e3o:<\/strong>\u00a0Todos os produtos s\u00e3o submetidos a testes rigorosos, incluindo dete\u00e7\u00e3o de tamanho e de fugas nas v\u00e1lvulas, para garantir uma qualidade impec\u00e1vel antes de sa\u00edrem das nossas instala\u00e7\u00f5es.<\/p>\n<p><strong>Alcance global:<\/strong>\u00a0Empresas de todo o mundo confiam na nossa qualidade consistente e na entrega atempada.<\/p>\n<p>Escolha a HongTai para obter fiabilidade, desempenho e inova\u00e7\u00e3o inigual\u00e1veis em solu\u00e7\u00f5es de v\u00e1lvulas e acess\u00f3rios para tubos.<\/p>\n<p>&nbsp;<\/p>\n<p><strong>Contactar-nos<\/strong><br \/>\nPara mais informa\u00e7\u00f5es ou para discutir as suas necessidades, contacte-nos atrav\u00e9s de:<br \/>\nCorreio eletr\u00f3nico: ht@htcdf.com<br \/>\nwhatsapp: (86)18875809195<br \/>\nTamb\u00e9m pode visitar o nosso\u00a0<a href=\"https:\/\/www.hongtaivalve.com\/pt\/contact-us\/\" target=\"_blank\" rel=\"noopener\">Contactar-nos<\/a>\u00a0para mais formas de entrar em contacto.<\/p>\n<p>&nbsp;<\/p>","protected":false},"excerpt":{"rendered":"<table>\n<tbody>\n<tr>\n<td width=\"207\"><strong><b>Modelo n.<\/b><\/strong><\/td>\n<td width=\"217\">HT-CDP001<\/td>\n<td width=\"214\"><\/td>\n<td width=\"348\"><\/td>\n<\/tr>\n<tr>\n<td><strong><b>Press\u00e3o m\u00e1xima de trabalho<\/b><\/strong><\/td>\n<td>1.0mpa\/10Bars<\/td>\n<td><strong><b>Extremidade da liga\u00e7\u00e3o<\/b><\/strong><\/td>\n<td>Triclamp\/Solda\/Rosca\/Flange<\/td>\n<\/tr>\n<tr>\n<td><strong><b>Temperatura m\u00e1xima de funcionamento<\/b><\/strong><\/td>\n<td>150\u00b0C<\/td>\n<td><strong><b>Funcionamento<\/b><\/strong><\/td>\n<td>Manual, pneum\u00e1tico, el\u00e9trico<\/td>\n<\/tr>\n<tr>\n<td><strong><b>Material da carro\u00e7aria<\/b><\/strong><\/td>\n<td>SS316L,SS304<\/td>\n<td><strong><b>Material de veda\u00e7\u00e3o<\/b><\/strong><\/td>\n<td>Silicone, EPDM, Viton, PTFE ou NBR<\/td>\n<\/tr>\n<tr>\n<td><strong><b>Acabamento da superf\u00edcie interior<\/b><\/strong><\/td>\n<td>Ra 0,5<\/td>\n<td><strong><b>Acabamento da superf\u00edcie externa: <\/b><\/strong><\/td>\n<td>Ra 0,8<\/td>\n<\/tr>\n<tr>\n<td><strong><b>Especifica\u00e7\u00e3o<\/b><\/strong><\/td>\n<td>1\/2&#8243;-12&#8243;<\/td>\n<td><strong><b>Certifica\u00e7\u00e3o<\/b><\/strong><\/td>\n<td>Relat\u00f3rio de mat\u00e9rias-primas\/relat\u00f3rio de qualidade final<\/td>\n<\/tr>\n<tr>\n<td><strong><b>C\u00d3DIGO SH<\/b><\/strong><\/td>\n<td>7307290000<\/td>\n<td><strong><b>Acabamento<\/b><\/strong><\/td>\n<td>Polimento espelhado ou polimento mate<\/td>\n<\/tr>\n<tr>\n<td><strong><b>T\u00e9cnica das mat\u00e9rias-primas<\/b><\/strong><\/td>\n<td>Forjamento ou fundi\u00e7\u00e3o<\/td>\n<td><strong><b>M\u00e1quina de processamento<\/b><\/strong><\/td>\n<td>M\u00e1quina CNC LG Mazak<\/td>\n<\/tr>\n<tr>\n<td><strong><b>Norma de conce\u00e7\u00e3o<\/b><\/strong><\/td>\n<td>3A ou DIN, SMS, ISO\/IDF<\/td>\n<td><strong><b>Aplica\u00e7\u00e3o<\/b><\/strong><\/td>\n<td>Utiliza\u00e7\u00e3o industrial de alimentos ou bebidas<\/td>\n<\/tr>\n<tr>\n<td><strong><b>Pacote de transporte<\/b><\/strong><\/td>\n<td>Pl\u00e1stico espumado + caixa de madeira<\/td>\n<td><strong><b>Origem<\/b><\/strong><\/td>\n<td>Wenzhou China<\/td>\n<\/tr>\n<\/tbody>\n<\/table>","protected":false},"featured_media":5130,"comment_status":"open","ping_status":"closed","template":"","meta":[],"product_brand":[],"product_cat":[110],"product_tag":[],"class_list":{"0":"post-5127","1":"product","2":"type-product","3":"status-publish","4":"has-post-thumbnail","6":"product_cat-pipe-tube-fittings","8":"first","9":"instock","10":"shipping-taxable","11":"product-type-simple"},"yoast_head":"<!-- This site is optimized with the Yoast SEO plugin v24.6 - https:\/\/yoast.com\/wordpress\/plugins\/seo\/ -->\n<title>HongTaivalve-Sanitary triclamp condenser tube pipe-size dn15-dn150-HTV-TP001 - Wenzhou HongTai Fluid Equipment Co.Ltd<\/title>\n<meta name=\"robots\" content=\"index, follow, max-snippet:-1, max-image-preview:large, max-video-preview:-1\" \/>\n<link rel=\"canonical\" href=\"https:\/\/www.hongtaivalve.com\/pt\/produto\/sanitary-triclamp-condenser-tube-pipe\/\" \/>\n<meta property=\"og:locale\" content=\"pt_PT\" \/>\n<meta property=\"og:type\" content=\"article\" \/>\n<meta property=\"og:title\" content=\"HongTaivalve-Sanitary triclamp condenser tube pipe-size dn15-dn150-HTV-TP001 - Wenzhou HongTai Fluid Equipment Co.Ltd\" \/>\n<meta property=\"og:description\" content=\"Model No. HT-CDP001     Max Working Pressure 1.0mpa\/10Bars Connection End Triclamp\/Weld\/Thread\/Flange   Max Working Temperature 150\u00b0C Operation By Manual,Pneumatic,Electric   Body Material SS316L,SS304 Sealing Material Silicone, EPDM, Viton, PTFE, or NBR   Inner Surface finish Ra 0.5 External Surface finish:  Ra 0.8   Specification 1\/2&quot;-12&quot; Certification Raw material report\/finished quality report   HS CODE 7307290000 Finish Mirror polish or Matt polish   Raw Material technique Forging or Casting Processing Machine LG Mazak CNC Machine   Design Standard 3A or DIN,SMS,ISO\/IDF Application Food or Beverage industrial Usage   Transport Package Foamed Plastic+Wooden case Origin Wenzhou China\" \/>\n<meta property=\"og:url\" content=\"https:\/\/www.hongtaivalve.com\/pt\/produto\/sanitary-triclamp-condenser-tube-pipe\/\" \/>\n<meta property=\"og:site_name\" content=\"Wenzhou HongTai Fluid Equipment Co.Ltd\" \/>\n<meta property=\"article:modified_time\" content=\"2024-12-27T07:12:05+00:00\" \/>\n<meta property=\"og:image\" content=\"https:\/\/www.hongtaivalve.com\/wp-content\/uploads\/2024\/04\/IMG_9129.jpg\" \/>\n\t<meta property=\"og:image:width\" content=\"1024\" \/>\n\t<meta property=\"og:image:height\" content=\"768\" \/>\n\t<meta property=\"og:image:type\" content=\"image\/jpeg\" \/>\n<meta name=\"twitter:card\" content=\"summary_large_image\" \/>\n<meta name=\"twitter:label1\" content=\"Tempo estimado de leitura\" \/>\n\t<meta name=\"twitter:data1\" content=\"5 minutos\" \/>\n<script type=\"application\/ld+json\" class=\"yoast-schema-graph\">{\"@context\":\"https:\/\/schema.org\",\"@graph\":[{\"@type\":\"WebPage\",\"@id\":\"https:\/\/www.hongtaivalve.com\/product\/sanitary-triclamp-condenser-tube-pipe\/\",\"url\":\"https:\/\/www.hongtaivalve.com\/product\/sanitary-triclamp-condenser-tube-pipe\/\",\"name\":\"HongTaivalve-Sanitary triclamp condenser tube pipe-size dn15-dn150-HTV-TP001 - Wenzhou HongTai Fluid Equipment Co.Ltd\",\"isPartOf\":{\"@id\":\"https:\/\/www.hongtaivalve.com\/#website\"},\"primaryImageOfPage\":{\"@id\":\"https:\/\/www.hongtaivalve.com\/product\/sanitary-triclamp-condenser-tube-pipe\/#primaryimage\"},\"image\":{\"@id\":\"https:\/\/www.hongtaivalve.com\/product\/sanitary-triclamp-condenser-tube-pipe\/#primaryimage\"},\"thumbnailUrl\":\"https:\/\/www.hongtaivalve.com\/wp-content\/uploads\/2024\/04\/IMG_9129.jpg\",\"datePublished\":\"2024-04-21T11:08:41+00:00\",\"dateModified\":\"2024-12-27T07:12:05+00:00\",\"breadcrumb\":{\"@id\":\"https:\/\/www.hongtaivalve.com\/product\/sanitary-triclamp-condenser-tube-pipe\/#breadcrumb\"},\"inLanguage\":\"pt-PT\",\"potentialAction\":[{\"@type\":\"ReadAction\",\"target\":[\"https:\/\/www.hongtaivalve.com\/product\/sanitary-triclamp-condenser-tube-pipe\/\"]}]},{\"@type\":\"ImageObject\",\"inLanguage\":\"pt-PT\",\"@id\":\"https:\/\/www.hongtaivalve.com\/product\/sanitary-triclamp-condenser-tube-pipe\/#primaryimage\",\"url\":\"https:\/\/www.hongtaivalve.com\/wp-content\/uploads\/2024\/04\/IMG_9129.jpg\",\"contentUrl\":\"https:\/\/www.hongtaivalve.com\/wp-content\/uploads\/2024\/04\/IMG_9129.jpg\",\"width\":1024,\"height\":768},{\"@type\":\"BreadcrumbList\",\"@id\":\"https:\/\/www.hongtaivalve.com\/product\/sanitary-triclamp-condenser-tube-pipe\/#breadcrumb\",\"itemListElement\":[{\"@type\":\"ListItem\",\"position\":1,\"name\":\"\u9996\u9875\",\"item\":\"https:\/\/www.hongtaivalve.com\/\"},{\"@type\":\"ListItem\",\"position\":2,\"name\":\"Product\",\"item\":\"https:\/\/www.hongtaivalve.com\/product\/\"},{\"@type\":\"ListItem\",\"position\":3,\"name\":\"HongTaivalve-Sanitary triclamp condenser tube pipe-size dn15-dn150-HTV-TP001\"}]},{\"@type\":\"WebSite\",\"@id\":\"https:\/\/www.hongtaivalve.com\/#website\",\"url\":\"https:\/\/www.hongtaivalve.com\/\",\"name\":\"Wenzhou HongTai Fluid Equipment Co.Ltd\",\"description\":\"\",\"potentialAction\":[{\"@type\":\"SearchAction\",\"target\":{\"@type\":\"EntryPoint\",\"urlTemplate\":\"https:\/\/www.hongtaivalve.com\/?s={search_term_string}\"},\"query-input\":{\"@type\":\"PropertyValueSpecification\",\"valueRequired\":true,\"valueName\":\"search_term_string\"}}],\"inLanguage\":\"pt-PT\"}]}<\/script>\n<!-- \/ Yoast SEO plugin. -->","yoast_head_json":{"title":"HongTaivalve-Sanitary triclamp condenser tube pipe-size dn15-dn150-HTV-TP001 - Wenzhou HongTai Fluid Equipment Co.Ltd","robots":{"index":"index","follow":"follow","max-snippet":"max-snippet:-1","max-image-preview":"max-image-preview:large","max-video-preview":"max-video-preview:-1"},"canonical":"https:\/\/www.hongtaivalve.com\/pt\/produto\/sanitary-triclamp-condenser-tube-pipe\/","og_locale":"pt_PT","og_type":"article","og_title":"HongTaivalve-Sanitary triclamp condenser tube pipe-size dn15-dn150-HTV-TP001 - Wenzhou HongTai Fluid Equipment Co.Ltd","og_description":"Model No. HT-CDP001     Max Working Pressure 1.0mpa\/10Bars Connection End Triclamp\/Weld\/Thread\/Flange   Max Working Temperature 150\u00b0C Operation By Manual,Pneumatic,Electric   Body Material SS316L,SS304 Sealing Material Silicone, EPDM, Viton, PTFE, or NBR   Inner Surface finish Ra 0.5 External Surface finish:  Ra 0.8   Specification 1\/2\"-12\" Certification Raw material report\/finished quality report   HS CODE 7307290000 Finish Mirror polish or Matt polish   Raw Material technique Forging or Casting Processing Machine LG Mazak CNC Machine   Design Standard 3A or DIN,SMS,ISO\/IDF Application Food or Beverage industrial Usage   Transport Package Foamed Plastic+Wooden case Origin Wenzhou China","og_url":"https:\/\/www.hongtaivalve.com\/pt\/produto\/sanitary-triclamp-condenser-tube-pipe\/","og_site_name":"Wenzhou HongTai Fluid Equipment Co.Ltd","article_modified_time":"2024-12-27T07:12:05+00:00","og_image":[{"width":1024,"height":768,"url":"https:\/\/www.hongtaivalve.com\/wp-content\/uploads\/2024\/04\/IMG_9129.jpg","type":"image\/jpeg"}],"twitter_card":"summary_large_image","twitter_misc":{"Tempo estimado de leitura":"5 minutos"},"schema":{"@context":"https:\/\/schema.org","@graph":[{"@type":"WebPage","@id":"https:\/\/www.hongtaivalve.com\/product\/sanitary-triclamp-condenser-tube-pipe\/","url":"https:\/\/www.hongtaivalve.com\/product\/sanitary-triclamp-condenser-tube-pipe\/","name":"HongTaivalve-Sanitary triclamp condenser tube pipe-size dn15-dn150-HTV-TP001 - Wenzhou HongTai Fluid Equipment Co.Ltd","isPartOf":{"@id":"https:\/\/www.hongtaivalve.com\/#website"},"primaryImageOfPage":{"@id":"https:\/\/www.hongtaivalve.com\/product\/sanitary-triclamp-condenser-tube-pipe\/#primaryimage"},"image":{"@id":"https:\/\/www.hongtaivalve.com\/product\/sanitary-triclamp-condenser-tube-pipe\/#primaryimage"},"thumbnailUrl":"https:\/\/www.hongtaivalve.com\/wp-content\/uploads\/2024\/04\/IMG_9129.jpg","datePublished":"2024-04-21T11:08:41+00:00","dateModified":"2024-12-27T07:12:05+00:00","breadcrumb":{"@id":"https:\/\/www.hongtaivalve.com\/product\/sanitary-triclamp-condenser-tube-pipe\/#breadcrumb"},"inLanguage":"pt-PT","potentialAction":[{"@type":"ReadAction","target":["https:\/\/www.hongtaivalve.com\/product\/sanitary-triclamp-condenser-tube-pipe\/"]}]},{"@type":"ImageObject","inLanguage":"pt-PT","@id":"https:\/\/www.hongtaivalve.com\/product\/sanitary-triclamp-condenser-tube-pipe\/#primaryimage","url":"https:\/\/www.hongtaivalve.com\/wp-content\/uploads\/2024\/04\/IMG_9129.jpg","contentUrl":"https:\/\/www.hongtaivalve.com\/wp-content\/uploads\/2024\/04\/IMG_9129.jpg","width":1024,"height":768},{"@type":"BreadcrumbList","@id":"https:\/\/www.hongtaivalve.com\/product\/sanitary-triclamp-condenser-tube-pipe\/#breadcrumb","itemListElement":[{"@type":"ListItem","position":1,"name":"\u9996\u9875","item":"https:\/\/www.hongtaivalve.com\/"},{"@type":"ListItem","position":2,"name":"Product","item":"https:\/\/www.hongtaivalve.com\/product\/"},{"@type":"ListItem","position":3,"name":"HongTaivalve-Sanitary triclamp condenser tube pipe-size dn15-dn150-HTV-TP001"}]},{"@type":"WebSite","@id":"https:\/\/www.hongtaivalve.com\/#website","url":"https:\/\/www.hongtaivalve.com\/","name":"Wenzhou HongTai Fluid Equipment Co.Ltd","description":"","potentialAction":[{"@type":"SearchAction","target":{"@type":"EntryPoint","urlTemplate":"https:\/\/www.hongtaivalve.com\/?s={search_term_string}"},"query-input":{"@type":"PropertyValueSpecification","valueRequired":true,"valueName":"search_term_string"}}],"inLanguage":"pt-PT"}]}},"_links":{"self":[{"href":"https:\/\/www.hongtaivalve.com\/pt\/wp-json\/wp\/v2\/product\/5127","targetHints":{"allow":["GET"]}}],"collection":[{"href":"https:\/\/www.hongtaivalve.com\/pt\/wp-json\/wp\/v2\/product"}],"about":[{"href":"https:\/\/www.hongtaivalve.com\/pt\/wp-json\/wp\/v2\/types\/product"}],"replies":[{"embeddable":true,"href":"https:\/\/www.hongtaivalve.com\/pt\/wp-json\/wp\/v2\/comments?post=5127"}],"wp:featuredmedia":[{"embeddable":true,"href":"https:\/\/www.hongtaivalve.com\/pt\/wp-json\/wp\/v2\/media\/5130"}],"wp:attachment":[{"href":"https:\/\/www.hongtaivalve.com\/pt\/wp-json\/wp\/v2\/media?parent=5127"}],"wp:term":[{"taxonomy":"product_brand","embeddable":true,"href":"https:\/\/www.hongtaivalve.com\/pt\/wp-json\/wp\/v2\/product_brand?post=5127"},{"taxonomy":"product_cat","embeddable":true,"href":"https:\/\/www.hongtaivalve.com\/pt\/wp-json\/wp\/v2\/product_cat?post=5127"},{"taxonomy":"product_tag","embeddable":true,"href":"https:\/\/www.hongtaivalve.com\/pt\/wp-json\/wp\/v2\/product_tag?post=5127"}],"curies":[{"name":"wp","href":"https:\/\/api.w.org\/{rel}","templated":true}]}}