{"id":5165,"date":"2024-04-23T03:02:42","date_gmt":"2024-04-23T03:02:42","guid":{"rendered":"http:\/\/www.hongtaivalve.com\/?post_type=product&#038;p=5165"},"modified":"2024-12-12T08:13:17","modified_gmt":"2024-12-12T08:13:17","slug":"sanitary-pipeline-ball-shape-union-sight-glasses","status":"publish","type":"product","link":"https:\/\/www.hongtaivalve.com\/pt\/produto\/sanitary-pipeline-ball-shape-union-sight-glasses\/","title":{"rendered":"HongTaivalve-Vidros de inspe\u00e7\u00e3o da Uni\u00e3o em forma de bola para condutas sanit\u00e1rias - tamanho dn15-dn150-HTV-PB001"},"content":{"rendered":"<p>Os visores de a\u00e7o inoxid\u00e1vel s\u00e3o divididos em visores de tipo de tubagem, visores de flange e visores de tipo de uni\u00e3o, normalmente utilizados para observar a altera\u00e7\u00e3o da composi\u00e7\u00e3o, a dire\u00e7\u00e3o do fluxo de materiais e a altera\u00e7\u00e3o da cor dos materiais no tanque e na tubagem, que podem desempenhar o papel de observa\u00e7\u00e3o a qualquer momento. De acordo com as necessidades do cliente, podemos conceber um visor de uni\u00e3o com luzes e escovas de limpeza, que \u00e9 mais humanizado e est\u00e1 mais de acordo com as necessidades dos cen\u00e1rios do cliente. O modo de conex\u00e3o \u00e9 tri clamp, soldadura, conex\u00e3o de porca m\u00f3vel e conex\u00e3o de flange.<\/p>\n<p>O visor sanit\u00e1rio tamb\u00e9m \u00e9 chamado de copo de comida, copo de carregamento r\u00e1pido, etc., usado principalmente na ind\u00fastria alimentar, de emuls\u00e3o e farmac\u00eautica e outros requisitos de sa\u00fade elevados, de acordo com diferentes condi\u00e7\u00f5es, pode ser dividido em bra\u00e7adeira de grau de sa\u00fade Visor sanit\u00e1rio, parafuso de grau de sa\u00fade Visor sanit\u00e1rio, inv\u00f3lucro de grau de sa\u00fade Visor sanit\u00e1rio, etc., o material opcional da janela do visor sanit\u00e1rio da minha empresa \u00e9 dividido em vidro de borosilicato temperado, vidro de borosilicato, vidro de quartzo, etc., por favor, encomende de acordo com as necessidades reais especificamente.<\/p>\n<p>O visor de tubula\u00e7\u00e3o sanit\u00e1ria tem um tamanho de instala\u00e7\u00e3o pequeno e o torque de acionamento \u00e9 pequeno, f\u00e1cil de operar, r\u00e1pido e tamb\u00e9m tem uma boa fun\u00e7\u00e3o de regula\u00e7\u00e3o de fluxo e carater\u00edsticas de veda\u00e7\u00e3o fechada, o espelho em grande e m\u00e9dio calibre, campo de uso de m\u00e9dia e baixa press\u00e3o, \u00e9 a forma dominante do espelho. Utiliza\u00e7\u00e3o: O visor sanit\u00e1rio pode ser utilizado na torre qu\u00edmica com alta temperatura, forte corros\u00e3o, f\u00e1cil envenenamento, grande perigo e f\u00e1cil cristaliza\u00e7\u00e3o para garantir a sua produ\u00e7\u00e3o segura. Estrutura: O visor sanit\u00e1rio \u00e9 composto principalmente por placa de base do visor, visor, conjunto de v\u00e1lvulas, etc.<\/p>\n<p>&nbsp;<\/p>\n<p>M\u00e9todo de utiliza\u00e7\u00e3o<br \/>\n\u2474 Tratamento de limpeza. Antes de usar, voc\u00ea pode usar uma quantidade adequada de algod\u00e3o com \u00e1lcool na superf\u00edcie do pano leve, nota: n\u00e3o use l\u00edquido \u00e1cido para limpar, para n\u00e3o corroer a superf\u00edcie externa do vidro.<br \/>\n(2) Para escolher a junta correta. Quando a temperatura ambiente de trabalho est\u00e1 dentro dos 280 graus, pode ser utilizada uma almofada de amianto ou uma almofada de PTFE, e quando a temperatura ambiente de trabalho excede os 500 \u00b0 C, recomenda-se a junta de grafite. Nota: Quanto mais espesso for o vidro, a espessura da junta selecionada tamb\u00e9m deve ser aumentada em conformidade.<br \/>\n(3) For\u00e7ar uniformemente. N\u00e3o utilizar demasiada for\u00e7a durante a instala\u00e7\u00e3o. Recomenda-se a utiliza\u00e7\u00e3o de uma for\u00e7a uniforme para bloquear os parafusos na diagonal.<br \/>\n(4) Inspec\u00e7\u00f5es regulares. Ap\u00f3s a instala\u00e7\u00e3o do visor de vidro, \u00e9 necess\u00e1rio efetuar um trabalho de inspe\u00e7\u00e3o regular, especialmente no ambiente l\u00edquido que cont\u00e9m \u00e1cido e alcalino, mas tamb\u00e9m efetuar uma inspe\u00e7\u00e3o regular da corros\u00e3o da superf\u00edcie do vidro para garantir a seguran\u00e7a do operador da linha da frente.<\/p>\n<p>manuten\u00e7\u00e3o<br \/>\n1, o espelho retrovisor \u00e9 utilizado para observar o equipamento de rea\u00e7\u00e3o de fluxo de l\u00edquido, g\u00e1s, vapor e outros meios, o vidro da janela deve ser mantido limpo e sem p\u00f3;<br \/>\n2. O vidro da janela do espelho retrovisor \u00e9 uma pe\u00e7a danificada, pelo que deve ter cuidado ao instalar o espelho retrovisor;<br \/>\n3, deve haver juntas entre o metal para vedar e chocar<\/p>\n<p><a href=\"http:\/\/www.hongtaivalve.com\/wp-content\/uploads\/2024\/04\/IMG_9450.jpg\"><img fetchpriority=\"high\" decoding=\"async\" class=\"alignnone size-full wp-image-5169\" src=\"http:\/\/www.hongtaivalve.com\/wp-content\/uploads\/2024\/04\/IMG_9450.jpg\" alt=\"\" width=\"1024\" height=\"768\" srcset=\"https:\/\/www.hongtaivalve.com\/wp-content\/uploads\/2024\/04\/IMG_9450.jpg 1024w, https:\/\/www.hongtaivalve.com\/wp-content\/uploads\/2024\/04\/IMG_9450-800x600.jpg 800w, https:\/\/www.hongtaivalve.com\/wp-content\/uploads\/2024\/04\/IMG_9450-300x225.jpg 300w, https:\/\/www.hongtaivalve.com\/wp-content\/uploads\/2024\/04\/IMG_9450-768x576.jpg 768w\" sizes=\"(max-width: 1024px) 100vw, 1024px\" \/><\/a><\/p>","protected":false},"excerpt":{"rendered":"<table>\n<tbody>\n<tr>\n<td width=\"207\"><strong><b>Modelo n.<\/b><\/strong><\/td>\n<td width=\"217\">HT-USG002<\/td>\n<td width=\"214\"><\/td>\n<td width=\"348\"><\/td>\n<\/tr>\n<tr>\n<td><strong><b>Press\u00e3o m\u00e1xima de trabalho<\/b><\/strong><\/td>\n<td>1,5mpa\/15Bars<\/td>\n<td><strong><b>Extremidade da liga\u00e7\u00e3o<\/b><\/strong><\/td>\n<td>Triclamp\/Solda\/Rosca\/Flange<\/td>\n<\/tr>\n<tr>\n<td><strong><b>Temperatura m\u00e1xima de funcionamento<\/b><\/strong><\/td>\n<td>150\u00b0C<\/td>\n<td><strong><b>Funcionamento<\/b><\/strong><\/td>\n<td>Manual, pneum\u00e1tico, el\u00e9trico<\/td>\n<\/tr>\n<tr>\n<td><strong><b>Material da carro\u00e7aria<\/b><\/strong><\/td>\n<td>SS316L,SS304<\/td>\n<td><strong><b>Material de veda\u00e7\u00e3o<\/b><\/strong><\/td>\n<td>Silicone, EPDM, Viton, PTFE ou NBR<\/td>\n<\/tr>\n<tr>\n<td><strong><b>Acabamento da superf\u00edcie interior<\/b><\/strong><\/td>\n<td>Ra 0,5<\/td>\n<td><strong><b>Acabamento da superf\u00edcie externa: <\/b><\/strong><\/td>\n<td>Ra 0,8<\/td>\n<\/tr>\n<tr>\n<td><strong><b>Especifica\u00e7\u00e3o<\/b><\/strong><\/td>\n<td>2&#8243;-8&#8243;<\/td>\n<td><strong><b>Certifica\u00e7\u00e3o<\/b><\/strong><\/td>\n<td>Relat\u00f3rio de mat\u00e9rias-primas\/relat\u00f3rio de qualidade final<\/td>\n<\/tr>\n<tr>\n<td><strong><b>C\u00d3DIGO SH<\/b><\/strong><\/td>\n<td>8434900000<\/td>\n<td><strong><b>Acabamento<\/b><\/strong><\/td>\n<td>Polimento espelhado ou polimento mate<\/td>\n<\/tr>\n<tr>\n<td><strong><b>T\u00e9cnica das mat\u00e9rias-primas<\/b><\/strong><\/td>\n<td>Forjamento ou fundi\u00e7\u00e3o<\/td>\n<td><strong><b>M\u00e1quina de processamento<\/b><\/strong><\/td>\n<td>M\u00e1quina CNC LG Mazak<\/td>\n<\/tr>\n<tr>\n<td><strong><b>Norma de conce\u00e7\u00e3o<\/b><\/strong><\/td>\n<td>3A ou DIN, SMS, ISO\/IDF<\/td>\n<td><strong><b>Aplica\u00e7\u00e3o<\/b><\/strong><\/td>\n<td>Utiliza\u00e7\u00e3o industrial de alimentos ou bebidas<\/td>\n<\/tr>\n<tr>\n<td><strong><b>Pacote de transporte<\/b><\/strong><\/td>\n<td>Pl\u00e1stico espumado + caixa de madeira<\/td>\n<td><strong><b>Origem<\/b><\/strong><\/td>\n<td>Wenzhou China<\/td>\n<\/tr>\n<\/tbody>\n<\/table>","protected":false},"featured_media":5167,"comment_status":"open","ping_status":"closed","template":"","meta":[],"product_brand":[],"product_cat":[107],"product_tag":[],"class_list":{"0":"post-5165","1":"product","2":"type-product","3":"status-publish","4":"has-post-thumbnail","6":"product_cat-extractions-tank-accessories","8":"first","9":"instock","10":"shipping-taxable","11":"product-type-simple"},"yoast_head":"<!-- This site is optimized with the Yoast SEO plugin v24.6 - https:\/\/yoast.com\/wordpress\/plugins\/seo\/ -->\n<title>HongTaivalve-Sanitary pipeline ball shape Union sight glasses-size dn15-dn150-HTV-PB001 - Wenzhou HongTai Fluid Equipment Co.Ltd<\/title>\n<meta name=\"robots\" content=\"index, follow, max-snippet:-1, max-image-preview:large, max-video-preview:-1\" \/>\n<link rel=\"canonical\" href=\"https:\/\/www.hongtaivalve.com\/pt\/produto\/sanitary-pipeline-ball-shape-union-sight-glasses\/\" \/>\n<meta property=\"og:locale\" content=\"pt_PT\" \/>\n<meta property=\"og:type\" content=\"article\" \/>\n<meta property=\"og:title\" content=\"HongTaivalve-Sanitary pipeline ball shape Union sight glasses-size dn15-dn150-HTV-PB001 - Wenzhou HongTai Fluid Equipment Co.Ltd\" \/>\n<meta property=\"og:description\" content=\"Model No. HT-USG002     Max Working Pressure 1.5mpa\/15Bars Connection End Triclamp\/Weld\/Thread\/Flange   Max Working Temperature 150\u00b0C Operation By Manual,Pneumatic,Electric   Body Material SS316L,SS304 Sealing Material Silicone, EPDM, Viton, PTFE, or NBR   Inner Surface finish Ra 0.5 External Surface finish:  Ra 0.8   Specification 2&quot;-8&quot; Certification Raw material report\/finished quality report   HS CODE 8434900000 Finish Mirror polish or Matt polish   Raw Material technique Forging or Casting Processing Machine LG Mazak CNC Machine   Design Standard 3A or DIN,SMS,ISO\/IDF Application Food or Beverage industrial Usage   Transport Package Foamed Plastic+Wooden case Origin Wenzhou China\" \/>\n<meta property=\"og:url\" content=\"https:\/\/www.hongtaivalve.com\/pt\/produto\/sanitary-pipeline-ball-shape-union-sight-glasses\/\" \/>\n<meta property=\"og:site_name\" content=\"Wenzhou HongTai Fluid Equipment Co.Ltd\" \/>\n<meta property=\"article:modified_time\" content=\"2024-12-12T08:13:17+00:00\" \/>\n<meta property=\"og:image\" content=\"https:\/\/www.hongtaivalve.com\/wp-content\/uploads\/2024\/04\/IMG_9448.jpg\" \/>\n\t<meta property=\"og:image:width\" content=\"1024\" \/>\n\t<meta property=\"og:image:height\" content=\"768\" \/>\n\t<meta property=\"og:image:type\" content=\"image\/jpeg\" \/>\n<meta name=\"twitter:card\" content=\"summary_large_image\" \/>\n<meta name=\"twitter:label1\" content=\"Tempo estimado de leitura\" \/>\n\t<meta name=\"twitter:data1\" content=\"4 minutos\" \/>\n<script type=\"application\/ld+json\" class=\"yoast-schema-graph\">{\"@context\":\"https:\/\/schema.org\",\"@graph\":[{\"@type\":\"WebPage\",\"@id\":\"https:\/\/www.hongtaivalve.com\/product\/sanitary-pipeline-ball-shape-union-sight-glasses\/\",\"url\":\"https:\/\/www.hongtaivalve.com\/product\/sanitary-pipeline-ball-shape-union-sight-glasses\/\",\"name\":\"HongTaivalve-Sanitary pipeline ball shape Union sight glasses-size dn15-dn150-HTV-PB001 - Wenzhou HongTai Fluid Equipment Co.Ltd\",\"isPartOf\":{\"@id\":\"https:\/\/www.hongtaivalve.com\/#website\"},\"primaryImageOfPage\":{\"@id\":\"https:\/\/www.hongtaivalve.com\/product\/sanitary-pipeline-ball-shape-union-sight-glasses\/#primaryimage\"},\"image\":{\"@id\":\"https:\/\/www.hongtaivalve.com\/product\/sanitary-pipeline-ball-shape-union-sight-glasses\/#primaryimage\"},\"thumbnailUrl\":\"https:\/\/www.hongtaivalve.com\/wp-content\/uploads\/2024\/04\/IMG_9448.jpg\",\"datePublished\":\"2024-04-23T03:02:42+00:00\",\"dateModified\":\"2024-12-12T08:13:17+00:00\",\"breadcrumb\":{\"@id\":\"https:\/\/www.hongtaivalve.com\/product\/sanitary-pipeline-ball-shape-union-sight-glasses\/#breadcrumb\"},\"inLanguage\":\"pt-PT\",\"potentialAction\":[{\"@type\":\"ReadAction\",\"target\":[\"https:\/\/www.hongtaivalve.com\/product\/sanitary-pipeline-ball-shape-union-sight-glasses\/\"]}]},{\"@type\":\"ImageObject\",\"inLanguage\":\"pt-PT\",\"@id\":\"https:\/\/www.hongtaivalve.com\/product\/sanitary-pipeline-ball-shape-union-sight-glasses\/#primaryimage\",\"url\":\"https:\/\/www.hongtaivalve.com\/wp-content\/uploads\/2024\/04\/IMG_9448.jpg\",\"contentUrl\":\"https:\/\/www.hongtaivalve.com\/wp-content\/uploads\/2024\/04\/IMG_9448.jpg\",\"width\":1024,\"height\":768},{\"@type\":\"BreadcrumbList\",\"@id\":\"https:\/\/www.hongtaivalve.com\/product\/sanitary-pipeline-ball-shape-union-sight-glasses\/#breadcrumb\",\"itemListElement\":[{\"@type\":\"ListItem\",\"position\":1,\"name\":\"\u9996\u9875\",\"item\":\"https:\/\/www.hongtaivalve.com\/\"},{\"@type\":\"ListItem\",\"position\":2,\"name\":\"Product\",\"item\":\"https:\/\/www.hongtaivalve.com\/product\/\"},{\"@type\":\"ListItem\",\"position\":3,\"name\":\"HongTaivalve-Sanitary pipeline ball shape Union sight glasses-size dn15-dn150-HTV-PB001\"}]},{\"@type\":\"WebSite\",\"@id\":\"https:\/\/www.hongtaivalve.com\/#website\",\"url\":\"https:\/\/www.hongtaivalve.com\/\",\"name\":\"Wenzhou HongTai Fluid Equipment Co.Ltd\",\"description\":\"\",\"potentialAction\":[{\"@type\":\"SearchAction\",\"target\":{\"@type\":\"EntryPoint\",\"urlTemplate\":\"https:\/\/www.hongtaivalve.com\/?s={search_term_string}\"},\"query-input\":{\"@type\":\"PropertyValueSpecification\",\"valueRequired\":true,\"valueName\":\"search_term_string\"}}],\"inLanguage\":\"pt-PT\"}]}<\/script>\n<!-- \/ Yoast SEO plugin. -->","yoast_head_json":{"title":"HongTaivalve-Sanitary pipeline ball shape Union sight glasses-size dn15-dn150-HTV-PB001 - Wenzhou HongTai Fluid Equipment Co.Ltd","robots":{"index":"index","follow":"follow","max-snippet":"max-snippet:-1","max-image-preview":"max-image-preview:large","max-video-preview":"max-video-preview:-1"},"canonical":"https:\/\/www.hongtaivalve.com\/pt\/produto\/sanitary-pipeline-ball-shape-union-sight-glasses\/","og_locale":"pt_PT","og_type":"article","og_title":"HongTaivalve-Sanitary pipeline ball shape Union sight glasses-size dn15-dn150-HTV-PB001 - Wenzhou HongTai Fluid Equipment Co.Ltd","og_description":"Model No. HT-USG002     Max Working Pressure 1.5mpa\/15Bars Connection End Triclamp\/Weld\/Thread\/Flange   Max Working Temperature 150\u00b0C Operation By Manual,Pneumatic,Electric   Body Material SS316L,SS304 Sealing Material Silicone, EPDM, Viton, PTFE, or NBR   Inner Surface finish Ra 0.5 External Surface finish:  Ra 0.8   Specification 2\"-8\" Certification Raw material report\/finished quality report   HS CODE 8434900000 Finish Mirror polish or Matt polish   Raw Material technique Forging or Casting Processing Machine LG Mazak CNC Machine   Design Standard 3A or DIN,SMS,ISO\/IDF Application Food or Beverage industrial Usage   Transport Package Foamed Plastic+Wooden case Origin Wenzhou China","og_url":"https:\/\/www.hongtaivalve.com\/pt\/produto\/sanitary-pipeline-ball-shape-union-sight-glasses\/","og_site_name":"Wenzhou HongTai Fluid Equipment Co.Ltd","article_modified_time":"2024-12-12T08:13:17+00:00","og_image":[{"width":1024,"height":768,"url":"https:\/\/www.hongtaivalve.com\/wp-content\/uploads\/2024\/04\/IMG_9448.jpg","type":"image\/jpeg"}],"twitter_card":"summary_large_image","twitter_misc":{"Tempo estimado de leitura":"4 minutos"},"schema":{"@context":"https:\/\/schema.org","@graph":[{"@type":"WebPage","@id":"https:\/\/www.hongtaivalve.com\/product\/sanitary-pipeline-ball-shape-union-sight-glasses\/","url":"https:\/\/www.hongtaivalve.com\/product\/sanitary-pipeline-ball-shape-union-sight-glasses\/","name":"HongTaivalve-Sanitary pipeline ball shape Union sight glasses-size dn15-dn150-HTV-PB001 - Wenzhou HongTai Fluid Equipment Co.Ltd","isPartOf":{"@id":"https:\/\/www.hongtaivalve.com\/#website"},"primaryImageOfPage":{"@id":"https:\/\/www.hongtaivalve.com\/product\/sanitary-pipeline-ball-shape-union-sight-glasses\/#primaryimage"},"image":{"@id":"https:\/\/www.hongtaivalve.com\/product\/sanitary-pipeline-ball-shape-union-sight-glasses\/#primaryimage"},"thumbnailUrl":"https:\/\/www.hongtaivalve.com\/wp-content\/uploads\/2024\/04\/IMG_9448.jpg","datePublished":"2024-04-23T03:02:42+00:00","dateModified":"2024-12-12T08:13:17+00:00","breadcrumb":{"@id":"https:\/\/www.hongtaivalve.com\/product\/sanitary-pipeline-ball-shape-union-sight-glasses\/#breadcrumb"},"inLanguage":"pt-PT","potentialAction":[{"@type":"ReadAction","target":["https:\/\/www.hongtaivalve.com\/product\/sanitary-pipeline-ball-shape-union-sight-glasses\/"]}]},{"@type":"ImageObject","inLanguage":"pt-PT","@id":"https:\/\/www.hongtaivalve.com\/product\/sanitary-pipeline-ball-shape-union-sight-glasses\/#primaryimage","url":"https:\/\/www.hongtaivalve.com\/wp-content\/uploads\/2024\/04\/IMG_9448.jpg","contentUrl":"https:\/\/www.hongtaivalve.com\/wp-content\/uploads\/2024\/04\/IMG_9448.jpg","width":1024,"height":768},{"@type":"BreadcrumbList","@id":"https:\/\/www.hongtaivalve.com\/product\/sanitary-pipeline-ball-shape-union-sight-glasses\/#breadcrumb","itemListElement":[{"@type":"ListItem","position":1,"name":"\u9996\u9875","item":"https:\/\/www.hongtaivalve.com\/"},{"@type":"ListItem","position":2,"name":"Product","item":"https:\/\/www.hongtaivalve.com\/product\/"},{"@type":"ListItem","position":3,"name":"HongTaivalve-Sanitary pipeline ball shape Union sight glasses-size dn15-dn150-HTV-PB001"}]},{"@type":"WebSite","@id":"https:\/\/www.hongtaivalve.com\/#website","url":"https:\/\/www.hongtaivalve.com\/","name":"Wenzhou HongTai Fluid Equipment Co.Ltd","description":"","potentialAction":[{"@type":"SearchAction","target":{"@type":"EntryPoint","urlTemplate":"https:\/\/www.hongtaivalve.com\/?s={search_term_string}"},"query-input":{"@type":"PropertyValueSpecification","valueRequired":true,"valueName":"search_term_string"}}],"inLanguage":"pt-PT"}]}},"_links":{"self":[{"href":"https:\/\/www.hongtaivalve.com\/pt\/wp-json\/wp\/v2\/product\/5165","targetHints":{"allow":["GET"]}}],"collection":[{"href":"https:\/\/www.hongtaivalve.com\/pt\/wp-json\/wp\/v2\/product"}],"about":[{"href":"https:\/\/www.hongtaivalve.com\/pt\/wp-json\/wp\/v2\/types\/product"}],"replies":[{"embeddable":true,"href":"https:\/\/www.hongtaivalve.com\/pt\/wp-json\/wp\/v2\/comments?post=5165"}],"wp:featuredmedia":[{"embeddable":true,"href":"https:\/\/www.hongtaivalve.com\/pt\/wp-json\/wp\/v2\/media\/5167"}],"wp:attachment":[{"href":"https:\/\/www.hongtaivalve.com\/pt\/wp-json\/wp\/v2\/media?parent=5165"}],"wp:term":[{"taxonomy":"product_brand","embeddable":true,"href":"https:\/\/www.hongtaivalve.com\/pt\/wp-json\/wp\/v2\/product_brand?post=5165"},{"taxonomy":"product_cat","embeddable":true,"href":"https:\/\/www.hongtaivalve.com\/pt\/wp-json\/wp\/v2\/product_cat?post=5165"},{"taxonomy":"product_tag","embeddable":true,"href":"https:\/\/www.hongtaivalve.com\/pt\/wp-json\/wp\/v2\/product_tag?post=5165"}],"curies":[{"name":"wp","href":"https:\/\/api.w.org\/{rel}","templated":true}]}}