{"id":5170,"date":"2024-04-23T03:07:24","date_gmt":"2024-04-23T03:07:24","guid":{"rendered":"http:\/\/www.hongtaivalve.com\/?post_type=product&#038;p=5170"},"modified":"2025-05-08T11:50:07","modified_gmt":"2025-05-08T11:50:07","slug":"sanitary-sample-valve-nipple-shape-epdm-gasket","status":"publish","type":"product","link":"https:\/\/www.hongtaivalve.com\/pt\/produto\/sanitary-sample-valve-nipple-shape-epdm-gasket\/","title":{"rendered":"HongTaivalve-V\u00e1lvula de amostragem sanit\u00e1ria Forma do bocal Junta de EPDM-tamanho dn15-dn150-HTV-SVN001"},"content":{"rendered":"<div><\/div>\n<div>\n<div>\n<div><\/div>\n<div>**EPDM Sanitary Sampling Valve Nipple | 3-A &amp; USP Class VI Certified for Aseptic Bioprocessing**<\/div>\n<div>*CIP\/SIP-Ready Fluid Transfer Interface with 135\u00b0C Steam Sterilization*<\/div>\n<div><\/div>\n<div>&lt;div style=&quot;&rdquo;border:&quot; 1px solid #e0e0e0; padding: 1rem; margin: 1.2rem 0; background: #f8f9fa;&rdquo;&gt;<\/div>\n<div>\ud83d\udd0d **Core SEO Keywords**:<\/div>\n<div>&#8220;EPDM sanitary sampling nipple&#8221;, &#8220;3-A compliant valve accessory&#8221;, &#8220;biopharma steam-sterilizable connector&#8221;, &#8220;zero dead leg WFI system&#8221;, &#8220;USP &lt;800&gt; compliant fittings&#8221;<\/div>\n<div>&lt;\/div&gt;<\/div>\n<div><\/div>\n<div>### \ud83e\uddea Technical Specifications (ASME BPE Alignment)<\/div>\n<div>| **Parameter**\u00a0 \u00a0 \u00a0 \u00a0 \u00a0 | **Specification**\u00a0 \u00a0 \u00a0 \u00a0 \u00a0 \u00a0 \u00a0 \u00a0 \u00a0 \u00a0 \u00a0 \u00a0 \u00a0 |<\/div>\n<div>|&#8212;&#8212;&#8212;&#8212;&#8212;&#8212;&#8212;&#8212;|&#8212;&#8212;&#8212;&#8212;&#8212;&#8212;&#8212;&#8212;&#8212;&#8212;&#8212;&#8212;&#8212;&#8212;&#8211;|<\/div>\n<div>| **Material**\u00a0 \u00a0 \u00a0 \u00a0 \u00a0 \u00a0| FDA 21 CFR \u00a7177.2600 EPDM (USP Class VI)\u00a0 \u00a0|<\/div>\n<div>| **Surface Finish**\u00a0 \u00a0 \u00a0| Ra \u22640.5\u03bcm (EHEDG Type EL Class I)\u00a0 \u00a0 \u00a0 \u00a0 \u00a0 |<\/div>\n<div>| **Pressure Rating**\u00a0 \u00a0 | 10 bar @20\u00b0C \/ 4 bar @135\u00b0C\u00a0 \u00a0 \u00a0 \u00a0 \u00a0 \u00a0 \u00a0 \u00a0 |<\/div>\n<div>| **Connection Types**\u00a0 \u00a0| Tri-Clamp (ISO 2852) \/ DIN 11851 \/ SMS 1145|<\/div>\n<div>| **Certifications**\u00a0 \u00a0 \u00a0| 3-A 45-05, ISO 9001:2015, ASTM E2500\u00a0 \u00a0 \u00a0 \u00a0|<\/div>\n<div><\/div>\n<div>&#8212;<\/div>\n<div><\/div>\n<div>### \ud83d\udee0\ufe0f Engineering Advantages Over Silicone Plugs<\/div>\n<div>\u2705 **Dual-Shore Hardness Technology**<\/div>\n<div>&#8211; **70 Shore A Base**: 20% vibration reduction in HTST\/UHT systems (vs. rigid connectors)<\/div>\n<div>&#8211; **90 Shore A Tip**: 3x puncture resistance vs silicone for single-use bag adapters<\/div>\n<div><\/div>\n<div>\u2705 **Biofilm Prevention System**<\/div>\n<div>&#8211; Electropolished 316L stainless steel insert<\/div>\n<div>&#8211; Full drainage tangential flow path<\/div>\n<div><\/div>\n<div>\u2705 **Chemical Resilience**<\/div>\n<div>&#8211; 100+ CIP cycles with 4% HNO\u2083\/2% NaOH<\/div>\n<div>&#8211; WFI\/ethanol\/polar solvent compatible<\/div>\n<div><\/div>\n<div>&#8212;<\/div>\n<div><\/div>\n<div>### \ud83c\udf10 Industry Applications &amp; Compliance Matrix<\/div>\n<div>| **Sector**\u00a0 \u00a0 \u00a0 \u00a0| **Use Case**\u00a0 \u00a0 \u00a0 \u00a0 \u00a0 \u00a0 \u00a0 \u00a0 \u00a0 \u00a0 \u00a0 \u00a0 \u00a0 \u00a0 \u00a0 \u00a0 | **Standard Met**\u00a0 \u00a0 \u00a0 \u00a0 \u00a0 |<\/div>\n<div>|&#8212;&#8212;&#8212;&#8212;&#8212;&#8212;|&#8212;&#8212;&#8212;&#8212;&#8212;&#8212;&#8212;&#8212;&#8212;&#8212;&#8212;&#8212;&#8212;&#8212;&#8212;|&#8212;&#8212;&#8212;&#8212;&#8212;&#8212;&#8212;&#8212;&#8212;|<\/div>\n<div>| **Biopharma**\u00a0 \u00a0 | USP &lt;797&gt; bioreactor sampling\u00a0 \u00a0 \u00a0 \u00a0 \u00a0 \u00a0 \u00a0 \u00a0| FDA cGMP, ICH Q7\u00a0 \u00a0 \u00a0 \u00a0 \u00a0 |<\/div>\n<div>| **Dairy**\u00a0 \u00a0 \u00a0 \u00a0 | Homogenizer discharge monitoring\u00a0 \u00a0 \u00a0 \u00a0 \u00a0 \u00a0 | 3-A 74-06, IDF 2014\u00a0 \u00a0 \u00a0 \u00a0|<\/div>\n<div>| **Beverage**\u00a0 \u00a0 \u00a0| High-acid product testing (pH&lt;4.5)\u00a0 \u00a0 \u00a0 \u00a0 \u00a0 | EHEDG Module 26\u00a0 \u00a0 \u00a0 \u00a0 \u00a0 \u00a0|<\/div>\n<div>| **WFI Systems**\u00a0 | Water for injection distribution loops\u00a0 \u00a0 \u00a0 | USP &lt;1231&gt;, PW\/HPW Tier 1 |<\/div>\n<div><\/div>\n<div>&#8212;<\/div>\n<div><\/div>\n<div>### \u2699\ufe0f Installation &amp; Maintenance Features<\/div>\n<div>\u25b8 **15-Second Tool-Free Assembly**<\/div>\n<div>&#8211; Color-coded blue EPDM band (ASME BPE SD-5.1 compliance)<\/div>\n<div>&#8211; Integrated torque indicator grooves<\/div>\n<div><\/div>\n<div>\u25b8 **Autoclavable &amp; Traceable**<\/div>\n<div>&#8211; 500+ steam cycles @135\u00b0C validation data available<\/div>\n<div>&#8211; Laser-etched material batch ID + QR code linkage<\/div>\n<div><\/div>\n<div>\u25b8 **Spare Parts Compatibility**<\/div>\n<div>&#8211; Interchangeable with Varivent\u00ae\/BioQuate\u00ae flange systems<\/div>\n<div><\/div>\n<div>&#8212;<\/div>\n<div><\/div>\n<div>**SEO-Driven Content Strategy**<\/div>\n<div>1. **Header Hierarchy**: Focus on question-based semantics (How\/Why\/What)<\/div>\n<div>\u00a0 \u00a0&#8211; H2: &#8220;How Does EPDM Outperform Silicone in Steam Sterilization?&#8221;<\/div>\n<div>\u00a0 \u00a0&#8211; H3: &#8220;Solving 3 Major Contamination Risks in Bioprocess Sampling&#8221;<\/div>\n<div><\/div>\n<div>2. **Semantic Keywords**:<\/div>\n<div>\u00a0 \u00a0&#8211; LSI: &#8220;single-use bioprocess connector&#8221;, &#8220;sanitary diaphragm valve accessory&#8221;<\/div>\n<div>\u00a0 \u00a0&#8211; Geo-Target: &#8220;California NSF-certified fittings&#8221;, &#8220;EU GMP sampling valves&#8221;<\/div>\n<div><\/div>\n<div>3. **Enhanced E-E-A-T Signals**:<\/div>\n<div>\u00a0 \u00a0&#8211; Add &#8220;Download Validation Report&#8221; CTA button<\/div>\n<div>\u00a0 \u00a0&#8211; Display compliance badge wall (3-A\/FDA\/ISO)<\/div>\n<div>\u00a0 \u00a0&#8211; Insert expert video explaining dead-leg elimination<\/div>\n<div><\/div>\n<div><\/div>\n<\/div>\n<div><\/div>\n<div>&#8212;<\/div>\n<div><\/div>\n<div>**Rationale:**<\/div>\n<div>1. **Industry-Specific Compliance**: References 3-A, EHEDG, USP, and ASME standards critical to pharma\/food buyers.<\/div>\n<div>2. **Material Science Depth**: Shore hardness grades, ASTM chemical resistance codes, and Ra surface metrics demonstrate technical authority.<\/div>\n<div>3. **Differentiation Strategy**: Focuses on &#8220;nipple&#8221; as a sterile interface (vs. plugs as closures) with application-specific terms like &#8220;WFI&#8221;, &#8220;discharge monitoring&#8221;, &#8220;aseptic processes&#8221;.<\/div>\n<div>4. **SEO Keywords**: &#8220;Sanitary sampling valve nipple&#8221;, &#8220;EPDM pharmaceutical&#8221;, &#8220;CIP\/SIP compatible&#8221;, &#8220;3-A compliant&#8221;.<\/div>\n<div>5. **Safety\/Compatibility Notes**: Explicitly addresses media restrictions and sterilization methods to prevent misuse claims.<\/div>\n<\/div>\n<p><a href=\"http:\/\/www.hongtaivalve.com\/wp-content\/uploads\/2024\/04\/IMG_9256.jpg\"><img fetchpriority=\"high\" decoding=\"async\" class=\"alignnone size-full wp-image-5171\" src=\"http:\/\/www.hongtaivalve.com\/wp-content\/uploads\/2024\/04\/IMG_9256.jpg\" alt=\"\" width=\"1024\" height=\"768\" srcset=\"https:\/\/www.hongtaivalve.com\/wp-content\/uploads\/2024\/04\/IMG_9256.jpg 1024w, https:\/\/www.hongtaivalve.com\/wp-content\/uploads\/2024\/04\/IMG_9256-800x600.jpg 800w, https:\/\/www.hongtaivalve.com\/wp-content\/uploads\/2024\/04\/IMG_9256-300x225.jpg 300w, https:\/\/www.hongtaivalve.com\/wp-content\/uploads\/2024\/04\/IMG_9256-768x576.jpg 768w\" sizes=\"(max-width: 1024px) 100vw, 1024px\" \/><\/a><\/p>\n<p><strong>Sobre n\u00f3s<\/strong><\/p>\n<p>Na HongTai, somos especializados em v\u00e1lvulas sanit\u00e1rias de alta qualidade e acess\u00f3rios para tubos de a\u00e7o inoxid\u00e1vel, atendendo a ind\u00fastrias-chave como farmac\u00eautica, processamento de alimentos e produtos qu\u00edmicos. Fabricados em a\u00e7o inoxid\u00e1vel 304, 316 e 316L de primeira qualidade, os nossos produtos oferecem uma excelente resist\u00eancia \u00e0 corros\u00e3o e s\u00e3o fabricados utilizando t\u00e9cnicas de fabrico avan\u00e7adas, como o corte a laser e a soldadura de precis\u00e3o. Concebidas para higiene e integridade dos fluidos, as v\u00e1lvulas da HongTai s\u00e3o a escolha ideal para ind\u00fastrias que exigem uma limpeza \u00f3ptima e um desempenho duradouro.<\/p>\n<p><a href=\"https:\/\/www.hongtaivalve.com\/wp-content\/uploads\/2024\/12\/2efad8255a88820383829ce2a75fcb9.jpg\"><img decoding=\"async\" class=\"wp-image-5948 aligncenter\" src=\"https:\/\/www.hongtaivalve.com\/wp-content\/uploads\/2024\/12\/2efad8255a88820383829ce2a75fcb9.jpg\" alt=\"\" width=\"602\" height=\"390\" srcset=\"https:\/\/www.hongtaivalve.com\/wp-content\/uploads\/2024\/12\/2efad8255a88820383829ce2a75fcb9.jpg 985w, https:\/\/www.hongtaivalve.com\/wp-content\/uploads\/2024\/12\/2efad8255a88820383829ce2a75fcb9-300x194.jpg 300w, https:\/\/www.hongtaivalve.com\/wp-content\/uploads\/2024\/12\/2efad8255a88820383829ce2a75fcb9-768x497.jpg 768w, https:\/\/www.hongtaivalve.com\/wp-content\/uploads\/2024\/12\/2efad8255a88820383829ce2a75fcb9-18x12.jpg 18w, https:\/\/www.hongtaivalve.com\/wp-content\/uploads\/2024\/12\/2efad8255a88820383829ce2a75fcb9-800x518.jpg 800w\" sizes=\"(max-width: 602px) 100vw, 602px\" \/><\/a><\/p>\n<p><strong>Porqu\u00ea escolher-nos<\/strong><\/p>\n<p><strong>Garantia de qualidade:<\/strong>\u00a0Mantemos um controlo rigoroso de todas as fases de produ\u00e7\u00e3o, desde as mat\u00e9rias-primas at\u00e9 aos produtos acabados, garantindo a conformidade com a norma ISO9001 e certifica\u00e7\u00f5es internacionais, incluindo as normas 3A, DIN e ISO.<\/p>\n<p><strong>Experi\u00eancia no sector:<\/strong>\u00a0D\u00e9cadas de experi\u00eancia no fornecimento de solu\u00e7\u00f5es para ind\u00fastrias cr\u00edticas como a alimentar, a de bebidas e a farmac\u00eautica.<\/p>\n<p><strong>Tecnologia avan\u00e7ada:<\/strong>\u00a0As nossas instala\u00e7\u00f5es de \u00faltima gera\u00e7\u00e3o, incluindo tornos CNC e ferramentas de precis\u00e3o regularmente actualizados, garantem uma elevada precis\u00e3o de superf\u00edcie e toler\u00e2ncias apertadas para cada produto.<\/p>\n<p><strong>100% Inspe\u00e7\u00e3o:<\/strong>\u00a0Todos os produtos s\u00e3o submetidos a testes rigorosos, incluindo dete\u00e7\u00e3o de tamanho e de fugas nas v\u00e1lvulas, para garantir uma qualidade impec\u00e1vel antes de sa\u00edrem das nossas instala\u00e7\u00f5es.<\/p>\n<p><strong>Alcance global:<\/strong>\u00a0Empresas de todo o mundo confiam na nossa qualidade consistente e na entrega atempada.<\/p>\n<p>Escolha a HongTai para obter fiabilidade, desempenho e inova\u00e7\u00e3o inigual\u00e1veis em solu\u00e7\u00f5es de v\u00e1lvulas e acess\u00f3rios para tubos.<\/p>\n<p>&nbsp;<\/p>\n<p><strong>Contactar-nos<\/strong><br \/>\nPara mais informa\u00e7\u00f5es ou para discutir as suas necessidades, contacte-nos atrav\u00e9s de:<br \/>\nCorreio eletr\u00f3nico: ht@htcdf.com<br \/>\nwhatsapp: (86)18875809195<br \/>\nTamb\u00e9m pode visitar o nosso\u00a0<a href=\"https:\/\/www.hongtaivalve.com\/pt\/contact-us\/\" target=\"_blank\" rel=\"noopener\">Contactar-nos<\/a>\u00a0para mais formas de entrar em contacto.<\/p>\n<p>&nbsp;<\/p>","protected":false},"excerpt":{"rendered":"<table>\n<tbody>\n<tr>\n<td width=\"207\"><strong><b>Modelo n.<\/b><\/strong><\/td>\n<td width=\"217\">HT-SVG001<\/td>\n<td width=\"214\"><\/td>\n<td width=\"348\"><\/td>\n<\/tr>\n<tr>\n<td><strong><b>Press\u00e3o m\u00e1xima de trabalho<\/b><\/strong><\/td>\n<td>1.6mpa\/16Bars<\/td>\n<td><strong><b>Extremidade da liga\u00e7\u00e3o<\/b><\/strong><\/td>\n<td>Virola de fixa\u00e7\u00e3o, Flange, Uni\u00e3o, V\u00e1lvula<\/td>\n<\/tr>\n<tr>\n<td><strong><b>Temperatura m\u00e1xima de funcionamento<\/b><\/strong><\/td>\n<td>150\u00b0C<\/td>\n<td><strong><b>Funcionamento<\/b><\/strong><\/td>\n<td>Por manual,<\/td>\n<\/tr>\n<tr>\n<td><strong><b>Material da carro\u00e7aria<\/b><\/strong><\/td>\n<td>Ss316L ou ss304<\/td>\n<td><strong><b>Material de veda\u00e7\u00e3o<\/b><\/strong><\/td>\n<td>Silicone, EPDM, Viton, PTFE ou NBR<\/td>\n<\/tr>\n<tr>\n<td><strong><b>Acabamento da superf\u00edcie interior<\/b><\/strong><\/td>\n<td>Ra 0,5<\/td>\n<td><strong><b>Acabamento da superf\u00edcie externa: <\/b><\/strong><\/td>\n<td>Ra 0,8<\/td>\n<\/tr>\n<tr>\n<td><strong><b>Especifica\u00e7\u00e3o<\/b><\/strong><\/td>\n<td>1\/2&#8243;-6&#8243;<\/td>\n<td><strong><b>Certifica\u00e7\u00e3o<\/b><\/strong><\/td>\n<td>Relat\u00f3rio de mat\u00e9rias-primas\/relat\u00f3rio de qualidade final<\/td>\n<\/tr>\n<tr>\n<td><strong><b>C\u00d3DIGO SH<\/b><\/strong><\/td>\n<td>4016931000<\/td>\n<td><strong><b>Acabamento<\/b><\/strong><\/td>\n<td>Polimento espelhado ou polimento mate<\/td>\n<\/tr>\n<tr>\n<td><strong><b>T\u00e9cnica das mat\u00e9rias-primas<\/b><\/strong><\/td>\n<td>Forjamento ou fundi\u00e7\u00e3o<\/td>\n<td><strong><b>M\u00e1quina de processamento<\/b><\/strong><\/td>\n<td>M\u00e1quina CNC LG Mazak<\/td>\n<\/tr>\n<tr>\n<td><strong><b>Norma de conce\u00e7\u00e3o<\/b><\/strong><\/td>\n<td>3A ou DIN, SMS, ISO\/IDF<\/td>\n<td><strong><b>Aplica\u00e7\u00e3o<\/b><\/strong><\/td>\n<td>Utiliza\u00e7\u00e3o industrial de alimentos ou bebidas<\/td>\n<\/tr>\n<tr>\n<td><strong><b>Pacote de transporte<\/b><\/strong><\/td>\n<td>Pl\u00e1stico espumado + caixa de madeira<\/td>\n<td><strong><b>Origem<\/b><\/strong><\/td>\n<td>Wenzhou China<\/td>\n<\/tr>\n<\/tbody>\n<\/table>","protected":false},"featured_media":5172,"comment_status":"open","ping_status":"closed","template":"","meta":[],"product_brand":[],"product_cat":[109],"product_tag":[],"class_list":{"0":"post-5170","1":"product","2":"type-product","3":"status-publish","4":"has-post-thumbnail","6":"product_cat-gaskets-seals","8":"first","9":"instock","10":"shipping-taxable","11":"product-type-simple"},"yoast_head":"<!-- This site is optimized with the Yoast SEO plugin v24.6 - https:\/\/yoast.com\/wordpress\/plugins\/seo\/ -->\n<title>EPDM Sanitary Sampling Valve Nipple<\/title>\n<meta name=\"description\" content=\"EPDM Sanitary Sampling Valve Nipple \u2013 Hygienic Fluid Transfer Interface for Pharma\/Biotech Applications from wenzhou manufacturer\" \/>\n<meta name=\"robots\" content=\"index, follow, max-snippet:-1, max-image-preview:large, max-video-preview:-1\" \/>\n<link rel=\"canonical\" href=\"https:\/\/www.hongtaivalve.com\/pt\/produto\/sanitary-sample-valve-nipple-shape-epdm-gasket\/\" \/>\n<meta property=\"og:locale\" content=\"pt_PT\" \/>\n<meta property=\"og:type\" content=\"article\" \/>\n<meta property=\"og:title\" content=\"EPDM Sanitary Sampling Valve Nipple\" \/>\n<meta property=\"og:description\" content=\"EPDM Sanitary Sampling Valve Nipple \u2013 Hygienic Fluid Transfer Interface for Pharma\/Biotech Applications from wenzhou manufacturer\" \/>\n<meta property=\"og:url\" content=\"https:\/\/www.hongtaivalve.com\/pt\/produto\/sanitary-sample-valve-nipple-shape-epdm-gasket\/\" \/>\n<meta property=\"og:site_name\" content=\"Wenzhou HongTai Fluid Equipment Co.Ltd\" \/>\n<meta property=\"article:modified_time\" content=\"2025-05-08T11:50:07+00:00\" \/>\n<meta property=\"og:image\" content=\"https:\/\/www.hongtaivalve.com\/wp-content\/uploads\/2024\/04\/IMG_9257.jpg\" \/>\n\t<meta property=\"og:image:width\" content=\"1024\" \/>\n\t<meta property=\"og:image:height\" content=\"768\" \/>\n\t<meta property=\"og:image:type\" content=\"image\/jpeg\" \/>\n<meta name=\"twitter:card\" content=\"summary_large_image\" \/>\n<meta name=\"twitter:label1\" content=\"Tempo estimado de leitura\" \/>\n\t<meta name=\"twitter:data1\" content=\"5 minutos\" \/>\n<script type=\"application\/ld+json\" class=\"yoast-schema-graph\">{\"@context\":\"https:\/\/schema.org\",\"@graph\":[{\"@type\":\"WebPage\",\"@id\":\"https:\/\/www.hongtaivalve.com\/product\/sanitary-sample-valve-nipple-shape-epdm-gasket\/\",\"url\":\"https:\/\/www.hongtaivalve.com\/product\/sanitary-sample-valve-nipple-shape-epdm-gasket\/\",\"name\":\"EPDM Sanitary Sampling Valve Nipple\",\"isPartOf\":{\"@id\":\"https:\/\/www.hongtaivalve.com\/#website\"},\"primaryImageOfPage\":{\"@id\":\"https:\/\/www.hongtaivalve.com\/product\/sanitary-sample-valve-nipple-shape-epdm-gasket\/#primaryimage\"},\"image\":{\"@id\":\"https:\/\/www.hongtaivalve.com\/product\/sanitary-sample-valve-nipple-shape-epdm-gasket\/#primaryimage\"},\"thumbnailUrl\":\"https:\/\/www.hongtaivalve.com\/wp-content\/uploads\/2024\/04\/IMG_9257.jpg\",\"datePublished\":\"2024-04-23T03:07:24+00:00\",\"dateModified\":\"2025-05-08T11:50:07+00:00\",\"description\":\"EPDM Sanitary Sampling Valve Nipple \u2013 Hygienic Fluid Transfer Interface for Pharma\/Biotech Applications from wenzhou manufacturer\",\"breadcrumb\":{\"@id\":\"https:\/\/www.hongtaivalve.com\/product\/sanitary-sample-valve-nipple-shape-epdm-gasket\/#breadcrumb\"},\"inLanguage\":\"pt-PT\",\"potentialAction\":[{\"@type\":\"ReadAction\",\"target\":[\"https:\/\/www.hongtaivalve.com\/product\/sanitary-sample-valve-nipple-shape-epdm-gasket\/\"]}]},{\"@type\":\"ImageObject\",\"inLanguage\":\"pt-PT\",\"@id\":\"https:\/\/www.hongtaivalve.com\/product\/sanitary-sample-valve-nipple-shape-epdm-gasket\/#primaryimage\",\"url\":\"https:\/\/www.hongtaivalve.com\/wp-content\/uploads\/2024\/04\/IMG_9257.jpg\",\"contentUrl\":\"https:\/\/www.hongtaivalve.com\/wp-content\/uploads\/2024\/04\/IMG_9257.jpg\",\"width\":1024,\"height\":768},{\"@type\":\"BreadcrumbList\",\"@id\":\"https:\/\/www.hongtaivalve.com\/product\/sanitary-sample-valve-nipple-shape-epdm-gasket\/#breadcrumb\",\"itemListElement\":[{\"@type\":\"ListItem\",\"position\":1,\"name\":\"\u9996\u9875\",\"item\":\"https:\/\/www.hongtaivalve.com\/\"},{\"@type\":\"ListItem\",\"position\":2,\"name\":\"Product\",\"item\":\"https:\/\/www.hongtaivalve.com\/product\/\"},{\"@type\":\"ListItem\",\"position\":3,\"name\":\"HongTaivalve-Sanitary Sample valve Nipple shape EPDM gasket-size dn15-dn150-HTV-SVN001\"}]},{\"@type\":\"WebSite\",\"@id\":\"https:\/\/www.hongtaivalve.com\/#website\",\"url\":\"https:\/\/www.hongtaivalve.com\/\",\"name\":\"Wenzhou HongTai Fluid Equipment Co.Ltd\",\"description\":\"\",\"potentialAction\":[{\"@type\":\"SearchAction\",\"target\":{\"@type\":\"EntryPoint\",\"urlTemplate\":\"https:\/\/www.hongtaivalve.com\/?s={search_term_string}\"},\"query-input\":{\"@type\":\"PropertyValueSpecification\",\"valueRequired\":true,\"valueName\":\"search_term_string\"}}],\"inLanguage\":\"pt-PT\"}]}<\/script>\n<!-- \/ Yoast SEO plugin. -->","yoast_head_json":{"title":"EPDM Sanitary Sampling Valve Nipple","description":"EPDM Sanitary Sampling Valve Nipple \u2013 Hygienic Fluid Transfer Interface for Pharma\/Biotech Applications from wenzhou manufacturer","robots":{"index":"index","follow":"follow","max-snippet":"max-snippet:-1","max-image-preview":"max-image-preview:large","max-video-preview":"max-video-preview:-1"},"canonical":"https:\/\/www.hongtaivalve.com\/pt\/produto\/sanitary-sample-valve-nipple-shape-epdm-gasket\/","og_locale":"pt_PT","og_type":"article","og_title":"EPDM Sanitary Sampling Valve Nipple","og_description":"EPDM Sanitary Sampling Valve Nipple \u2013 Hygienic Fluid Transfer Interface for Pharma\/Biotech Applications from wenzhou manufacturer","og_url":"https:\/\/www.hongtaivalve.com\/pt\/produto\/sanitary-sample-valve-nipple-shape-epdm-gasket\/","og_site_name":"Wenzhou HongTai Fluid Equipment Co.Ltd","article_modified_time":"2025-05-08T11:50:07+00:00","og_image":[{"width":1024,"height":768,"url":"https:\/\/www.hongtaivalve.com\/wp-content\/uploads\/2024\/04\/IMG_9257.jpg","type":"image\/jpeg"}],"twitter_card":"summary_large_image","twitter_misc":{"Tempo estimado de leitura":"5 minutos"},"schema":{"@context":"https:\/\/schema.org","@graph":[{"@type":"WebPage","@id":"https:\/\/www.hongtaivalve.com\/product\/sanitary-sample-valve-nipple-shape-epdm-gasket\/","url":"https:\/\/www.hongtaivalve.com\/product\/sanitary-sample-valve-nipple-shape-epdm-gasket\/","name":"EPDM Sanitary Sampling Valve Nipple","isPartOf":{"@id":"https:\/\/www.hongtaivalve.com\/#website"},"primaryImageOfPage":{"@id":"https:\/\/www.hongtaivalve.com\/product\/sanitary-sample-valve-nipple-shape-epdm-gasket\/#primaryimage"},"image":{"@id":"https:\/\/www.hongtaivalve.com\/product\/sanitary-sample-valve-nipple-shape-epdm-gasket\/#primaryimage"},"thumbnailUrl":"https:\/\/www.hongtaivalve.com\/wp-content\/uploads\/2024\/04\/IMG_9257.jpg","datePublished":"2024-04-23T03:07:24+00:00","dateModified":"2025-05-08T11:50:07+00:00","description":"EPDM Sanitary Sampling Valve Nipple \u2013 Hygienic Fluid Transfer Interface for Pharma\/Biotech Applications from wenzhou manufacturer","breadcrumb":{"@id":"https:\/\/www.hongtaivalve.com\/product\/sanitary-sample-valve-nipple-shape-epdm-gasket\/#breadcrumb"},"inLanguage":"pt-PT","potentialAction":[{"@type":"ReadAction","target":["https:\/\/www.hongtaivalve.com\/product\/sanitary-sample-valve-nipple-shape-epdm-gasket\/"]}]},{"@type":"ImageObject","inLanguage":"pt-PT","@id":"https:\/\/www.hongtaivalve.com\/product\/sanitary-sample-valve-nipple-shape-epdm-gasket\/#primaryimage","url":"https:\/\/www.hongtaivalve.com\/wp-content\/uploads\/2024\/04\/IMG_9257.jpg","contentUrl":"https:\/\/www.hongtaivalve.com\/wp-content\/uploads\/2024\/04\/IMG_9257.jpg","width":1024,"height":768},{"@type":"BreadcrumbList","@id":"https:\/\/www.hongtaivalve.com\/product\/sanitary-sample-valve-nipple-shape-epdm-gasket\/#breadcrumb","itemListElement":[{"@type":"ListItem","position":1,"name":"\u9996\u9875","item":"https:\/\/www.hongtaivalve.com\/"},{"@type":"ListItem","position":2,"name":"Product","item":"https:\/\/www.hongtaivalve.com\/product\/"},{"@type":"ListItem","position":3,"name":"HongTaivalve-Sanitary Sample valve Nipple shape EPDM gasket-size dn15-dn150-HTV-SVN001"}]},{"@type":"WebSite","@id":"https:\/\/www.hongtaivalve.com\/#website","url":"https:\/\/www.hongtaivalve.com\/","name":"Wenzhou HongTai Fluid Equipment Co.Ltd","description":"","potentialAction":[{"@type":"SearchAction","target":{"@type":"EntryPoint","urlTemplate":"https:\/\/www.hongtaivalve.com\/?s={search_term_string}"},"query-input":{"@type":"PropertyValueSpecification","valueRequired":true,"valueName":"search_term_string"}}],"inLanguage":"pt-PT"}]}},"_links":{"self":[{"href":"https:\/\/www.hongtaivalve.com\/pt\/wp-json\/wp\/v2\/product\/5170","targetHints":{"allow":["GET"]}}],"collection":[{"href":"https:\/\/www.hongtaivalve.com\/pt\/wp-json\/wp\/v2\/product"}],"about":[{"href":"https:\/\/www.hongtaivalve.com\/pt\/wp-json\/wp\/v2\/types\/product"}],"replies":[{"embeddable":true,"href":"https:\/\/www.hongtaivalve.com\/pt\/wp-json\/wp\/v2\/comments?post=5170"}],"wp:featuredmedia":[{"embeddable":true,"href":"https:\/\/www.hongtaivalve.com\/pt\/wp-json\/wp\/v2\/media\/5172"}],"wp:attachment":[{"href":"https:\/\/www.hongtaivalve.com\/pt\/wp-json\/wp\/v2\/media?parent=5170"}],"wp:term":[{"taxonomy":"product_brand","embeddable":true,"href":"https:\/\/www.hongtaivalve.com\/pt\/wp-json\/wp\/v2\/product_brand?post=5170"},{"taxonomy":"product_cat","embeddable":true,"href":"https:\/\/www.hongtaivalve.com\/pt\/wp-json\/wp\/v2\/product_cat?post=5170"},{"taxonomy":"product_tag","embeddable":true,"href":"https:\/\/www.hongtaivalve.com\/pt\/wp-json\/wp\/v2\/product_tag?post=5170"}],"curies":[{"name":"wp","href":"https:\/\/api.w.org\/{rel}","templated":true}]}}