{"id":5206,"date":"2024-04-25T13:24:59","date_gmt":"2024-04-25T13:24:59","guid":{"rendered":"http:\/\/www.hongtaivalve.com\/?post_type=product&#038;p=5206"},"modified":"2024-12-12T08:12:01","modified_gmt":"2024-12-12T08:12:01","slug":"stainless-steel-sanitary-triclamp-bowl-reducer","status":"publish","type":"product","link":"https:\/\/www.hongtaivalve.com\/pt\/produto\/stainless-steel-sanitary-triclamp-bowl-reducer\/","title":{"rendered":"HongTaivalve - Redutor de ta\u00e7a de triclamp sanit\u00e1rio de a\u00e7o inoxid\u00e1vel - tamanho dn15-dn150-HTV-TBR001"},"content":{"rendered":"<p>O equipamento de extra\u00e7\u00e3o \u00e9 uma ferramenta utilizada para extrair e separar produtos qu\u00edmicos de uma mistura. \u00c9 amplamente utilizado nos sectores farmac\u00eautico, qu\u00edmico, alimentar e de bebidas, entre outros. O equipamento de extra\u00e7\u00e3o separa as subst\u00e2ncias qu\u00edmicas desejadas atrav\u00e9s da a\u00e7\u00e3o f\u00edsica ou qu\u00edmica da extra\u00e7\u00e3o de l\u00edquido, material em fase s\u00f3lida ou g\u00e1s.<br \/>\nO equipamento de extra\u00e7\u00e3o habitualmente utilizado inclui principalmente o destilador rotativo, o extrator por lotes, o equipamento de extra\u00e7\u00e3o em contracorrente, o extrator por ultra-sons, o extrator por micro-ondas, etc. O alambique rotativo \u00e9 um dispositivo simples e eficiente, conhecido pela sua destila\u00e7\u00e3o eficaz e pela r\u00e1pida elimina\u00e7\u00e3o de misturas. Um extrator por lotes \u00e9 um dispositivo eficiente utilizado para processar continuamente grandes quantidades de misturas. O equipamento de extra\u00e7\u00e3o em contracorrente \u00e9 um equipamento de elevada efici\u00eancia energ\u00e9tica, utilizando a tecnologia de recupera\u00e7\u00e3o de calor residual para fornecer energia de aquecimento ao equipamento. O extrator de ultra-sons faz com que as mol\u00e9culas do l\u00edquido ressoem atrav\u00e9s da a\u00e7\u00e3o mec\u00e2nica das ondas ultra-s\u00f3nicas, destruindo as suas for\u00e7as intermoleculares, de modo a conseguir uma separa\u00e7\u00e3o eficiente. O extrator de micro-ondas \u00e9 a utiliza\u00e7\u00e3o de mol\u00e9culas de micro-ondas e a mat\u00e9ria org\u00e2nica do material tem uma energia de excita\u00e7\u00e3o mais elevada do que a mol\u00e9cula para conseguir o processo de extra\u00e7\u00e3o.<\/p>\n<p>Na ind\u00fastria, o equipamento de extra\u00e7\u00e3o tem uma vasta gama de aplica\u00e7\u00f5es. A tecnologia de extra\u00e7\u00e3o pode ser utilizada para a prepara\u00e7\u00e3o de medicamentos, extra\u00e7\u00e3o de produtos naturais, separa\u00e7\u00e3o de compostos org\u00e2nicos e impurezas aquosas. Por exemplo, no dom\u00ednio farmac\u00eautico, o equipamento de extra\u00e7\u00e3o \u00e9 amplamente utilizado na extra\u00e7\u00e3o de ingredientes activos, na prepara\u00e7\u00e3o de medicamentos purificados e na an\u00e1lise de medicamentos. Na ind\u00fastria qu\u00edmica, o equipamento de extra\u00e7\u00e3o \u00e9 utilizado para preparar materiais espec\u00edficos e purificar produtos qu\u00edmicos. Na ind\u00fastria alimentar e de bebidas, o equipamento de extra\u00e7\u00e3o pode ser utilizado para extrair cores naturais, fragr\u00e2ncias e outros nutrientes.<br \/>\nO equipamento de extra\u00e7\u00e3o desempenha um papel importante na melhoria da qualidade dos produtos, na redu\u00e7\u00e3o dos custos e na melhoria da efici\u00eancia da produ\u00e7\u00e3o. Devido \u00e0 sua elevada efici\u00eancia, fiabilidade, prote\u00e7\u00e3o ambiental e outras carater\u00edsticas, o equipamento de extra\u00e7\u00e3o continuar\u00e1 a ser uma ferramenta importante para v\u00e1rias ind\u00fastrias melhorarem o n\u00edvel t\u00e9cnico e a qualidade dos produtos.<\/p>\n<p>As bobinas de a\u00e7o inoxid\u00e1vel sanit\u00e1rio s\u00e3o comprimentos de tubos pr\u00e9-fabricados<br \/>\ncom extremidades de conex\u00e3o Tri Clamp adicionadas para maior conveni\u00eancia. Quando combinadas com outras conex\u00f5es, bra\u00e7adeiras e juntas Tri Clamp, as bobinas sanit\u00e1rias podem construir uma linha de processo sem a necessidade de soldagem e fabrica\u00e7\u00e3o no local, e com uma economia de tempo consider\u00e1vel. As bobinas Tri Clamp tamb\u00e9m t\u00eam a vantagem adicional de serem menos permanentes do que os tubos soldados e podem ser facilmente desmontadas, movidas ou remontadas numa configura\u00e7\u00e3o diferente. A versatilidade e a poupan\u00e7a de custos dos tubos em carretel pr\u00e9-fabricados fazem deles uma solu\u00e7\u00e3o popular para as necessidades de tubagem.<\/p>\n<p>V\u00e1lvula de esfera de passagem completa de 3\/8\u2033 FNPT de 3 pe\u00e7as<\/p>\n<p>V\u00e1lvula de esfera de passagem completa de 3 pe\u00e7as 1\/4\u2033 FNPT<\/p>\n<p>v\u00e1lvula de esfera encapsulada de 2\u2033<\/p>\n<p>v\u00e1lvula de esfera encapsulada de 1,5<\/p>\n<p>Janelas de fluxo de vis\u00e3o sanit\u00e1ria de parede pesada de 2\u2033 em linha<br \/>\n(vidro de 9 mm de espessura com vedante de viton)<\/p>\n<p>Janelas de fluxo de vis\u00e3o sanit\u00e1ria de parede pesada de 3\u2033 em linha<br \/>\n(vidro de 9 mm de espessura com vedante de viton)<\/p>\n<p>Janelas de fluxo de vis\u00e3o sanit\u00e1ria de parede pesada de 10\u2033 em linha<br \/>\n(vidro de 9 mm de espessura com vedante de viton)<\/p>\n<p>Junta de PTFE<\/p>\n<p>Junta de Viton<\/p>\n<p>Tri-Clamp de alta press\u00e3o<\/p>\n<p>Bra\u00e7adeira de montagem<\/p>\n<p>Junta de Viton 40mesh ou100mesh<\/p>\n<p>Junta de PTFE 10mesh ou 100mesh<\/p>\n<p>Tampa arredondada de 10\" com janelas de visualiza\u00e7\u00e3o<\/p>\n<p>Carretel Sanit\u00e1rio Tri-Clamp de 3 \"x12\"<\/p>\n<p>Carretel sanit\u00e1rio de tr\u00eas bra\u00e7adeiras com manga de 3 \"x36<\/p>\n<p>Bra\u00e7adeira de pino simples de 2\"<\/p>\n<p>Tampa de esfera de pulveriza\u00e7\u00e3o de 3<\/p>\n<p>Vaso Buchner de 8 \"x24<\/p>\n<p>Tampa plana de 2\" (tampa da extremidade?)<\/p>\n<p>Redutor de cuba<\/p>\n<p>Pilha de filtros<\/p>\n<p>Tampa redonda com orif\u00edcio central de 3\/8 MNPT<\/p>\n<p>Forma de U de 3 vias<\/p>\n<p>Fundo soldado sem soldadura de 4\" x 2\"<\/p>\n<p>Base revestida<br \/>\nc\/ porta de entrada e sa\u00edda de 3\/8 FNPT<\/p>\n<p>Tampa arredondada de 12\" com virola central de 6<\/p>\n<p>Tampa arredondada com visor de x2 3\/4\",<br \/>\nVirola central de 1\" que mergulha 3\" abaixo da tampa, x2 orif\u00edcios MNPT de 3\/8\", x2 orif\u00edcios FNPT de 1\/4<\/p>\n<p>Suporte de tubos com borracha azul 1\/2FNPT<\/p>\n<p>Tampa arredondada de 4\u2033 com porta central de 3\/8MNPT<\/p>\n<p>Dep\u00f3sito de solvente encamisado de 25 lb<\/p>\n<p>Tanque de solvente de 50 lb<\/p>\n<p>Tanque de solvente de 100 lb<\/p>\n<p><a href=\"http:\/\/www.hongtaivalve.com\/wp-content\/uploads\/2024\/04\/IMG_9189.jpg\"><img fetchpriority=\"high\" decoding=\"async\" class=\"alignnone size-full wp-image-5210\" src=\"http:\/\/www.hongtaivalve.com\/wp-content\/uploads\/2024\/04\/IMG_9189.jpg\" alt=\"\" width=\"1024\" height=\"768\" srcset=\"https:\/\/www.hongtaivalve.com\/wp-content\/uploads\/2024\/04\/IMG_9189.jpg 1024w, https:\/\/www.hongtaivalve.com\/wp-content\/uploads\/2024\/04\/IMG_9189-800x600.jpg 800w, https:\/\/www.hongtaivalve.com\/wp-content\/uploads\/2024\/04\/IMG_9189-300x225.jpg 300w, https:\/\/www.hongtaivalve.com\/wp-content\/uploads\/2024\/04\/IMG_9189-768x576.jpg 768w\" sizes=\"(max-width: 1024px) 100vw, 1024px\" \/><\/a><\/p>","protected":false},"excerpt":{"rendered":"<table>\n<tbody>\n<tr>\n<td width=\"207\"><strong><b>Modelo n.<\/b><\/strong><\/td>\n<td width=\"217\">HT-RED001<\/td>\n<td width=\"214\"><\/td>\n<td width=\"348\"><\/td>\n<\/tr>\n<tr>\n<td><strong><b>Press\u00e3o m\u00e1xima de trabalho<\/b><\/strong><\/td>\n<td>1.0mpa\/10Bars<\/td>\n<td><strong><b>Extremidade da liga\u00e7\u00e3o<\/b><\/strong><\/td>\n<td>Triclamp\/Solda\/Rosca\/Flange<\/td>\n<\/tr>\n<tr>\n<td><strong><b>Temperatura m\u00e1xima de funcionamento<\/b><\/strong><\/td>\n<td>120\u00b0C<\/td>\n<td><strong><b>Funcionamento<\/b><\/strong><\/td>\n<td>Manual, pneum\u00e1tico, el\u00e9trico<\/td>\n<\/tr>\n<tr>\n<td><strong><b>Material da carro\u00e7aria<\/b><\/strong><\/td>\n<td>SS316L,SS304<\/td>\n<td><strong><b>Material de veda\u00e7\u00e3o<\/b><\/strong><\/td>\n<td>Silicone, EPDM, Viton, PTFE ou NBR<\/td>\n<\/tr>\n<tr>\n<td><strong><b>Acabamento da superf\u00edcie interior<\/b><\/strong><\/td>\n<td>Ra 0,5\u03bcm<\/td>\n<td><strong><b>Acabamento da superf\u00edcie externa: <\/b><\/strong><\/td>\n<td>Ra 0,8\u03bcm<\/td>\n<\/tr>\n<tr>\n<td><strong><b>Especifica\u00e7\u00e3o<\/b><\/strong><\/td>\n<td>1\/2&#8243;-12&#8243;<\/td>\n<td><strong><b>Certifica\u00e7\u00e3o<\/b><\/strong><\/td>\n<td>Relat\u00f3rio de mat\u00e9rias-primas\/relat\u00f3rio de qualidade final<\/td>\n<\/tr>\n<tr>\n<td><strong><b>C\u00d3DIGO SH<\/b><\/strong><\/td>\n<td>7307290000<\/td>\n<td><strong><b>Acabamento<\/b><\/strong><\/td>\n<td>Polimento espelhado ou polimento mate<\/td>\n<\/tr>\n<tr>\n<td><strong><b>T\u00e9cnica das mat\u00e9rias-primas<\/b><\/strong><\/td>\n<td>Forjamento ou fundi\u00e7\u00e3o<\/td>\n<td><strong><b>M\u00e1quina de processamento<\/b><\/strong><\/td>\n<td>M\u00e1quina CNC LG Mazak<\/td>\n<\/tr>\n<tr>\n<td><strong><b>Norma de conce\u00e7\u00e3o<\/b><\/strong><\/td>\n<td>3A ou DIN, SMS, ISO\/IDF<\/td>\n<td><strong><b>Aplica\u00e7\u00e3o<\/b><\/strong><\/td>\n<td>Utiliza\u00e7\u00e3o industrial de alimentos ou bebidas<\/td>\n<\/tr>\n<tr>\n<td><strong><b>Pacote de transporte<\/b><\/strong><\/td>\n<td>Pl\u00e1stico espumado + caixa de madeira<\/td>\n<td><strong><b>Origem<\/b><\/strong><\/td>\n<td>Wenzhou China<\/td>\n<\/tr>\n<\/tbody>\n<\/table>","protected":false},"featured_media":5209,"comment_status":"open","ping_status":"closed","template":"","meta":[],"product_brand":[],"product_cat":[107],"product_tag":[],"class_list":{"0":"post-5206","1":"product","2":"type-product","3":"status-publish","4":"has-post-thumbnail","6":"product_cat-extractions-tank-accessories","8":"first","9":"instock","10":"shipping-taxable","11":"product-type-simple"},"yoast_head":"<!-- This site is optimized with the Yoast SEO plugin v24.6 - https:\/\/yoast.com\/wordpress\/plugins\/seo\/ -->\n<title>HongTaivalve-Stainless steel Sanitary triclamp bowl reducer-size dn15-dn150-HTV-TBR001 - Wenzhou HongTai Fluid Equipment Co.Ltd<\/title>\n<meta name=\"robots\" content=\"index, follow, max-snippet:-1, max-image-preview:large, max-video-preview:-1\" \/>\n<link rel=\"canonical\" href=\"https:\/\/www.hongtaivalve.com\/pt\/produto\/stainless-steel-sanitary-triclamp-bowl-reducer\/\" \/>\n<meta property=\"og:locale\" content=\"pt_PT\" \/>\n<meta property=\"og:type\" content=\"article\" \/>\n<meta property=\"og:title\" content=\"HongTaivalve-Stainless steel Sanitary triclamp bowl reducer-size dn15-dn150-HTV-TBR001 - Wenzhou HongTai Fluid Equipment Co.Ltd\" \/>\n<meta property=\"og:description\" content=\"Model No. HT-RED001     Max Working Pressure 1.0mpa\/10Bars Connection End Triclamp\/Weld\/Thread\/Flange   Max Working Temperature 120\u00b0C Operation By Manual,Pneumatic,Electric   Body Material SS316L,SS304 Sealing Material Silicone, EPDM, Viton, PTFE, or NBR   Inner Surface finish Ra 0.5\u03bcm External Surface finish:  Ra 0.8\u03bcm   Specification 1\/2&quot;-12&quot; Certification Raw material report\/finished quality report   HS CODE 7307290000 Finish Mirror polish or Matt polish   Raw Material technique Forging or Casting Processing Machine LG Mazak CNC Machine   Design Standard 3A or DIN,SMS,ISO\/IDF Application Food or Beverage industrial Usage   Transport Package Foamed Plastic+Wooden case Origin Wenzhou China\" \/>\n<meta property=\"og:url\" content=\"https:\/\/www.hongtaivalve.com\/pt\/produto\/stainless-steel-sanitary-triclamp-bowl-reducer\/\" \/>\n<meta property=\"og:site_name\" content=\"Wenzhou HongTai Fluid Equipment Co.Ltd\" \/>\n<meta property=\"article:modified_time\" content=\"2024-12-12T08:12:01+00:00\" \/>\n<meta property=\"og:image\" content=\"https:\/\/www.hongtaivalve.com\/wp-content\/uploads\/2024\/04\/IMG_9188.jpg\" \/>\n\t<meta property=\"og:image:width\" content=\"1024\" \/>\n\t<meta property=\"og:image:height\" content=\"768\" \/>\n\t<meta property=\"og:image:type\" content=\"image\/jpeg\" \/>\n<meta name=\"twitter:card\" content=\"summary_large_image\" \/>\n<meta name=\"twitter:label1\" content=\"Tempo estimado de leitura\" \/>\n\t<meta name=\"twitter:data1\" content=\"4 minutos\" \/>\n<script type=\"application\/ld+json\" class=\"yoast-schema-graph\">{\"@context\":\"https:\/\/schema.org\",\"@graph\":[{\"@type\":\"WebPage\",\"@id\":\"https:\/\/www.hongtaivalve.com\/product\/stainless-steel-sanitary-triclamp-bowl-reducer\/\",\"url\":\"https:\/\/www.hongtaivalve.com\/product\/stainless-steel-sanitary-triclamp-bowl-reducer\/\",\"name\":\"HongTaivalve-Stainless steel Sanitary triclamp bowl reducer-size dn15-dn150-HTV-TBR001 - Wenzhou HongTai Fluid Equipment Co.Ltd\",\"isPartOf\":{\"@id\":\"https:\/\/www.hongtaivalve.com\/#website\"},\"primaryImageOfPage\":{\"@id\":\"https:\/\/www.hongtaivalve.com\/product\/stainless-steel-sanitary-triclamp-bowl-reducer\/#primaryimage\"},\"image\":{\"@id\":\"https:\/\/www.hongtaivalve.com\/product\/stainless-steel-sanitary-triclamp-bowl-reducer\/#primaryimage\"},\"thumbnailUrl\":\"https:\/\/www.hongtaivalve.com\/wp-content\/uploads\/2024\/04\/IMG_9188.jpg\",\"datePublished\":\"2024-04-25T13:24:59+00:00\",\"dateModified\":\"2024-12-12T08:12:01+00:00\",\"breadcrumb\":{\"@id\":\"https:\/\/www.hongtaivalve.com\/product\/stainless-steel-sanitary-triclamp-bowl-reducer\/#breadcrumb\"},\"inLanguage\":\"pt-PT\",\"potentialAction\":[{\"@type\":\"ReadAction\",\"target\":[\"https:\/\/www.hongtaivalve.com\/product\/stainless-steel-sanitary-triclamp-bowl-reducer\/\"]}]},{\"@type\":\"ImageObject\",\"inLanguage\":\"pt-PT\",\"@id\":\"https:\/\/www.hongtaivalve.com\/product\/stainless-steel-sanitary-triclamp-bowl-reducer\/#primaryimage\",\"url\":\"https:\/\/www.hongtaivalve.com\/wp-content\/uploads\/2024\/04\/IMG_9188.jpg\",\"contentUrl\":\"https:\/\/www.hongtaivalve.com\/wp-content\/uploads\/2024\/04\/IMG_9188.jpg\",\"width\":1024,\"height\":768},{\"@type\":\"BreadcrumbList\",\"@id\":\"https:\/\/www.hongtaivalve.com\/product\/stainless-steel-sanitary-triclamp-bowl-reducer\/#breadcrumb\",\"itemListElement\":[{\"@type\":\"ListItem\",\"position\":1,\"name\":\"\u9996\u9875\",\"item\":\"https:\/\/www.hongtaivalve.com\/\"},{\"@type\":\"ListItem\",\"position\":2,\"name\":\"Product\",\"item\":\"https:\/\/www.hongtaivalve.com\/product\/\"},{\"@type\":\"ListItem\",\"position\":3,\"name\":\"HongTaivalve-Stainless steel Sanitary triclamp bowl reducer-size dn15-dn150-HTV-TBR001\"}]},{\"@type\":\"WebSite\",\"@id\":\"https:\/\/www.hongtaivalve.com\/#website\",\"url\":\"https:\/\/www.hongtaivalve.com\/\",\"name\":\"Wenzhou HongTai Fluid Equipment Co.Ltd\",\"description\":\"\",\"potentialAction\":[{\"@type\":\"SearchAction\",\"target\":{\"@type\":\"EntryPoint\",\"urlTemplate\":\"https:\/\/www.hongtaivalve.com\/?s={search_term_string}\"},\"query-input\":{\"@type\":\"PropertyValueSpecification\",\"valueRequired\":true,\"valueName\":\"search_term_string\"}}],\"inLanguage\":\"pt-PT\"}]}<\/script>\n<!-- \/ Yoast SEO plugin. -->","yoast_head_json":{"title":"HongTaivalve-Stainless steel Sanitary triclamp bowl reducer-size dn15-dn150-HTV-TBR001 - Wenzhou HongTai Fluid Equipment Co.Ltd","robots":{"index":"index","follow":"follow","max-snippet":"max-snippet:-1","max-image-preview":"max-image-preview:large","max-video-preview":"max-video-preview:-1"},"canonical":"https:\/\/www.hongtaivalve.com\/pt\/produto\/stainless-steel-sanitary-triclamp-bowl-reducer\/","og_locale":"pt_PT","og_type":"article","og_title":"HongTaivalve-Stainless steel Sanitary triclamp bowl reducer-size dn15-dn150-HTV-TBR001 - Wenzhou HongTai Fluid Equipment Co.Ltd","og_description":"Model No. HT-RED001     Max Working Pressure 1.0mpa\/10Bars Connection End Triclamp\/Weld\/Thread\/Flange   Max Working Temperature 120\u00b0C Operation By Manual,Pneumatic,Electric   Body Material SS316L,SS304 Sealing Material Silicone, EPDM, Viton, PTFE, or NBR   Inner Surface finish Ra 0.5\u03bcm External Surface finish:  Ra 0.8\u03bcm   Specification 1\/2\"-12\" Certification Raw material report\/finished quality report   HS CODE 7307290000 Finish Mirror polish or Matt polish   Raw Material technique Forging or Casting Processing Machine LG Mazak CNC Machine   Design Standard 3A or DIN,SMS,ISO\/IDF Application Food or Beverage industrial Usage   Transport Package Foamed Plastic+Wooden case Origin Wenzhou China","og_url":"https:\/\/www.hongtaivalve.com\/pt\/produto\/stainless-steel-sanitary-triclamp-bowl-reducer\/","og_site_name":"Wenzhou HongTai Fluid Equipment Co.Ltd","article_modified_time":"2024-12-12T08:12:01+00:00","og_image":[{"width":1024,"height":768,"url":"https:\/\/www.hongtaivalve.com\/wp-content\/uploads\/2024\/04\/IMG_9188.jpg","type":"image\/jpeg"}],"twitter_card":"summary_large_image","twitter_misc":{"Tempo estimado de leitura":"4 minutos"},"schema":{"@context":"https:\/\/schema.org","@graph":[{"@type":"WebPage","@id":"https:\/\/www.hongtaivalve.com\/product\/stainless-steel-sanitary-triclamp-bowl-reducer\/","url":"https:\/\/www.hongtaivalve.com\/product\/stainless-steel-sanitary-triclamp-bowl-reducer\/","name":"HongTaivalve-Stainless steel Sanitary triclamp bowl reducer-size dn15-dn150-HTV-TBR001 - Wenzhou HongTai Fluid Equipment Co.Ltd","isPartOf":{"@id":"https:\/\/www.hongtaivalve.com\/#website"},"primaryImageOfPage":{"@id":"https:\/\/www.hongtaivalve.com\/product\/stainless-steel-sanitary-triclamp-bowl-reducer\/#primaryimage"},"image":{"@id":"https:\/\/www.hongtaivalve.com\/product\/stainless-steel-sanitary-triclamp-bowl-reducer\/#primaryimage"},"thumbnailUrl":"https:\/\/www.hongtaivalve.com\/wp-content\/uploads\/2024\/04\/IMG_9188.jpg","datePublished":"2024-04-25T13:24:59+00:00","dateModified":"2024-12-12T08:12:01+00:00","breadcrumb":{"@id":"https:\/\/www.hongtaivalve.com\/product\/stainless-steel-sanitary-triclamp-bowl-reducer\/#breadcrumb"},"inLanguage":"pt-PT","potentialAction":[{"@type":"ReadAction","target":["https:\/\/www.hongtaivalve.com\/product\/stainless-steel-sanitary-triclamp-bowl-reducer\/"]}]},{"@type":"ImageObject","inLanguage":"pt-PT","@id":"https:\/\/www.hongtaivalve.com\/product\/stainless-steel-sanitary-triclamp-bowl-reducer\/#primaryimage","url":"https:\/\/www.hongtaivalve.com\/wp-content\/uploads\/2024\/04\/IMG_9188.jpg","contentUrl":"https:\/\/www.hongtaivalve.com\/wp-content\/uploads\/2024\/04\/IMG_9188.jpg","width":1024,"height":768},{"@type":"BreadcrumbList","@id":"https:\/\/www.hongtaivalve.com\/product\/stainless-steel-sanitary-triclamp-bowl-reducer\/#breadcrumb","itemListElement":[{"@type":"ListItem","position":1,"name":"\u9996\u9875","item":"https:\/\/www.hongtaivalve.com\/"},{"@type":"ListItem","position":2,"name":"Product","item":"https:\/\/www.hongtaivalve.com\/product\/"},{"@type":"ListItem","position":3,"name":"HongTaivalve-Stainless steel Sanitary triclamp bowl reducer-size dn15-dn150-HTV-TBR001"}]},{"@type":"WebSite","@id":"https:\/\/www.hongtaivalve.com\/#website","url":"https:\/\/www.hongtaivalve.com\/","name":"Wenzhou HongTai Fluid Equipment Co.Ltd","description":"","potentialAction":[{"@type":"SearchAction","target":{"@type":"EntryPoint","urlTemplate":"https:\/\/www.hongtaivalve.com\/?s={search_term_string}"},"query-input":{"@type":"PropertyValueSpecification","valueRequired":true,"valueName":"search_term_string"}}],"inLanguage":"pt-PT"}]}},"_links":{"self":[{"href":"https:\/\/www.hongtaivalve.com\/pt\/wp-json\/wp\/v2\/product\/5206","targetHints":{"allow":["GET"]}}],"collection":[{"href":"https:\/\/www.hongtaivalve.com\/pt\/wp-json\/wp\/v2\/product"}],"about":[{"href":"https:\/\/www.hongtaivalve.com\/pt\/wp-json\/wp\/v2\/types\/product"}],"replies":[{"embeddable":true,"href":"https:\/\/www.hongtaivalve.com\/pt\/wp-json\/wp\/v2\/comments?post=5206"}],"wp:featuredmedia":[{"embeddable":true,"href":"https:\/\/www.hongtaivalve.com\/pt\/wp-json\/wp\/v2\/media\/5209"}],"wp:attachment":[{"href":"https:\/\/www.hongtaivalve.com\/pt\/wp-json\/wp\/v2\/media?parent=5206"}],"wp:term":[{"taxonomy":"product_brand","embeddable":true,"href":"https:\/\/www.hongtaivalve.com\/pt\/wp-json\/wp\/v2\/product_brand?post=5206"},{"taxonomy":"product_cat","embeddable":true,"href":"https:\/\/www.hongtaivalve.com\/pt\/wp-json\/wp\/v2\/product_cat?post=5206"},{"taxonomy":"product_tag","embeddable":true,"href":"https:\/\/www.hongtaivalve.com\/pt\/wp-json\/wp\/v2\/product_tag?post=5206"}],"curies":[{"name":"wp","href":"https:\/\/api.w.org\/{rel}","templated":true}]}}