{"id":5402,"date":"2024-05-15T13:46:01","date_gmt":"2024-05-15T13:46:01","guid":{"rendered":"http:\/\/www.hongtaivalve.com\/?post_type=product&#038;p=5402"},"modified":"2025-04-28T01:53:41","modified_gmt":"2025-04-28T01:53:41","slug":"sanitary-food-grade-pipe-one-end-ferrule-and-the-other-flexible-hose-adapter","status":"publish","type":"product","link":"https:\/\/www.hongtaivalve.com\/pt\/produto\/sanitary-food-grade-pipe-one-end-ferrule-and-the-other-flexible-hose-adapter\/","title":{"rendered":"HongTaivalve - Tubo sanit\u00e1rio de qualidade alimentar, uma virola de extremidade e o outro adaptador de mangueira flex\u00edvel - tamanho dn15-dn150-HTV-FHA001"},"content":{"rendered":"<p>Adaptador de mangueira sanit\u00e1ria<\/p>\n<p>Nome do produto: adaptador sanit\u00e1rio para mangueira de a\u00e7o inoxid\u00e1vel<\/p>\n<p>Modo de liga\u00e7\u00e3o: tipo pin\u00e7a (instala\u00e7\u00e3o r\u00e1pida)<\/p>\n<p>Material: A\u00e7o inoxid\u00e1vel 304, 316L<\/p>\n<p>Espessura da parede do tubo: 1,5-3 (mm)<\/p>\n<p>Temperatura aplic\u00e1vel: temperatura ambiente<\/p>\n<p>Carater\u00edsticas do produto: aspeto bonito, superf\u00edcie plana, resist\u00eancia a \u00e1cidos e \u00e1lcalis, anti-corros\u00e3o, textura forte.<\/p>\n<p>Processo de processamento: O produto \u00e9 processado por torno CNC, brilhante e bonito. Cumprir os requisitos das normas higi\u00e9nicas da ind\u00fastria.<\/p>\n<p>O adaptador de mangueira sanit\u00e1ria \u00e9 rapidamente ligado atrav\u00e9s do aperto da bra\u00e7adeira. Amplamente utilizado na ind\u00fastria alimentar e farmac\u00eautica, a superf\u00edcie da junta para processamento de precis\u00e3o de alta qualidade, o material \u00e9 feito de a\u00e7o inoxid\u00e1vel resistente a \u00e1cidos e \u00e1lcalis, os seus selos de suporte s\u00e3o feitos de borracha de silicone de qualidade alimentar ou junta de politetrafluoroetileno, em conformidade com os requisitos das normas de higiene alimentar, a junta \u00e9 principalmente adequada para as ind\u00fastrias de bebidas, lactic\u00ednios, farmac\u00eautica, biol\u00f3gica e outras.<\/p>\n<p>M\u00e9todo de liga\u00e7\u00e3o: instala\u00e7\u00e3o r\u00e1pida<\/p>\n<p>Especifica\u00e7\u00f5es principais: DN6-DN200<\/p>\n<p>Norma\/Par\u00e2metros t\u00e9cnicos: DIN, SMS, ISO, IDF, 3A, RJT, DS, BS, BPE<\/p>\n<p>Vantagens do produto:<\/p>\n<p>[Resist\u00eancia \u00e0 corros\u00e3o] A\u00e7o inoxid\u00e1vel 316L resistente \u00e0 corros\u00e3o, muito higi\u00e9nico e seguro de utilizar.<\/p>\n<p>&nbsp;<\/p>\n<div>**Sanitary Stainless Steel Quick-Connect Hose Fittings**<\/div>\n<div>This product line features **hygienic-grade quick-connect hose fittings** crafted from premium 316\/316L stainless steel, designed for sanitary fluid transfer applications in food, pharmaceutical, and biotech industries.<\/div>\n<div><\/div>\n<div>**Key Specifications:**<\/div>\n<div>1. **Standard Quick-Connect Clamps**:<\/div>\n<div>\u00a0 \u00a0&#8211; Machined to ISO 2852\/3-A Sanitary Standards (standard dimensions: 1\/2&#8243; to 4&#8243;)<\/div>\n<div>\u00a0 \u00a0&#8211; Interchangeable with major hygienic clamp systems (e.g., Tri-Clamp\u00ae, DIN 32676)<\/div>\n<div>\u00a0 \u00a0&#8211; Mirror-polished surfaces (Ra \u2264 0.8 \u03bcm) for CIP\/SIP compatibility<\/div>\n<div><\/div>\n<div>2. **Customizable Hose End**:<\/div>\n<div>\u00a0 \u00a0&#8211; Non-standard hose connection designs available (ID\/OD\/length adjustments)<\/div>\n<div>\u00a0 \u00a0&#8211; Optional threaded, flanged, or bespoke geometries (NPT, BSP, DIN)<\/div>\n<div>\u00a0 \u00a0&#8211; Material traceability (EN 10204 3.1 certification upon request)<\/div>\n<div><\/div>\n<div>**Technical Advantages**:<\/div>\n<div>&#8211; Seamless integration with PTFE\/PU\/Silicone tubing (custom ferrule crimping)<\/div>\n<div>&#8211; Full passivation and electropolishing (meets FDA\/EC1935 compliance)<\/div>\n<div>&#8211; Pressure rating: 10 bar (standard) \/ 15 bar (reinforced design)<\/div>\n<div><\/div>\n<div>**Customization Services**:<\/div>\n<div>&#8211; Prototype development within 72 hours<\/div>\n<div>&#8211; Laser-engraved markings for traceability<\/div>\n<div>&#8211; Dedicated engineering support for hybrid connection solutions<\/div>\n<div><\/div>\n<div>**Applications**:<\/div>\n<div>&#8211; Aseptic processing lines<\/div>\n<div>&#8211; CIP return systems<\/div>\n<div>&#8211; Mobile tanker interfaces<\/div>\n<div><\/div>\n<div><\/div>\n<p>Personaliza\u00e7\u00e3o fora do padr\u00e3o: De acordo com as necessidades do utilizador para mapear a amostra de processamento de produtos n\u00e3o padronizados personalizados (grande quantidade personalizada)<\/p>\n<p>Os acess\u00f3rios tri-clamp de a\u00e7o inoxid\u00e1vel s\u00e3o o estilo mais popular de equipamento de linha de processo utilizado nas ind\u00fastrias alimentar, de bebidas e farmac\u00eautica. Estes acess\u00f3rios criam rapidamente uma liga\u00e7\u00e3o \u00e0 prova de fugas para permitir uma f\u00e1cil montagem, manuten\u00e7\u00e3o de rotina e inspe\u00e7\u00e3o.<\/p>\n<p>As liga\u00e7\u00f5es Tri-Clamp requerem uma junta e uma bra\u00e7adeira para completar uma veda\u00e7\u00e3o \u00e0 prova de fugas.<br \/>\nDispon\u00edvel em ligas de a\u00e7o inoxid\u00e1vel 304 e 316L e fabricado em conformidade com as normas 3A ou outras. Relat\u00f3rios de teste de materiais (MTRs) dispon\u00edveis mediante pedido<\/p>\n<p>&nbsp;<\/p>\n<p>&nbsp;<\/p>\n<h2><span style=\"color: #ff0000;\">Instru\u00e7\u00f5es de embalagem do produto\uff1a<\/span><\/h2>\n<p>Cada produto \u00e9 primeiro embalado individualmente num saco de espuma, depois cuidadosamente colocado numa caixa de cart\u00e3o designada. Por fim, \u00e9 paletizado ou embalado num caixote de madeira para exporta\u00e7\u00e3o. Todo o processo de embalagem \u00e9 rigorosamente executado para evitar quaisquer danos durante o transporte.<\/p>\n<p><a href=\"http:\/\/www.hongtaivalve.com\/wp-content\/uploads\/2024\/05\/MG_4577.jpg\"><img fetchpriority=\"high\" decoding=\"async\" class=\"alignnone size-full wp-image-5405\" src=\"http:\/\/www.hongtaivalve.com\/wp-content\/uploads\/2024\/05\/MG_4577.jpg\" alt=\"\" width=\"1024\" height=\"768\" srcset=\"https:\/\/www.hongtaivalve.com\/wp-content\/uploads\/2024\/05\/MG_4577.jpg 1024w, https:\/\/www.hongtaivalve.com\/wp-content\/uploads\/2024\/05\/MG_4577-800x600.jpg 800w, https:\/\/www.hongtaivalve.com\/wp-content\/uploads\/2024\/05\/MG_4577-300x225.jpg 300w, https:\/\/www.hongtaivalve.com\/wp-content\/uploads\/2024\/05\/MG_4577-768x576.jpg 768w\" sizes=\"(max-width: 1024px) 100vw, 1024px\" \/><\/a><\/p>\n<p><strong>Sobre n\u00f3s<\/strong><\/p>\n<p>Na HongTai, somos especializados em v\u00e1lvulas sanit\u00e1rias de alta qualidade e acess\u00f3rios para tubos de a\u00e7o inoxid\u00e1vel, atendendo a ind\u00fastrias-chave como farmac\u00eautica, processamento de alimentos e produtos qu\u00edmicos. Fabricados em a\u00e7o inoxid\u00e1vel 304, 316 e 316L de primeira qualidade, os nossos produtos oferecem uma excelente resist\u00eancia \u00e0 corros\u00e3o e s\u00e3o fabricados utilizando t\u00e9cnicas de fabrico avan\u00e7adas, como o corte a laser e a soldadura de precis\u00e3o. Concebidas para higiene e integridade dos fluidos, as v\u00e1lvulas da HongTai s\u00e3o a escolha ideal para ind\u00fastrias que exigem uma limpeza \u00f3ptima e um desempenho duradouro.<\/p>\n<p><a href=\"https:\/\/www.hongtaivalve.com\/wp-content\/uploads\/2024\/12\/2efad8255a88820383829ce2a75fcb9.jpg\"><img decoding=\"async\" class=\"wp-image-5948 aligncenter\" src=\"https:\/\/www.hongtaivalve.com\/wp-content\/uploads\/2024\/12\/2efad8255a88820383829ce2a75fcb9.jpg\" alt=\"\" width=\"614\" height=\"398\" srcset=\"https:\/\/www.hongtaivalve.com\/wp-content\/uploads\/2024\/12\/2efad8255a88820383829ce2a75fcb9.jpg 985w, https:\/\/www.hongtaivalve.com\/wp-content\/uploads\/2024\/12\/2efad8255a88820383829ce2a75fcb9-300x194.jpg 300w, https:\/\/www.hongtaivalve.com\/wp-content\/uploads\/2024\/12\/2efad8255a88820383829ce2a75fcb9-768x497.jpg 768w, https:\/\/www.hongtaivalve.com\/wp-content\/uploads\/2024\/12\/2efad8255a88820383829ce2a75fcb9-18x12.jpg 18w, https:\/\/www.hongtaivalve.com\/wp-content\/uploads\/2024\/12\/2efad8255a88820383829ce2a75fcb9-800x518.jpg 800w\" sizes=\"(max-width: 614px) 100vw, 614px\" \/><\/a><\/p>\n<p><strong>Porqu\u00ea escolher-nos<\/strong><\/p>\n<p><strong>Garantia de qualidade:<\/strong>\u00a0Mantemos um controlo rigoroso de todas as fases de produ\u00e7\u00e3o, desde as mat\u00e9rias-primas at\u00e9 aos produtos acabados, garantindo a conformidade com a norma ISO9001 e certifica\u00e7\u00f5es internacionais, incluindo as normas 3A, DIN e ISO.<\/p>\n<p><strong>Experi\u00eancia no sector:<\/strong>\u00a0D\u00e9cadas de experi\u00eancia no fornecimento de solu\u00e7\u00f5es para ind\u00fastrias cr\u00edticas como a alimentar, a de bebidas e a farmac\u00eautica.<\/p>\n<p><strong>Tecnologia avan\u00e7ada:<\/strong>\u00a0As nossas instala\u00e7\u00f5es de \u00faltima gera\u00e7\u00e3o, incluindo tornos CNC e ferramentas de precis\u00e3o regularmente actualizados, garantem uma elevada precis\u00e3o de superf\u00edcie e toler\u00e2ncias apertadas para cada produto.<\/p>\n<p><strong>100% Inspe\u00e7\u00e3o:<\/strong>\u00a0Todos os produtos s\u00e3o submetidos a testes rigorosos, incluindo dete\u00e7\u00e3o de tamanho e de fugas nas v\u00e1lvulas, para garantir uma qualidade impec\u00e1vel antes de sa\u00edrem das nossas instala\u00e7\u00f5es.<\/p>\n<p><strong>Alcance global:<\/strong>\u00a0Empresas de todo o mundo confiam na nossa qualidade consistente e na entrega atempada.<\/p>\n<p>Escolha a HongTai para obter fiabilidade, desempenho e inova\u00e7\u00e3o inigual\u00e1veis em solu\u00e7\u00f5es de v\u00e1lvulas e acess\u00f3rios para tubos.<\/p>\n<p>&nbsp;<\/p>\n<p><strong>Contactar-nos<\/strong><br \/>\nPara mais informa\u00e7\u00f5es ou para discutir as suas necessidades, contacte-nos atrav\u00e9s de:<br \/>\nCorreio eletr\u00f3nico: ht@htcdf.com<br \/>\nwhatsapp: (86)18875809195<br \/>\nTamb\u00e9m pode visitar o nosso\u00a0<a href=\"https:\/\/www.hongtaivalve.com\/pt\/contact-us\/\" target=\"_blank\" rel=\"noopener\">Contactar-nos<\/a>\u00a0para mais formas de entrar em contacto.<\/p>\n<p>&nbsp;<\/p>","protected":false},"excerpt":{"rendered":"<table>\n<tbody>\n<tr>\n<td width=\"207\"><strong><b>Modelo n.<\/b><\/strong><\/td>\n<td width=\"217\">HT-HAP002<\/td>\n<td width=\"214\"><\/td>\n<td width=\"348\"><\/td>\n<\/tr>\n<tr>\n<td><strong><b>Press\u00e3o m\u00e1xima de trabalho<\/b><\/strong><\/td>\n<td>1.0mpa\/10Bars<\/td>\n<td><strong><b>Extremidade da liga\u00e7\u00e3o<\/b><\/strong><\/td>\n<td>Triclamp\/Solda\/Rosca\/Flange<\/td>\n<\/tr>\n<tr>\n<td><strong><b>Temperatura m\u00e1xima de funcionamento<\/b><\/strong><\/td>\n<td>150\u00b0C<\/td>\n<td><strong><b>Funcionamento<\/b><\/strong><\/td>\n<td>Manual, pneum\u00e1tico, el\u00e9trico<\/td>\n<\/tr>\n<tr>\n<td><strong><b>Material da carro\u00e7aria<\/b><\/strong><\/td>\n<td>PTFE<\/td>\n<td><strong><b>Material de veda\u00e7\u00e3o<\/b><\/strong><\/td>\n<td>Silicone, EPDM, Viton, PTFE ou NBR<\/td>\n<\/tr>\n<tr>\n<td><strong><b>Acabamento da superf\u00edcie interior<\/b><\/strong><\/td>\n<td>Ra 0,5\u03bcm<\/td>\n<td><strong><b>Acabamento da superf\u00edcie externa: <\/b><\/strong><\/td>\n<td>Ra 0,8\u03bcm<\/td>\n<\/tr>\n<tr>\n<td><strong><b>Especifica\u00e7\u00e3o<\/b><\/strong><\/td>\n<td>1\/2&#8243;-12&#8243;<\/td>\n<td><strong><b>Certifica\u00e7\u00e3o<\/b><\/strong><\/td>\n<td>Relat\u00f3rio de mat\u00e9rias-primas\/relat\u00f3rio de qualidade final<\/td>\n<\/tr>\n<tr>\n<td><strong><b>C\u00d3DIGO SH<\/b><\/strong><\/td>\n<td>7307290000<\/td>\n<td><strong><b>Acabamento<\/b><\/strong><\/td>\n<td>Polimento espelhado ou polimento mate<\/td>\n<\/tr>\n<tr>\n<td><strong><b>T\u00e9cnica das mat\u00e9rias-primas<\/b><\/strong><\/td>\n<td>Forjamento ou fundi\u00e7\u00e3o<\/td>\n<td><strong><b>M\u00e1quina de processamento<\/b><\/strong><\/td>\n<td>M\u00e1quina CNC LG Mazak<\/td>\n<\/tr>\n<tr>\n<td><strong><b>Norma de conce\u00e7\u00e3o<\/b><\/strong><\/td>\n<td>3A ou DIN, SMS, ISO\/IDF<\/td>\n<td><strong><b>Aplica\u00e7\u00e3o<\/b><\/strong><\/td>\n<td>Utiliza\u00e7\u00e3o industrial de alimentos ou bebidas<\/td>\n<\/tr>\n<tr>\n<td><strong><b>Pacote de transporte<\/b><\/strong><\/td>\n<td>Pl\u00e1stico espumado + caixa de madeira<\/td>\n<td><strong><b>Origem<\/b><\/strong><\/td>\n<td>Wenzhou China<\/td>\n<\/tr>\n<\/tbody>\n<\/table>","protected":false},"featured_media":5404,"comment_status":"open","ping_status":"closed","template":"","meta":[],"product_brand":[],"product_cat":[106],"product_tag":[],"class_list":{"0":"post-5402","1":"product","2":"type-product","3":"status-publish","4":"has-post-thumbnail","6":"product_cat-tri-clamp-fittings","8":"first","9":"instock","10":"shipping-taxable","11":"product-type-simple"},"yoast_head":"<!-- This site is optimized with the Yoast SEO plugin v24.6 - https:\/\/yoast.com\/wordpress\/plugins\/seo\/ -->\n<title>Non-standards customized stainless steel hose adapter<\/title>\n<meta name=\"description\" content=\"Food grade stainless steel triclamp hose adapter with material 304 and 316L for food, beverage, and pharmaceutical industries\" \/>\n<meta name=\"robots\" content=\"index, follow, max-snippet:-1, max-image-preview:large, max-video-preview:-1\" \/>\n<link rel=\"canonical\" href=\"https:\/\/www.hongtaivalve.com\/pt\/produto\/sanitary-food-grade-pipe-one-end-ferrule-and-the-other-flexible-hose-adapter\/\" \/>\n<meta property=\"og:locale\" content=\"pt_PT\" \/>\n<meta property=\"og:type\" content=\"article\" \/>\n<meta property=\"og:title\" content=\"Non-standards customized stainless steel hose adapter\" \/>\n<meta property=\"og:description\" content=\"Food grade stainless steel triclamp hose adapter with material 304 and 316L for food, beverage, and pharmaceutical industries\" \/>\n<meta property=\"og:url\" content=\"https:\/\/www.hongtaivalve.com\/pt\/produto\/sanitary-food-grade-pipe-one-end-ferrule-and-the-other-flexible-hose-adapter\/\" \/>\n<meta property=\"og:site_name\" content=\"Wenzhou HongTai Fluid Equipment Co.Ltd\" \/>\n<meta property=\"article:modified_time\" content=\"2025-04-28T01:53:41+00:00\" \/>\n<meta property=\"og:image\" content=\"https:\/\/www.hongtaivalve.com\/wp-content\/uploads\/2024\/05\/MG_4575.jpg\" \/>\n\t<meta property=\"og:image:width\" content=\"1024\" \/>\n\t<meta property=\"og:image:height\" content=\"768\" \/>\n\t<meta property=\"og:image:type\" content=\"image\/jpeg\" \/>\n<meta name=\"twitter:card\" content=\"summary_large_image\" \/>\n<meta name=\"twitter:label1\" content=\"Tempo estimado de leitura\" \/>\n\t<meta name=\"twitter:data1\" content=\"5 minutos\" \/>\n<script type=\"application\/ld+json\" class=\"yoast-schema-graph\">{\"@context\":\"https:\/\/schema.org\",\"@graph\":[{\"@type\":\"WebPage\",\"@id\":\"https:\/\/www.hongtaivalve.com\/product\/sanitary-food-grade-pipe-one-end-ferrule-and-the-other-flexible-hose-adapter\/\",\"url\":\"https:\/\/www.hongtaivalve.com\/product\/sanitary-food-grade-pipe-one-end-ferrule-and-the-other-flexible-hose-adapter\/\",\"name\":\"Non-standards customized stainless steel hose adapter\",\"isPartOf\":{\"@id\":\"https:\/\/www.hongtaivalve.com\/#website\"},\"primaryImageOfPage\":{\"@id\":\"https:\/\/www.hongtaivalve.com\/product\/sanitary-food-grade-pipe-one-end-ferrule-and-the-other-flexible-hose-adapter\/#primaryimage\"},\"image\":{\"@id\":\"https:\/\/www.hongtaivalve.com\/product\/sanitary-food-grade-pipe-one-end-ferrule-and-the-other-flexible-hose-adapter\/#primaryimage\"},\"thumbnailUrl\":\"https:\/\/www.hongtaivalve.com\/wp-content\/uploads\/2024\/05\/MG_4575.jpg\",\"datePublished\":\"2024-05-15T13:46:01+00:00\",\"dateModified\":\"2025-04-28T01:53:41+00:00\",\"description\":\"Food grade stainless steel triclamp hose adapter with material 304 and 316L for food, beverage, and pharmaceutical industries\",\"breadcrumb\":{\"@id\":\"https:\/\/www.hongtaivalve.com\/product\/sanitary-food-grade-pipe-one-end-ferrule-and-the-other-flexible-hose-adapter\/#breadcrumb\"},\"inLanguage\":\"pt-PT\",\"potentialAction\":[{\"@type\":\"ReadAction\",\"target\":[\"https:\/\/www.hongtaivalve.com\/product\/sanitary-food-grade-pipe-one-end-ferrule-and-the-other-flexible-hose-adapter\/\"]}]},{\"@type\":\"ImageObject\",\"inLanguage\":\"pt-PT\",\"@id\":\"https:\/\/www.hongtaivalve.com\/product\/sanitary-food-grade-pipe-one-end-ferrule-and-the-other-flexible-hose-adapter\/#primaryimage\",\"url\":\"https:\/\/www.hongtaivalve.com\/wp-content\/uploads\/2024\/05\/MG_4575.jpg\",\"contentUrl\":\"https:\/\/www.hongtaivalve.com\/wp-content\/uploads\/2024\/05\/MG_4575.jpg\",\"width\":1024,\"height\":768},{\"@type\":\"BreadcrumbList\",\"@id\":\"https:\/\/www.hongtaivalve.com\/product\/sanitary-food-grade-pipe-one-end-ferrule-and-the-other-flexible-hose-adapter\/#breadcrumb\",\"itemListElement\":[{\"@type\":\"ListItem\",\"position\":1,\"name\":\"\u9996\u9875\",\"item\":\"https:\/\/www.hongtaivalve.com\/\"},{\"@type\":\"ListItem\",\"position\":2,\"name\":\"Product\",\"item\":\"https:\/\/www.hongtaivalve.com\/product\/\"},{\"@type\":\"ListItem\",\"position\":3,\"name\":\"HongTaivalve-Sanitary food grade pipe one end ferrule and the other flexible hose adapter-size dn15-dn150-HTV-FHA001\"}]},{\"@type\":\"WebSite\",\"@id\":\"https:\/\/www.hongtaivalve.com\/#website\",\"url\":\"https:\/\/www.hongtaivalve.com\/\",\"name\":\"Wenzhou HongTai Fluid Equipment Co.Ltd\",\"description\":\"\",\"potentialAction\":[{\"@type\":\"SearchAction\",\"target\":{\"@type\":\"EntryPoint\",\"urlTemplate\":\"https:\/\/www.hongtaivalve.com\/?s={search_term_string}\"},\"query-input\":{\"@type\":\"PropertyValueSpecification\",\"valueRequired\":true,\"valueName\":\"search_term_string\"}}],\"inLanguage\":\"pt-PT\"}]}<\/script>\n<!-- \/ Yoast SEO plugin. -->","yoast_head_json":{"title":"Non-standards customized stainless steel hose adapter","description":"Food grade stainless steel triclamp hose adapter with material 304 and 316L for food, beverage, and pharmaceutical industries","robots":{"index":"index","follow":"follow","max-snippet":"max-snippet:-1","max-image-preview":"max-image-preview:large","max-video-preview":"max-video-preview:-1"},"canonical":"https:\/\/www.hongtaivalve.com\/pt\/produto\/sanitary-food-grade-pipe-one-end-ferrule-and-the-other-flexible-hose-adapter\/","og_locale":"pt_PT","og_type":"article","og_title":"Non-standards customized stainless steel hose adapter","og_description":"Food grade stainless steel triclamp hose adapter with material 304 and 316L for food, beverage, and pharmaceutical industries","og_url":"https:\/\/www.hongtaivalve.com\/pt\/produto\/sanitary-food-grade-pipe-one-end-ferrule-and-the-other-flexible-hose-adapter\/","og_site_name":"Wenzhou HongTai Fluid Equipment Co.Ltd","article_modified_time":"2025-04-28T01:53:41+00:00","og_image":[{"width":1024,"height":768,"url":"https:\/\/www.hongtaivalve.com\/wp-content\/uploads\/2024\/05\/MG_4575.jpg","type":"image\/jpeg"}],"twitter_card":"summary_large_image","twitter_misc":{"Tempo estimado de leitura":"5 minutos"},"schema":{"@context":"https:\/\/schema.org","@graph":[{"@type":"WebPage","@id":"https:\/\/www.hongtaivalve.com\/product\/sanitary-food-grade-pipe-one-end-ferrule-and-the-other-flexible-hose-adapter\/","url":"https:\/\/www.hongtaivalve.com\/product\/sanitary-food-grade-pipe-one-end-ferrule-and-the-other-flexible-hose-adapter\/","name":"Non-standards customized stainless steel hose adapter","isPartOf":{"@id":"https:\/\/www.hongtaivalve.com\/#website"},"primaryImageOfPage":{"@id":"https:\/\/www.hongtaivalve.com\/product\/sanitary-food-grade-pipe-one-end-ferrule-and-the-other-flexible-hose-adapter\/#primaryimage"},"image":{"@id":"https:\/\/www.hongtaivalve.com\/product\/sanitary-food-grade-pipe-one-end-ferrule-and-the-other-flexible-hose-adapter\/#primaryimage"},"thumbnailUrl":"https:\/\/www.hongtaivalve.com\/wp-content\/uploads\/2024\/05\/MG_4575.jpg","datePublished":"2024-05-15T13:46:01+00:00","dateModified":"2025-04-28T01:53:41+00:00","description":"Food grade stainless steel triclamp hose adapter with material 304 and 316L for food, beverage, and pharmaceutical industries","breadcrumb":{"@id":"https:\/\/www.hongtaivalve.com\/product\/sanitary-food-grade-pipe-one-end-ferrule-and-the-other-flexible-hose-adapter\/#breadcrumb"},"inLanguage":"pt-PT","potentialAction":[{"@type":"ReadAction","target":["https:\/\/www.hongtaivalve.com\/product\/sanitary-food-grade-pipe-one-end-ferrule-and-the-other-flexible-hose-adapter\/"]}]},{"@type":"ImageObject","inLanguage":"pt-PT","@id":"https:\/\/www.hongtaivalve.com\/product\/sanitary-food-grade-pipe-one-end-ferrule-and-the-other-flexible-hose-adapter\/#primaryimage","url":"https:\/\/www.hongtaivalve.com\/wp-content\/uploads\/2024\/05\/MG_4575.jpg","contentUrl":"https:\/\/www.hongtaivalve.com\/wp-content\/uploads\/2024\/05\/MG_4575.jpg","width":1024,"height":768},{"@type":"BreadcrumbList","@id":"https:\/\/www.hongtaivalve.com\/product\/sanitary-food-grade-pipe-one-end-ferrule-and-the-other-flexible-hose-adapter\/#breadcrumb","itemListElement":[{"@type":"ListItem","position":1,"name":"\u9996\u9875","item":"https:\/\/www.hongtaivalve.com\/"},{"@type":"ListItem","position":2,"name":"Product","item":"https:\/\/www.hongtaivalve.com\/product\/"},{"@type":"ListItem","position":3,"name":"HongTaivalve-Sanitary food grade pipe one end ferrule and the other flexible hose adapter-size dn15-dn150-HTV-FHA001"}]},{"@type":"WebSite","@id":"https:\/\/www.hongtaivalve.com\/#website","url":"https:\/\/www.hongtaivalve.com\/","name":"Wenzhou HongTai Fluid Equipment Co.Ltd","description":"","potentialAction":[{"@type":"SearchAction","target":{"@type":"EntryPoint","urlTemplate":"https:\/\/www.hongtaivalve.com\/?s={search_term_string}"},"query-input":{"@type":"PropertyValueSpecification","valueRequired":true,"valueName":"search_term_string"}}],"inLanguage":"pt-PT"}]}},"_links":{"self":[{"href":"https:\/\/www.hongtaivalve.com\/pt\/wp-json\/wp\/v2\/product\/5402","targetHints":{"allow":["GET"]}}],"collection":[{"href":"https:\/\/www.hongtaivalve.com\/pt\/wp-json\/wp\/v2\/product"}],"about":[{"href":"https:\/\/www.hongtaivalve.com\/pt\/wp-json\/wp\/v2\/types\/product"}],"replies":[{"embeddable":true,"href":"https:\/\/www.hongtaivalve.com\/pt\/wp-json\/wp\/v2\/comments?post=5402"}],"wp:featuredmedia":[{"embeddable":true,"href":"https:\/\/www.hongtaivalve.com\/pt\/wp-json\/wp\/v2\/media\/5404"}],"wp:attachment":[{"href":"https:\/\/www.hongtaivalve.com\/pt\/wp-json\/wp\/v2\/media?parent=5402"}],"wp:term":[{"taxonomy":"product_brand","embeddable":true,"href":"https:\/\/www.hongtaivalve.com\/pt\/wp-json\/wp\/v2\/product_brand?post=5402"},{"taxonomy":"product_cat","embeddable":true,"href":"https:\/\/www.hongtaivalve.com\/pt\/wp-json\/wp\/v2\/product_cat?post=5402"},{"taxonomy":"product_tag","embeddable":true,"href":"https:\/\/www.hongtaivalve.com\/pt\/wp-json\/wp\/v2\/product_tag?post=5402"}],"curies":[{"name":"wp","href":"https:\/\/api.w.org\/{rel}","templated":true}]}}