{"id":5407,"date":"2024-05-15T13:53:06","date_gmt":"2024-05-15T13:53:06","guid":{"rendered":"http:\/\/www.hongtaivalve.com\/?post_type=product&#038;p=5407"},"modified":"2024-12-27T07:02:54","modified_gmt":"2024-12-27T07:02:54","slug":"sanitary-stainless-steel-304-316l-clamped-reducer-pipeline-cross","status":"publish","type":"product","link":"https:\/\/www.hongtaivalve.com\/pt\/produto\/sanitary-stainless-steel-304-316l-clamped-reducer-pipeline-cross\/","title":{"rendered":"HongTaivalve-Redutor sanit\u00e1rio de a\u00e7o inoxid\u00e1vel 304 316L com bra\u00e7adeira Tubagem de tamanho cruzado dn15-dn150-HTV-PC001"},"content":{"rendered":"<p>Os acess\u00f3rios sanit\u00e1rios para tubos de quatro vias de encaixe r\u00e1pido s\u00e3o feitos de materiais de a\u00e7o inoxid\u00e1vel de alta qualidade. Os tipos de a\u00e7o inoxid\u00e1vel comummente utilizados s\u00e3o 304,316 e assim por diante. Estes materiais t\u00eam boa resist\u00eancia \u00e0 corros\u00e3o, alta resist\u00eancia e resist\u00eancia ao desgaste. Podem cumprir os requisitos de higiene dos sectores alimentar, farmac\u00eautico e outros locais que exijam uma limpeza elevada. Modo de liga\u00e7\u00e3o dos acess\u00f3rios para tubos Liga\u00e7\u00e3o por bra\u00e7adeira principalmente, utilizando o modo de liga\u00e7\u00e3o por bra\u00e7adeira. R\u00e1pido e f\u00e1cil de conseguir, com bom desempenho de veda\u00e7\u00e3o. Fabricado em a\u00e7o inoxid\u00e1vel. A superf\u00edcie \u00e9 polida para garantir a limpeza e a beleza da junta do tubo. As liga\u00e7\u00f5es soldadas requerem acess\u00f3rios para sistemas sanit\u00e1rios e de encaixe r\u00e1pido de maior resist\u00eancia. A soldadura pode ser utilizada para ligar, o processo de soldadura utiliza a soldadura por arco de \u00e1rgon ou a soldadura a laser para garantir uma qualidade de soldadura est\u00e1vel e fi\u00e1vel, uma soldadura suave e bonita, n\u00e3o destrutiva e uma elevada taxa de aprova\u00e7\u00e3o nos testes. Especifica\u00e7\u00f5es Dimens\u00f5es As especifica\u00e7\u00f5es e dimens\u00f5es dos acess\u00f3rios para tubos do sistema de montagem expresso sanit\u00e1rio s\u00e3o personalizadas de acordo com os requisitos actuais. As especifica\u00e7\u00f5es comuns s\u00e3o DN10, DN20, DN25, DN50, DN65 e assim por diante. Dependendo dos requisitos do cliente, a gest\u00e3o tamb\u00e9m pode ser personalizada para diferentes comprimentos e \u00e2ngulos. Para satisfazer uma variedade de fluxos. O tratamento da superf\u00edcie dos acess\u00f3rios para tubos \u00e9 polido para tornar a superf\u00edcie dos acess\u00f3rios para tubos lisa. Sem rebarbas, sem becos sem sa\u00edda. Atingir elevados requisitos de limpeza e est\u00e9tica. Os acess\u00f3rios para tubos polidos n\u00e3o s\u00e3o f\u00e1ceis de enferrujar e. Forte capacidade anti-incrustante, f\u00e1cil de limpar e desinfetar. Sistema de encaixe de tubos de acordo com as normas nacionais e industriais relevantes. Por exemplo, iso.a m e b 16.9 e assim por diante. A conce\u00e7\u00e3o e o processo de fabrico dos acess\u00f3rios para tubos tamb\u00e9m devem cumprir os requisitos das normas de higiene relevantes da ind\u00fastria alimentar e farmac\u00eautica. Ler fda, etc. Os acess\u00f3rios para tubos de a\u00e7o inoxid\u00e1vel s\u00e3o amplamente utilizados. Ind\u00fastria alimentar, farmac\u00eautica, engenharia biol\u00f3gica, ind\u00fastria qu\u00edmica e outros dom\u00ednios. Ele \u00e9 capaz de satisfazer as necessidades de controlo de fluidos de uma variedade de aplica\u00e7\u00f5es de elevada limpeza, tais como. Tecnologia de constitui\u00e7\u00e3o de g\u00e1s de transporte de material. Liga\u00e7\u00f5es de tubagens, etc. Devido ao seu excelente desempenho sanit\u00e1rio e fiabilidade, o sistema de acess\u00f3rios sanit\u00e1rios. Tornou-se a vantagem preferida de muitas ind\u00fastrias. S\u00e3o sempre utilizados acess\u00f3rios sanit\u00e1rios de elevada limpeza. O material de a\u00e7o inoxid\u00e1vel de alta qualidade e o processo de fabrico de alto padr\u00e3o garantem uma superf\u00edcie lisa dos acess\u00f3rios para tubos. Nenhum \u00e2ngulo de vis\u00e3o satisfaz o requisito de grau de atalho. Ajuda a reduzir o risco material. Melhora a qualidade e a produ\u00e7\u00e3o do produto. Efici\u00eancia Instala\u00e7\u00e3o r\u00e1pida. As quatro vias dos acess\u00f3rios para tubos adoptam o modo de liga\u00e7\u00e3o de montagem r\u00e1pida e a instala\u00e7\u00e3o \u00e9 simples e r\u00e1pida. Pode ser rapidamente desmontado e facilmente reparado e substitu\u00eddo. Melhorar a efici\u00eancia da produ\u00e7\u00e3o. A conex\u00e3o de soldagem tamb\u00e9m tem alta resist\u00eancia e confiabilidade. Adequado para diferentes necessidades. O design diversificado do sistema de acess\u00f3rios sanit\u00e1rios est\u00e1 dispon\u00edvel de acordo com os clientes. Os requisitos s\u00e3o personalizados, incluindo tamanho, \u00e2ngulo, modo de liga\u00e7\u00e3o e bom desempenho de veda\u00e7\u00e3o. S\u00e3o utilizados materiais de veda\u00e7\u00e3o de alta qualidade e tecnologia de processamento de precis\u00e3o para garantir bons acess\u00f3rios para tubos. O seu desempenho de veda\u00e7\u00e3o ajuda a evitar fugas de fluido e a entrada de impurezas externas no sistema. Assegurar a estabilidade e a fiabilidade do processo<\/p>\n<h2><span style=\"color: #ff0000;\">Instru\u00e7\u00f5es de embalagem do produto\uff1a<\/span><\/h2>\n<p>Cada produto \u00e9 primeiro embalado individualmente num saco de espuma, depois cuidadosamente colocado numa caixa de cart\u00e3o designada. Por fim, \u00e9 paletizado ou embalado num caixote de madeira para exporta\u00e7\u00e3o. Todo o processo de embalagem \u00e9 rigorosamente executado para evitar quaisquer danos durante o transporte.<\/p>\n<p><a href=\"http:\/\/www.hongtaivalve.com\/wp-content\/uploads\/2024\/05\/MG_4701.jpg\"><img fetchpriority=\"high\" decoding=\"async\" class=\"alignnone size-full wp-image-5411\" src=\"http:\/\/www.hongtaivalve.com\/wp-content\/uploads\/2024\/05\/MG_4701.jpg\" alt=\"\" width=\"1024\" height=\"768\" srcset=\"https:\/\/www.hongtaivalve.com\/wp-content\/uploads\/2024\/05\/MG_4701.jpg 1024w, https:\/\/www.hongtaivalve.com\/wp-content\/uploads\/2024\/05\/MG_4701-800x600.jpg 800w, https:\/\/www.hongtaivalve.com\/wp-content\/uploads\/2024\/05\/MG_4701-300x225.jpg 300w, https:\/\/www.hongtaivalve.com\/wp-content\/uploads\/2024\/05\/MG_4701-768x576.jpg 768w\" sizes=\"(max-width: 1024px) 100vw, 1024px\" \/><\/a><\/p>\n<p><strong>Sobre n\u00f3s<\/strong><\/p>\n<p>Na HongTai, somos especializados em v\u00e1lvulas sanit\u00e1rias de alta qualidade e acess\u00f3rios para tubos de a\u00e7o inoxid\u00e1vel, atendendo a ind\u00fastrias-chave como farmac\u00eautica, processamento de alimentos e produtos qu\u00edmicos. Fabricados em a\u00e7o inoxid\u00e1vel 304, 316 e 316L de primeira qualidade, os nossos produtos oferecem uma excelente resist\u00eancia \u00e0 corros\u00e3o e s\u00e3o fabricados utilizando t\u00e9cnicas de fabrico avan\u00e7adas, como o corte a laser e a soldadura de precis\u00e3o. Concebidas para higiene e integridade dos fluidos, as v\u00e1lvulas da HongTai s\u00e3o a escolha ideal para ind\u00fastrias que exigem uma limpeza \u00f3ptima e um desempenho duradouro.<\/p>\n<p><a href=\"https:\/\/www.hongtaivalve.com\/wp-content\/uploads\/2024\/12\/2efad8255a88820383829ce2a75fcb9.jpg\"><img decoding=\"async\" class=\"wp-image-5948 aligncenter\" src=\"https:\/\/www.hongtaivalve.com\/wp-content\/uploads\/2024\/12\/2efad8255a88820383829ce2a75fcb9.jpg\" alt=\"\" width=\"621\" height=\"402\" srcset=\"https:\/\/www.hongtaivalve.com\/wp-content\/uploads\/2024\/12\/2efad8255a88820383829ce2a75fcb9.jpg 985w, https:\/\/www.hongtaivalve.com\/wp-content\/uploads\/2024\/12\/2efad8255a88820383829ce2a75fcb9-300x194.jpg 300w, https:\/\/www.hongtaivalve.com\/wp-content\/uploads\/2024\/12\/2efad8255a88820383829ce2a75fcb9-768x497.jpg 768w, https:\/\/www.hongtaivalve.com\/wp-content\/uploads\/2024\/12\/2efad8255a88820383829ce2a75fcb9-18x12.jpg 18w, https:\/\/www.hongtaivalve.com\/wp-content\/uploads\/2024\/12\/2efad8255a88820383829ce2a75fcb9-800x518.jpg 800w\" sizes=\"(max-width: 621px) 100vw, 621px\" \/><\/a><\/p>\n<p><strong>Porqu\u00ea escolher-nos<\/strong><\/p>\n<p><strong>Garantia de qualidade:<\/strong>\u00a0Mantemos um controlo rigoroso de todas as fases de produ\u00e7\u00e3o, desde as mat\u00e9rias-primas at\u00e9 aos produtos acabados, garantindo a conformidade com a norma ISO9001 e certifica\u00e7\u00f5es internacionais, incluindo as normas 3A, DIN e ISO.<\/p>\n<p><strong>Experi\u00eancia no sector:<\/strong>\u00a0D\u00e9cadas de experi\u00eancia no fornecimento de solu\u00e7\u00f5es para ind\u00fastrias cr\u00edticas como a alimentar, a de bebidas e a farmac\u00eautica.<\/p>\n<p><strong>Tecnologia avan\u00e7ada:<\/strong>\u00a0As nossas instala\u00e7\u00f5es de \u00faltima gera\u00e7\u00e3o, incluindo tornos CNC e ferramentas de precis\u00e3o regularmente actualizados, garantem uma elevada precis\u00e3o de superf\u00edcie e toler\u00e2ncias apertadas para cada produto.<\/p>\n<p><strong>100% Inspe\u00e7\u00e3o:<\/strong>\u00a0Todos os produtos s\u00e3o submetidos a testes rigorosos, incluindo dete\u00e7\u00e3o de tamanho e de fugas nas v\u00e1lvulas, para garantir uma qualidade impec\u00e1vel antes de sa\u00edrem das nossas instala\u00e7\u00f5es.<\/p>\n<p><strong>Alcance global:<\/strong>\u00a0Empresas de todo o mundo confiam na nossa qualidade consistente e na entrega atempada.<\/p>\n<p>Escolha a HongTai para obter fiabilidade, desempenho e inova\u00e7\u00e3o inigual\u00e1veis em solu\u00e7\u00f5es de v\u00e1lvulas e acess\u00f3rios para tubos.<\/p>\n<p>&nbsp;<\/p>\n<p><strong>Contactar-nos<\/strong><br \/>\nPara mais informa\u00e7\u00f5es ou para discutir as suas necessidades, contacte-nos atrav\u00e9s de:<br \/>\nCorreio eletr\u00f3nico: ht@htcdf.com<br \/>\nwhatsapp: (86)18875809195<br \/>\nTamb\u00e9m pode visitar o nosso\u00a0<a href=\"https:\/\/www.hongtaivalve.com\/pt\/contact-us\/\" target=\"_blank\" rel=\"noopener\">Contactar-nos<\/a>\u00a0para mais formas de entrar em contacto.<\/p>\n<p>&nbsp;<\/p>","protected":false},"excerpt":{"rendered":"<table>\n<tbody>\n<tr>\n<td width=\"207\"><strong><b>Modelo n.<\/b><\/strong><\/td>\n<td width=\"217\">HT-CRS002<\/td>\n<td width=\"214\"><\/td>\n<td width=\"348\"><\/td>\n<\/tr>\n<tr>\n<td><strong><b>Press\u00e3o m\u00e1xima de trabalho<\/b><\/strong><\/td>\n<td>1.0mpa\/10Bars<\/td>\n<td><strong><b>Extremidade da liga\u00e7\u00e3o<\/b><\/strong><\/td>\n<td>Triclamp\/Solda\/Rosca\/Flange<\/td>\n<\/tr>\n<tr>\n<td><strong><b>Temperatura m\u00e1xima de funcionamento<\/b><\/strong><\/td>\n<td>150\u00b0C<\/td>\n<td><strong><b>Funcionamento<\/b><\/strong><\/td>\n<td>Manual, pneum\u00e1tico, el\u00e9trico<\/td>\n<\/tr>\n<tr>\n<td><strong><b>Material da carro\u00e7aria<\/b><\/strong><\/td>\n<td>SS316L,SS304<\/td>\n<td><strong><b>Material de veda\u00e7\u00e3o<\/b><\/strong><\/td>\n<td>Silicone, EPDM, Viton, PTFE ou NBR<\/td>\n<\/tr>\n<tr>\n<td><strong><b>Acabamento da superf\u00edcie interior<\/b><\/strong><\/td>\n<td>Ra 0,5\u03bcm<\/td>\n<td><strong><b>Acabamento da superf\u00edcie externa: <\/b><\/strong><\/td>\n<td>\u03bcm<\/td>\n<\/tr>\n<tr>\n<td><strong><b>Especifica\u00e7\u00e3o<\/b><\/strong><\/td>\n<td>1\/2&#8243;-6&#8243;<\/td>\n<td><strong><b>Certifica\u00e7\u00e3o<\/b><\/strong><\/td>\n<td>Relat\u00f3rio de mat\u00e9rias-primas\/relat\u00f3rio de qualidade final<\/td>\n<\/tr>\n<tr>\n<td><strong><b>C\u00d3DIGO SH<\/b><\/strong><\/td>\n<td>7307290000<\/td>\n<td><strong><b>Acabamento<\/b><\/strong><\/td>\n<td>Polimento espelhado ou polimento mate<\/td>\n<\/tr>\n<tr>\n<td><strong><b>T\u00e9cnica das mat\u00e9rias-primas<\/b><\/strong><\/td>\n<td>Forjamento ou fundi\u00e7\u00e3o<\/td>\n<td><strong><b>M\u00e1quina de processamento<\/b><\/strong><\/td>\n<td>M\u00e1quina CNC LG Mazak<\/td>\n<\/tr>\n<tr>\n<td><strong><b>Norma de conce\u00e7\u00e3o<\/b><\/strong><\/td>\n<td>3A ou DIN, SMS, ISO\/IDF<\/td>\n<td><strong><b>Aplica\u00e7\u00e3o<\/b><\/strong><\/td>\n<td>Utiliza\u00e7\u00e3o industrial de alimentos ou bebidas<\/td>\n<\/tr>\n<tr>\n<td><strong><b>Pacote de transporte<\/b><\/strong><\/td>\n<td>Pl\u00e1stico espumado + caixa de madeira<\/td>\n<td><strong><b>Origem<\/b><\/strong><\/td>\n<td>Wenzhou China<\/td>\n<\/tr>\n<\/tbody>\n<\/table>","protected":false},"featured_media":5409,"comment_status":"open","ping_status":"closed","template":"","meta":[],"product_brand":[],"product_cat":[110],"product_tag":[],"class_list":{"0":"post-5407","1":"product","2":"type-product","3":"status-publish","4":"has-post-thumbnail","6":"product_cat-pipe-tube-fittings","8":"first","9":"instock","10":"shipping-taxable","11":"product-type-simple"},"yoast_head":"<!-- This site is optimized with the Yoast SEO plugin v24.6 - https:\/\/yoast.com\/wordpress\/plugins\/seo\/ -->\n<title>HongTaivalve-Sanitary stainless steel 304 316L clamped reducer Pipeline Cross-size dn15-dn150-HTV-PC001 - Wenzhou HongTai Fluid Equipment Co.Ltd<\/title>\n<meta name=\"robots\" content=\"index, follow, max-snippet:-1, max-image-preview:large, max-video-preview:-1\" \/>\n<link rel=\"canonical\" href=\"https:\/\/www.hongtaivalve.com\/pt\/produto\/sanitary-stainless-steel-304-316l-clamped-reducer-pipeline-cross\/\" \/>\n<meta property=\"og:locale\" content=\"pt_PT\" \/>\n<meta property=\"og:type\" content=\"article\" \/>\n<meta property=\"og:title\" content=\"HongTaivalve-Sanitary stainless steel 304 316L clamped reducer Pipeline Cross-size dn15-dn150-HTV-PC001 - Wenzhou HongTai Fluid Equipment Co.Ltd\" \/>\n<meta property=\"og:description\" content=\"Model No. HT-CRS002     Max Working Pressure 1.0mpa\/10Bars Connection End Triclamp\/Weld\/Thread\/Flange   Max Working Temperature 150\u00b0C Operation By Manual,Pneumatic,Electric   Body Material SS316L,SS304 Sealing Material Silicone, EPDM, Viton, PTFE, or NBR   Inner Surface finish Ra 0.5\u03bcm External Surface finish:  \u03bcm   Specification 1\/2&quot;-6&quot; Certification Raw material report\/finished quality report   HS CODE 7307290000 Finish Mirror polish or Matt polish   Raw Material technique Forging or Casting Processing Machine LG Mazak CNC Machine   Design Standard 3A or DIN,SMS,ISO\/IDF Application Food or Beverage industrial Usage   Transport Package Foamed Plastic+Wooden case Origin Wenzhou China\" \/>\n<meta property=\"og:url\" content=\"https:\/\/www.hongtaivalve.com\/pt\/produto\/sanitary-stainless-steel-304-316l-clamped-reducer-pipeline-cross\/\" \/>\n<meta property=\"og:site_name\" content=\"Wenzhou HongTai Fluid Equipment Co.Ltd\" \/>\n<meta property=\"article:modified_time\" content=\"2024-12-27T07:02:54+00:00\" \/>\n<meta property=\"og:image\" content=\"https:\/\/www.hongtaivalve.com\/wp-content\/uploads\/2024\/05\/MG_4698.jpg\" \/>\n\t<meta property=\"og:image:width\" content=\"1024\" \/>\n\t<meta property=\"og:image:height\" content=\"768\" \/>\n\t<meta property=\"og:image:type\" content=\"image\/jpeg\" \/>\n<meta name=\"twitter:card\" content=\"summary_large_image\" \/>\n<meta name=\"twitter:label1\" content=\"Tempo estimado de leitura\" \/>\n\t<meta name=\"twitter:data1\" content=\"5 minutos\" \/>\n<script type=\"application\/ld+json\" class=\"yoast-schema-graph\">{\"@context\":\"https:\/\/schema.org\",\"@graph\":[{\"@type\":\"WebPage\",\"@id\":\"https:\/\/www.hongtaivalve.com\/product\/sanitary-stainless-steel-304-316l-clamped-reducer-pipeline-cross\/\",\"url\":\"https:\/\/www.hongtaivalve.com\/product\/sanitary-stainless-steel-304-316l-clamped-reducer-pipeline-cross\/\",\"name\":\"HongTaivalve-Sanitary stainless steel 304 316L clamped reducer Pipeline Cross-size dn15-dn150-HTV-PC001 - Wenzhou HongTai Fluid Equipment Co.Ltd\",\"isPartOf\":{\"@id\":\"https:\/\/www.hongtaivalve.com\/#website\"},\"primaryImageOfPage\":{\"@id\":\"https:\/\/www.hongtaivalve.com\/product\/sanitary-stainless-steel-304-316l-clamped-reducer-pipeline-cross\/#primaryimage\"},\"image\":{\"@id\":\"https:\/\/www.hongtaivalve.com\/product\/sanitary-stainless-steel-304-316l-clamped-reducer-pipeline-cross\/#primaryimage\"},\"thumbnailUrl\":\"https:\/\/www.hongtaivalve.com\/wp-content\/uploads\/2024\/05\/MG_4698.jpg\",\"datePublished\":\"2024-05-15T13:53:06+00:00\",\"dateModified\":\"2024-12-27T07:02:54+00:00\",\"breadcrumb\":{\"@id\":\"https:\/\/www.hongtaivalve.com\/product\/sanitary-stainless-steel-304-316l-clamped-reducer-pipeline-cross\/#breadcrumb\"},\"inLanguage\":\"pt-PT\",\"potentialAction\":[{\"@type\":\"ReadAction\",\"target\":[\"https:\/\/www.hongtaivalve.com\/product\/sanitary-stainless-steel-304-316l-clamped-reducer-pipeline-cross\/\"]}]},{\"@type\":\"ImageObject\",\"inLanguage\":\"pt-PT\",\"@id\":\"https:\/\/www.hongtaivalve.com\/product\/sanitary-stainless-steel-304-316l-clamped-reducer-pipeline-cross\/#primaryimage\",\"url\":\"https:\/\/www.hongtaivalve.com\/wp-content\/uploads\/2024\/05\/MG_4698.jpg\",\"contentUrl\":\"https:\/\/www.hongtaivalve.com\/wp-content\/uploads\/2024\/05\/MG_4698.jpg\",\"width\":1024,\"height\":768},{\"@type\":\"BreadcrumbList\",\"@id\":\"https:\/\/www.hongtaivalve.com\/product\/sanitary-stainless-steel-304-316l-clamped-reducer-pipeline-cross\/#breadcrumb\",\"itemListElement\":[{\"@type\":\"ListItem\",\"position\":1,\"name\":\"\u9996\u9875\",\"item\":\"https:\/\/www.hongtaivalve.com\/\"},{\"@type\":\"ListItem\",\"position\":2,\"name\":\"Product\",\"item\":\"https:\/\/www.hongtaivalve.com\/product\/\"},{\"@type\":\"ListItem\",\"position\":3,\"name\":\"HongTaivalve-Sanitary stainless steel 304 316L clamped reducer Pipeline Cross-size dn15-dn150-HTV-PC001\"}]},{\"@type\":\"WebSite\",\"@id\":\"https:\/\/www.hongtaivalve.com\/#website\",\"url\":\"https:\/\/www.hongtaivalve.com\/\",\"name\":\"Wenzhou HongTai Fluid Equipment Co.Ltd\",\"description\":\"\",\"potentialAction\":[{\"@type\":\"SearchAction\",\"target\":{\"@type\":\"EntryPoint\",\"urlTemplate\":\"https:\/\/www.hongtaivalve.com\/?s={search_term_string}\"},\"query-input\":{\"@type\":\"PropertyValueSpecification\",\"valueRequired\":true,\"valueName\":\"search_term_string\"}}],\"inLanguage\":\"pt-PT\"}]}<\/script>\n<!-- \/ Yoast SEO plugin. -->","yoast_head_json":{"title":"HongTaivalve-Sanitary stainless steel 304 316L clamped reducer Pipeline Cross-size dn15-dn150-HTV-PC001 - Wenzhou HongTai Fluid Equipment Co.Ltd","robots":{"index":"index","follow":"follow","max-snippet":"max-snippet:-1","max-image-preview":"max-image-preview:large","max-video-preview":"max-video-preview:-1"},"canonical":"https:\/\/www.hongtaivalve.com\/pt\/produto\/sanitary-stainless-steel-304-316l-clamped-reducer-pipeline-cross\/","og_locale":"pt_PT","og_type":"article","og_title":"HongTaivalve-Sanitary stainless steel 304 316L clamped reducer Pipeline Cross-size dn15-dn150-HTV-PC001 - Wenzhou HongTai Fluid Equipment Co.Ltd","og_description":"Model No. HT-CRS002     Max Working Pressure 1.0mpa\/10Bars Connection End Triclamp\/Weld\/Thread\/Flange   Max Working Temperature 150\u00b0C Operation By Manual,Pneumatic,Electric   Body Material SS316L,SS304 Sealing Material Silicone, EPDM, Viton, PTFE, or NBR   Inner Surface finish Ra 0.5\u03bcm External Surface finish:  \u03bcm   Specification 1\/2\"-6\" Certification Raw material report\/finished quality report   HS CODE 7307290000 Finish Mirror polish or Matt polish   Raw Material technique Forging or Casting Processing Machine LG Mazak CNC Machine   Design Standard 3A or DIN,SMS,ISO\/IDF Application Food or Beverage industrial Usage   Transport Package Foamed Plastic+Wooden case Origin Wenzhou China","og_url":"https:\/\/www.hongtaivalve.com\/pt\/produto\/sanitary-stainless-steel-304-316l-clamped-reducer-pipeline-cross\/","og_site_name":"Wenzhou HongTai Fluid Equipment Co.Ltd","article_modified_time":"2024-12-27T07:02:54+00:00","og_image":[{"width":1024,"height":768,"url":"https:\/\/www.hongtaivalve.com\/wp-content\/uploads\/2024\/05\/MG_4698.jpg","type":"image\/jpeg"}],"twitter_card":"summary_large_image","twitter_misc":{"Tempo estimado de leitura":"5 minutos"},"schema":{"@context":"https:\/\/schema.org","@graph":[{"@type":"WebPage","@id":"https:\/\/www.hongtaivalve.com\/product\/sanitary-stainless-steel-304-316l-clamped-reducer-pipeline-cross\/","url":"https:\/\/www.hongtaivalve.com\/product\/sanitary-stainless-steel-304-316l-clamped-reducer-pipeline-cross\/","name":"HongTaivalve-Sanitary stainless steel 304 316L clamped reducer Pipeline Cross-size dn15-dn150-HTV-PC001 - Wenzhou HongTai Fluid Equipment Co.Ltd","isPartOf":{"@id":"https:\/\/www.hongtaivalve.com\/#website"},"primaryImageOfPage":{"@id":"https:\/\/www.hongtaivalve.com\/product\/sanitary-stainless-steel-304-316l-clamped-reducer-pipeline-cross\/#primaryimage"},"image":{"@id":"https:\/\/www.hongtaivalve.com\/product\/sanitary-stainless-steel-304-316l-clamped-reducer-pipeline-cross\/#primaryimage"},"thumbnailUrl":"https:\/\/www.hongtaivalve.com\/wp-content\/uploads\/2024\/05\/MG_4698.jpg","datePublished":"2024-05-15T13:53:06+00:00","dateModified":"2024-12-27T07:02:54+00:00","breadcrumb":{"@id":"https:\/\/www.hongtaivalve.com\/product\/sanitary-stainless-steel-304-316l-clamped-reducer-pipeline-cross\/#breadcrumb"},"inLanguage":"pt-PT","potentialAction":[{"@type":"ReadAction","target":["https:\/\/www.hongtaivalve.com\/product\/sanitary-stainless-steel-304-316l-clamped-reducer-pipeline-cross\/"]}]},{"@type":"ImageObject","inLanguage":"pt-PT","@id":"https:\/\/www.hongtaivalve.com\/product\/sanitary-stainless-steel-304-316l-clamped-reducer-pipeline-cross\/#primaryimage","url":"https:\/\/www.hongtaivalve.com\/wp-content\/uploads\/2024\/05\/MG_4698.jpg","contentUrl":"https:\/\/www.hongtaivalve.com\/wp-content\/uploads\/2024\/05\/MG_4698.jpg","width":1024,"height":768},{"@type":"BreadcrumbList","@id":"https:\/\/www.hongtaivalve.com\/product\/sanitary-stainless-steel-304-316l-clamped-reducer-pipeline-cross\/#breadcrumb","itemListElement":[{"@type":"ListItem","position":1,"name":"\u9996\u9875","item":"https:\/\/www.hongtaivalve.com\/"},{"@type":"ListItem","position":2,"name":"Product","item":"https:\/\/www.hongtaivalve.com\/product\/"},{"@type":"ListItem","position":3,"name":"HongTaivalve-Sanitary stainless steel 304 316L clamped reducer Pipeline Cross-size dn15-dn150-HTV-PC001"}]},{"@type":"WebSite","@id":"https:\/\/www.hongtaivalve.com\/#website","url":"https:\/\/www.hongtaivalve.com\/","name":"Wenzhou HongTai Fluid Equipment Co.Ltd","description":"","potentialAction":[{"@type":"SearchAction","target":{"@type":"EntryPoint","urlTemplate":"https:\/\/www.hongtaivalve.com\/?s={search_term_string}"},"query-input":{"@type":"PropertyValueSpecification","valueRequired":true,"valueName":"search_term_string"}}],"inLanguage":"pt-PT"}]}},"_links":{"self":[{"href":"https:\/\/www.hongtaivalve.com\/pt\/wp-json\/wp\/v2\/product\/5407","targetHints":{"allow":["GET"]}}],"collection":[{"href":"https:\/\/www.hongtaivalve.com\/pt\/wp-json\/wp\/v2\/product"}],"about":[{"href":"https:\/\/www.hongtaivalve.com\/pt\/wp-json\/wp\/v2\/types\/product"}],"replies":[{"embeddable":true,"href":"https:\/\/www.hongtaivalve.com\/pt\/wp-json\/wp\/v2\/comments?post=5407"}],"wp:featuredmedia":[{"embeddable":true,"href":"https:\/\/www.hongtaivalve.com\/pt\/wp-json\/wp\/v2\/media\/5409"}],"wp:attachment":[{"href":"https:\/\/www.hongtaivalve.com\/pt\/wp-json\/wp\/v2\/media?parent=5407"}],"wp:term":[{"taxonomy":"product_brand","embeddable":true,"href":"https:\/\/www.hongtaivalve.com\/pt\/wp-json\/wp\/v2\/product_brand?post=5407"},{"taxonomy":"product_cat","embeddable":true,"href":"https:\/\/www.hongtaivalve.com\/pt\/wp-json\/wp\/v2\/product_cat?post=5407"},{"taxonomy":"product_tag","embeddable":true,"href":"https:\/\/www.hongtaivalve.com\/pt\/wp-json\/wp\/v2\/product_tag?post=5407"}],"curies":[{"name":"wp","href":"https:\/\/api.w.org\/{rel}","templated":true}]}}