{"id":5412,"date":"2024-05-15T13:57:27","date_gmt":"2024-05-15T13:57:27","guid":{"rendered":"http:\/\/www.hongtaivalve.com\/?post_type=product&#038;p=5412"},"modified":"2025-04-27T08:24:22","modified_gmt":"2025-04-27T08:24:22","slug":"sanitary-triclamp-high-quality-y-pipe-strainer","status":"publish","type":"product","link":"https:\/\/www.hongtaivalve.com\/pt\/produto\/sanitary-triclamp-high-quality-y-pipe-strainer\/","title":{"rendered":"HongTaivalve-Trincheira sanit\u00e1ria de alta qualidade para tubo em Y - tamanho dn15-dn150-HTV-YPS001"},"content":{"rendered":"<div>**Product Description: Sanitary Y-Type Strainer**<\/div>\n<div><\/div>\n<div>The **Sanitary Y-Type Strainer** is a high-efficiency filtration device designed for hygienic applications in industries such as food and beverage, pharmaceuticals, biotechnology, and cosmetics. It ensures the removal of particulate contaminants from process fluids while maintaining strict sanitary standards.<\/div>\n<div><\/div>\n<div>**Key Features:**<\/div>\n<div>1. **Material Construction**:<\/div>\n<div>\u00a0 \u00a0&#8211; Body: 316L or 304 stainless steel, electropolished (Ra \u2264 0.8 \u03bcm) for superior corrosion resistance and cleanability.<\/div>\n<div>\u00a0 \u00a0&#8211; Surface Finish: Compliant with FDA, 3-A, and EHEDG standards.<\/div>\n<div><\/div>\n<div>2. **Filter Element (Strainer Basket)**:<\/div>\n<div>\u00a0 \u00a0&#8211; **Filter Media**: Stainless steel woven wire mesh (AISI 316L), providing durability and compatibility with CIP\/SIP processes.<\/div>\n<div>\u00a0 \u00a0&#8211; **Mesh Size Options**:<\/div>\n<div>\u00a0 \u00a0 \u00a0&#8211; **20\u2013200 mesh** (standard range, customizable upon request).<\/div>\n<div>\u00a0 \u00a0 \u00a0&#8211; Corresponding nominal filtration ratings:<\/div>\n<div>\u00a0 \u00a0 \u00a0 \u00a0&#8211; 20 mesh (850 \u03bcm)<\/div>\n<div>\u00a0 \u00a0 \u00a0 \u00a0&#8211; 100 mesh (150 \u03bcm)<\/div>\n<div>\u00a0 \u00a0 \u00a0 \u00a0&#8211; 200 mesh (75 \u03bcm)<\/div>\n<div>\u00a0 \u00a0&#8211; **Structure**: Multi-layered reinforced mesh or single-layer design, welded for integrity and easy replacement.<\/div>\n<div><\/div>\n<div>3. **Design**:<\/div>\n<div>\u00a0 \u00a0&#8211; Compact Y-shaped configuration for minimal pressure drop and optimal flow dynamics.<\/div>\n<div>\u00a0 \u00a0&#8211; Tri-clamp, DIN\/SMS, or threaded connections (1\/2&#8243; to 6&#8243; sizes).<\/div>\n<div>\u00a0 \u00a0&#8211; Leak-proof seals (FDA-grade EPDM, silicone, or PTFE gaskets).<\/div>\n<div><\/div>\n<div>4. **Applications**:<\/div>\n<div>\u00a0 \u00a0&#8211; Protection of pumps, valves, and sensitive equipment from debris.<\/div>\n<div>\u00a0 \u00a0&#8211; Pre-filtration in sterile processes, fluid transfer, and CIP systems.<\/div>\n<div><\/div>\n<div>5. **Technical Specifications**:<\/div>\n<div>\u00a0 \u00a0&#8211; Temperature Range: -20\u00b0C to 150\u00b0C (-4\u00b0F to 302\u00b0F).<\/div>\n<div>\u00a0 \u00a0&#8211; Pressure Rating: 0.6\u20131.6 MPa (customizable for higher pressures).<\/div>\n<div>\u00a0 \u00a0&#8211; Certifications: Complies with ASME BPE, GMP, and ISO 9001.<\/div>\n<div><\/div>\n<div>**Customization**: Mesh sizes, materials, and connection types can be tailored to meet specific process requirements.<\/div>\n<div><\/div>\n<div><\/div>\n<p><a href=\"http:\/\/www.hongtaivalve.com\/wp-content\/uploads\/2024\/04\/Y\u578b-\u56fe\u7eb8_\u526f\u672c-1.png\"><img fetchpriority=\"high\" decoding=\"async\" class=\"alignnone size-full wp-image-4944\" src=\"http:\/\/www.hongtaivalve.com\/wp-content\/uploads\/2024\/04\/Y\u578b-\u56fe\u7eb8_\u526f\u672c-1.png\" alt=\"\" width=\"1088\" height=\"767\" srcset=\"https:\/\/www.hongtaivalve.com\/wp-content\/uploads\/2024\/04\/Y\u578b-\u56fe\u7eb8_\u526f\u672c-1.png 1088w, https:\/\/www.hongtaivalve.com\/wp-content\/uploads\/2024\/04\/Y\u578b-\u56fe\u7eb8_\u526f\u672c-1-800x564.png 800w, https:\/\/www.hongtaivalve.com\/wp-content\/uploads\/2024\/04\/Y\u578b-\u56fe\u7eb8_\u526f\u672c-1-300x211.png 300w, https:\/\/www.hongtaivalve.com\/wp-content\/uploads\/2024\/04\/Y\u578b-\u56fe\u7eb8_\u526f\u672c-1-1024x722.png 1024w, https:\/\/www.hongtaivalve.com\/wp-content\/uploads\/2024\/04\/Y\u578b-\u56fe\u7eb8_\u526f\u672c-1-768x541.png 768w, https:\/\/www.hongtaivalve.com\/wp-content\/uploads\/2024\/04\/Y\u578b-\u56fe\u7eb8_\u526f\u672c-1-220x154.png 220w\" sizes=\"(max-width: 1088px) 100vw, 1088px\" \/><\/a><\/p>\n<p><strong>Sobre n\u00f3s<\/strong><\/p>\n<p>Na HongTai, somos especializados em v\u00e1lvulas sanit\u00e1rias de alta qualidade e acess\u00f3rios para tubos de a\u00e7o inoxid\u00e1vel, atendendo a ind\u00fastrias-chave como farmac\u00eautica, processamento de alimentos e produtos qu\u00edmicos. Fabricados em a\u00e7o inoxid\u00e1vel 304, 316 e 316L de primeira qualidade, os nossos produtos oferecem uma excelente resist\u00eancia \u00e0 corros\u00e3o e s\u00e3o fabricados utilizando t\u00e9cnicas de fabrico avan\u00e7adas, como o corte a laser e a soldadura de precis\u00e3o. Concebidas para higiene e integridade dos fluidos, as v\u00e1lvulas da HongTai s\u00e3o a escolha ideal para ind\u00fastrias que exigem uma limpeza \u00f3ptima e um desempenho duradouro.<\/p>\n<p><a href=\"https:\/\/www.hongtaivalve.com\/wp-content\/uploads\/2024\/12\/2efad8255a88820383829ce2a75fcb9.jpg\"><img decoding=\"async\" class=\"wp-image-5948 aligncenter\" src=\"https:\/\/www.hongtaivalve.com\/wp-content\/uploads\/2024\/12\/2efad8255a88820383829ce2a75fcb9.jpg\" alt=\"\" width=\"494\" height=\"320\" srcset=\"https:\/\/www.hongtaivalve.com\/wp-content\/uploads\/2024\/12\/2efad8255a88820383829ce2a75fcb9.jpg 985w, https:\/\/www.hongtaivalve.com\/wp-content\/uploads\/2024\/12\/2efad8255a88820383829ce2a75fcb9-300x194.jpg 300w, https:\/\/www.hongtaivalve.com\/wp-content\/uploads\/2024\/12\/2efad8255a88820383829ce2a75fcb9-768x497.jpg 768w, https:\/\/www.hongtaivalve.com\/wp-content\/uploads\/2024\/12\/2efad8255a88820383829ce2a75fcb9-18x12.jpg 18w, https:\/\/www.hongtaivalve.com\/wp-content\/uploads\/2024\/12\/2efad8255a88820383829ce2a75fcb9-800x518.jpg 800w\" sizes=\"(max-width: 494px) 100vw, 494px\" \/><\/a><\/p>\n<p><strong>Porqu\u00ea escolher-nos<\/strong><\/p>\n<p><strong>Garantia de qualidade:<\/strong>\u00a0Mantemos um controlo rigoroso de todas as fases de produ\u00e7\u00e3o, desde as mat\u00e9rias-primas at\u00e9 aos produtos acabados, garantindo a conformidade com a norma ISO9001 e certifica\u00e7\u00f5es internacionais, incluindo as normas 3A, DIN e ISO.<\/p>\n<p><strong>Experi\u00eancia no sector:<\/strong>\u00a0D\u00e9cadas de experi\u00eancia no fornecimento de solu\u00e7\u00f5es para ind\u00fastrias cr\u00edticas como a alimentar, a de bebidas e a farmac\u00eautica.<\/p>\n<p><strong>Tecnologia avan\u00e7ada:<\/strong>\u00a0As nossas instala\u00e7\u00f5es de \u00faltima gera\u00e7\u00e3o, incluindo tornos CNC e ferramentas de precis\u00e3o regularmente actualizados, garantem uma elevada precis\u00e3o de superf\u00edcie e toler\u00e2ncias apertadas para cada produto.<\/p>\n<p><strong>100% Inspe\u00e7\u00e3o:<\/strong>\u00a0Todos os produtos s\u00e3o submetidos a testes rigorosos, incluindo dete\u00e7\u00e3o de tamanho e de fugas nas v\u00e1lvulas, para garantir uma qualidade impec\u00e1vel antes de sa\u00edrem das nossas instala\u00e7\u00f5es.<\/p>\n<p><strong>Alcance global:<\/strong>\u00a0Empresas de todo o mundo confiam na nossa qualidade consistente e na entrega atempada.<\/p>\n<p>Escolha a HongTai para obter fiabilidade, desempenho e inova\u00e7\u00e3o inigual\u00e1veis em solu\u00e7\u00f5es de v\u00e1lvulas e acess\u00f3rios para tubos.<\/p>\n<p>&nbsp;<\/p>\n<p><strong>Contactar-nos<\/strong><br \/>\nPara mais informa\u00e7\u00f5es ou para discutir as suas necessidades, contacte-nos atrav\u00e9s de:<br \/>\nCorreio eletr\u00f3nico: ht@htcdf.com<br \/>\nwhatsapp: (86)18875809195<br \/>\nTamb\u00e9m pode visitar o nosso\u00a0<a href=\"https:\/\/www.hongtaivalve.com\/pt\/contact-us\/\" target=\"_blank\" rel=\"noopener\">Contactar-nos<\/a>\u00a0para mais formas de entrar em contacto.<\/p>","protected":false},"excerpt":{"rendered":"<table>\n<tbody>\n<tr>\n<td width=\"207\"><strong><b>Modelo n.<\/b><\/strong><\/td>\n<td width=\"217\">HT-FLT005<\/td>\n<td width=\"214\"><\/td>\n<td width=\"348\"><\/td>\n<\/tr>\n<tr>\n<td><strong><b>Press\u00e3o m\u00e1xima de trabalho<\/b><\/strong><\/td>\n<td>1.0mpa\/10Bars<\/td>\n<td><strong><b>Extremidade da liga\u00e7\u00e3o<\/b><\/strong><\/td>\n<td>Fixa\u00e7\u00e3o com parafusos de fixa\u00e7\u00e3o<\/td>\n<\/tr>\n<tr>\n<td><strong><b>Temperatura m\u00e1xima de funcionamento<\/b><\/strong><\/td>\n<td>150\u00b0C<\/td>\n<td><strong><b>Funcionamento<\/b><\/strong><\/td>\n<td>Por manual,<\/td>\n<\/tr>\n<tr>\n<td><strong><b>Material da carro\u00e7aria<\/b><\/strong><\/td>\n<td>SS316L,SS304,<\/td>\n<td><strong><b>Material de veda\u00e7\u00e3o<\/b><\/strong><\/td>\n<td>Silicone, EPDM, Viton, PTFE ou NBR<\/td>\n<\/tr>\n<tr>\n<td><strong><b>Acabamento da superf\u00edcie interior<\/b><\/strong><\/td>\n<td>Ra 0,5\u03bcm<\/td>\n<td><strong><b>Acabamento da superf\u00edcie externa: <\/b><\/strong><\/td>\n<td>Ra 0,8\u03bcm<\/td>\n<\/tr>\n<tr>\n<td><strong><b>Especifica\u00e7\u00e3o<\/b><\/strong><\/td>\n<td>1\/2&#8243;-6&#8243;<\/td>\n<td><strong><b>Certifica\u00e7\u00e3o<\/b><\/strong><\/td>\n<td>Relat\u00f3rio de mat\u00e9rias-primas\/relat\u00f3rio de qualidade final<\/td>\n<\/tr>\n<tr>\n<td><strong><b>C\u00d3DIGO SH<\/b><\/strong><\/td>\n<td>7307290000<\/td>\n<td><strong><b>Acabamento<\/b><\/strong><\/td>\n<td>Polimento espelhado ou polimento mate<\/td>\n<\/tr>\n<tr>\n<td><strong><b>T\u00e9cnica das mat\u00e9rias-primas<\/b><\/strong><\/td>\n<td>Forjamento ou fundi\u00e7\u00e3o<\/td>\n<td><strong><b>M\u00e1quina de processamento<\/b><\/strong><\/td>\n<td>M\u00e1quina CNC LG Mazak<\/td>\n<\/tr>\n<tr>\n<td><strong><b>Norma de conce\u00e7\u00e3o<\/b><\/strong><\/td>\n<td>3A ou DIN, SMS, ISO\/IDF<\/td>\n<td><strong><b>Aplica\u00e7\u00e3o<\/b><\/strong><\/td>\n<td>Utiliza\u00e7\u00e3o industrial de alimentos ou bebidas<\/td>\n<\/tr>\n<tr>\n<td><strong><b>Pacote de transporte<\/b><\/strong><\/td>\n<td>Pl\u00e1stico espumado + caixa de madeira<\/td>\n<td><strong><b>Origem<\/b><\/strong><\/td>\n<td>Wenzhou China<\/td>\n<\/tr>\n<\/tbody>\n<\/table>","protected":false},"featured_media":5416,"comment_status":"open","ping_status":"closed","template":"","meta":[],"product_brand":[],"product_cat":[111],"product_tag":[],"class_list":{"0":"post-5412","1":"product","2":"type-product","3":"status-publish","4":"has-post-thumbnail","6":"product_cat-filter-strainer","8":"first","9":"instock","10":"shipping-taxable","11":"product-type-simple"},"yoast_head":"<!-- This site is optimized with the Yoast SEO plugin v24.6 - https:\/\/yoast.com\/wordpress\/plugins\/seo\/ -->\n<title>Sanitary Y-Type Strainer in SUS304 and sus316L<\/title>\n<meta name=\"description\" content=\"Stainless steel food-grade sanitary strainer with mesh size 20 to 200 for food and beverage, pharmaceuticals, biotechnology, and cosmetics\" \/>\n<meta name=\"robots\" content=\"index, follow, max-snippet:-1, max-image-preview:large, max-video-preview:-1\" \/>\n<link rel=\"canonical\" href=\"https:\/\/www.hongtaivalve.com\/pt\/produto\/sanitary-triclamp-high-quality-y-pipe-strainer\/\" \/>\n<meta property=\"og:locale\" content=\"pt_PT\" \/>\n<meta property=\"og:type\" content=\"article\" \/>\n<meta property=\"og:title\" content=\"Sanitary Y-Type Strainer in SUS304 and sus316L\" \/>\n<meta property=\"og:description\" content=\"Stainless steel food-grade sanitary strainer with mesh size 20 to 200 for food and beverage, pharmaceuticals, biotechnology, and cosmetics\" \/>\n<meta property=\"og:url\" content=\"https:\/\/www.hongtaivalve.com\/pt\/produto\/sanitary-triclamp-high-quality-y-pipe-strainer\/\" \/>\n<meta property=\"og:site_name\" content=\"Wenzhou HongTai Fluid Equipment Co.Ltd\" \/>\n<meta property=\"article:modified_time\" content=\"2025-04-27T08:24:22+00:00\" \/>\n<meta property=\"og:image\" content=\"https:\/\/www.hongtaivalve.com\/wp-content\/uploads\/2024\/05\/MG_4631.jpg\" \/>\n\t<meta property=\"og:image:width\" content=\"1024\" \/>\n\t<meta property=\"og:image:height\" content=\"768\" \/>\n\t<meta property=\"og:image:type\" content=\"image\/jpeg\" \/>\n<meta name=\"twitter:card\" content=\"summary_large_image\" \/>\n<meta name=\"twitter:label1\" content=\"Tempo estimado de leitura\" \/>\n\t<meta name=\"twitter:data1\" content=\"4 minutos\" \/>\n<script type=\"application\/ld+json\" class=\"yoast-schema-graph\">{\"@context\":\"https:\/\/schema.org\",\"@graph\":[{\"@type\":\"WebPage\",\"@id\":\"https:\/\/www.hongtaivalve.com\/product\/sanitary-triclamp-high-quality-y-pipe-strainer\/\",\"url\":\"https:\/\/www.hongtaivalve.com\/product\/sanitary-triclamp-high-quality-y-pipe-strainer\/\",\"name\":\"Sanitary Y-Type Strainer in SUS304 and sus316L\",\"isPartOf\":{\"@id\":\"https:\/\/www.hongtaivalve.com\/#website\"},\"primaryImageOfPage\":{\"@id\":\"https:\/\/www.hongtaivalve.com\/product\/sanitary-triclamp-high-quality-y-pipe-strainer\/#primaryimage\"},\"image\":{\"@id\":\"https:\/\/www.hongtaivalve.com\/product\/sanitary-triclamp-high-quality-y-pipe-strainer\/#primaryimage\"},\"thumbnailUrl\":\"https:\/\/www.hongtaivalve.com\/wp-content\/uploads\/2024\/05\/MG_4631.jpg\",\"datePublished\":\"2024-05-15T13:57:27+00:00\",\"dateModified\":\"2025-04-27T08:24:22+00:00\",\"description\":\"Stainless steel food-grade sanitary strainer with mesh size 20 to 200 for food and beverage, pharmaceuticals, biotechnology, and cosmetics\",\"breadcrumb\":{\"@id\":\"https:\/\/www.hongtaivalve.com\/product\/sanitary-triclamp-high-quality-y-pipe-strainer\/#breadcrumb\"},\"inLanguage\":\"pt-PT\",\"potentialAction\":[{\"@type\":\"ReadAction\",\"target\":[\"https:\/\/www.hongtaivalve.com\/product\/sanitary-triclamp-high-quality-y-pipe-strainer\/\"]}]},{\"@type\":\"ImageObject\",\"inLanguage\":\"pt-PT\",\"@id\":\"https:\/\/www.hongtaivalve.com\/product\/sanitary-triclamp-high-quality-y-pipe-strainer\/#primaryimage\",\"url\":\"https:\/\/www.hongtaivalve.com\/wp-content\/uploads\/2024\/05\/MG_4631.jpg\",\"contentUrl\":\"https:\/\/www.hongtaivalve.com\/wp-content\/uploads\/2024\/05\/MG_4631.jpg\",\"width\":1024,\"height\":768},{\"@type\":\"BreadcrumbList\",\"@id\":\"https:\/\/www.hongtaivalve.com\/product\/sanitary-triclamp-high-quality-y-pipe-strainer\/#breadcrumb\",\"itemListElement\":[{\"@type\":\"ListItem\",\"position\":1,\"name\":\"\u9996\u9875\",\"item\":\"https:\/\/www.hongtaivalve.com\/\"},{\"@type\":\"ListItem\",\"position\":2,\"name\":\"Product\",\"item\":\"https:\/\/www.hongtaivalve.com\/product\/\"},{\"@type\":\"ListItem\",\"position\":3,\"name\":\"HongTaivalve-Sanitary triclamp high quality Y pipe strainer-size dn15-dn150-HTV-YPS001\"}]},{\"@type\":\"WebSite\",\"@id\":\"https:\/\/www.hongtaivalve.com\/#website\",\"url\":\"https:\/\/www.hongtaivalve.com\/\",\"name\":\"Wenzhou HongTai Fluid Equipment Co.Ltd\",\"description\":\"\",\"potentialAction\":[{\"@type\":\"SearchAction\",\"target\":{\"@type\":\"EntryPoint\",\"urlTemplate\":\"https:\/\/www.hongtaivalve.com\/?s={search_term_string}\"},\"query-input\":{\"@type\":\"PropertyValueSpecification\",\"valueRequired\":true,\"valueName\":\"search_term_string\"}}],\"inLanguage\":\"pt-PT\"}]}<\/script>\n<!-- \/ Yoast SEO plugin. -->","yoast_head_json":{"title":"Sanitary Y-Type Strainer in SUS304 and sus316L","description":"Stainless steel food-grade sanitary strainer with mesh size 20 to 200 for food and beverage, pharmaceuticals, biotechnology, and cosmetics","robots":{"index":"index","follow":"follow","max-snippet":"max-snippet:-1","max-image-preview":"max-image-preview:large","max-video-preview":"max-video-preview:-1"},"canonical":"https:\/\/www.hongtaivalve.com\/pt\/produto\/sanitary-triclamp-high-quality-y-pipe-strainer\/","og_locale":"pt_PT","og_type":"article","og_title":"Sanitary Y-Type Strainer in SUS304 and sus316L","og_description":"Stainless steel food-grade sanitary strainer with mesh size 20 to 200 for food and beverage, pharmaceuticals, biotechnology, and cosmetics","og_url":"https:\/\/www.hongtaivalve.com\/pt\/produto\/sanitary-triclamp-high-quality-y-pipe-strainer\/","og_site_name":"Wenzhou HongTai Fluid Equipment Co.Ltd","article_modified_time":"2025-04-27T08:24:22+00:00","og_image":[{"width":1024,"height":768,"url":"https:\/\/www.hongtaivalve.com\/wp-content\/uploads\/2024\/05\/MG_4631.jpg","type":"image\/jpeg"}],"twitter_card":"summary_large_image","twitter_misc":{"Tempo estimado de leitura":"4 minutos"},"schema":{"@context":"https:\/\/schema.org","@graph":[{"@type":"WebPage","@id":"https:\/\/www.hongtaivalve.com\/product\/sanitary-triclamp-high-quality-y-pipe-strainer\/","url":"https:\/\/www.hongtaivalve.com\/product\/sanitary-triclamp-high-quality-y-pipe-strainer\/","name":"Sanitary Y-Type Strainer in SUS304 and sus316L","isPartOf":{"@id":"https:\/\/www.hongtaivalve.com\/#website"},"primaryImageOfPage":{"@id":"https:\/\/www.hongtaivalve.com\/product\/sanitary-triclamp-high-quality-y-pipe-strainer\/#primaryimage"},"image":{"@id":"https:\/\/www.hongtaivalve.com\/product\/sanitary-triclamp-high-quality-y-pipe-strainer\/#primaryimage"},"thumbnailUrl":"https:\/\/www.hongtaivalve.com\/wp-content\/uploads\/2024\/05\/MG_4631.jpg","datePublished":"2024-05-15T13:57:27+00:00","dateModified":"2025-04-27T08:24:22+00:00","description":"Stainless steel food-grade sanitary strainer with mesh size 20 to 200 for food and beverage, pharmaceuticals, biotechnology, and cosmetics","breadcrumb":{"@id":"https:\/\/www.hongtaivalve.com\/product\/sanitary-triclamp-high-quality-y-pipe-strainer\/#breadcrumb"},"inLanguage":"pt-PT","potentialAction":[{"@type":"ReadAction","target":["https:\/\/www.hongtaivalve.com\/product\/sanitary-triclamp-high-quality-y-pipe-strainer\/"]}]},{"@type":"ImageObject","inLanguage":"pt-PT","@id":"https:\/\/www.hongtaivalve.com\/product\/sanitary-triclamp-high-quality-y-pipe-strainer\/#primaryimage","url":"https:\/\/www.hongtaivalve.com\/wp-content\/uploads\/2024\/05\/MG_4631.jpg","contentUrl":"https:\/\/www.hongtaivalve.com\/wp-content\/uploads\/2024\/05\/MG_4631.jpg","width":1024,"height":768},{"@type":"BreadcrumbList","@id":"https:\/\/www.hongtaivalve.com\/product\/sanitary-triclamp-high-quality-y-pipe-strainer\/#breadcrumb","itemListElement":[{"@type":"ListItem","position":1,"name":"\u9996\u9875","item":"https:\/\/www.hongtaivalve.com\/"},{"@type":"ListItem","position":2,"name":"Product","item":"https:\/\/www.hongtaivalve.com\/product\/"},{"@type":"ListItem","position":3,"name":"HongTaivalve-Sanitary triclamp high quality Y pipe strainer-size dn15-dn150-HTV-YPS001"}]},{"@type":"WebSite","@id":"https:\/\/www.hongtaivalve.com\/#website","url":"https:\/\/www.hongtaivalve.com\/","name":"Wenzhou HongTai Fluid Equipment Co.Ltd","description":"","potentialAction":[{"@type":"SearchAction","target":{"@type":"EntryPoint","urlTemplate":"https:\/\/www.hongtaivalve.com\/?s={search_term_string}"},"query-input":{"@type":"PropertyValueSpecification","valueRequired":true,"valueName":"search_term_string"}}],"inLanguage":"pt-PT"}]}},"_links":{"self":[{"href":"https:\/\/www.hongtaivalve.com\/pt\/wp-json\/wp\/v2\/product\/5412","targetHints":{"allow":["GET"]}}],"collection":[{"href":"https:\/\/www.hongtaivalve.com\/pt\/wp-json\/wp\/v2\/product"}],"about":[{"href":"https:\/\/www.hongtaivalve.com\/pt\/wp-json\/wp\/v2\/types\/product"}],"replies":[{"embeddable":true,"href":"https:\/\/www.hongtaivalve.com\/pt\/wp-json\/wp\/v2\/comments?post=5412"}],"wp:featuredmedia":[{"embeddable":true,"href":"https:\/\/www.hongtaivalve.com\/pt\/wp-json\/wp\/v2\/media\/5416"}],"wp:attachment":[{"href":"https:\/\/www.hongtaivalve.com\/pt\/wp-json\/wp\/v2\/media?parent=5412"}],"wp:term":[{"taxonomy":"product_brand","embeddable":true,"href":"https:\/\/www.hongtaivalve.com\/pt\/wp-json\/wp\/v2\/product_brand?post=5412"},{"taxonomy":"product_cat","embeddable":true,"href":"https:\/\/www.hongtaivalve.com\/pt\/wp-json\/wp\/v2\/product_cat?post=5412"},{"taxonomy":"product_tag","embeddable":true,"href":"https:\/\/www.hongtaivalve.com\/pt\/wp-json\/wp\/v2\/product_tag?post=5412"}],"curies":[{"name":"wp","href":"https:\/\/api.w.org\/{rel}","templated":true}]}}