{"id":5417,"date":"2024-05-15T14:10:57","date_gmt":"2024-05-15T14:10:57","guid":{"rendered":"http:\/\/www.hongtaivalve.com\/?post_type=product&#038;p=5417"},"modified":"2024-12-12T06:01:33","modified_gmt":"2024-12-12T06:01:33","slug":"sanitary-cip-long-type-rovolving-tank-spray-ball","status":"publish","type":"product","link":"https:\/\/www.hongtaivalve.com\/pt\/produto\/sanitary-cip-long-type-rovolving-tank-spray-ball\/","title":{"rendered":"Esfera de pulveriza\u00e7\u00e3o do tanque girat\u00f3rio HongTaivalve-Sanitary CIP tamanho 1\/4 \"a 2\" - HTV-SB001-"},"content":{"rendered":"<p>Esfor\u00e7o:<\/p>\n<p>1 Limpeza de alta efici\u00eancia: As esferas de limpeza geram uma forte for\u00e7a de esfregamento atrav\u00e9s da rota\u00e7\u00e3o a alta velocidade, que pode limpar completamente as superf\u00edcies internas de tanques, tubos, etc. Este m\u00e9todo de limpeza eficiente garante a limpeza do equipamento de produ\u00e7\u00e3o e evita problemas de qualidade causados por contamina\u00e7\u00e3o. 2 Seguran\u00e7a sanit\u00e1ria: O material higi\u00e9nico de a\u00e7o inoxid\u00e1vel tem uma excelente resist\u00eancia \u00e0 corros\u00e3o e n\u00e3o enferruja nem produz subst\u00e2ncias nocivas, garantindo a seguran\u00e7a e a higiene do processo de limpeza. Este material cumpre as rigorosas normas de higiene nas ind\u00fastrias alimentar e farmac\u00eautica e evita a polui\u00e7\u00e3o secund\u00e1ria causada pelas ferramentas de limpeza. 3 Instala\u00e7\u00e3o e remo\u00e7\u00e3o r\u00e1pidas: O design de montagem r\u00e1pida facilita a instala\u00e7\u00e3o e remo\u00e7\u00e3o das esferas de limpeza, melhorando a efici\u00eancia do trabalho. Em situa\u00e7\u00f5es em que a limpeza tem de ser feita frequentemente, este design pode reduzir significativamente o tempo de inatividade e os custos de m\u00e3o de obra. 4 Versatilidade: As bolas de limpeza higi\u00e9nicas de montagem r\u00e1pida em a\u00e7o inoxid\u00e1vel podem ser utilizadas em equipamentos com diferentes formas e tamanhos, como tanques e tubos, e t\u00eam uma forte universalidade e adaptabilidade. Quer se trate de uma grande linha de produ\u00e7\u00e3o ou de um pequeno equipamento de laborat\u00f3rio, podem ser encontradas bolas de limpeza adequadas para a limpeza. 5 Prolongar a vida \u00fatil do equipamento: A utiliza\u00e7\u00e3o regular de bolas de limpeza para limpeza pode remover a sujidade e os res\u00edduos das superf\u00edcies do equipamento, reduzindo o desgaste e a corros\u00e3o do equipamento e prolongando a sua vida \u00fatil.<\/p>\n<p>As bolas de pulveriza\u00e7\u00e3o s\u00e3o utilizadas na ind\u00fastria das bebidas para a limpeza interna de latas e tubos. Fermentadores ou tanques de agita\u00e7\u00e3o podem ser regados internamente com \u00e1gua e\/ou produtos qu\u00edmicos, formando uma pel\u00edcula residual nas paredes do recipiente, limpando os res\u00edduos e desinfectando secundariamente o tanque. A bola de pulveriza\u00e7\u00e3o CIP n\u00e3o s\u00f3 \u00e9 mais r\u00e1pida, como tamb\u00e9m mais segura para os trabalhadores, uma vez que n\u00e3o requer esfregamento manual e contacto com produtos de limpeza.<\/p>\n<p>Rodar vs. Fixar\/trancar<br \/>\nTal como os bra\u00e7os rotativos das ventoinhas el\u00e9ctricas, as bolas de pulveriza\u00e7\u00e3o rotativas oferecem vantagens de limpeza em rela\u00e7\u00e3o aos sistemas CIP fixos ou de pinos. Uma esfera de pulveriza\u00e7\u00e3o rotativa pulverizar\u00e1 a dist\u00e2ncia e a for\u00e7a melhor do que uma esfera de pulveriza\u00e7\u00e3o fixa e pode produzir um efeito de esfrega e proporcionar uma melhor cobertura. Uma esfera de pulveriza\u00e7\u00e3o fixa pode n\u00e3o proporcionar impacto suficiente ou, se algum canto ficar bloqueado, especialmente num balde de tritura\u00e7\u00e3o ou numa panela de infus\u00e3o, cria frequentemente um \"ponto morto\" que tem de ser limpo manualmente.<br \/>\nAl\u00e9m disso, a esfera de limpeza rotativa utiliza menos l\u00edquido de lavagem a baixa press\u00e3o, pelo que \u00e9 uma alternativa eficaz \u00e0 tradicional esfera de pulveriza\u00e7\u00e3o fixa. A utiliza\u00e7\u00e3o de rolamentos de esferas duplos na cabe\u00e7a rotativa torna a s\u00e9rie de esferas de limpeza modificadas adequada para todas as aplica\u00e7\u00f5es de limpeza sanit\u00e1ria e industrial<\/p>\n<p>Tamanho: DN15, DN20, DN25, DN32, DN40, DN50, DN65 1\/2\u2033-2 1\/2\u2033<\/p>\n<p>&nbsp;<\/p>\n<h2><span style=\"color: #ff0000;\">Instru\u00e7\u00f5es de embalagem do produto\uff1a<\/span><\/h2>\n<p>Cada produto \u00e9 primeiro embalado individualmente num saco de espuma, depois cuidadosamente colocado numa caixa de cart\u00e3o designada. Por fim, \u00e9 paletizado ou embalado num caixote de madeira para exporta\u00e7\u00e3o. Todo o processo de embalagem \u00e9 rigorosamente executado para evitar quaisquer danos durante o transporte.<\/p>\n<p><a href=\"http:\/\/www.hongtaivalve.com\/wp-content\/uploads\/2024\/05\/MG_4648.jpg\"><img fetchpriority=\"high\" decoding=\"async\" class=\"alignnone size-full wp-image-5419\" src=\"http:\/\/www.hongtaivalve.com\/wp-content\/uploads\/2024\/05\/MG_4648.jpg\" alt=\"\" width=\"1024\" height=\"768\" srcset=\"https:\/\/www.hongtaivalve.com\/wp-content\/uploads\/2024\/05\/MG_4648.jpg 1024w, https:\/\/www.hongtaivalve.com\/wp-content\/uploads\/2024\/05\/MG_4648-800x600.jpg 800w, https:\/\/www.hongtaivalve.com\/wp-content\/uploads\/2024\/05\/MG_4648-300x225.jpg 300w, https:\/\/www.hongtaivalve.com\/wp-content\/uploads\/2024\/05\/MG_4648-768x576.jpg 768w\" sizes=\"(max-width: 1024px) 100vw, 1024px\" \/><\/a><\/p>","protected":false},"excerpt":{"rendered":"<table>\n<tbody>\n<tr>\n<td width=\"207\"><strong><b>Modelo n.<\/b><\/strong><\/td>\n<td width=\"217\">HT-SPB003<\/td>\n<td width=\"214\"><\/td>\n<td width=\"348\"><\/td>\n<\/tr>\n<tr>\n<td><strong><b>Press\u00e3o m\u00e1xima de trabalho<\/b><\/strong><\/td>\n<td>1.0mpa\/10Bars<\/td>\n<td><strong><b>Extremidade da liga\u00e7\u00e3o<\/b><\/strong><\/td>\n<td>Triclamp\/Solda\/Rosca\/Flange<\/td>\n<\/tr>\n<tr>\n<td><strong><b>Temperatura m\u00e1xima de funcionamento<\/b><\/strong><\/td>\n<td>150\u00b0C<\/td>\n<td><strong><b>Funcionamento<\/b><\/strong><\/td>\n<td>Manual, pneum\u00e1tico, el\u00e9trico<\/td>\n<\/tr>\n<tr>\n<td><strong><b>Material da carro\u00e7aria<\/b><\/strong><\/td>\n<td>SS316L,SS304<\/td>\n<td><strong><b>Material de veda\u00e7\u00e3o<\/b><\/strong><\/td>\n<td>Silicone, EPDM, Viton, PTFE ou NBR<\/td>\n<\/tr>\n<tr>\n<td><strong><b>Acabamento da superf\u00edcie interior<\/b><\/strong><\/td>\n<td>Ra 0,5\u03bcm<\/td>\n<td><strong><b>Acabamento da superf\u00edcie externa: <\/b><\/strong><\/td>\n<td>Ra 0,8\u03bcm<\/td>\n<\/tr>\n<tr>\n<td><strong><b>Especifica\u00e7\u00e3o<\/b><\/strong><\/td>\n<td>1\/2&#8243;-12&#8243;<\/td>\n<td><strong><b>Certifica\u00e7\u00e3o<\/b><\/strong><\/td>\n<td>Relat\u00f3rio de mat\u00e9rias-primas\/relat\u00f3rio de qualidade final<\/td>\n<\/tr>\n<tr>\n<td><strong><b>C\u00d3DIGO SH<\/b><\/strong><\/td>\n<td>7307290000<\/td>\n<td><strong><b>Acabamento<\/b><\/strong><\/td>\n<td>Polimento espelhado ou polimento mate<\/td>\n<\/tr>\n<tr>\n<td><strong><b>T\u00e9cnica das mat\u00e9rias-primas<\/b><\/strong><\/td>\n<td>Forjamento ou fundi\u00e7\u00e3o<\/td>\n<td><strong><b>M\u00e1quina de processamento<\/b><\/strong><\/td>\n<td>M\u00e1quina CNC LG Mazak<\/td>\n<\/tr>\n<tr>\n<td><strong><b>Norma de conce\u00e7\u00e3o<\/b><\/strong><\/td>\n<td>3A ou DIN, SMS, ISO\/IDF<\/td>\n<td><strong><b>Aplica\u00e7\u00e3o<\/b><\/strong><\/td>\n<td>Utiliza\u00e7\u00e3o industrial de alimentos ou bebidas<\/td>\n<\/tr>\n<tr>\n<td><strong><b>Pacote de transporte<\/b><\/strong><\/td>\n<td>Pl\u00e1stico espumado + caixa de madeira<\/td>\n<td><strong><b>Origem<\/b><\/strong><\/td>\n<td>Wenzhou China<\/td>\n<\/tr>\n<\/tbody>\n<\/table>","protected":false},"featured_media":5419,"comment_status":"open","ping_status":"closed","template":"","meta":[],"product_brand":[],"product_cat":[107],"product_tag":[],"class_list":{"0":"post-5417","1":"product","2":"type-product","3":"status-publish","4":"has-post-thumbnail","6":"product_cat-extractions-tank-accessories","8":"first","9":"instock","10":"shipping-taxable","11":"product-type-simple"},"yoast_head":"<!-- This site is optimized with the Yoast SEO plugin v24.6 - https:\/\/yoast.com\/wordpress\/plugins\/seo\/ -->\n<title>HongTaivalve-Sanitary CIP rovolving tank spray ball-size 1\/4&quot; to 2&quot;-HTV-SB001- Wenzhou HongTai Fluid Equipment Co.Ltd<\/title>\n<meta name=\"robots\" content=\"index, follow, max-snippet:-1, max-image-preview:large, max-video-preview:-1\" \/>\n<link rel=\"canonical\" href=\"https:\/\/www.hongtaivalve.com\/pt\/produto\/sanitary-cip-long-type-rovolving-tank-spray-ball\/\" \/>\n<meta property=\"og:locale\" content=\"pt_PT\" \/>\n<meta property=\"og:type\" content=\"article\" \/>\n<meta property=\"og:title\" content=\"HongTaivalve-Sanitary CIP rovolving tank spray ball-size 1\/4&quot; to 2&quot;-HTV-SB001- Wenzhou HongTai Fluid Equipment Co.Ltd\" \/>\n<meta property=\"og:description\" content=\"Model No. HT-SPB003     Max Working Pressure 1.0mpa\/10Bars Connection End Triclamp\/Weld\/Thread\/Flange   Max Working Temperature 150\u00b0C Operation By Manual,Pneumatic,Electric   Body Material SS316L,SS304 Sealing Material Silicone, EPDM, Viton, PTFE, or NBR   Inner Surface finish Ra 0.5\u03bcm External Surface finish:  Ra 0.8\u03bcm   Specification 1\/2&quot;-12&quot; Certification Raw material report\/finished quality report   HS CODE 7307290000 Finish Mirror polish or Matt polish   Raw Material technique Forging or Casting Processing Machine LG Mazak CNC Machine   Design Standard 3A or DIN,SMS,ISO\/IDF Application Food or Beverage industrial Usage   Transport Package Foamed Plastic+Wooden case Origin Wenzhou China\" \/>\n<meta property=\"og:url\" content=\"https:\/\/www.hongtaivalve.com\/pt\/produto\/sanitary-cip-long-type-rovolving-tank-spray-ball\/\" \/>\n<meta property=\"og:site_name\" content=\"Wenzhou HongTai Fluid Equipment Co.Ltd\" \/>\n<meta property=\"article:modified_time\" content=\"2024-12-12T06:01:33+00:00\" \/>\n<meta property=\"og:image\" content=\"https:\/\/www.hongtaivalve.com\/wp-content\/uploads\/2024\/05\/MG_4648.jpg\" \/>\n\t<meta property=\"og:image:width\" content=\"1024\" \/>\n\t<meta property=\"og:image:height\" content=\"768\" \/>\n\t<meta property=\"og:image:type\" content=\"image\/jpeg\" \/>\n<meta name=\"twitter:card\" content=\"summary_large_image\" \/>\n<meta name=\"twitter:label1\" content=\"Tempo estimado de leitura\" \/>\n\t<meta name=\"twitter:data1\" content=\"3 minutos\" \/>\n<script type=\"application\/ld+json\" class=\"yoast-schema-graph\">{\"@context\":\"https:\/\/schema.org\",\"@graph\":[{\"@type\":\"WebPage\",\"@id\":\"https:\/\/www.hongtaivalve.com\/product\/sanitary-cip-long-type-rovolving-tank-spray-ball\/\",\"url\":\"https:\/\/www.hongtaivalve.com\/product\/sanitary-cip-long-type-rovolving-tank-spray-ball\/\",\"name\":\"HongTaivalve-Sanitary CIP rovolving tank spray ball-size 1\/4\\\" to 2\\\"-HTV-SB001- Wenzhou HongTai Fluid Equipment Co.Ltd\",\"isPartOf\":{\"@id\":\"https:\/\/www.hongtaivalve.com\/#website\"},\"primaryImageOfPage\":{\"@id\":\"https:\/\/www.hongtaivalve.com\/product\/sanitary-cip-long-type-rovolving-tank-spray-ball\/#primaryimage\"},\"image\":{\"@id\":\"https:\/\/www.hongtaivalve.com\/product\/sanitary-cip-long-type-rovolving-tank-spray-ball\/#primaryimage\"},\"thumbnailUrl\":\"https:\/\/www.hongtaivalve.com\/wp-content\/uploads\/2024\/05\/MG_4648.jpg\",\"datePublished\":\"2024-05-15T14:10:57+00:00\",\"dateModified\":\"2024-12-12T06:01:33+00:00\",\"breadcrumb\":{\"@id\":\"https:\/\/www.hongtaivalve.com\/product\/sanitary-cip-long-type-rovolving-tank-spray-ball\/#breadcrumb\"},\"inLanguage\":\"pt-PT\",\"potentialAction\":[{\"@type\":\"ReadAction\",\"target\":[\"https:\/\/www.hongtaivalve.com\/product\/sanitary-cip-long-type-rovolving-tank-spray-ball\/\"]}]},{\"@type\":\"ImageObject\",\"inLanguage\":\"pt-PT\",\"@id\":\"https:\/\/www.hongtaivalve.com\/product\/sanitary-cip-long-type-rovolving-tank-spray-ball\/#primaryimage\",\"url\":\"https:\/\/www.hongtaivalve.com\/wp-content\/uploads\/2024\/05\/MG_4648.jpg\",\"contentUrl\":\"https:\/\/www.hongtaivalve.com\/wp-content\/uploads\/2024\/05\/MG_4648.jpg\",\"width\":1024,\"height\":768},{\"@type\":\"BreadcrumbList\",\"@id\":\"https:\/\/www.hongtaivalve.com\/product\/sanitary-cip-long-type-rovolving-tank-spray-ball\/#breadcrumb\",\"itemListElement\":[{\"@type\":\"ListItem\",\"position\":1,\"name\":\"\u9996\u9875\",\"item\":\"https:\/\/www.hongtaivalve.com\/\"},{\"@type\":\"ListItem\",\"position\":2,\"name\":\"Product\",\"item\":\"https:\/\/www.hongtaivalve.com\/product\/\"},{\"@type\":\"ListItem\",\"position\":3,\"name\":\"HongTaivalve-Sanitary CIP rovolving tank spray ball-size 1\/4&#8243; to 2&#8243;-HTV-SB001-\"}]},{\"@type\":\"WebSite\",\"@id\":\"https:\/\/www.hongtaivalve.com\/#website\",\"url\":\"https:\/\/www.hongtaivalve.com\/\",\"name\":\"Wenzhou HongTai Fluid Equipment Co.Ltd\",\"description\":\"\",\"potentialAction\":[{\"@type\":\"SearchAction\",\"target\":{\"@type\":\"EntryPoint\",\"urlTemplate\":\"https:\/\/www.hongtaivalve.com\/?s={search_term_string}\"},\"query-input\":{\"@type\":\"PropertyValueSpecification\",\"valueRequired\":true,\"valueName\":\"search_term_string\"}}],\"inLanguage\":\"pt-PT\"}]}<\/script>\n<!-- \/ Yoast SEO plugin. -->","yoast_head_json":{"title":"HongTaivalve-Sanitary CIP rovolving tank spray ball-size 1\/4\" to 2\"-HTV-SB001- Wenzhou HongTai Fluid Equipment Co.Ltd","robots":{"index":"index","follow":"follow","max-snippet":"max-snippet:-1","max-image-preview":"max-image-preview:large","max-video-preview":"max-video-preview:-1"},"canonical":"https:\/\/www.hongtaivalve.com\/pt\/produto\/sanitary-cip-long-type-rovolving-tank-spray-ball\/","og_locale":"pt_PT","og_type":"article","og_title":"HongTaivalve-Sanitary CIP rovolving tank spray ball-size 1\/4\" to 2\"-HTV-SB001- Wenzhou HongTai Fluid Equipment Co.Ltd","og_description":"Model No. HT-SPB003     Max Working Pressure 1.0mpa\/10Bars Connection End Triclamp\/Weld\/Thread\/Flange   Max Working Temperature 150\u00b0C Operation By Manual,Pneumatic,Electric   Body Material SS316L,SS304 Sealing Material Silicone, EPDM, Viton, PTFE, or NBR   Inner Surface finish Ra 0.5\u03bcm External Surface finish:  Ra 0.8\u03bcm   Specification 1\/2\"-12\" Certification Raw material report\/finished quality report   HS CODE 7307290000 Finish Mirror polish or Matt polish   Raw Material technique Forging or Casting Processing Machine LG Mazak CNC Machine   Design Standard 3A or DIN,SMS,ISO\/IDF Application Food or Beverage industrial Usage   Transport Package Foamed Plastic+Wooden case Origin Wenzhou China","og_url":"https:\/\/www.hongtaivalve.com\/pt\/produto\/sanitary-cip-long-type-rovolving-tank-spray-ball\/","og_site_name":"Wenzhou HongTai Fluid Equipment Co.Ltd","article_modified_time":"2024-12-12T06:01:33+00:00","og_image":[{"width":1024,"height":768,"url":"https:\/\/www.hongtaivalve.com\/wp-content\/uploads\/2024\/05\/MG_4648.jpg","type":"image\/jpeg"}],"twitter_card":"summary_large_image","twitter_misc":{"Tempo estimado de leitura":"3 minutos"},"schema":{"@context":"https:\/\/schema.org","@graph":[{"@type":"WebPage","@id":"https:\/\/www.hongtaivalve.com\/product\/sanitary-cip-long-type-rovolving-tank-spray-ball\/","url":"https:\/\/www.hongtaivalve.com\/product\/sanitary-cip-long-type-rovolving-tank-spray-ball\/","name":"HongTaivalve-Sanitary CIP rovolving tank spray ball-size 1\/4\" to 2\"-HTV-SB001- Wenzhou HongTai Fluid Equipment Co.Ltd","isPartOf":{"@id":"https:\/\/www.hongtaivalve.com\/#website"},"primaryImageOfPage":{"@id":"https:\/\/www.hongtaivalve.com\/product\/sanitary-cip-long-type-rovolving-tank-spray-ball\/#primaryimage"},"image":{"@id":"https:\/\/www.hongtaivalve.com\/product\/sanitary-cip-long-type-rovolving-tank-spray-ball\/#primaryimage"},"thumbnailUrl":"https:\/\/www.hongtaivalve.com\/wp-content\/uploads\/2024\/05\/MG_4648.jpg","datePublished":"2024-05-15T14:10:57+00:00","dateModified":"2024-12-12T06:01:33+00:00","breadcrumb":{"@id":"https:\/\/www.hongtaivalve.com\/product\/sanitary-cip-long-type-rovolving-tank-spray-ball\/#breadcrumb"},"inLanguage":"pt-PT","potentialAction":[{"@type":"ReadAction","target":["https:\/\/www.hongtaivalve.com\/product\/sanitary-cip-long-type-rovolving-tank-spray-ball\/"]}]},{"@type":"ImageObject","inLanguage":"pt-PT","@id":"https:\/\/www.hongtaivalve.com\/product\/sanitary-cip-long-type-rovolving-tank-spray-ball\/#primaryimage","url":"https:\/\/www.hongtaivalve.com\/wp-content\/uploads\/2024\/05\/MG_4648.jpg","contentUrl":"https:\/\/www.hongtaivalve.com\/wp-content\/uploads\/2024\/05\/MG_4648.jpg","width":1024,"height":768},{"@type":"BreadcrumbList","@id":"https:\/\/www.hongtaivalve.com\/product\/sanitary-cip-long-type-rovolving-tank-spray-ball\/#breadcrumb","itemListElement":[{"@type":"ListItem","position":1,"name":"\u9996\u9875","item":"https:\/\/www.hongtaivalve.com\/"},{"@type":"ListItem","position":2,"name":"Product","item":"https:\/\/www.hongtaivalve.com\/product\/"},{"@type":"ListItem","position":3,"name":"HongTaivalve-Sanitary CIP rovolving tank spray ball-size 1\/4&#8243; to 2&#8243;-HTV-SB001-"}]},{"@type":"WebSite","@id":"https:\/\/www.hongtaivalve.com\/#website","url":"https:\/\/www.hongtaivalve.com\/","name":"Wenzhou HongTai Fluid Equipment Co.Ltd","description":"","potentialAction":[{"@type":"SearchAction","target":{"@type":"EntryPoint","urlTemplate":"https:\/\/www.hongtaivalve.com\/?s={search_term_string}"},"query-input":{"@type":"PropertyValueSpecification","valueRequired":true,"valueName":"search_term_string"}}],"inLanguage":"pt-PT"}]}},"_links":{"self":[{"href":"https:\/\/www.hongtaivalve.com\/pt\/wp-json\/wp\/v2\/product\/5417","targetHints":{"allow":["GET"]}}],"collection":[{"href":"https:\/\/www.hongtaivalve.com\/pt\/wp-json\/wp\/v2\/product"}],"about":[{"href":"https:\/\/www.hongtaivalve.com\/pt\/wp-json\/wp\/v2\/types\/product"}],"replies":[{"embeddable":true,"href":"https:\/\/www.hongtaivalve.com\/pt\/wp-json\/wp\/v2\/comments?post=5417"}],"wp:featuredmedia":[{"embeddable":true,"href":"https:\/\/www.hongtaivalve.com\/pt\/wp-json\/wp\/v2\/media\/5419"}],"wp:attachment":[{"href":"https:\/\/www.hongtaivalve.com\/pt\/wp-json\/wp\/v2\/media?parent=5417"}],"wp:term":[{"taxonomy":"product_brand","embeddable":true,"href":"https:\/\/www.hongtaivalve.com\/pt\/wp-json\/wp\/v2\/product_brand?post=5417"},{"taxonomy":"product_cat","embeddable":true,"href":"https:\/\/www.hongtaivalve.com\/pt\/wp-json\/wp\/v2\/product_cat?post=5417"},{"taxonomy":"product_tag","embeddable":true,"href":"https:\/\/www.hongtaivalve.com\/pt\/wp-json\/wp\/v2\/product_tag?post=5417"}],"curies":[{"name":"wp","href":"https:\/\/api.w.org\/{rel}","templated":true}]}}