{"id":5533,"date":"2024-12-13T02:39:10","date_gmt":"2024-12-13T02:39:10","guid":{"rendered":"https:\/\/www.hongtaivalve.com\/?post_type=product&#038;p=5533"},"modified":"2025-04-25T05:22:15","modified_gmt":"2025-04-25T05:22:15","slug":"hongtaivalve-plate-heat-exchangers-size-dn15-dn150-htv-phe001","status":"publish","type":"product","link":"https:\/\/www.hongtaivalve.com\/pt\/produto\/hongtaivalve-plate-heat-exchangers-size-dn15-dn150-htv-phe001\/","title":{"rendered":"HongTaivalve-PLATE HEAT EXCHANGERS-tamanho dn15-dn150-HTV-PHE001"},"content":{"rendered":"<p style=\"text-align: center;\"><strong>\u4e00\u3001Vis\u00e3o geral do permutador de calor de placas<\/strong><\/p>\n<ol>\n<li>O permutador de calor de placas \u00e9 um equipamento ideal para troca de calor indireta e arrefecimento por dois tipos de fluidos com temperaturas diferentes atrav\u00e9s da superf\u00edcie da placa. Tem as carater\u00edsticas de alta efici\u00eancia de troca de calor, alta taxa de recupera\u00e7\u00e3o de calor, pequena perda de calor, pequena \u00e1rea de piso, combina\u00e7\u00e3o e montagem flex\u00edveis, opera\u00e7\u00e3o simples, instala\u00e7\u00e3o e desmontagem convenientes, longa vida \u00fatil, baixo investimento e uso seguro.<\/li>\n<\/ol>\n<ol start=\"2\">\n<li>O trocador de calor de placas \u00e9 usado no processamento de alimentos e bebidas \uff1a<\/li>\n<\/ol>\n<p>(1) Todos os tipos de produtos l\u00e1cteos: leite fresco, leite em p\u00f3, bebidas l\u00e1cteas, iogurte, etc;<\/p>\n<p>(2) Bebida \u00e0 base de prote\u00ednas vegetais: leite de amendoim, ch\u00e1 de leite, leite de soja, leite de soja<\/p>\n<p>bebidas, etc;<\/p>\n<p>(3) Bebidas \u00e0 base de sumo: sumo de fruta fresca, ch\u00e1 de fruta, etc;<\/p>\n<p>(4) Bebidas refrescantes de ch\u00e1: bebidas de ch\u00e1, bebidas de ra\u00edzes de cana, bebidas de frutas e legumes, etc;<\/p>\n<p>(5) Condimentos: molho de soja, vinagre de arroz, sumo de tomate, molho doce e picante, etc;<\/p>\n<p>(6) Produtos cervejeiros: cerveja, vinho de arroz, vinho de arroz, vinho, etc.<\/p>\n<ol start=\"3\">\n<li>Aplica\u00e7\u00e3o noutros tratamentos de l\u00edquidos industriais:<\/li>\n<\/ol>\n<p>Farmac\u00eautica, impress\u00e3o e tingimento, aquecimento e ventila\u00e7\u00e3o, ind\u00fastria qu\u00edmica, central el\u00e9ctrica, aquecimento de banhos, petr\u00f3leo, metalurgia \u00c1gua quente dom\u00e9stica, navios, maquinaria, fabrico de papel, t\u00eaxtil, utiliza\u00e7\u00e3o geot\u00e9rmica, prote\u00e7\u00e3o ambiental, refrigera\u00e7\u00e3o.<\/p>\n<ol start=\"4\">\n<li>Em compara\u00e7\u00e3o com outros permutadores de calor:<\/li>\n<\/ol>\n<p>Com a mesma perda de press\u00e3o, o coeficiente de transfer\u00eancia de calor do permutador de calor de placas \u00e9 3-5 vezes superior ao do permutador de calor de tubos, a \u00e1rea de pavimento do permutador de calor de placas \u00e9 apenas um ter\u00e7o da do permutador de calor de tubos e a taxa de recupera\u00e7\u00e3o de calor pode atingir 90%<\/p>\n<p style=\"text-align: center;\"><strong>\u4e8c\u3001 Estrutura do permutador de calor de placas<\/strong><\/p>\n<p>Os componentes estruturais do permutador de calor de placas s\u00e3o do tipo estrutura de suporte duplo: principalmente placa, borracha do permutador de calor, placa de prensagem fixa, placa de prensagem m\u00f3vel, haste de guia superior\/inferior, suporte, conjunto de parafusos de fixa\u00e7\u00e3o, pe\u00e7as rolantes, tubo de liga\u00e7\u00e3o, etc.<\/p>\n<p style=\"text-align: center;\"><strong>\u4e09\u3001Placa de permutador de calor de placas<\/strong><\/p>\n<ol>\n<li>O n\u00famero de placas necess\u00e1rias num permutador de calor de placas depende do seu<\/li>\n<\/ol>\n<p>tipo e \u00e1rea quadrada. O espa\u00e7o entre as placas adjacentes forma o canal de<\/p>\n<p>fluido.<\/p>\n<p>A placa \u00e9 feita de a\u00e7o inoxid\u00e1vel SUS304 ou a\u00e7o inoxid\u00e1vel SUS316L<\/p>\n<p>ou chapa especial ap\u00f3s corte e prensagem em v\u00e1rias formas onduladas,<\/p>\n<p>incluindo geralmente placas onduladas e em espinha.<\/p>\n<p>Estas ondas t\u00eam as tr\u00eas fun\u00e7\u00f5es seguintes:<\/p>\n<p>\uff081\uff09Aumentar a \u00e1rea efectiva de transfer\u00eancia de calor\uff1b<\/p>\n<p>\uff082\uff09Depois que as placas s\u00e3o montadas, as placas corrugadas entram em contato umas com as outras para formar<\/p>\n<p>numerosos contactos, o que refor\u00e7a a<\/p>\n<p>O a\u00e7o e a dureza da placa tornam-na capaz de suportar a grande diferen\u00e7a de press\u00e3o<\/p>\n<p>entre os dois canais.<\/p>\n<p>\uff083\uff09Faz com que o meio seja facilmente turbulento no canal de fluxo e diminui a velocidade<\/p>\n<p>a velocidade de forma\u00e7\u00e3o da sujidade.<\/p>\n<h2><span style=\"color: #ff0000;\">Instru\u00e7\u00f5es de embalagem do produto\uff1a<\/span><\/h2>\n<p>Cada produto \u00e9 primeiro embalado individualmente num saco de espuma, depois cuidadosamente colocado numa caixa de cart\u00e3o designada. Por fim, \u00e9 paletizado ou embalado num caixote de madeira para exporta\u00e7\u00e3o. Todo o processo de embalagem \u00e9 rigorosamente executado para evitar quaisquer danos durante o transporte.<\/p>\n<p>&nbsp;<\/p>\n<p><a href=\"https:\/\/www.hongtaivalve.com\/wp-content\/uploads\/2024\/12\/d35632a1eee0894f8d9e9a99b795137.jpg\"><img fetchpriority=\"high\" decoding=\"async\" class=\"alignnone size-full wp-image-5986\" src=\"https:\/\/www.hongtaivalve.com\/wp-content\/uploads\/2024\/12\/d35632a1eee0894f8d9e9a99b795137.jpg\" alt=\"\" width=\"800\" height=\"800\" srcset=\"https:\/\/www.hongtaivalve.com\/wp-content\/uploads\/2024\/12\/d35632a1eee0894f8d9e9a99b795137.jpg 800w, https:\/\/www.hongtaivalve.com\/wp-content\/uploads\/2024\/12\/d35632a1eee0894f8d9e9a99b795137-300x300.jpg 300w, https:\/\/www.hongtaivalve.com\/wp-content\/uploads\/2024\/12\/d35632a1eee0894f8d9e9a99b795137-150x150.jpg 150w, https:\/\/www.hongtaivalve.com\/wp-content\/uploads\/2024\/12\/d35632a1eee0894f8d9e9a99b795137-768x768.jpg 768w, https:\/\/www.hongtaivalve.com\/wp-content\/uploads\/2024\/12\/d35632a1eee0894f8d9e9a99b795137-12x12.jpg 12w, https:\/\/www.hongtaivalve.com\/wp-content\/uploads\/2024\/12\/d35632a1eee0894f8d9e9a99b795137-100x100.jpg 100w\" sizes=\"(max-width: 800px) 100vw, 800px\" \/><\/a><\/p>\n<p><strong>Sobre n\u00f3s<\/strong><\/p>\n<p>Na HongTai, somos especializados em v\u00e1lvulas sanit\u00e1rias de alta qualidade e acess\u00f3rios para tubos de a\u00e7o inoxid\u00e1vel, atendendo a ind\u00fastrias-chave como farmac\u00eautica, processamento de alimentos e produtos qu\u00edmicos. Fabricados em a\u00e7o inoxid\u00e1vel 304, 316 e 316L de primeira qualidade, os nossos produtos oferecem uma excelente resist\u00eancia \u00e0 corros\u00e3o e s\u00e3o fabricados utilizando t\u00e9cnicas de fabrico avan\u00e7adas, como o corte a laser e a soldadura de precis\u00e3o. Concebidas para higiene e integridade dos fluidos, as v\u00e1lvulas da HongTai s\u00e3o a escolha ideal para ind\u00fastrias que exigem uma limpeza \u00f3ptima e um desempenho duradouro.<\/p>\n<p><a href=\"https:\/\/www.hongtaivalve.com\/wp-content\/uploads\/2024\/12\/2efad8255a88820383829ce2a75fcb9-1.jpg\"><img decoding=\"async\" class=\"wp-image-5949 aligncenter\" src=\"https:\/\/www.hongtaivalve.com\/wp-content\/uploads\/2024\/12\/2efad8255a88820383829ce2a75fcb9-1.jpg\" alt=\"\" width=\"533\" height=\"345\" srcset=\"https:\/\/www.hongtaivalve.com\/wp-content\/uploads\/2024\/12\/2efad8255a88820383829ce2a75fcb9-1.jpg 985w, https:\/\/www.hongtaivalve.com\/wp-content\/uploads\/2024\/12\/2efad8255a88820383829ce2a75fcb9-1-300x194.jpg 300w, https:\/\/www.hongtaivalve.com\/wp-content\/uploads\/2024\/12\/2efad8255a88820383829ce2a75fcb9-1-768x497.jpg 768w, https:\/\/www.hongtaivalve.com\/wp-content\/uploads\/2024\/12\/2efad8255a88820383829ce2a75fcb9-1-18x12.jpg 18w, https:\/\/www.hongtaivalve.com\/wp-content\/uploads\/2024\/12\/2efad8255a88820383829ce2a75fcb9-1-800x518.jpg 800w\" sizes=\"(max-width: 533px) 100vw, 533px\" \/><\/a><\/p>\n<p><strong>Porqu\u00ea escolher-nos<\/strong><\/p>\n<p><strong>Garantia de qualidade:<\/strong>\u00a0Mantemos um controlo rigoroso de todas as fases de produ\u00e7\u00e3o, desde as mat\u00e9rias-primas at\u00e9 aos produtos acabados, garantindo a conformidade com a norma ISO9001 e certifica\u00e7\u00f5es internacionais, incluindo as normas 3A, DIN e ISO.<\/p>\n<p><strong>Experi\u00eancia no sector:<\/strong>\u00a0D\u00e9cadas de experi\u00eancia no fornecimento de solu\u00e7\u00f5es para ind\u00fastrias cr\u00edticas como a alimentar, a de bebidas e a farmac\u00eautica.<\/p>\n<p><strong>Tecnologia avan\u00e7ada:<\/strong>\u00a0As nossas instala\u00e7\u00f5es de \u00faltima gera\u00e7\u00e3o, incluindo tornos CNC e ferramentas de precis\u00e3o regularmente actualizados, garantem uma elevada precis\u00e3o de superf\u00edcie e toler\u00e2ncias apertadas para cada produto.<\/p>\n<p><strong>100% Inspe\u00e7\u00e3o:<\/strong>\u00a0Todos os produtos s\u00e3o submetidos a testes rigorosos, incluindo dete\u00e7\u00e3o de tamanho e de fugas nas v\u00e1lvulas, para garantir uma qualidade impec\u00e1vel antes de sa\u00edrem das nossas instala\u00e7\u00f5es.<\/p>\n<p><strong>Alcance global:<\/strong>\u00a0Empresas de todo o mundo confiam na nossa qualidade consistente e na entrega atempada.<\/p>\n<p>Escolha a HongTai para obter fiabilidade, desempenho e inova\u00e7\u00e3o inigual\u00e1veis em solu\u00e7\u00f5es de v\u00e1lvulas e acess\u00f3rios para tubos.<\/p>\n<p>&nbsp;<\/p>\n<p><strong>Contactar-nos<\/strong><br \/>\nPara mais informa\u00e7\u00f5es ou para discutir as suas necessidades, contacte-nos atrav\u00e9s de:<br \/>\nCorreio eletr\u00f3nico: ht@htcdf.com<br \/>\nwhatsapp: (86)18875809195<br \/>\nTamb\u00e9m pode visitar o nosso\u00a0<a href=\"https:\/\/www.hongtaivalve.com\/pt\/contact-us\/\">Contactar-nos<\/a>\u00a0para mais formas de entrar em contacto.<\/p>\n<p>&nbsp;<\/p>","protected":false},"excerpt":{"rendered":"<table style=\"height: 259px;\" width=\"1012\">\n<tbody>\n<tr>\n<td width=\"207\"><strong><b>Modelo n.<\/b><\/strong><\/td>\n<td width=\"217\">HT-PHE001<\/td>\n<td width=\"214\"><strong><b>Certifica\u00e7\u00e3o<\/b><\/strong><\/td>\n<td width=\"348\">Relat\u00f3rio de mat\u00e9rias-primas\/relat\u00f3rio de qualidade final<\/td>\n<\/tr>\n<tr>\n<td><strong>Peso<\/strong><\/td>\n<td>1025KG<\/td>\n<td>\u00a0<strong><b>Acabamento<\/b><\/strong><\/td>\n<td>Polimento espelhado ou polimento mate<\/td>\n<\/tr>\n<tr>\n<td><strong>Imprensa de design<\/strong><\/td>\n<td>0,7MPa<\/td>\n<td><strong><b>M\u00e1quina de processamento<\/b><\/strong><\/td>\n<td>M\u00e1quina CNC LG Mazak<\/td>\n<\/tr>\n<tr>\n<td><strong>Prensa de teste<\/strong><\/td>\n<td>1.0MPa<\/td>\n<td><strong><b>Aplica\u00e7\u00e3o<\/b><\/strong><\/td>\n<td>Utiliza\u00e7\u00e3o industrial de alimentos ou bebidas<\/td>\n<\/tr>\n<tr>\n<td><strong>Temperatura de projeto<\/strong><\/td>\n<td>150\u2103<\/td>\n<td><strong><b>Origem<\/b><\/strong><\/td>\n<td>Wenzhou China<\/td>\n<\/tr>\n<tr>\n<td><strong>Material da placa<\/strong><\/td>\n<td>SUS316L<\/td>\n<td><\/td>\n<td><\/td>\n<\/tr>\n<tr>\n<td><strong><b>Norma de conce\u00e7\u00e3o<\/b><\/strong><\/td>\n<td>3A ou DIN, SMS, ISO\/IDF<\/td>\n<td><\/td>\n<td><\/td>\n<\/tr>\n<tr>\n<td><strong><b>Pacote de transporte<\/b><\/strong><\/td>\n<td>Pl\u00e1stico espumado + caixa de madeira<\/td>\n<td><\/td>\n<td><\/td>\n<\/tr>\n<tr>\n<td><\/td>\n<td><\/td>\n<td><\/td>\n<td><\/td>\n<\/tr>\n<tr>\n<td><\/td>\n<td><\/td>\n<td><\/td>\n<td><\/td>\n<\/tr>\n<\/tbody>\n<\/table>","protected":false},"featured_media":5987,"comment_status":"open","ping_status":"closed","template":"","meta":[],"product_brand":[],"product_cat":[116],"product_tag":[],"class_list":{"0":"post-5533","1":"product","2":"type-product","3":"status-publish","4":"has-post-thumbnail","6":"product_cat-others","8":"first","9":"instock","10":"shipping-taxable","11":"product-type-simple"},"yoast_head":"<!-- This site is optimized with the Yoast SEO plugin v24.6 - https:\/\/yoast.com\/wordpress\/plugins\/seo\/ -->\n<title>sus304 sus316L-Plate heat exchanger for food grade piping system<\/title>\n<meta name=\"description\" content=\"Plate heat exchanger is an ideal equipment for indirect heat exchange and cooling by two kinds of fluids with different temperatures\" \/>\n<meta name=\"robots\" content=\"index, follow, max-snippet:-1, max-image-preview:large, max-video-preview:-1\" \/>\n<link rel=\"canonical\" href=\"https:\/\/www.hongtaivalve.com\/pt\/produto\/hongtaivalve-plate-heat-exchangers-size-dn15-dn150-htv-phe001\/\" \/>\n<meta property=\"og:locale\" content=\"pt_PT\" \/>\n<meta property=\"og:type\" content=\"article\" \/>\n<meta property=\"og:title\" content=\"sus304 sus316L-Plate heat exchanger for food grade piping system\" \/>\n<meta property=\"og:description\" content=\"Plate heat exchanger is an ideal equipment for indirect heat exchange and cooling by two kinds of fluids with different temperatures\" \/>\n<meta property=\"og:url\" content=\"https:\/\/www.hongtaivalve.com\/pt\/produto\/hongtaivalve-plate-heat-exchangers-size-dn15-dn150-htv-phe001\/\" \/>\n<meta property=\"og:site_name\" content=\"Wenzhou HongTai Fluid Equipment Co.Ltd\" \/>\n<meta property=\"article:modified_time\" content=\"2025-04-25T05:22:15+00:00\" \/>\n<meta property=\"og:image\" content=\"https:\/\/www.hongtaivalve.com\/wp-content\/uploads\/2024\/12\/e29179c48346f986dbfa94563d73a00.jpg\" \/>\n\t<meta property=\"og:image:width\" content=\"800\" \/>\n\t<meta property=\"og:image:height\" content=\"800\" \/>\n\t<meta property=\"og:image:type\" content=\"image\/jpeg\" \/>\n<meta name=\"twitter:card\" content=\"summary_large_image\" \/>\n<meta name=\"twitter:label1\" content=\"Tempo estimado de leitura\" \/>\n\t<meta name=\"twitter:data1\" content=\"5 minutos\" \/>\n<script type=\"application\/ld+json\" class=\"yoast-schema-graph\">{\"@context\":\"https:\/\/schema.org\",\"@graph\":[{\"@type\":\"WebPage\",\"@id\":\"https:\/\/www.hongtaivalve.com\/product\/hongtaivalve-plate-heat-exchangers-size-dn15-dn150-htv-phe001\/\",\"url\":\"https:\/\/www.hongtaivalve.com\/product\/hongtaivalve-plate-heat-exchangers-size-dn15-dn150-htv-phe001\/\",\"name\":\"sus304 sus316L-Plate heat exchanger for food grade piping system\",\"isPartOf\":{\"@id\":\"https:\/\/www.hongtaivalve.com\/#website\"},\"primaryImageOfPage\":{\"@id\":\"https:\/\/www.hongtaivalve.com\/product\/hongtaivalve-plate-heat-exchangers-size-dn15-dn150-htv-phe001\/#primaryimage\"},\"image\":{\"@id\":\"https:\/\/www.hongtaivalve.com\/product\/hongtaivalve-plate-heat-exchangers-size-dn15-dn150-htv-phe001\/#primaryimage\"},\"thumbnailUrl\":\"https:\/\/www.hongtaivalve.com\/wp-content\/uploads\/2024\/12\/e29179c48346f986dbfa94563d73a00.jpg\",\"datePublished\":\"2024-12-13T02:39:10+00:00\",\"dateModified\":\"2025-04-25T05:22:15+00:00\",\"description\":\"Plate heat exchanger is an ideal equipment for indirect heat exchange and cooling by two kinds of fluids with different temperatures\",\"breadcrumb\":{\"@id\":\"https:\/\/www.hongtaivalve.com\/product\/hongtaivalve-plate-heat-exchangers-size-dn15-dn150-htv-phe001\/#breadcrumb\"},\"inLanguage\":\"pt-PT\",\"potentialAction\":[{\"@type\":\"ReadAction\",\"target\":[\"https:\/\/www.hongtaivalve.com\/product\/hongtaivalve-plate-heat-exchangers-size-dn15-dn150-htv-phe001\/\"]}]},{\"@type\":\"ImageObject\",\"inLanguage\":\"pt-PT\",\"@id\":\"https:\/\/www.hongtaivalve.com\/product\/hongtaivalve-plate-heat-exchangers-size-dn15-dn150-htv-phe001\/#primaryimage\",\"url\":\"https:\/\/www.hongtaivalve.com\/wp-content\/uploads\/2024\/12\/e29179c48346f986dbfa94563d73a00.jpg\",\"contentUrl\":\"https:\/\/www.hongtaivalve.com\/wp-content\/uploads\/2024\/12\/e29179c48346f986dbfa94563d73a00.jpg\",\"width\":800,\"height\":800},{\"@type\":\"BreadcrumbList\",\"@id\":\"https:\/\/www.hongtaivalve.com\/product\/hongtaivalve-plate-heat-exchangers-size-dn15-dn150-htv-phe001\/#breadcrumb\",\"itemListElement\":[{\"@type\":\"ListItem\",\"position\":1,\"name\":\"\u9996\u9875\",\"item\":\"https:\/\/www.hongtaivalve.com\/\"},{\"@type\":\"ListItem\",\"position\":2,\"name\":\"Product\",\"item\":\"https:\/\/www.hongtaivalve.com\/product\/\"},{\"@type\":\"ListItem\",\"position\":3,\"name\":\"HongTaivalve-PLATE HEAT EXCHANGERS-size dn15-dn150-HTV-PHE001\"}]},{\"@type\":\"WebSite\",\"@id\":\"https:\/\/www.hongtaivalve.com\/#website\",\"url\":\"https:\/\/www.hongtaivalve.com\/\",\"name\":\"Wenzhou HongTai Fluid Equipment Co.Ltd\",\"description\":\"\",\"potentialAction\":[{\"@type\":\"SearchAction\",\"target\":{\"@type\":\"EntryPoint\",\"urlTemplate\":\"https:\/\/www.hongtaivalve.com\/?s={search_term_string}\"},\"query-input\":{\"@type\":\"PropertyValueSpecification\",\"valueRequired\":true,\"valueName\":\"search_term_string\"}}],\"inLanguage\":\"pt-PT\"}]}<\/script>\n<!-- \/ Yoast SEO plugin. -->","yoast_head_json":{"title":"sus304 sus316L-Plate heat exchanger for food grade piping system","description":"Plate heat exchanger is an ideal equipment for indirect heat exchange and cooling by two kinds of fluids with different temperatures","robots":{"index":"index","follow":"follow","max-snippet":"max-snippet:-1","max-image-preview":"max-image-preview:large","max-video-preview":"max-video-preview:-1"},"canonical":"https:\/\/www.hongtaivalve.com\/pt\/produto\/hongtaivalve-plate-heat-exchangers-size-dn15-dn150-htv-phe001\/","og_locale":"pt_PT","og_type":"article","og_title":"sus304 sus316L-Plate heat exchanger for food grade piping system","og_description":"Plate heat exchanger is an ideal equipment for indirect heat exchange and cooling by two kinds of fluids with different temperatures","og_url":"https:\/\/www.hongtaivalve.com\/pt\/produto\/hongtaivalve-plate-heat-exchangers-size-dn15-dn150-htv-phe001\/","og_site_name":"Wenzhou HongTai Fluid Equipment Co.Ltd","article_modified_time":"2025-04-25T05:22:15+00:00","og_image":[{"width":800,"height":800,"url":"https:\/\/www.hongtaivalve.com\/wp-content\/uploads\/2024\/12\/e29179c48346f986dbfa94563d73a00.jpg","type":"image\/jpeg"}],"twitter_card":"summary_large_image","twitter_misc":{"Tempo estimado de leitura":"5 minutos"},"schema":{"@context":"https:\/\/schema.org","@graph":[{"@type":"WebPage","@id":"https:\/\/www.hongtaivalve.com\/product\/hongtaivalve-plate-heat-exchangers-size-dn15-dn150-htv-phe001\/","url":"https:\/\/www.hongtaivalve.com\/product\/hongtaivalve-plate-heat-exchangers-size-dn15-dn150-htv-phe001\/","name":"sus304 sus316L-Plate heat exchanger for food grade piping system","isPartOf":{"@id":"https:\/\/www.hongtaivalve.com\/#website"},"primaryImageOfPage":{"@id":"https:\/\/www.hongtaivalve.com\/product\/hongtaivalve-plate-heat-exchangers-size-dn15-dn150-htv-phe001\/#primaryimage"},"image":{"@id":"https:\/\/www.hongtaivalve.com\/product\/hongtaivalve-plate-heat-exchangers-size-dn15-dn150-htv-phe001\/#primaryimage"},"thumbnailUrl":"https:\/\/www.hongtaivalve.com\/wp-content\/uploads\/2024\/12\/e29179c48346f986dbfa94563d73a00.jpg","datePublished":"2024-12-13T02:39:10+00:00","dateModified":"2025-04-25T05:22:15+00:00","description":"Plate heat exchanger is an ideal equipment for indirect heat exchange and cooling by two kinds of fluids with different temperatures","breadcrumb":{"@id":"https:\/\/www.hongtaivalve.com\/product\/hongtaivalve-plate-heat-exchangers-size-dn15-dn150-htv-phe001\/#breadcrumb"},"inLanguage":"pt-PT","potentialAction":[{"@type":"ReadAction","target":["https:\/\/www.hongtaivalve.com\/product\/hongtaivalve-plate-heat-exchangers-size-dn15-dn150-htv-phe001\/"]}]},{"@type":"ImageObject","inLanguage":"pt-PT","@id":"https:\/\/www.hongtaivalve.com\/product\/hongtaivalve-plate-heat-exchangers-size-dn15-dn150-htv-phe001\/#primaryimage","url":"https:\/\/www.hongtaivalve.com\/wp-content\/uploads\/2024\/12\/e29179c48346f986dbfa94563d73a00.jpg","contentUrl":"https:\/\/www.hongtaivalve.com\/wp-content\/uploads\/2024\/12\/e29179c48346f986dbfa94563d73a00.jpg","width":800,"height":800},{"@type":"BreadcrumbList","@id":"https:\/\/www.hongtaivalve.com\/product\/hongtaivalve-plate-heat-exchangers-size-dn15-dn150-htv-phe001\/#breadcrumb","itemListElement":[{"@type":"ListItem","position":1,"name":"\u9996\u9875","item":"https:\/\/www.hongtaivalve.com\/"},{"@type":"ListItem","position":2,"name":"Product","item":"https:\/\/www.hongtaivalve.com\/product\/"},{"@type":"ListItem","position":3,"name":"HongTaivalve-PLATE HEAT EXCHANGERS-size dn15-dn150-HTV-PHE001"}]},{"@type":"WebSite","@id":"https:\/\/www.hongtaivalve.com\/#website","url":"https:\/\/www.hongtaivalve.com\/","name":"Wenzhou HongTai Fluid Equipment Co.Ltd","description":"","potentialAction":[{"@type":"SearchAction","target":{"@type":"EntryPoint","urlTemplate":"https:\/\/www.hongtaivalve.com\/?s={search_term_string}"},"query-input":{"@type":"PropertyValueSpecification","valueRequired":true,"valueName":"search_term_string"}}],"inLanguage":"pt-PT"}]}},"_links":{"self":[{"href":"https:\/\/www.hongtaivalve.com\/pt\/wp-json\/wp\/v2\/product\/5533","targetHints":{"allow":["GET"]}}],"collection":[{"href":"https:\/\/www.hongtaivalve.com\/pt\/wp-json\/wp\/v2\/product"}],"about":[{"href":"https:\/\/www.hongtaivalve.com\/pt\/wp-json\/wp\/v2\/types\/product"}],"replies":[{"embeddable":true,"href":"https:\/\/www.hongtaivalve.com\/pt\/wp-json\/wp\/v2\/comments?post=5533"}],"wp:featuredmedia":[{"embeddable":true,"href":"https:\/\/www.hongtaivalve.com\/pt\/wp-json\/wp\/v2\/media\/5987"}],"wp:attachment":[{"href":"https:\/\/www.hongtaivalve.com\/pt\/wp-json\/wp\/v2\/media?parent=5533"}],"wp:term":[{"taxonomy":"product_brand","embeddable":true,"href":"https:\/\/www.hongtaivalve.com\/pt\/wp-json\/wp\/v2\/product_brand?post=5533"},{"taxonomy":"product_cat","embeddable":true,"href":"https:\/\/www.hongtaivalve.com\/pt\/wp-json\/wp\/v2\/product_cat?post=5533"},{"taxonomy":"product_tag","embeddable":true,"href":"https:\/\/www.hongtaivalve.com\/pt\/wp-json\/wp\/v2\/product_tag?post=5533"}],"curies":[{"name":"wp","href":"https:\/\/api.w.org\/{rel}","templated":true}]}}