{"id":5766,"date":"2024-12-18T06:15:09","date_gmt":"2024-12-18T06:15:09","guid":{"rendered":"https:\/\/www.hongtaivalve.com\/?post_type=product&#038;p=5766"},"modified":"2025-04-21T04:51:15","modified_gmt":"2025-04-21T04:51:15","slug":"hongtaivalve-sptfe-epdm-silicon-viton-size-dn15-dn150-htv-ssv001","status":"publish","type":"product","link":"https:\/\/www.hongtaivalve.com\/pt\/produto\/hongtaivalve-sptfe-epdm-silicon-viton-size-dn15-dn150-htv-ssv001\/","title":{"rendered":"Hongtaivalve-PTFE EPDM SILICON VITON triclamp gasekts-size dn15-dn150-HTV-PESV001"},"content":{"rendered":"<p>O <strong>Sanitary Gaskets DN15-DN150<\/strong> are engineered for reliable sealing in demanding industries such as food, beverage, pharmaceuticals, and chemicals. Available in a wide range of materials including <strong>EPDM, PTFE, Silicone, and Viton<\/strong>, these gaskets ensure excellent durability, chemical resistance, and hygiene compliance.<\/p>\n<p><strong>Carater\u00edsticas principais<\/strong>:<\/p>\n<ul>\n<li><strong>Tamanhos<\/strong>: DN15-DN150, adequado para v\u00e1rios sistemas de tubagem.<\/li>\n<li><strong>Materiais<\/strong>: EPDM, PTFE, Silicone, Viton \u2013 selected for high-performance sealing in different conditions.<\/li>\n<li><strong>Aplica\u00e7\u00f5es<\/strong>: Ideal para tubagens sanit\u00e1rias nas ind\u00fastrias de processamento de alimentos, bebidas, farmac\u00eautica e qu\u00edmica.<\/li>\n<li><strong>Durabilidade<\/strong>: Resistente a altas temperaturas, a produtos qu\u00edmicos e ao desgaste, garante uma utiliza\u00e7\u00e3o duradoura.<\/li>\n<\/ul>\n<p><strong>Porqu\u00ea escolher as nossas juntas sanit\u00e1rias?<\/strong><\/p>\n<ol>\n<li><strong>Veda\u00e7\u00e3o excecional<\/strong>: Assegura um desempenho sem fugas em aplica\u00e7\u00f5es de alta press\u00e3o e alta temperatura.<\/li>\n<li><strong>Conformidade<\/strong>: Respeita as normas rigorosas de higiene e seguran\u00e7a para utiliza\u00e7\u00e3o alimentar e farmac\u00eautica.<\/li>\n<li><strong>Versatilidade<\/strong>: Compat\u00edvel com uma variedade de tamanhos de tubos e sistemas, oferecendo solu\u00e7\u00f5es \u00e0 medida.<\/li>\n<li><strong>Qualidade de confian\u00e7a<\/strong>: Fabricado por um fabricante l\u00edder de juntas, garantindo fiabilidade e precis\u00e3o.<\/li>\n<\/ol>\n<p>Quer necessite de juntas para ambientes de produ\u00e7\u00e3o exigentes ou ind\u00fastrias com elevado grau de higieniza\u00e7\u00e3o, os nossos produtos proporcionam um desempenho \u00f3timo e paz de esp\u00edrito.<\/p>\n<h2><span style=\"color: #ff0000;\">Instru\u00e7\u00f5es de embalagem do produto\uff1a<\/span><\/h2>\n<p>Cada produto \u00e9 primeiro embalado individualmente num saco de espuma, depois cuidadosamente colocado numa caixa de cart\u00e3o designada. Por fim, \u00e9 paletizado ou embalado num caixote de madeira para exporta\u00e7\u00e3o. Todo o processo de embalagem \u00e9 rigorosamente executado para evitar quaisquer danos durante o transporte.<\/p>\n<p><a href=\"https:\/\/www.hongtaivalve.com\/wp-content\/uploads\/2024\/12\/cc19c0362fcd66cfd212d24c43a3a68.png\"><img fetchpriority=\"high\" decoding=\"async\" class=\"wp-image-5767 aligncenter\" src=\"https:\/\/www.hongtaivalve.com\/wp-content\/uploads\/2024\/12\/cc19c0362fcd66cfd212d24c43a3a68.png\" alt=\"\" width=\"654\" height=\"436\" srcset=\"https:\/\/www.hongtaivalve.com\/wp-content\/uploads\/2024\/12\/cc19c0362fcd66cfd212d24c43a3a68.png 6240w, https:\/\/www.hongtaivalve.com\/wp-content\/uploads\/2024\/12\/cc19c0362fcd66cfd212d24c43a3a68-300x200.png 300w, https:\/\/www.hongtaivalve.com\/wp-content\/uploads\/2024\/12\/cc19c0362fcd66cfd212d24c43a3a68-1024x683.png 1024w, https:\/\/www.hongtaivalve.com\/wp-content\/uploads\/2024\/12\/cc19c0362fcd66cfd212d24c43a3a68-768x512.png 768w, https:\/\/www.hongtaivalve.com\/wp-content\/uploads\/2024\/12\/cc19c0362fcd66cfd212d24c43a3a68-1536x1024.png 1536w, https:\/\/www.hongtaivalve.com\/wp-content\/uploads\/2024\/12\/cc19c0362fcd66cfd212d24c43a3a68-2048x1365.png 2048w, https:\/\/www.hongtaivalve.com\/wp-content\/uploads\/2024\/12\/cc19c0362fcd66cfd212d24c43a3a68-18x12.png 18w, https:\/\/www.hongtaivalve.com\/wp-content\/uploads\/2024\/12\/cc19c0362fcd66cfd212d24c43a3a68-800x533.png 800w\" sizes=\"(max-width: 654px) 100vw, 654px\" \/><\/a><\/p>\n<p><strong>Sobre n\u00f3s<\/strong><\/p>\n<p>Na HongTai, somos especializados em v\u00e1lvulas sanit\u00e1rias de alta qualidade e acess\u00f3rios para tubos de a\u00e7o inoxid\u00e1vel, atendendo a ind\u00fastrias-chave como farmac\u00eautica, processamento de alimentos e produtos qu\u00edmicos. Fabricados em a\u00e7o inoxid\u00e1vel 304, 316 e 316L de primeira qualidade, os nossos produtos oferecem uma excelente resist\u00eancia \u00e0 corros\u00e3o e s\u00e3o fabricados utilizando t\u00e9cnicas de fabrico avan\u00e7adas, como o corte a laser e a soldadura de precis\u00e3o. Concebidas para higiene e integridade dos fluidos, as v\u00e1lvulas da HongTai s\u00e3o a escolha ideal para ind\u00fastrias que exigem uma limpeza \u00f3ptima e um desempenho duradouro.<\/p>\n<p>&nbsp;<\/p>\n<p><a href=\"https:\/\/www.hongtaivalve.com\/wp-content\/uploads\/2024\/12\/2efad8255a88820383829ce2a75fcb9-1.jpg\"><img decoding=\"async\" class=\"wp-image-5949 aligncenter\" src=\"https:\/\/www.hongtaivalve.com\/wp-content\/uploads\/2024\/12\/2efad8255a88820383829ce2a75fcb9-1.jpg\" alt=\"\" width=\"623\" height=\"404\" srcset=\"https:\/\/www.hongtaivalve.com\/wp-content\/uploads\/2024\/12\/2efad8255a88820383829ce2a75fcb9-1.jpg 985w, https:\/\/www.hongtaivalve.com\/wp-content\/uploads\/2024\/12\/2efad8255a88820383829ce2a75fcb9-1-300x194.jpg 300w, https:\/\/www.hongtaivalve.com\/wp-content\/uploads\/2024\/12\/2efad8255a88820383829ce2a75fcb9-1-768x497.jpg 768w, https:\/\/www.hongtaivalve.com\/wp-content\/uploads\/2024\/12\/2efad8255a88820383829ce2a75fcb9-1-18x12.jpg 18w, https:\/\/www.hongtaivalve.com\/wp-content\/uploads\/2024\/12\/2efad8255a88820383829ce2a75fcb9-1-800x518.jpg 800w\" sizes=\"(max-width: 623px) 100vw, 623px\" \/><\/a><\/p>\n<p><strong>Porqu\u00ea escolher-nos<\/strong><\/p>\n<p><strong>Garantia de qualidade:<\/strong> Mantemos um controlo rigoroso de todas as fases de produ\u00e7\u00e3o, desde as mat\u00e9rias-primas at\u00e9 aos produtos acabados, garantindo a conformidade com a norma ISO9001 e certifica\u00e7\u00f5es internacionais, incluindo as normas 3A, DIN e ISO.<\/p>\n<p><strong>Experi\u00eancia no sector:<\/strong> D\u00e9cadas de experi\u00eancia no fornecimento de solu\u00e7\u00f5es para ind\u00fastrias cr\u00edticas como a alimentar, a de bebidas e a farmac\u00eautica.<\/p>\n<p><strong>Tecnologia avan\u00e7ada:<\/strong> As nossas instala\u00e7\u00f5es de \u00faltima gera\u00e7\u00e3o, incluindo tornos CNC e ferramentas de precis\u00e3o regularmente actualizados, garantem uma elevada precis\u00e3o de superf\u00edcie e toler\u00e2ncias apertadas para cada produto.<\/p>\n<p><strong>100% Inspe\u00e7\u00e3o:<\/strong> Todos os produtos s\u00e3o submetidos a testes rigorosos, incluindo dete\u00e7\u00e3o de tamanho e de fugas nas v\u00e1lvulas, para garantir uma qualidade impec\u00e1vel antes de sa\u00edrem das nossas instala\u00e7\u00f5es.<\/p>\n<p><strong>Alcance global:<\/strong> Empresas de todo o mundo confiam na nossa qualidade consistente e na entrega atempada.<\/p>\n<p>Escolha a HongTai para obter fiabilidade, desempenho e inova\u00e7\u00e3o inigual\u00e1veis em solu\u00e7\u00f5es de v\u00e1lvulas e acess\u00f3rios para tubos.<\/p>\n<p>&nbsp;<\/p>\n<p><strong>Contactar-nos<\/strong><br \/>\nPara mais informa\u00e7\u00f5es ou para discutir as suas necessidades, contacte-nos atrav\u00e9s de:<br \/>\nCorreio eletr\u00f3nico: ht@htcdf.com<br \/>\nwhatsapp: (86)18875809195<br \/>\nTamb\u00e9m pode visitar o nosso <span style=\"color: #0000ff;\"><a style=\"color: #0000ff;\" href=\"https:\/\/www.hongtaivalve.com\/pt\/contact-us\/\" target=\"_blank\" rel=\"noopener\">Contactar-nos<\/a> <\/span>para mais formas de entrar em contacto.<\/p>\n<p>&nbsp;<\/p>","protected":false},"excerpt":{"rendered":"<p>Resist\u00eancia \u00e0 corros\u00e3o. A junta de PTFE \u00e9 inerte \u00e0 maioria dos produtos qu\u00edmicos e solventes e pode suportar \u00e1cidos e \u00e1lcalis fortes, \u00e1gua r\u00e9gia e v\u00e1rios solventes org\u00e2nicos.<br \/>\nResist\u00eancia a altas temperaturas. A junta de PTFE pode funcionar durante muito tempo a temperaturas de -196 \u00b0 C a +250 \u00b0 C.<br \/>\nAs juntas de Ptfe t\u00eam o coeficiente de atrito mais baixo de qualquer material s\u00f3lido conhecido, o que as torna ideais para a lubrifica\u00e7\u00e3o sem \u00f3leo.<br \/>\nIsolamento el\u00e9trico . A junta Ptfe tem um excelente isolamento el\u00e9trico e \u00e9 adequada para a ind\u00fastria el\u00e9ctrica.<br \/>\nAuto-lubrifica\u00e7\u00e3o. A junta de PTFE tem uma elevada tens\u00e3o superficial, boa auto-lubrifica\u00e7\u00e3o e n\u00e3o adere a nada.<br \/>\nEstabilidade qu\u00edmica . A junta de PTFE tem forte resist\u00eancia \u00e0 corros\u00e3o qu\u00edmica, e apenas alguns elementos, como metal alcalino fundido e fl\u00faor elementar sob alta temperatura e alta press\u00e3o, podem agir sobre ela.<br \/>\nDevido a estas carater\u00edsticas, as juntas de PTFE s\u00e3o amplamente utilizadas na ind\u00fastria qu\u00edmica, petrol\u00edfera, farmac\u00eautica, alimentar e outras ind\u00fastrias, e \u00e9 conhecida como o \"rei do pl\u00e1stico\".<\/p>\n<p>Tamanhos de 1\/2\u2033 at\u00e9 12\u2033<\/p>\n<p>Cria uma veda\u00e7\u00e3o \u00e0 prova de fugas entre as flanges de tripla fixa\u00e7\u00e3o<\/p>\n<p>Tamb\u00e9m oferecemos Juntas Tri-Clamp Flangeadas com base nos seus requisitos<\/p>","protected":false},"featured_media":5767,"comment_status":"open","ping_status":"closed","template":"","meta":[],"product_brand":[],"product_cat":[109],"product_tag":[],"class_list":{"0":"post-5766","1":"product","2":"type-product","3":"status-publish","4":"has-post-thumbnail","6":"product_cat-gaskets-seals","8":"first","9":"instock","10":"shipping-taxable","11":"product-type-simple"},"yoast_head":"<!-- This site is optimized with the Yoast SEO plugin v24.6 - https:\/\/yoast.com\/wordpress\/plugins\/seo\/ -->\n<title>Sanitary Gaskets - EPDM, Silicone, PTFE &amp; Viton<\/title>\n<meta name=\"description\" content=\"High-quality sanitary gaskets in EPDM, PTFE, Silicone, and Viton. Trusted by leading gaskets suppliers worldwide.\" \/>\n<meta name=\"robots\" content=\"index, follow, max-snippet:-1, max-image-preview:large, max-video-preview:-1\" \/>\n<link rel=\"canonical\" href=\"https:\/\/www.hongtaivalve.com\/pt\/produto\/hongtaivalve-sptfe-epdm-silicon-viton-size-dn15-dn150-htv-ssv001\/\" \/>\n<meta property=\"og:locale\" content=\"pt_PT\" \/>\n<meta property=\"og:type\" content=\"article\" \/>\n<meta property=\"og:title\" content=\"Sanitary Gaskets - EPDM, Silicone, PTFE &amp; Viton\" \/>\n<meta property=\"og:description\" content=\"High-quality sanitary gaskets in EPDM, PTFE, Silicone, and Viton. Trusted by leading gaskets suppliers worldwide.\" \/>\n<meta property=\"og:url\" content=\"https:\/\/www.hongtaivalve.com\/pt\/produto\/hongtaivalve-sptfe-epdm-silicon-viton-size-dn15-dn150-htv-ssv001\/\" \/>\n<meta property=\"og:site_name\" content=\"Wenzhou HongTai Fluid Equipment Co.Ltd\" \/>\n<meta property=\"article:modified_time\" content=\"2025-04-21T04:51:15+00:00\" \/>\n<meta property=\"og:image\" content=\"https:\/\/www.hongtaivalve.com\/wp-content\/uploads\/2024\/12\/cc19c0362fcd66cfd212d24c43a3a68-1024x683.png\" \/>\n\t<meta property=\"og:image:width\" content=\"1024\" \/>\n\t<meta property=\"og:image:height\" content=\"683\" \/>\n\t<meta property=\"og:image:type\" content=\"image\/png\" \/>\n<meta name=\"twitter:card\" content=\"summary_large_image\" \/>\n<meta name=\"twitter:label1\" content=\"Tempo estimado de leitura\" \/>\n\t<meta name=\"twitter:data1\" content=\"3 minutos\" \/>\n<script type=\"application\/ld+json\" class=\"yoast-schema-graph\">{\"@context\":\"https:\/\/schema.org\",\"@graph\":[{\"@type\":\"WebPage\",\"@id\":\"https:\/\/www.hongtaivalve.com\/product\/hongtaivalve-sptfe-epdm-silicon-viton-size-dn15-dn150-htv-ssv001\/\",\"url\":\"https:\/\/www.hongtaivalve.com\/product\/hongtaivalve-sptfe-epdm-silicon-viton-size-dn15-dn150-htv-ssv001\/\",\"name\":\"Sanitary Gaskets - EPDM, Silicone, PTFE & Viton\",\"isPartOf\":{\"@id\":\"https:\/\/www.hongtaivalve.com\/#website\"},\"primaryImageOfPage\":{\"@id\":\"https:\/\/www.hongtaivalve.com\/product\/hongtaivalve-sptfe-epdm-silicon-viton-size-dn15-dn150-htv-ssv001\/#primaryimage\"},\"image\":{\"@id\":\"https:\/\/www.hongtaivalve.com\/product\/hongtaivalve-sptfe-epdm-silicon-viton-size-dn15-dn150-htv-ssv001\/#primaryimage\"},\"thumbnailUrl\":\"https:\/\/www.hongtaivalve.com\/wp-content\/uploads\/2024\/12\/cc19c0362fcd66cfd212d24c43a3a68.png\",\"datePublished\":\"2024-12-18T06:15:09+00:00\",\"dateModified\":\"2025-04-21T04:51:15+00:00\",\"description\":\"High-quality sanitary gaskets in EPDM, PTFE, Silicone, and Viton. Trusted by leading gaskets suppliers worldwide.\",\"breadcrumb\":{\"@id\":\"https:\/\/www.hongtaivalve.com\/product\/hongtaivalve-sptfe-epdm-silicon-viton-size-dn15-dn150-htv-ssv001\/#breadcrumb\"},\"inLanguage\":\"pt-PT\",\"potentialAction\":[{\"@type\":\"ReadAction\",\"target\":[\"https:\/\/www.hongtaivalve.com\/product\/hongtaivalve-sptfe-epdm-silicon-viton-size-dn15-dn150-htv-ssv001\/\"]}]},{\"@type\":\"ImageObject\",\"inLanguage\":\"pt-PT\",\"@id\":\"https:\/\/www.hongtaivalve.com\/product\/hongtaivalve-sptfe-epdm-silicon-viton-size-dn15-dn150-htv-ssv001\/#primaryimage\",\"url\":\"https:\/\/www.hongtaivalve.com\/wp-content\/uploads\/2024\/12\/cc19c0362fcd66cfd212d24c43a3a68.png\",\"contentUrl\":\"https:\/\/www.hongtaivalve.com\/wp-content\/uploads\/2024\/12\/cc19c0362fcd66cfd212d24c43a3a68.png\",\"width\":6240,\"height\":4160},{\"@type\":\"BreadcrumbList\",\"@id\":\"https:\/\/www.hongtaivalve.com\/product\/hongtaivalve-sptfe-epdm-silicon-viton-size-dn15-dn150-htv-ssv001\/#breadcrumb\",\"itemListElement\":[{\"@type\":\"ListItem\",\"position\":1,\"name\":\"\u9996\u9875\",\"item\":\"https:\/\/www.hongtaivalve.com\/\"},{\"@type\":\"ListItem\",\"position\":2,\"name\":\"Product\",\"item\":\"https:\/\/www.hongtaivalve.com\/product\/\"},{\"@type\":\"ListItem\",\"position\":3,\"name\":\"Hongtaivalve-PTFE EPDM SILICON VITON triclamp gasekts-size dn15-dn150-HTV-PESV001\"}]},{\"@type\":\"WebSite\",\"@id\":\"https:\/\/www.hongtaivalve.com\/#website\",\"url\":\"https:\/\/www.hongtaivalve.com\/\",\"name\":\"Wenzhou HongTai Fluid Equipment Co.Ltd\",\"description\":\"\",\"potentialAction\":[{\"@type\":\"SearchAction\",\"target\":{\"@type\":\"EntryPoint\",\"urlTemplate\":\"https:\/\/www.hongtaivalve.com\/?s={search_term_string}\"},\"query-input\":{\"@type\":\"PropertyValueSpecification\",\"valueRequired\":true,\"valueName\":\"search_term_string\"}}],\"inLanguage\":\"pt-PT\"}]}<\/script>\n<!-- \/ Yoast SEO plugin. -->","yoast_head_json":{"title":"Sanitary Gaskets - EPDM, Silicone, PTFE & Viton","description":"High-quality sanitary gaskets in EPDM, PTFE, Silicone, and Viton. Trusted by leading gaskets suppliers worldwide.","robots":{"index":"index","follow":"follow","max-snippet":"max-snippet:-1","max-image-preview":"max-image-preview:large","max-video-preview":"max-video-preview:-1"},"canonical":"https:\/\/www.hongtaivalve.com\/pt\/produto\/hongtaivalve-sptfe-epdm-silicon-viton-size-dn15-dn150-htv-ssv001\/","og_locale":"pt_PT","og_type":"article","og_title":"Sanitary Gaskets - EPDM, Silicone, PTFE & Viton","og_description":"High-quality sanitary gaskets in EPDM, PTFE, Silicone, and Viton. Trusted by leading gaskets suppliers worldwide.","og_url":"https:\/\/www.hongtaivalve.com\/pt\/produto\/hongtaivalve-sptfe-epdm-silicon-viton-size-dn15-dn150-htv-ssv001\/","og_site_name":"Wenzhou HongTai Fluid Equipment Co.Ltd","article_modified_time":"2025-04-21T04:51:15+00:00","og_image":[{"width":1024,"height":683,"url":"https:\/\/www.hongtaivalve.com\/wp-content\/uploads\/2024\/12\/cc19c0362fcd66cfd212d24c43a3a68-1024x683.png","type":"image\/png"}],"twitter_card":"summary_large_image","twitter_misc":{"Tempo estimado de leitura":"3 minutos"},"schema":{"@context":"https:\/\/schema.org","@graph":[{"@type":"WebPage","@id":"https:\/\/www.hongtaivalve.com\/product\/hongtaivalve-sptfe-epdm-silicon-viton-size-dn15-dn150-htv-ssv001\/","url":"https:\/\/www.hongtaivalve.com\/product\/hongtaivalve-sptfe-epdm-silicon-viton-size-dn15-dn150-htv-ssv001\/","name":"Sanitary Gaskets - EPDM, Silicone, PTFE & Viton","isPartOf":{"@id":"https:\/\/www.hongtaivalve.com\/#website"},"primaryImageOfPage":{"@id":"https:\/\/www.hongtaivalve.com\/product\/hongtaivalve-sptfe-epdm-silicon-viton-size-dn15-dn150-htv-ssv001\/#primaryimage"},"image":{"@id":"https:\/\/www.hongtaivalve.com\/product\/hongtaivalve-sptfe-epdm-silicon-viton-size-dn15-dn150-htv-ssv001\/#primaryimage"},"thumbnailUrl":"https:\/\/www.hongtaivalve.com\/wp-content\/uploads\/2024\/12\/cc19c0362fcd66cfd212d24c43a3a68.png","datePublished":"2024-12-18T06:15:09+00:00","dateModified":"2025-04-21T04:51:15+00:00","description":"High-quality sanitary gaskets in EPDM, PTFE, Silicone, and Viton. Trusted by leading gaskets suppliers worldwide.","breadcrumb":{"@id":"https:\/\/www.hongtaivalve.com\/product\/hongtaivalve-sptfe-epdm-silicon-viton-size-dn15-dn150-htv-ssv001\/#breadcrumb"},"inLanguage":"pt-PT","potentialAction":[{"@type":"ReadAction","target":["https:\/\/www.hongtaivalve.com\/product\/hongtaivalve-sptfe-epdm-silicon-viton-size-dn15-dn150-htv-ssv001\/"]}]},{"@type":"ImageObject","inLanguage":"pt-PT","@id":"https:\/\/www.hongtaivalve.com\/product\/hongtaivalve-sptfe-epdm-silicon-viton-size-dn15-dn150-htv-ssv001\/#primaryimage","url":"https:\/\/www.hongtaivalve.com\/wp-content\/uploads\/2024\/12\/cc19c0362fcd66cfd212d24c43a3a68.png","contentUrl":"https:\/\/www.hongtaivalve.com\/wp-content\/uploads\/2024\/12\/cc19c0362fcd66cfd212d24c43a3a68.png","width":6240,"height":4160},{"@type":"BreadcrumbList","@id":"https:\/\/www.hongtaivalve.com\/product\/hongtaivalve-sptfe-epdm-silicon-viton-size-dn15-dn150-htv-ssv001\/#breadcrumb","itemListElement":[{"@type":"ListItem","position":1,"name":"\u9996\u9875","item":"https:\/\/www.hongtaivalve.com\/"},{"@type":"ListItem","position":2,"name":"Product","item":"https:\/\/www.hongtaivalve.com\/product\/"},{"@type":"ListItem","position":3,"name":"Hongtaivalve-PTFE EPDM SILICON VITON triclamp gasekts-size dn15-dn150-HTV-PESV001"}]},{"@type":"WebSite","@id":"https:\/\/www.hongtaivalve.com\/#website","url":"https:\/\/www.hongtaivalve.com\/","name":"Wenzhou HongTai Fluid Equipment Co.Ltd","description":"","potentialAction":[{"@type":"SearchAction","target":{"@type":"EntryPoint","urlTemplate":"https:\/\/www.hongtaivalve.com\/?s={search_term_string}"},"query-input":{"@type":"PropertyValueSpecification","valueRequired":true,"valueName":"search_term_string"}}],"inLanguage":"pt-PT"}]}},"_links":{"self":[{"href":"https:\/\/www.hongtaivalve.com\/pt\/wp-json\/wp\/v2\/product\/5766","targetHints":{"allow":["GET"]}}],"collection":[{"href":"https:\/\/www.hongtaivalve.com\/pt\/wp-json\/wp\/v2\/product"}],"about":[{"href":"https:\/\/www.hongtaivalve.com\/pt\/wp-json\/wp\/v2\/types\/product"}],"replies":[{"embeddable":true,"href":"https:\/\/www.hongtaivalve.com\/pt\/wp-json\/wp\/v2\/comments?post=5766"}],"wp:featuredmedia":[{"embeddable":true,"href":"https:\/\/www.hongtaivalve.com\/pt\/wp-json\/wp\/v2\/media\/5767"}],"wp:attachment":[{"href":"https:\/\/www.hongtaivalve.com\/pt\/wp-json\/wp\/v2\/media?parent=5766"}],"wp:term":[{"taxonomy":"product_brand","embeddable":true,"href":"https:\/\/www.hongtaivalve.com\/pt\/wp-json\/wp\/v2\/product_brand?post=5766"},{"taxonomy":"product_cat","embeddable":true,"href":"https:\/\/www.hongtaivalve.com\/pt\/wp-json\/wp\/v2\/product_cat?post=5766"},{"taxonomy":"product_tag","embeddable":true,"href":"https:\/\/www.hongtaivalve.com\/pt\/wp-json\/wp\/v2\/product_tag?post=5766"}],"curies":[{"name":"wp","href":"https:\/\/api.w.org\/{rel}","templated":true}]}}