{"id":5768,"date":"2024-12-18T06:22:10","date_gmt":"2024-12-18T06:22:10","guid":{"rendered":"https:\/\/www.hongtaivalve.com\/?post_type=product&#038;p=5768"},"modified":"2024-12-24T02:14:46","modified_gmt":"2024-12-24T02:14:46","slug":"hongtai-fluid-equipment-food-grade-sanitary-pipe-holder-size-dn15-dn150-htv-ph001","status":"publish","type":"product","link":"https:\/\/www.hongtaivalve.com\/pt\/produto\/hongtai-fluid-equipment-food-grade-sanitary-pipe-holder-size-dn15-dn150-htv-ph001\/","title":{"rendered":"Suporte para tubos sanit\u00e1rios de qualidade alimentar da HongTai Fluid Equipment - tamanho dn15-dn150 HTV-PH001"},"content":{"rendered":"<p>O <strong>Suporte para tubos em a\u00e7o inoxid\u00e1vel de qualidade alimentar<\/strong>\u00a0foi concebido para fornecer um suporte fi\u00e1vel para sistemas de tubagens sanit\u00e1rias. Constru\u00eddo com a\u00e7o inoxid\u00e1vel de alta qualidade, garante durabilidade e resist\u00eancia \u00e0 corros\u00e3o, tornando-o uma excelente escolha para aplica\u00e7\u00f5es de grau alimentar e farmac\u00eauticas. Com uma vasta gama de tamanhos de DN15 a DN150, \u00e9 adequado para v\u00e1rias utiliza\u00e7\u00f5es industriais.<\/p>\n<p><strong>Carater\u00edsticas<\/strong>:<\/p>\n<ul>\n<li><strong>Material<\/strong>: A\u00e7o inoxid\u00e1vel de primeira qualidade para um desempenho e higiene duradouros.<\/li>\n<li><strong>Gama de tamanhos<\/strong>: DN15 a DN150, acomodando uma variedade de necessidades de tubagem.<\/li>\n<li><strong>Aplica\u00e7\u00f5es<\/strong>: Ideal para as ind\u00fastrias alimentar, de bebidas, farmac\u00eautica e qu\u00edmica.<\/li>\n<li><strong>Durabilidade<\/strong>: Resistente \u00e0 corros\u00e3o e concebido para ambientes exigentes.<\/li>\n<li><strong>Instala\u00e7\u00e3o f\u00e1cil<\/strong>: Compat\u00edvel com os sistemas de tubagens sanit\u00e1rias normais.<\/li>\n<\/ul>\n<p><strong>Porqu\u00ea escolher este suporte para tubos?<\/strong><\/p>\n<ol>\n<li>Confiado por <strong>fornecedores de acess\u00f3rios para tubos de a\u00e7o inoxid\u00e1vel<\/strong> pela qualidade e fiabilidade.<\/li>\n<li>Concebido para <strong>ambientes sanit\u00e1rios<\/strong>garantir a limpeza e a seguran\u00e7a.<\/li>\n<li>Apoia a gest\u00e3o eficiente do sistema de tubagens em ambientes industriais.<\/li>\n<\/ol>\n<p>Quer seja para produ\u00e7\u00e3o alimentar, fabrico de cerveja ou processamento qu\u00edmico, este suporte para tubos proporciona um desempenho fi\u00e1vel e higiene.<\/p>\n<h3><\/h3>\n<h3><\/h3>\n<h3><span style=\"color: #ff0000;\">Instru\u00e7\u00f5es de embalagem do produto\uff1a<\/span><\/h3>\n<p>Cada produto \u00e9 primeiro embalado individualmente num saco de espuma, depois cuidadosamente colocado numa caixa de cart\u00e3o designada. Por fim, \u00e9 paletizado ou embalado num caixote de madeira para exporta\u00e7\u00e3o. Todo o processo de embalagem \u00e9 rigorosamente executado para evitar quaisquer danos durante o transporte.<\/p>\n<p><a href=\"https:\/\/www.hongtaivalve.com\/wp-content\/uploads\/2024\/12\/bff1bcccc5a0ea96dc966472238e3cf.jpg\"><img fetchpriority=\"high\" decoding=\"async\" class=\"wp-image-5769 aligncenter\" src=\"https:\/\/www.hongtaivalve.com\/wp-content\/uploads\/2024\/12\/bff1bcccc5a0ea96dc966472238e3cf.jpg\" alt=\"\" width=\"513\" height=\"513\" srcset=\"https:\/\/www.hongtaivalve.com\/wp-content\/uploads\/2024\/12\/bff1bcccc5a0ea96dc966472238e3cf.jpg 1000w, https:\/\/www.hongtaivalve.com\/wp-content\/uploads\/2024\/12\/bff1bcccc5a0ea96dc966472238e3cf-300x300.jpg 300w, https:\/\/www.hongtaivalve.com\/wp-content\/uploads\/2024\/12\/bff1bcccc5a0ea96dc966472238e3cf-150x150.jpg 150w, https:\/\/www.hongtaivalve.com\/wp-content\/uploads\/2024\/12\/bff1bcccc5a0ea96dc966472238e3cf-768x768.jpg 768w, https:\/\/www.hongtaivalve.com\/wp-content\/uploads\/2024\/12\/bff1bcccc5a0ea96dc966472238e3cf-12x12.jpg 12w, https:\/\/www.hongtaivalve.com\/wp-content\/uploads\/2024\/12\/bff1bcccc5a0ea96dc966472238e3cf-800x800.jpg 800w, https:\/\/www.hongtaivalve.com\/wp-content\/uploads\/2024\/12\/bff1bcccc5a0ea96dc966472238e3cf-100x100.jpg 100w\" sizes=\"(max-width: 513px) 100vw, 513px\" \/><\/a><\/p>\n<p><strong>Sobre n\u00f3s<\/strong><\/p>\n<p>Na HongTai, somos especializados em v\u00e1lvulas sanit\u00e1rias de alta qualidade e acess\u00f3rios para tubos de a\u00e7o inoxid\u00e1vel, atendendo a ind\u00fastrias-chave como farmac\u00eautica, processamento de alimentos e produtos qu\u00edmicos. Fabricados em a\u00e7o inoxid\u00e1vel 304, 316 e 316L de primeira qualidade, os nossos produtos oferecem uma excelente resist\u00eancia \u00e0 corros\u00e3o e s\u00e3o fabricados utilizando t\u00e9cnicas de fabrico avan\u00e7adas, como o corte a laser e a soldadura de precis\u00e3o. Concebidas para higiene e integridade dos fluidos, as v\u00e1lvulas da HongTai s\u00e3o a escolha ideal para ind\u00fastrias que exigem uma limpeza \u00f3ptima e um desempenho duradouro.<\/p>\n<p>&nbsp;<\/p>\n<p><a href=\"https:\/\/www.hongtaivalve.com\/wp-content\/uploads\/2024\/12\/2efad8255a88820383829ce2a75fcb9-1.jpg\"><img decoding=\"async\" class=\"wp-image-5949 aligncenter\" src=\"https:\/\/www.hongtaivalve.com\/wp-content\/uploads\/2024\/12\/2efad8255a88820383829ce2a75fcb9-1.jpg\" alt=\"\" width=\"673\" height=\"436\" srcset=\"https:\/\/www.hongtaivalve.com\/wp-content\/uploads\/2024\/12\/2efad8255a88820383829ce2a75fcb9-1.jpg 985w, https:\/\/www.hongtaivalve.com\/wp-content\/uploads\/2024\/12\/2efad8255a88820383829ce2a75fcb9-1-300x194.jpg 300w, https:\/\/www.hongtaivalve.com\/wp-content\/uploads\/2024\/12\/2efad8255a88820383829ce2a75fcb9-1-768x497.jpg 768w, https:\/\/www.hongtaivalve.com\/wp-content\/uploads\/2024\/12\/2efad8255a88820383829ce2a75fcb9-1-18x12.jpg 18w, https:\/\/www.hongtaivalve.com\/wp-content\/uploads\/2024\/12\/2efad8255a88820383829ce2a75fcb9-1-800x518.jpg 800w\" sizes=\"(max-width: 673px) 100vw, 673px\" \/><\/a><\/p>\n<p><strong>Porqu\u00ea escolher-nos<\/strong><\/p>\n<p><strong>Garantia de qualidade:<\/strong> Mantemos um controlo rigoroso de todas as fases de produ\u00e7\u00e3o, desde as mat\u00e9rias-primas at\u00e9 aos produtos acabados, garantindo a conformidade com a norma ISO9001 e certifica\u00e7\u00f5es internacionais, incluindo as normas 3A, DIN e ISO.<\/p>\n<p><strong>Experi\u00eancia no sector:<\/strong> D\u00e9cadas de experi\u00eancia no fornecimento de solu\u00e7\u00f5es para ind\u00fastrias cr\u00edticas como a alimentar, a de bebidas e a farmac\u00eautica.<\/p>\n<p><strong>Tecnologia avan\u00e7ada:<\/strong> As nossas instala\u00e7\u00f5es de \u00faltima gera\u00e7\u00e3o, incluindo tornos CNC e ferramentas de precis\u00e3o regularmente actualizados, garantem uma elevada precis\u00e3o de superf\u00edcie e toler\u00e2ncias apertadas para cada produto.<\/p>\n<p><strong>100% Inspe\u00e7\u00e3o:<\/strong> Todos os produtos s\u00e3o submetidos a testes rigorosos, incluindo dete\u00e7\u00e3o de tamanho e de fugas nas v\u00e1lvulas, para garantir uma qualidade impec\u00e1vel antes de sa\u00edrem das nossas instala\u00e7\u00f5es.<\/p>\n<p><strong>Alcance global:<\/strong> Empresas de todo o mundo confiam na nossa qualidade consistente e na entrega atempada.<\/p>\n<p>Escolha a HongTai para obter fiabilidade, desempenho e inova\u00e7\u00e3o inigual\u00e1veis em solu\u00e7\u00f5es de v\u00e1lvulas e acess\u00f3rios para tubos.<\/p>\n<p>&nbsp;<\/p>\n<p><strong>Contactar-nos<\/strong><br \/>\nPara mais informa\u00e7\u00f5es ou para discutir as suas necessidades, contacte-nos atrav\u00e9s de:<br \/>\nCorreio eletr\u00f3nico: ht@htcdf.com<br \/>\nwhatsapp: (86)18875809195<br \/>\nTamb\u00e9m pode visitar o nosso <span style=\"color: #0000ff;\"><a style=\"color: #0000ff;\" href=\"https:\/\/www.hongtaivalve.com\/pt\/contact-us\/\" target=\"_blank\" rel=\"noopener\">Contactar-nos<\/a> <\/span>para mais formas de entrar em contacto.<\/p>\n<p>&nbsp;<\/p>\n<p>&nbsp;<\/p>","protected":false},"excerpt":{"rendered":"<table style=\"height: 264px;\" width=\"1015\">\n<tbody>\n<tr>\n<td width=\"207\"><strong><b>Tamanho<\/b><\/strong><\/td>\n<td width=\"217\"><strong>\u00a0A<\/strong><\/td>\n<td width=\"214\"><strong>B<\/strong><\/td>\n<td width=\"348\"><\/td>\n<\/tr>\n<tr>\n<td>1\"<\/td>\n<td>61.0<\/td>\n<td>25.4<\/td>\n<td><\/td>\n<\/tr>\n<tr>\n<td>1-1\/4\"<\/td>\n<td>64.0<\/td>\n<td>31.8<\/td>\n<td><\/td>\n<\/tr>\n<tr>\n<td>1-1\/2\"<\/td>\n<td>67.0<\/td>\n<td>38.1<\/td>\n<td><\/td>\n<\/tr>\n<tr>\n<td>2\"<\/td>\n<td>74.0<\/td>\n<td>50.8<\/td>\n<td><\/td>\n<\/tr>\n<tr>\n<td>2-1\/2&#8243;<\/td>\n<td>80.0<\/td>\n<td>63.5<\/td>\n<td><\/td>\n<\/tr>\n<tr>\n<td>3&#8243;<\/td>\n<td>86.0<\/td>\n<td>76.2<\/td>\n<td><\/td>\n<\/tr>\n<tr>\n<td>3-1\/2&#8243;<\/td>\n<td>93.0<\/td>\n<td>89.0<\/td>\n<td><\/td>\n<\/tr>\n<tr>\n<td>4&#8243;<\/td>\n<td>100.0<\/td>\n<td>101.6<\/td>\n<td><\/td>\n<\/tr>\n<tr>\n<td>4-1\/4&#8243;<\/td>\n<td>102.0<\/td>\n<td>108.0<\/td>\n<td><\/td>\n<\/tr>\n<\/tbody>\n<\/table>","protected":false},"featured_media":5769,"comment_status":"open","ping_status":"closed","template":"","meta":[],"product_brand":[],"product_cat":[119],"product_tag":[],"class_list":{"0":"post-5768","1":"product","2":"type-product","3":"status-publish","4":"has-post-thumbnail","6":"product_cat-pipe-holder","8":"first","9":"instock","10":"shipping-taxable","11":"product-type-simple"},"yoast_head":"<!-- This site is optimized with the Yoast SEO plugin v24.6 - https:\/\/yoast.com\/wordpress\/plugins\/seo\/ -->\n<title>Food grade-Sanitary Pipe Holder DN15-DN150<\/title>\n<meta name=\"description\" content=\"Discover premium Sanitary Pipe Holder . Ideal for food-grade sanitary systems. Supplied by leading stainless steel pipe fittings suppliers.\" \/>\n<meta name=\"robots\" content=\"index, follow, max-snippet:-1, max-image-preview:large, max-video-preview:-1\" \/>\n<link rel=\"canonical\" href=\"https:\/\/www.hongtaivalve.com\/pt\/produto\/hongtai-fluid-equipment-food-grade-sanitary-pipe-holder-size-dn15-dn150-htv-ph001\/\" \/>\n<meta property=\"og:locale\" content=\"pt_PT\" \/>\n<meta property=\"og:type\" content=\"article\" \/>\n<meta property=\"og:title\" content=\"Food grade-Sanitary Pipe Holder DN15-DN150\" \/>\n<meta property=\"og:description\" content=\"Discover premium Sanitary Pipe Holder . Ideal for food-grade sanitary systems. Supplied by leading stainless steel pipe fittings suppliers.\" \/>\n<meta property=\"og:url\" content=\"https:\/\/www.hongtaivalve.com\/pt\/produto\/hongtai-fluid-equipment-food-grade-sanitary-pipe-holder-size-dn15-dn150-htv-ph001\/\" \/>\n<meta property=\"og:site_name\" content=\"Wenzhou HongTai Fluid Equipment Co.Ltd\" \/>\n<meta property=\"article:modified_time\" content=\"2024-12-24T02:14:46+00:00\" \/>\n<meta property=\"og:image\" content=\"https:\/\/www.hongtaivalve.com\/wp-content\/uploads\/2024\/12\/bff1bcccc5a0ea96dc966472238e3cf.jpg\" \/>\n\t<meta property=\"og:image:width\" content=\"1000\" \/>\n\t<meta property=\"og:image:height\" content=\"1000\" \/>\n\t<meta property=\"og:image:type\" content=\"image\/jpeg\" \/>\n<meta name=\"twitter:card\" content=\"summary_large_image\" \/>\n<meta name=\"twitter:label1\" content=\"Tempo estimado de leitura\" \/>\n\t<meta name=\"twitter:data1\" content=\"3 minutos\" \/>\n<script type=\"application\/ld+json\" class=\"yoast-schema-graph\">{\"@context\":\"https:\/\/schema.org\",\"@graph\":[{\"@type\":\"WebPage\",\"@id\":\"https:\/\/www.hongtaivalve.com\/product\/hongtai-fluid-equipment-food-grade-sanitary-pipe-holder-size-dn15-dn150-htv-ph001\/\",\"url\":\"https:\/\/www.hongtaivalve.com\/product\/hongtai-fluid-equipment-food-grade-sanitary-pipe-holder-size-dn15-dn150-htv-ph001\/\",\"name\":\"Food grade-Sanitary Pipe Holder DN15-DN150\",\"isPartOf\":{\"@id\":\"https:\/\/www.hongtaivalve.com\/#website\"},\"primaryImageOfPage\":{\"@id\":\"https:\/\/www.hongtaivalve.com\/product\/hongtai-fluid-equipment-food-grade-sanitary-pipe-holder-size-dn15-dn150-htv-ph001\/#primaryimage\"},\"image\":{\"@id\":\"https:\/\/www.hongtaivalve.com\/product\/hongtai-fluid-equipment-food-grade-sanitary-pipe-holder-size-dn15-dn150-htv-ph001\/#primaryimage\"},\"thumbnailUrl\":\"https:\/\/www.hongtaivalve.com\/wp-content\/uploads\/2024\/12\/bff1bcccc5a0ea96dc966472238e3cf.jpg\",\"datePublished\":\"2024-12-18T06:22:10+00:00\",\"dateModified\":\"2024-12-24T02:14:46+00:00\",\"description\":\"Discover premium Sanitary Pipe Holder . Ideal for food-grade sanitary systems. Supplied by leading stainless steel pipe fittings suppliers.\",\"breadcrumb\":{\"@id\":\"https:\/\/www.hongtaivalve.com\/product\/hongtai-fluid-equipment-food-grade-sanitary-pipe-holder-size-dn15-dn150-htv-ph001\/#breadcrumb\"},\"inLanguage\":\"pt-PT\",\"potentialAction\":[{\"@type\":\"ReadAction\",\"target\":[\"https:\/\/www.hongtaivalve.com\/product\/hongtai-fluid-equipment-food-grade-sanitary-pipe-holder-size-dn15-dn150-htv-ph001\/\"]}]},{\"@type\":\"ImageObject\",\"inLanguage\":\"pt-PT\",\"@id\":\"https:\/\/www.hongtaivalve.com\/product\/hongtai-fluid-equipment-food-grade-sanitary-pipe-holder-size-dn15-dn150-htv-ph001\/#primaryimage\",\"url\":\"https:\/\/www.hongtaivalve.com\/wp-content\/uploads\/2024\/12\/bff1bcccc5a0ea96dc966472238e3cf.jpg\",\"contentUrl\":\"https:\/\/www.hongtaivalve.com\/wp-content\/uploads\/2024\/12\/bff1bcccc5a0ea96dc966472238e3cf.jpg\",\"width\":1000,\"height\":1000},{\"@type\":\"BreadcrumbList\",\"@id\":\"https:\/\/www.hongtaivalve.com\/product\/hongtai-fluid-equipment-food-grade-sanitary-pipe-holder-size-dn15-dn150-htv-ph001\/#breadcrumb\",\"itemListElement\":[{\"@type\":\"ListItem\",\"position\":1,\"name\":\"\u9996\u9875\",\"item\":\"https:\/\/www.hongtaivalve.com\/\"},{\"@type\":\"ListItem\",\"position\":2,\"name\":\"Product\",\"item\":\"https:\/\/www.hongtaivalve.com\/product\/\"},{\"@type\":\"ListItem\",\"position\":3,\"name\":\"HongTai Fluid Equipment food grade-Sanitary Pipe Holder-size \u00a0dn15-dn150 HTV-PH001\"}]},{\"@type\":\"WebSite\",\"@id\":\"https:\/\/www.hongtaivalve.com\/#website\",\"url\":\"https:\/\/www.hongtaivalve.com\/\",\"name\":\"Wenzhou HongTai Fluid Equipment Co.Ltd\",\"description\":\"\",\"potentialAction\":[{\"@type\":\"SearchAction\",\"target\":{\"@type\":\"EntryPoint\",\"urlTemplate\":\"https:\/\/www.hongtaivalve.com\/?s={search_term_string}\"},\"query-input\":{\"@type\":\"PropertyValueSpecification\",\"valueRequired\":true,\"valueName\":\"search_term_string\"}}],\"inLanguage\":\"pt-PT\"}]}<\/script>\n<!-- \/ Yoast SEO plugin. -->","yoast_head_json":{"title":"Food grade-Sanitary Pipe Holder DN15-DN150","description":"Discover premium Sanitary Pipe Holder . Ideal for food-grade sanitary systems. Supplied by leading stainless steel pipe fittings suppliers.","robots":{"index":"index","follow":"follow","max-snippet":"max-snippet:-1","max-image-preview":"max-image-preview:large","max-video-preview":"max-video-preview:-1"},"canonical":"https:\/\/www.hongtaivalve.com\/pt\/produto\/hongtai-fluid-equipment-food-grade-sanitary-pipe-holder-size-dn15-dn150-htv-ph001\/","og_locale":"pt_PT","og_type":"article","og_title":"Food grade-Sanitary Pipe Holder DN15-DN150","og_description":"Discover premium Sanitary Pipe Holder . Ideal for food-grade sanitary systems. Supplied by leading stainless steel pipe fittings suppliers.","og_url":"https:\/\/www.hongtaivalve.com\/pt\/produto\/hongtai-fluid-equipment-food-grade-sanitary-pipe-holder-size-dn15-dn150-htv-ph001\/","og_site_name":"Wenzhou HongTai Fluid Equipment Co.Ltd","article_modified_time":"2024-12-24T02:14:46+00:00","og_image":[{"width":1000,"height":1000,"url":"https:\/\/www.hongtaivalve.com\/wp-content\/uploads\/2024\/12\/bff1bcccc5a0ea96dc966472238e3cf.jpg","type":"image\/jpeg"}],"twitter_card":"summary_large_image","twitter_misc":{"Tempo estimado de leitura":"3 minutos"},"schema":{"@context":"https:\/\/schema.org","@graph":[{"@type":"WebPage","@id":"https:\/\/www.hongtaivalve.com\/product\/hongtai-fluid-equipment-food-grade-sanitary-pipe-holder-size-dn15-dn150-htv-ph001\/","url":"https:\/\/www.hongtaivalve.com\/product\/hongtai-fluid-equipment-food-grade-sanitary-pipe-holder-size-dn15-dn150-htv-ph001\/","name":"Food grade-Sanitary Pipe Holder DN15-DN150","isPartOf":{"@id":"https:\/\/www.hongtaivalve.com\/#website"},"primaryImageOfPage":{"@id":"https:\/\/www.hongtaivalve.com\/product\/hongtai-fluid-equipment-food-grade-sanitary-pipe-holder-size-dn15-dn150-htv-ph001\/#primaryimage"},"image":{"@id":"https:\/\/www.hongtaivalve.com\/product\/hongtai-fluid-equipment-food-grade-sanitary-pipe-holder-size-dn15-dn150-htv-ph001\/#primaryimage"},"thumbnailUrl":"https:\/\/www.hongtaivalve.com\/wp-content\/uploads\/2024\/12\/bff1bcccc5a0ea96dc966472238e3cf.jpg","datePublished":"2024-12-18T06:22:10+00:00","dateModified":"2024-12-24T02:14:46+00:00","description":"Discover premium Sanitary Pipe Holder . Ideal for food-grade sanitary systems. Supplied by leading stainless steel pipe fittings suppliers.","breadcrumb":{"@id":"https:\/\/www.hongtaivalve.com\/product\/hongtai-fluid-equipment-food-grade-sanitary-pipe-holder-size-dn15-dn150-htv-ph001\/#breadcrumb"},"inLanguage":"pt-PT","potentialAction":[{"@type":"ReadAction","target":["https:\/\/www.hongtaivalve.com\/product\/hongtai-fluid-equipment-food-grade-sanitary-pipe-holder-size-dn15-dn150-htv-ph001\/"]}]},{"@type":"ImageObject","inLanguage":"pt-PT","@id":"https:\/\/www.hongtaivalve.com\/product\/hongtai-fluid-equipment-food-grade-sanitary-pipe-holder-size-dn15-dn150-htv-ph001\/#primaryimage","url":"https:\/\/www.hongtaivalve.com\/wp-content\/uploads\/2024\/12\/bff1bcccc5a0ea96dc966472238e3cf.jpg","contentUrl":"https:\/\/www.hongtaivalve.com\/wp-content\/uploads\/2024\/12\/bff1bcccc5a0ea96dc966472238e3cf.jpg","width":1000,"height":1000},{"@type":"BreadcrumbList","@id":"https:\/\/www.hongtaivalve.com\/product\/hongtai-fluid-equipment-food-grade-sanitary-pipe-holder-size-dn15-dn150-htv-ph001\/#breadcrumb","itemListElement":[{"@type":"ListItem","position":1,"name":"\u9996\u9875","item":"https:\/\/www.hongtaivalve.com\/"},{"@type":"ListItem","position":2,"name":"Product","item":"https:\/\/www.hongtaivalve.com\/product\/"},{"@type":"ListItem","position":3,"name":"HongTai Fluid Equipment food grade-Sanitary Pipe Holder-size \u00a0dn15-dn150 HTV-PH001"}]},{"@type":"WebSite","@id":"https:\/\/www.hongtaivalve.com\/#website","url":"https:\/\/www.hongtaivalve.com\/","name":"Wenzhou HongTai Fluid Equipment Co.Ltd","description":"","potentialAction":[{"@type":"SearchAction","target":{"@type":"EntryPoint","urlTemplate":"https:\/\/www.hongtaivalve.com\/?s={search_term_string}"},"query-input":{"@type":"PropertyValueSpecification","valueRequired":true,"valueName":"search_term_string"}}],"inLanguage":"pt-PT"}]}},"_links":{"self":[{"href":"https:\/\/www.hongtaivalve.com\/pt\/wp-json\/wp\/v2\/product\/5768","targetHints":{"allow":["GET"]}}],"collection":[{"href":"https:\/\/www.hongtaivalve.com\/pt\/wp-json\/wp\/v2\/product"}],"about":[{"href":"https:\/\/www.hongtaivalve.com\/pt\/wp-json\/wp\/v2\/types\/product"}],"replies":[{"embeddable":true,"href":"https:\/\/www.hongtaivalve.com\/pt\/wp-json\/wp\/v2\/comments?post=5768"}],"wp:featuredmedia":[{"embeddable":true,"href":"https:\/\/www.hongtaivalve.com\/pt\/wp-json\/wp\/v2\/media\/5769"}],"wp:attachment":[{"href":"https:\/\/www.hongtaivalve.com\/pt\/wp-json\/wp\/v2\/media?parent=5768"}],"wp:term":[{"taxonomy":"product_brand","embeddable":true,"href":"https:\/\/www.hongtaivalve.com\/pt\/wp-json\/wp\/v2\/product_brand?post=5768"},{"taxonomy":"product_cat","embeddable":true,"href":"https:\/\/www.hongtaivalve.com\/pt\/wp-json\/wp\/v2\/product_cat?post=5768"},{"taxonomy":"product_tag","embeddable":true,"href":"https:\/\/www.hongtaivalve.com\/pt\/wp-json\/wp\/v2\/product_tag?post=5768"}],"curies":[{"name":"wp","href":"https:\/\/api.w.org\/{rel}","templated":true}]}}