{"id":5979,"date":"2024-12-25T05:38:39","date_gmt":"2024-12-25T05:38:39","guid":{"rendered":"https:\/\/www.hongtaivalve.com\/?post_type=product&#038;p=5979"},"modified":"2025-04-24T05:20:28","modified_gmt":"2025-04-24T05:20:28","slug":"hongtaivalve-sanitary-food-grade-clamped-butterfly-valve-size-dn15-dn150-htv-buv007","status":"publish","type":"product","link":"https:\/\/www.hongtaivalve.com\/pt\/produto\/hongtaivalve-sanitary-food-grade-clamped-butterfly-valve-size-dn15-dn150-htv-buv007\/","title":{"rendered":"Hongtaivalve-v\u00e1lvula de borboleta com bra\u00e7adeira de grau alimentar sanit\u00e1ria-tamanho dn15-dn150-HTV-BUV007"},"content":{"rendered":"<p>A v\u00e1lvula borboleta de grau sanit\u00e1rio \u00e9 uma v\u00e1lvula especialmente concebida para o processo de grau sanit\u00e1rio, com estrutura simples, opera\u00e7\u00e3o conveniente, bom desempenho de veda\u00e7\u00e3o e outras vantagens. A v\u00e1lvula \u00e9 feita de materiais de grau sanit\u00e1rio, que podem atender aos requisitos da ind\u00fastria de alimentos e medicamentos para o grau sanit\u00e1rio. As v\u00e1lvulas da s\u00e9rie de grau sanit\u00e1rio da HONGTAI VALVE s\u00e3o lan\u00e7adas para as ind\u00fastrias de alimentos, bebidas, medicamentos e eletr\u00f4nicos, entre as quais a v\u00e1lvula borboleta tem 304, 316 e outros materiais para sele\u00e7\u00e3o.<\/p>\n<div>**Sanitary Quick-Connect Butterfly Valve**<\/div>\n<div>*Hygienic Tri-Clamp (ISO 2852) \/ DIN 11851 \/ SMS Flange Valve*<\/div>\n<div>Crafted from 316L SS with electropolished finish (Ra \u22640.8\u03bcm), this valve ensures zero bacterial adhesion. Features EPDM\/FKM\/PTFE seals, full-bore design, and CIP\/SIP compatibility. Ideal for pharma, dairy, and beverage lines. Global terms: *Clamp-Style Butterfly Valve* (US), *Hygienic Wafer Valve* (EU), *Aseptic DIN Valve*. Compatible with Tri-Clover ferrules, sanitary tubing, and CIP manifolds.<\/div>\n<div><\/div>\n<div><\/div>\n<div>&#8212;<\/div>\n<div>**Key Terms**: Tri-Clamp, DIN 11851, SMS, CIP\/SIP, Aseptic Valve, Hygienic Wafer Valve.<\/div>\n<p>A aplica\u00e7\u00e3o da v\u00e1lvula borboleta sanit\u00e1ria na ind\u00fastria alimentar e de medicamentos inclui principalmente os seguintes aspectos:<\/p>\n<p>1 ind\u00fastria farmac\u00eautica: pode ser utilizado em v\u00e1rias condutas no processo farmac\u00eautico, tais como condutas de medicamentos l\u00edquidos, condutas de tratamento de \u00e1gua, etc.<\/p>\n<p>2 ind\u00fastria alimentar: pode ser utilizado em v\u00e1rias condutas na linha de produ\u00e7\u00e3o alimentar, tais como condutas de bebidas, condutas de leite, etc.<\/p>\n<p>3 ind\u00fastria de equipamento m\u00e9dico: a v\u00e1lvula de borboleta de qualidade sanit\u00e1ria pode ser utilizada em v\u00e1rias condutas no fabrico de equipamento m\u00e9dico, como a conduta de g\u00e1s medicinal, a conduta de infus\u00e3o, etc.<\/p>\n<p>A aplica\u00e7\u00e3o da v\u00e1lvula de borboleta de qualidade sanit\u00e1ria na ind\u00fastria alimentar e de medicamentos tem as seguintes vantagens<\/p>\n<p>1 bom desempenho de veda\u00e7\u00e3o: a v\u00e1lvula de borboleta de qualidade sanit\u00e1ria \u00e9 feita de materiais com bom desempenho de veda\u00e7\u00e3o, o que pode garantir a veda\u00e7\u00e3o da tubagem e evitar a polui\u00e7\u00e3o de produtos alimentares e medicamentosos.<\/p>\n<p>2 opera\u00e7\u00e3o conveniente: tem as vantagens de uma estrutura simples e opera\u00e7\u00e3o conveniente, e pode ser aberto e fechado facilmente.<\/p>\n<p>3 adaptabilidade: pode adaptar-se a uma variedade de diferentes ambientes de trabalho e temperaturas, pode satisfazer os requisitos de produ\u00e7\u00e3o de diferentes produtos alimentares e farmac\u00eauticos.<\/p>\n<p>Carater\u00edsticas da v\u00e1lvula de borboleta sanit\u00e1ria:<\/p>\n<p>1. estrutura amov\u00edvel, estrutura compacta, f\u00e1cil manuten\u00e7\u00e3o;<\/p>\n<p>2. em conformidade com a norma FDA 177.2600;<\/p>\n<p>3. f\u00e1cil opera\u00e7\u00e3o, abrir e fechar sem fric\u00e7\u00e3o, adequado para condi\u00e7\u00f5es de opera\u00e7\u00e3o frequentes;<\/p>\n<p>4. Abertura e fecho de 0~90 graus, com regula\u00e7\u00e3o, a utiliza\u00e7\u00e3o do man\u00edpulo de posicionamento m\u00faltiplo pode ser conveniente para o controlo do fluxo;<\/p>\n<p>5. polimento de superf\u00edcies;<\/p>\n<p>6. tratamento de desengorduramento.<\/p>\n<p>V\u00e1lvula e pe\u00e7a de contacto do material: AISI 304 ou AISI 316L<br \/>\nGama de temperaturas:-10 \u2103 a 95 \u2103 (sele\u00e7\u00e3o de temperatura mais elevada da borracha fluorada)<br \/>\nMaterial de veda\u00e7\u00e3o: EPDM (silicone)<br \/>\nEspecifica\u00e7\u00f5es: DN15 ~ DN200 ISO19.05 ~ ISO101.6<br \/>\nV\u00e1lvula de borboleta sanit\u00e1ria, que \u00e9 amplamente utilizada em produtos l\u00e1cteos, cerveja, bebidas, sumos, engenharia farmac\u00eautica e outros campos.<br \/>\nSobre o puxador de pl\u00e1stico, Em alternativa, para controlar o caudal m\u00e9dio, tamb\u00e9m se pode utilizar um puxador capaz de bloquear a v\u00e1lvula atrav\u00e9s de quatro posi\u00e7\u00f5es multifuncionais<\/p>\n<p>&nbsp;<\/p>\n<h2><span style=\"color: #ff0000;\">Instru\u00e7\u00f5es de embalagem do produto\uff1a<\/span><\/h2>\n<p>Cada produto \u00e9 primeiro embalado individualmente num saco de espuma, depois cuidadosamente colocado numa caixa de cart\u00e3o designada. Por fim, \u00e9 paletizado ou embalado num caixote de madeira para exporta\u00e7\u00e3o. Todo o processo de embalagem \u00e9 rigorosamente executado para evitar quaisquer danos durante o transporte.<\/p>\n<p><a href=\"https:\/\/www.hongtaivalve.com\/wp-content\/uploads\/2024\/12\/084f43bdcdf3b62da0c12b1a4e10fe3.jpg\"><img fetchpriority=\"high\" decoding=\"async\" class=\"alignnone size-full wp-image-5980\" src=\"https:\/\/www.hongtaivalve.com\/wp-content\/uploads\/2024\/12\/084f43bdcdf3b62da0c12b1a4e10fe3.jpg\" alt=\"\" width=\"800\" height=\"800\" srcset=\"https:\/\/www.hongtaivalve.com\/wp-content\/uploads\/2024\/12\/084f43bdcdf3b62da0c12b1a4e10fe3.jpg 800w, https:\/\/www.hongtaivalve.com\/wp-content\/uploads\/2024\/12\/084f43bdcdf3b62da0c12b1a4e10fe3-300x300.jpg 300w, https:\/\/www.hongtaivalve.com\/wp-content\/uploads\/2024\/12\/084f43bdcdf3b62da0c12b1a4e10fe3-150x150.jpg 150w, https:\/\/www.hongtaivalve.com\/wp-content\/uploads\/2024\/12\/084f43bdcdf3b62da0c12b1a4e10fe3-768x768.jpg 768w, https:\/\/www.hongtaivalve.com\/wp-content\/uploads\/2024\/12\/084f43bdcdf3b62da0c12b1a4e10fe3-12x12.jpg 12w, https:\/\/www.hongtaivalve.com\/wp-content\/uploads\/2024\/12\/084f43bdcdf3b62da0c12b1a4e10fe3-100x100.jpg 100w\" sizes=\"(max-width: 800px) 100vw, 800px\" \/><\/a><\/p>\n<p><strong>Sobre n\u00f3s<\/strong><\/p>\n<p>Na HongTai, somos especializados em v\u00e1lvulas sanit\u00e1rias de alta qualidade e acess\u00f3rios para tubos de a\u00e7o inoxid\u00e1vel, atendendo a ind\u00fastrias-chave como farmac\u00eautica, processamento de alimentos e produtos qu\u00edmicos. Fabricados em a\u00e7o inoxid\u00e1vel 304, 316 e 316L de primeira qualidade, os nossos produtos oferecem uma excelente resist\u00eancia \u00e0 corros\u00e3o e s\u00e3o fabricados utilizando t\u00e9cnicas de fabrico avan\u00e7adas, como o corte a laser e a soldadura de precis\u00e3o. Concebidas para higiene e integridade dos fluidos, as v\u00e1lvulas da HongTai s\u00e3o a escolha ideal para ind\u00fastrias que exigem uma limpeza \u00f3ptima e um desempenho duradouro.<\/p>\n<p><a href=\"https:\/\/www.hongtaivalve.com\/wp-content\/uploads\/2024\/12\/2efad8255a88820383829ce2a75fcb9-1.jpg\"><img decoding=\"async\" class=\"wp-image-5949 aligncenter\" src=\"https:\/\/www.hongtaivalve.com\/wp-content\/uploads\/2024\/12\/2efad8255a88820383829ce2a75fcb9-1.jpg\" alt=\"\" width=\"641\" height=\"415\" srcset=\"https:\/\/www.hongtaivalve.com\/wp-content\/uploads\/2024\/12\/2efad8255a88820383829ce2a75fcb9-1.jpg 985w, https:\/\/www.hongtaivalve.com\/wp-content\/uploads\/2024\/12\/2efad8255a88820383829ce2a75fcb9-1-300x194.jpg 300w, https:\/\/www.hongtaivalve.com\/wp-content\/uploads\/2024\/12\/2efad8255a88820383829ce2a75fcb9-1-768x497.jpg 768w, https:\/\/www.hongtaivalve.com\/wp-content\/uploads\/2024\/12\/2efad8255a88820383829ce2a75fcb9-1-18x12.jpg 18w, https:\/\/www.hongtaivalve.com\/wp-content\/uploads\/2024\/12\/2efad8255a88820383829ce2a75fcb9-1-800x518.jpg 800w\" sizes=\"(max-width: 641px) 100vw, 641px\" \/><\/a><\/p>\n<p>&nbsp;<\/p>\n<p><strong>Porqu\u00ea escolher-nos<\/strong><\/p>\n<p><strong>Garantia de qualidade:<\/strong>\u00a0Mantemos um controlo rigoroso de todas as fases de produ\u00e7\u00e3o, desde as mat\u00e9rias-primas at\u00e9 aos produtos acabados, garantindo a conformidade com a norma ISO9001 e certifica\u00e7\u00f5es internacionais, incluindo as normas 3A, DIN e ISO.<\/p>\n<p><strong>Experi\u00eancia no sector:<\/strong>\u00a0D\u00e9cadas de experi\u00eancia no fornecimento de solu\u00e7\u00f5es para ind\u00fastrias cr\u00edticas como a alimentar, a de bebidas e a farmac\u00eautica.<\/p>\n<p><strong>Tecnologia avan\u00e7ada:<\/strong>\u00a0As nossas instala\u00e7\u00f5es de \u00faltima gera\u00e7\u00e3o, incluindo tornos CNC e ferramentas de precis\u00e3o regularmente actualizados, garantem uma elevada precis\u00e3o de superf\u00edcie e toler\u00e2ncias apertadas para cada produto.<\/p>\n<p><strong>100% Inspe\u00e7\u00e3o:<\/strong>\u00a0Todos os produtos s\u00e3o submetidos a testes rigorosos, incluindo dete\u00e7\u00e3o de tamanho e de fugas nas v\u00e1lvulas, para garantir uma qualidade impec\u00e1vel antes de sa\u00edrem das nossas instala\u00e7\u00f5es.<\/p>\n<p><strong>Alcance global:<\/strong>\u00a0Empresas de todo o mundo confiam na nossa qualidade consistente e na entrega atempada.<\/p>\n<p>Escolha a HongTai para obter fiabilidade, desempenho e inova\u00e7\u00e3o inigual\u00e1veis em solu\u00e7\u00f5es de v\u00e1lvulas e acess\u00f3rios para tubos.<\/p>\n<p>&nbsp;<\/p>\n<p><strong>Contactar-nos<\/strong><br \/>\nPara mais informa\u00e7\u00f5es ou para discutir as suas necessidades, contacte-nos atrav\u00e9s de:<br \/>\nCorreio eletr\u00f3nico: ht@htcdf.com<br \/>\nwhatsapp: (86)18875809195<br \/>\nTamb\u00e9m pode visitar o nosso\u00a0<a href=\"https:\/\/www.hongtaivalve.com\/pt\/contact-us\/\">Contactar-nos<\/a>\u00a0para mais formas de entrar em contacto.<\/p>\n<p>&nbsp;<\/p>","protected":false},"excerpt":{"rendered":"<table>\n<tbody>\n<tr>\n<td width=\"207\"><strong><b>Modelo n.<\/b><\/strong><\/td>\n<td width=\"217\">HT-BTV002<\/td>\n<td width=\"214\"><\/td>\n<td width=\"348\"><\/td>\n<\/tr>\n<tr>\n<td><strong><b>Press\u00e3o m\u00e1xima de trabalho<\/b><\/strong><\/td>\n<td>1,5mpa\/15Bars<\/td>\n<td><strong><b>Extremidade da liga\u00e7\u00e3o<\/b><\/strong><\/td>\n<td>Triclamp\/Solda\/Rosca\/Flange<\/td>\n<\/tr>\n<tr>\n<td><strong><b>Temperatura m\u00e1xima de funcionamento<\/b><\/strong><\/td>\n<td>150\u00b0C<\/td>\n<td><strong><b>Funcionamento<\/b><\/strong><\/td>\n<td>Manual, pneum\u00e1tico, el\u00e9trico<\/td>\n<\/tr>\n<tr>\n<td><strong><b>Material da carro\u00e7aria<\/b><\/strong><\/td>\n<td>SS316L,SS304<\/td>\n<td><strong><b>Material de veda\u00e7\u00e3o<\/b><\/strong><\/td>\n<td>Silicone, EPDM, Viton, PTFE ou NBR<\/td>\n<\/tr>\n<tr>\n<td><strong><b>Acabamento da superf\u00edcie interior<\/b><\/strong><\/td>\n<td>Ra 0,5<\/td>\n<td><strong><b>Acabamento da superf\u00edcie externa: <\/b><\/strong><\/td>\n<td>Ra 0,8<\/td>\n<\/tr>\n<tr>\n<td><strong><b>Especifica\u00e7\u00e3o<\/b><\/strong><\/td>\n<td>1\/2&#8243;-12&#8243;<\/td>\n<td><strong><b>Certifica\u00e7\u00e3o<\/b><\/strong><\/td>\n<td>Relat\u00f3rio de mat\u00e9rias-primas\/relat\u00f3rio de qualidade final<\/td>\n<\/tr>\n<tr>\n<td><strong><b>C\u00d3DIGO SH<\/b><\/strong><\/td>\n<td>8481804090<\/td>\n<td><strong><b>Acabamento<\/b><\/strong><\/td>\n<td>Polimento espelhado ou polimento mate<\/td>\n<\/tr>\n<tr>\n<td><strong><b>T\u00e9cnica das mat\u00e9rias-primas<\/b><\/strong><\/td>\n<td>Forjamento ou fundi\u00e7\u00e3o<\/td>\n<td><strong><b>M\u00e1quina de processamento<\/b><\/strong><\/td>\n<td>M\u00e1quina CNC LG Mazak<\/td>\n<\/tr>\n<tr>\n<td><strong><b>Norma de conce\u00e7\u00e3o<\/b><\/strong><\/td>\n<td>3A ou DIN, SMS, ISO\/IDF<\/td>\n<td><strong><b>Aplica\u00e7\u00e3o<\/b><\/strong><\/td>\n<td>Utiliza\u00e7\u00e3o industrial de alimentos ou bebidas<\/td>\n<\/tr>\n<tr>\n<td><strong><b>Pacote de transporte<\/b><\/strong><\/td>\n<td>Pl\u00e1stico espumado + caixa de madeira<\/td>\n<td><strong><b>Origem<\/b><\/strong><\/td>\n<td>Wenzhou China<\/td>\n<\/tr>\n<\/tbody>\n<\/table>","protected":false},"featured_media":5980,"comment_status":"open","ping_status":"closed","template":"","meta":[],"product_brand":[],"product_cat":[15],"product_tag":[],"class_list":{"0":"post-5979","1":"product","2":"type-product","3":"status-publish","4":"has-post-thumbnail","6":"product_cat-butterfly-valve-2","8":"first","9":"instock","10":"shipping-taxable","11":"product-type-simple"},"yoast_head":"<!-- This site is optimized with the Yoast SEO plugin v24.6 - https:\/\/yoast.com\/wordpress\/plugins\/seo\/ -->\n<title>Hygienic Tri-Clamp (ISO 2852) \/ DIN 11851 \/ SMS butterfly Valve<\/title>\n<meta name=\"description\" content=\"Stainless steel Hygienic Tri-Clamp (ISO 2852) \/ DIN 11851 \/ SMS Flange butterfly Valve for pharma, dairy, and beverage lines\" \/>\n<meta name=\"robots\" content=\"index, follow, max-snippet:-1, max-image-preview:large, max-video-preview:-1\" \/>\n<link rel=\"canonical\" href=\"https:\/\/www.hongtaivalve.com\/pt\/produto\/hongtaivalve-sanitary-food-grade-clamped-butterfly-valve-size-dn15-dn150-htv-buv007\/\" \/>\n<meta property=\"og:locale\" content=\"pt_PT\" \/>\n<meta property=\"og:type\" content=\"article\" \/>\n<meta property=\"og:title\" content=\"Hygienic Tri-Clamp (ISO 2852) \/ DIN 11851 \/ SMS butterfly Valve\" \/>\n<meta property=\"og:description\" content=\"Stainless steel Hygienic Tri-Clamp (ISO 2852) \/ DIN 11851 \/ SMS Flange butterfly Valve for pharma, dairy, and beverage lines\" \/>\n<meta property=\"og:url\" content=\"https:\/\/www.hongtaivalve.com\/pt\/produto\/hongtaivalve-sanitary-food-grade-clamped-butterfly-valve-size-dn15-dn150-htv-buv007\/\" \/>\n<meta property=\"og:site_name\" content=\"Wenzhou HongTai Fluid Equipment Co.Ltd\" \/>\n<meta property=\"article:modified_time\" content=\"2025-04-24T05:20:28+00:00\" \/>\n<meta property=\"og:image\" content=\"https:\/\/www.hongtaivalve.com\/wp-content\/uploads\/2024\/12\/084f43bdcdf3b62da0c12b1a4e10fe3.jpg\" \/>\n\t<meta property=\"og:image:width\" content=\"800\" \/>\n\t<meta property=\"og:image:height\" content=\"800\" \/>\n\t<meta property=\"og:image:type\" content=\"image\/jpeg\" \/>\n<meta name=\"twitter:card\" content=\"summary_large_image\" \/>\n<meta name=\"twitter:label1\" content=\"Tempo estimado de leitura\" \/>\n\t<meta name=\"twitter:data1\" content=\"5 minutos\" \/>\n<script type=\"application\/ld+json\" class=\"yoast-schema-graph\">{\"@context\":\"https:\/\/schema.org\",\"@graph\":[{\"@type\":\"WebPage\",\"@id\":\"https:\/\/www.hongtaivalve.com\/product\/hongtaivalve-sanitary-food-grade-clamped-butterfly-valve-size-dn15-dn150-htv-buv007\/\",\"url\":\"https:\/\/www.hongtaivalve.com\/product\/hongtaivalve-sanitary-food-grade-clamped-butterfly-valve-size-dn15-dn150-htv-buv007\/\",\"name\":\"Hygienic Tri-Clamp (ISO 2852) \/ DIN 11851 \/ SMS butterfly Valve\",\"isPartOf\":{\"@id\":\"https:\/\/www.hongtaivalve.com\/#website\"},\"primaryImageOfPage\":{\"@id\":\"https:\/\/www.hongtaivalve.com\/product\/hongtaivalve-sanitary-food-grade-clamped-butterfly-valve-size-dn15-dn150-htv-buv007\/#primaryimage\"},\"image\":{\"@id\":\"https:\/\/www.hongtaivalve.com\/product\/hongtaivalve-sanitary-food-grade-clamped-butterfly-valve-size-dn15-dn150-htv-buv007\/#primaryimage\"},\"thumbnailUrl\":\"https:\/\/www.hongtaivalve.com\/wp-content\/uploads\/2024\/12\/084f43bdcdf3b62da0c12b1a4e10fe3.jpg\",\"datePublished\":\"2024-12-25T05:38:39+00:00\",\"dateModified\":\"2025-04-24T05:20:28+00:00\",\"description\":\"Stainless steel Hygienic Tri-Clamp (ISO 2852) \/ DIN 11851 \/ SMS Flange butterfly Valve for pharma, dairy, and beverage lines\",\"breadcrumb\":{\"@id\":\"https:\/\/www.hongtaivalve.com\/product\/hongtaivalve-sanitary-food-grade-clamped-butterfly-valve-size-dn15-dn150-htv-buv007\/#breadcrumb\"},\"inLanguage\":\"pt-PT\",\"potentialAction\":[{\"@type\":\"ReadAction\",\"target\":[\"https:\/\/www.hongtaivalve.com\/product\/hongtaivalve-sanitary-food-grade-clamped-butterfly-valve-size-dn15-dn150-htv-buv007\/\"]}]},{\"@type\":\"ImageObject\",\"inLanguage\":\"pt-PT\",\"@id\":\"https:\/\/www.hongtaivalve.com\/product\/hongtaivalve-sanitary-food-grade-clamped-butterfly-valve-size-dn15-dn150-htv-buv007\/#primaryimage\",\"url\":\"https:\/\/www.hongtaivalve.com\/wp-content\/uploads\/2024\/12\/084f43bdcdf3b62da0c12b1a4e10fe3.jpg\",\"contentUrl\":\"https:\/\/www.hongtaivalve.com\/wp-content\/uploads\/2024\/12\/084f43bdcdf3b62da0c12b1a4e10fe3.jpg\",\"width\":800,\"height\":800},{\"@type\":\"BreadcrumbList\",\"@id\":\"https:\/\/www.hongtaivalve.com\/product\/hongtaivalve-sanitary-food-grade-clamped-butterfly-valve-size-dn15-dn150-htv-buv007\/#breadcrumb\",\"itemListElement\":[{\"@type\":\"ListItem\",\"position\":1,\"name\":\"\u9996\u9875\",\"item\":\"https:\/\/www.hongtaivalve.com\/\"},{\"@type\":\"ListItem\",\"position\":2,\"name\":\"Product\",\"item\":\"https:\/\/www.hongtaivalve.com\/product\/\"},{\"@type\":\"ListItem\",\"position\":3,\"name\":\"Hongtaivalve-sanitary food grade clamped butterfly valve-size dn15-dn150-HTV-BUV007\"}]},{\"@type\":\"WebSite\",\"@id\":\"https:\/\/www.hongtaivalve.com\/#website\",\"url\":\"https:\/\/www.hongtaivalve.com\/\",\"name\":\"Wenzhou HongTai Fluid Equipment Co.Ltd\",\"description\":\"\",\"potentialAction\":[{\"@type\":\"SearchAction\",\"target\":{\"@type\":\"EntryPoint\",\"urlTemplate\":\"https:\/\/www.hongtaivalve.com\/?s={search_term_string}\"},\"query-input\":{\"@type\":\"PropertyValueSpecification\",\"valueRequired\":true,\"valueName\":\"search_term_string\"}}],\"inLanguage\":\"pt-PT\"}]}<\/script>\n<!-- \/ Yoast SEO plugin. -->","yoast_head_json":{"title":"Hygienic Tri-Clamp (ISO 2852) \/ DIN 11851 \/ SMS butterfly Valve","description":"Stainless steel Hygienic Tri-Clamp (ISO 2852) \/ DIN 11851 \/ SMS Flange butterfly Valve for pharma, dairy, and beverage lines","robots":{"index":"index","follow":"follow","max-snippet":"max-snippet:-1","max-image-preview":"max-image-preview:large","max-video-preview":"max-video-preview:-1"},"canonical":"https:\/\/www.hongtaivalve.com\/pt\/produto\/hongtaivalve-sanitary-food-grade-clamped-butterfly-valve-size-dn15-dn150-htv-buv007\/","og_locale":"pt_PT","og_type":"article","og_title":"Hygienic Tri-Clamp (ISO 2852) \/ DIN 11851 \/ SMS butterfly Valve","og_description":"Stainless steel Hygienic Tri-Clamp (ISO 2852) \/ DIN 11851 \/ SMS Flange butterfly Valve for pharma, dairy, and beverage lines","og_url":"https:\/\/www.hongtaivalve.com\/pt\/produto\/hongtaivalve-sanitary-food-grade-clamped-butterfly-valve-size-dn15-dn150-htv-buv007\/","og_site_name":"Wenzhou HongTai Fluid Equipment Co.Ltd","article_modified_time":"2025-04-24T05:20:28+00:00","og_image":[{"width":800,"height":800,"url":"https:\/\/www.hongtaivalve.com\/wp-content\/uploads\/2024\/12\/084f43bdcdf3b62da0c12b1a4e10fe3.jpg","type":"image\/jpeg"}],"twitter_card":"summary_large_image","twitter_misc":{"Tempo estimado de leitura":"5 minutos"},"schema":{"@context":"https:\/\/schema.org","@graph":[{"@type":"WebPage","@id":"https:\/\/www.hongtaivalve.com\/product\/hongtaivalve-sanitary-food-grade-clamped-butterfly-valve-size-dn15-dn150-htv-buv007\/","url":"https:\/\/www.hongtaivalve.com\/product\/hongtaivalve-sanitary-food-grade-clamped-butterfly-valve-size-dn15-dn150-htv-buv007\/","name":"Hygienic Tri-Clamp (ISO 2852) \/ DIN 11851 \/ SMS butterfly Valve","isPartOf":{"@id":"https:\/\/www.hongtaivalve.com\/#website"},"primaryImageOfPage":{"@id":"https:\/\/www.hongtaivalve.com\/product\/hongtaivalve-sanitary-food-grade-clamped-butterfly-valve-size-dn15-dn150-htv-buv007\/#primaryimage"},"image":{"@id":"https:\/\/www.hongtaivalve.com\/product\/hongtaivalve-sanitary-food-grade-clamped-butterfly-valve-size-dn15-dn150-htv-buv007\/#primaryimage"},"thumbnailUrl":"https:\/\/www.hongtaivalve.com\/wp-content\/uploads\/2024\/12\/084f43bdcdf3b62da0c12b1a4e10fe3.jpg","datePublished":"2024-12-25T05:38:39+00:00","dateModified":"2025-04-24T05:20:28+00:00","description":"Stainless steel Hygienic Tri-Clamp (ISO 2852) \/ DIN 11851 \/ SMS Flange butterfly Valve for pharma, dairy, and beverage lines","breadcrumb":{"@id":"https:\/\/www.hongtaivalve.com\/product\/hongtaivalve-sanitary-food-grade-clamped-butterfly-valve-size-dn15-dn150-htv-buv007\/#breadcrumb"},"inLanguage":"pt-PT","potentialAction":[{"@type":"ReadAction","target":["https:\/\/www.hongtaivalve.com\/product\/hongtaivalve-sanitary-food-grade-clamped-butterfly-valve-size-dn15-dn150-htv-buv007\/"]}]},{"@type":"ImageObject","inLanguage":"pt-PT","@id":"https:\/\/www.hongtaivalve.com\/product\/hongtaivalve-sanitary-food-grade-clamped-butterfly-valve-size-dn15-dn150-htv-buv007\/#primaryimage","url":"https:\/\/www.hongtaivalve.com\/wp-content\/uploads\/2024\/12\/084f43bdcdf3b62da0c12b1a4e10fe3.jpg","contentUrl":"https:\/\/www.hongtaivalve.com\/wp-content\/uploads\/2024\/12\/084f43bdcdf3b62da0c12b1a4e10fe3.jpg","width":800,"height":800},{"@type":"BreadcrumbList","@id":"https:\/\/www.hongtaivalve.com\/product\/hongtaivalve-sanitary-food-grade-clamped-butterfly-valve-size-dn15-dn150-htv-buv007\/#breadcrumb","itemListElement":[{"@type":"ListItem","position":1,"name":"\u9996\u9875","item":"https:\/\/www.hongtaivalve.com\/"},{"@type":"ListItem","position":2,"name":"Product","item":"https:\/\/www.hongtaivalve.com\/product\/"},{"@type":"ListItem","position":3,"name":"Hongtaivalve-sanitary food grade clamped butterfly valve-size dn15-dn150-HTV-BUV007"}]},{"@type":"WebSite","@id":"https:\/\/www.hongtaivalve.com\/#website","url":"https:\/\/www.hongtaivalve.com\/","name":"Wenzhou HongTai Fluid Equipment Co.Ltd","description":"","potentialAction":[{"@type":"SearchAction","target":{"@type":"EntryPoint","urlTemplate":"https:\/\/www.hongtaivalve.com\/?s={search_term_string}"},"query-input":{"@type":"PropertyValueSpecification","valueRequired":true,"valueName":"search_term_string"}}],"inLanguage":"pt-PT"}]}},"_links":{"self":[{"href":"https:\/\/www.hongtaivalve.com\/pt\/wp-json\/wp\/v2\/product\/5979","targetHints":{"allow":["GET"]}}],"collection":[{"href":"https:\/\/www.hongtaivalve.com\/pt\/wp-json\/wp\/v2\/product"}],"about":[{"href":"https:\/\/www.hongtaivalve.com\/pt\/wp-json\/wp\/v2\/types\/product"}],"replies":[{"embeddable":true,"href":"https:\/\/www.hongtaivalve.com\/pt\/wp-json\/wp\/v2\/comments?post=5979"}],"wp:featuredmedia":[{"embeddable":true,"href":"https:\/\/www.hongtaivalve.com\/pt\/wp-json\/wp\/v2\/media\/5980"}],"wp:attachment":[{"href":"https:\/\/www.hongtaivalve.com\/pt\/wp-json\/wp\/v2\/media?parent=5979"}],"wp:term":[{"taxonomy":"product_brand","embeddable":true,"href":"https:\/\/www.hongtaivalve.com\/pt\/wp-json\/wp\/v2\/product_brand?post=5979"},{"taxonomy":"product_cat","embeddable":true,"href":"https:\/\/www.hongtaivalve.com\/pt\/wp-json\/wp\/v2\/product_cat?post=5979"},{"taxonomy":"product_tag","embeddable":true,"href":"https:\/\/www.hongtaivalve.com\/pt\/wp-json\/wp\/v2\/product_tag?post=5979"}],"curies":[{"name":"wp","href":"https:\/\/api.w.org\/{rel}","templated":true}]}}