{"id":6071,"date":"2024-12-30T06:45:00","date_gmt":"2024-12-30T06:45:00","guid":{"rendered":"https:\/\/www.hongtaivalve.com\/?post_type=product&#038;p=6071"},"modified":"2024-12-30T07:00:02","modified_gmt":"2024-12-30T07:00:02","slug":"hongtaivalve-sstainless-steel-npt-clamped-threaded-fittings-size-dn15-dn150-htv-tf003","status":"publish","type":"product","link":"https:\/\/www.hongtaivalve.com\/pt\/produto\/hongtaivalve-sstainless-steel-npt-clamped-threaded-fittings-size-dn15-dn150-htv-tf003\/","title":{"rendered":"HongTaivalve-Acess\u00f3rios roscados com bra\u00e7adeira NPT em a\u00e7o inoxid\u00e1vel - tamanho dn15-dn150-HTV-TF003"},"content":{"rendered":"<p>&nbsp;<\/p>\n<p>O Hongtai <strong>Acess\u00f3rios roscados de a\u00e7o inoxid\u00e1vel NPT com bra\u00e7adeira<\/strong> foram concebidos para um desempenho superior e liga\u00e7\u00f5es seguras em fluidos. Com roscas National Pipe Tapered (NPT) e um design fi\u00e1vel com pin\u00e7as, estes acess\u00f3rios asseguram uma veda\u00e7\u00e3o estanque e \u00e0 prova de fugas, ao mesmo tempo que oferecem a comodidade de uma montagem e desmontagem r\u00e1pidas.<\/p>\n<p>Fabricados em a\u00e7o inoxid\u00e1vel de alta qualidade, estes acess\u00f3rios oferecem uma excelente resist\u00eancia \u00e0 corros\u00e3o, tornando-os adequados para ambientes exigentes em ind\u00fastrias como a ind\u00fastria alimentar, farmac\u00eautica e qu\u00edmica, onde a higiene e a integridade do sistema s\u00e3o fundamentais.<\/p>\n<p>O Hongtai <strong>Acess\u00f3rios roscados de a\u00e7o inoxid\u00e1vel NPT com bra\u00e7adeira<\/strong> s\u00e3o concebidos para facilitar a manuten\u00e7\u00e3o e a efici\u00eancia operacional, garantindo um tempo de inatividade m\u00ednimo durante a instala\u00e7\u00e3o ou modifica\u00e7\u00f5es do sistema. Ideais para uma vasta gama de aplica\u00e7\u00f5es, proporcionam uma solu\u00e7\u00e3o segura e flex\u00edvel para ligar tubos, v\u00e1lvulas e outros componentes em v\u00e1rios ambientes industriais.<\/p>\n<p><a href=\"https:\/\/www.hongtaivalve.com\/wp-content\/uploads\/2024\/12\/\u767d\u5e95.jpg\"><img fetchpriority=\"high\" decoding=\"async\" class=\"alignnone size-full wp-image-6072\" src=\"https:\/\/www.hongtaivalve.com\/wp-content\/uploads\/2024\/12\/\u767d\u5e95.jpg\" alt=\"\" width=\"800\" height=\"800\" srcset=\"https:\/\/www.hongtaivalve.com\/wp-content\/uploads\/2024\/12\/\u767d\u5e95.jpg 800w, https:\/\/www.hongtaivalve.com\/wp-content\/uploads\/2024\/12\/\u767d\u5e95-300x300.jpg 300w, https:\/\/www.hongtaivalve.com\/wp-content\/uploads\/2024\/12\/\u767d\u5e95-150x150.jpg 150w, https:\/\/www.hongtaivalve.com\/wp-content\/uploads\/2024\/12\/\u767d\u5e95-768x768.jpg 768w, https:\/\/www.hongtaivalve.com\/wp-content\/uploads\/2024\/12\/\u767d\u5e95-12x12.jpg 12w, https:\/\/www.hongtaivalve.com\/wp-content\/uploads\/2024\/12\/\u767d\u5e95-100x100.jpg 100w\" sizes=\"(max-width: 800px) 100vw, 800px\" \/><\/a><\/p>\n<h2><span style=\"color: #ff0000;\">Instru\u00e7\u00f5es de embalagem do produto\uff1a<\/span><\/h2>\n<p>Cada produto \u00e9 primeiro embalado individualmente num saco de espuma, depois cuidadosamente colocado numa caixa de cart\u00e3o designada. Por fim, \u00e9 paletizado ou embalado num caixote de madeira para exporta\u00e7\u00e3o. Todo o processo de embalagem \u00e9 rigorosamente executado para evitar quaisquer danos durante o transporte.<\/p>\n<p>&nbsp;<\/p>\n<p>&nbsp;<\/p>\n<p><strong>Sobre n\u00f3s<\/strong><\/p>\n<p>Na HongTai, somos especializados em v\u00e1lvulas sanit\u00e1rias de alta qualidade e acess\u00f3rios para tubos de a\u00e7o inoxid\u00e1vel, atendendo a ind\u00fastrias-chave como farmac\u00eautica, processamento de alimentos e produtos qu\u00edmicos. Fabricados em a\u00e7o inoxid\u00e1vel 304, 316 e 316L de primeira qualidade, os nossos produtos oferecem uma excelente resist\u00eancia \u00e0 corros\u00e3o e s\u00e3o fabricados utilizando t\u00e9cnicas de fabrico avan\u00e7adas, como o corte a laser e a soldadura de precis\u00e3o. Concebidas para higiene e integridade dos fluidos, as v\u00e1lvulas da HongTai s\u00e3o a escolha ideal para ind\u00fastrias que exigem uma limpeza \u00f3ptima e um desempenho duradouro.<\/p>\n<p><a href=\"https:\/\/www.hongtaivalve.com\/wp-content\/uploads\/2024\/12\/2efad8255a88820383829ce2a75fcb9.jpg\"><img decoding=\"async\" class=\"wp-image-5948 aligncenter\" src=\"https:\/\/www.hongtaivalve.com\/wp-content\/uploads\/2024\/12\/2efad8255a88820383829ce2a75fcb9.jpg\" alt=\"\" width=\"552\" height=\"357\" srcset=\"https:\/\/www.hongtaivalve.com\/wp-content\/uploads\/2024\/12\/2efad8255a88820383829ce2a75fcb9.jpg 985w, https:\/\/www.hongtaivalve.com\/wp-content\/uploads\/2024\/12\/2efad8255a88820383829ce2a75fcb9-300x194.jpg 300w, https:\/\/www.hongtaivalve.com\/wp-content\/uploads\/2024\/12\/2efad8255a88820383829ce2a75fcb9-768x497.jpg 768w, https:\/\/www.hongtaivalve.com\/wp-content\/uploads\/2024\/12\/2efad8255a88820383829ce2a75fcb9-18x12.jpg 18w, https:\/\/www.hongtaivalve.com\/wp-content\/uploads\/2024\/12\/2efad8255a88820383829ce2a75fcb9-800x518.jpg 800w\" sizes=\"(max-width: 552px) 100vw, 552px\" \/><\/a><\/p>\n<p><strong>Porqu\u00ea escolher-nos<\/strong><\/p>\n<p><strong>Garantia de qualidade:<\/strong>\u00a0Mantemos um controlo rigoroso de todas as fases de produ\u00e7\u00e3o, desde as mat\u00e9rias-primas at\u00e9 aos produtos acabados, garantindo a conformidade com a norma ISO9001 e certifica\u00e7\u00f5es internacionais, incluindo as normas 3A, DIN e ISO.<\/p>\n<p><strong>Experi\u00eancia no sector:<\/strong>\u00a0D\u00e9cadas de experi\u00eancia no fornecimento de solu\u00e7\u00f5es para ind\u00fastrias cr\u00edticas como a alimentar, a de bebidas e a farmac\u00eautica.<\/p>\n<p><strong>Tecnologia avan\u00e7ada:<\/strong>\u00a0As nossas instala\u00e7\u00f5es de \u00faltima gera\u00e7\u00e3o, incluindo tornos CNC e ferramentas de precis\u00e3o regularmente actualizados, garantem uma elevada precis\u00e3o de superf\u00edcie e toler\u00e2ncias apertadas para cada produto.<\/p>\n<p><strong>100% Inspe\u00e7\u00e3o:<\/strong>\u00a0Todos os produtos s\u00e3o submetidos a testes rigorosos, incluindo dete\u00e7\u00e3o de tamanho e de fugas nas v\u00e1lvulas, para garantir uma qualidade impec\u00e1vel antes de sa\u00edrem das nossas instala\u00e7\u00f5es.<\/p>\n<p><strong>Alcance global:<\/strong>\u00a0Empresas de todo o mundo confiam na nossa qualidade consistente e na entrega atempada.<\/p>\n<p>Escolha a HongTai para obter fiabilidade, desempenho e inova\u00e7\u00e3o inigual\u00e1veis em solu\u00e7\u00f5es de v\u00e1lvulas e acess\u00f3rios para tubos.<\/p>\n<p>&nbsp;<\/p>\n<p><strong>Contactar-nos<\/strong><br \/>\nPara mais informa\u00e7\u00f5es ou para discutir as suas necessidades, contacte-nos atrav\u00e9s de:<br \/>\nCorreio eletr\u00f3nico: ht@htcdf.com<br \/>\nwhatsapp: (86)18875809195<br \/>\nTamb\u00e9m pode visitar o nosso\u00a0<a href=\"https:\/\/www.hongtaivalve.com\/pt\/contact-us\/\" target=\"_blank\" rel=\"noopener\">Contactar-nos<\/a>\u00a0para mais formas de entrar em contacto.<\/p>\n<p>&nbsp;<\/p>","protected":false},"excerpt":{"rendered":"<table>\n<tbody>\n<tr>\n<td width=\"207\"><strong><b>Modelo n.<\/b><\/strong><\/td>\n<td width=\"217\">HT-TF003<\/td>\n<td width=\"214\"><\/td>\n<td width=\"348\"><\/td>\n<\/tr>\n<tr>\n<td><strong><b>Press\u00e3o m\u00e1xima de trabalho<\/b><\/strong><\/td>\n<td><\/td>\n<td><strong><b>Extremidade da liga\u00e7\u00e3o<\/b><\/strong><\/td>\n<td>Triclamp\/Soldadura\/FNPT\/MNPT<\/td>\n<\/tr>\n<tr>\n<td><strong><b>Temperatura m\u00e1xima de funcionamento<\/b><\/strong><\/td>\n<td><\/td>\n<td><strong><b>Funcionamento<\/b><\/strong><\/td>\n<td>Manual, pneum\u00e1tico, el\u00e9trico<\/td>\n<\/tr>\n<tr>\n<td><strong><b>Material da carro\u00e7aria<\/b><\/strong><\/td>\n<td>SS316L,SS304<\/td>\n<td><strong><b>Material de veda\u00e7\u00e3o<\/b><\/strong><\/td>\n<td>Silicone, EPDM, Viton, PTFE ou NBR<\/td>\n<\/tr>\n<tr>\n<td><strong><b>Acabamento da superf\u00edcie interior<\/b><\/strong><\/td>\n<td><\/td>\n<td><strong><b>Acabamento da superf\u00edcie externa: <\/b><\/strong><\/td>\n<td>Ra 0,8<\/td>\n<\/tr>\n<tr>\n<td><strong><b>Especifica\u00e7\u00e3o<\/b><\/strong><\/td>\n<td>1\/2&#8243;-12&#8243;<\/td>\n<td><strong><b>Certifica\u00e7\u00e3o<\/b><\/strong><\/td>\n<td>Relat\u00f3rio de mat\u00e9rias-primas\/relat\u00f3rio de qualidade final<\/td>\n<\/tr>\n<tr>\n<td><\/td>\n<td><\/td>\n<td><strong><b>Acabamento<\/b><\/strong><\/td>\n<td>Polimento espelhado ou polimento mate<\/td>\n<\/tr>\n<tr>\n<td><strong><b>T\u00e9cnica das mat\u00e9rias-primas<\/b><\/strong><\/td>\n<td>Forjamento ou fundi\u00e7\u00e3o<\/td>\n<td><strong><b>M\u00e1quina de processamento<\/b><\/strong><\/td>\n<td>M\u00e1quina CNC LG Mazak<\/td>\n<\/tr>\n<tr>\n<td><strong><b>Norma de conce\u00e7\u00e3o<\/b><\/strong><\/td>\n<td>3A ou DIN, SMS, ISO\/IDF<\/td>\n<td><strong><b>Aplica\u00e7\u00e3o<\/b><\/strong><\/td>\n<td>Utiliza\u00e7\u00e3o industrial de alimentos ou bebidas<\/td>\n<\/tr>\n<tr>\n<td><strong><b>Pacote de transporte<\/b><\/strong><\/td>\n<td>Pl\u00e1stico espumado + caixa de madeira<\/td>\n<td><strong><b>Origem<\/b><\/strong><\/td>\n<td>Wenzhou China<\/td>\n<\/tr>\n<\/tbody>\n<\/table>","protected":false},"featured_media":6073,"comment_status":"open","ping_status":"closed","template":"","meta":[],"product_brand":[],"product_cat":[106],"product_tag":[],"class_list":{"0":"post-6071","1":"product","2":"type-product","3":"status-publish","4":"has-post-thumbnail","6":"product_cat-tri-clamp-fittings","8":"first","9":"instock","10":"shipping-taxable","11":"product-type-simple"},"yoast_head":"<!-- This site is optimized with the Yoast SEO plugin v24.6 - https:\/\/yoast.com\/wordpress\/plugins\/seo\/ -->\n<title>HongTaivalve-Stainless Steel NPT Clamped Threaded Fittings-size dn15-dn150-HTV-TF003 - Wenzhou HongTai Fluid Equipment Co.Ltd<\/title>\n<meta name=\"robots\" content=\"index, follow, max-snippet:-1, max-image-preview:large, max-video-preview:-1\" \/>\n<link rel=\"canonical\" href=\"https:\/\/www.hongtaivalve.com\/pt\/produto\/hongtaivalve-sstainless-steel-npt-clamped-threaded-fittings-size-dn15-dn150-htv-tf003\/\" \/>\n<meta property=\"og:locale\" content=\"pt_PT\" \/>\n<meta property=\"og:type\" content=\"article\" \/>\n<meta property=\"og:title\" content=\"HongTaivalve-Stainless Steel NPT Clamped Threaded Fittings-size dn15-dn150-HTV-TF003 - Wenzhou HongTai Fluid Equipment Co.Ltd\" \/>\n<meta property=\"og:description\" content=\"Model No. HT-TF003     Max Working Pressure  Connection End Triclamp\/Weld\/FNPT\/MNPT   Max Working Temperature  Operation By Manual,Pneumatic,Electric   Body Material SS316L,SS304 Sealing Material Silicone, EPDM, Viton, PTFE, or NBR   Inner Surface finish  External Surface finish:  Ra 0.8   Specification 1\/2&quot;-12&quot; Certification Raw material report\/finished quality report     Finish Mirror polish or Matt polish   Raw Material technique Forging or Casting Processing Machine LG Mazak CNC Machine   Design Standard 3A or DIN,SMS,ISO\/IDF Application Food or Beverage industrial Usage   Transport Package Foamed Plastic+Wooden case Origin Wenzhou China\" \/>\n<meta property=\"og:url\" content=\"https:\/\/www.hongtaivalve.com\/pt\/produto\/hongtaivalve-sstainless-steel-npt-clamped-threaded-fittings-size-dn15-dn150-htv-tf003\/\" \/>\n<meta property=\"og:site_name\" content=\"Wenzhou HongTai Fluid Equipment Co.Ltd\" \/>\n<meta property=\"article:modified_time\" content=\"2024-12-30T07:00:02+00:00\" \/>\n<meta property=\"og:image\" content=\"https:\/\/www.hongtaivalve.com\/wp-content\/uploads\/2024\/12\/\u4e3b\u56fe2-1.jpg\" \/>\n\t<meta property=\"og:image:width\" content=\"800\" \/>\n\t<meta property=\"og:image:height\" content=\"800\" \/>\n\t<meta property=\"og:image:type\" content=\"image\/jpeg\" \/>\n<meta name=\"twitter:card\" content=\"summary_large_image\" \/>\n<meta name=\"twitter:label1\" content=\"Tempo estimado de leitura\" \/>\n\t<meta name=\"twitter:data1\" content=\"3 minutos\" \/>\n<script type=\"application\/ld+json\" class=\"yoast-schema-graph\">{\"@context\":\"https:\/\/schema.org\",\"@graph\":[{\"@type\":\"WebPage\",\"@id\":\"https:\/\/www.hongtaivalve.com\/product\/hongtaivalve-sstainless-steel-npt-clamped-threaded-fittings-size-dn15-dn150-htv-tf003\/\",\"url\":\"https:\/\/www.hongtaivalve.com\/product\/hongtaivalve-sstainless-steel-npt-clamped-threaded-fittings-size-dn15-dn150-htv-tf003\/\",\"name\":\"HongTaivalve-Stainless Steel NPT Clamped Threaded Fittings-size dn15-dn150-HTV-TF003 - Wenzhou HongTai Fluid Equipment Co.Ltd\",\"isPartOf\":{\"@id\":\"https:\/\/www.hongtaivalve.com\/#website\"},\"primaryImageOfPage\":{\"@id\":\"https:\/\/www.hongtaivalve.com\/product\/hongtaivalve-sstainless-steel-npt-clamped-threaded-fittings-size-dn15-dn150-htv-tf003\/#primaryimage\"},\"image\":{\"@id\":\"https:\/\/www.hongtaivalve.com\/product\/hongtaivalve-sstainless-steel-npt-clamped-threaded-fittings-size-dn15-dn150-htv-tf003\/#primaryimage\"},\"thumbnailUrl\":\"https:\/\/www.hongtaivalve.com\/wp-content\/uploads\/2024\/12\/\u4e3b\u56fe2-1.jpg\",\"datePublished\":\"2024-12-30T06:45:00+00:00\",\"dateModified\":\"2024-12-30T07:00:02+00:00\",\"breadcrumb\":{\"@id\":\"https:\/\/www.hongtaivalve.com\/product\/hongtaivalve-sstainless-steel-npt-clamped-threaded-fittings-size-dn15-dn150-htv-tf003\/#breadcrumb\"},\"inLanguage\":\"pt-PT\",\"potentialAction\":[{\"@type\":\"ReadAction\",\"target\":[\"https:\/\/www.hongtaivalve.com\/product\/hongtaivalve-sstainless-steel-npt-clamped-threaded-fittings-size-dn15-dn150-htv-tf003\/\"]}]},{\"@type\":\"ImageObject\",\"inLanguage\":\"pt-PT\",\"@id\":\"https:\/\/www.hongtaivalve.com\/product\/hongtaivalve-sstainless-steel-npt-clamped-threaded-fittings-size-dn15-dn150-htv-tf003\/#primaryimage\",\"url\":\"https:\/\/www.hongtaivalve.com\/wp-content\/uploads\/2024\/12\/\u4e3b\u56fe2-1.jpg\",\"contentUrl\":\"https:\/\/www.hongtaivalve.com\/wp-content\/uploads\/2024\/12\/\u4e3b\u56fe2-1.jpg\",\"width\":800,\"height\":800},{\"@type\":\"BreadcrumbList\",\"@id\":\"https:\/\/www.hongtaivalve.com\/product\/hongtaivalve-sstainless-steel-npt-clamped-threaded-fittings-size-dn15-dn150-htv-tf003\/#breadcrumb\",\"itemListElement\":[{\"@type\":\"ListItem\",\"position\":1,\"name\":\"\u9996\u9875\",\"item\":\"https:\/\/www.hongtaivalve.com\/\"},{\"@type\":\"ListItem\",\"position\":2,\"name\":\"Product\",\"item\":\"https:\/\/www.hongtaivalve.com\/product\/\"},{\"@type\":\"ListItem\",\"position\":3,\"name\":\"HongTaivalve-Stainless Steel NPT Clamped Threaded Fittings-size dn15-dn150-HTV-TF003\"}]},{\"@type\":\"WebSite\",\"@id\":\"https:\/\/www.hongtaivalve.com\/#website\",\"url\":\"https:\/\/www.hongtaivalve.com\/\",\"name\":\"Wenzhou HongTai Fluid Equipment Co.Ltd\",\"description\":\"\",\"potentialAction\":[{\"@type\":\"SearchAction\",\"target\":{\"@type\":\"EntryPoint\",\"urlTemplate\":\"https:\/\/www.hongtaivalve.com\/?s={search_term_string}\"},\"query-input\":{\"@type\":\"PropertyValueSpecification\",\"valueRequired\":true,\"valueName\":\"search_term_string\"}}],\"inLanguage\":\"pt-PT\"}]}<\/script>\n<!-- \/ Yoast SEO plugin. -->","yoast_head_json":{"title":"HongTaivalve-Stainless Steel NPT Clamped Threaded Fittings-size dn15-dn150-HTV-TF003 - Wenzhou HongTai Fluid Equipment Co.Ltd","robots":{"index":"index","follow":"follow","max-snippet":"max-snippet:-1","max-image-preview":"max-image-preview:large","max-video-preview":"max-video-preview:-1"},"canonical":"https:\/\/www.hongtaivalve.com\/pt\/produto\/hongtaivalve-sstainless-steel-npt-clamped-threaded-fittings-size-dn15-dn150-htv-tf003\/","og_locale":"pt_PT","og_type":"article","og_title":"HongTaivalve-Stainless Steel NPT Clamped Threaded Fittings-size dn15-dn150-HTV-TF003 - Wenzhou HongTai Fluid Equipment Co.Ltd","og_description":"Model No. HT-TF003     Max Working Pressure  Connection End Triclamp\/Weld\/FNPT\/MNPT   Max Working Temperature  Operation By Manual,Pneumatic,Electric   Body Material SS316L,SS304 Sealing Material Silicone, EPDM, Viton, PTFE, or NBR   Inner Surface finish  External Surface finish:  Ra 0.8   Specification 1\/2\"-12\" Certification Raw material report\/finished quality report     Finish Mirror polish or Matt polish   Raw Material technique Forging or Casting Processing Machine LG Mazak CNC Machine   Design Standard 3A or DIN,SMS,ISO\/IDF Application Food or Beverage industrial Usage   Transport Package Foamed Plastic+Wooden case Origin Wenzhou China","og_url":"https:\/\/www.hongtaivalve.com\/pt\/produto\/hongtaivalve-sstainless-steel-npt-clamped-threaded-fittings-size-dn15-dn150-htv-tf003\/","og_site_name":"Wenzhou HongTai Fluid Equipment Co.Ltd","article_modified_time":"2024-12-30T07:00:02+00:00","og_image":[{"width":800,"height":800,"url":"https:\/\/www.hongtaivalve.com\/wp-content\/uploads\/2024\/12\/\u4e3b\u56fe2-1.jpg","type":"image\/jpeg"}],"twitter_card":"summary_large_image","twitter_misc":{"Tempo estimado de leitura":"3 minutos"},"schema":{"@context":"https:\/\/schema.org","@graph":[{"@type":"WebPage","@id":"https:\/\/www.hongtaivalve.com\/product\/hongtaivalve-sstainless-steel-npt-clamped-threaded-fittings-size-dn15-dn150-htv-tf003\/","url":"https:\/\/www.hongtaivalve.com\/product\/hongtaivalve-sstainless-steel-npt-clamped-threaded-fittings-size-dn15-dn150-htv-tf003\/","name":"HongTaivalve-Stainless Steel NPT Clamped Threaded Fittings-size dn15-dn150-HTV-TF003 - Wenzhou HongTai Fluid Equipment Co.Ltd","isPartOf":{"@id":"https:\/\/www.hongtaivalve.com\/#website"},"primaryImageOfPage":{"@id":"https:\/\/www.hongtaivalve.com\/product\/hongtaivalve-sstainless-steel-npt-clamped-threaded-fittings-size-dn15-dn150-htv-tf003\/#primaryimage"},"image":{"@id":"https:\/\/www.hongtaivalve.com\/product\/hongtaivalve-sstainless-steel-npt-clamped-threaded-fittings-size-dn15-dn150-htv-tf003\/#primaryimage"},"thumbnailUrl":"https:\/\/www.hongtaivalve.com\/wp-content\/uploads\/2024\/12\/\u4e3b\u56fe2-1.jpg","datePublished":"2024-12-30T06:45:00+00:00","dateModified":"2024-12-30T07:00:02+00:00","breadcrumb":{"@id":"https:\/\/www.hongtaivalve.com\/product\/hongtaivalve-sstainless-steel-npt-clamped-threaded-fittings-size-dn15-dn150-htv-tf003\/#breadcrumb"},"inLanguage":"pt-PT","potentialAction":[{"@type":"ReadAction","target":["https:\/\/www.hongtaivalve.com\/product\/hongtaivalve-sstainless-steel-npt-clamped-threaded-fittings-size-dn15-dn150-htv-tf003\/"]}]},{"@type":"ImageObject","inLanguage":"pt-PT","@id":"https:\/\/www.hongtaivalve.com\/product\/hongtaivalve-sstainless-steel-npt-clamped-threaded-fittings-size-dn15-dn150-htv-tf003\/#primaryimage","url":"https:\/\/www.hongtaivalve.com\/wp-content\/uploads\/2024\/12\/\u4e3b\u56fe2-1.jpg","contentUrl":"https:\/\/www.hongtaivalve.com\/wp-content\/uploads\/2024\/12\/\u4e3b\u56fe2-1.jpg","width":800,"height":800},{"@type":"BreadcrumbList","@id":"https:\/\/www.hongtaivalve.com\/product\/hongtaivalve-sstainless-steel-npt-clamped-threaded-fittings-size-dn15-dn150-htv-tf003\/#breadcrumb","itemListElement":[{"@type":"ListItem","position":1,"name":"\u9996\u9875","item":"https:\/\/www.hongtaivalve.com\/"},{"@type":"ListItem","position":2,"name":"Product","item":"https:\/\/www.hongtaivalve.com\/product\/"},{"@type":"ListItem","position":3,"name":"HongTaivalve-Stainless Steel NPT Clamped Threaded Fittings-size dn15-dn150-HTV-TF003"}]},{"@type":"WebSite","@id":"https:\/\/www.hongtaivalve.com\/#website","url":"https:\/\/www.hongtaivalve.com\/","name":"Wenzhou HongTai Fluid Equipment Co.Ltd","description":"","potentialAction":[{"@type":"SearchAction","target":{"@type":"EntryPoint","urlTemplate":"https:\/\/www.hongtaivalve.com\/?s={search_term_string}"},"query-input":{"@type":"PropertyValueSpecification","valueRequired":true,"valueName":"search_term_string"}}],"inLanguage":"pt-PT"}]}},"_links":{"self":[{"href":"https:\/\/www.hongtaivalve.com\/pt\/wp-json\/wp\/v2\/product\/6071","targetHints":{"allow":["GET"]}}],"collection":[{"href":"https:\/\/www.hongtaivalve.com\/pt\/wp-json\/wp\/v2\/product"}],"about":[{"href":"https:\/\/www.hongtaivalve.com\/pt\/wp-json\/wp\/v2\/types\/product"}],"replies":[{"embeddable":true,"href":"https:\/\/www.hongtaivalve.com\/pt\/wp-json\/wp\/v2\/comments?post=6071"}],"wp:featuredmedia":[{"embeddable":true,"href":"https:\/\/www.hongtaivalve.com\/pt\/wp-json\/wp\/v2\/media\/6073"}],"wp:attachment":[{"href":"https:\/\/www.hongtaivalve.com\/pt\/wp-json\/wp\/v2\/media?parent=6071"}],"wp:term":[{"taxonomy":"product_brand","embeddable":true,"href":"https:\/\/www.hongtaivalve.com\/pt\/wp-json\/wp\/v2\/product_brand?post=6071"},{"taxonomy":"product_cat","embeddable":true,"href":"https:\/\/www.hongtaivalve.com\/pt\/wp-json\/wp\/v2\/product_cat?post=6071"},{"taxonomy":"product_tag","embeddable":true,"href":"https:\/\/www.hongtaivalve.com\/pt\/wp-json\/wp\/v2\/product_tag?post=6071"}],"curies":[{"name":"wp","href":"https:\/\/api.w.org\/{rel}","templated":true}]}}